{"id":3520,"date":"2021-03-02T23:02:09","date_gmt":"2021-03-02T22:02:09","guid":{"rendered":"https:\/\/www.houseofcats.pl\/?page_id=3520"},"modified":"2021-03-02T23:02:38","modified_gmt":"2021-03-02T22:02:38","slug":"versand-lieferung-lieferzeit","status":"publish","type":"page","link":"https:\/\/www.houseofcats.pl\/de\/versand-lieferung-lieferzeit\/","title":{"rendered":"Versand, Lieferung, Lieferzeit"},"content":{"rendered":"<p>F\u00fcr Ihren Komfort und die Sicherheit Ihrer Sendung f\u00fchren wir Sendungen mit einem bew\u00e4hrten Partner durch, dem DPD-Kurierunternehmen. Wir versenden unsere Scratcher in der Regel innerhalb von 1 bis 3 Werktagen. Nachfolgend pr\u00e4sentieren wir Ihnen eine detaillierte Richtlinie zur Bestellabwicklung, zum Versand und zu den Versandmethoden.<\/p><p>Die Lieferung der Ware ist unbegrenzt und der Preis f\u00fcr den Versand richtet sich nach dem Ort der Lieferung.<br>Die Lieferung der bestellten Ware erfolgt per Kurier DPD.<br>Die Versandkosten werden bei der Bestellung zus\u00e4tzlich ausgewiesen.<br>Die Frist f\u00fcr den Abschluss der Bestellung betr\u00e4gt 1 bis 3 Werktage ab dem Tag, an dem der Kunde die Bestellung verschickt. Dies ist jedoch ein ungef\u00e4hrer Termin und bindet den Verk\u00e4ufer nicht.<br>Der Verk\u00e4ufer f\u00fchrt die Bestellungen in der Reihenfolge aus, in der sie eingegangen sind.<\/p>","protected":false},"excerpt":{"rendered":"<p>F\u00fcr Ihren Komfort und die Sicherheit Ihrer Sendung f\u00fchren wir Sendungen mit einem bew\u00e4hrten Partner durch, dem DPD-Kurierunternehmen. Wir versenden unsere Scratcher in der Regel innerhalb von 1 bis 3 Werktagen. Nachfolgend pr\u00e4sentieren wir Ihnen eine detaillierte Richtlinie zur Bestellabwicklung, zum Versand und zu den Versandmethoden. Die Lieferung der Ware ist unbegrenzt und der Preis &hellip;<\/p>\n","protected":false},"author":261,"featured_media":0,"parent":0,"menu_order":0,"comment_status":"closed","ping_status":"closed","template":"","meta":{"_acf_changed":false,"footnotes":""},"class_list":["post-3520","page","type-page","status-publish","hentry"],"acf":[],"yoast_head":"<!-- This site is optimized with the Yoast SEO plugin v25.6 - https:\/\/yoast.com\/wordpress\/plugins\/seo\/ -->\n<title>Versand, Lieferung, Lieferzeit | Sklep internetowy House of Cats<\/title>\n<meta name=\"robots\" content=\"noindex, follow\" \/>\n<meta property=\"og:locale\" content=\"de_DE\" \/>\n<meta property=\"og:type\" content=\"article\" \/>\n<meta property=\"og:title\" content=\"Versand, Lieferung, Lieferzeit | Sklep internetowy House of Cats\" \/>\n<meta property=\"og:description\" content=\"F\u00fcr Ihren Komfort und die Sicherheit Ihrer Sendung f\u00fchren wir Sendungen mit einem bew\u00e4hrten Partner durch, dem DPD-Kurierunternehmen. Wir versenden unsere Scratcher in der Regel innerhalb von 1 bis 3 Werktagen. Nachfolgend pr\u00e4sentieren wir Ihnen eine detaillierte Richtlinie zur Bestellabwicklung, zum Versand und zu den Versandmethoden. Die Lieferung der Ware ist unbegrenzt und der Preis &hellip;\" \/>\n<meta property=\"og:url\" content=\"https:\/\/www.houseofcats.pl\/de\/versand-lieferung-lieferzeit\/\" \/>\n<meta property=\"og:site_name\" content=\"Sklep internetowy House of Cats\" \/>\n<meta property=\"article:publisher\" content=\"https:\/\/www.facebook.com\/houseofcatspl\" \/>\n<meta property=\"article:modified_time\" content=\"2021-03-02T22:02:38+00:00\" \/>\n<meta property=\"og:image\" content=\"https:\/\/www.houseofcats.pl\/wp-content\/uploads\/2024\/07\/15F038FD-0647-41CE-95D2-9471EB334D74_1_201_a.jpeg\" \/>\n\t<meta property=\"og:image:width\" content=\"1600\" \/>\n\t<meta property=\"og:image:height\" content=\"900\" \/>\n\t<meta property=\"og:image:type\" content=\"image\/jpeg\" \/>\n<meta name=\"twitter:card\" content=\"summary_large_image\" \/>\n<meta name=\"twitter:label1\" content=\"Gesch\u00e4tzte Lesezeit\" \/>\n\t<meta name=\"twitter:data1\" content=\"1\u00a0Minute\" \/>\n<script type=\"application\/ld+json\" class=\"yoast-schema-graph\">{\"@context\":\"https:\/\/schema.org\",\"@graph\":[{\"@type\":\"WebPage\",\"@id\":\"https:\/\/www.houseofcats.pl\/de\/versand-lieferung-lieferzeit\/\",\"url\":\"https:\/\/www.houseofcats.pl\/de\/versand-lieferung-lieferzeit\/\",\"name\":\"Versand, Lieferung, Lieferzeit | Sklep internetowy House of Cats\",\"isPartOf\":{\"@id\":\"https:\/\/www.houseofcats.pl\/de\/#website\"},\"datePublished\":\"2021-03-02T22:02:09+00:00\",\"dateModified\":\"2021-03-02T22:02:38+00:00\",\"breadcrumb\":{\"@id\":\"https:\/\/www.houseofcats.pl\/de\/versand-lieferung-lieferzeit\/#breadcrumb\"},\"inLanguage\":\"de\",\"potentialAction\":[{\"@type\":\"ReadAction\",\"target\":[\"https:\/\/www.houseofcats.pl\/de\/versand-lieferung-lieferzeit\/\"]}]},{\"@type\":\"BreadcrumbList\",\"@id\":\"https:\/\/www.houseofcats.pl\/de\/versand-lieferung-lieferzeit\/#breadcrumb\",\"itemListElement\":[{\"@type\":\"ListItem\",\"position\":1,\"name\":\"Strona g\u0142\u00f3wna\",\"item\":\"https:\/\/www.houseofcats.pl\/de\/\"},{\"@type\":\"ListItem\",\"position\":2,\"name\":\"Versand, Lieferung, Lieferzeit\"}]},{\"@type\":\"WebSite\",\"@id\":\"https:\/\/www.houseofcats.pl\/de\/#website\",\"url\":\"https:\/\/www.houseofcats.pl\/de\/\",\"name\":\"Sklep internetowy House of Cats\",\"description\":\"Drapaki dla kot\u00f3w\",\"publisher\":{\"@id\":\"https:\/\/www.houseofcats.pl\/de\/#organization\"},\"potentialAction\":[{\"@type\":\"SearchAction\",\"target\":{\"@type\":\"EntryPoint\",\"urlTemplate\":\"https:\/\/www.houseofcats.pl\/de\/?s={search_term_string}\"},\"query-input\":{\"@type\":\"PropertyValueSpecification\",\"valueRequired\":true,\"valueName\":\"search_term_string\"}}],\"inLanguage\":\"de\"},{\"@type\":\"Organization\",\"@id\":\"https:\/\/www.houseofcats.pl\/de\/#organization\",\"name\":\"Sklep internetowy House of Cats\",\"url\":\"https:\/\/www.houseofcats.pl\/de\/\",\"logo\":{\"@type\":\"ImageObject\",\"inLanguage\":\"de\",\"@id\":\"https:\/\/www.houseofcats.pl\/de\/#\/schema\/logo\/image\/\",\"url\":\"https:\/\/www.houseofcats.pl\/wp-content\/uploads\/2024\/07\/Zrzut-ekranu-2017-07-11-o-23.35.44.png\",\"contentUrl\":\"https:\/\/www.houseofcats.pl\/wp-content\/uploads\/2024\/07\/Zrzut-ekranu-2017-07-11-o-23.35.44.png\",\"width\":496,\"height\":474,\"caption\":\"Sklep internetowy House of Cats\"},\"image\":{\"@id\":\"https:\/\/www.houseofcats.pl\/de\/#\/schema\/logo\/image\/\"},\"sameAs\":[\"https:\/\/www.facebook.com\/houseofcatspl\",\"https:\/\/www.instagram.com\/houseofcats.pl\/\",\"https:\/\/www.youtube.com\/@houseofcats5403\"]}]}<\/script>\n<!-- \/ Yoast SEO plugin. -->","yoast_head_json":{"title":"Versand, Lieferung, Lieferzeit | Sklep internetowy House of Cats","robots":{"index":"noindex","follow":"follow"},"og_locale":"de_DE","og_type":"article","og_title":"Versand, Lieferung, Lieferzeit | Sklep internetowy House of Cats","og_description":"F\u00fcr Ihren Komfort und die Sicherheit Ihrer Sendung f\u00fchren wir Sendungen mit einem bew\u00e4hrten Partner durch, dem DPD-Kurierunternehmen. Wir versenden unsere Scratcher in der Regel innerhalb von 1 bis 3 Werktagen. Nachfolgend pr\u00e4sentieren wir Ihnen eine detaillierte Richtlinie zur Bestellabwicklung, zum Versand und zu den Versandmethoden. Die Lieferung der Ware ist unbegrenzt und der Preis &hellip;","og_url":"https:\/\/www.houseofcats.pl\/de\/versand-lieferung-lieferzeit\/","og_site_name":"Sklep internetowy House of Cats","article_publisher":"https:\/\/www.facebook.com\/houseofcatspl","article_modified_time":"2021-03-02T22:02:38+00:00","og_image":[{"width":1600,"height":900,"url":"https:\/\/www.houseofcats.pl\/wp-content\/uploads\/2024\/07\/15F038FD-0647-41CE-95D2-9471EB334D74_1_201_a.jpeg","type":"image\/jpeg"}],"twitter_card":"summary_large_image","twitter_misc":{"Gesch\u00e4tzte Lesezeit":"1\u00a0Minute"},"schema":{"@context":"https:\/\/schema.org","@graph":[{"@type":"WebPage","@id":"https:\/\/www.houseofcats.pl\/de\/versand-lieferung-lieferzeit\/","url":"https:\/\/www.houseofcats.pl\/de\/versand-lieferung-lieferzeit\/","name":"Versand, Lieferung, Lieferzeit | Sklep internetowy House of Cats","isPartOf":{"@id":"https:\/\/www.houseofcats.pl\/de\/#website"},"datePublished":"2021-03-02T22:02:09+00:00","dateModified":"2021-03-02T22:02:38+00:00","breadcrumb":{"@id":"https:\/\/www.houseofcats.pl\/de\/versand-lieferung-lieferzeit\/#breadcrumb"},"inLanguage":"de","potentialAction":[{"@type":"ReadAction","target":["https:\/\/www.houseofcats.pl\/de\/versand-lieferung-lieferzeit\/"]}]},{"@type":"BreadcrumbList","@id":"https:\/\/www.houseofcats.pl\/de\/versand-lieferung-lieferzeit\/#breadcrumb","itemListElement":[{"@type":"ListItem","position":1,"name":"Strona g\u0142\u00f3wna","item":"https:\/\/www.houseofcats.pl\/de\/"},{"@type":"ListItem","position":2,"name":"Versand, Lieferung, Lieferzeit"}]},{"@type":"WebSite","@id":"https:\/\/www.houseofcats.pl\/de\/#website","url":"https:\/\/www.houseofcats.pl\/de\/","name":"Sklep internetowy House of Cats","description":"Drapaki dla kot\u00f3w","publisher":{"@id":"https:\/\/www.houseofcats.pl\/de\/#organization"},"potentialAction":[{"@type":"SearchAction","target":{"@type":"EntryPoint","urlTemplate":"https:\/\/www.houseofcats.pl\/de\/?s={search_term_string}"},"query-input":{"@type":"PropertyValueSpecification","valueRequired":true,"valueName":"search_term_string"}}],"inLanguage":"de"},{"@type":"Organization","@id":"https:\/\/www.houseofcats.pl\/de\/#organization","name":"Sklep internetowy House of Cats","url":"https:\/\/www.houseofcats.pl\/de\/","logo":{"@type":"ImageObject","inLanguage":"de","@id":"https:\/\/www.houseofcats.pl\/de\/#\/schema\/logo\/image\/","url":"https:\/\/www.houseofcats.pl\/wp-content\/uploads\/2024\/07\/Zrzut-ekranu-2017-07-11-o-23.35.44.png","contentUrl":"https:\/\/www.houseofcats.pl\/wp-content\/uploads\/2024\/07\/Zrzut-ekranu-2017-07-11-o-23.35.44.png","width":496,"height":474,"caption":"Sklep internetowy House of Cats"},"image":{"@id":"https:\/\/www.houseofcats.pl\/de\/#\/schema\/logo\/image\/"},"sameAs":["https:\/\/www.facebook.com\/houseofcatspl","https:\/\/www.instagram.com\/houseofcats.pl\/","https:\/\/www.youtube.com\/@houseofcats5403"]}]}},"_links":{"self":[{"href":"https:\/\/www.houseofcats.pl\/de\/wp-json\/wp\/v2\/pages\/3520"}],"collection":[{"href":"https:\/\/www.houseofcats.pl\/de\/wp-json\/wp\/v2\/pages"}],"about":[{"href":"https:\/\/www.houseofcats.pl\/de\/wp-json\/wp\/v2\/types\/page"}],"author":[{"embeddable":true,"href":"https:\/\/www.houseofcats.pl\/de\/wp-json\/wp\/v2\/users\/261"}],"replies":[{"embeddable":true,"href":"https:\/\/www.houseofcats.pl\/de\/wp-json\/wp\/v2\/comments?post=3520"}],"version-history":[{"count":0,"href":"https:\/\/www.houseofcats.pl\/de\/wp-json\/wp\/v2\/pages\/3520\/revisions"}],"wp:attachment":[{"href":"https:\/\/www.houseofcats.pl\/de\/wp-json\/wp\/v2\/media?parent=3520"}],"curies":[{"name":"wp","href":"https:\/\/api.w.org\/{rel}","templated":true}]}}