{"id":3546,"date":"2021-03-03T22:16:30","date_gmt":"2021-03-03T21:16:30","guid":{"rendered":"https:\/\/www.houseofcats.pl\/?page_id=3546"},"modified":"2021-03-03T23:31:41","modified_gmt":"2021-03-03T22:31:41","slug":"geschaftsbedingungen","status":"publish","type":"page","link":"https:\/\/www.houseofcats.pl\/de\/geschaftsbedingungen\/","title":{"rendered":"Geschaftsbedingungen"},"content":{"rendered":"<p><strong>ONLINE-STORE-GESCH\u00c4FTSBEDINGUNGEN www. houseofcats.pl<\/strong><\/p>\n<p>Der Online-Shop www.houseofcats.pl geh\u00f6rt zur Firma Cardboard Design Patryk Pajkert, Ul<br \/>\nPtasia 35b, 62-090 Kiekrz, Polen, eingetragen im Zentralregister und in den Wirtschaftsinformationen, NIP: 7871859545, Regon: 301880590, Tel .: + 48-505-196-196 www.houseofcats.pl, biuro@houseofcats.pl<\/p>\n<p><strong>Glossar<\/strong><\/p>\n<p>Die in den Verordnungen verwendeten Begriffe bedeuten:<br \/>\n1. Kunde &#8211; eine nat\u00fcrliche Person, eine juristische Person oder eine Organisationseinheit, die keine juristische Person ist, deren besondere Bestimmungen die Rechtsf\u00e4higkeit verleihen und die Bestellungen innerhalb des Gesch\u00e4fts aufgeben;<br \/>\n2. Verk\u00e4ufer &#8211; Unternehmer der Firma Cardboard Design Patryk Pajkert, Ul<br \/>\nPtasia 35b, 62-090 Kiekrz, Polen, und unter Verwendung der Regon-Nummer: 301880590 und der NIP-Nummer: 7871859545 in das vom Wirtschaftsminister gef\u00fchrte Zentralregister und die Informationen \u00fcber die wirtschaftliche T\u00e4tigkeit der Republik Polen eingetragen<br \/>\n3. B\u00fcrgerliches Gesetzbuch &#8211; Gesetz vom 23. April 1964 (Gesetzblatt Nr. 16, Punkt 93, in der ge\u00e4nderten Fassung);<br \/>\n4. Bestimmungen &#8211; Diese Bestimmungen f\u00fcr die Bereitstellung elektronischer Dienste im Rahmen des Onlineshops www.houseofcats.pl;<br \/>\n5. Online-Shop &#8211; Ein Online-Shop unter www.houseofcats.pl, \u00fcber den der Kunde Bestellungen aufgeben kann.<br \/>\n6. Waren &#8211; Produkte, die im Online-Shop www.houseofcats.pl pr\u00e4sentiert werden;<br \/>\n7. Kaufvertrag &#8211; Ein Vertrag \u00fcber den Verkauf von Waren im Sinne des B\u00fcrgerlichen Gesetzbuchs, der zwischen der Firma Cardboard Design Patryk Pajkert, ul.Ptasia 35b, 62-090 Kiekrz, Polen, geschlossen wurde , Tel .: + 48-505-196-196 www.houseofcats.pl, biuro@houseofcats.pl<br \/>\nabgeschlossen \u00fcber die Website oder in der Zentrale des Unternehmens.<br \/>\n8. Gesetz \u00fcber besondere Verkaufsbedingungen f\u00fcr Verbraucher &#8211; Gesetz vom 27. Juli 2002 \u00fcber besondere Verkaufsbedingungen f\u00fcr Verbraucher und zur \u00c4nderung des Zivilgesetzbuchs (Gesetzblatt Nr. 141, Punkt 1176 in der ge\u00e4nderten Fassung) des polnischen Rechts<br \/>\n9. Gesetz \u00fcber die Erbringung elektronischer Dienste &#8211; Gesetz vom 18. Juli 2002 \u00fcber die Erbringung elektronischer Dienste (Gesetzblatt Nr. 144, Punkt 1204 in der ge\u00e4nderten Fassung) des polnischen Rechts<br \/>\n10. Bestellung &#8211; eine Bestellung, deren Gegenstand Waren sind, die im Angebot von Cardboard Design unter www.houseofcats.pl enthalten sind<br \/>\n11. Bestimmungen &#8211; Diese Bestimmungen sind die Bestimmungen, auf die in Artikel 1 verwiesen wird. 8 des Gesetzes \u00fcber die Erbringung elektronischer Dienstleistungen.<\/p>\n<p><strong>Regeln f\u00fcr die Nutzung des Online-Shops<\/strong><\/p>\n<p>1. Voraussetzung f\u00fcr den Abschluss des Kaufvertrages ist die Zustimmung zum Inhalt des Reglements und die Angabe der als verbindlich gekennzeichneten personenbezogenen Daten.<br \/>\n2. Die im Shop pr\u00e4sentierten Informationen, insbesondere die Preise, stellen ein Verkaufsangebot dar.<br \/>\n3. Um im Store pr\u00e4sentierte Artikel zu kaufen, muss eine Bestellung aufgegeben werden. Zus\u00e4tzlich zur Angabe von Art und Anzahl der Artikel und zur Auswahl der Zahlungs- und Lieferform muss die Bestellung die folgenden Daten enthalten:<br \/>\na) Familiennamen und Vornamen<br \/>\nb) Telefonnummer<br \/>\nc) E-Mail-Adresse<br \/>\nd) Lieferadresse<br \/>\n4. Die vom Arbeitgeber in die Bestellung eingegebenen Daten m\u00fcssen aktuell und wahrheitsgetreu sein. Die vom Arbeitgeber zur Verf\u00fcgung gestellten Regeln zum Schutz personenbezogener Daten sind nachstehend aufgef\u00fchrt.<br \/>\n5. Der Verk\u00e4ufer stellt keine Mechanismen zur \u00dcberpr\u00fcfung der Richtigkeit der vom Arbeitgeber eingegebenen Daten zur Verf\u00fcgung, au\u00dfer Mechanismen zur \u00dcberpr\u00fcfung ihrer Vollst\u00e4ndigkeit. Der K\u00e4ufer kann jederzeit seine Fehler bei der Eingabe von Daten in die Bestellung korrigieren.<br \/>\n6. Der Abschluss des Kaufvertrages erfolgt mit Abgabe der Bestellung durch den Besteller. Die Best\u00e4tigung der Annahme der Bestellung zur Ausf\u00fchrung wird vom Verk\u00e4ufer per E-Mail an die von ihm in der Bestellung angegebene Adresse des Bestellers gesendet.<br \/>\n8. Zum Zeitpunkt des Abschlusses des Kaufvertrages verpflichtet sich der Verk\u00e4ufer, das Eigentum an den Gegenst\u00e4nden auf den K\u00e4ufer zu \u00fcbertragen und diese zu \u00fcbergeben, w\u00e4hrend der K\u00e4ufer sich verpflichtet, diese Gegenst\u00e4nde abzuholen und dem Verk\u00e4ufer den Preis der Bestellung zu zahlen.<br \/>\n9. Der Gesamtpreis der Bestellung, der dem Besteller nach Wahl der Zahlungs- und Versandart vor Abgabe der Bestellung vorgelegt wird, ist f\u00fcr die Parteien des Kaufvertrages bindend.<br \/>\n10. Der Verk\u00e4ufer f\u00fchrt Bestellungen in Polen aus. Informationen zu den verf\u00fcgbaren Versandarten und -terminen sowie deren Kosten werden vor der Bestellung gem\u00e4\u00df den Angaben im Kapitel &#8211; Verbrauchsmaterial angegeben.<br \/>\n11. Technische Voraussetzungen f\u00fcr die Nutzung der Website:<br \/>\na) Verbindung zum Internet,<br \/>\nb) \u00fcber elektronische Kommunikationsmittel verf\u00fcgen, die die Anzeige von Hypertextdokumenten in den Standards HTML 5 und CSS 3 erm\u00f6glichen, die \u00fcber den HTTP-Netzwerkdienst mit aktiviertem Java Script und Cookies im Internet verbunden sind, und \u00fcber einen Monitor mit einer Aufl\u00f6sung von mindestens 1024 x 768.<br \/>\n12. Es ist dem Kunden untersagt, illegale Inhalte zur Verf\u00fcgung zu stellen sowie Ma\u00dfnahmen zu ergreifen, die St\u00f6rungen oder Sch\u00e4den an der Website verursachen k\u00f6nnen.<\/p>\n<p><strong>Lieferung<\/strong><\/p>\n<p>F\u00fcr Ihren Komfort und die Sicherheit Ihrer Sendung f\u00fchren wir Sendungen mit einem bew\u00e4hrten Partner durch, der ein Kurierunternehmen ist<\/p>\n","protected":false},"excerpt":{"rendered":"<p>ONLINE-STORE-GESCH\u00c4FTSBEDINGUNGEN www. houseofcats.pl Der Online-Shop www.houseofcats.pl geh\u00f6rt zur Firma Cardboard Design Patryk Pajkert, Ul Ptasia 35b, 62-090 Kiekrz, Polen, eingetragen im Zentralregister und in den Wirtschaftsinformationen, NIP: 7871859545, Regon: 301880590, Tel .: + 48-505-196-196 www.houseofcats.pl, biuro@houseofcats.pl Glossar Die in den Verordnungen verwendeten Begriffe bedeuten: 1. Kunde &#8211; eine nat\u00fcrliche Person, eine juristische Person oder eine &hellip;<\/p>\n","protected":false},"author":261,"featured_media":0,"parent":0,"menu_order":0,"comment_status":"closed","ping_status":"closed","template":"","meta":{"_acf_changed":false,"footnotes":""},"class_list":["post-3546","page","type-page","status-publish","hentry"],"acf":[],"yoast_head":"<!-- This site is optimized with the Yoast SEO plugin v25.6 - https:\/\/yoast.com\/wordpress\/plugins\/seo\/ -->\n<title>Geschaftsbedingungen | Sklep internetowy House of Cats<\/title>\n<meta name=\"robots\" content=\"noindex, follow\" \/>\n<meta property=\"og:locale\" content=\"de_DE\" \/>\n<meta property=\"og:type\" content=\"article\" \/>\n<meta property=\"og:title\" content=\"Geschaftsbedingungen | Sklep internetowy House of Cats\" \/>\n<meta property=\"og:description\" content=\"ONLINE-STORE-GESCH\u00c4FTSBEDINGUNGEN www. houseofcats.pl Der Online-Shop www.houseofcats.pl geh\u00f6rt zur Firma Cardboard Design Patryk Pajkert, Ul Ptasia 35b, 62-090 Kiekrz, Polen, eingetragen im Zentralregister und in den Wirtschaftsinformationen, NIP: 7871859545, Regon: 301880590, Tel .: + 48-505-196-196 www.houseofcats.pl, biuro@houseofcats.pl Glossar Die in den Verordnungen verwendeten Begriffe bedeuten: 1. Kunde &#8211; eine nat\u00fcrliche Person, eine juristische Person oder eine &hellip;\" \/>\n<meta property=\"og:url\" content=\"https:\/\/www.houseofcats.pl\/de\/geschaftsbedingungen\/\" \/>\n<meta property=\"og:site_name\" content=\"Sklep internetowy House of Cats\" \/>\n<meta property=\"article:publisher\" content=\"https:\/\/www.facebook.com\/houseofcatspl\" \/>\n<meta property=\"article:modified_time\" content=\"2021-03-03T22:31:41+00:00\" \/>\n<meta property=\"og:image\" content=\"https:\/\/www.houseofcats.pl\/wp-content\/uploads\/2024\/07\/15F038FD-0647-41CE-95D2-9471EB334D74_1_201_a.jpeg\" \/>\n\t<meta property=\"og:image:width\" content=\"1600\" \/>\n\t<meta property=\"og:image:height\" content=\"900\" \/>\n\t<meta property=\"og:image:type\" content=\"image\/jpeg\" \/>\n<meta name=\"twitter:card\" content=\"summary_large_image\" \/>\n<meta name=\"twitter:label1\" content=\"Gesch\u00e4tzte Lesezeit\" \/>\n\t<meta name=\"twitter:data1\" content=\"4\u00a0Minuten\" \/>\n<script type=\"application\/ld+json\" class=\"yoast-schema-graph\">{\"@context\":\"https:\/\/schema.org\",\"@graph\":[{\"@type\":\"WebPage\",\"@id\":\"https:\/\/www.houseofcats.pl\/de\/geschaftsbedingungen\/\",\"url\":\"https:\/\/www.houseofcats.pl\/de\/geschaftsbedingungen\/\",\"name\":\"Geschaftsbedingungen | Sklep internetowy House of Cats\",\"isPartOf\":{\"@id\":\"https:\/\/www.houseofcats.pl\/de\/#website\"},\"datePublished\":\"2021-03-03T21:16:30+00:00\",\"dateModified\":\"2021-03-03T22:31:41+00:00\",\"breadcrumb\":{\"@id\":\"https:\/\/www.houseofcats.pl\/de\/geschaftsbedingungen\/#breadcrumb\"},\"inLanguage\":\"de\",\"potentialAction\":[{\"@type\":\"ReadAction\",\"target\":[\"https:\/\/www.houseofcats.pl\/de\/geschaftsbedingungen\/\"]}]},{\"@type\":\"BreadcrumbList\",\"@id\":\"https:\/\/www.houseofcats.pl\/de\/geschaftsbedingungen\/#breadcrumb\",\"itemListElement\":[{\"@type\":\"ListItem\",\"position\":1,\"name\":\"Strona g\u0142\u00f3wna\",\"item\":\"https:\/\/www.houseofcats.pl\/de\/\"},{\"@type\":\"ListItem\",\"position\":2,\"name\":\"Geschaftsbedingungen\"}]},{\"@type\":\"WebSite\",\"@id\":\"https:\/\/www.houseofcats.pl\/de\/#website\",\"url\":\"https:\/\/www.houseofcats.pl\/de\/\",\"name\":\"Sklep internetowy House of Cats\",\"description\":\"Drapaki dla kot\u00f3w\",\"publisher\":{\"@id\":\"https:\/\/www.houseofcats.pl\/de\/#organization\"},\"potentialAction\":[{\"@type\":\"SearchAction\",\"target\":{\"@type\":\"EntryPoint\",\"urlTemplate\":\"https:\/\/www.houseofcats.pl\/de\/?s={search_term_string}\"},\"query-input\":{\"@type\":\"PropertyValueSpecification\",\"valueRequired\":true,\"valueName\":\"search_term_string\"}}],\"inLanguage\":\"de\"},{\"@type\":\"Organization\",\"@id\":\"https:\/\/www.houseofcats.pl\/de\/#organization\",\"name\":\"Sklep internetowy House of Cats\",\"url\":\"https:\/\/www.houseofcats.pl\/de\/\",\"logo\":{\"@type\":\"ImageObject\",\"inLanguage\":\"de\",\"@id\":\"https:\/\/www.houseofcats.pl\/de\/#\/schema\/logo\/image\/\",\"url\":\"https:\/\/www.houseofcats.pl\/wp-content\/uploads\/2024\/07\/Zrzut-ekranu-2017-07-11-o-23.35.44.png\",\"contentUrl\":\"https:\/\/www.houseofcats.pl\/wp-content\/uploads\/2024\/07\/Zrzut-ekranu-2017-07-11-o-23.35.44.png\",\"width\":496,\"height\":474,\"caption\":\"Sklep internetowy House of Cats\"},\"image\":{\"@id\":\"https:\/\/www.houseofcats.pl\/de\/#\/schema\/logo\/image\/\"},\"sameAs\":[\"https:\/\/www.facebook.com\/houseofcatspl\",\"https:\/\/www.instagram.com\/houseofcats.pl\/\",\"https:\/\/www.youtube.com\/@houseofcats5403\"]}]}<\/script>\n<!-- \/ Yoast SEO plugin. -->","yoast_head_json":{"title":"Geschaftsbedingungen | Sklep internetowy House of Cats","robots":{"index":"noindex","follow":"follow"},"og_locale":"de_DE","og_type":"article","og_title":"Geschaftsbedingungen | Sklep internetowy House of Cats","og_description":"ONLINE-STORE-GESCH\u00c4FTSBEDINGUNGEN www. houseofcats.pl Der Online-Shop www.houseofcats.pl geh\u00f6rt zur Firma Cardboard Design Patryk Pajkert, Ul Ptasia 35b, 62-090 Kiekrz, Polen, eingetragen im Zentralregister und in den Wirtschaftsinformationen, NIP: 7871859545, Regon: 301880590, Tel .: + 48-505-196-196 www.houseofcats.pl, biuro@houseofcats.pl Glossar Die in den Verordnungen verwendeten Begriffe bedeuten: 1. Kunde &#8211; eine nat\u00fcrliche Person, eine juristische Person oder eine &hellip;","og_url":"https:\/\/www.houseofcats.pl\/de\/geschaftsbedingungen\/","og_site_name":"Sklep internetowy House of Cats","article_publisher":"https:\/\/www.facebook.com\/houseofcatspl","article_modified_time":"2021-03-03T22:31:41+00:00","og_image":[{"width":1600,"height":900,"url":"https:\/\/www.houseofcats.pl\/wp-content\/uploads\/2024\/07\/15F038FD-0647-41CE-95D2-9471EB334D74_1_201_a.jpeg","type":"image\/jpeg"}],"twitter_card":"summary_large_image","twitter_misc":{"Gesch\u00e4tzte Lesezeit":"4\u00a0Minuten"},"schema":{"@context":"https:\/\/schema.org","@graph":[{"@type":"WebPage","@id":"https:\/\/www.houseofcats.pl\/de\/geschaftsbedingungen\/","url":"https:\/\/www.houseofcats.pl\/de\/geschaftsbedingungen\/","name":"Geschaftsbedingungen | Sklep internetowy House of Cats","isPartOf":{"@id":"https:\/\/www.houseofcats.pl\/de\/#website"},"datePublished":"2021-03-03T21:16:30+00:00","dateModified":"2021-03-03T22:31:41+00:00","breadcrumb":{"@id":"https:\/\/www.houseofcats.pl\/de\/geschaftsbedingungen\/#breadcrumb"},"inLanguage":"de","potentialAction":[{"@type":"ReadAction","target":["https:\/\/www.houseofcats.pl\/de\/geschaftsbedingungen\/"]}]},{"@type":"BreadcrumbList","@id":"https:\/\/www.houseofcats.pl\/de\/geschaftsbedingungen\/#breadcrumb","itemListElement":[{"@type":"ListItem","position":1,"name":"Strona g\u0142\u00f3wna","item":"https:\/\/www.houseofcats.pl\/de\/"},{"@type":"ListItem","position":2,"name":"Geschaftsbedingungen"}]},{"@type":"WebSite","@id":"https:\/\/www.houseofcats.pl\/de\/#website","url":"https:\/\/www.houseofcats.pl\/de\/","name":"Sklep internetowy House of Cats","description":"Drapaki dla kot\u00f3w","publisher":{"@id":"https:\/\/www.houseofcats.pl\/de\/#organization"},"potentialAction":[{"@type":"SearchAction","target":{"@type":"EntryPoint","urlTemplate":"https:\/\/www.houseofcats.pl\/de\/?s={search_term_string}"},"query-input":{"@type":"PropertyValueSpecification","valueRequired":true,"valueName":"search_term_string"}}],"inLanguage":"de"},{"@type":"Organization","@id":"https:\/\/www.houseofcats.pl\/de\/#organization","name":"Sklep internetowy House of Cats","url":"https:\/\/www.houseofcats.pl\/de\/","logo":{"@type":"ImageObject","inLanguage":"de","@id":"https:\/\/www.houseofcats.pl\/de\/#\/schema\/logo\/image\/","url":"https:\/\/www.houseofcats.pl\/wp-content\/uploads\/2024\/07\/Zrzut-ekranu-2017-07-11-o-23.35.44.png","contentUrl":"https:\/\/www.houseofcats.pl\/wp-content\/uploads\/2024\/07\/Zrzut-ekranu-2017-07-11-o-23.35.44.png","width":496,"height":474,"caption":"Sklep internetowy House of Cats"},"image":{"@id":"https:\/\/www.houseofcats.pl\/de\/#\/schema\/logo\/image\/"},"sameAs":["https:\/\/www.facebook.com\/houseofcatspl","https:\/\/www.instagram.com\/houseofcats.pl\/","https:\/\/www.youtube.com\/@houseofcats5403"]}]}},"_links":{"self":[{"href":"https:\/\/www.houseofcats.pl\/de\/wp-json\/wp\/v2\/pages\/3546"}],"collection":[{"href":"https:\/\/www.houseofcats.pl\/de\/wp-json\/wp\/v2\/pages"}],"about":[{"href":"https:\/\/www.houseofcats.pl\/de\/wp-json\/wp\/v2\/types\/page"}],"author":[{"embeddable":true,"href":"https:\/\/www.houseofcats.pl\/de\/wp-json\/wp\/v2\/users\/261"}],"replies":[{"embeddable":true,"href":"https:\/\/www.houseofcats.pl\/de\/wp-json\/wp\/v2\/comments?post=3546"}],"version-history":[{"count":0,"href":"https:\/\/www.houseofcats.pl\/de\/wp-json\/wp\/v2\/pages\/3546\/revisions"}],"wp:attachment":[{"href":"https:\/\/www.houseofcats.pl\/de\/wp-json\/wp\/v2\/media?parent=3546"}],"curies":[{"name":"wp","href":"https:\/\/api.w.org\/{rel}","templated":true}]}}