{"id":3559,"date":"2016-05-23T15:46:10","date_gmt":"2016-05-23T13:46:10","guid":{"rendered":"https:\/\/www.houseofcats.pl\/reklamacje-zwroty-wymiana\/"},"modified":"2021-03-03T22:52:55","modified_gmt":"2021-03-03T21:52:55","slug":"reklamationen-rueckgaben-und-umtausch","status":"publish","type":"page","link":"https:\/\/www.houseofcats.pl\/de\/reklamationen-rueckgaben-und-umtausch\/","title":{"rendered":"Reklamationen, R\u00fcckgaben und Umtausch"},"content":{"rendered":"<div class=\"wpb-content-wrapper\"><p>[vc_row][vc_column][vc_column_text]<\/p>\n<h2 style=\"text-align: center;\">Ihre Zufriedenheit ist uns das Wichtigste!<\/h2>\n<h2 style=\"text-align: center;\"><\/h2>\n<p>Wenn Sie m\u00f6chten, k\u00f6nnen Sie die gekaufte Ware innerhalb von 14 Tagen an uns zur\u00fccksenden. Denken Sie jedoch daran, dass es unbesch\u00e4digt sein muss, sonst k\u00f6nnen wir Ihre R\u00fccksendung nicht akzeptieren. Nachfolgend finden Sie die detaillierten Bedingungen f\u00fcr R\u00fccksendungen und Reklamationen.<\/p>\n<p><strong>Retouren<\/strong><\/p>\n<p>Der Kunde, der Verbraucher im Sinne von Kunst ist. 221 des B\u00fcrgerlichen Gesetzbuches, wird f\u00e4llig &#8211; auf der Grundlage allgemeiner Grunds\u00e4tze, die sich aus den Bestimmungen des Gesetzes vom 30.05.2014 ergeben. \u00fcber Verbraucherrechte (Journal of Laws of 2014 No. 827) &#8211; das Recht, von einem Fernabsatzvertrag ohne Angabe von Gr\u00fcnden zur\u00fcckzutreten, indem eine entsprechende schriftliche Erkl\u00e4rung innerhalb von 14 Tagen an die in dieser Verordnung angegebene Adresse Cardboard Design Patryk Pajkert gesendet wird .<br \/>\nDie Frist von 14 Tagen beginnt mit dem Tag, an dem die Ware geliefert wurde.<br \/>\nBei R\u00fccktritt vom Fernabsatzvertrag gilt der Vertrag als nichtig.<br \/>\nZur\u00fcckgesandte Waren m\u00fcssen unbesch\u00e4digt sein und sollten in geeigneter Weise verpackt werden, um sicherzustellen, dass das Paket w\u00e4hrend des Transports nicht besch\u00e4digt wird. Der Kunde ist verantwortlich f\u00fcr eine schlechte Verpackung der Verpackung, die das Produkt w\u00e4hrend des Transports besch\u00e4digt.<br \/>\nDie R\u00fccksendung sollte unverz\u00fcglich, sp\u00e4testens jedoch innerhalb von 14 Tagen erfolgen.<br \/>\nDem Kunden entstehende Versandkosten werden nicht erstattet.<br \/>\nDie gekaufte Ware ist an folgende Adresse zur\u00fcckzusenden: Karton Design Patryk Pajkert ul Ptasia 35B, 62-090 Kiekrz<\/p>\n<p><strong>Beschwerden \u00fcber Waren<\/strong><\/p>\n<p>Cardboard Design als Verk\u00e4ufer haftet gegen\u00fcber dem Kunden, der Verbraucher im Sinne von Art. 221 des B\u00fcrgerlichen Gesetzbuches wegen Nichteinhaltung des Kaufvertrages f\u00fcr Waren, die von diesem Verbraucher gekauft wurden, in dem im Gesetz \u00fcber Sonderbedingungen f\u00fcr den Verbraucherverkauf festgelegten Umfang.<br \/>\nReklamationen, die sich aus der Verletzung der gesetzlich garantierten Rechte des Kunden oder aufgrund dieser Bestimmungen ergeben, sind an die Adresse biuro@houseofcats.pl zu richten, und der Verk\u00e4ufer ist verpflichtet, diese innerhalb von 14 Tagen zu pr\u00fcfen und zu pr\u00fcfen, falls dies in dieser Frist nicht m\u00f6glich war Kunde, wenn die Reklamation ber\u00fccksichtigt wird.<br \/>\nDie beanstandete Ware sollte auf eigene Kosten versandt werden. Wird die Beanstandung zugunsten des Kunden behoben, werden die Versandkosten bis zur H\u00f6he der Versandkosten erstattet, die vom Store www.houseofcats.pl in Rechnung gestellt werden<\/p>\n<p><strong>Beschwerden in Bezug auf die Bereitstellung elektronischer Dienste<\/strong><\/p>\n<p>Der Verk\u00e4ufer ergreift Ma\u00dfnahmen, um den einwandfreien Betrieb des Gesch\u00e4fts zu gew\u00e4hrleisten, soweit dies auf dem aktuellen technischen Kenntnisstand beruht, und ist verpflichtet, von Kunden gemeldete Unregelm\u00e4\u00dfigkeiten innerhalb einer angemessenen Frist zu beseitigen.<br \/>\nDer Kunde ist verpflichtet, Cardboard Design Patryk Pajkert etwaige Unregelm\u00e4\u00dfigkeiten oder Betriebsst\u00f6rungen der Website des Onlineshops unverz\u00fcglich mitzuteilen.<br \/>\nUnregelm\u00e4\u00dfigkeiten im Zusammenhang mit der Funktion des Gesch\u00e4fts k\u00f6nnen vom Kunden schriftlich an die folgende Adresse gemeldet werden: Pappdesign Patryk Pajkert, ul. Ptasia 35B, 62-090 Kiekrz oder per E-Mail an die Adresse biuro@houseofcats.pl<br \/>\nIn der Beschwerde sollte der Kunde seinen Namen, seine Postanschrift, die Art und das Datum von Unregelm\u00e4\u00dfigkeiten im Zusammenhang mit der Funktionsweise des Gesch\u00e4fts angeben.<br \/>\nDer Verk\u00e4ufer verpflichtet sich, die Reklamation innerhalb von 14 Tagen zu pr\u00fcfen und, falls dies nicht m\u00f6glich war, den Kunden innerhalb dieser Frist dar\u00fcber zu informieren, wann die Reklamation gepr\u00fcft wird.[:es][\/vc_column_text][\/vc_column][\/vc_row]<\/p>\n<\/div>","protected":false},"excerpt":{"rendered":"<p>[vc_row][vc_column][vc_column_text] Ihre Zufriedenheit ist uns das Wichtigste! Wenn Sie m\u00f6chten, k\u00f6nnen Sie die gekaufte Ware innerhalb von 14 Tagen an uns zur\u00fccksenden. Denken Sie jedoch daran, dass es unbesch\u00e4digt sein muss, sonst k\u00f6nnen wir Ihre R\u00fccksendung nicht akzeptieren. Nachfolgend finden Sie die detaillierten Bedingungen f\u00fcr R\u00fccksendungen und Reklamationen. Retouren Der Kunde, der Verbraucher im Sinne &hellip;<\/p>\n","protected":false},"author":2,"featured_media":0,"parent":0,"menu_order":0,"comment_status":"closed","ping_status":"closed","template":"","meta":{"_acf_changed":false,"footnotes":""},"class_list":["post-3559","page","type-page","status-publish","hentry"],"acf":[],"yoast_head":"<!-- This site is optimized with the Yoast SEO plugin v25.6 - https:\/\/yoast.com\/wordpress\/plugins\/seo\/ -->\n<title>Reklamationen, R\u00fcckgaben und Umtausch | Sklep internetowy House of Cats<\/title>\n<meta name=\"robots\" content=\"noindex, follow\" \/>\n<meta property=\"og:locale\" content=\"de_DE\" \/>\n<meta property=\"og:type\" content=\"article\" \/>\n<meta property=\"og:title\" content=\"Reklamationen, R\u00fcckgaben und Umtausch | Sklep internetowy House of Cats\" \/>\n<meta property=\"og:description\" content=\"[vc_row][vc_column][vc_column_text] Ihre Zufriedenheit ist uns das Wichtigste! Wenn Sie m\u00f6chten, k\u00f6nnen Sie die gekaufte Ware innerhalb von 14 Tagen an uns zur\u00fccksenden. Denken Sie jedoch daran, dass es unbesch\u00e4digt sein muss, sonst k\u00f6nnen wir Ihre R\u00fccksendung nicht akzeptieren. Nachfolgend finden Sie die detaillierten Bedingungen f\u00fcr R\u00fccksendungen und Reklamationen. Retouren Der Kunde, der Verbraucher im Sinne &hellip;\" \/>\n<meta property=\"og:url\" content=\"https:\/\/www.houseofcats.pl\/de\/reklamationen-rueckgaben-und-umtausch\/\" \/>\n<meta property=\"og:site_name\" content=\"Sklep internetowy House of Cats\" \/>\n<meta property=\"article:publisher\" content=\"https:\/\/www.facebook.com\/houseofcatspl\" \/>\n<meta property=\"article:modified_time\" content=\"2021-03-03T21:52:55+00:00\" \/>\n<meta property=\"og:image\" content=\"https:\/\/www.houseofcats.pl\/wp-content\/uploads\/2024\/07\/15F038FD-0647-41CE-95D2-9471EB334D74_1_201_a.jpeg\" \/>\n\t<meta property=\"og:image:width\" content=\"1600\" \/>\n\t<meta property=\"og:image:height\" content=\"900\" \/>\n\t<meta property=\"og:image:type\" content=\"image\/jpeg\" \/>\n<meta name=\"twitter:card\" content=\"summary_large_image\" \/>\n<meta name=\"twitter:label1\" content=\"Gesch\u00e4tzte Lesezeit\" \/>\n\t<meta name=\"twitter:data1\" content=\"3\u00a0Minuten\" \/>\n<script type=\"application\/ld+json\" class=\"yoast-schema-graph\">{\"@context\":\"https:\/\/schema.org\",\"@graph\":[{\"@type\":\"WebPage\",\"@id\":\"https:\/\/www.houseofcats.pl\/de\/reklamationen-rueckgaben-und-umtausch\/\",\"url\":\"https:\/\/www.houseofcats.pl\/de\/reklamationen-rueckgaben-und-umtausch\/\",\"name\":\"Reklamationen, R\u00fcckgaben und Umtausch | Sklep internetowy House of Cats\",\"isPartOf\":{\"@id\":\"https:\/\/www.houseofcats.pl\/de\/#website\"},\"datePublished\":\"2016-05-23T13:46:10+00:00\",\"dateModified\":\"2021-03-03T21:52:55+00:00\",\"breadcrumb\":{\"@id\":\"https:\/\/www.houseofcats.pl\/de\/reklamationen-rueckgaben-und-umtausch\/#breadcrumb\"},\"inLanguage\":\"de\",\"potentialAction\":[{\"@type\":\"ReadAction\",\"target\":[\"https:\/\/www.houseofcats.pl\/de\/reklamationen-rueckgaben-und-umtausch\/\"]}]},{\"@type\":\"BreadcrumbList\",\"@id\":\"https:\/\/www.houseofcats.pl\/de\/reklamationen-rueckgaben-und-umtausch\/#breadcrumb\",\"itemListElement\":[{\"@type\":\"ListItem\",\"position\":1,\"name\":\"Strona g\u0142\u00f3wna\",\"item\":\"https:\/\/www.houseofcats.pl\/de\/\"},{\"@type\":\"ListItem\",\"position\":2,\"name\":\"Reklamationen, R\u00fcckgaben und Umtausch\"}]},{\"@type\":\"WebSite\",\"@id\":\"https:\/\/www.houseofcats.pl\/de\/#website\",\"url\":\"https:\/\/www.houseofcats.pl\/de\/\",\"name\":\"Sklep internetowy House of Cats\",\"description\":\"Drapaki dla kot\u00f3w\",\"publisher\":{\"@id\":\"https:\/\/www.houseofcats.pl\/de\/#organization\"},\"potentialAction\":[{\"@type\":\"SearchAction\",\"target\":{\"@type\":\"EntryPoint\",\"urlTemplate\":\"https:\/\/www.houseofcats.pl\/de\/?s={search_term_string}\"},\"query-input\":{\"@type\":\"PropertyValueSpecification\",\"valueRequired\":true,\"valueName\":\"search_term_string\"}}],\"inLanguage\":\"de\"},{\"@type\":\"Organization\",\"@id\":\"https:\/\/www.houseofcats.pl\/de\/#organization\",\"name\":\"Sklep internetowy House of Cats\",\"url\":\"https:\/\/www.houseofcats.pl\/de\/\",\"logo\":{\"@type\":\"ImageObject\",\"inLanguage\":\"de\",\"@id\":\"https:\/\/www.houseofcats.pl\/de\/#\/schema\/logo\/image\/\",\"url\":\"https:\/\/www.houseofcats.pl\/wp-content\/uploads\/2024\/07\/Zrzut-ekranu-2017-07-11-o-23.35.44.png\",\"contentUrl\":\"https:\/\/www.houseofcats.pl\/wp-content\/uploads\/2024\/07\/Zrzut-ekranu-2017-07-11-o-23.35.44.png\",\"width\":496,\"height\":474,\"caption\":\"Sklep internetowy House of Cats\"},\"image\":{\"@id\":\"https:\/\/www.houseofcats.pl\/de\/#\/schema\/logo\/image\/\"},\"sameAs\":[\"https:\/\/www.facebook.com\/houseofcatspl\",\"https:\/\/www.instagram.com\/houseofcats.pl\/\",\"https:\/\/www.youtube.com\/@houseofcats5403\"]}]}<\/script>\n<!-- \/ Yoast SEO plugin. -->","yoast_head_json":{"title":"Reklamationen, R\u00fcckgaben und Umtausch | Sklep internetowy House of Cats","robots":{"index":"noindex","follow":"follow"},"og_locale":"de_DE","og_type":"article","og_title":"Reklamationen, R\u00fcckgaben und Umtausch | Sklep internetowy House of Cats","og_description":"[vc_row][vc_column][vc_column_text] Ihre Zufriedenheit ist uns das Wichtigste! Wenn Sie m\u00f6chten, k\u00f6nnen Sie die gekaufte Ware innerhalb von 14 Tagen an uns zur\u00fccksenden. Denken Sie jedoch daran, dass es unbesch\u00e4digt sein muss, sonst k\u00f6nnen wir Ihre R\u00fccksendung nicht akzeptieren. Nachfolgend finden Sie die detaillierten Bedingungen f\u00fcr R\u00fccksendungen und Reklamationen. Retouren Der Kunde, der Verbraucher im Sinne &hellip;","og_url":"https:\/\/www.houseofcats.pl\/de\/reklamationen-rueckgaben-und-umtausch\/","og_site_name":"Sklep internetowy House of Cats","article_publisher":"https:\/\/www.facebook.com\/houseofcatspl","article_modified_time":"2021-03-03T21:52:55+00:00","og_image":[{"width":1600,"height":900,"url":"https:\/\/www.houseofcats.pl\/wp-content\/uploads\/2024\/07\/15F038FD-0647-41CE-95D2-9471EB334D74_1_201_a.jpeg","type":"image\/jpeg"}],"twitter_card":"summary_large_image","twitter_misc":{"Gesch\u00e4tzte Lesezeit":"3\u00a0Minuten"},"schema":{"@context":"https:\/\/schema.org","@graph":[{"@type":"WebPage","@id":"https:\/\/www.houseofcats.pl\/de\/reklamationen-rueckgaben-und-umtausch\/","url":"https:\/\/www.houseofcats.pl\/de\/reklamationen-rueckgaben-und-umtausch\/","name":"Reklamationen, R\u00fcckgaben und Umtausch | Sklep internetowy House of Cats","isPartOf":{"@id":"https:\/\/www.houseofcats.pl\/de\/#website"},"datePublished":"2016-05-23T13:46:10+00:00","dateModified":"2021-03-03T21:52:55+00:00","breadcrumb":{"@id":"https:\/\/www.houseofcats.pl\/de\/reklamationen-rueckgaben-und-umtausch\/#breadcrumb"},"inLanguage":"de","potentialAction":[{"@type":"ReadAction","target":["https:\/\/www.houseofcats.pl\/de\/reklamationen-rueckgaben-und-umtausch\/"]}]},{"@type":"BreadcrumbList","@id":"https:\/\/www.houseofcats.pl\/de\/reklamationen-rueckgaben-und-umtausch\/#breadcrumb","itemListElement":[{"@type":"ListItem","position":1,"name":"Strona g\u0142\u00f3wna","item":"https:\/\/www.houseofcats.pl\/de\/"},{"@type":"ListItem","position":2,"name":"Reklamationen, R\u00fcckgaben und Umtausch"}]},{"@type":"WebSite","@id":"https:\/\/www.houseofcats.pl\/de\/#website","url":"https:\/\/www.houseofcats.pl\/de\/","name":"Sklep internetowy House of Cats","description":"Drapaki dla kot\u00f3w","publisher":{"@id":"https:\/\/www.houseofcats.pl\/de\/#organization"},"potentialAction":[{"@type":"SearchAction","target":{"@type":"EntryPoint","urlTemplate":"https:\/\/www.houseofcats.pl\/de\/?s={search_term_string}"},"query-input":{"@type":"PropertyValueSpecification","valueRequired":true,"valueName":"search_term_string"}}],"inLanguage":"de"},{"@type":"Organization","@id":"https:\/\/www.houseofcats.pl\/de\/#organization","name":"Sklep internetowy House of Cats","url":"https:\/\/www.houseofcats.pl\/de\/","logo":{"@type":"ImageObject","inLanguage":"de","@id":"https:\/\/www.houseofcats.pl\/de\/#\/schema\/logo\/image\/","url":"https:\/\/www.houseofcats.pl\/wp-content\/uploads\/2024\/07\/Zrzut-ekranu-2017-07-11-o-23.35.44.png","contentUrl":"https:\/\/www.houseofcats.pl\/wp-content\/uploads\/2024\/07\/Zrzut-ekranu-2017-07-11-o-23.35.44.png","width":496,"height":474,"caption":"Sklep internetowy House of Cats"},"image":{"@id":"https:\/\/www.houseofcats.pl\/de\/#\/schema\/logo\/image\/"},"sameAs":["https:\/\/www.facebook.com\/houseofcatspl","https:\/\/www.instagram.com\/houseofcats.pl\/","https:\/\/www.youtube.com\/@houseofcats5403"]}]}},"_links":{"self":[{"href":"https:\/\/www.houseofcats.pl\/de\/wp-json\/wp\/v2\/pages\/3559"}],"collection":[{"href":"https:\/\/www.houseofcats.pl\/de\/wp-json\/wp\/v2\/pages"}],"about":[{"href":"https:\/\/www.houseofcats.pl\/de\/wp-json\/wp\/v2\/types\/page"}],"author":[{"embeddable":true,"href":"https:\/\/www.houseofcats.pl\/de\/wp-json\/wp\/v2\/users\/2"}],"replies":[{"embeddable":true,"href":"https:\/\/www.houseofcats.pl\/de\/wp-json\/wp\/v2\/comments?post=3559"}],"version-history":[{"count":0,"href":"https:\/\/www.houseofcats.pl\/de\/wp-json\/wp\/v2\/pages\/3559\/revisions"}],"wp:attachment":[{"href":"https:\/\/www.houseofcats.pl\/de\/wp-json\/wp\/v2\/media?parent=3559"}],"curies":[{"name":"wp","href":"https:\/\/api.w.org\/{rel}","templated":true}]}}