{"id":3570,"date":"2016-03-29T13:27:59","date_gmt":"2016-03-29T11:27:59","guid":{"rendered":"https:\/\/www.houseofcats.pl\/about-hoc\/"},"modified":"2021-03-03T23:05:53","modified_gmt":"2021-03-03T22:05:53","slug":"about-hoc","status":"publish","type":"page","link":"https:\/\/www.houseofcats.pl\/de\/about-hoc\/","title":{"rendered":"\u00dcber uns"},"content":{"rendered":"<div class=\"wpb-content-wrapper\"><p>[vc_row type=&#8220;boxed&#8220;][vc_column width=&#8220;5\/6&#8243; offset=&#8220;vc_col-sm-offset-1&#8243;][vc_empty_space height=&#8220;47px&#8220;][vc_column_text]<\/p>\n<h2>Lernen Sie uns besser kennen.<\/h2>\n<p>[\/vc_column_text][\/vc_column][\/vc_row][vc_row type=&#8220;boxed&#8220;][vc_column][vc_empty_space height=&#8220;43px&#8220;]\r\n\t\t\t<div class=\"nm-banner content-full image-type-fluid text-color-dark subtitle-below\" style=\"\"><img loading=\"lazy\" decoding=\"async\" src=\"https:\/\/www.houseofcats.pl\/wp-content\/uploads\/2016\/04\/W_N_8752-1.png\" width=\"1024\" height=\"576\" alt=\"W_N_8752\" \/>\r\n\t\t\t<\/div>[vc_empty_space height=&#8220;47px&#8220;][\/vc_column][\/vc_row][vc_row type=&#8220;boxed&#8220;][vc_column width=&#8220;1\/4&#8243; offset=&#8220;vc_col-sm-offset-1&#8243;][vc_column_text]<\/p>\n<h4>House of Cats<\/h4>\n<p>[\/vc_column_text][vc_empty_space height=&#8220;17px&#8220;][\/vc_column][vc_column width=&#8220;7\/12&#8243;][vc_column_text]<\/p>\n<blockquote>\n<div dir=\"ltr\">\n<div>\n<div>\n<div>\n<div>\n<p>Unsere kleine Firma Cardboard Design stellt unterschiedliche Produkte aus Pappe\/Karton her.<\/p>\n<\/div>\n<p>Einmal versp\u00fcrten wir den Wunsch, eine einzigartige Marke von Kratzb\u00e4umen zu schaffen. Sie sollte an eine kompromisslose Warenqualit\u00e4t erinnern.<\/p>\n<p>Aus diesem Grund entstand die Marke House of Cats, von der Dein\u00a0 bestimmt tr\u00e4umt!<\/p>\n<p>Jedes Produkt vereint in sich Spitzenqualit\u00e4t, feines Design, Festigkeit und Funktionalit\u00e4t.<br \/>\nDie Kratzb\u00e4ume stellen wir von Anfang bis Ende in Polen her, womit wir den einheimischen Markt unterst\u00fctzen.<\/p>\n<p>Unsere Produkte entstanden mit dem Gedanken sowohl an Innenr\u00e4umen, als auch\u00a0an Katzen und ihren Besitzern.<\/p>\n<p>Wir haben als Ziel, in erster Linie, Ihre Sessel, Sofas und andere M\u00f6belst\u00fccke.<\/p>\n<p>Dein Liebling wird ab heute mit Vergn\u00fcgen seine Krallen auf einer welligen Fl\u00e4che der Pappe stumpf machen.<\/p>\n<p>&#8222;Cat&#8220;, das f\u00fchrende Produkt, hat die Funktion von einem Versteck, Kratzbaum, Tierlager, aber auch von einem Raum zum Springen und Spielen. Bewegung und Spiel sind von ausschlaggebender Bedeutung f\u00fcr die k\u00f6rperliche Gesundheit einer Katze.<\/p>\n<p>Jedes Produkt von House of Cats wurde mit gr\u00f6\u00dfter Sorge um kleinste Details hergestellt.<br \/>\nIn einem besonderen Herstellungsprozess werden die Well-Pappen Schichten auf eine modulare Art und Weise zusammengeklebt. Dadurch erreicht man sehr starke und feste Segmente, die die Festigkeit des Produktes ausmachen.<\/p>\n<p>Dank der Verwendung modernsten Maschinen w\u00e4hrend der Produktion und der Sorge um kleinste Details, bildet die Fl\u00e4che unserer Kratzb\u00e4ume eine einzigartige, geradezu baumwollene Struktur.<br \/>\nBesorgt von der Gesundheit unsrer Liebliengen bestehen alle unsere Artikel ausschlie\u00dflich\u00a0aus nat\u00fcrlichen und sicheren Materialien! Die Klebstoffe enthalten kein Formaldehyd!<\/p>\n<p>Die Grafik wird mit einer Folie abgesichert, damit das\u00a0K\u00e4tzchen die nicht kratzt und das Produkt sich auch lange sch\u00f6n presentiert.<\/p>\n<p>Unsere Kratzb\u00e4ume sind eine perfekte Verkn\u00fcpfung von Form, Funktion und Konstruktion. Eine Vielzahl der Grafik, Muster und Kompositionen, die sich frei verbinden lassen, bietet Ihnen das Schaffen von einem erstaunlichen Platz f\u00fcr Ihre Katze an. Diesen Platz k\u00f6nnen wir so gestallten, dass er mit den individuellen Bed\u00fcrfnissen, \u00c4sthetik und Innenraum harmoniert.<\/p>\n<p>Weil die Katzen eine territoriale Natur haben und einen eigenen, ungest\u00f6rten Raum brauchen, lohnt es sich ohne Zweifel jene Katzen, die frisch in eine neue Wohnung einziehen einen Krazbaum zu schenken. Es wird dem K\u00e4tzchen bestimmt den Eingew\u00f6hnungsprozess erleichtern und die anf\u00e4ngliche Stresskraft mildern.<\/p>\n<\/div>\n<p>Was will man mehr? Nichts mehr! Mit Sicherheit w\u00fcrde Deine Katze so antworten.<\/p>\n<\/div>\n<p>Der kann man nur zustimmen.<\/p>\n<\/div>\n<p>Mach ihr also ein besonderes Geschenk und als Dank wird Dir ein &#8222;Schnurren des Gl\u00fcckes&#8220; geschenkt.<\/p>\n<\/div>\n<\/blockquote>\n<p>[\/vc_column_text][\/vc_column][\/vc_row][vc_row][vc_column][vc_empty_space height=&#8220;46&#8243;][\/vc_column][\/vc_row]<\/p>\n<\/div>","protected":false},"excerpt":{"rendered":"<p>[vc_row type=&#8220;boxed&#8220;][vc_column width=&#8220;5\/6&#8243; offset=&#8220;vc_col-sm-offset-1&#8243;][vc_empty_space height=&#8220;47px&#8220;][vc_column_text] Lernen Sie uns besser kennen. [\/vc_column_text][\/vc_column][\/vc_row][vc_row type=&#8220;boxed&#8220;][vc_column][vc_empty_space height=&#8220;43px&#8220;][vc_empty_space height=&#8220;47px&#8220;][\/vc_column][\/vc_row][vc_row type=&#8220;boxed&#8220;][vc_column width=&#8220;1\/4&#8243; offset=&#8220;vc_col-sm-offset-1&#8243;][vc_column_text] House of Cats [\/vc_column_text][vc_empty_space height=&#8220;17px&#8220;][\/vc_column][vc_column width=&#8220;7\/12&#8243;][vc_column_text] Unsere kleine Firma Cardboard Design stellt unterschiedliche Produkte aus Pappe\/Karton her. Einmal versp\u00fcrten wir den Wunsch, eine einzigartige Marke von Kratzb\u00e4umen zu schaffen. Sie sollte an eine kompromisslose Warenqualit\u00e4t erinnern. Aus diesem &hellip;<\/p>\n","protected":false},"author":2,"featured_media":0,"parent":0,"menu_order":0,"comment_status":"closed","ping_status":"closed","template":"","meta":{"_acf_changed":false,"footnotes":""},"class_list":["post-3570","page","type-page","status-publish","hentry"],"acf":[],"yoast_head":"<!-- This site is optimized with the Yoast SEO plugin v25.6 - https:\/\/yoast.com\/wordpress\/plugins\/seo\/ -->\n<title>\u00dcber uns | Sklep internetowy House of Cats<\/title>\n<meta name=\"robots\" content=\"index, follow, max-snippet:-1, max-image-preview:large, max-video-preview:-1\" \/>\n<link rel=\"canonical\" href=\"https:\/\/www.houseofcats.pl\/de\/about-hoc\/\" \/>\n<meta property=\"og:locale\" content=\"de_DE\" \/>\n<meta property=\"og:type\" content=\"article\" \/>\n<meta property=\"og:title\" content=\"\u00dcber uns | Sklep internetowy House of Cats\" \/>\n<meta property=\"og:description\" content=\"[vc_row type=&#8220;boxed&#8220;][vc_column width=&#8220;5\/6&#8243; offset=&#8220;vc_col-sm-offset-1&#8243;][vc_empty_space height=&#8220;47px&#8220;][vc_column_text] Lernen Sie uns besser kennen. [\/vc_column_text][\/vc_column][\/vc_row][vc_row type=&#8220;boxed&#8220;][vc_column][vc_empty_space height=&#8220;43px&#8220;][vc_empty_space height=&#8220;47px&#8220;][\/vc_column][\/vc_row][vc_row type=&#8220;boxed&#8220;][vc_column width=&#8220;1\/4&#8243; offset=&#8220;vc_col-sm-offset-1&#8243;][vc_column_text] House of Cats [\/vc_column_text][vc_empty_space height=&#8220;17px&#8220;][\/vc_column][vc_column width=&#8220;7\/12&#8243;][vc_column_text] Unsere kleine Firma Cardboard Design stellt unterschiedliche Produkte aus Pappe\/Karton her. Einmal versp\u00fcrten wir den Wunsch, eine einzigartige Marke von Kratzb\u00e4umen zu schaffen. Sie sollte an eine kompromisslose Warenqualit\u00e4t erinnern. Aus diesem &hellip;\" \/>\n<meta property=\"og:url\" content=\"https:\/\/www.houseofcats.pl\/de\/about-hoc\/\" \/>\n<meta property=\"og:site_name\" content=\"Sklep internetowy House of Cats\" \/>\n<meta property=\"article:publisher\" content=\"https:\/\/www.facebook.com\/houseofcatspl\" \/>\n<meta property=\"article:modified_time\" content=\"2021-03-03T22:05:53+00:00\" \/>\n<meta property=\"og:image\" content=\"https:\/\/www.houseofcats.pl\/wp-content\/uploads\/2024\/07\/15F038FD-0647-41CE-95D2-9471EB334D74_1_201_a.jpeg\" \/>\n\t<meta property=\"og:image:width\" content=\"1600\" \/>\n\t<meta property=\"og:image:height\" content=\"900\" \/>\n\t<meta property=\"og:image:type\" content=\"image\/jpeg\" \/>\n<meta name=\"twitter:card\" content=\"summary_large_image\" \/>\n<meta name=\"twitter:label1\" content=\"Gesch\u00e4tzte Lesezeit\" \/>\n\t<meta name=\"twitter:data1\" content=\"2\u00a0Minuten\" \/>\n<script type=\"application\/ld+json\" class=\"yoast-schema-graph\">{\"@context\":\"https:\/\/schema.org\",\"@graph\":[{\"@type\":\"WebPage\",\"@id\":\"https:\/\/www.houseofcats.pl\/de\/about-hoc\/\",\"url\":\"https:\/\/www.houseofcats.pl\/de\/about-hoc\/\",\"name\":\"\u00dcber uns | Sklep internetowy House of Cats\",\"isPartOf\":{\"@id\":\"https:\/\/www.houseofcats.pl\/de\/#website\"},\"datePublished\":\"2016-03-29T11:27:59+00:00\",\"dateModified\":\"2021-03-03T22:05:53+00:00\",\"breadcrumb\":{\"@id\":\"https:\/\/www.houseofcats.pl\/de\/about-hoc\/#breadcrumb\"},\"inLanguage\":\"de\",\"potentialAction\":[{\"@type\":\"ReadAction\",\"target\":[\"https:\/\/www.houseofcats.pl\/de\/about-hoc\/\"]}]},{\"@type\":\"BreadcrumbList\",\"@id\":\"https:\/\/www.houseofcats.pl\/de\/about-hoc\/#breadcrumb\",\"itemListElement\":[{\"@type\":\"ListItem\",\"position\":1,\"name\":\"Strona g\u0142\u00f3wna\",\"item\":\"https:\/\/www.houseofcats.pl\/de\/\"},{\"@type\":\"ListItem\",\"position\":2,\"name\":\"\u00dcber uns\"}]},{\"@type\":\"WebSite\",\"@id\":\"https:\/\/www.houseofcats.pl\/de\/#website\",\"url\":\"https:\/\/www.houseofcats.pl\/de\/\",\"name\":\"Sklep internetowy House of Cats\",\"description\":\"Drapaki dla kot\u00f3w\",\"publisher\":{\"@id\":\"https:\/\/www.houseofcats.pl\/de\/#organization\"},\"potentialAction\":[{\"@type\":\"SearchAction\",\"target\":{\"@type\":\"EntryPoint\",\"urlTemplate\":\"https:\/\/www.houseofcats.pl\/de\/?s={search_term_string}\"},\"query-input\":{\"@type\":\"PropertyValueSpecification\",\"valueRequired\":true,\"valueName\":\"search_term_string\"}}],\"inLanguage\":\"de\"},{\"@type\":\"Organization\",\"@id\":\"https:\/\/www.houseofcats.pl\/de\/#organization\",\"name\":\"Sklep internetowy House of Cats\",\"url\":\"https:\/\/www.houseofcats.pl\/de\/\",\"logo\":{\"@type\":\"ImageObject\",\"inLanguage\":\"de\",\"@id\":\"https:\/\/www.houseofcats.pl\/de\/#\/schema\/logo\/image\/\",\"url\":\"https:\/\/www.houseofcats.pl\/wp-content\/uploads\/2024\/07\/Zrzut-ekranu-2017-07-11-o-23.35.44.png\",\"contentUrl\":\"https:\/\/www.houseofcats.pl\/wp-content\/uploads\/2024\/07\/Zrzut-ekranu-2017-07-11-o-23.35.44.png\",\"width\":496,\"height\":474,\"caption\":\"Sklep internetowy House of Cats\"},\"image\":{\"@id\":\"https:\/\/www.houseofcats.pl\/de\/#\/schema\/logo\/image\/\"},\"sameAs\":[\"https:\/\/www.facebook.com\/houseofcatspl\",\"https:\/\/www.instagram.com\/houseofcats.pl\/\",\"https:\/\/www.youtube.com\/@houseofcats5403\"]}]}<\/script>\n<!-- \/ Yoast SEO plugin. -->","yoast_head_json":{"title":"\u00dcber uns | Sklep internetowy House of Cats","robots":{"index":"index","follow":"follow","max-snippet":"max-snippet:-1","max-image-preview":"max-image-preview:large","max-video-preview":"max-video-preview:-1"},"canonical":"https:\/\/www.houseofcats.pl\/de\/about-hoc\/","og_locale":"de_DE","og_type":"article","og_title":"\u00dcber uns | Sklep internetowy House of Cats","og_description":"[vc_row type=&#8220;boxed&#8220;][vc_column width=&#8220;5\/6&#8243; offset=&#8220;vc_col-sm-offset-1&#8243;][vc_empty_space height=&#8220;47px&#8220;][vc_column_text] Lernen Sie uns besser kennen. [\/vc_column_text][\/vc_column][\/vc_row][vc_row type=&#8220;boxed&#8220;][vc_column][vc_empty_space height=&#8220;43px&#8220;][vc_empty_space height=&#8220;47px&#8220;][\/vc_column][\/vc_row][vc_row type=&#8220;boxed&#8220;][vc_column width=&#8220;1\/4&#8243; offset=&#8220;vc_col-sm-offset-1&#8243;][vc_column_text] House of Cats [\/vc_column_text][vc_empty_space height=&#8220;17px&#8220;][\/vc_column][vc_column width=&#8220;7\/12&#8243;][vc_column_text] Unsere kleine Firma Cardboard Design stellt unterschiedliche Produkte aus Pappe\/Karton her. Einmal versp\u00fcrten wir den Wunsch, eine einzigartige Marke von Kratzb\u00e4umen zu schaffen. Sie sollte an eine kompromisslose Warenqualit\u00e4t erinnern. Aus diesem &hellip;","og_url":"https:\/\/www.houseofcats.pl\/de\/about-hoc\/","og_site_name":"Sklep internetowy House of Cats","article_publisher":"https:\/\/www.facebook.com\/houseofcatspl","article_modified_time":"2021-03-03T22:05:53+00:00","og_image":[{"width":1600,"height":900,"url":"https:\/\/www.houseofcats.pl\/wp-content\/uploads\/2024\/07\/15F038FD-0647-41CE-95D2-9471EB334D74_1_201_a.jpeg","type":"image\/jpeg"}],"twitter_card":"summary_large_image","twitter_misc":{"Gesch\u00e4tzte Lesezeit":"2\u00a0Minuten"},"schema":{"@context":"https:\/\/schema.org","@graph":[{"@type":"WebPage","@id":"https:\/\/www.houseofcats.pl\/de\/about-hoc\/","url":"https:\/\/www.houseofcats.pl\/de\/about-hoc\/","name":"\u00dcber uns | Sklep internetowy House of Cats","isPartOf":{"@id":"https:\/\/www.houseofcats.pl\/de\/#website"},"datePublished":"2016-03-29T11:27:59+00:00","dateModified":"2021-03-03T22:05:53+00:00","breadcrumb":{"@id":"https:\/\/www.houseofcats.pl\/de\/about-hoc\/#breadcrumb"},"inLanguage":"de","potentialAction":[{"@type":"ReadAction","target":["https:\/\/www.houseofcats.pl\/de\/about-hoc\/"]}]},{"@type":"BreadcrumbList","@id":"https:\/\/www.houseofcats.pl\/de\/about-hoc\/#breadcrumb","itemListElement":[{"@type":"ListItem","position":1,"name":"Strona g\u0142\u00f3wna","item":"https:\/\/www.houseofcats.pl\/de\/"},{"@type":"ListItem","position":2,"name":"\u00dcber uns"}]},{"@type":"WebSite","@id":"https:\/\/www.houseofcats.pl\/de\/#website","url":"https:\/\/www.houseofcats.pl\/de\/","name":"Sklep internetowy House of Cats","description":"Drapaki dla kot\u00f3w","publisher":{"@id":"https:\/\/www.houseofcats.pl\/de\/#organization"},"potentialAction":[{"@type":"SearchAction","target":{"@type":"EntryPoint","urlTemplate":"https:\/\/www.houseofcats.pl\/de\/?s={search_term_string}"},"query-input":{"@type":"PropertyValueSpecification","valueRequired":true,"valueName":"search_term_string"}}],"inLanguage":"de"},{"@type":"Organization","@id":"https:\/\/www.houseofcats.pl\/de\/#organization","name":"Sklep internetowy House of Cats","url":"https:\/\/www.houseofcats.pl\/de\/","logo":{"@type":"ImageObject","inLanguage":"de","@id":"https:\/\/www.houseofcats.pl\/de\/#\/schema\/logo\/image\/","url":"https:\/\/www.houseofcats.pl\/wp-content\/uploads\/2024\/07\/Zrzut-ekranu-2017-07-11-o-23.35.44.png","contentUrl":"https:\/\/www.houseofcats.pl\/wp-content\/uploads\/2024\/07\/Zrzut-ekranu-2017-07-11-o-23.35.44.png","width":496,"height":474,"caption":"Sklep internetowy House of Cats"},"image":{"@id":"https:\/\/www.houseofcats.pl\/de\/#\/schema\/logo\/image\/"},"sameAs":["https:\/\/www.facebook.com\/houseofcatspl","https:\/\/www.instagram.com\/houseofcats.pl\/","https:\/\/www.youtube.com\/@houseofcats5403"]}]}},"_links":{"self":[{"href":"https:\/\/www.houseofcats.pl\/de\/wp-json\/wp\/v2\/pages\/3570"}],"collection":[{"href":"https:\/\/www.houseofcats.pl\/de\/wp-json\/wp\/v2\/pages"}],"about":[{"href":"https:\/\/www.houseofcats.pl\/de\/wp-json\/wp\/v2\/types\/page"}],"author":[{"embeddable":true,"href":"https:\/\/www.houseofcats.pl\/de\/wp-json\/wp\/v2\/users\/2"}],"replies":[{"embeddable":true,"href":"https:\/\/www.houseofcats.pl\/de\/wp-json\/wp\/v2\/comments?post=3570"}],"version-history":[{"count":0,"href":"https:\/\/www.houseofcats.pl\/de\/wp-json\/wp\/v2\/pages\/3570\/revisions"}],"wp:attachment":[{"href":"https:\/\/www.houseofcats.pl\/de\/wp-json\/wp\/v2\/media?parent=3570"}],"curies":[{"name":"wp","href":"https:\/\/api.w.org\/{rel}","templated":true}]}}