{"id":3674,"date":"2018-09-21T23:35:37","date_gmt":"2018-09-21T21:35:37","guid":{"rendered":"https:\/\/www.houseofcats.pl\/sklep\/sofa-cube\/"},"modified":"2021-03-16T09:39:07","modified_gmt":"2021-03-16T08:39:07","slug":"sofa-cube","status":"publish","type":"product","link":"https:\/\/www.houseofcats.pl\/de\/shop\/sofa-cube\/","title":{"rendered":"Sofa Cube"},"content":{"rendered":"<p>W\u00e4hrend der praktische Kratzbaum, der f\u00fcr den Katzenfreund vorgesehen ist, f\u00fcr Spiel, Spa\u00df und Entspannung sorgt, sch\u00fctzt er gleichzeitig unsere M\u00f6bel vor der Abnutzung. Aufgrund seiner Ma\u00dfe ist er sowohl f\u00fcr kleinere als auch gr\u00f6\u00dfere Katzen optimal geeignet.<\/p>\n<h3>Vergn\u00fcgen<\/h3>\n<p>Man entschied sich f\u00fcr die Bequemlichkeit und wurde in ihrer Form der Anatomie des Samtpfote angepasst. Kitten erstreckt, streckte seine Wirbels\u00e4ule, die f\u00fcr den Komfort eines Haustieres sehr wichtig ist, was jeder Besitzer erinnern sollte.<\/p>\n<hr \/>\n<p>Produktabmessungen\u00a0Sofa: T 27 cm, B 68 cm, H 12 cm<\/p>\n<p>Gewicht 1,8 kg<\/p>\n","protected":false},"excerpt":{"rendered":"<p>W\u00e4hrend der praktische Kratzbaum, der f\u00fcr den Katzenfreund vorgesehen ist, f\u00fcr Spiel, Spa\u00df und Entspannung sorgt, sch\u00fctzt er gleichzeitig unsere M\u00f6bel vor der Abnutzung. Aufgrund seiner Ma\u00dfe ist er sowohl f\u00fcr kleinere als auch gr\u00f6\u00dfere Katzen optimal geeignet. Vergn\u00fcgen Man entschied sich f\u00fcr die Bequemlichkeit und wurde in ihrer Form der Anatomie des Samtpfote angepasst. &hellip;<\/p>\n","protected":false},"featured_media":3680,"template":"","meta":{"_acf_changed":false},"product_brand":[],"product_cat":[181],"product_tag":[175,182,184,185,183],"class_list":{"0":"post-3674","1":"product","2":"type-product","3":"status-publish","4":"has-post-thumbnail","6":"product_cat-sofa-de","7":"product_tag-drapak-de","8":"product_tag-kot-de","9":"product_tag-legowisko-de","10":"product_tag-lezanka-de","11":"product_tag-tektura-de","13":"first","14":"instock","15":"taxable","16":"shipping-taxable","17":"purchasable","18":"product-type-simple"},"acf":[],"yoast_head":"<!-- This site is optimized with the Yoast SEO plugin v25.6 - https:\/\/yoast.com\/wordpress\/plugins\/seo\/ -->\n<title>Drapak dla kota - Sofa Cube - Drapaki tekturowe - House of Cats<\/title>\n<meta name=\"description\" content=\"Wygodna le\u017canka z tektury z funkcj\u0105 drapaka to co\u015b o czym marzy Tw\u00f3j kot. Wy\u015bmienita jako\u015b\u0107 oraz dba\u0142o\u015b\u0107 o detale zadowol\u0105 ka\u017cdego mruczka.\" \/>\n<meta name=\"robots\" content=\"index, follow, max-snippet:-1, max-image-preview:large, max-video-preview:-1\" \/>\n<link rel=\"canonical\" href=\"https:\/\/www.houseofcats.pl\/de\/shop\/sofa-cube\/\" \/>\n<meta property=\"og:locale\" content=\"de_DE\" \/>\n<meta property=\"og:type\" content=\"article\" \/>\n<meta property=\"og:title\" content=\"Drapak dla kota - Sofa Cube - Drapaki tekturowe - House of Cats\" \/>\n<meta property=\"og:description\" content=\"Wygodna le\u017canka z tektury z funkcj\u0105 drapaka to co\u015b o czym marzy Tw\u00f3j kot. Wy\u015bmienita jako\u015b\u0107 oraz dba\u0142o\u015b\u0107 o detale zadowol\u0105 ka\u017cdego mruczka.\" \/>\n<meta property=\"og:url\" content=\"https:\/\/www.houseofcats.pl\/de\/shop\/sofa-cube\/\" \/>\n<meta property=\"og:site_name\" content=\"Sklep internetowy House of Cats\" \/>\n<meta property=\"article:publisher\" content=\"https:\/\/www.facebook.com\/houseofcatspl\" \/>\n<meta property=\"article:modified_time\" content=\"2021-03-16T08:39:07+00:00\" \/>\n<meta property=\"og:image\" content=\"https:\/\/www.houseofcats.pl\/wp-content\/uploads\/2018\/09\/WN3_1434.jpg\" \/>\n\t<meta property=\"og:image:width\" content=\"768\" \/>\n\t<meta property=\"og:image:height\" content=\"768\" \/>\n\t<meta property=\"og:image:type\" content=\"image\/jpeg\" \/>\n<meta name=\"twitter:card\" content=\"summary_large_image\" \/>\n<meta name=\"twitter:label1\" content=\"Gesch\u00e4tzte Lesezeit\" \/>\n\t<meta name=\"twitter:data1\" content=\"1\u00a0Minute\" \/>\n<script type=\"application\/ld+json\" class=\"yoast-schema-graph\">{\"@context\":\"https:\/\/schema.org\",\"@graph\":[{\"@type\":\"WebPage\",\"@id\":\"https:\/\/www.houseofcats.pl\/de\/shop\/sofa-cube\/\",\"url\":\"https:\/\/www.houseofcats.pl\/de\/shop\/sofa-cube\/\",\"name\":\"Drapak dla kota - Sofa Cube - Drapaki tekturowe - House of Cats\",\"isPartOf\":{\"@id\":\"https:\/\/www.houseofcats.pl\/de\/#website\"},\"primaryImageOfPage\":{\"@id\":\"https:\/\/www.houseofcats.pl\/de\/shop\/sofa-cube\/#primaryimage\"},\"image\":{\"@id\":\"https:\/\/www.houseofcats.pl\/de\/shop\/sofa-cube\/#primaryimage\"},\"thumbnailUrl\":\"https:\/\/www.houseofcats.pl\/wp-content\/uploads\/2018\/09\/WN3_1434.jpg\",\"datePublished\":\"2018-09-21T21:35:37+00:00\",\"dateModified\":\"2021-03-16T08:39:07+00:00\",\"description\":\"Wygodna le\u017canka z tektury z funkcj\u0105 drapaka to co\u015b o czym marzy Tw\u00f3j kot. Wy\u015bmienita jako\u015b\u0107 oraz dba\u0142o\u015b\u0107 o detale zadowol\u0105 ka\u017cdego mruczka.\",\"breadcrumb\":{\"@id\":\"https:\/\/www.houseofcats.pl\/de\/shop\/sofa-cube\/#breadcrumb\"},\"inLanguage\":\"de\",\"potentialAction\":[{\"@type\":\"ReadAction\",\"target\":[\"https:\/\/www.houseofcats.pl\/de\/shop\/sofa-cube\/\"]}]},{\"@type\":\"ImageObject\",\"inLanguage\":\"de\",\"@id\":\"https:\/\/www.houseofcats.pl\/de\/shop\/sofa-cube\/#primaryimage\",\"url\":\"https:\/\/www.houseofcats.pl\/wp-content\/uploads\/2018\/09\/WN3_1434.jpg\",\"contentUrl\":\"https:\/\/www.houseofcats.pl\/wp-content\/uploads\/2018\/09\/WN3_1434.jpg\",\"width\":768,\"height\":768},{\"@type\":\"BreadcrumbList\",\"@id\":\"https:\/\/www.houseofcats.pl\/de\/shop\/sofa-cube\/#breadcrumb\",\"itemListElement\":[{\"@type\":\"ListItem\",\"position\":1,\"name\":\"Strona g\u0142\u00f3wna\",\"item\":\"https:\/\/www.houseofcats.pl\/de\/\"},{\"@type\":\"ListItem\",\"position\":2,\"name\":\"Sklep\",\"item\":\"https:\/\/www.houseofcats.pl\/sklep\/\"},{\"@type\":\"ListItem\",\"position\":3,\"name\":\"Sofa Cube\"}]},{\"@type\":\"WebSite\",\"@id\":\"https:\/\/www.houseofcats.pl\/de\/#website\",\"url\":\"https:\/\/www.houseofcats.pl\/de\/\",\"name\":\"Sklep internetowy House of Cats\",\"description\":\"Drapaki dla kot\u00f3w\",\"publisher\":{\"@id\":\"https:\/\/www.houseofcats.pl\/de\/#organization\"},\"potentialAction\":[{\"@type\":\"SearchAction\",\"target\":{\"@type\":\"EntryPoint\",\"urlTemplate\":\"https:\/\/www.houseofcats.pl\/de\/?s={search_term_string}\"},\"query-input\":{\"@type\":\"PropertyValueSpecification\",\"valueRequired\":true,\"valueName\":\"search_term_string\"}}],\"inLanguage\":\"de\"},{\"@type\":\"Organization\",\"@id\":\"https:\/\/www.houseofcats.pl\/de\/#organization\",\"name\":\"Sklep internetowy House of Cats\",\"url\":\"https:\/\/www.houseofcats.pl\/de\/\",\"logo\":{\"@type\":\"ImageObject\",\"inLanguage\":\"de\",\"@id\":\"https:\/\/www.houseofcats.pl\/de\/#\/schema\/logo\/image\/\",\"url\":\"https:\/\/www.houseofcats.pl\/wp-content\/uploads\/2024\/07\/Zrzut-ekranu-2017-07-11-o-23.35.44.png\",\"contentUrl\":\"https:\/\/www.houseofcats.pl\/wp-content\/uploads\/2024\/07\/Zrzut-ekranu-2017-07-11-o-23.35.44.png\",\"width\":496,\"height\":474,\"caption\":\"Sklep internetowy House of Cats\"},\"image\":{\"@id\":\"https:\/\/www.houseofcats.pl\/de\/#\/schema\/logo\/image\/\"},\"sameAs\":[\"https:\/\/www.facebook.com\/houseofcatspl\",\"https:\/\/www.instagram.com\/houseofcats.pl\/\",\"https:\/\/www.youtube.com\/@houseofcats5403\"]}]}<\/script>\n<!-- \/ Yoast SEO plugin. -->","yoast_head_json":{"title":"Drapak dla kota - Sofa Cube - Drapaki tekturowe - House of Cats","description":"Wygodna le\u017canka z tektury z funkcj\u0105 drapaka to co\u015b o czym marzy Tw\u00f3j kot. Wy\u015bmienita jako\u015b\u0107 oraz dba\u0142o\u015b\u0107 o detale zadowol\u0105 ka\u017cdego mruczka.","robots":{"index":"index","follow":"follow","max-snippet":"max-snippet:-1","max-image-preview":"max-image-preview:large","max-video-preview":"max-video-preview:-1"},"canonical":"https:\/\/www.houseofcats.pl\/de\/shop\/sofa-cube\/","og_locale":"de_DE","og_type":"article","og_title":"Drapak dla kota - Sofa Cube - Drapaki tekturowe - House of Cats","og_description":"Wygodna le\u017canka z tektury z funkcj\u0105 drapaka to co\u015b o czym marzy Tw\u00f3j kot. Wy\u015bmienita jako\u015b\u0107 oraz dba\u0142o\u015b\u0107 o detale zadowol\u0105 ka\u017cdego mruczka.","og_url":"https:\/\/www.houseofcats.pl\/de\/shop\/sofa-cube\/","og_site_name":"Sklep internetowy House of Cats","article_publisher":"https:\/\/www.facebook.com\/houseofcatspl","article_modified_time":"2021-03-16T08:39:07+00:00","og_image":[{"width":768,"height":768,"url":"https:\/\/www.houseofcats.pl\/wp-content\/uploads\/2018\/09\/WN3_1434.jpg","type":"image\/jpeg"}],"twitter_card":"summary_large_image","twitter_misc":{"Gesch\u00e4tzte Lesezeit":"1\u00a0Minute"},"schema":{"@context":"https:\/\/schema.org","@graph":[{"@type":"WebPage","@id":"https:\/\/www.houseofcats.pl\/de\/shop\/sofa-cube\/","url":"https:\/\/www.houseofcats.pl\/de\/shop\/sofa-cube\/","name":"Drapak dla kota - Sofa Cube - Drapaki tekturowe - House of Cats","isPartOf":{"@id":"https:\/\/www.houseofcats.pl\/de\/#website"},"primaryImageOfPage":{"@id":"https:\/\/www.houseofcats.pl\/de\/shop\/sofa-cube\/#primaryimage"},"image":{"@id":"https:\/\/www.houseofcats.pl\/de\/shop\/sofa-cube\/#primaryimage"},"thumbnailUrl":"https:\/\/www.houseofcats.pl\/wp-content\/uploads\/2018\/09\/WN3_1434.jpg","datePublished":"2018-09-21T21:35:37+00:00","dateModified":"2021-03-16T08:39:07+00:00","description":"Wygodna le\u017canka z tektury z funkcj\u0105 drapaka to co\u015b o czym marzy Tw\u00f3j kot. Wy\u015bmienita jako\u015b\u0107 oraz dba\u0142o\u015b\u0107 o detale zadowol\u0105 ka\u017cdego mruczka.","breadcrumb":{"@id":"https:\/\/www.houseofcats.pl\/de\/shop\/sofa-cube\/#breadcrumb"},"inLanguage":"de","potentialAction":[{"@type":"ReadAction","target":["https:\/\/www.houseofcats.pl\/de\/shop\/sofa-cube\/"]}]},{"@type":"ImageObject","inLanguage":"de","@id":"https:\/\/www.houseofcats.pl\/de\/shop\/sofa-cube\/#primaryimage","url":"https:\/\/www.houseofcats.pl\/wp-content\/uploads\/2018\/09\/WN3_1434.jpg","contentUrl":"https:\/\/www.houseofcats.pl\/wp-content\/uploads\/2018\/09\/WN3_1434.jpg","width":768,"height":768},{"@type":"BreadcrumbList","@id":"https:\/\/www.houseofcats.pl\/de\/shop\/sofa-cube\/#breadcrumb","itemListElement":[{"@type":"ListItem","position":1,"name":"Strona g\u0142\u00f3wna","item":"https:\/\/www.houseofcats.pl\/de\/"},{"@type":"ListItem","position":2,"name":"Sklep","item":"https:\/\/www.houseofcats.pl\/sklep\/"},{"@type":"ListItem","position":3,"name":"Sofa Cube"}]},{"@type":"WebSite","@id":"https:\/\/www.houseofcats.pl\/de\/#website","url":"https:\/\/www.houseofcats.pl\/de\/","name":"Sklep internetowy House of Cats","description":"Drapaki dla kot\u00f3w","publisher":{"@id":"https:\/\/www.houseofcats.pl\/de\/#organization"},"potentialAction":[{"@type":"SearchAction","target":{"@type":"EntryPoint","urlTemplate":"https:\/\/www.houseofcats.pl\/de\/?s={search_term_string}"},"query-input":{"@type":"PropertyValueSpecification","valueRequired":true,"valueName":"search_term_string"}}],"inLanguage":"de"},{"@type":"Organization","@id":"https:\/\/www.houseofcats.pl\/de\/#organization","name":"Sklep internetowy House of Cats","url":"https:\/\/www.houseofcats.pl\/de\/","logo":{"@type":"ImageObject","inLanguage":"de","@id":"https:\/\/www.houseofcats.pl\/de\/#\/schema\/logo\/image\/","url":"https:\/\/www.houseofcats.pl\/wp-content\/uploads\/2024\/07\/Zrzut-ekranu-2017-07-11-o-23.35.44.png","contentUrl":"https:\/\/www.houseofcats.pl\/wp-content\/uploads\/2024\/07\/Zrzut-ekranu-2017-07-11-o-23.35.44.png","width":496,"height":474,"caption":"Sklep internetowy House of Cats"},"image":{"@id":"https:\/\/www.houseofcats.pl\/de\/#\/schema\/logo\/image\/"},"sameAs":["https:\/\/www.facebook.com\/houseofcatspl","https:\/\/www.instagram.com\/houseofcats.pl\/","https:\/\/www.youtube.com\/@houseofcats5403"]}]}},"_links":{"self":[{"href":"https:\/\/www.houseofcats.pl\/de\/wp-json\/wp\/v2\/product\/3674"}],"collection":[{"href":"https:\/\/www.houseofcats.pl\/de\/wp-json\/wp\/v2\/product"}],"about":[{"href":"https:\/\/www.houseofcats.pl\/de\/wp-json\/wp\/v2\/types\/product"}],"wp:featuredmedia":[{"embeddable":true,"href":"https:\/\/www.houseofcats.pl\/de\/wp-json\/wp\/v2\/media\/3680"}],"wp:attachment":[{"href":"https:\/\/www.houseofcats.pl\/de\/wp-json\/wp\/v2\/media?parent=3674"}],"wp:term":[{"taxonomy":"product_brand","embeddable":true,"href":"https:\/\/www.houseofcats.pl\/de\/wp-json\/wp\/v2\/product_brand?post=3674"},{"taxonomy":"product_cat","embeddable":true,"href":"https:\/\/www.houseofcats.pl\/de\/wp-json\/wp\/v2\/product_cat?post=3674"},{"taxonomy":"product_tag","embeddable":true,"href":"https:\/\/www.houseofcats.pl\/de\/wp-json\/wp\/v2\/product_tag?post=3674"}],"curies":[{"name":"wp","href":"https:\/\/api.w.org\/{rel}","templated":true}]}}