{"id":3689,"date":"2018-06-06T22:27:28","date_gmt":"2018-06-06T20:27:28","guid":{"rendered":"https:\/\/www.houseofcats.pl\/sklep\/sofa-eco\/"},"modified":"2021-03-16T09:42:22","modified_gmt":"2021-03-16T08:42:22","slug":"sofa-eco","status":"publish","type":"product","link":"https:\/\/www.houseofcats.pl\/de\/shop\/sofa-eco\/","title":{"rendered":"Sofa Eco"},"content":{"rendered":"<p>Eco ist eine neue Version des Sofa Kratzbaum. Hergestellt aus dem hochwertigsten Material mit einer ergonomischen Form, wird der Kratzer selbst die anspruchsvollsten Katzen zufriedenstellen.<\/p>\n<h3>Eco..<\/h3>\n<p>Die Vorderseite und die R\u00fcckseite des Eco Sofas sind vollst\u00e4ndig mit solidem Karton \u00fcberzogen. Die braune T\u00f6nung aus Pappe passt perfekt in jedes Interieur.<\/p>\n<hr \/>\n<p>Produktabmessungen Sofa: T: 27 cm, B: 68 cm, H: 12 cm<\/p>\n<p>Gewicht 1,8 kg<\/p>\n","protected":false},"excerpt":{"rendered":"<p>Eco ist eine neue Version des Sofa Kratzbaum. Hergestellt aus dem hochwertigsten Material mit einer ergonomischen Form, wird der Kratzer selbst die anspruchsvollsten Katzen zufriedenstellen. Eco.. Die Vorderseite und die R\u00fcckseite des Eco Sofas sind vollst\u00e4ndig mit solidem Karton \u00fcberzogen. Die braune T\u00f6nung aus Pappe passt perfekt in jedes Interieur. Produktabmessungen Sofa: T: 27 cm, &hellip;<\/p>\n","protected":false},"featured_media":3690,"template":"","meta":{"_acf_changed":false},"product_brand":[],"product_cat":[181],"product_tag":[189,175,182,184,183,188],"class_list":{"0":"post-3689","1":"product","2":"type-product","3":"status-publish","4":"has-post-thumbnail","6":"product_cat-sofa-de","7":"product_tag-dla-kota-de","8":"product_tag-drapak-de","9":"product_tag-kot-de","10":"product_tag-legowisko-de","11":"product_tag-tektura-de","12":"product_tag-tekturowy-de","14":"first","15":"instock","16":"taxable","17":"shipping-taxable","18":"purchasable","19":"product-type-simple"},"acf":[],"yoast_head":"<!-- This site is optimized with the Yoast SEO plugin v25.6 - https:\/\/yoast.com\/wordpress\/plugins\/seo\/ -->\n<title>Drapak dla kota - Sofa Eco - Drapaki tekturowe - House of Cats<\/title>\n<meta name=\"description\" content=\"Ekologiczny, tekturowy i ergonomiczny kszta\u0142t drapaka Sofa Eco od House of Cats zadowoli nawet najbardziej wymagaj\u0105cego kota.\" \/>\n<meta name=\"robots\" content=\"index, follow, max-snippet:-1, max-image-preview:large, max-video-preview:-1\" \/>\n<link rel=\"canonical\" href=\"https:\/\/www.houseofcats.pl\/de\/shop\/sofa-eco\/\" \/>\n<meta property=\"og:locale\" content=\"de_DE\" \/>\n<meta property=\"og:type\" content=\"article\" \/>\n<meta property=\"og:title\" content=\"Drapak dla kota - Sofa Eco - Drapaki tekturowe - House of Cats\" \/>\n<meta property=\"og:description\" content=\"Ekologiczny, tekturowy i ergonomiczny kszta\u0142t drapaka Sofa Eco od House of Cats zadowoli nawet najbardziej wymagaj\u0105cego kota.\" \/>\n<meta property=\"og:url\" content=\"https:\/\/www.houseofcats.pl\/de\/shop\/sofa-eco\/\" \/>\n<meta property=\"og:site_name\" content=\"Sklep internetowy House of Cats\" \/>\n<meta property=\"article:publisher\" content=\"https:\/\/www.facebook.com\/houseofcatspl\" \/>\n<meta property=\"article:modified_time\" content=\"2021-03-16T08:42:22+00:00\" \/>\n<meta property=\"og:image\" content=\"https:\/\/www.houseofcats.pl\/wp-content\/uploads\/2018\/06\/WN2_9463.jpg\" \/>\n\t<meta property=\"og:image:width\" content=\"1022\" \/>\n\t<meta property=\"og:image:height\" content=\"1024\" \/>\n\t<meta property=\"og:image:type\" content=\"image\/jpeg\" \/>\n<meta name=\"twitter:card\" content=\"summary_large_image\" \/>\n<meta name=\"twitter:label1\" content=\"Gesch\u00e4tzte Lesezeit\" \/>\n\t<meta name=\"twitter:data1\" content=\"1\u00a0Minute\" \/>\n<script type=\"application\/ld+json\" class=\"yoast-schema-graph\">{\"@context\":\"https:\/\/schema.org\",\"@graph\":[{\"@type\":\"WebPage\",\"@id\":\"https:\/\/www.houseofcats.pl\/de\/shop\/sofa-eco\/\",\"url\":\"https:\/\/www.houseofcats.pl\/de\/shop\/sofa-eco\/\",\"name\":\"Drapak dla kota - Sofa Eco - Drapaki tekturowe - House of Cats\",\"isPartOf\":{\"@id\":\"https:\/\/www.houseofcats.pl\/de\/#website\"},\"primaryImageOfPage\":{\"@id\":\"https:\/\/www.houseofcats.pl\/de\/shop\/sofa-eco\/#primaryimage\"},\"image\":{\"@id\":\"https:\/\/www.houseofcats.pl\/de\/shop\/sofa-eco\/#primaryimage\"},\"thumbnailUrl\":\"https:\/\/www.houseofcats.pl\/wp-content\/uploads\/2018\/06\/WN2_9463.jpg\",\"datePublished\":\"2018-06-06T20:27:28+00:00\",\"dateModified\":\"2021-03-16T08:42:22+00:00\",\"description\":\"Ekologiczny, tekturowy i ergonomiczny kszta\u0142t drapaka Sofa Eco od House of Cats zadowoli nawet najbardziej wymagaj\u0105cego kota.\",\"breadcrumb\":{\"@id\":\"https:\/\/www.houseofcats.pl\/de\/shop\/sofa-eco\/#breadcrumb\"},\"inLanguage\":\"de\",\"potentialAction\":[{\"@type\":\"ReadAction\",\"target\":[\"https:\/\/www.houseofcats.pl\/de\/shop\/sofa-eco\/\"]}]},{\"@type\":\"ImageObject\",\"inLanguage\":\"de\",\"@id\":\"https:\/\/www.houseofcats.pl\/de\/shop\/sofa-eco\/#primaryimage\",\"url\":\"https:\/\/www.houseofcats.pl\/wp-content\/uploads\/2018\/06\/WN2_9463.jpg\",\"contentUrl\":\"https:\/\/www.houseofcats.pl\/wp-content\/uploads\/2018\/06\/WN2_9463.jpg\",\"width\":1022,\"height\":1024},{\"@type\":\"BreadcrumbList\",\"@id\":\"https:\/\/www.houseofcats.pl\/de\/shop\/sofa-eco\/#breadcrumb\",\"itemListElement\":[{\"@type\":\"ListItem\",\"position\":1,\"name\":\"Strona g\u0142\u00f3wna\",\"item\":\"https:\/\/www.houseofcats.pl\/de\/\"},{\"@type\":\"ListItem\",\"position\":2,\"name\":\"Sklep\",\"item\":\"https:\/\/www.houseofcats.pl\/sklep\/\"},{\"@type\":\"ListItem\",\"position\":3,\"name\":\"Sofa Eco\"}]},{\"@type\":\"WebSite\",\"@id\":\"https:\/\/www.houseofcats.pl\/de\/#website\",\"url\":\"https:\/\/www.houseofcats.pl\/de\/\",\"name\":\"Sklep internetowy House of Cats\",\"description\":\"Drapaki dla kot\u00f3w\",\"publisher\":{\"@id\":\"https:\/\/www.houseofcats.pl\/de\/#organization\"},\"potentialAction\":[{\"@type\":\"SearchAction\",\"target\":{\"@type\":\"EntryPoint\",\"urlTemplate\":\"https:\/\/www.houseofcats.pl\/de\/?s={search_term_string}\"},\"query-input\":{\"@type\":\"PropertyValueSpecification\",\"valueRequired\":true,\"valueName\":\"search_term_string\"}}],\"inLanguage\":\"de\"},{\"@type\":\"Organization\",\"@id\":\"https:\/\/www.houseofcats.pl\/de\/#organization\",\"name\":\"Sklep internetowy House of Cats\",\"url\":\"https:\/\/www.houseofcats.pl\/de\/\",\"logo\":{\"@type\":\"ImageObject\",\"inLanguage\":\"de\",\"@id\":\"https:\/\/www.houseofcats.pl\/de\/#\/schema\/logo\/image\/\",\"url\":\"https:\/\/www.houseofcats.pl\/wp-content\/uploads\/2024\/07\/Zrzut-ekranu-2017-07-11-o-23.35.44.png\",\"contentUrl\":\"https:\/\/www.houseofcats.pl\/wp-content\/uploads\/2024\/07\/Zrzut-ekranu-2017-07-11-o-23.35.44.png\",\"width\":496,\"height\":474,\"caption\":\"Sklep internetowy House of Cats\"},\"image\":{\"@id\":\"https:\/\/www.houseofcats.pl\/de\/#\/schema\/logo\/image\/\"},\"sameAs\":[\"https:\/\/www.facebook.com\/houseofcatspl\",\"https:\/\/www.instagram.com\/houseofcats.pl\/\",\"https:\/\/www.youtube.com\/@houseofcats5403\"]}]}<\/script>\n<!-- \/ Yoast SEO plugin. -->","yoast_head_json":{"title":"Drapak dla kota - Sofa Eco - Drapaki tekturowe - House of Cats","description":"Ekologiczny, tekturowy i ergonomiczny kszta\u0142t drapaka Sofa Eco od House of Cats zadowoli nawet najbardziej wymagaj\u0105cego kota.","robots":{"index":"index","follow":"follow","max-snippet":"max-snippet:-1","max-image-preview":"max-image-preview:large","max-video-preview":"max-video-preview:-1"},"canonical":"https:\/\/www.houseofcats.pl\/de\/shop\/sofa-eco\/","og_locale":"de_DE","og_type":"article","og_title":"Drapak dla kota - Sofa Eco - Drapaki tekturowe - House of Cats","og_description":"Ekologiczny, tekturowy i ergonomiczny kszta\u0142t drapaka Sofa Eco od House of Cats zadowoli nawet najbardziej wymagaj\u0105cego kota.","og_url":"https:\/\/www.houseofcats.pl\/de\/shop\/sofa-eco\/","og_site_name":"Sklep internetowy House of Cats","article_publisher":"https:\/\/www.facebook.com\/houseofcatspl","article_modified_time":"2021-03-16T08:42:22+00:00","og_image":[{"width":1022,"height":1024,"url":"https:\/\/www.houseofcats.pl\/wp-content\/uploads\/2018\/06\/WN2_9463.jpg","type":"image\/jpeg"}],"twitter_card":"summary_large_image","twitter_misc":{"Gesch\u00e4tzte Lesezeit":"1\u00a0Minute"},"schema":{"@context":"https:\/\/schema.org","@graph":[{"@type":"WebPage","@id":"https:\/\/www.houseofcats.pl\/de\/shop\/sofa-eco\/","url":"https:\/\/www.houseofcats.pl\/de\/shop\/sofa-eco\/","name":"Drapak dla kota - Sofa Eco - Drapaki tekturowe - House of Cats","isPartOf":{"@id":"https:\/\/www.houseofcats.pl\/de\/#website"},"primaryImageOfPage":{"@id":"https:\/\/www.houseofcats.pl\/de\/shop\/sofa-eco\/#primaryimage"},"image":{"@id":"https:\/\/www.houseofcats.pl\/de\/shop\/sofa-eco\/#primaryimage"},"thumbnailUrl":"https:\/\/www.houseofcats.pl\/wp-content\/uploads\/2018\/06\/WN2_9463.jpg","datePublished":"2018-06-06T20:27:28+00:00","dateModified":"2021-03-16T08:42:22+00:00","description":"Ekologiczny, tekturowy i ergonomiczny kszta\u0142t drapaka Sofa Eco od House of Cats zadowoli nawet najbardziej wymagaj\u0105cego kota.","breadcrumb":{"@id":"https:\/\/www.houseofcats.pl\/de\/shop\/sofa-eco\/#breadcrumb"},"inLanguage":"de","potentialAction":[{"@type":"ReadAction","target":["https:\/\/www.houseofcats.pl\/de\/shop\/sofa-eco\/"]}]},{"@type":"ImageObject","inLanguage":"de","@id":"https:\/\/www.houseofcats.pl\/de\/shop\/sofa-eco\/#primaryimage","url":"https:\/\/www.houseofcats.pl\/wp-content\/uploads\/2018\/06\/WN2_9463.jpg","contentUrl":"https:\/\/www.houseofcats.pl\/wp-content\/uploads\/2018\/06\/WN2_9463.jpg","width":1022,"height":1024},{"@type":"BreadcrumbList","@id":"https:\/\/www.houseofcats.pl\/de\/shop\/sofa-eco\/#breadcrumb","itemListElement":[{"@type":"ListItem","position":1,"name":"Strona g\u0142\u00f3wna","item":"https:\/\/www.houseofcats.pl\/de\/"},{"@type":"ListItem","position":2,"name":"Sklep","item":"https:\/\/www.houseofcats.pl\/sklep\/"},{"@type":"ListItem","position":3,"name":"Sofa Eco"}]},{"@type":"WebSite","@id":"https:\/\/www.houseofcats.pl\/de\/#website","url":"https:\/\/www.houseofcats.pl\/de\/","name":"Sklep internetowy House of Cats","description":"Drapaki dla kot\u00f3w","publisher":{"@id":"https:\/\/www.houseofcats.pl\/de\/#organization"},"potentialAction":[{"@type":"SearchAction","target":{"@type":"EntryPoint","urlTemplate":"https:\/\/www.houseofcats.pl\/de\/?s={search_term_string}"},"query-input":{"@type":"PropertyValueSpecification","valueRequired":true,"valueName":"search_term_string"}}],"inLanguage":"de"},{"@type":"Organization","@id":"https:\/\/www.houseofcats.pl\/de\/#organization","name":"Sklep internetowy House of Cats","url":"https:\/\/www.houseofcats.pl\/de\/","logo":{"@type":"ImageObject","inLanguage":"de","@id":"https:\/\/www.houseofcats.pl\/de\/#\/schema\/logo\/image\/","url":"https:\/\/www.houseofcats.pl\/wp-content\/uploads\/2024\/07\/Zrzut-ekranu-2017-07-11-o-23.35.44.png","contentUrl":"https:\/\/www.houseofcats.pl\/wp-content\/uploads\/2024\/07\/Zrzut-ekranu-2017-07-11-o-23.35.44.png","width":496,"height":474,"caption":"Sklep internetowy House of Cats"},"image":{"@id":"https:\/\/www.houseofcats.pl\/de\/#\/schema\/logo\/image\/"},"sameAs":["https:\/\/www.facebook.com\/houseofcatspl","https:\/\/www.instagram.com\/houseofcats.pl\/","https:\/\/www.youtube.com\/@houseofcats5403"]}]}},"_links":{"self":[{"href":"https:\/\/www.houseofcats.pl\/de\/wp-json\/wp\/v2\/product\/3689"}],"collection":[{"href":"https:\/\/www.houseofcats.pl\/de\/wp-json\/wp\/v2\/product"}],"about":[{"href":"https:\/\/www.houseofcats.pl\/de\/wp-json\/wp\/v2\/types\/product"}],"wp:featuredmedia":[{"embeddable":true,"href":"https:\/\/www.houseofcats.pl\/de\/wp-json\/wp\/v2\/media\/3690"}],"wp:attachment":[{"href":"https:\/\/www.houseofcats.pl\/de\/wp-json\/wp\/v2\/media?parent=3689"}],"wp:term":[{"taxonomy":"product_brand","embeddable":true,"href":"https:\/\/www.houseofcats.pl\/de\/wp-json\/wp\/v2\/product_brand?post=3689"},{"taxonomy":"product_cat","embeddable":true,"href":"https:\/\/www.houseofcats.pl\/de\/wp-json\/wp\/v2\/product_cat?post=3689"},{"taxonomy":"product_tag","embeddable":true,"href":"https:\/\/www.houseofcats.pl\/de\/wp-json\/wp\/v2\/product_tag?post=3689"}],"curies":[{"name":"wp","href":"https:\/\/api.w.org\/{rel}","templated":true}]}}