{"id":3774,"date":"2017-06-03T10:56:00","date_gmt":"2017-06-03T08:56:00","guid":{"rendered":"https:\/\/www.houseofcats.pl\/sklep\/elipso-black\/"},"modified":"2024-10-04T23:54:39","modified_gmt":"2024-10-04T21:54:39","slug":"elipso-black","status":"publish","type":"product","link":"https:\/\/www.houseofcats.pl\/de\/shop\/elipso-black\/","title":{"rendered":"Elipso Black"},"content":{"rendered":"<p>Funktionalit\u00e4t, vereint mit einem modischen Design.<\/p>\n<p>Auch Katzen verdienen besondere Dinge, deshalb haben unsere Designer gro\u00dfe Bem\u00fchungen investiert, damit der Kratzbaum nicht nur funktionell, aber auch in seiner Pr\u00e4sentation einzigartig ist. Zur Herstellung wurden ausschlie\u00dflich Materialien verwendet, die genau den Bed\u00fcrfnissen einer Katze entsprechen und wurde zuletzt mit einer wei\u00dfen Front versehen. Er ist ansprechend weich und angenehm beim Ber\u00fchren.<\/p>\n<h3><b>Kratzbaum Elipso \u2013 die Definition der Bequemlichkeit Ihrer Katze!!<\/b><\/h3>\n<p>Der Kratzbaum h\u00e4lt auch lang anhaltendem Kratzen stand und selbst sch\u00e4rfste Katzenkrallen k\u00f6nnen dem Kratzbaum nichts anhaben. Die flache Form und die ausreichenden Ma\u00dfe sorgen daf\u00fcr, dass sich hier jede Katze wohlf\u00fchlen kann.<\/p>\n<hr \/>\n<p>Produktabmessungen Elipso: T: 27 cm, B: 68 cm, H: 42 cm<\/p>\n<p>Gewicht 3,8 kg<\/p>\n","protected":false},"excerpt":{"rendered":"<p>Funktionalit\u00e4t, vereint mit einem modischen Design. Auch Katzen verdienen besondere Dinge, deshalb haben unsere Designer gro\u00dfe Bem\u00fchungen investiert, damit der Kratzbaum nicht nur funktionell, aber auch in seiner Pr\u00e4sentation einzigartig ist. Zur Herstellung wurden ausschlie\u00dflich Materialien verwendet, die genau den Bed\u00fcrfnissen einer Katze entsprechen und wurde zuletzt mit einer wei\u00dfen Front versehen. Er ist ansprechend &hellip;<\/p>\n","protected":false},"featured_media":3753,"template":"","meta":{"_acf_changed":false},"product_brand":[],"product_cat":[172],"product_tag":[175,199,198,197,183],"class_list":{"0":"post-3774","1":"product","2":"type-product","3":"status-publish","4":"has-post-thumbnail","6":"product_cat-elipso-de","7":"product_tag-drapak-de","8":"product_tag-elipso-de","9":"product_tag-houseofcats-de","10":"product_tag-karton-de","11":"product_tag-tektura-de","13":"first","14":"instock","15":"taxable","16":"shipping-taxable","17":"purchasable","18":"product-type-simple"},"acf":[],"yoast_head":"<!-- This site is optimized with the Yoast SEO plugin v25.6 - https:\/\/yoast.com\/wordpress\/plugins\/seo\/ -->\n<title>Drapak dla kota - Elipso Black - Drapaki tekturowe - House of Cats<\/title>\n<meta name=\"description\" content=\"Nowo\u015b\u0107 od House of Cats. Drapak Elipso to drapak, kt\u00f3ry powsta\u0142 z my\u015bl\u0105 o du\u017cych kotach. Elipso to przestronne wn\u0119trze oraz du\u017ca powierzchnia.\" \/>\n<meta name=\"robots\" content=\"index, follow, max-snippet:-1, max-image-preview:large, max-video-preview:-1\" \/>\n<link rel=\"canonical\" href=\"https:\/\/www.houseofcats.pl\/de\/shop\/elipso-black\/\" \/>\n<meta property=\"og:locale\" content=\"de_DE\" \/>\n<meta property=\"og:type\" content=\"article\" \/>\n<meta property=\"og:title\" content=\"Drapak dla kota - Elipso Black - Drapaki tekturowe - House of Cats\" \/>\n<meta property=\"og:description\" content=\"Nowo\u015b\u0107 od House of Cats. Drapak Elipso to drapak, kt\u00f3ry powsta\u0142 z my\u015bl\u0105 o du\u017cych kotach. Elipso to przestronne wn\u0119trze oraz du\u017ca powierzchnia.\" \/>\n<meta property=\"og:url\" content=\"https:\/\/www.houseofcats.pl\/de\/shop\/elipso-black\/\" \/>\n<meta property=\"og:site_name\" content=\"Sklep internetowy House of Cats\" \/>\n<meta property=\"article:publisher\" content=\"https:\/\/www.facebook.com\/houseofcatspl\" \/>\n<meta property=\"article:modified_time\" content=\"2024-10-04T21:54:39+00:00\" \/>\n<meta property=\"og:image\" content=\"https:\/\/www.houseofcats.pl\/wp-content\/uploads\/2017\/06\/IMG_1628-2-scaled.jpg\" \/>\n\t<meta property=\"og:image:width\" content=\"2560\" \/>\n\t<meta property=\"og:image:height\" content=\"2560\" \/>\n\t<meta property=\"og:image:type\" content=\"image\/jpeg\" \/>\n<meta name=\"twitter:card\" content=\"summary_large_image\" \/>\n<meta name=\"twitter:label1\" content=\"Gesch\u00e4tzte Lesezeit\" \/>\n\t<meta name=\"twitter:data1\" content=\"1\u00a0Minute\" \/>\n<script type=\"application\/ld+json\" class=\"yoast-schema-graph\">{\"@context\":\"https:\/\/schema.org\",\"@graph\":[{\"@type\":\"WebPage\",\"@id\":\"https:\/\/www.houseofcats.pl\/de\/shop\/elipso-black\/\",\"url\":\"https:\/\/www.houseofcats.pl\/de\/shop\/elipso-black\/\",\"name\":\"Drapak dla kota - Elipso Black - Drapaki tekturowe - House of Cats\",\"isPartOf\":{\"@id\":\"https:\/\/www.houseofcats.pl\/de\/#website\"},\"primaryImageOfPage\":{\"@id\":\"https:\/\/www.houseofcats.pl\/de\/shop\/elipso-black\/#primaryimage\"},\"image\":{\"@id\":\"https:\/\/www.houseofcats.pl\/de\/shop\/elipso-black\/#primaryimage\"},\"thumbnailUrl\":\"https:\/\/www.houseofcats.pl\/wp-content\/uploads\/2017\/06\/IMG_1628-2-scaled.jpg\",\"datePublished\":\"2017-06-03T08:56:00+00:00\",\"dateModified\":\"2024-10-04T21:54:39+00:00\",\"description\":\"Nowo\u015b\u0107 od House of Cats. Drapak Elipso to drapak, kt\u00f3ry powsta\u0142 z my\u015bl\u0105 o du\u017cych kotach. Elipso to przestronne wn\u0119trze oraz du\u017ca powierzchnia.\",\"breadcrumb\":{\"@id\":\"https:\/\/www.houseofcats.pl\/de\/shop\/elipso-black\/#breadcrumb\"},\"inLanguage\":\"de\",\"potentialAction\":[{\"@type\":\"ReadAction\",\"target\":[\"https:\/\/www.houseofcats.pl\/de\/shop\/elipso-black\/\"]}]},{\"@type\":\"ImageObject\",\"inLanguage\":\"de\",\"@id\":\"https:\/\/www.houseofcats.pl\/de\/shop\/elipso-black\/#primaryimage\",\"url\":\"https:\/\/www.houseofcats.pl\/wp-content\/uploads\/2017\/06\/IMG_1628-2-scaled.jpg\",\"contentUrl\":\"https:\/\/www.houseofcats.pl\/wp-content\/uploads\/2017\/06\/IMG_1628-2-scaled.jpg\",\"width\":2560,\"height\":2560},{\"@type\":\"BreadcrumbList\",\"@id\":\"https:\/\/www.houseofcats.pl\/de\/shop\/elipso-black\/#breadcrumb\",\"itemListElement\":[{\"@type\":\"ListItem\",\"position\":1,\"name\":\"Strona g\u0142\u00f3wna\",\"item\":\"https:\/\/www.houseofcats.pl\/de\/\"},{\"@type\":\"ListItem\",\"position\":2,\"name\":\"Sklep\",\"item\":\"https:\/\/www.houseofcats.pl\/sklep\/\"},{\"@type\":\"ListItem\",\"position\":3,\"name\":\"Elipso Black\"}]},{\"@type\":\"WebSite\",\"@id\":\"https:\/\/www.houseofcats.pl\/de\/#website\",\"url\":\"https:\/\/www.houseofcats.pl\/de\/\",\"name\":\"Sklep internetowy House of Cats\",\"description\":\"Drapaki dla kot\u00f3w\",\"publisher\":{\"@id\":\"https:\/\/www.houseofcats.pl\/de\/#organization\"},\"potentialAction\":[{\"@type\":\"SearchAction\",\"target\":{\"@type\":\"EntryPoint\",\"urlTemplate\":\"https:\/\/www.houseofcats.pl\/de\/?s={search_term_string}\"},\"query-input\":{\"@type\":\"PropertyValueSpecification\",\"valueRequired\":true,\"valueName\":\"search_term_string\"}}],\"inLanguage\":\"de\"},{\"@type\":\"Organization\",\"@id\":\"https:\/\/www.houseofcats.pl\/de\/#organization\",\"name\":\"Sklep internetowy House of Cats\",\"url\":\"https:\/\/www.houseofcats.pl\/de\/\",\"logo\":{\"@type\":\"ImageObject\",\"inLanguage\":\"de\",\"@id\":\"https:\/\/www.houseofcats.pl\/de\/#\/schema\/logo\/image\/\",\"url\":\"https:\/\/www.houseofcats.pl\/wp-content\/uploads\/2024\/07\/Zrzut-ekranu-2017-07-11-o-23.35.44.png\",\"contentUrl\":\"https:\/\/www.houseofcats.pl\/wp-content\/uploads\/2024\/07\/Zrzut-ekranu-2017-07-11-o-23.35.44.png\",\"width\":496,\"height\":474,\"caption\":\"Sklep internetowy House of Cats\"},\"image\":{\"@id\":\"https:\/\/www.houseofcats.pl\/de\/#\/schema\/logo\/image\/\"},\"sameAs\":[\"https:\/\/www.facebook.com\/houseofcatspl\",\"https:\/\/www.instagram.com\/houseofcats.pl\/\",\"https:\/\/www.youtube.com\/@houseofcats5403\"]}]}<\/script>\n<!-- \/ Yoast SEO plugin. -->","yoast_head_json":{"title":"Drapak dla kota - Elipso Black - Drapaki tekturowe - House of Cats","description":"Nowo\u015b\u0107 od House of Cats. Drapak Elipso to drapak, kt\u00f3ry powsta\u0142 z my\u015bl\u0105 o du\u017cych kotach. Elipso to przestronne wn\u0119trze oraz du\u017ca powierzchnia.","robots":{"index":"index","follow":"follow","max-snippet":"max-snippet:-1","max-image-preview":"max-image-preview:large","max-video-preview":"max-video-preview:-1"},"canonical":"https:\/\/www.houseofcats.pl\/de\/shop\/elipso-black\/","og_locale":"de_DE","og_type":"article","og_title":"Drapak dla kota - Elipso Black - Drapaki tekturowe - House of Cats","og_description":"Nowo\u015b\u0107 od House of Cats. Drapak Elipso to drapak, kt\u00f3ry powsta\u0142 z my\u015bl\u0105 o du\u017cych kotach. Elipso to przestronne wn\u0119trze oraz du\u017ca powierzchnia.","og_url":"https:\/\/www.houseofcats.pl\/de\/shop\/elipso-black\/","og_site_name":"Sklep internetowy House of Cats","article_publisher":"https:\/\/www.facebook.com\/houseofcatspl","article_modified_time":"2024-10-04T21:54:39+00:00","og_image":[{"width":2560,"height":2560,"url":"https:\/\/www.houseofcats.pl\/wp-content\/uploads\/2017\/06\/IMG_1628-2-scaled.jpg","type":"image\/jpeg"}],"twitter_card":"summary_large_image","twitter_misc":{"Gesch\u00e4tzte Lesezeit":"1\u00a0Minute"},"schema":{"@context":"https:\/\/schema.org","@graph":[{"@type":"WebPage","@id":"https:\/\/www.houseofcats.pl\/de\/shop\/elipso-black\/","url":"https:\/\/www.houseofcats.pl\/de\/shop\/elipso-black\/","name":"Drapak dla kota - Elipso Black - Drapaki tekturowe - House of Cats","isPartOf":{"@id":"https:\/\/www.houseofcats.pl\/de\/#website"},"primaryImageOfPage":{"@id":"https:\/\/www.houseofcats.pl\/de\/shop\/elipso-black\/#primaryimage"},"image":{"@id":"https:\/\/www.houseofcats.pl\/de\/shop\/elipso-black\/#primaryimage"},"thumbnailUrl":"https:\/\/www.houseofcats.pl\/wp-content\/uploads\/2017\/06\/IMG_1628-2-scaled.jpg","datePublished":"2017-06-03T08:56:00+00:00","dateModified":"2024-10-04T21:54:39+00:00","description":"Nowo\u015b\u0107 od House of Cats. Drapak Elipso to drapak, kt\u00f3ry powsta\u0142 z my\u015bl\u0105 o du\u017cych kotach. Elipso to przestronne wn\u0119trze oraz du\u017ca powierzchnia.","breadcrumb":{"@id":"https:\/\/www.houseofcats.pl\/de\/shop\/elipso-black\/#breadcrumb"},"inLanguage":"de","potentialAction":[{"@type":"ReadAction","target":["https:\/\/www.houseofcats.pl\/de\/shop\/elipso-black\/"]}]},{"@type":"ImageObject","inLanguage":"de","@id":"https:\/\/www.houseofcats.pl\/de\/shop\/elipso-black\/#primaryimage","url":"https:\/\/www.houseofcats.pl\/wp-content\/uploads\/2017\/06\/IMG_1628-2-scaled.jpg","contentUrl":"https:\/\/www.houseofcats.pl\/wp-content\/uploads\/2017\/06\/IMG_1628-2-scaled.jpg","width":2560,"height":2560},{"@type":"BreadcrumbList","@id":"https:\/\/www.houseofcats.pl\/de\/shop\/elipso-black\/#breadcrumb","itemListElement":[{"@type":"ListItem","position":1,"name":"Strona g\u0142\u00f3wna","item":"https:\/\/www.houseofcats.pl\/de\/"},{"@type":"ListItem","position":2,"name":"Sklep","item":"https:\/\/www.houseofcats.pl\/sklep\/"},{"@type":"ListItem","position":3,"name":"Elipso Black"}]},{"@type":"WebSite","@id":"https:\/\/www.houseofcats.pl\/de\/#website","url":"https:\/\/www.houseofcats.pl\/de\/","name":"Sklep internetowy House of Cats","description":"Drapaki dla kot\u00f3w","publisher":{"@id":"https:\/\/www.houseofcats.pl\/de\/#organization"},"potentialAction":[{"@type":"SearchAction","target":{"@type":"EntryPoint","urlTemplate":"https:\/\/www.houseofcats.pl\/de\/?s={search_term_string}"},"query-input":{"@type":"PropertyValueSpecification","valueRequired":true,"valueName":"search_term_string"}}],"inLanguage":"de"},{"@type":"Organization","@id":"https:\/\/www.houseofcats.pl\/de\/#organization","name":"Sklep internetowy House of Cats","url":"https:\/\/www.houseofcats.pl\/de\/","logo":{"@type":"ImageObject","inLanguage":"de","@id":"https:\/\/www.houseofcats.pl\/de\/#\/schema\/logo\/image\/","url":"https:\/\/www.houseofcats.pl\/wp-content\/uploads\/2024\/07\/Zrzut-ekranu-2017-07-11-o-23.35.44.png","contentUrl":"https:\/\/www.houseofcats.pl\/wp-content\/uploads\/2024\/07\/Zrzut-ekranu-2017-07-11-o-23.35.44.png","width":496,"height":474,"caption":"Sklep internetowy House of Cats"},"image":{"@id":"https:\/\/www.houseofcats.pl\/de\/#\/schema\/logo\/image\/"},"sameAs":["https:\/\/www.facebook.com\/houseofcatspl","https:\/\/www.instagram.com\/houseofcats.pl\/","https:\/\/www.youtube.com\/@houseofcats5403"]}]}},"_links":{"self":[{"href":"https:\/\/www.houseofcats.pl\/de\/wp-json\/wp\/v2\/product\/3774"}],"collection":[{"href":"https:\/\/www.houseofcats.pl\/de\/wp-json\/wp\/v2\/product"}],"about":[{"href":"https:\/\/www.houseofcats.pl\/de\/wp-json\/wp\/v2\/types\/product"}],"wp:featuredmedia":[{"embeddable":true,"href":"https:\/\/www.houseofcats.pl\/de\/wp-json\/wp\/v2\/media\/3753"}],"wp:attachment":[{"href":"https:\/\/www.houseofcats.pl\/de\/wp-json\/wp\/v2\/media?parent=3774"}],"wp:term":[{"taxonomy":"product_brand","embeddable":true,"href":"https:\/\/www.houseofcats.pl\/de\/wp-json\/wp\/v2\/product_brand?post=3774"},{"taxonomy":"product_cat","embeddable":true,"href":"https:\/\/www.houseofcats.pl\/de\/wp-json\/wp\/v2\/product_cat?post=3774"},{"taxonomy":"product_tag","embeddable":true,"href":"https:\/\/www.houseofcats.pl\/de\/wp-json\/wp\/v2\/product_tag?post=3774"}],"curies":[{"name":"wp","href":"https:\/\/api.w.org\/{rel}","templated":true}]}}