{"id":3796,"date":"2017-03-31T13:50:10","date_gmt":"2017-03-31T11:50:10","guid":{"rendered":"https:\/\/www.houseofcats.pl\/sklep\/comfy-white\/"},"modified":"2021-03-16T09:55:08","modified_gmt":"2021-03-16T08:55:08","slug":"comfy-white","status":"publish","type":"product","link":"https:\/\/www.houseofcats.pl\/de\/shop\/comfy-white\/","title":{"rendered":"Comfy White"},"content":{"rendered":"<p>Unser neuer Kratzbaum mit der Funktion einer bequemen Liege. Bei der Erstellung von Comfy f\u00fchrte uns auf die Idee, einen kleinen Kratzbaum zu schaffen, die an die Katze Anatomie angepasst sein wird.<\/p>\n<h3>sich wohl f\u00fchlen ..<\/h3>\n<p>Stilvoll geformte Sofa, so wie edle und universale Farbe wird sicherlich jedem Benutzer sehr gut gefallen. Die Sofa wird sich auch Ihren Innenraum perfekt einpassen.<\/p>\n<hr \/>\n<p>Produktabmessungen Comfy: T: 27 cm, B: 50 cm, H: 9 cm<\/p>\n<p>Gewicht 1,1 kg<\/p>\n","protected":false},"excerpt":{"rendered":"<p>Unser neuer Kratzbaum mit der Funktion einer bequemen Liege. Bei der Erstellung von Comfy f\u00fchrte uns auf die Idee, einen kleinen Kratzbaum zu schaffen, die an die Katze Anatomie angepasst sein wird. sich wohl f\u00fchlen .. Stilvoll geformte Sofa, so wie edle und universale Farbe wird sicherlich jedem Benutzer sehr gut gefallen. Die Sofa wird &hellip;<\/p>\n","protected":false},"featured_media":3797,"template":"","meta":{"_acf_changed":false},"product_brand":[],"product_cat":[170],"product_tag":[175],"class_list":{"0":"post-3796","1":"product","2":"type-product","3":"status-publish","4":"has-post-thumbnail","6":"product_cat-comfy-de","7":"product_tag-drapak-de","9":"first","10":"instock","11":"sale","12":"taxable","13":"shipping-taxable","14":"purchasable","15":"product-type-simple"},"acf":[],"yoast_head":"<!-- This site is optimized with the Yoast SEO plugin v25.6 - https:\/\/yoast.com\/wordpress\/plugins\/seo\/ -->\n<title>Wygodne legowisko i drapak dla kota Comfy White od House of Cats<\/title>\n<meta name=\"description\" content=\"Podaruj mu odrobine luksusu.. Drapak Comfy to wygodna le\u017canka, kt\u00f3ra pozwoli Twojemu kotu odpocz\u0105\u0107 i w komfortowych warunkach t\u0119pi\u0107 pazurki\" \/>\n<meta name=\"robots\" content=\"index, follow, max-snippet:-1, max-image-preview:large, max-video-preview:-1\" \/>\n<link rel=\"canonical\" href=\"https:\/\/www.houseofcats.pl\/de\/shop\/comfy-white\/\" \/>\n<meta property=\"og:locale\" content=\"de_DE\" \/>\n<meta property=\"og:type\" content=\"article\" \/>\n<meta property=\"og:title\" content=\"Wygodne legowisko i drapak dla kota Comfy White od House of Cats\" \/>\n<meta property=\"og:description\" content=\"Podaruj mu odrobine luksusu.. Drapak Comfy to wygodna le\u017canka, kt\u00f3ra pozwoli Twojemu kotu odpocz\u0105\u0107 i w komfortowych warunkach t\u0119pi\u0107 pazurki\" \/>\n<meta property=\"og:url\" content=\"https:\/\/www.houseofcats.pl\/de\/shop\/comfy-white\/\" \/>\n<meta property=\"og:site_name\" content=\"Sklep internetowy House of Cats\" \/>\n<meta property=\"article:publisher\" content=\"https:\/\/www.facebook.com\/houseofcatspl\" \/>\n<meta property=\"article:modified_time\" content=\"2021-03-16T08:55:08+00:00\" \/>\n<meta property=\"og:image\" content=\"https:\/\/www.houseofcats.pl\/wp-content\/uploads\/2017\/03\/comfy.jpg\" \/>\n\t<meta property=\"og:image:width\" content=\"900\" \/>\n\t<meta property=\"og:image:height\" content=\"900\" \/>\n\t<meta property=\"og:image:type\" content=\"image\/jpeg\" \/>\n<meta name=\"twitter:card\" content=\"summary_large_image\" \/>\n<meta name=\"twitter:label1\" content=\"Gesch\u00e4tzte Lesezeit\" \/>\n\t<meta name=\"twitter:data1\" content=\"1\u00a0Minute\" \/>\n<script type=\"application\/ld+json\" class=\"yoast-schema-graph\">{\"@context\":\"https:\/\/schema.org\",\"@graph\":[{\"@type\":\"WebPage\",\"@id\":\"https:\/\/www.houseofcats.pl\/de\/shop\/comfy-white\/\",\"url\":\"https:\/\/www.houseofcats.pl\/de\/shop\/comfy-white\/\",\"name\":\"Wygodne legowisko i drapak dla kota Comfy White od House of Cats\",\"isPartOf\":{\"@id\":\"https:\/\/www.houseofcats.pl\/de\/#website\"},\"primaryImageOfPage\":{\"@id\":\"https:\/\/www.houseofcats.pl\/de\/shop\/comfy-white\/#primaryimage\"},\"image\":{\"@id\":\"https:\/\/www.houseofcats.pl\/de\/shop\/comfy-white\/#primaryimage\"},\"thumbnailUrl\":\"https:\/\/www.houseofcats.pl\/wp-content\/uploads\/2017\/03\/comfy.jpg\",\"datePublished\":\"2017-03-31T11:50:10+00:00\",\"dateModified\":\"2021-03-16T08:55:08+00:00\",\"description\":\"Podaruj mu odrobine luksusu.. Drapak Comfy to wygodna le\u017canka, kt\u00f3ra pozwoli Twojemu kotu odpocz\u0105\u0107 i w komfortowych warunkach t\u0119pi\u0107 pazurki\",\"breadcrumb\":{\"@id\":\"https:\/\/www.houseofcats.pl\/de\/shop\/comfy-white\/#breadcrumb\"},\"inLanguage\":\"de\",\"potentialAction\":[{\"@type\":\"ReadAction\",\"target\":[\"https:\/\/www.houseofcats.pl\/de\/shop\/comfy-white\/\"]}]},{\"@type\":\"ImageObject\",\"inLanguage\":\"de\",\"@id\":\"https:\/\/www.houseofcats.pl\/de\/shop\/comfy-white\/#primaryimage\",\"url\":\"https:\/\/www.houseofcats.pl\/wp-content\/uploads\/2017\/03\/comfy.jpg\",\"contentUrl\":\"https:\/\/www.houseofcats.pl\/wp-content\/uploads\/2017\/03\/comfy.jpg\",\"width\":900,\"height\":900},{\"@type\":\"BreadcrumbList\",\"@id\":\"https:\/\/www.houseofcats.pl\/de\/shop\/comfy-white\/#breadcrumb\",\"itemListElement\":[{\"@type\":\"ListItem\",\"position\":1,\"name\":\"Strona g\u0142\u00f3wna\",\"item\":\"https:\/\/www.houseofcats.pl\/de\/\"},{\"@type\":\"ListItem\",\"position\":2,\"name\":\"Sklep\",\"item\":\"https:\/\/www.houseofcats.pl\/sklep\/\"},{\"@type\":\"ListItem\",\"position\":3,\"name\":\"Comfy White\"}]},{\"@type\":\"WebSite\",\"@id\":\"https:\/\/www.houseofcats.pl\/de\/#website\",\"url\":\"https:\/\/www.houseofcats.pl\/de\/\",\"name\":\"Sklep internetowy House of Cats\",\"description\":\"Drapaki dla kot\u00f3w\",\"publisher\":{\"@id\":\"https:\/\/www.houseofcats.pl\/de\/#organization\"},\"potentialAction\":[{\"@type\":\"SearchAction\",\"target\":{\"@type\":\"EntryPoint\",\"urlTemplate\":\"https:\/\/www.houseofcats.pl\/de\/?s={search_term_string}\"},\"query-input\":{\"@type\":\"PropertyValueSpecification\",\"valueRequired\":true,\"valueName\":\"search_term_string\"}}],\"inLanguage\":\"de\"},{\"@type\":\"Organization\",\"@id\":\"https:\/\/www.houseofcats.pl\/de\/#organization\",\"name\":\"Sklep internetowy House of Cats\",\"url\":\"https:\/\/www.houseofcats.pl\/de\/\",\"logo\":{\"@type\":\"ImageObject\",\"inLanguage\":\"de\",\"@id\":\"https:\/\/www.houseofcats.pl\/de\/#\/schema\/logo\/image\/\",\"url\":\"https:\/\/www.houseofcats.pl\/wp-content\/uploads\/2024\/07\/Zrzut-ekranu-2017-07-11-o-23.35.44.png\",\"contentUrl\":\"https:\/\/www.houseofcats.pl\/wp-content\/uploads\/2024\/07\/Zrzut-ekranu-2017-07-11-o-23.35.44.png\",\"width\":496,\"height\":474,\"caption\":\"Sklep internetowy House of Cats\"},\"image\":{\"@id\":\"https:\/\/www.houseofcats.pl\/de\/#\/schema\/logo\/image\/\"},\"sameAs\":[\"https:\/\/www.facebook.com\/houseofcatspl\",\"https:\/\/www.instagram.com\/houseofcats.pl\/\",\"https:\/\/www.youtube.com\/@houseofcats5403\"]}]}<\/script>\n<!-- \/ Yoast SEO plugin. -->","yoast_head_json":{"title":"Wygodne legowisko i drapak dla kota Comfy White od House of Cats","description":"Podaruj mu odrobine luksusu.. Drapak Comfy to wygodna le\u017canka, kt\u00f3ra pozwoli Twojemu kotu odpocz\u0105\u0107 i w komfortowych warunkach t\u0119pi\u0107 pazurki","robots":{"index":"index","follow":"follow","max-snippet":"max-snippet:-1","max-image-preview":"max-image-preview:large","max-video-preview":"max-video-preview:-1"},"canonical":"https:\/\/www.houseofcats.pl\/de\/shop\/comfy-white\/","og_locale":"de_DE","og_type":"article","og_title":"Wygodne legowisko i drapak dla kota Comfy White od House of Cats","og_description":"Podaruj mu odrobine luksusu.. Drapak Comfy to wygodna le\u017canka, kt\u00f3ra pozwoli Twojemu kotu odpocz\u0105\u0107 i w komfortowych warunkach t\u0119pi\u0107 pazurki","og_url":"https:\/\/www.houseofcats.pl\/de\/shop\/comfy-white\/","og_site_name":"Sklep internetowy House of Cats","article_publisher":"https:\/\/www.facebook.com\/houseofcatspl","article_modified_time":"2021-03-16T08:55:08+00:00","og_image":[{"width":900,"height":900,"url":"https:\/\/www.houseofcats.pl\/wp-content\/uploads\/2017\/03\/comfy.jpg","type":"image\/jpeg"}],"twitter_card":"summary_large_image","twitter_misc":{"Gesch\u00e4tzte Lesezeit":"1\u00a0Minute"},"schema":{"@context":"https:\/\/schema.org","@graph":[{"@type":"WebPage","@id":"https:\/\/www.houseofcats.pl\/de\/shop\/comfy-white\/","url":"https:\/\/www.houseofcats.pl\/de\/shop\/comfy-white\/","name":"Wygodne legowisko i drapak dla kota Comfy White od House of Cats","isPartOf":{"@id":"https:\/\/www.houseofcats.pl\/de\/#website"},"primaryImageOfPage":{"@id":"https:\/\/www.houseofcats.pl\/de\/shop\/comfy-white\/#primaryimage"},"image":{"@id":"https:\/\/www.houseofcats.pl\/de\/shop\/comfy-white\/#primaryimage"},"thumbnailUrl":"https:\/\/www.houseofcats.pl\/wp-content\/uploads\/2017\/03\/comfy.jpg","datePublished":"2017-03-31T11:50:10+00:00","dateModified":"2021-03-16T08:55:08+00:00","description":"Podaruj mu odrobine luksusu.. Drapak Comfy to wygodna le\u017canka, kt\u00f3ra pozwoli Twojemu kotu odpocz\u0105\u0107 i w komfortowych warunkach t\u0119pi\u0107 pazurki","breadcrumb":{"@id":"https:\/\/www.houseofcats.pl\/de\/shop\/comfy-white\/#breadcrumb"},"inLanguage":"de","potentialAction":[{"@type":"ReadAction","target":["https:\/\/www.houseofcats.pl\/de\/shop\/comfy-white\/"]}]},{"@type":"ImageObject","inLanguage":"de","@id":"https:\/\/www.houseofcats.pl\/de\/shop\/comfy-white\/#primaryimage","url":"https:\/\/www.houseofcats.pl\/wp-content\/uploads\/2017\/03\/comfy.jpg","contentUrl":"https:\/\/www.houseofcats.pl\/wp-content\/uploads\/2017\/03\/comfy.jpg","width":900,"height":900},{"@type":"BreadcrumbList","@id":"https:\/\/www.houseofcats.pl\/de\/shop\/comfy-white\/#breadcrumb","itemListElement":[{"@type":"ListItem","position":1,"name":"Strona g\u0142\u00f3wna","item":"https:\/\/www.houseofcats.pl\/de\/"},{"@type":"ListItem","position":2,"name":"Sklep","item":"https:\/\/www.houseofcats.pl\/sklep\/"},{"@type":"ListItem","position":3,"name":"Comfy White"}]},{"@type":"WebSite","@id":"https:\/\/www.houseofcats.pl\/de\/#website","url":"https:\/\/www.houseofcats.pl\/de\/","name":"Sklep internetowy House of Cats","description":"Drapaki dla kot\u00f3w","publisher":{"@id":"https:\/\/www.houseofcats.pl\/de\/#organization"},"potentialAction":[{"@type":"SearchAction","target":{"@type":"EntryPoint","urlTemplate":"https:\/\/www.houseofcats.pl\/de\/?s={search_term_string}"},"query-input":{"@type":"PropertyValueSpecification","valueRequired":true,"valueName":"search_term_string"}}],"inLanguage":"de"},{"@type":"Organization","@id":"https:\/\/www.houseofcats.pl\/de\/#organization","name":"Sklep internetowy House of Cats","url":"https:\/\/www.houseofcats.pl\/de\/","logo":{"@type":"ImageObject","inLanguage":"de","@id":"https:\/\/www.houseofcats.pl\/de\/#\/schema\/logo\/image\/","url":"https:\/\/www.houseofcats.pl\/wp-content\/uploads\/2024\/07\/Zrzut-ekranu-2017-07-11-o-23.35.44.png","contentUrl":"https:\/\/www.houseofcats.pl\/wp-content\/uploads\/2024\/07\/Zrzut-ekranu-2017-07-11-o-23.35.44.png","width":496,"height":474,"caption":"Sklep internetowy House of Cats"},"image":{"@id":"https:\/\/www.houseofcats.pl\/de\/#\/schema\/logo\/image\/"},"sameAs":["https:\/\/www.facebook.com\/houseofcatspl","https:\/\/www.instagram.com\/houseofcats.pl\/","https:\/\/www.youtube.com\/@houseofcats5403"]}]}},"_links":{"self":[{"href":"https:\/\/www.houseofcats.pl\/de\/wp-json\/wp\/v2\/product\/3796"}],"collection":[{"href":"https:\/\/www.houseofcats.pl\/de\/wp-json\/wp\/v2\/product"}],"about":[{"href":"https:\/\/www.houseofcats.pl\/de\/wp-json\/wp\/v2\/types\/product"}],"wp:featuredmedia":[{"embeddable":true,"href":"https:\/\/www.houseofcats.pl\/de\/wp-json\/wp\/v2\/media\/3797"}],"wp:attachment":[{"href":"https:\/\/www.houseofcats.pl\/de\/wp-json\/wp\/v2\/media?parent=3796"}],"wp:term":[{"taxonomy":"product_brand","embeddable":true,"href":"https:\/\/www.houseofcats.pl\/de\/wp-json\/wp\/v2\/product_brand?post=3796"},{"taxonomy":"product_cat","embeddable":true,"href":"https:\/\/www.houseofcats.pl\/de\/wp-json\/wp\/v2\/product_cat?post=3796"},{"taxonomy":"product_tag","embeddable":true,"href":"https:\/\/www.houseofcats.pl\/de\/wp-json\/wp\/v2\/product_tag?post=3796"}],"curies":[{"name":"wp","href":"https:\/\/api.w.org\/{rel}","templated":true}]}}