{"id":3863,"date":"2016-03-30T11:49:50","date_gmt":"2016-03-30T09:49:50","guid":{"rendered":"https:\/\/www.houseofcats.pl\/sklep\/drapak-dla-kotow-cat-white\/"},"modified":"2021-03-04T13:46:10","modified_gmt":"2021-03-04T12:46:10","slug":"drapak-dla-kotow-cat-white","status":"publish","type":"product","link":"https:\/\/www.houseofcats.pl\/de\/shop\/drapak-dla-kotow-cat-white\/","title":{"rendered":"Kratzbaum Cat White"},"content":{"rendered":"<p>Produktbeschreibung: Elegant, modern, schlicht und originell, qualitativ hochwertig in einem wundersch\u00f6nen Wei\u00dfton &#8211; Der Cat White Kratzbaum bietet der Katze Spiel und Spa\u00df, dem Katzenbesitzer eine gro\u00dfartige Demo f\u00fcr das Wohnzimmer oder den Flur.<\/p>\n<h3>Normalerweise wird Katzenspielzeug versteckt &#8211;\u00a0 in diesem Fall ist das nicht notwendig.<\/h3>\n<p>Der Kratzbaum dient dem Vergn\u00fcgen und der Entspannung der Katze. Der Kratzbaum in Form eines Katzenkopfes mit abstehenden Katzenohren erf\u00fcllt selbst die Bedingungen der w\u00e4hlerischsten Katze. Das einzigartige Design und die Vielf\u00e4ltigkeit des Kratzbaumes werden das Wohlbefinden Ihrer Katze erh\u00f6hen und ihr viel Freunde machen. Mit Sicherheit wird der Spa\u00df der Katze an diesem Kratzbaum kein Ende finden und auch nachdem die Krallen gen\u00fcgen am Kratzbaum geschliffen wurden,\u00a0 dient das Innere des Kratzbaumes als idealer R\u00fcckzugsort f\u00fcr ein Katzenschl\u00e4fchen.<\/p>\n<hr \/>\n<p>Produktabmessungen Cat: T: 42 cm, B: 39 cm, H: 42 cm<\/p>\n<p>Gewicht 4,1 kg<\/p>\n","protected":false},"excerpt":{"rendered":"<p>Produktbeschreibung: Elegant, modern, schlicht und originell, qualitativ hochwertig in einem wundersch\u00f6nen Wei\u00dfton &#8211; Der Cat White Kratzbaum bietet der Katze Spiel und Spa\u00df, dem Katzenbesitzer eine gro\u00dfartige Demo f\u00fcr das Wohnzimmer oder den Flur. Normalerweise wird Katzenspielzeug versteckt &#8211;\u00a0 in diesem Fall ist das nicht notwendig. Der Kratzbaum dient dem Vergn\u00fcgen und der Entspannung der &hellip;<\/p>\n","protected":false},"featured_media":6598,"template":"","meta":{"_acf_changed":false},"product_brand":[],"product_cat":[159],"product_tag":[214,213,175,182,184,183],"class_list":{"0":"post-3863","1":"product","2":"type-product","3":"status-publish","4":"has-post-thumbnail","6":"product_cat-cat-de","7":"product_tag-budka-de","8":"product_tag-domek-dla-kota-de","9":"product_tag-drapak-de","10":"product_tag-kot-de","11":"product_tag-legowisko-de","12":"product_tag-tektura-de","14":"first","15":"instock","16":"featured","17":"taxable","18":"shipping-taxable","19":"purchasable","20":"product-type-simple"},"acf":[],"yoast_head":"<!-- This site is optimized with the Yoast SEO plugin v25.6 - https:\/\/yoast.com\/wordpress\/plugins\/seo\/ -->\n<title>Drapak dla kot\u00f3w Cat White - do wypoczynku i higieny kotka<\/title>\n<meta name=\"description\" content=\"Drapak dla kot\u00f3w Cat White, to doskona\u0142y spos\u00f3b na ostre pazurki kota, kt\u00f3re niekiedy odczuwamy na w\u0142asnej sk\u00f3rze. Super ceny i wysoka jako\u015b\u0107 wykonania!\" \/>\n<meta name=\"robots\" content=\"index, follow, max-snippet:-1, max-image-preview:large, max-video-preview:-1\" \/>\n<link rel=\"canonical\" href=\"https:\/\/www.houseofcats.pl\/de\/shop\/drapak-dla-kotow-cat-white\/\" \/>\n<meta property=\"og:locale\" content=\"de_DE\" \/>\n<meta property=\"og:type\" content=\"article\" \/>\n<meta property=\"og:title\" content=\"Drapak dla kot\u00f3w Cat White - do wypoczynku i higieny kotka\" \/>\n<meta property=\"og:description\" content=\"Drapak dla kot\u00f3w Cat White, to doskona\u0142y spos\u00f3b na ostre pazurki kota, kt\u00f3re niekiedy odczuwamy na w\u0142asnej sk\u00f3rze. Super ceny i wysoka jako\u015b\u0107 wykonania!\" \/>\n<meta property=\"og:url\" content=\"https:\/\/www.houseofcats.pl\/de\/shop\/drapak-dla-kotow-cat-white\/\" \/>\n<meta property=\"og:site_name\" content=\"Sklep internetowy House of Cats\" \/>\n<meta property=\"article:publisher\" content=\"https:\/\/www.facebook.com\/houseofcatspl\" \/>\n<meta property=\"article:modified_time\" content=\"2021-03-04T12:46:10+00:00\" \/>\n<meta property=\"og:image\" content=\"https:\/\/www.houseofcats.pl\/wp-content\/uploads\/2016\/03\/Projekt-bez-nazwy-1.jpeg\" \/>\n\t<meta property=\"og:image:width\" content=\"1280\" \/>\n\t<meta property=\"og:image:height\" content=\"1280\" \/>\n\t<meta property=\"og:image:type\" content=\"image\/jpeg\" \/>\n<meta name=\"twitter:card\" content=\"summary_large_image\" \/>\n<meta name=\"twitter:label1\" content=\"Gesch\u00e4tzte Lesezeit\" \/>\n\t<meta name=\"twitter:data1\" content=\"1\u00a0Minute\" \/>\n<script type=\"application\/ld+json\" class=\"yoast-schema-graph\">{\"@context\":\"https:\/\/schema.org\",\"@graph\":[{\"@type\":\"WebPage\",\"@id\":\"https:\/\/www.houseofcats.pl\/de\/shop\/drapak-dla-kotow-cat-white\/\",\"url\":\"https:\/\/www.houseofcats.pl\/de\/shop\/drapak-dla-kotow-cat-white\/\",\"name\":\"Drapak dla kot\u00f3w Cat White - do wypoczynku i higieny kotka\",\"isPartOf\":{\"@id\":\"https:\/\/www.houseofcats.pl\/de\/#website\"},\"primaryImageOfPage\":{\"@id\":\"https:\/\/www.houseofcats.pl\/de\/shop\/drapak-dla-kotow-cat-white\/#primaryimage\"},\"image\":{\"@id\":\"https:\/\/www.houseofcats.pl\/de\/shop\/drapak-dla-kotow-cat-white\/#primaryimage\"},\"thumbnailUrl\":\"https:\/\/www.houseofcats.pl\/wp-content\/uploads\/2016\/03\/Projekt-bez-nazwy-1.jpeg\",\"datePublished\":\"2016-03-30T09:49:50+00:00\",\"dateModified\":\"2021-03-04T12:46:10+00:00\",\"description\":\"Drapak dla kot\u00f3w Cat White, to doskona\u0142y spos\u00f3b na ostre pazurki kota, kt\u00f3re niekiedy odczuwamy na w\u0142asnej sk\u00f3rze. Super ceny i wysoka jako\u015b\u0107 wykonania!\",\"breadcrumb\":{\"@id\":\"https:\/\/www.houseofcats.pl\/de\/shop\/drapak-dla-kotow-cat-white\/#breadcrumb\"},\"inLanguage\":\"de\",\"potentialAction\":[{\"@type\":\"ReadAction\",\"target\":[\"https:\/\/www.houseofcats.pl\/de\/shop\/drapak-dla-kotow-cat-white\/\"]}]},{\"@type\":\"ImageObject\",\"inLanguage\":\"de\",\"@id\":\"https:\/\/www.houseofcats.pl\/de\/shop\/drapak-dla-kotow-cat-white\/#primaryimage\",\"url\":\"https:\/\/www.houseofcats.pl\/wp-content\/uploads\/2016\/03\/Projekt-bez-nazwy-1.jpeg\",\"contentUrl\":\"https:\/\/www.houseofcats.pl\/wp-content\/uploads\/2016\/03\/Projekt-bez-nazwy-1.jpeg\",\"width\":1280,\"height\":1280},{\"@type\":\"BreadcrumbList\",\"@id\":\"https:\/\/www.houseofcats.pl\/de\/shop\/drapak-dla-kotow-cat-white\/#breadcrumb\",\"itemListElement\":[{\"@type\":\"ListItem\",\"position\":1,\"name\":\"Strona g\u0142\u00f3wna\",\"item\":\"https:\/\/www.houseofcats.pl\/de\/\"},{\"@type\":\"ListItem\",\"position\":2,\"name\":\"Sklep\",\"item\":\"https:\/\/www.houseofcats.pl\/sklep\/\"},{\"@type\":\"ListItem\",\"position\":3,\"name\":\"Kratzbaum Cat White\"}]},{\"@type\":\"WebSite\",\"@id\":\"https:\/\/www.houseofcats.pl\/de\/#website\",\"url\":\"https:\/\/www.houseofcats.pl\/de\/\",\"name\":\"Sklep internetowy House of Cats\",\"description\":\"Drapaki dla kot\u00f3w\",\"publisher\":{\"@id\":\"https:\/\/www.houseofcats.pl\/de\/#organization\"},\"potentialAction\":[{\"@type\":\"SearchAction\",\"target\":{\"@type\":\"EntryPoint\",\"urlTemplate\":\"https:\/\/www.houseofcats.pl\/de\/?s={search_term_string}\"},\"query-input\":{\"@type\":\"PropertyValueSpecification\",\"valueRequired\":true,\"valueName\":\"search_term_string\"}}],\"inLanguage\":\"de\"},{\"@type\":\"Organization\",\"@id\":\"https:\/\/www.houseofcats.pl\/de\/#organization\",\"name\":\"Sklep internetowy House of Cats\",\"url\":\"https:\/\/www.houseofcats.pl\/de\/\",\"logo\":{\"@type\":\"ImageObject\",\"inLanguage\":\"de\",\"@id\":\"https:\/\/www.houseofcats.pl\/de\/#\/schema\/logo\/image\/\",\"url\":\"https:\/\/www.houseofcats.pl\/wp-content\/uploads\/2024\/07\/Zrzut-ekranu-2017-07-11-o-23.35.44.png\",\"contentUrl\":\"https:\/\/www.houseofcats.pl\/wp-content\/uploads\/2024\/07\/Zrzut-ekranu-2017-07-11-o-23.35.44.png\",\"width\":496,\"height\":474,\"caption\":\"Sklep internetowy House of Cats\"},\"image\":{\"@id\":\"https:\/\/www.houseofcats.pl\/de\/#\/schema\/logo\/image\/\"},\"sameAs\":[\"https:\/\/www.facebook.com\/houseofcatspl\",\"https:\/\/www.instagram.com\/houseofcats.pl\/\",\"https:\/\/www.youtube.com\/@houseofcats5403\"]}]}<\/script>\n<!-- \/ Yoast SEO plugin. -->","yoast_head_json":{"title":"Drapak dla kot\u00f3w Cat White - do wypoczynku i higieny kotka","description":"Drapak dla kot\u00f3w Cat White, to doskona\u0142y spos\u00f3b na ostre pazurki kota, kt\u00f3re niekiedy odczuwamy na w\u0142asnej sk\u00f3rze. Super ceny i wysoka jako\u015b\u0107 wykonania!","robots":{"index":"index","follow":"follow","max-snippet":"max-snippet:-1","max-image-preview":"max-image-preview:large","max-video-preview":"max-video-preview:-1"},"canonical":"https:\/\/www.houseofcats.pl\/de\/shop\/drapak-dla-kotow-cat-white\/","og_locale":"de_DE","og_type":"article","og_title":"Drapak dla kot\u00f3w Cat White - do wypoczynku i higieny kotka","og_description":"Drapak dla kot\u00f3w Cat White, to doskona\u0142y spos\u00f3b na ostre pazurki kota, kt\u00f3re niekiedy odczuwamy na w\u0142asnej sk\u00f3rze. Super ceny i wysoka jako\u015b\u0107 wykonania!","og_url":"https:\/\/www.houseofcats.pl\/de\/shop\/drapak-dla-kotow-cat-white\/","og_site_name":"Sklep internetowy House of Cats","article_publisher":"https:\/\/www.facebook.com\/houseofcatspl","article_modified_time":"2021-03-04T12:46:10+00:00","og_image":[{"width":1280,"height":1280,"url":"https:\/\/www.houseofcats.pl\/wp-content\/uploads\/2016\/03\/Projekt-bez-nazwy-1.jpeg","type":"image\/jpeg"}],"twitter_card":"summary_large_image","twitter_misc":{"Gesch\u00e4tzte Lesezeit":"1\u00a0Minute"},"schema":{"@context":"https:\/\/schema.org","@graph":[{"@type":"WebPage","@id":"https:\/\/www.houseofcats.pl\/de\/shop\/drapak-dla-kotow-cat-white\/","url":"https:\/\/www.houseofcats.pl\/de\/shop\/drapak-dla-kotow-cat-white\/","name":"Drapak dla kot\u00f3w Cat White - do wypoczynku i higieny kotka","isPartOf":{"@id":"https:\/\/www.houseofcats.pl\/de\/#website"},"primaryImageOfPage":{"@id":"https:\/\/www.houseofcats.pl\/de\/shop\/drapak-dla-kotow-cat-white\/#primaryimage"},"image":{"@id":"https:\/\/www.houseofcats.pl\/de\/shop\/drapak-dla-kotow-cat-white\/#primaryimage"},"thumbnailUrl":"https:\/\/www.houseofcats.pl\/wp-content\/uploads\/2016\/03\/Projekt-bez-nazwy-1.jpeg","datePublished":"2016-03-30T09:49:50+00:00","dateModified":"2021-03-04T12:46:10+00:00","description":"Drapak dla kot\u00f3w Cat White, to doskona\u0142y spos\u00f3b na ostre pazurki kota, kt\u00f3re niekiedy odczuwamy na w\u0142asnej sk\u00f3rze. Super ceny i wysoka jako\u015b\u0107 wykonania!","breadcrumb":{"@id":"https:\/\/www.houseofcats.pl\/de\/shop\/drapak-dla-kotow-cat-white\/#breadcrumb"},"inLanguage":"de","potentialAction":[{"@type":"ReadAction","target":["https:\/\/www.houseofcats.pl\/de\/shop\/drapak-dla-kotow-cat-white\/"]}]},{"@type":"ImageObject","inLanguage":"de","@id":"https:\/\/www.houseofcats.pl\/de\/shop\/drapak-dla-kotow-cat-white\/#primaryimage","url":"https:\/\/www.houseofcats.pl\/wp-content\/uploads\/2016\/03\/Projekt-bez-nazwy-1.jpeg","contentUrl":"https:\/\/www.houseofcats.pl\/wp-content\/uploads\/2016\/03\/Projekt-bez-nazwy-1.jpeg","width":1280,"height":1280},{"@type":"BreadcrumbList","@id":"https:\/\/www.houseofcats.pl\/de\/shop\/drapak-dla-kotow-cat-white\/#breadcrumb","itemListElement":[{"@type":"ListItem","position":1,"name":"Strona g\u0142\u00f3wna","item":"https:\/\/www.houseofcats.pl\/de\/"},{"@type":"ListItem","position":2,"name":"Sklep","item":"https:\/\/www.houseofcats.pl\/sklep\/"},{"@type":"ListItem","position":3,"name":"Kratzbaum Cat White"}]},{"@type":"WebSite","@id":"https:\/\/www.houseofcats.pl\/de\/#website","url":"https:\/\/www.houseofcats.pl\/de\/","name":"Sklep internetowy House of Cats","description":"Drapaki dla kot\u00f3w","publisher":{"@id":"https:\/\/www.houseofcats.pl\/de\/#organization"},"potentialAction":[{"@type":"SearchAction","target":{"@type":"EntryPoint","urlTemplate":"https:\/\/www.houseofcats.pl\/de\/?s={search_term_string}"},"query-input":{"@type":"PropertyValueSpecification","valueRequired":true,"valueName":"search_term_string"}}],"inLanguage":"de"},{"@type":"Organization","@id":"https:\/\/www.houseofcats.pl\/de\/#organization","name":"Sklep internetowy House of Cats","url":"https:\/\/www.houseofcats.pl\/de\/","logo":{"@type":"ImageObject","inLanguage":"de","@id":"https:\/\/www.houseofcats.pl\/de\/#\/schema\/logo\/image\/","url":"https:\/\/www.houseofcats.pl\/wp-content\/uploads\/2024\/07\/Zrzut-ekranu-2017-07-11-o-23.35.44.png","contentUrl":"https:\/\/www.houseofcats.pl\/wp-content\/uploads\/2024\/07\/Zrzut-ekranu-2017-07-11-o-23.35.44.png","width":496,"height":474,"caption":"Sklep internetowy House of Cats"},"image":{"@id":"https:\/\/www.houseofcats.pl\/de\/#\/schema\/logo\/image\/"},"sameAs":["https:\/\/www.facebook.com\/houseofcatspl","https:\/\/www.instagram.com\/houseofcats.pl\/","https:\/\/www.youtube.com\/@houseofcats5403"]}]}},"_links":{"self":[{"href":"https:\/\/www.houseofcats.pl\/de\/wp-json\/wp\/v2\/product\/3863"}],"collection":[{"href":"https:\/\/www.houseofcats.pl\/de\/wp-json\/wp\/v2\/product"}],"about":[{"href":"https:\/\/www.houseofcats.pl\/de\/wp-json\/wp\/v2\/types\/product"}],"wp:featuredmedia":[{"embeddable":true,"href":"https:\/\/www.houseofcats.pl\/de\/wp-json\/wp\/v2\/media\/6598"}],"wp:attachment":[{"href":"https:\/\/www.houseofcats.pl\/de\/wp-json\/wp\/v2\/media?parent=3863"}],"wp:term":[{"taxonomy":"product_brand","embeddable":true,"href":"https:\/\/www.houseofcats.pl\/de\/wp-json\/wp\/v2\/product_brand?post=3863"},{"taxonomy":"product_cat","embeddable":true,"href":"https:\/\/www.houseofcats.pl\/de\/wp-json\/wp\/v2\/product_cat?post=3863"},{"taxonomy":"product_tag","embeddable":true,"href":"https:\/\/www.houseofcats.pl\/de\/wp-json\/wp\/v2\/product_tag?post=3863"}],"curies":[{"name":"wp","href":"https:\/\/api.w.org\/{rel}","templated":true}]}}