{"id":3890,"date":"2016-06-24T17:02:22","date_gmt":"2016-06-24T15:02:22","guid":{"rendered":"https:\/\/www.houseofcats.pl\/sklep\/kratzbaum-welle\/"},"modified":"2024-10-05T00:26:00","modified_gmt":"2024-10-04T22:26:00","slug":"kratzbaum-welle","status":"publish","type":"product","link":"https:\/\/www.houseofcats.pl\/de\/shop\/kratzbaum-welle\/","title":{"rendered":"Welle"},"content":{"rendered":"<p class=\"Text\">Das wei\u00dfe Design des Kratzbaumes passt sicher in jeden Raum<\/p>\n<p class=\"Text\"><span lang=\"DE\">Einfach, warm und gem\u00fctlich, bietet er den kleinen Tieren alle M\u00f6glichkeiten. Er dient vor allem der Reinigung der Krallen, was beim Kratzen auf dem Kratzbaum geschieht.\u00a0<\/span><\/p>\n<h3 class=\"Text\"><span lang=\"DE\">Einfach und bequem!<\/span><\/h3>\n<p class=\"Text\"><span lang=\"DE\">Aber dieser Kratzbaum bietet dar\u00fcber hinaus noch eine f\u00fcr die Katze andere, besondere M\u00f6glichkeit, n\u00e4mlich die sich zu strecken und zu faulenzen. Dieser Kratzbaum ist f\u00fcr jede Art und Gr\u00f6\u00dfe von Katzen bestens geeignet.<\/span><\/p>\n<hr \/>\n<p>Produktabmessungen Welle: T: 27 cm, B: 55 cm, H: 8 cm<\/p>\n<p>Gewicht 1,4 kg<\/p>\n","protected":false},"excerpt":{"rendered":"<p>Das wei\u00dfe Design des Kratzbaumes passt sicher in jeden Raum Einfach, warm und gem\u00fctlich, bietet er den kleinen Tieren alle M\u00f6glichkeiten. Er dient vor allem der Reinigung der Krallen, was beim Kratzen auf dem Kratzbaum geschieht.\u00a0 Einfach und bequem! Aber dieser Kratzbaum bietet dar\u00fcber hinaus noch eine f\u00fcr die Katze andere, besondere M\u00f6glichkeit, n\u00e4mlich die &hellip;<\/p>\n","protected":false},"featured_media":3907,"template":"","meta":{"_acf_changed":false},"product_brand":[],"product_cat":[216],"product_tag":[175,182,184,183],"class_list":{"0":"post-3890","1":"product","2":"type-product","3":"status-publish","4":"has-post-thumbnail","6":"product_cat-welle-de","7":"product_tag-drapak-de","8":"product_tag-kot-de","9":"product_tag-legowisko-de","10":"product_tag-tektura-de","12":"first","13":"instock","14":"taxable","15":"shipping-taxable","16":"purchasable","17":"product-type-simple"},"acf":[],"yoast_head":"<!-- This site is optimized with the Yoast SEO plugin v25.6 - https:\/\/yoast.com\/wordpress\/plugins\/seo\/ -->\n<title>Welle-Kratzbank aus Pappe von House of Cats mit flacher Form<\/title>\n<meta name=\"description\" content=\"Ein Katzenkratzer aus Pappe mit ergonomischer, einfacher Form. Der Kratzbaum ist sehr langlebig und wird Ihnen sehr lange Freude bereiten.\" \/>\n<meta name=\"robots\" content=\"index, follow, max-snippet:-1, max-image-preview:large, max-video-preview:-1\" \/>\n<link rel=\"canonical\" href=\"https:\/\/www.houseofcats.pl\/de\/shop\/kratzbaum-welle\/\" \/>\n<meta property=\"og:locale\" content=\"de_DE\" \/>\n<meta property=\"og:type\" content=\"article\" \/>\n<meta property=\"og:title\" content=\"Welle-Kratzbank aus Pappe von House of Cats mit flacher Form\" \/>\n<meta property=\"og:description\" content=\"Ein Katzenkratzer aus Pappe mit ergonomischer, einfacher Form. Der Kratzbaum ist sehr langlebig und wird Ihnen sehr lange Freude bereiten.\" \/>\n<meta property=\"og:url\" content=\"https:\/\/www.houseofcats.pl\/de\/shop\/kratzbaum-welle\/\" \/>\n<meta property=\"og:site_name\" content=\"Sklep internetowy House of Cats\" \/>\n<meta property=\"article:publisher\" content=\"https:\/\/www.facebook.com\/houseofcatspl\" \/>\n<meta property=\"article:modified_time\" content=\"2024-10-04T22:26:00+00:00\" \/>\n<meta property=\"og:image\" content=\"https:\/\/www.houseofcats.pl\/wp-content\/uploads\/2016\/06\/IMG_7460.jpg\" \/>\n\t<meta property=\"og:image:width\" content=\"1125\" \/>\n\t<meta property=\"og:image:height\" content=\"1110\" \/>\n\t<meta property=\"og:image:type\" content=\"image\/jpeg\" \/>\n<meta name=\"twitter:card\" content=\"summary_large_image\" \/>\n<meta name=\"twitter:label1\" content=\"Gesch\u00e4tzte Lesezeit\" \/>\n\t<meta name=\"twitter:data1\" content=\"1\u00a0Minute\" \/>\n<script type=\"application\/ld+json\" class=\"yoast-schema-graph\">{\"@context\":\"https:\/\/schema.org\",\"@graph\":[{\"@type\":\"WebPage\",\"@id\":\"https:\/\/www.houseofcats.pl\/de\/shop\/kratzbaum-welle\/\",\"url\":\"https:\/\/www.houseofcats.pl\/de\/shop\/kratzbaum-welle\/\",\"name\":\"Welle-Kratzbank aus Pappe von House of Cats mit flacher Form\",\"isPartOf\":{\"@id\":\"https:\/\/www.houseofcats.pl\/de\/#website\"},\"primaryImageOfPage\":{\"@id\":\"https:\/\/www.houseofcats.pl\/de\/shop\/kratzbaum-welle\/#primaryimage\"},\"image\":{\"@id\":\"https:\/\/www.houseofcats.pl\/de\/shop\/kratzbaum-welle\/#primaryimage\"},\"thumbnailUrl\":\"https:\/\/www.houseofcats.pl\/wp-content\/uploads\/2016\/06\/IMG_7460.jpg\",\"datePublished\":\"2016-06-24T15:02:22+00:00\",\"dateModified\":\"2024-10-04T22:26:00+00:00\",\"description\":\"Ein Katzenkratzer aus Pappe mit ergonomischer, einfacher Form. Der Kratzbaum ist sehr langlebig und wird Ihnen sehr lange Freude bereiten.\",\"breadcrumb\":{\"@id\":\"https:\/\/www.houseofcats.pl\/de\/shop\/kratzbaum-welle\/#breadcrumb\"},\"inLanguage\":\"de\",\"potentialAction\":[{\"@type\":\"ReadAction\",\"target\":[\"https:\/\/www.houseofcats.pl\/de\/shop\/kratzbaum-welle\/\"]}]},{\"@type\":\"ImageObject\",\"inLanguage\":\"de\",\"@id\":\"https:\/\/www.houseofcats.pl\/de\/shop\/kratzbaum-welle\/#primaryimage\",\"url\":\"https:\/\/www.houseofcats.pl\/wp-content\/uploads\/2016\/06\/IMG_7460.jpg\",\"contentUrl\":\"https:\/\/www.houseofcats.pl\/wp-content\/uploads\/2016\/06\/IMG_7460.jpg\",\"width\":1125,\"height\":1110},{\"@type\":\"BreadcrumbList\",\"@id\":\"https:\/\/www.houseofcats.pl\/de\/shop\/kratzbaum-welle\/#breadcrumb\",\"itemListElement\":[{\"@type\":\"ListItem\",\"position\":1,\"name\":\"Strona g\u0142\u00f3wna\",\"item\":\"https:\/\/www.houseofcats.pl\/de\/\"},{\"@type\":\"ListItem\",\"position\":2,\"name\":\"Sklep\",\"item\":\"https:\/\/www.houseofcats.pl\/sklep\/\"},{\"@type\":\"ListItem\",\"position\":3,\"name\":\"Welle\"}]},{\"@type\":\"WebSite\",\"@id\":\"https:\/\/www.houseofcats.pl\/de\/#website\",\"url\":\"https:\/\/www.houseofcats.pl\/de\/\",\"name\":\"Sklep internetowy House of Cats\",\"description\":\"Drapaki dla kot\u00f3w\",\"publisher\":{\"@id\":\"https:\/\/www.houseofcats.pl\/de\/#organization\"},\"potentialAction\":[{\"@type\":\"SearchAction\",\"target\":{\"@type\":\"EntryPoint\",\"urlTemplate\":\"https:\/\/www.houseofcats.pl\/de\/?s={search_term_string}\"},\"query-input\":{\"@type\":\"PropertyValueSpecification\",\"valueRequired\":true,\"valueName\":\"search_term_string\"}}],\"inLanguage\":\"de\"},{\"@type\":\"Organization\",\"@id\":\"https:\/\/www.houseofcats.pl\/de\/#organization\",\"name\":\"Sklep internetowy House of Cats\",\"url\":\"https:\/\/www.houseofcats.pl\/de\/\",\"logo\":{\"@type\":\"ImageObject\",\"inLanguage\":\"de\",\"@id\":\"https:\/\/www.houseofcats.pl\/de\/#\/schema\/logo\/image\/\",\"url\":\"https:\/\/www.houseofcats.pl\/wp-content\/uploads\/2024\/07\/Zrzut-ekranu-2017-07-11-o-23.35.44.png\",\"contentUrl\":\"https:\/\/www.houseofcats.pl\/wp-content\/uploads\/2024\/07\/Zrzut-ekranu-2017-07-11-o-23.35.44.png\",\"width\":496,\"height\":474,\"caption\":\"Sklep internetowy House of Cats\"},\"image\":{\"@id\":\"https:\/\/www.houseofcats.pl\/de\/#\/schema\/logo\/image\/\"},\"sameAs\":[\"https:\/\/www.facebook.com\/houseofcatspl\",\"https:\/\/www.instagram.com\/houseofcats.pl\/\",\"https:\/\/www.youtube.com\/@houseofcats5403\"]}]}<\/script>\n<!-- \/ Yoast SEO plugin. -->","yoast_head_json":{"title":"Welle-Kratzbank aus Pappe von House of Cats mit flacher Form","description":"Ein Katzenkratzer aus Pappe mit ergonomischer, einfacher Form. Der Kratzbaum ist sehr langlebig und wird Ihnen sehr lange Freude bereiten.","robots":{"index":"index","follow":"follow","max-snippet":"max-snippet:-1","max-image-preview":"max-image-preview:large","max-video-preview":"max-video-preview:-1"},"canonical":"https:\/\/www.houseofcats.pl\/de\/shop\/kratzbaum-welle\/","og_locale":"de_DE","og_type":"article","og_title":"Welle-Kratzbank aus Pappe von House of Cats mit flacher Form","og_description":"Ein Katzenkratzer aus Pappe mit ergonomischer, einfacher Form. Der Kratzbaum ist sehr langlebig und wird Ihnen sehr lange Freude bereiten.","og_url":"https:\/\/www.houseofcats.pl\/de\/shop\/kratzbaum-welle\/","og_site_name":"Sklep internetowy House of Cats","article_publisher":"https:\/\/www.facebook.com\/houseofcatspl","article_modified_time":"2024-10-04T22:26:00+00:00","og_image":[{"width":1125,"height":1110,"url":"https:\/\/www.houseofcats.pl\/wp-content\/uploads\/2016\/06\/IMG_7460.jpg","type":"image\/jpeg"}],"twitter_card":"summary_large_image","twitter_misc":{"Gesch\u00e4tzte Lesezeit":"1\u00a0Minute"},"schema":{"@context":"https:\/\/schema.org","@graph":[{"@type":"WebPage","@id":"https:\/\/www.houseofcats.pl\/de\/shop\/kratzbaum-welle\/","url":"https:\/\/www.houseofcats.pl\/de\/shop\/kratzbaum-welle\/","name":"Welle-Kratzbank aus Pappe von House of Cats mit flacher Form","isPartOf":{"@id":"https:\/\/www.houseofcats.pl\/de\/#website"},"primaryImageOfPage":{"@id":"https:\/\/www.houseofcats.pl\/de\/shop\/kratzbaum-welle\/#primaryimage"},"image":{"@id":"https:\/\/www.houseofcats.pl\/de\/shop\/kratzbaum-welle\/#primaryimage"},"thumbnailUrl":"https:\/\/www.houseofcats.pl\/wp-content\/uploads\/2016\/06\/IMG_7460.jpg","datePublished":"2016-06-24T15:02:22+00:00","dateModified":"2024-10-04T22:26:00+00:00","description":"Ein Katzenkratzer aus Pappe mit ergonomischer, einfacher Form. Der Kratzbaum ist sehr langlebig und wird Ihnen sehr lange Freude bereiten.","breadcrumb":{"@id":"https:\/\/www.houseofcats.pl\/de\/shop\/kratzbaum-welle\/#breadcrumb"},"inLanguage":"de","potentialAction":[{"@type":"ReadAction","target":["https:\/\/www.houseofcats.pl\/de\/shop\/kratzbaum-welle\/"]}]},{"@type":"ImageObject","inLanguage":"de","@id":"https:\/\/www.houseofcats.pl\/de\/shop\/kratzbaum-welle\/#primaryimage","url":"https:\/\/www.houseofcats.pl\/wp-content\/uploads\/2016\/06\/IMG_7460.jpg","contentUrl":"https:\/\/www.houseofcats.pl\/wp-content\/uploads\/2016\/06\/IMG_7460.jpg","width":1125,"height":1110},{"@type":"BreadcrumbList","@id":"https:\/\/www.houseofcats.pl\/de\/shop\/kratzbaum-welle\/#breadcrumb","itemListElement":[{"@type":"ListItem","position":1,"name":"Strona g\u0142\u00f3wna","item":"https:\/\/www.houseofcats.pl\/de\/"},{"@type":"ListItem","position":2,"name":"Sklep","item":"https:\/\/www.houseofcats.pl\/sklep\/"},{"@type":"ListItem","position":3,"name":"Welle"}]},{"@type":"WebSite","@id":"https:\/\/www.houseofcats.pl\/de\/#website","url":"https:\/\/www.houseofcats.pl\/de\/","name":"Sklep internetowy House of Cats","description":"Drapaki dla kot\u00f3w","publisher":{"@id":"https:\/\/www.houseofcats.pl\/de\/#organization"},"potentialAction":[{"@type":"SearchAction","target":{"@type":"EntryPoint","urlTemplate":"https:\/\/www.houseofcats.pl\/de\/?s={search_term_string}"},"query-input":{"@type":"PropertyValueSpecification","valueRequired":true,"valueName":"search_term_string"}}],"inLanguage":"de"},{"@type":"Organization","@id":"https:\/\/www.houseofcats.pl\/de\/#organization","name":"Sklep internetowy House of Cats","url":"https:\/\/www.houseofcats.pl\/de\/","logo":{"@type":"ImageObject","inLanguage":"de","@id":"https:\/\/www.houseofcats.pl\/de\/#\/schema\/logo\/image\/","url":"https:\/\/www.houseofcats.pl\/wp-content\/uploads\/2024\/07\/Zrzut-ekranu-2017-07-11-o-23.35.44.png","contentUrl":"https:\/\/www.houseofcats.pl\/wp-content\/uploads\/2024\/07\/Zrzut-ekranu-2017-07-11-o-23.35.44.png","width":496,"height":474,"caption":"Sklep internetowy House of Cats"},"image":{"@id":"https:\/\/www.houseofcats.pl\/de\/#\/schema\/logo\/image\/"},"sameAs":["https:\/\/www.facebook.com\/houseofcatspl","https:\/\/www.instagram.com\/houseofcats.pl\/","https:\/\/www.youtube.com\/@houseofcats5403"]}]}},"_links":{"self":[{"href":"https:\/\/www.houseofcats.pl\/de\/wp-json\/wp\/v2\/product\/3890"}],"collection":[{"href":"https:\/\/www.houseofcats.pl\/de\/wp-json\/wp\/v2\/product"}],"about":[{"href":"https:\/\/www.houseofcats.pl\/de\/wp-json\/wp\/v2\/types\/product"}],"wp:featuredmedia":[{"embeddable":true,"href":"https:\/\/www.houseofcats.pl\/de\/wp-json\/wp\/v2\/media\/3907"}],"wp:attachment":[{"href":"https:\/\/www.houseofcats.pl\/de\/wp-json\/wp\/v2\/media?parent=3890"}],"wp:term":[{"taxonomy":"product_brand","embeddable":true,"href":"https:\/\/www.houseofcats.pl\/de\/wp-json\/wp\/v2\/product_brand?post=3890"},{"taxonomy":"product_cat","embeddable":true,"href":"https:\/\/www.houseofcats.pl\/de\/wp-json\/wp\/v2\/product_cat?post=3890"},{"taxonomy":"product_tag","embeddable":true,"href":"https:\/\/www.houseofcats.pl\/de\/wp-json\/wp\/v2\/product_tag?post=3890"}],"curies":[{"name":"wp","href":"https:\/\/api.w.org\/{rel}","templated":true}]}}