{"id":3917,"date":"2016-04-16T11:52:05","date_gmt":"2016-04-16T09:52:05","guid":{"rendered":"https:\/\/www.houseofcats.pl\/sklep\/small-flat-flowers\/"},"modified":"2021-03-16T10:22:34","modified_gmt":"2021-03-16T09:22:34","slug":"small-flat-flowers","status":"publish","type":"product","link":"https:\/\/www.houseofcats.pl\/de\/shop\/small-flat-flowers\/","title":{"rendered":"Small Flat Flowers"},"content":{"rendered":"<p>Der Kratzbaum Small Flat White bietet dem K\u00e4tzchen bereits ab den ersten Tagen eigen einen gem\u00fctlichen Platz zum Schlafen und Spielen.<\/p>\n<h3>Kleiner Kratzbaum &#8211; gro\u00dfer Nutzen!<\/h3>\n<p>Das K\u00e4tzchen hat die M\u00f6glichkeit sich bereits von Beginn an mit dem Material und der Beschaffenheit vertraut zu machen.<\/p>\n<hr \/>\n<p>Produktabmessungen Small Flat: T: 27 cm, B: 18 cm, H: 6 cm<\/p>\n<p>Gewicht 0,5 kg<\/p>\n","protected":false},"excerpt":{"rendered":"<p>Der Kratzbaum Small Flat White bietet dem K\u00e4tzchen bereits ab den ersten Tagen eigen einen gem\u00fctlichen Platz zum Schlafen und Spielen. Kleiner Kratzbaum &#8211; gro\u00dfer Nutzen! Das K\u00e4tzchen hat die M\u00f6glichkeit sich bereits von Beginn an mit dem Material und der Beschaffenheit vertraut zu machen. Produktabmessungen Small Flat: T: 27 cm, B: 18 cm, H: &hellip;<\/p>\n","protected":false},"featured_media":3922,"template":"","meta":{"_acf_changed":false},"product_brand":[],"product_cat":[201],"product_tag":[175,182,222,183,223],"class_list":{"0":"post-3917","1":"product","2":"type-product","3":"status-publish","4":"has-post-thumbnail","6":"product_cat-flat-de","7":"product_tag-drapak-de","8":"product_tag-kot-de","9":"product_tag-kotek-de","10":"product_tag-tektura-de","11":"product_tag-wyprawka-de","13":"first","14":"instock","15":"taxable","16":"shipping-taxable","17":"purchasable","18":"product-type-simple"},"acf":[],"yoast_head":"<!-- This site is optimized with the Yoast SEO plugin v25.6 - https:\/\/yoast.com\/wordpress\/plugins\/seo\/ -->\n<title>drapaczek small flat flowers od house of cats idealny na wyprawk\u0119<\/title>\n<meta name=\"description\" content=\"Pi\u0119kny ma\u0142y drapczek dla ma\u0142ego kota, kt\u00f3ry mo\u017cna wykorzysta\u0107 jako zabawk\u0119 np. podczas transportu w kontenerze aby kot si\u0119 nie denerwowa\u0142.\" \/>\n<meta name=\"robots\" content=\"index, follow, max-snippet:-1, max-image-preview:large, max-video-preview:-1\" \/>\n<link rel=\"canonical\" href=\"https:\/\/www.houseofcats.pl\/de\/shop\/small-flat-flowers\/\" \/>\n<meta property=\"og:locale\" content=\"de_DE\" \/>\n<meta property=\"og:type\" content=\"article\" \/>\n<meta property=\"og:title\" content=\"drapaczek small flat flowers od house of cats idealny na wyprawk\u0119\" \/>\n<meta property=\"og:description\" content=\"Pi\u0119kny ma\u0142y drapczek dla ma\u0142ego kota, kt\u00f3ry mo\u017cna wykorzysta\u0107 jako zabawk\u0119 np. podczas transportu w kontenerze aby kot si\u0119 nie denerwowa\u0142.\" \/>\n<meta property=\"og:url\" content=\"https:\/\/www.houseofcats.pl\/de\/shop\/small-flat-flowers\/\" \/>\n<meta property=\"og:site_name\" content=\"Sklep internetowy House of Cats\" \/>\n<meta property=\"article:publisher\" content=\"https:\/\/www.facebook.com\/houseofcatspl\" \/>\n<meta property=\"article:modified_time\" content=\"2021-03-16T09:22:34+00:00\" \/>\n<meta property=\"og:image\" content=\"https:\/\/www.houseofcats.pl\/wp-content\/uploads\/2016\/04\/IMG_8871.jpg\" \/>\n\t<meta property=\"og:image:width\" content=\"1125\" \/>\n\t<meta property=\"og:image:height\" content=\"1113\" \/>\n\t<meta property=\"og:image:type\" content=\"image\/jpeg\" \/>\n<meta name=\"twitter:card\" content=\"summary_large_image\" \/>\n<meta name=\"twitter:label1\" content=\"Gesch\u00e4tzte Lesezeit\" \/>\n\t<meta name=\"twitter:data1\" content=\"1\u00a0Minute\" \/>\n<script type=\"application\/ld+json\" class=\"yoast-schema-graph\">{\"@context\":\"https:\/\/schema.org\",\"@graph\":[{\"@type\":\"WebPage\",\"@id\":\"https:\/\/www.houseofcats.pl\/de\/shop\/small-flat-flowers\/\",\"url\":\"https:\/\/www.houseofcats.pl\/de\/shop\/small-flat-flowers\/\",\"name\":\"drapaczek small flat flowers od house of cats idealny na wyprawk\u0119\",\"isPartOf\":{\"@id\":\"https:\/\/www.houseofcats.pl\/de\/#website\"},\"primaryImageOfPage\":{\"@id\":\"https:\/\/www.houseofcats.pl\/de\/shop\/small-flat-flowers\/#primaryimage\"},\"image\":{\"@id\":\"https:\/\/www.houseofcats.pl\/de\/shop\/small-flat-flowers\/#primaryimage\"},\"thumbnailUrl\":\"https:\/\/www.houseofcats.pl\/wp-content\/uploads\/2016\/04\/IMG_8871.jpg\",\"datePublished\":\"2016-04-16T09:52:05+00:00\",\"dateModified\":\"2021-03-16T09:22:34+00:00\",\"description\":\"Pi\u0119kny ma\u0142y drapczek dla ma\u0142ego kota, kt\u00f3ry mo\u017cna wykorzysta\u0107 jako zabawk\u0119 np. podczas transportu w kontenerze aby kot si\u0119 nie denerwowa\u0142.\",\"breadcrumb\":{\"@id\":\"https:\/\/www.houseofcats.pl\/de\/shop\/small-flat-flowers\/#breadcrumb\"},\"inLanguage\":\"de\",\"potentialAction\":[{\"@type\":\"ReadAction\",\"target\":[\"https:\/\/www.houseofcats.pl\/de\/shop\/small-flat-flowers\/\"]}]},{\"@type\":\"ImageObject\",\"inLanguage\":\"de\",\"@id\":\"https:\/\/www.houseofcats.pl\/de\/shop\/small-flat-flowers\/#primaryimage\",\"url\":\"https:\/\/www.houseofcats.pl\/wp-content\/uploads\/2016\/04\/IMG_8871.jpg\",\"contentUrl\":\"https:\/\/www.houseofcats.pl\/wp-content\/uploads\/2016\/04\/IMG_8871.jpg\",\"width\":1125,\"height\":1113},{\"@type\":\"BreadcrumbList\",\"@id\":\"https:\/\/www.houseofcats.pl\/de\/shop\/small-flat-flowers\/#breadcrumb\",\"itemListElement\":[{\"@type\":\"ListItem\",\"position\":1,\"name\":\"Strona g\u0142\u00f3wna\",\"item\":\"https:\/\/www.houseofcats.pl\/de\/\"},{\"@type\":\"ListItem\",\"position\":2,\"name\":\"Sklep\",\"item\":\"https:\/\/www.houseofcats.pl\/sklep\/\"},{\"@type\":\"ListItem\",\"position\":3,\"name\":\"Small Flat Flowers\"}]},{\"@type\":\"WebSite\",\"@id\":\"https:\/\/www.houseofcats.pl\/de\/#website\",\"url\":\"https:\/\/www.houseofcats.pl\/de\/\",\"name\":\"Sklep internetowy House of Cats\",\"description\":\"Drapaki dla kot\u00f3w\",\"publisher\":{\"@id\":\"https:\/\/www.houseofcats.pl\/de\/#organization\"},\"potentialAction\":[{\"@type\":\"SearchAction\",\"target\":{\"@type\":\"EntryPoint\",\"urlTemplate\":\"https:\/\/www.houseofcats.pl\/de\/?s={search_term_string}\"},\"query-input\":{\"@type\":\"PropertyValueSpecification\",\"valueRequired\":true,\"valueName\":\"search_term_string\"}}],\"inLanguage\":\"de\"},{\"@type\":\"Organization\",\"@id\":\"https:\/\/www.houseofcats.pl\/de\/#organization\",\"name\":\"Sklep internetowy House of Cats\",\"url\":\"https:\/\/www.houseofcats.pl\/de\/\",\"logo\":{\"@type\":\"ImageObject\",\"inLanguage\":\"de\",\"@id\":\"https:\/\/www.houseofcats.pl\/de\/#\/schema\/logo\/image\/\",\"url\":\"https:\/\/www.houseofcats.pl\/wp-content\/uploads\/2024\/07\/Zrzut-ekranu-2017-07-11-o-23.35.44.png\",\"contentUrl\":\"https:\/\/www.houseofcats.pl\/wp-content\/uploads\/2024\/07\/Zrzut-ekranu-2017-07-11-o-23.35.44.png\",\"width\":496,\"height\":474,\"caption\":\"Sklep internetowy House of Cats\"},\"image\":{\"@id\":\"https:\/\/www.houseofcats.pl\/de\/#\/schema\/logo\/image\/\"},\"sameAs\":[\"https:\/\/www.facebook.com\/houseofcatspl\",\"https:\/\/www.instagram.com\/houseofcats.pl\/\",\"https:\/\/www.youtube.com\/@houseofcats5403\"]}]}<\/script>\n<!-- \/ Yoast SEO plugin. -->","yoast_head_json":{"title":"drapaczek small flat flowers od house of cats idealny na wyprawk\u0119","description":"Pi\u0119kny ma\u0142y drapczek dla ma\u0142ego kota, kt\u00f3ry mo\u017cna wykorzysta\u0107 jako zabawk\u0119 np. podczas transportu w kontenerze aby kot si\u0119 nie denerwowa\u0142.","robots":{"index":"index","follow":"follow","max-snippet":"max-snippet:-1","max-image-preview":"max-image-preview:large","max-video-preview":"max-video-preview:-1"},"canonical":"https:\/\/www.houseofcats.pl\/de\/shop\/small-flat-flowers\/","og_locale":"de_DE","og_type":"article","og_title":"drapaczek small flat flowers od house of cats idealny na wyprawk\u0119","og_description":"Pi\u0119kny ma\u0142y drapczek dla ma\u0142ego kota, kt\u00f3ry mo\u017cna wykorzysta\u0107 jako zabawk\u0119 np. podczas transportu w kontenerze aby kot si\u0119 nie denerwowa\u0142.","og_url":"https:\/\/www.houseofcats.pl\/de\/shop\/small-flat-flowers\/","og_site_name":"Sklep internetowy House of Cats","article_publisher":"https:\/\/www.facebook.com\/houseofcatspl","article_modified_time":"2021-03-16T09:22:34+00:00","og_image":[{"width":1125,"height":1113,"url":"https:\/\/www.houseofcats.pl\/wp-content\/uploads\/2016\/04\/IMG_8871.jpg","type":"image\/jpeg"}],"twitter_card":"summary_large_image","twitter_misc":{"Gesch\u00e4tzte Lesezeit":"1\u00a0Minute"},"schema":{"@context":"https:\/\/schema.org","@graph":[{"@type":"WebPage","@id":"https:\/\/www.houseofcats.pl\/de\/shop\/small-flat-flowers\/","url":"https:\/\/www.houseofcats.pl\/de\/shop\/small-flat-flowers\/","name":"drapaczek small flat flowers od house of cats idealny na wyprawk\u0119","isPartOf":{"@id":"https:\/\/www.houseofcats.pl\/de\/#website"},"primaryImageOfPage":{"@id":"https:\/\/www.houseofcats.pl\/de\/shop\/small-flat-flowers\/#primaryimage"},"image":{"@id":"https:\/\/www.houseofcats.pl\/de\/shop\/small-flat-flowers\/#primaryimage"},"thumbnailUrl":"https:\/\/www.houseofcats.pl\/wp-content\/uploads\/2016\/04\/IMG_8871.jpg","datePublished":"2016-04-16T09:52:05+00:00","dateModified":"2021-03-16T09:22:34+00:00","description":"Pi\u0119kny ma\u0142y drapczek dla ma\u0142ego kota, kt\u00f3ry mo\u017cna wykorzysta\u0107 jako zabawk\u0119 np. podczas transportu w kontenerze aby kot si\u0119 nie denerwowa\u0142.","breadcrumb":{"@id":"https:\/\/www.houseofcats.pl\/de\/shop\/small-flat-flowers\/#breadcrumb"},"inLanguage":"de","potentialAction":[{"@type":"ReadAction","target":["https:\/\/www.houseofcats.pl\/de\/shop\/small-flat-flowers\/"]}]},{"@type":"ImageObject","inLanguage":"de","@id":"https:\/\/www.houseofcats.pl\/de\/shop\/small-flat-flowers\/#primaryimage","url":"https:\/\/www.houseofcats.pl\/wp-content\/uploads\/2016\/04\/IMG_8871.jpg","contentUrl":"https:\/\/www.houseofcats.pl\/wp-content\/uploads\/2016\/04\/IMG_8871.jpg","width":1125,"height":1113},{"@type":"BreadcrumbList","@id":"https:\/\/www.houseofcats.pl\/de\/shop\/small-flat-flowers\/#breadcrumb","itemListElement":[{"@type":"ListItem","position":1,"name":"Strona g\u0142\u00f3wna","item":"https:\/\/www.houseofcats.pl\/de\/"},{"@type":"ListItem","position":2,"name":"Sklep","item":"https:\/\/www.houseofcats.pl\/sklep\/"},{"@type":"ListItem","position":3,"name":"Small Flat Flowers"}]},{"@type":"WebSite","@id":"https:\/\/www.houseofcats.pl\/de\/#website","url":"https:\/\/www.houseofcats.pl\/de\/","name":"Sklep internetowy House of Cats","description":"Drapaki dla kot\u00f3w","publisher":{"@id":"https:\/\/www.houseofcats.pl\/de\/#organization"},"potentialAction":[{"@type":"SearchAction","target":{"@type":"EntryPoint","urlTemplate":"https:\/\/www.houseofcats.pl\/de\/?s={search_term_string}"},"query-input":{"@type":"PropertyValueSpecification","valueRequired":true,"valueName":"search_term_string"}}],"inLanguage":"de"},{"@type":"Organization","@id":"https:\/\/www.houseofcats.pl\/de\/#organization","name":"Sklep internetowy House of Cats","url":"https:\/\/www.houseofcats.pl\/de\/","logo":{"@type":"ImageObject","inLanguage":"de","@id":"https:\/\/www.houseofcats.pl\/de\/#\/schema\/logo\/image\/","url":"https:\/\/www.houseofcats.pl\/wp-content\/uploads\/2024\/07\/Zrzut-ekranu-2017-07-11-o-23.35.44.png","contentUrl":"https:\/\/www.houseofcats.pl\/wp-content\/uploads\/2024\/07\/Zrzut-ekranu-2017-07-11-o-23.35.44.png","width":496,"height":474,"caption":"Sklep internetowy House of Cats"},"image":{"@id":"https:\/\/www.houseofcats.pl\/de\/#\/schema\/logo\/image\/"},"sameAs":["https:\/\/www.facebook.com\/houseofcatspl","https:\/\/www.instagram.com\/houseofcats.pl\/","https:\/\/www.youtube.com\/@houseofcats5403"]}]}},"_links":{"self":[{"href":"https:\/\/www.houseofcats.pl\/de\/wp-json\/wp\/v2\/product\/3917"}],"collection":[{"href":"https:\/\/www.houseofcats.pl\/de\/wp-json\/wp\/v2\/product"}],"about":[{"href":"https:\/\/www.houseofcats.pl\/de\/wp-json\/wp\/v2\/types\/product"}],"wp:featuredmedia":[{"embeddable":true,"href":"https:\/\/www.houseofcats.pl\/de\/wp-json\/wp\/v2\/media\/3922"}],"wp:attachment":[{"href":"https:\/\/www.houseofcats.pl\/de\/wp-json\/wp\/v2\/media?parent=3917"}],"wp:term":[{"taxonomy":"product_brand","embeddable":true,"href":"https:\/\/www.houseofcats.pl\/de\/wp-json\/wp\/v2\/product_brand?post=3917"},{"taxonomy":"product_cat","embeddable":true,"href":"https:\/\/www.houseofcats.pl\/de\/wp-json\/wp\/v2\/product_cat?post=3917"},{"taxonomy":"product_tag","embeddable":true,"href":"https:\/\/www.houseofcats.pl\/de\/wp-json\/wp\/v2\/product_tag?post=3917"}],"curies":[{"name":"wp","href":"https:\/\/api.w.org\/{rel}","templated":true}]}}