{"id":3950,"date":"2016-04-15T22:26:02","date_gmt":"2016-04-15T20:26:02","guid":{"rendered":"https:\/\/www.houseofcats.pl\/sklep\/sofa-white\/"},"modified":"2021-03-16T10:30:39","modified_gmt":"2021-03-16T09:30:39","slug":"sofa-white","status":"publish","type":"product","link":"https:\/\/www.houseofcats.pl\/de\/shop\/sofa-white\/","title":{"rendered":"Sofa White"},"content":{"rendered":"<p class=\"Text\"><span lang=\"DE\">Elegant, modern, einfach und vor allem qualitativ hochwertig &#8211; der Kratzbaum Sofa White ist der optimale Ort zum Spielen und Ausruhen f\u00fcr die Katze. F\u00fcr den Katzenbesitzer hingegen ein super Accessoire f\u00fcr jeden Wohnraum, egal ob Wohnzimmer oder Flur.<\/span><\/p>\n<h3 class=\"Text\"><b><span lang=\"DE\">Der Kratzbaum f\u00fcr kompromisslose Bequemlichkeit!<\/span><\/b><\/h3>\n<p class=\"Text\"><span lang=\"DE\">Das wei\u00dfe Design des Kratzbaumes passt sicher in jeden Raum! Die W\u00e4rme, die durch den Kratzbaum ausgestrahlt wird, wird zur Folge haben, dass Ihre Katze ab Kauf des Sofa White den Gro\u00dfteil ihrer Zeit hier verbringen wird!<\/span><\/p>\n<hr \/>\n<p>Produktabmessungen Sofa: T: 27 cm, B: 68 cm, H: 12 cm<\/p>\n<p>Gewicht 1,8 kg<\/p>\n","protected":false},"excerpt":{"rendered":"<p>Elegant, modern, einfach und vor allem qualitativ hochwertig &#8211; der Kratzbaum Sofa White ist der optimale Ort zum Spielen und Ausruhen f\u00fcr die Katze. F\u00fcr den Katzenbesitzer hingegen ein super Accessoire f\u00fcr jeden Wohnraum, egal ob Wohnzimmer oder Flur. Der Kratzbaum f\u00fcr kompromisslose Bequemlichkeit! Das wei\u00dfe Design des Kratzbaumes passt sicher in jeden Raum! Die &hellip;<\/p>\n","protected":false},"featured_media":3957,"template":"","meta":{"_acf_changed":false},"product_brand":[],"product_cat":[181],"product_tag":[175,182,184,185,183],"class_list":{"0":"post-3950","1":"product","2":"type-product","3":"status-publish","4":"has-post-thumbnail","6":"product_cat-sofa-de","7":"product_tag-drapak-de","8":"product_tag-kot-de","9":"product_tag-legowisko-de","10":"product_tag-lezanka-de","11":"product_tag-tektura-de","13":"first","14":"instock","15":"taxable","16":"shipping-taxable","17":"purchasable","18":"product-type-simple"},"acf":[],"yoast_head":"<!-- This site is optimized with the Yoast SEO plugin v25.6 - https:\/\/yoast.com\/wordpress\/plugins\/seo\/ -->\n<title>Tekturowy drapak dla kota od House of Cats - Sofa White<\/title>\n<meta name=\"description\" content=\"Sofa White to drapak wykonany z tektury falistej, kt\u00f3ry Tw\u00f3j kot polubi od pierwszego wejrzenia. Od tej pory b\u0119dzie to jego ulubione miejsce wypoczynku.\" \/>\n<meta name=\"robots\" content=\"index, follow, max-snippet:-1, max-image-preview:large, max-video-preview:-1\" \/>\n<link rel=\"canonical\" href=\"https:\/\/www.houseofcats.pl\/de\/shop\/sofa-white\/\" \/>\n<meta property=\"og:locale\" content=\"de_DE\" \/>\n<meta property=\"og:type\" content=\"article\" \/>\n<meta property=\"og:title\" content=\"Tekturowy drapak dla kota od House of Cats - Sofa White\" \/>\n<meta property=\"og:description\" content=\"Sofa White to drapak wykonany z tektury falistej, kt\u00f3ry Tw\u00f3j kot polubi od pierwszego wejrzenia. Od tej pory b\u0119dzie to jego ulubione miejsce wypoczynku.\" \/>\n<meta property=\"og:url\" content=\"https:\/\/www.houseofcats.pl\/de\/shop\/sofa-white\/\" \/>\n<meta property=\"og:site_name\" content=\"Sklep internetowy House of Cats\" \/>\n<meta property=\"article:publisher\" content=\"https:\/\/www.facebook.com\/houseofcatspl\" \/>\n<meta property=\"article:modified_time\" content=\"2021-03-16T09:30:39+00:00\" \/>\n<meta property=\"og:image\" content=\"http:\/\/www.houseofcats.pl\/wp-content\/uploads\/2016\/04\/FullSizeRender.jpeg\" \/>\n\t<meta property=\"og:image:width\" content=\"1922\" \/>\n\t<meta property=\"og:image:height\" content=\"1922\" \/>\n\t<meta property=\"og:image:type\" content=\"image\/jpeg\" \/>\n<meta name=\"twitter:card\" content=\"summary_large_image\" \/>\n<meta name=\"twitter:label1\" content=\"Gesch\u00e4tzte Lesezeit\" \/>\n\t<meta name=\"twitter:data1\" content=\"1\u00a0Minute\" \/>\n<script type=\"application\/ld+json\" class=\"yoast-schema-graph\">{\"@context\":\"https:\/\/schema.org\",\"@graph\":[{\"@type\":\"WebPage\",\"@id\":\"https:\/\/www.houseofcats.pl\/de\/shop\/sofa-white\/\",\"url\":\"https:\/\/www.houseofcats.pl\/de\/shop\/sofa-white\/\",\"name\":\"Tekturowy drapak dla kota od House of Cats - Sofa White\",\"isPartOf\":{\"@id\":\"https:\/\/www.houseofcats.pl\/de\/#website\"},\"primaryImageOfPage\":{\"@id\":\"https:\/\/www.houseofcats.pl\/de\/shop\/sofa-white\/#primaryimage\"},\"image\":{\"@id\":\"https:\/\/www.houseofcats.pl\/de\/shop\/sofa-white\/#primaryimage\"},\"thumbnailUrl\":\"https:\/\/www.houseofcats.pl\/wp-content\/uploads\/2016\/04\/FullSizeRender.jpeg\",\"datePublished\":\"2016-04-15T20:26:02+00:00\",\"dateModified\":\"2021-03-16T09:30:39+00:00\",\"description\":\"Sofa White to drapak wykonany z tektury falistej, kt\u00f3ry Tw\u00f3j kot polubi od pierwszego wejrzenia. Od tej pory b\u0119dzie to jego ulubione miejsce wypoczynku.\",\"breadcrumb\":{\"@id\":\"https:\/\/www.houseofcats.pl\/de\/shop\/sofa-white\/#breadcrumb\"},\"inLanguage\":\"de\",\"potentialAction\":[{\"@type\":\"ReadAction\",\"target\":[\"https:\/\/www.houseofcats.pl\/de\/shop\/sofa-white\/\"]}]},{\"@type\":\"ImageObject\",\"inLanguage\":\"de\",\"@id\":\"https:\/\/www.houseofcats.pl\/de\/shop\/sofa-white\/#primaryimage\",\"url\":\"https:\/\/www.houseofcats.pl\/wp-content\/uploads\/2016\/04\/FullSizeRender.jpeg\",\"contentUrl\":\"https:\/\/www.houseofcats.pl\/wp-content\/uploads\/2016\/04\/FullSizeRender.jpeg\",\"width\":1922,\"height\":1922},{\"@type\":\"BreadcrumbList\",\"@id\":\"https:\/\/www.houseofcats.pl\/de\/shop\/sofa-white\/#breadcrumb\",\"itemListElement\":[{\"@type\":\"ListItem\",\"position\":1,\"name\":\"Strona g\u0142\u00f3wna\",\"item\":\"https:\/\/www.houseofcats.pl\/de\/\"},{\"@type\":\"ListItem\",\"position\":2,\"name\":\"Sklep\",\"item\":\"https:\/\/www.houseofcats.pl\/sklep\/\"},{\"@type\":\"ListItem\",\"position\":3,\"name\":\"Sofa White\"}]},{\"@type\":\"WebSite\",\"@id\":\"https:\/\/www.houseofcats.pl\/de\/#website\",\"url\":\"https:\/\/www.houseofcats.pl\/de\/\",\"name\":\"Sklep internetowy House of Cats\",\"description\":\"Drapaki dla kot\u00f3w\",\"publisher\":{\"@id\":\"https:\/\/www.houseofcats.pl\/de\/#organization\"},\"potentialAction\":[{\"@type\":\"SearchAction\",\"target\":{\"@type\":\"EntryPoint\",\"urlTemplate\":\"https:\/\/www.houseofcats.pl\/de\/?s={search_term_string}\"},\"query-input\":{\"@type\":\"PropertyValueSpecification\",\"valueRequired\":true,\"valueName\":\"search_term_string\"}}],\"inLanguage\":\"de\"},{\"@type\":\"Organization\",\"@id\":\"https:\/\/www.houseofcats.pl\/de\/#organization\",\"name\":\"Sklep internetowy House of Cats\",\"url\":\"https:\/\/www.houseofcats.pl\/de\/\",\"logo\":{\"@type\":\"ImageObject\",\"inLanguage\":\"de\",\"@id\":\"https:\/\/www.houseofcats.pl\/de\/#\/schema\/logo\/image\/\",\"url\":\"https:\/\/www.houseofcats.pl\/wp-content\/uploads\/2024\/07\/Zrzut-ekranu-2017-07-11-o-23.35.44.png\",\"contentUrl\":\"https:\/\/www.houseofcats.pl\/wp-content\/uploads\/2024\/07\/Zrzut-ekranu-2017-07-11-o-23.35.44.png\",\"width\":496,\"height\":474,\"caption\":\"Sklep internetowy House of Cats\"},\"image\":{\"@id\":\"https:\/\/www.houseofcats.pl\/de\/#\/schema\/logo\/image\/\"},\"sameAs\":[\"https:\/\/www.facebook.com\/houseofcatspl\",\"https:\/\/www.instagram.com\/houseofcats.pl\/\",\"https:\/\/www.youtube.com\/@houseofcats5403\"]}]}<\/script>\n<!-- \/ Yoast SEO plugin. -->","yoast_head_json":{"title":"Tekturowy drapak dla kota od House of Cats - Sofa White","description":"Sofa White to drapak wykonany z tektury falistej, kt\u00f3ry Tw\u00f3j kot polubi od pierwszego wejrzenia. Od tej pory b\u0119dzie to jego ulubione miejsce wypoczynku.","robots":{"index":"index","follow":"follow","max-snippet":"max-snippet:-1","max-image-preview":"max-image-preview:large","max-video-preview":"max-video-preview:-1"},"canonical":"https:\/\/www.houseofcats.pl\/de\/shop\/sofa-white\/","og_locale":"de_DE","og_type":"article","og_title":"Tekturowy drapak dla kota od House of Cats - Sofa White","og_description":"Sofa White to drapak wykonany z tektury falistej, kt\u00f3ry Tw\u00f3j kot polubi od pierwszego wejrzenia. Od tej pory b\u0119dzie to jego ulubione miejsce wypoczynku.","og_url":"https:\/\/www.houseofcats.pl\/de\/shop\/sofa-white\/","og_site_name":"Sklep internetowy House of Cats","article_publisher":"https:\/\/www.facebook.com\/houseofcatspl","article_modified_time":"2021-03-16T09:30:39+00:00","og_image":[{"width":1922,"height":1922,"url":"http:\/\/www.houseofcats.pl\/wp-content\/uploads\/2016\/04\/FullSizeRender.jpeg","type":"image\/jpeg"}],"twitter_card":"summary_large_image","twitter_misc":{"Gesch\u00e4tzte Lesezeit":"1\u00a0Minute"},"schema":{"@context":"https:\/\/schema.org","@graph":[{"@type":"WebPage","@id":"https:\/\/www.houseofcats.pl\/de\/shop\/sofa-white\/","url":"https:\/\/www.houseofcats.pl\/de\/shop\/sofa-white\/","name":"Tekturowy drapak dla kota od House of Cats - Sofa White","isPartOf":{"@id":"https:\/\/www.houseofcats.pl\/de\/#website"},"primaryImageOfPage":{"@id":"https:\/\/www.houseofcats.pl\/de\/shop\/sofa-white\/#primaryimage"},"image":{"@id":"https:\/\/www.houseofcats.pl\/de\/shop\/sofa-white\/#primaryimage"},"thumbnailUrl":"https:\/\/www.houseofcats.pl\/wp-content\/uploads\/2016\/04\/FullSizeRender.jpeg","datePublished":"2016-04-15T20:26:02+00:00","dateModified":"2021-03-16T09:30:39+00:00","description":"Sofa White to drapak wykonany z tektury falistej, kt\u00f3ry Tw\u00f3j kot polubi od pierwszego wejrzenia. Od tej pory b\u0119dzie to jego ulubione miejsce wypoczynku.","breadcrumb":{"@id":"https:\/\/www.houseofcats.pl\/de\/shop\/sofa-white\/#breadcrumb"},"inLanguage":"de","potentialAction":[{"@type":"ReadAction","target":["https:\/\/www.houseofcats.pl\/de\/shop\/sofa-white\/"]}]},{"@type":"ImageObject","inLanguage":"de","@id":"https:\/\/www.houseofcats.pl\/de\/shop\/sofa-white\/#primaryimage","url":"https:\/\/www.houseofcats.pl\/wp-content\/uploads\/2016\/04\/FullSizeRender.jpeg","contentUrl":"https:\/\/www.houseofcats.pl\/wp-content\/uploads\/2016\/04\/FullSizeRender.jpeg","width":1922,"height":1922},{"@type":"BreadcrumbList","@id":"https:\/\/www.houseofcats.pl\/de\/shop\/sofa-white\/#breadcrumb","itemListElement":[{"@type":"ListItem","position":1,"name":"Strona g\u0142\u00f3wna","item":"https:\/\/www.houseofcats.pl\/de\/"},{"@type":"ListItem","position":2,"name":"Sklep","item":"https:\/\/www.houseofcats.pl\/sklep\/"},{"@type":"ListItem","position":3,"name":"Sofa White"}]},{"@type":"WebSite","@id":"https:\/\/www.houseofcats.pl\/de\/#website","url":"https:\/\/www.houseofcats.pl\/de\/","name":"Sklep internetowy House of Cats","description":"Drapaki dla kot\u00f3w","publisher":{"@id":"https:\/\/www.houseofcats.pl\/de\/#organization"},"potentialAction":[{"@type":"SearchAction","target":{"@type":"EntryPoint","urlTemplate":"https:\/\/www.houseofcats.pl\/de\/?s={search_term_string}"},"query-input":{"@type":"PropertyValueSpecification","valueRequired":true,"valueName":"search_term_string"}}],"inLanguage":"de"},{"@type":"Organization","@id":"https:\/\/www.houseofcats.pl\/de\/#organization","name":"Sklep internetowy House of Cats","url":"https:\/\/www.houseofcats.pl\/de\/","logo":{"@type":"ImageObject","inLanguage":"de","@id":"https:\/\/www.houseofcats.pl\/de\/#\/schema\/logo\/image\/","url":"https:\/\/www.houseofcats.pl\/wp-content\/uploads\/2024\/07\/Zrzut-ekranu-2017-07-11-o-23.35.44.png","contentUrl":"https:\/\/www.houseofcats.pl\/wp-content\/uploads\/2024\/07\/Zrzut-ekranu-2017-07-11-o-23.35.44.png","width":496,"height":474,"caption":"Sklep internetowy House of Cats"},"image":{"@id":"https:\/\/www.houseofcats.pl\/de\/#\/schema\/logo\/image\/"},"sameAs":["https:\/\/www.facebook.com\/houseofcatspl","https:\/\/www.instagram.com\/houseofcats.pl\/","https:\/\/www.youtube.com\/@houseofcats5403"]}]}},"_links":{"self":[{"href":"https:\/\/www.houseofcats.pl\/de\/wp-json\/wp\/v2\/product\/3950"}],"collection":[{"href":"https:\/\/www.houseofcats.pl\/de\/wp-json\/wp\/v2\/product"}],"about":[{"href":"https:\/\/www.houseofcats.pl\/de\/wp-json\/wp\/v2\/types\/product"}],"wp:featuredmedia":[{"embeddable":true,"href":"https:\/\/www.houseofcats.pl\/de\/wp-json\/wp\/v2\/media\/3957"}],"wp:attachment":[{"href":"https:\/\/www.houseofcats.pl\/de\/wp-json\/wp\/v2\/media?parent=3950"}],"wp:term":[{"taxonomy":"product_brand","embeddable":true,"href":"https:\/\/www.houseofcats.pl\/de\/wp-json\/wp\/v2\/product_brand?post=3950"},{"taxonomy":"product_cat","embeddable":true,"href":"https:\/\/www.houseofcats.pl\/de\/wp-json\/wp\/v2\/product_cat?post=3950"},{"taxonomy":"product_tag","embeddable":true,"href":"https:\/\/www.houseofcats.pl\/de\/wp-json\/wp\/v2\/product_tag?post=3950"}],"curies":[{"name":"wp","href":"https:\/\/api.w.org\/{rel}","templated":true}]}}