{"id":3982,"date":"2016-04-15T21:58:24","date_gmt":"2016-04-15T19:58:24","guid":{"rendered":"https:\/\/www.houseofcats.pl\/sklep\/small-cat-flowers\/"},"modified":"2021-03-04T14:21:47","modified_gmt":"2021-03-04T13:21:47","slug":"small-cat-flowers","status":"publish","type":"product","link":"https:\/\/www.houseofcats.pl\/de\/shop\/small-cat-flowers\/","title":{"rendered":"Kratzbaum Small Cat Flowers"},"content":{"rendered":"<p>Selbst eine kleine Katze braucht ihren eigenen Platz im Haushalt, der nur ihr geh\u00f6rt. Das Modell Small Cat Flowers wurde speziell f\u00fcr kleine Katzen entworfenes Modell, damit sich die Kleinen von Beginn an kuschelig wohl f\u00fchlen k\u00f6nnen.<\/p>\n<h3>Auch die J\u00fcngsten verdienen nur das Beste!<\/h3>\n<p>Dieses Modell ist eine kleinere Ausf\u00fchrung des Cat Kratzbaumes und verbindet viele Funktionen: H\u00e4uschen, H\u00f6hle, Versteck, Kratzbaum und R\u00fcckzugsort &#8211; alles in einem!<\/p>\n<hr \/>\n<p>Produktabmessungen Small Cat: T: 27 cm, B: 27 cm, H: 29 cm<\/p>\n<p>Gewicht 1,6 kg<\/p>\n","protected":false},"excerpt":{"rendered":"<p>Selbst eine kleine Katze braucht ihren eigenen Platz im Haushalt, der nur ihr geh\u00f6rt. Das Modell Small Cat Flowers wurde speziell f\u00fcr kleine Katzen entworfenes Modell, damit sich die Kleinen von Beginn an kuschelig wohl f\u00fchlen k\u00f6nnen. Auch die J\u00fcngsten verdienen nur das Beste! Dieses Modell ist eine kleinere Ausf\u00fchrung des Cat Kratzbaumes und verbindet &hellip;<\/p>\n","protected":false},"featured_media":3987,"template":"","meta":{"_acf_changed":false},"product_brand":[],"product_cat":[237],"product_tag":[175,182,183],"class_list":{"0":"post-3982","1":"product","2":"type-product","3":"status-publish","4":"has-post-thumbnail","6":"product_cat-small-cat-de","7":"product_tag-drapak-de","8":"product_tag-kot-de","9":"product_tag-tektura-de","11":"first","12":"instock","13":"taxable","14":"shipping-taxable","15":"purchasable","16":"product-type-simple"},"acf":[],"yoast_head":"<!-- This site is optimized with the Yoast SEO plugin v25.6 - https:\/\/yoast.com\/wordpress\/plugins\/seo\/ -->\n<title>Tekturowy drapak dla ma\u0142ego kota od House of Cats<\/title>\n<meta name=\"description\" content=\"Idealny dla koci\u0105t lub ma\u0142ych kot\u00f3w tekturowy drapak, kt\u00f3ry ju\u017c od pierwszych chwil przyzwyczai Twojego kota do t\u0119pienia pazurk\u00f3w we w\u0142a\u015bciwym miejscu.\" \/>\n<meta name=\"robots\" content=\"index, follow, max-snippet:-1, max-image-preview:large, max-video-preview:-1\" \/>\n<link rel=\"canonical\" href=\"https:\/\/www.houseofcats.pl\/de\/shop\/small-cat-flowers\/\" \/>\n<meta property=\"og:locale\" content=\"de_DE\" \/>\n<meta property=\"og:type\" content=\"article\" \/>\n<meta property=\"og:title\" content=\"Tekturowy drapak dla ma\u0142ego kota od House of Cats\" \/>\n<meta property=\"og:description\" content=\"Idealny dla koci\u0105t lub ma\u0142ych kot\u00f3w tekturowy drapak, kt\u00f3ry ju\u017c od pierwszych chwil przyzwyczai Twojego kota do t\u0119pienia pazurk\u00f3w we w\u0142a\u015bciwym miejscu.\" \/>\n<meta property=\"og:url\" content=\"https:\/\/www.houseofcats.pl\/de\/shop\/small-cat-flowers\/\" \/>\n<meta property=\"og:site_name\" content=\"Sklep internetowy House of Cats\" \/>\n<meta property=\"article:publisher\" content=\"https:\/\/www.facebook.com\/houseofcatspl\" \/>\n<meta property=\"article:modified_time\" content=\"2021-03-04T13:21:47+00:00\" \/>\n<meta property=\"og:image\" content=\"https:\/\/www.houseofcats.pl\/wp-content\/uploads\/2016\/04\/thumb_W_N_9022_1024.jpg\" \/>\n\t<meta property=\"og:image:width\" content=\"1024\" \/>\n\t<meta property=\"og:image:height\" content=\"1024\" \/>\n\t<meta property=\"og:image:type\" content=\"image\/jpeg\" \/>\n<meta name=\"twitter:card\" content=\"summary_large_image\" \/>\n<meta name=\"twitter:label1\" content=\"Gesch\u00e4tzte Lesezeit\" \/>\n\t<meta name=\"twitter:data1\" content=\"1\u00a0Minute\" \/>\n<script type=\"application\/ld+json\" class=\"yoast-schema-graph\">{\"@context\":\"https:\/\/schema.org\",\"@graph\":[{\"@type\":\"WebPage\",\"@id\":\"https:\/\/www.houseofcats.pl\/de\/shop\/small-cat-flowers\/\",\"url\":\"https:\/\/www.houseofcats.pl\/de\/shop\/small-cat-flowers\/\",\"name\":\"Tekturowy drapak dla ma\u0142ego kota od House of Cats\",\"isPartOf\":{\"@id\":\"https:\/\/www.houseofcats.pl\/de\/#website\"},\"primaryImageOfPage\":{\"@id\":\"https:\/\/www.houseofcats.pl\/de\/shop\/small-cat-flowers\/#primaryimage\"},\"image\":{\"@id\":\"https:\/\/www.houseofcats.pl\/de\/shop\/small-cat-flowers\/#primaryimage\"},\"thumbnailUrl\":\"https:\/\/www.houseofcats.pl\/wp-content\/uploads\/2016\/04\/thumb_W_N_9022_1024.jpg\",\"datePublished\":\"2016-04-15T19:58:24+00:00\",\"dateModified\":\"2021-03-04T13:21:47+00:00\",\"description\":\"Idealny dla koci\u0105t lub ma\u0142ych kot\u00f3w tekturowy drapak, kt\u00f3ry ju\u017c od pierwszych chwil przyzwyczai Twojego kota do t\u0119pienia pazurk\u00f3w we w\u0142a\u015bciwym miejscu.\",\"breadcrumb\":{\"@id\":\"https:\/\/www.houseofcats.pl\/de\/shop\/small-cat-flowers\/#breadcrumb\"},\"inLanguage\":\"de\",\"potentialAction\":[{\"@type\":\"ReadAction\",\"target\":[\"https:\/\/www.houseofcats.pl\/de\/shop\/small-cat-flowers\/\"]}]},{\"@type\":\"ImageObject\",\"inLanguage\":\"de\",\"@id\":\"https:\/\/www.houseofcats.pl\/de\/shop\/small-cat-flowers\/#primaryimage\",\"url\":\"https:\/\/www.houseofcats.pl\/wp-content\/uploads\/2016\/04\/thumb_W_N_9022_1024.jpg\",\"contentUrl\":\"https:\/\/www.houseofcats.pl\/wp-content\/uploads\/2016\/04\/thumb_W_N_9022_1024.jpg\",\"width\":1024,\"height\":1024},{\"@type\":\"BreadcrumbList\",\"@id\":\"https:\/\/www.houseofcats.pl\/de\/shop\/small-cat-flowers\/#breadcrumb\",\"itemListElement\":[{\"@type\":\"ListItem\",\"position\":1,\"name\":\"Strona g\u0142\u00f3wna\",\"item\":\"https:\/\/www.houseofcats.pl\/de\/\"},{\"@type\":\"ListItem\",\"position\":2,\"name\":\"Sklep\",\"item\":\"https:\/\/www.houseofcats.pl\/sklep\/\"},{\"@type\":\"ListItem\",\"position\":3,\"name\":\"Kratzbaum Small Cat Flowers\"}]},{\"@type\":\"WebSite\",\"@id\":\"https:\/\/www.houseofcats.pl\/de\/#website\",\"url\":\"https:\/\/www.houseofcats.pl\/de\/\",\"name\":\"Sklep internetowy House of Cats\",\"description\":\"Drapaki dla kot\u00f3w\",\"publisher\":{\"@id\":\"https:\/\/www.houseofcats.pl\/de\/#organization\"},\"potentialAction\":[{\"@type\":\"SearchAction\",\"target\":{\"@type\":\"EntryPoint\",\"urlTemplate\":\"https:\/\/www.houseofcats.pl\/de\/?s={search_term_string}\"},\"query-input\":{\"@type\":\"PropertyValueSpecification\",\"valueRequired\":true,\"valueName\":\"search_term_string\"}}],\"inLanguage\":\"de\"},{\"@type\":\"Organization\",\"@id\":\"https:\/\/www.houseofcats.pl\/de\/#organization\",\"name\":\"Sklep internetowy House of Cats\",\"url\":\"https:\/\/www.houseofcats.pl\/de\/\",\"logo\":{\"@type\":\"ImageObject\",\"inLanguage\":\"de\",\"@id\":\"https:\/\/www.houseofcats.pl\/de\/#\/schema\/logo\/image\/\",\"url\":\"https:\/\/www.houseofcats.pl\/wp-content\/uploads\/2024\/07\/Zrzut-ekranu-2017-07-11-o-23.35.44.png\",\"contentUrl\":\"https:\/\/www.houseofcats.pl\/wp-content\/uploads\/2024\/07\/Zrzut-ekranu-2017-07-11-o-23.35.44.png\",\"width\":496,\"height\":474,\"caption\":\"Sklep internetowy House of Cats\"},\"image\":{\"@id\":\"https:\/\/www.houseofcats.pl\/de\/#\/schema\/logo\/image\/\"},\"sameAs\":[\"https:\/\/www.facebook.com\/houseofcatspl\",\"https:\/\/www.instagram.com\/houseofcats.pl\/\",\"https:\/\/www.youtube.com\/@houseofcats5403\"]}]}<\/script>\n<!-- \/ Yoast SEO plugin. -->","yoast_head_json":{"title":"Tekturowy drapak dla ma\u0142ego kota od House of Cats","description":"Idealny dla koci\u0105t lub ma\u0142ych kot\u00f3w tekturowy drapak, kt\u00f3ry ju\u017c od pierwszych chwil przyzwyczai Twojego kota do t\u0119pienia pazurk\u00f3w we w\u0142a\u015bciwym miejscu.","robots":{"index":"index","follow":"follow","max-snippet":"max-snippet:-1","max-image-preview":"max-image-preview:large","max-video-preview":"max-video-preview:-1"},"canonical":"https:\/\/www.houseofcats.pl\/de\/shop\/small-cat-flowers\/","og_locale":"de_DE","og_type":"article","og_title":"Tekturowy drapak dla ma\u0142ego kota od House of Cats","og_description":"Idealny dla koci\u0105t lub ma\u0142ych kot\u00f3w tekturowy drapak, kt\u00f3ry ju\u017c od pierwszych chwil przyzwyczai Twojego kota do t\u0119pienia pazurk\u00f3w we w\u0142a\u015bciwym miejscu.","og_url":"https:\/\/www.houseofcats.pl\/de\/shop\/small-cat-flowers\/","og_site_name":"Sklep internetowy House of Cats","article_publisher":"https:\/\/www.facebook.com\/houseofcatspl","article_modified_time":"2021-03-04T13:21:47+00:00","og_image":[{"width":1024,"height":1024,"url":"https:\/\/www.houseofcats.pl\/wp-content\/uploads\/2016\/04\/thumb_W_N_9022_1024.jpg","type":"image\/jpeg"}],"twitter_card":"summary_large_image","twitter_misc":{"Gesch\u00e4tzte Lesezeit":"1\u00a0Minute"},"schema":{"@context":"https:\/\/schema.org","@graph":[{"@type":"WebPage","@id":"https:\/\/www.houseofcats.pl\/de\/shop\/small-cat-flowers\/","url":"https:\/\/www.houseofcats.pl\/de\/shop\/small-cat-flowers\/","name":"Tekturowy drapak dla ma\u0142ego kota od House of Cats","isPartOf":{"@id":"https:\/\/www.houseofcats.pl\/de\/#website"},"primaryImageOfPage":{"@id":"https:\/\/www.houseofcats.pl\/de\/shop\/small-cat-flowers\/#primaryimage"},"image":{"@id":"https:\/\/www.houseofcats.pl\/de\/shop\/small-cat-flowers\/#primaryimage"},"thumbnailUrl":"https:\/\/www.houseofcats.pl\/wp-content\/uploads\/2016\/04\/thumb_W_N_9022_1024.jpg","datePublished":"2016-04-15T19:58:24+00:00","dateModified":"2021-03-04T13:21:47+00:00","description":"Idealny dla koci\u0105t lub ma\u0142ych kot\u00f3w tekturowy drapak, kt\u00f3ry ju\u017c od pierwszych chwil przyzwyczai Twojego kota do t\u0119pienia pazurk\u00f3w we w\u0142a\u015bciwym miejscu.","breadcrumb":{"@id":"https:\/\/www.houseofcats.pl\/de\/shop\/small-cat-flowers\/#breadcrumb"},"inLanguage":"de","potentialAction":[{"@type":"ReadAction","target":["https:\/\/www.houseofcats.pl\/de\/shop\/small-cat-flowers\/"]}]},{"@type":"ImageObject","inLanguage":"de","@id":"https:\/\/www.houseofcats.pl\/de\/shop\/small-cat-flowers\/#primaryimage","url":"https:\/\/www.houseofcats.pl\/wp-content\/uploads\/2016\/04\/thumb_W_N_9022_1024.jpg","contentUrl":"https:\/\/www.houseofcats.pl\/wp-content\/uploads\/2016\/04\/thumb_W_N_9022_1024.jpg","width":1024,"height":1024},{"@type":"BreadcrumbList","@id":"https:\/\/www.houseofcats.pl\/de\/shop\/small-cat-flowers\/#breadcrumb","itemListElement":[{"@type":"ListItem","position":1,"name":"Strona g\u0142\u00f3wna","item":"https:\/\/www.houseofcats.pl\/de\/"},{"@type":"ListItem","position":2,"name":"Sklep","item":"https:\/\/www.houseofcats.pl\/sklep\/"},{"@type":"ListItem","position":3,"name":"Kratzbaum Small Cat Flowers"}]},{"@type":"WebSite","@id":"https:\/\/www.houseofcats.pl\/de\/#website","url":"https:\/\/www.houseofcats.pl\/de\/","name":"Sklep internetowy House of Cats","description":"Drapaki dla kot\u00f3w","publisher":{"@id":"https:\/\/www.houseofcats.pl\/de\/#organization"},"potentialAction":[{"@type":"SearchAction","target":{"@type":"EntryPoint","urlTemplate":"https:\/\/www.houseofcats.pl\/de\/?s={search_term_string}"},"query-input":{"@type":"PropertyValueSpecification","valueRequired":true,"valueName":"search_term_string"}}],"inLanguage":"de"},{"@type":"Organization","@id":"https:\/\/www.houseofcats.pl\/de\/#organization","name":"Sklep internetowy House of Cats","url":"https:\/\/www.houseofcats.pl\/de\/","logo":{"@type":"ImageObject","inLanguage":"de","@id":"https:\/\/www.houseofcats.pl\/de\/#\/schema\/logo\/image\/","url":"https:\/\/www.houseofcats.pl\/wp-content\/uploads\/2024\/07\/Zrzut-ekranu-2017-07-11-o-23.35.44.png","contentUrl":"https:\/\/www.houseofcats.pl\/wp-content\/uploads\/2024\/07\/Zrzut-ekranu-2017-07-11-o-23.35.44.png","width":496,"height":474,"caption":"Sklep internetowy House of Cats"},"image":{"@id":"https:\/\/www.houseofcats.pl\/de\/#\/schema\/logo\/image\/"},"sameAs":["https:\/\/www.facebook.com\/houseofcatspl","https:\/\/www.instagram.com\/houseofcats.pl\/","https:\/\/www.youtube.com\/@houseofcats5403"]}]}},"_links":{"self":[{"href":"https:\/\/www.houseofcats.pl\/de\/wp-json\/wp\/v2\/product\/3982"}],"collection":[{"href":"https:\/\/www.houseofcats.pl\/de\/wp-json\/wp\/v2\/product"}],"about":[{"href":"https:\/\/www.houseofcats.pl\/de\/wp-json\/wp\/v2\/types\/product"}],"wp:featuredmedia":[{"embeddable":true,"href":"https:\/\/www.houseofcats.pl\/de\/wp-json\/wp\/v2\/media\/3987"}],"wp:attachment":[{"href":"https:\/\/www.houseofcats.pl\/de\/wp-json\/wp\/v2\/media?parent=3982"}],"wp:term":[{"taxonomy":"product_brand","embeddable":true,"href":"https:\/\/www.houseofcats.pl\/de\/wp-json\/wp\/v2\/product_brand?post=3982"},{"taxonomy":"product_cat","embeddable":true,"href":"https:\/\/www.houseofcats.pl\/de\/wp-json\/wp\/v2\/product_cat?post=3982"},{"taxonomy":"product_tag","embeddable":true,"href":"https:\/\/www.houseofcats.pl\/de\/wp-json\/wp\/v2\/product_tag?post=3982"}],"curies":[{"name":"wp","href":"https:\/\/api.w.org\/{rel}","templated":true}]}}