{"id":3993,"date":"2016-04-15T21:57:27","date_gmt":"2016-04-15T19:57:27","guid":{"rendered":"https:\/\/www.houseofcats.pl\/sklep\/small-cat-white\/"},"modified":"2021-03-04T14:21:01","modified_gmt":"2021-03-04T13:21:01","slug":"small-cat-white","status":"publish","type":"product","link":"https:\/\/www.houseofcats.pl\/de\/shop\/small-cat-white\/","title":{"rendered":"Kratzbaum Small Cat  White"},"content":{"rendered":"<p>Mit dem Cat Small Kratzbaum geben wir dem K\u00e4tzchen bereits ab den ersten Tagen einen gem\u00fctlichen Platz zum Schlafen und Spielen.<\/p>\n<h3>Mach dein Haustier stolz! Wir<\/h3>\n<p>sollten unseren Katzen von klein auf beibringen ihre Krallen am Kratzbaum zu stumpfen und somit auch unsere M\u00f6bel und Sofas sch\u00fctzen. Das wei\u00dfe Design des Kratzbaumes passt sicher in jeden Raum!<\/p>\n<hr \/>\n<p>Produktabmessungen Small Cat: T: 27 cm, B: 27 cm, H: 29 cm<\/p>\n<p>Gewicht 1,6 kg<\/p>\n","protected":false},"excerpt":{"rendered":"<p>Mit dem Cat Small Kratzbaum geben wir dem K\u00e4tzchen bereits ab den ersten Tagen einen gem\u00fctlichen Platz zum Schlafen und Spielen. Mach dein Haustier stolz! Wir sollten unseren Katzen von klein auf beibringen ihre Krallen am Kratzbaum zu stumpfen und somit auch unsere M\u00f6bel und Sofas sch\u00fctzen. Das wei\u00dfe Design des Kratzbaumes passt sicher in &hellip;<\/p>\n","protected":false},"featured_media":3997,"template":"","meta":{"_acf_changed":false},"product_brand":[],"product_cat":[237],"product_tag":[175,182,183],"class_list":{"0":"post-3993","1":"product","2":"type-product","3":"status-publish","4":"has-post-thumbnail","6":"product_cat-small-cat-de","7":"product_tag-drapak-de","8":"product_tag-kot-de","9":"product_tag-tektura-de","11":"first","12":"instock","13":"taxable","14":"shipping-taxable","15":"purchasable","16":"product-type-simple"},"acf":[],"yoast_head":"<!-- This site is optimized with the Yoast SEO plugin v25.6 - https:\/\/yoast.com\/wordpress\/plugins\/seo\/ -->\n<title>Drapak dla kota Small Cat White od House of Cats<\/title>\n<meta name=\"description\" content=\"Small Cat to drapak\/domek dla ma\u0142ego kotka, kt\u00f3ry sprawi, \u017ce poczuje si\u0119 dobrze i bezpiecznie od pierwszych chwil w Naszym domu.\" \/>\n<meta name=\"robots\" content=\"index, follow, max-snippet:-1, max-image-preview:large, max-video-preview:-1\" \/>\n<link rel=\"canonical\" href=\"https:\/\/www.houseofcats.pl\/de\/shop\/small-cat-white\/\" \/>\n<meta property=\"og:locale\" content=\"de_DE\" \/>\n<meta property=\"og:type\" content=\"article\" \/>\n<meta property=\"og:title\" content=\"Drapak dla kota Small Cat White od House of Cats\" \/>\n<meta property=\"og:description\" content=\"Small Cat to drapak\/domek dla ma\u0142ego kotka, kt\u00f3ry sprawi, \u017ce poczuje si\u0119 dobrze i bezpiecznie od pierwszych chwil w Naszym domu.\" \/>\n<meta property=\"og:url\" content=\"https:\/\/www.houseofcats.pl\/de\/shop\/small-cat-white\/\" \/>\n<meta property=\"og:site_name\" content=\"Sklep internetowy House of Cats\" \/>\n<meta property=\"article:publisher\" content=\"https:\/\/www.facebook.com\/houseofcatspl\" \/>\n<meta property=\"article:modified_time\" content=\"2021-03-04T13:21:01+00:00\" \/>\n<meta property=\"og:image\" content=\"http:\/\/www.houseofcats.pl\/wp-content\/uploads\/2016\/04\/smal-cat-wj-1.png\" \/>\n\t<meta property=\"og:image:width\" content=\"768\" \/>\n\t<meta property=\"og:image:height\" content=\"768\" \/>\n\t<meta property=\"og:image:type\" content=\"image\/png\" \/>\n<meta name=\"twitter:card\" content=\"summary_large_image\" \/>\n<meta name=\"twitter:label1\" content=\"Gesch\u00e4tzte Lesezeit\" \/>\n\t<meta name=\"twitter:data1\" content=\"1\u00a0Minute\" \/>\n<script type=\"application\/ld+json\" class=\"yoast-schema-graph\">{\"@context\":\"https:\/\/schema.org\",\"@graph\":[{\"@type\":\"WebPage\",\"@id\":\"https:\/\/www.houseofcats.pl\/de\/shop\/small-cat-white\/\",\"url\":\"https:\/\/www.houseofcats.pl\/de\/shop\/small-cat-white\/\",\"name\":\"Drapak dla kota Small Cat White od House of Cats\",\"isPartOf\":{\"@id\":\"https:\/\/www.houseofcats.pl\/de\/#website\"},\"primaryImageOfPage\":{\"@id\":\"https:\/\/www.houseofcats.pl\/de\/shop\/small-cat-white\/#primaryimage\"},\"image\":{\"@id\":\"https:\/\/www.houseofcats.pl\/de\/shop\/small-cat-white\/#primaryimage\"},\"thumbnailUrl\":\"https:\/\/www.houseofcats.pl\/wp-content\/uploads\/2016\/04\/smal-cat-wj-1.png\",\"datePublished\":\"2016-04-15T19:57:27+00:00\",\"dateModified\":\"2021-03-04T13:21:01+00:00\",\"description\":\"Small Cat to drapak\/domek dla ma\u0142ego kotka, kt\u00f3ry sprawi, \u017ce poczuje si\u0119 dobrze i bezpiecznie od pierwszych chwil w Naszym domu.\",\"breadcrumb\":{\"@id\":\"https:\/\/www.houseofcats.pl\/de\/shop\/small-cat-white\/#breadcrumb\"},\"inLanguage\":\"de\",\"potentialAction\":[{\"@type\":\"ReadAction\",\"target\":[\"https:\/\/www.houseofcats.pl\/de\/shop\/small-cat-white\/\"]}]},{\"@type\":\"ImageObject\",\"inLanguage\":\"de\",\"@id\":\"https:\/\/www.houseofcats.pl\/de\/shop\/small-cat-white\/#primaryimage\",\"url\":\"https:\/\/www.houseofcats.pl\/wp-content\/uploads\/2016\/04\/smal-cat-wj-1.png\",\"contentUrl\":\"https:\/\/www.houseofcats.pl\/wp-content\/uploads\/2016\/04\/smal-cat-wj-1.png\",\"width\":768,\"height\":768},{\"@type\":\"BreadcrumbList\",\"@id\":\"https:\/\/www.houseofcats.pl\/de\/shop\/small-cat-white\/#breadcrumb\",\"itemListElement\":[{\"@type\":\"ListItem\",\"position\":1,\"name\":\"Strona g\u0142\u00f3wna\",\"item\":\"https:\/\/www.houseofcats.pl\/de\/\"},{\"@type\":\"ListItem\",\"position\":2,\"name\":\"Sklep\",\"item\":\"https:\/\/www.houseofcats.pl\/sklep\/\"},{\"@type\":\"ListItem\",\"position\":3,\"name\":\"Kratzbaum Small Cat White\"}]},{\"@type\":\"WebSite\",\"@id\":\"https:\/\/www.houseofcats.pl\/de\/#website\",\"url\":\"https:\/\/www.houseofcats.pl\/de\/\",\"name\":\"Sklep internetowy House of Cats\",\"description\":\"Drapaki dla kot\u00f3w\",\"publisher\":{\"@id\":\"https:\/\/www.houseofcats.pl\/de\/#organization\"},\"potentialAction\":[{\"@type\":\"SearchAction\",\"target\":{\"@type\":\"EntryPoint\",\"urlTemplate\":\"https:\/\/www.houseofcats.pl\/de\/?s={search_term_string}\"},\"query-input\":{\"@type\":\"PropertyValueSpecification\",\"valueRequired\":true,\"valueName\":\"search_term_string\"}}],\"inLanguage\":\"de\"},{\"@type\":\"Organization\",\"@id\":\"https:\/\/www.houseofcats.pl\/de\/#organization\",\"name\":\"Sklep internetowy House of Cats\",\"url\":\"https:\/\/www.houseofcats.pl\/de\/\",\"logo\":{\"@type\":\"ImageObject\",\"inLanguage\":\"de\",\"@id\":\"https:\/\/www.houseofcats.pl\/de\/#\/schema\/logo\/image\/\",\"url\":\"https:\/\/www.houseofcats.pl\/wp-content\/uploads\/2024\/07\/Zrzut-ekranu-2017-07-11-o-23.35.44.png\",\"contentUrl\":\"https:\/\/www.houseofcats.pl\/wp-content\/uploads\/2024\/07\/Zrzut-ekranu-2017-07-11-o-23.35.44.png\",\"width\":496,\"height\":474,\"caption\":\"Sklep internetowy House of Cats\"},\"image\":{\"@id\":\"https:\/\/www.houseofcats.pl\/de\/#\/schema\/logo\/image\/\"},\"sameAs\":[\"https:\/\/www.facebook.com\/houseofcatspl\",\"https:\/\/www.instagram.com\/houseofcats.pl\/\",\"https:\/\/www.youtube.com\/@houseofcats5403\"]}]}<\/script>\n<!-- \/ Yoast SEO plugin. -->","yoast_head_json":{"title":"Drapak dla kota Small Cat White od House of Cats","description":"Small Cat to drapak\/domek dla ma\u0142ego kotka, kt\u00f3ry sprawi, \u017ce poczuje si\u0119 dobrze i bezpiecznie od pierwszych chwil w Naszym domu.","robots":{"index":"index","follow":"follow","max-snippet":"max-snippet:-1","max-image-preview":"max-image-preview:large","max-video-preview":"max-video-preview:-1"},"canonical":"https:\/\/www.houseofcats.pl\/de\/shop\/small-cat-white\/","og_locale":"de_DE","og_type":"article","og_title":"Drapak dla kota Small Cat White od House of Cats","og_description":"Small Cat to drapak\/domek dla ma\u0142ego kotka, kt\u00f3ry sprawi, \u017ce poczuje si\u0119 dobrze i bezpiecznie od pierwszych chwil w Naszym domu.","og_url":"https:\/\/www.houseofcats.pl\/de\/shop\/small-cat-white\/","og_site_name":"Sklep internetowy House of Cats","article_publisher":"https:\/\/www.facebook.com\/houseofcatspl","article_modified_time":"2021-03-04T13:21:01+00:00","og_image":[{"width":768,"height":768,"url":"http:\/\/www.houseofcats.pl\/wp-content\/uploads\/2016\/04\/smal-cat-wj-1.png","type":"image\/png"}],"twitter_card":"summary_large_image","twitter_misc":{"Gesch\u00e4tzte Lesezeit":"1\u00a0Minute"},"schema":{"@context":"https:\/\/schema.org","@graph":[{"@type":"WebPage","@id":"https:\/\/www.houseofcats.pl\/de\/shop\/small-cat-white\/","url":"https:\/\/www.houseofcats.pl\/de\/shop\/small-cat-white\/","name":"Drapak dla kota Small Cat White od House of Cats","isPartOf":{"@id":"https:\/\/www.houseofcats.pl\/de\/#website"},"primaryImageOfPage":{"@id":"https:\/\/www.houseofcats.pl\/de\/shop\/small-cat-white\/#primaryimage"},"image":{"@id":"https:\/\/www.houseofcats.pl\/de\/shop\/small-cat-white\/#primaryimage"},"thumbnailUrl":"https:\/\/www.houseofcats.pl\/wp-content\/uploads\/2016\/04\/smal-cat-wj-1.png","datePublished":"2016-04-15T19:57:27+00:00","dateModified":"2021-03-04T13:21:01+00:00","description":"Small Cat to drapak\/domek dla ma\u0142ego kotka, kt\u00f3ry sprawi, \u017ce poczuje si\u0119 dobrze i bezpiecznie od pierwszych chwil w Naszym domu.","breadcrumb":{"@id":"https:\/\/www.houseofcats.pl\/de\/shop\/small-cat-white\/#breadcrumb"},"inLanguage":"de","potentialAction":[{"@type":"ReadAction","target":["https:\/\/www.houseofcats.pl\/de\/shop\/small-cat-white\/"]}]},{"@type":"ImageObject","inLanguage":"de","@id":"https:\/\/www.houseofcats.pl\/de\/shop\/small-cat-white\/#primaryimage","url":"https:\/\/www.houseofcats.pl\/wp-content\/uploads\/2016\/04\/smal-cat-wj-1.png","contentUrl":"https:\/\/www.houseofcats.pl\/wp-content\/uploads\/2016\/04\/smal-cat-wj-1.png","width":768,"height":768},{"@type":"BreadcrumbList","@id":"https:\/\/www.houseofcats.pl\/de\/shop\/small-cat-white\/#breadcrumb","itemListElement":[{"@type":"ListItem","position":1,"name":"Strona g\u0142\u00f3wna","item":"https:\/\/www.houseofcats.pl\/de\/"},{"@type":"ListItem","position":2,"name":"Sklep","item":"https:\/\/www.houseofcats.pl\/sklep\/"},{"@type":"ListItem","position":3,"name":"Kratzbaum Small Cat White"}]},{"@type":"WebSite","@id":"https:\/\/www.houseofcats.pl\/de\/#website","url":"https:\/\/www.houseofcats.pl\/de\/","name":"Sklep internetowy House of Cats","description":"Drapaki dla kot\u00f3w","publisher":{"@id":"https:\/\/www.houseofcats.pl\/de\/#organization"},"potentialAction":[{"@type":"SearchAction","target":{"@type":"EntryPoint","urlTemplate":"https:\/\/www.houseofcats.pl\/de\/?s={search_term_string}"},"query-input":{"@type":"PropertyValueSpecification","valueRequired":true,"valueName":"search_term_string"}}],"inLanguage":"de"},{"@type":"Organization","@id":"https:\/\/www.houseofcats.pl\/de\/#organization","name":"Sklep internetowy House of Cats","url":"https:\/\/www.houseofcats.pl\/de\/","logo":{"@type":"ImageObject","inLanguage":"de","@id":"https:\/\/www.houseofcats.pl\/de\/#\/schema\/logo\/image\/","url":"https:\/\/www.houseofcats.pl\/wp-content\/uploads\/2024\/07\/Zrzut-ekranu-2017-07-11-o-23.35.44.png","contentUrl":"https:\/\/www.houseofcats.pl\/wp-content\/uploads\/2024\/07\/Zrzut-ekranu-2017-07-11-o-23.35.44.png","width":496,"height":474,"caption":"Sklep internetowy House of Cats"},"image":{"@id":"https:\/\/www.houseofcats.pl\/de\/#\/schema\/logo\/image\/"},"sameAs":["https:\/\/www.facebook.com\/houseofcatspl","https:\/\/www.instagram.com\/houseofcats.pl\/","https:\/\/www.youtube.com\/@houseofcats5403"]}]}},"_links":{"self":[{"href":"https:\/\/www.houseofcats.pl\/de\/wp-json\/wp\/v2\/product\/3993"}],"collection":[{"href":"https:\/\/www.houseofcats.pl\/de\/wp-json\/wp\/v2\/product"}],"about":[{"href":"https:\/\/www.houseofcats.pl\/de\/wp-json\/wp\/v2\/types\/product"}],"wp:featuredmedia":[{"embeddable":true,"href":"https:\/\/www.houseofcats.pl\/de\/wp-json\/wp\/v2\/media\/3997"}],"wp:attachment":[{"href":"https:\/\/www.houseofcats.pl\/de\/wp-json\/wp\/v2\/media?parent=3993"}],"wp:term":[{"taxonomy":"product_brand","embeddable":true,"href":"https:\/\/www.houseofcats.pl\/de\/wp-json\/wp\/v2\/product_brand?post=3993"},{"taxonomy":"product_cat","embeddable":true,"href":"https:\/\/www.houseofcats.pl\/de\/wp-json\/wp\/v2\/product_cat?post=3993"},{"taxonomy":"product_tag","embeddable":true,"href":"https:\/\/www.houseofcats.pl\/de\/wp-json\/wp\/v2\/product_tag?post=3993"}],"curies":[{"name":"wp","href":"https:\/\/api.w.org\/{rel}","templated":true}]}}