{"id":4024,"date":"2016-03-31T21:40:45","date_gmt":"2016-03-31T19:40:45","guid":{"rendered":"https:\/\/www.houseofcats.pl\/sklep\/drapak-flat-phanter\/"},"modified":"2021-03-04T14:18:04","modified_gmt":"2021-03-04T13:18:04","slug":"drapak-flat-phanter","status":"publish","type":"product","link":"https:\/\/www.houseofcats.pl\/de\/shop\/drapak-flat-phanter\/","title":{"rendered":"Flat Phanter"},"content":{"rendered":"<p class=\"Text\"><span lang=\"DE\">Es ist wohl jedem klar, dass eine Katze schnurrt, wenn sie gl\u00fccklich und ausgeruht ist. Wann haben Sie zum letzten Mal Ihre Katze so richtig gen\u00fcsslich schnurren geh\u00f6rt? Hat man erstmal den Flat Panther Kratzbaum zu Hause, kann man dieser Katzenmelodie t\u00e4glich lauschen. Dieser Platz ist f\u00fcr jede Katze bestimmt. Hier auf dem Kratzbaum liegend, stumpft er sich die Krallen und beobachtet stolz die Umgebung. <\/span><\/p>\n<h3 class=\"Text\"><b><span lang=\"DE\">Der Kratzbaum garantiert Spiel &amp; Spa\u00df, Bequemlichkeit und Ruhe.<\/span><\/b><\/h3>\n<p class=\"Text\"><span lang=\"DE\">Ein weiterer Vorteil ist das minimalistische Design des Kratzbaumes, wobei die Sch\u00f6nheit in der Schlichtheit liegt. Das Panther-Muster gef\u00e4llt unter Garantie jeder Katzendame.<\/span><\/p>\n<hr \/>\n<p>Produktabmessungen Flat: T: 42 cm, B: 25 cm, H: 9 cm<\/p>\n<p>Gewicht 1,4 kg<\/p>\n","protected":false},"excerpt":{"rendered":"<p>Es ist wohl jedem klar, dass eine Katze schnurrt, wenn sie gl\u00fccklich und ausgeruht ist. Wann haben Sie zum letzten Mal Ihre Katze so richtig gen\u00fcsslich schnurren geh\u00f6rt? Hat man erstmal den Flat Panther Kratzbaum zu Hause, kann man dieser Katzenmelodie t\u00e4glich lauschen. Dieser Platz ist f\u00fcr jede Katze bestimmt. Hier auf dem Kratzbaum liegend, &hellip;<\/p>\n","protected":false},"featured_media":4034,"template":"","meta":{"_acf_changed":false},"product_brand":[],"product_cat":[201],"product_tag":[175,182,184,183],"class_list":{"0":"post-4024","1":"product","2":"type-product","3":"status-publish","4":"has-post-thumbnail","6":"product_cat-flat-de","7":"product_tag-drapak-de","8":"product_tag-kot-de","9":"product_tag-legowisko-de","10":"product_tag-tektura-de","12":"first","13":"outofstock","14":"taxable","15":"shipping-taxable","16":"purchasable","17":"product-type-simple"},"acf":[],"yoast_head":"<!-- This site is optimized with the Yoast SEO plugin v25.6 - https:\/\/yoast.com\/wordpress\/plugins\/seo\/ -->\n<title>Drapak Flat Phanter - zabawa, wygoda i higiena Twojego kota!<\/title>\n<meta name=\"description\" content=\"Ka\u017cdy kot potrzebuje minimum swobody aby m\u00f3g\u0142 zaspokoi\u0107 swoje instynkty. Drapak dla kota to idealne rozwi\u0105zanie, bezpieczny i wygodny - sprawd\u017a!\" \/>\n<meta name=\"robots\" content=\"index, follow, max-snippet:-1, max-image-preview:large, max-video-preview:-1\" \/>\n<link rel=\"canonical\" href=\"https:\/\/www.houseofcats.pl\/de\/shop\/drapak-flat-phanter\/\" \/>\n<meta property=\"og:locale\" content=\"de_DE\" \/>\n<meta property=\"og:type\" content=\"article\" \/>\n<meta property=\"og:title\" content=\"Drapak Flat Phanter - zabawa, wygoda i higiena Twojego kota!\" \/>\n<meta property=\"og:description\" content=\"Ka\u017cdy kot potrzebuje minimum swobody aby m\u00f3g\u0142 zaspokoi\u0107 swoje instynkty. Drapak dla kota to idealne rozwi\u0105zanie, bezpieczny i wygodny - sprawd\u017a!\" \/>\n<meta property=\"og:url\" content=\"https:\/\/www.houseofcats.pl\/de\/shop\/drapak-flat-phanter\/\" \/>\n<meta property=\"og:site_name\" content=\"Sklep internetowy House of Cats\" \/>\n<meta property=\"article:publisher\" content=\"https:\/\/www.facebook.com\/houseofcatspl\" \/>\n<meta property=\"article:modified_time\" content=\"2021-03-04T13:18:04+00:00\" \/>\n<meta property=\"og:image\" content=\"http:\/\/www.houseofcats.pl\/wp-content\/uploads\/2016\/03\/IMG_6229kw.jpg\" \/>\n\t<meta property=\"og:image:width\" content=\"1958\" \/>\n\t<meta property=\"og:image:height\" content=\"1958\" \/>\n\t<meta property=\"og:image:type\" content=\"image\/jpeg\" \/>\n<meta name=\"twitter:card\" content=\"summary_large_image\" \/>\n<meta name=\"twitter:label1\" content=\"Gesch\u00e4tzte Lesezeit\" \/>\n\t<meta name=\"twitter:data1\" content=\"1\u00a0Minute\" \/>\n<script type=\"application\/ld+json\" class=\"yoast-schema-graph\">{\"@context\":\"https:\/\/schema.org\",\"@graph\":[{\"@type\":\"WebPage\",\"@id\":\"https:\/\/www.houseofcats.pl\/de\/shop\/drapak-flat-phanter\/\",\"url\":\"https:\/\/www.houseofcats.pl\/de\/shop\/drapak-flat-phanter\/\",\"name\":\"Drapak Flat Phanter - zabawa, wygoda i higiena Twojego kota!\",\"isPartOf\":{\"@id\":\"https:\/\/www.houseofcats.pl\/de\/#website\"},\"primaryImageOfPage\":{\"@id\":\"https:\/\/www.houseofcats.pl\/de\/shop\/drapak-flat-phanter\/#primaryimage\"},\"image\":{\"@id\":\"https:\/\/www.houseofcats.pl\/de\/shop\/drapak-flat-phanter\/#primaryimage\"},\"thumbnailUrl\":\"https:\/\/www.houseofcats.pl\/wp-content\/uploads\/2016\/03\/IMG_6229kw.jpg\",\"datePublished\":\"2016-03-31T19:40:45+00:00\",\"dateModified\":\"2021-03-04T13:18:04+00:00\",\"description\":\"Ka\u017cdy kot potrzebuje minimum swobody aby m\u00f3g\u0142 zaspokoi\u0107 swoje instynkty. Drapak dla kota to idealne rozwi\u0105zanie, bezpieczny i wygodny - sprawd\u017a!\",\"breadcrumb\":{\"@id\":\"https:\/\/www.houseofcats.pl\/de\/shop\/drapak-flat-phanter\/#breadcrumb\"},\"inLanguage\":\"de\",\"potentialAction\":[{\"@type\":\"ReadAction\",\"target\":[\"https:\/\/www.houseofcats.pl\/de\/shop\/drapak-flat-phanter\/\"]}]},{\"@type\":\"ImageObject\",\"inLanguage\":\"de\",\"@id\":\"https:\/\/www.houseofcats.pl\/de\/shop\/drapak-flat-phanter\/#primaryimage\",\"url\":\"https:\/\/www.houseofcats.pl\/wp-content\/uploads\/2016\/03\/IMG_6229kw.jpg\",\"contentUrl\":\"https:\/\/www.houseofcats.pl\/wp-content\/uploads\/2016\/03\/IMG_6229kw.jpg\",\"width\":1958,\"height\":1958},{\"@type\":\"BreadcrumbList\",\"@id\":\"https:\/\/www.houseofcats.pl\/de\/shop\/drapak-flat-phanter\/#breadcrumb\",\"itemListElement\":[{\"@type\":\"ListItem\",\"position\":1,\"name\":\"Strona g\u0142\u00f3wna\",\"item\":\"https:\/\/www.houseofcats.pl\/de\/\"},{\"@type\":\"ListItem\",\"position\":2,\"name\":\"Sklep\",\"item\":\"https:\/\/www.houseofcats.pl\/sklep\/\"},{\"@type\":\"ListItem\",\"position\":3,\"name\":\"Flat Phanter\"}]},{\"@type\":\"WebSite\",\"@id\":\"https:\/\/www.houseofcats.pl\/de\/#website\",\"url\":\"https:\/\/www.houseofcats.pl\/de\/\",\"name\":\"Sklep internetowy House of Cats\",\"description\":\"Drapaki dla kot\u00f3w\",\"publisher\":{\"@id\":\"https:\/\/www.houseofcats.pl\/de\/#organization\"},\"potentialAction\":[{\"@type\":\"SearchAction\",\"target\":{\"@type\":\"EntryPoint\",\"urlTemplate\":\"https:\/\/www.houseofcats.pl\/de\/?s={search_term_string}\"},\"query-input\":{\"@type\":\"PropertyValueSpecification\",\"valueRequired\":true,\"valueName\":\"search_term_string\"}}],\"inLanguage\":\"de\"},{\"@type\":\"Organization\",\"@id\":\"https:\/\/www.houseofcats.pl\/de\/#organization\",\"name\":\"Sklep internetowy House of Cats\",\"url\":\"https:\/\/www.houseofcats.pl\/de\/\",\"logo\":{\"@type\":\"ImageObject\",\"inLanguage\":\"de\",\"@id\":\"https:\/\/www.houseofcats.pl\/de\/#\/schema\/logo\/image\/\",\"url\":\"https:\/\/www.houseofcats.pl\/wp-content\/uploads\/2024\/07\/Zrzut-ekranu-2017-07-11-o-23.35.44.png\",\"contentUrl\":\"https:\/\/www.houseofcats.pl\/wp-content\/uploads\/2024\/07\/Zrzut-ekranu-2017-07-11-o-23.35.44.png\",\"width\":496,\"height\":474,\"caption\":\"Sklep internetowy House of Cats\"},\"image\":{\"@id\":\"https:\/\/www.houseofcats.pl\/de\/#\/schema\/logo\/image\/\"},\"sameAs\":[\"https:\/\/www.facebook.com\/houseofcatspl\",\"https:\/\/www.instagram.com\/houseofcats.pl\/\",\"https:\/\/www.youtube.com\/@houseofcats5403\"]}]}<\/script>\n<!-- \/ Yoast SEO plugin. -->","yoast_head_json":{"title":"Drapak Flat Phanter - zabawa, wygoda i higiena Twojego kota!","description":"Ka\u017cdy kot potrzebuje minimum swobody aby m\u00f3g\u0142 zaspokoi\u0107 swoje instynkty. Drapak dla kota to idealne rozwi\u0105zanie, bezpieczny i wygodny - sprawd\u017a!","robots":{"index":"index","follow":"follow","max-snippet":"max-snippet:-1","max-image-preview":"max-image-preview:large","max-video-preview":"max-video-preview:-1"},"canonical":"https:\/\/www.houseofcats.pl\/de\/shop\/drapak-flat-phanter\/","og_locale":"de_DE","og_type":"article","og_title":"Drapak Flat Phanter - zabawa, wygoda i higiena Twojego kota!","og_description":"Ka\u017cdy kot potrzebuje minimum swobody aby m\u00f3g\u0142 zaspokoi\u0107 swoje instynkty. Drapak dla kota to idealne rozwi\u0105zanie, bezpieczny i wygodny - sprawd\u017a!","og_url":"https:\/\/www.houseofcats.pl\/de\/shop\/drapak-flat-phanter\/","og_site_name":"Sklep internetowy House of Cats","article_publisher":"https:\/\/www.facebook.com\/houseofcatspl","article_modified_time":"2021-03-04T13:18:04+00:00","og_image":[{"width":1958,"height":1958,"url":"http:\/\/www.houseofcats.pl\/wp-content\/uploads\/2016\/03\/IMG_6229kw.jpg","type":"image\/jpeg"}],"twitter_card":"summary_large_image","twitter_misc":{"Gesch\u00e4tzte Lesezeit":"1\u00a0Minute"},"schema":{"@context":"https:\/\/schema.org","@graph":[{"@type":"WebPage","@id":"https:\/\/www.houseofcats.pl\/de\/shop\/drapak-flat-phanter\/","url":"https:\/\/www.houseofcats.pl\/de\/shop\/drapak-flat-phanter\/","name":"Drapak Flat Phanter - zabawa, wygoda i higiena Twojego kota!","isPartOf":{"@id":"https:\/\/www.houseofcats.pl\/de\/#website"},"primaryImageOfPage":{"@id":"https:\/\/www.houseofcats.pl\/de\/shop\/drapak-flat-phanter\/#primaryimage"},"image":{"@id":"https:\/\/www.houseofcats.pl\/de\/shop\/drapak-flat-phanter\/#primaryimage"},"thumbnailUrl":"https:\/\/www.houseofcats.pl\/wp-content\/uploads\/2016\/03\/IMG_6229kw.jpg","datePublished":"2016-03-31T19:40:45+00:00","dateModified":"2021-03-04T13:18:04+00:00","description":"Ka\u017cdy kot potrzebuje minimum swobody aby m\u00f3g\u0142 zaspokoi\u0107 swoje instynkty. Drapak dla kota to idealne rozwi\u0105zanie, bezpieczny i wygodny - sprawd\u017a!","breadcrumb":{"@id":"https:\/\/www.houseofcats.pl\/de\/shop\/drapak-flat-phanter\/#breadcrumb"},"inLanguage":"de","potentialAction":[{"@type":"ReadAction","target":["https:\/\/www.houseofcats.pl\/de\/shop\/drapak-flat-phanter\/"]}]},{"@type":"ImageObject","inLanguage":"de","@id":"https:\/\/www.houseofcats.pl\/de\/shop\/drapak-flat-phanter\/#primaryimage","url":"https:\/\/www.houseofcats.pl\/wp-content\/uploads\/2016\/03\/IMG_6229kw.jpg","contentUrl":"https:\/\/www.houseofcats.pl\/wp-content\/uploads\/2016\/03\/IMG_6229kw.jpg","width":1958,"height":1958},{"@type":"BreadcrumbList","@id":"https:\/\/www.houseofcats.pl\/de\/shop\/drapak-flat-phanter\/#breadcrumb","itemListElement":[{"@type":"ListItem","position":1,"name":"Strona g\u0142\u00f3wna","item":"https:\/\/www.houseofcats.pl\/de\/"},{"@type":"ListItem","position":2,"name":"Sklep","item":"https:\/\/www.houseofcats.pl\/sklep\/"},{"@type":"ListItem","position":3,"name":"Flat Phanter"}]},{"@type":"WebSite","@id":"https:\/\/www.houseofcats.pl\/de\/#website","url":"https:\/\/www.houseofcats.pl\/de\/","name":"Sklep internetowy House of Cats","description":"Drapaki dla kot\u00f3w","publisher":{"@id":"https:\/\/www.houseofcats.pl\/de\/#organization"},"potentialAction":[{"@type":"SearchAction","target":{"@type":"EntryPoint","urlTemplate":"https:\/\/www.houseofcats.pl\/de\/?s={search_term_string}"},"query-input":{"@type":"PropertyValueSpecification","valueRequired":true,"valueName":"search_term_string"}}],"inLanguage":"de"},{"@type":"Organization","@id":"https:\/\/www.houseofcats.pl\/de\/#organization","name":"Sklep internetowy House of Cats","url":"https:\/\/www.houseofcats.pl\/de\/","logo":{"@type":"ImageObject","inLanguage":"de","@id":"https:\/\/www.houseofcats.pl\/de\/#\/schema\/logo\/image\/","url":"https:\/\/www.houseofcats.pl\/wp-content\/uploads\/2024\/07\/Zrzut-ekranu-2017-07-11-o-23.35.44.png","contentUrl":"https:\/\/www.houseofcats.pl\/wp-content\/uploads\/2024\/07\/Zrzut-ekranu-2017-07-11-o-23.35.44.png","width":496,"height":474,"caption":"Sklep internetowy House of Cats"},"image":{"@id":"https:\/\/www.houseofcats.pl\/de\/#\/schema\/logo\/image\/"},"sameAs":["https:\/\/www.facebook.com\/houseofcatspl","https:\/\/www.instagram.com\/houseofcats.pl\/","https:\/\/www.youtube.com\/@houseofcats5403"]}]}},"_links":{"self":[{"href":"https:\/\/www.houseofcats.pl\/de\/wp-json\/wp\/v2\/product\/4024"}],"collection":[{"href":"https:\/\/www.houseofcats.pl\/de\/wp-json\/wp\/v2\/product"}],"about":[{"href":"https:\/\/www.houseofcats.pl\/de\/wp-json\/wp\/v2\/types\/product"}],"wp:featuredmedia":[{"embeddable":true,"href":"https:\/\/www.houseofcats.pl\/de\/wp-json\/wp\/v2\/media\/4034"}],"wp:attachment":[{"href":"https:\/\/www.houseofcats.pl\/de\/wp-json\/wp\/v2\/media?parent=4024"}],"wp:term":[{"taxonomy":"product_brand","embeddable":true,"href":"https:\/\/www.houseofcats.pl\/de\/wp-json\/wp\/v2\/product_brand?post=4024"},{"taxonomy":"product_cat","embeddable":true,"href":"https:\/\/www.houseofcats.pl\/de\/wp-json\/wp\/v2\/product_cat?post=4024"},{"taxonomy":"product_tag","embeddable":true,"href":"https:\/\/www.houseofcats.pl\/de\/wp-json\/wp\/v2\/product_tag?post=4024"}],"curies":[{"name":"wp","href":"https:\/\/api.w.org\/{rel}","templated":true}]}}