{"id":4049,"date":"2016-03-31T21:39:12","date_gmt":"2016-03-31T19:39:12","guid":{"rendered":"https:\/\/www.houseofcats.pl\/sklep\/drapak-dla-kotow-flat-cube\/"},"modified":"2021-03-04T14:16:13","modified_gmt":"2021-03-04T13:16:13","slug":"drapak-dla-kotow-flat-cube","status":"publish","type":"product","link":"https:\/\/www.houseofcats.pl\/de\/shop\/drapak-dla-kotow-flat-cube\/","title":{"rendered":"Flat Cube"},"content":{"rendered":"<p class=\"Text\"><span lang=\"DE\">Der Flat Kratzbaum, ist eine v\u00f6llig neue Seite der Katzen-Kratzb\u00e4ume. Die Neuheit liegt sowohl in der Form, als auch in der Funktionalit\u00e4t. Gefertigt aus Material h\u00f6chster Qualit\u00e4t und flach gehalten in der Form, findet der Kratzbaum selbst in den kleinsten R\u00e4umen seinen Platz. <\/span><\/p>\n<h3 class=\"Text\">Kratzbaum anstelle von M\u00f6beln!<\/h3>\n<p class=\"Text\"><span lang=\"DE\">Der Flat Kratzbaum wird daf\u00fcr sorgen, dass nicht mehr Ihre M\u00f6bel, Schuhe etc. zerkratzt werden, sondern bietet der Katze optimale M\u00f6glichkeiten ihre Krallen daran auszufahren und abzuschleifen. Die farbige Akzentuierung sowie die einfache Form gliedern sich optimal in moderne R\u00e4ume ein, sind aber auch in schicken Wohnzimmern ein Hingucker.<\/span><\/p>\n<hr \/>\n<p>Produktabmessungen Flat: T: 42 cm, B: 25 cm, H: 9 cm<\/p>\n<p>Gewicht 1,4 kg<\/p>\n","protected":false},"excerpt":{"rendered":"<p>Der Flat Kratzbaum, ist eine v\u00f6llig neue Seite der Katzen-Kratzb\u00e4ume. Die Neuheit liegt sowohl in der Form, als auch in der Funktionalit\u00e4t. Gefertigt aus Material h\u00f6chster Qualit\u00e4t und flach gehalten in der Form, findet der Kratzbaum selbst in den kleinsten R\u00e4umen seinen Platz. Kratzbaum anstelle von M\u00f6beln! Der Flat Kratzbaum wird daf\u00fcr sorgen, dass nicht &hellip;<\/p>\n","protected":false},"featured_media":4050,"template":"","meta":{"_acf_changed":false},"product_brand":[],"product_cat":[201],"product_tag":[175,253,182,184,183],"class_list":{"0":"post-4049","1":"product","2":"type-product","3":"status-publish","4":"has-post-thumbnail","6":"product_cat-flat-de","7":"product_tag-drapak-de","8":"product_tag-drapak-dla-kotow-de","9":"product_tag-kot-de","10":"product_tag-legowisko-de","11":"product_tag-tektura-de","13":"first","14":"instock","15":"taxable","16":"shipping-taxable","17":"purchasable","18":"product-type-simple"},"acf":[],"yoast_head":"<!-- This site is optimized with the Yoast SEO plugin v25.6 - https:\/\/yoast.com\/wordpress\/plugins\/seo\/ -->\n<title>Drapak dla kot\u00f3w Flat Cube - ma\u0142y, por\u0119czny i u\u017cyteczny drapak<\/title>\n<meta name=\"description\" content=\"Drapak dla kot\u00f3w wykonany z naturalnych materia\u0142\u00f3w o optymalnym dla kotka kszta\u0142cie zapewnia doskona\u0142\u0105 zabaw\u0119 oraz czynno\u015bci higieniczne. Sprawd\u017a!\" \/>\n<meta name=\"robots\" content=\"index, follow, max-snippet:-1, max-image-preview:large, max-video-preview:-1\" \/>\n<link rel=\"canonical\" href=\"https:\/\/www.houseofcats.pl\/de\/shop\/drapak-dla-kotow-flat-cube\/\" \/>\n<meta property=\"og:locale\" content=\"de_DE\" \/>\n<meta property=\"og:type\" content=\"article\" \/>\n<meta property=\"og:title\" content=\"Drapak dla kot\u00f3w Flat Cube - ma\u0142y, por\u0119czny i u\u017cyteczny drapak\" \/>\n<meta property=\"og:description\" content=\"Drapak dla kot\u00f3w wykonany z naturalnych materia\u0142\u00f3w o optymalnym dla kotka kszta\u0142cie zapewnia doskona\u0142\u0105 zabaw\u0119 oraz czynno\u015bci higieniczne. Sprawd\u017a!\" \/>\n<meta property=\"og:url\" content=\"https:\/\/www.houseofcats.pl\/de\/shop\/drapak-dla-kotow-flat-cube\/\" \/>\n<meta property=\"og:site_name\" content=\"Sklep internetowy House of Cats\" \/>\n<meta property=\"article:publisher\" content=\"https:\/\/www.facebook.com\/houseofcatspl\" \/>\n<meta property=\"article:modified_time\" content=\"2021-03-04T13:16:13+00:00\" \/>\n<meta property=\"og:image\" content=\"http:\/\/www.houseofcats.pl\/wp-content\/uploads\/2016\/03\/IMG_6252kw.jpg\" \/>\n\t<meta property=\"og:image:width\" content=\"2232\" \/>\n\t<meta property=\"og:image:height\" content=\"2232\" \/>\n\t<meta property=\"og:image:type\" content=\"image\/jpeg\" \/>\n<meta name=\"twitter:card\" content=\"summary_large_image\" \/>\n<meta name=\"twitter:label1\" content=\"Gesch\u00e4tzte Lesezeit\" \/>\n\t<meta name=\"twitter:data1\" content=\"1\u00a0Minute\" \/>\n<script type=\"application\/ld+json\" class=\"yoast-schema-graph\">{\"@context\":\"https:\/\/schema.org\",\"@graph\":[{\"@type\":\"WebPage\",\"@id\":\"https:\/\/www.houseofcats.pl\/de\/shop\/drapak-dla-kotow-flat-cube\/\",\"url\":\"https:\/\/www.houseofcats.pl\/de\/shop\/drapak-dla-kotow-flat-cube\/\",\"name\":\"Drapak dla kot\u00f3w Flat Cube - ma\u0142y, por\u0119czny i u\u017cyteczny drapak\",\"isPartOf\":{\"@id\":\"https:\/\/www.houseofcats.pl\/de\/#website\"},\"primaryImageOfPage\":{\"@id\":\"https:\/\/www.houseofcats.pl\/de\/shop\/drapak-dla-kotow-flat-cube\/#primaryimage\"},\"image\":{\"@id\":\"https:\/\/www.houseofcats.pl\/de\/shop\/drapak-dla-kotow-flat-cube\/#primaryimage\"},\"thumbnailUrl\":\"https:\/\/www.houseofcats.pl\/wp-content\/uploads\/2016\/03\/IMG_6252kw.jpg\",\"datePublished\":\"2016-03-31T19:39:12+00:00\",\"dateModified\":\"2021-03-04T13:16:13+00:00\",\"description\":\"Drapak dla kot\u00f3w wykonany z naturalnych materia\u0142\u00f3w o optymalnym dla kotka kszta\u0142cie zapewnia doskona\u0142\u0105 zabaw\u0119 oraz czynno\u015bci higieniczne. Sprawd\u017a!\",\"breadcrumb\":{\"@id\":\"https:\/\/www.houseofcats.pl\/de\/shop\/drapak-dla-kotow-flat-cube\/#breadcrumb\"},\"inLanguage\":\"de\",\"potentialAction\":[{\"@type\":\"ReadAction\",\"target\":[\"https:\/\/www.houseofcats.pl\/de\/shop\/drapak-dla-kotow-flat-cube\/\"]}]},{\"@type\":\"ImageObject\",\"inLanguage\":\"de\",\"@id\":\"https:\/\/www.houseofcats.pl\/de\/shop\/drapak-dla-kotow-flat-cube\/#primaryimage\",\"url\":\"https:\/\/www.houseofcats.pl\/wp-content\/uploads\/2016\/03\/IMG_6252kw.jpg\",\"contentUrl\":\"https:\/\/www.houseofcats.pl\/wp-content\/uploads\/2016\/03\/IMG_6252kw.jpg\",\"width\":2232,\"height\":2232},{\"@type\":\"BreadcrumbList\",\"@id\":\"https:\/\/www.houseofcats.pl\/de\/shop\/drapak-dla-kotow-flat-cube\/#breadcrumb\",\"itemListElement\":[{\"@type\":\"ListItem\",\"position\":1,\"name\":\"Strona g\u0142\u00f3wna\",\"item\":\"https:\/\/www.houseofcats.pl\/de\/\"},{\"@type\":\"ListItem\",\"position\":2,\"name\":\"Sklep\",\"item\":\"https:\/\/www.houseofcats.pl\/sklep\/\"},{\"@type\":\"ListItem\",\"position\":3,\"name\":\"Flat Cube\"}]},{\"@type\":\"WebSite\",\"@id\":\"https:\/\/www.houseofcats.pl\/de\/#website\",\"url\":\"https:\/\/www.houseofcats.pl\/de\/\",\"name\":\"Sklep internetowy House of Cats\",\"description\":\"Drapaki dla kot\u00f3w\",\"publisher\":{\"@id\":\"https:\/\/www.houseofcats.pl\/de\/#organization\"},\"potentialAction\":[{\"@type\":\"SearchAction\",\"target\":{\"@type\":\"EntryPoint\",\"urlTemplate\":\"https:\/\/www.houseofcats.pl\/de\/?s={search_term_string}\"},\"query-input\":{\"@type\":\"PropertyValueSpecification\",\"valueRequired\":true,\"valueName\":\"search_term_string\"}}],\"inLanguage\":\"de\"},{\"@type\":\"Organization\",\"@id\":\"https:\/\/www.houseofcats.pl\/de\/#organization\",\"name\":\"Sklep internetowy House of Cats\",\"url\":\"https:\/\/www.houseofcats.pl\/de\/\",\"logo\":{\"@type\":\"ImageObject\",\"inLanguage\":\"de\",\"@id\":\"https:\/\/www.houseofcats.pl\/de\/#\/schema\/logo\/image\/\",\"url\":\"https:\/\/www.houseofcats.pl\/wp-content\/uploads\/2024\/07\/Zrzut-ekranu-2017-07-11-o-23.35.44.png\",\"contentUrl\":\"https:\/\/www.houseofcats.pl\/wp-content\/uploads\/2024\/07\/Zrzut-ekranu-2017-07-11-o-23.35.44.png\",\"width\":496,\"height\":474,\"caption\":\"Sklep internetowy House of Cats\"},\"image\":{\"@id\":\"https:\/\/www.houseofcats.pl\/de\/#\/schema\/logo\/image\/\"},\"sameAs\":[\"https:\/\/www.facebook.com\/houseofcatspl\",\"https:\/\/www.instagram.com\/houseofcats.pl\/\",\"https:\/\/www.youtube.com\/@houseofcats5403\"]}]}<\/script>\n<!-- \/ Yoast SEO plugin. -->","yoast_head_json":{"title":"Drapak dla kot\u00f3w Flat Cube - ma\u0142y, por\u0119czny i u\u017cyteczny drapak","description":"Drapak dla kot\u00f3w wykonany z naturalnych materia\u0142\u00f3w o optymalnym dla kotka kszta\u0142cie zapewnia doskona\u0142\u0105 zabaw\u0119 oraz czynno\u015bci higieniczne. Sprawd\u017a!","robots":{"index":"index","follow":"follow","max-snippet":"max-snippet:-1","max-image-preview":"max-image-preview:large","max-video-preview":"max-video-preview:-1"},"canonical":"https:\/\/www.houseofcats.pl\/de\/shop\/drapak-dla-kotow-flat-cube\/","og_locale":"de_DE","og_type":"article","og_title":"Drapak dla kot\u00f3w Flat Cube - ma\u0142y, por\u0119czny i u\u017cyteczny drapak","og_description":"Drapak dla kot\u00f3w wykonany z naturalnych materia\u0142\u00f3w o optymalnym dla kotka kszta\u0142cie zapewnia doskona\u0142\u0105 zabaw\u0119 oraz czynno\u015bci higieniczne. Sprawd\u017a!","og_url":"https:\/\/www.houseofcats.pl\/de\/shop\/drapak-dla-kotow-flat-cube\/","og_site_name":"Sklep internetowy House of Cats","article_publisher":"https:\/\/www.facebook.com\/houseofcatspl","article_modified_time":"2021-03-04T13:16:13+00:00","og_image":[{"width":2232,"height":2232,"url":"http:\/\/www.houseofcats.pl\/wp-content\/uploads\/2016\/03\/IMG_6252kw.jpg","type":"image\/jpeg"}],"twitter_card":"summary_large_image","twitter_misc":{"Gesch\u00e4tzte Lesezeit":"1\u00a0Minute"},"schema":{"@context":"https:\/\/schema.org","@graph":[{"@type":"WebPage","@id":"https:\/\/www.houseofcats.pl\/de\/shop\/drapak-dla-kotow-flat-cube\/","url":"https:\/\/www.houseofcats.pl\/de\/shop\/drapak-dla-kotow-flat-cube\/","name":"Drapak dla kot\u00f3w Flat Cube - ma\u0142y, por\u0119czny i u\u017cyteczny drapak","isPartOf":{"@id":"https:\/\/www.houseofcats.pl\/de\/#website"},"primaryImageOfPage":{"@id":"https:\/\/www.houseofcats.pl\/de\/shop\/drapak-dla-kotow-flat-cube\/#primaryimage"},"image":{"@id":"https:\/\/www.houseofcats.pl\/de\/shop\/drapak-dla-kotow-flat-cube\/#primaryimage"},"thumbnailUrl":"https:\/\/www.houseofcats.pl\/wp-content\/uploads\/2016\/03\/IMG_6252kw.jpg","datePublished":"2016-03-31T19:39:12+00:00","dateModified":"2021-03-04T13:16:13+00:00","description":"Drapak dla kot\u00f3w wykonany z naturalnych materia\u0142\u00f3w o optymalnym dla kotka kszta\u0142cie zapewnia doskona\u0142\u0105 zabaw\u0119 oraz czynno\u015bci higieniczne. Sprawd\u017a!","breadcrumb":{"@id":"https:\/\/www.houseofcats.pl\/de\/shop\/drapak-dla-kotow-flat-cube\/#breadcrumb"},"inLanguage":"de","potentialAction":[{"@type":"ReadAction","target":["https:\/\/www.houseofcats.pl\/de\/shop\/drapak-dla-kotow-flat-cube\/"]}]},{"@type":"ImageObject","inLanguage":"de","@id":"https:\/\/www.houseofcats.pl\/de\/shop\/drapak-dla-kotow-flat-cube\/#primaryimage","url":"https:\/\/www.houseofcats.pl\/wp-content\/uploads\/2016\/03\/IMG_6252kw.jpg","contentUrl":"https:\/\/www.houseofcats.pl\/wp-content\/uploads\/2016\/03\/IMG_6252kw.jpg","width":2232,"height":2232},{"@type":"BreadcrumbList","@id":"https:\/\/www.houseofcats.pl\/de\/shop\/drapak-dla-kotow-flat-cube\/#breadcrumb","itemListElement":[{"@type":"ListItem","position":1,"name":"Strona g\u0142\u00f3wna","item":"https:\/\/www.houseofcats.pl\/de\/"},{"@type":"ListItem","position":2,"name":"Sklep","item":"https:\/\/www.houseofcats.pl\/sklep\/"},{"@type":"ListItem","position":3,"name":"Flat Cube"}]},{"@type":"WebSite","@id":"https:\/\/www.houseofcats.pl\/de\/#website","url":"https:\/\/www.houseofcats.pl\/de\/","name":"Sklep internetowy House of Cats","description":"Drapaki dla kot\u00f3w","publisher":{"@id":"https:\/\/www.houseofcats.pl\/de\/#organization"},"potentialAction":[{"@type":"SearchAction","target":{"@type":"EntryPoint","urlTemplate":"https:\/\/www.houseofcats.pl\/de\/?s={search_term_string}"},"query-input":{"@type":"PropertyValueSpecification","valueRequired":true,"valueName":"search_term_string"}}],"inLanguage":"de"},{"@type":"Organization","@id":"https:\/\/www.houseofcats.pl\/de\/#organization","name":"Sklep internetowy House of Cats","url":"https:\/\/www.houseofcats.pl\/de\/","logo":{"@type":"ImageObject","inLanguage":"de","@id":"https:\/\/www.houseofcats.pl\/de\/#\/schema\/logo\/image\/","url":"https:\/\/www.houseofcats.pl\/wp-content\/uploads\/2024\/07\/Zrzut-ekranu-2017-07-11-o-23.35.44.png","contentUrl":"https:\/\/www.houseofcats.pl\/wp-content\/uploads\/2024\/07\/Zrzut-ekranu-2017-07-11-o-23.35.44.png","width":496,"height":474,"caption":"Sklep internetowy House of Cats"},"image":{"@id":"https:\/\/www.houseofcats.pl\/de\/#\/schema\/logo\/image\/"},"sameAs":["https:\/\/www.facebook.com\/houseofcatspl","https:\/\/www.instagram.com\/houseofcats.pl\/","https:\/\/www.youtube.com\/@houseofcats5403"]}]}},"_links":{"self":[{"href":"https:\/\/www.houseofcats.pl\/de\/wp-json\/wp\/v2\/product\/4049"}],"collection":[{"href":"https:\/\/www.houseofcats.pl\/de\/wp-json\/wp\/v2\/product"}],"about":[{"href":"https:\/\/www.houseofcats.pl\/de\/wp-json\/wp\/v2\/types\/product"}],"wp:featuredmedia":[{"embeddable":true,"href":"https:\/\/www.houseofcats.pl\/de\/wp-json\/wp\/v2\/media\/4050"}],"wp:attachment":[{"href":"https:\/\/www.houseofcats.pl\/de\/wp-json\/wp\/v2\/media?parent=4049"}],"wp:term":[{"taxonomy":"product_brand","embeddable":true,"href":"https:\/\/www.houseofcats.pl\/de\/wp-json\/wp\/v2\/product_brand?post=4049"},{"taxonomy":"product_cat","embeddable":true,"href":"https:\/\/www.houseofcats.pl\/de\/wp-json\/wp\/v2\/product_cat?post=4049"},{"taxonomy":"product_tag","embeddable":true,"href":"https:\/\/www.houseofcats.pl\/de\/wp-json\/wp\/v2\/product_tag?post=4049"}],"curies":[{"name":"wp","href":"https:\/\/api.w.org\/{rel}","templated":true}]}}