{"id":4106,"date":"2016-03-31T00:56:41","date_gmt":"2016-03-30T22:56:41","guid":{"rendered":"https:\/\/www.houseofcats.pl\/sklep\/drapak-tekturowy-elipso\/"},"modified":"2021-03-04T14:12:36","modified_gmt":"2021-03-04T13:12:36","slug":"drapak-tekturowy-elipso","status":"publish","type":"product","link":"https:\/\/www.houseofcats.pl\/de\/shop\/drapak-tekturowy-elipso\/","title":{"rendered":"Elipso White"},"content":{"rendered":"<p>Funktionalit\u00e4t, vereint mit einem modischen Design.<\/p>\n<p>Auch Katzen verdienen besondere Dinge, deshalb haben unsere Designer gro\u00dfe Bem\u00fchungen investiert, damit der Kratzbaum nicht nur funktionell, aber auch in seiner Pr\u00e4sentation einzigartig ist. Zur Herstellung wurden ausschlie\u00dflich Materialien verwendet, die genau den Bed\u00fcrfnissen einer Katze entsprechen und wurde zuletzt mit einer wei\u00dfen Front versehen. Er ist ansprechend weich und angenehm beim Ber\u00fchren.<\/p>\n<h3><strong>Kratzbaum <\/strong><strong>Elipso \u2013 die Definition der Bequemlichkeit Ihrer Katze!!<\/strong><\/h3>\n<p>Der Kratzbaum h\u00e4lt auch lang anhaltendem Kratzen stand und selbst sch\u00e4rfste Katzenkrallen k\u00f6nnen dem Kratzbaum nichts anhaben. Die flache Form und die ausreichenden Ma\u00dfe sorgen daf\u00fcr, dass sich hier jede Katze wohlf\u00fchlen kann.<\/p>\n<hr \/>\n<p>Produktabmessungen Elipso: T: 27 cm, B: 68,5 cm, H: 41,5 cm<\/p>\n<p>Gewicht 3,8 kg<\/p>\n","protected":false},"excerpt":{"rendered":"<p>Funktionalit\u00e4t, vereint mit einem modischen Design. Auch Katzen verdienen besondere Dinge, deshalb haben unsere Designer gro\u00dfe Bem\u00fchungen investiert, damit der Kratzbaum nicht nur funktionell, aber auch in seiner Pr\u00e4sentation einzigartig ist. Zur Herstellung wurden ausschlie\u00dflich Materialien verwendet, die genau den Bed\u00fcrfnissen einer Katze entsprechen und wurde zuletzt mit einer wei\u00dfen Front versehen. Er ist ansprechend &hellip;<\/p>\n","protected":false},"featured_media":4143,"template":"","meta":{"_acf_changed":false},"product_brand":[],"product_cat":[172],"product_tag":[261,175,182,184,183],"class_list":{"0":"post-4106","1":"product","2":"type-product","3":"status-publish","4":"has-post-thumbnail","6":"product_cat-elipso-de","7":"product_tag-design-de","8":"product_tag-drapak-de","9":"product_tag-kot-de","10":"product_tag-legowisko-de","11":"product_tag-tektura-de","13":"first","14":"instock","15":"featured","16":"taxable","17":"shipping-taxable","18":"purchasable","19":"product-type-simple"},"acf":[],"yoast_head":"<!-- This site is optimized with the Yoast SEO plugin v25.6 - https:\/\/yoast.com\/wordpress\/plugins\/seo\/ -->\n<title>Drapak Elipso White - wyj\u0105tkowy koci mebel<\/title>\n<meta name=\"description\" content=\"Co nieco dla kocich pazurk\u00f3w, czyli drapak Elipso. Funkcjonalno\u015b\u0107 po\u0142\u0105czona z modnym wzorem, kt\u00f3ry nawi\u0105zuje do wsp\u00f3\u0142czesnego designu.\" \/>\n<meta name=\"robots\" content=\"index, follow, max-snippet:-1, max-image-preview:large, max-video-preview:-1\" \/>\n<link rel=\"canonical\" href=\"https:\/\/www.houseofcats.pl\/de\/shop\/drapak-tekturowy-elipso\/\" \/>\n<meta property=\"og:locale\" content=\"de_DE\" \/>\n<meta property=\"og:type\" content=\"article\" \/>\n<meta property=\"og:title\" content=\"Drapak Elipso White - wyj\u0105tkowy koci mebel\" \/>\n<meta property=\"og:description\" content=\"Co nieco dla kocich pazurk\u00f3w, czyli drapak Elipso. Funkcjonalno\u015b\u0107 po\u0142\u0105czona z modnym wzorem, kt\u00f3ry nawi\u0105zuje do wsp\u00f3\u0142czesnego designu.\" \/>\n<meta property=\"og:url\" content=\"https:\/\/www.houseofcats.pl\/de\/shop\/drapak-tekturowy-elipso\/\" \/>\n<meta property=\"og:site_name\" content=\"Sklep internetowy House of Cats\" \/>\n<meta property=\"article:publisher\" content=\"https:\/\/www.facebook.com\/houseofcatspl\" \/>\n<meta property=\"article:modified_time\" content=\"2021-03-04T13:12:36+00:00\" \/>\n<meta property=\"og:image\" content=\"http:\/\/www.houseofcats.pl\/wp-content\/uploads\/2016\/03\/elipsa-kwadrat-1.jpg\" \/>\n\t<meta property=\"og:image:width\" content=\"1024\" \/>\n\t<meta property=\"og:image:height\" content=\"1024\" \/>\n\t<meta property=\"og:image:type\" content=\"image\/jpeg\" \/>\n<meta name=\"twitter:card\" content=\"summary_large_image\" \/>\n<meta name=\"twitter:label1\" content=\"Gesch\u00e4tzte Lesezeit\" \/>\n\t<meta name=\"twitter:data1\" content=\"1\u00a0Minute\" \/>\n<script type=\"application\/ld+json\" class=\"yoast-schema-graph\">{\"@context\":\"https:\/\/schema.org\",\"@graph\":[{\"@type\":\"WebPage\",\"@id\":\"https:\/\/www.houseofcats.pl\/de\/shop\/drapak-tekturowy-elipso\/\",\"url\":\"https:\/\/www.houseofcats.pl\/de\/shop\/drapak-tekturowy-elipso\/\",\"name\":\"Drapak Elipso White - wyj\u0105tkowy koci mebel\",\"isPartOf\":{\"@id\":\"https:\/\/www.houseofcats.pl\/de\/#website\"},\"primaryImageOfPage\":{\"@id\":\"https:\/\/www.houseofcats.pl\/de\/shop\/drapak-tekturowy-elipso\/#primaryimage\"},\"image\":{\"@id\":\"https:\/\/www.houseofcats.pl\/de\/shop\/drapak-tekturowy-elipso\/#primaryimage\"},\"thumbnailUrl\":\"https:\/\/www.houseofcats.pl\/wp-content\/uploads\/2016\/03\/elipsa-kwadrat-1.jpg\",\"datePublished\":\"2016-03-30T22:56:41+00:00\",\"dateModified\":\"2021-03-04T13:12:36+00:00\",\"description\":\"Co nieco dla kocich pazurk\u00f3w, czyli drapak Elipso. Funkcjonalno\u015b\u0107 po\u0142\u0105czona z modnym wzorem, kt\u00f3ry nawi\u0105zuje do wsp\u00f3\u0142czesnego designu.\",\"breadcrumb\":{\"@id\":\"https:\/\/www.houseofcats.pl\/de\/shop\/drapak-tekturowy-elipso\/#breadcrumb\"},\"inLanguage\":\"de\",\"potentialAction\":[{\"@type\":\"ReadAction\",\"target\":[\"https:\/\/www.houseofcats.pl\/de\/shop\/drapak-tekturowy-elipso\/\"]}]},{\"@type\":\"ImageObject\",\"inLanguage\":\"de\",\"@id\":\"https:\/\/www.houseofcats.pl\/de\/shop\/drapak-tekturowy-elipso\/#primaryimage\",\"url\":\"https:\/\/www.houseofcats.pl\/wp-content\/uploads\/2016\/03\/elipsa-kwadrat-1.jpg\",\"contentUrl\":\"https:\/\/www.houseofcats.pl\/wp-content\/uploads\/2016\/03\/elipsa-kwadrat-1.jpg\",\"width\":1024,\"height\":1024},{\"@type\":\"BreadcrumbList\",\"@id\":\"https:\/\/www.houseofcats.pl\/de\/shop\/drapak-tekturowy-elipso\/#breadcrumb\",\"itemListElement\":[{\"@type\":\"ListItem\",\"position\":1,\"name\":\"Strona g\u0142\u00f3wna\",\"item\":\"https:\/\/www.houseofcats.pl\/de\/\"},{\"@type\":\"ListItem\",\"position\":2,\"name\":\"Sklep\",\"item\":\"https:\/\/www.houseofcats.pl\/sklep\/\"},{\"@type\":\"ListItem\",\"position\":3,\"name\":\"Elipso White\"}]},{\"@type\":\"WebSite\",\"@id\":\"https:\/\/www.houseofcats.pl\/de\/#website\",\"url\":\"https:\/\/www.houseofcats.pl\/de\/\",\"name\":\"Sklep internetowy House of Cats\",\"description\":\"Drapaki dla kot\u00f3w\",\"publisher\":{\"@id\":\"https:\/\/www.houseofcats.pl\/de\/#organization\"},\"potentialAction\":[{\"@type\":\"SearchAction\",\"target\":{\"@type\":\"EntryPoint\",\"urlTemplate\":\"https:\/\/www.houseofcats.pl\/de\/?s={search_term_string}\"},\"query-input\":{\"@type\":\"PropertyValueSpecification\",\"valueRequired\":true,\"valueName\":\"search_term_string\"}}],\"inLanguage\":\"de\"},{\"@type\":\"Organization\",\"@id\":\"https:\/\/www.houseofcats.pl\/de\/#organization\",\"name\":\"Sklep internetowy House of Cats\",\"url\":\"https:\/\/www.houseofcats.pl\/de\/\",\"logo\":{\"@type\":\"ImageObject\",\"inLanguage\":\"de\",\"@id\":\"https:\/\/www.houseofcats.pl\/de\/#\/schema\/logo\/image\/\",\"url\":\"https:\/\/www.houseofcats.pl\/wp-content\/uploads\/2024\/07\/Zrzut-ekranu-2017-07-11-o-23.35.44.png\",\"contentUrl\":\"https:\/\/www.houseofcats.pl\/wp-content\/uploads\/2024\/07\/Zrzut-ekranu-2017-07-11-o-23.35.44.png\",\"width\":496,\"height\":474,\"caption\":\"Sklep internetowy House of Cats\"},\"image\":{\"@id\":\"https:\/\/www.houseofcats.pl\/de\/#\/schema\/logo\/image\/\"},\"sameAs\":[\"https:\/\/www.facebook.com\/houseofcatspl\",\"https:\/\/www.instagram.com\/houseofcats.pl\/\",\"https:\/\/www.youtube.com\/@houseofcats5403\"]}]}<\/script>\n<!-- \/ Yoast SEO plugin. -->","yoast_head_json":{"title":"Drapak Elipso White - wyj\u0105tkowy koci mebel","description":"Co nieco dla kocich pazurk\u00f3w, czyli drapak Elipso. Funkcjonalno\u015b\u0107 po\u0142\u0105czona z modnym wzorem, kt\u00f3ry nawi\u0105zuje do wsp\u00f3\u0142czesnego designu.","robots":{"index":"index","follow":"follow","max-snippet":"max-snippet:-1","max-image-preview":"max-image-preview:large","max-video-preview":"max-video-preview:-1"},"canonical":"https:\/\/www.houseofcats.pl\/de\/shop\/drapak-tekturowy-elipso\/","og_locale":"de_DE","og_type":"article","og_title":"Drapak Elipso White - wyj\u0105tkowy koci mebel","og_description":"Co nieco dla kocich pazurk\u00f3w, czyli drapak Elipso. Funkcjonalno\u015b\u0107 po\u0142\u0105czona z modnym wzorem, kt\u00f3ry nawi\u0105zuje do wsp\u00f3\u0142czesnego designu.","og_url":"https:\/\/www.houseofcats.pl\/de\/shop\/drapak-tekturowy-elipso\/","og_site_name":"Sklep internetowy House of Cats","article_publisher":"https:\/\/www.facebook.com\/houseofcatspl","article_modified_time":"2021-03-04T13:12:36+00:00","og_image":[{"width":1024,"height":1024,"url":"http:\/\/www.houseofcats.pl\/wp-content\/uploads\/2016\/03\/elipsa-kwadrat-1.jpg","type":"image\/jpeg"}],"twitter_card":"summary_large_image","twitter_misc":{"Gesch\u00e4tzte Lesezeit":"1\u00a0Minute"},"schema":{"@context":"https:\/\/schema.org","@graph":[{"@type":"WebPage","@id":"https:\/\/www.houseofcats.pl\/de\/shop\/drapak-tekturowy-elipso\/","url":"https:\/\/www.houseofcats.pl\/de\/shop\/drapak-tekturowy-elipso\/","name":"Drapak Elipso White - wyj\u0105tkowy koci mebel","isPartOf":{"@id":"https:\/\/www.houseofcats.pl\/de\/#website"},"primaryImageOfPage":{"@id":"https:\/\/www.houseofcats.pl\/de\/shop\/drapak-tekturowy-elipso\/#primaryimage"},"image":{"@id":"https:\/\/www.houseofcats.pl\/de\/shop\/drapak-tekturowy-elipso\/#primaryimage"},"thumbnailUrl":"https:\/\/www.houseofcats.pl\/wp-content\/uploads\/2016\/03\/elipsa-kwadrat-1.jpg","datePublished":"2016-03-30T22:56:41+00:00","dateModified":"2021-03-04T13:12:36+00:00","description":"Co nieco dla kocich pazurk\u00f3w, czyli drapak Elipso. Funkcjonalno\u015b\u0107 po\u0142\u0105czona z modnym wzorem, kt\u00f3ry nawi\u0105zuje do wsp\u00f3\u0142czesnego designu.","breadcrumb":{"@id":"https:\/\/www.houseofcats.pl\/de\/shop\/drapak-tekturowy-elipso\/#breadcrumb"},"inLanguage":"de","potentialAction":[{"@type":"ReadAction","target":["https:\/\/www.houseofcats.pl\/de\/shop\/drapak-tekturowy-elipso\/"]}]},{"@type":"ImageObject","inLanguage":"de","@id":"https:\/\/www.houseofcats.pl\/de\/shop\/drapak-tekturowy-elipso\/#primaryimage","url":"https:\/\/www.houseofcats.pl\/wp-content\/uploads\/2016\/03\/elipsa-kwadrat-1.jpg","contentUrl":"https:\/\/www.houseofcats.pl\/wp-content\/uploads\/2016\/03\/elipsa-kwadrat-1.jpg","width":1024,"height":1024},{"@type":"BreadcrumbList","@id":"https:\/\/www.houseofcats.pl\/de\/shop\/drapak-tekturowy-elipso\/#breadcrumb","itemListElement":[{"@type":"ListItem","position":1,"name":"Strona g\u0142\u00f3wna","item":"https:\/\/www.houseofcats.pl\/de\/"},{"@type":"ListItem","position":2,"name":"Sklep","item":"https:\/\/www.houseofcats.pl\/sklep\/"},{"@type":"ListItem","position":3,"name":"Elipso White"}]},{"@type":"WebSite","@id":"https:\/\/www.houseofcats.pl\/de\/#website","url":"https:\/\/www.houseofcats.pl\/de\/","name":"Sklep internetowy House of Cats","description":"Drapaki dla kot\u00f3w","publisher":{"@id":"https:\/\/www.houseofcats.pl\/de\/#organization"},"potentialAction":[{"@type":"SearchAction","target":{"@type":"EntryPoint","urlTemplate":"https:\/\/www.houseofcats.pl\/de\/?s={search_term_string}"},"query-input":{"@type":"PropertyValueSpecification","valueRequired":true,"valueName":"search_term_string"}}],"inLanguage":"de"},{"@type":"Organization","@id":"https:\/\/www.houseofcats.pl\/de\/#organization","name":"Sklep internetowy House of Cats","url":"https:\/\/www.houseofcats.pl\/de\/","logo":{"@type":"ImageObject","inLanguage":"de","@id":"https:\/\/www.houseofcats.pl\/de\/#\/schema\/logo\/image\/","url":"https:\/\/www.houseofcats.pl\/wp-content\/uploads\/2024\/07\/Zrzut-ekranu-2017-07-11-o-23.35.44.png","contentUrl":"https:\/\/www.houseofcats.pl\/wp-content\/uploads\/2024\/07\/Zrzut-ekranu-2017-07-11-o-23.35.44.png","width":496,"height":474,"caption":"Sklep internetowy House of Cats"},"image":{"@id":"https:\/\/www.houseofcats.pl\/de\/#\/schema\/logo\/image\/"},"sameAs":["https:\/\/www.facebook.com\/houseofcatspl","https:\/\/www.instagram.com\/houseofcats.pl\/","https:\/\/www.youtube.com\/@houseofcats5403"]}]}},"_links":{"self":[{"href":"https:\/\/www.houseofcats.pl\/de\/wp-json\/wp\/v2\/product\/4106"}],"collection":[{"href":"https:\/\/www.houseofcats.pl\/de\/wp-json\/wp\/v2\/product"}],"about":[{"href":"https:\/\/www.houseofcats.pl\/de\/wp-json\/wp\/v2\/types\/product"}],"wp:featuredmedia":[{"embeddable":true,"href":"https:\/\/www.houseofcats.pl\/de\/wp-json\/wp\/v2\/media\/4143"}],"wp:attachment":[{"href":"https:\/\/www.houseofcats.pl\/de\/wp-json\/wp\/v2\/media?parent=4106"}],"wp:term":[{"taxonomy":"product_brand","embeddable":true,"href":"https:\/\/www.houseofcats.pl\/de\/wp-json\/wp\/v2\/product_brand?post=4106"},{"taxonomy":"product_cat","embeddable":true,"href":"https:\/\/www.houseofcats.pl\/de\/wp-json\/wp\/v2\/product_cat?post=4106"},{"taxonomy":"product_tag","embeddable":true,"href":"https:\/\/www.houseofcats.pl\/de\/wp-json\/wp\/v2\/product_tag?post=4106"}],"curies":[{"name":"wp","href":"https:\/\/api.w.org\/{rel}","templated":true}]}}