{"id":4154,"date":"2016-03-31T00:12:39","date_gmt":"2016-03-30T22:12:39","guid":{"rendered":"https:\/\/www.houseofcats.pl\/sklep\/drapak-dla-kotow-cat-cube\/"},"modified":"2021-03-04T14:11:44","modified_gmt":"2021-03-04T13:11:44","slug":"drapak-dla-kotow-cat-cube","status":"publish","type":"product","link":"https:\/\/www.houseofcats.pl\/de\/shop\/drapak-dla-kotow-cat-cube\/","title":{"rendered":"Kratzbaum Cat Cube"},"content":{"rendered":"<p class=\"Text\"><span lang=\"DE\">W\u00e4hrend der praktische Kratzbaum, der f\u00fcr den Katzenfreund vorgesehen ist, f\u00fcr Spiel, Spa\u00df und Entspannung sorgt, sch\u00fctzt er gleichzeitig unsere M\u00f6bel vor der Abnutzung. Aufgrund seiner Ma\u00dfe ist er sowohl f\u00fcr kleinere als auch gr\u00f6\u00dfere Katzen optimal geeignet. <\/span><\/p>\n<h3 class=\"Text\"><span lang=\"DE\">Dar\u00fcber hinaus hat er die ideale Form, die an einen Katzenkopf erinnert. <\/span><\/h3>\n<p class=\"Text\"><span lang=\"DE\">Im Innenraum ist ein spezieller Platz zum Ausruhen und f\u00fcr das Mittagsschl\u00e4fchen vorgesehen.<\/span><span lang=\"DE\">Das moderne, bunte Gitter passt optimal in moderne Innenr\u00e4ume und harmoniert ideal mit modernen M\u00f6beln. Der Kratzbaum Cat Cube ist der perfekte Ort f\u00fcr Ihre Katze, um sich zur\u00fcckzuziehen, mit ihren Krallen an dem Baum zu kratzen und dort zu spielen.<\/span><\/p>\n<hr \/>\n<p>Produktabmessungen Cat: T: 42 cm, B: 39 cm, H: 42 cm<\/p>\n<p>Gewicht 4,1 kg<\/p>\n","protected":false},"excerpt":{"rendered":"<p>W\u00e4hrend der praktische Kratzbaum, der f\u00fcr den Katzenfreund vorgesehen ist, f\u00fcr Spiel, Spa\u00df und Entspannung sorgt, sch\u00fctzt er gleichzeitig unsere M\u00f6bel vor der Abnutzung. Aufgrund seiner Ma\u00dfe ist er sowohl f\u00fcr kleinere als auch gr\u00f6\u00dfere Katzen optimal geeignet. Dar\u00fcber hinaus hat er die ideale Form, die an einen Katzenkopf erinnert. Im Innenraum ist ein spezieller &hellip;<\/p>\n","protected":false},"featured_media":4163,"template":"","meta":{"_acf_changed":false},"product_brand":[],"product_cat":[159],"product_tag":[214,213,175,184,183],"class_list":{"0":"post-4154","1":"product","2":"type-product","3":"status-publish","4":"has-post-thumbnail","6":"product_cat-cat-de","7":"product_tag-budka-de","8":"product_tag-domek-dla-kota-de","9":"product_tag-drapak-de","10":"product_tag-legowisko-de","11":"product_tag-tektura-de","13":"first","14":"instock","15":"taxable","16":"shipping-taxable","17":"purchasable","18":"product-type-simple"},"acf":[],"yoast_head":"<!-- This site is optimized with the Yoast SEO plugin v25.6 - https:\/\/yoast.com\/wordpress\/plugins\/seo\/ -->\n<title>Drapak dla kot\u00f3w - Cat Cube wyj\u0105tkowy design drapaka<\/title>\n<meta name=\"description\" content=\"Drapak dla kot\u00f3w Cat White, to doskona\u0142y spos\u00f3b na ostre pazurki kota, kt\u00f3re niekiedy odczuwamy na w\u0142asnej sk\u00f3rze. Dobra zabaw\u0119 i relaks dla Twojego kota!\" \/>\n<meta name=\"robots\" content=\"index, follow, max-snippet:-1, max-image-preview:large, max-video-preview:-1\" \/>\n<link rel=\"canonical\" href=\"https:\/\/www.houseofcats.pl\/de\/shop\/drapak-dla-kotow-cat-cube\/\" \/>\n<meta property=\"og:locale\" content=\"de_DE\" \/>\n<meta property=\"og:type\" content=\"article\" \/>\n<meta property=\"og:title\" content=\"Drapak dla kot\u00f3w - Cat Cube wyj\u0105tkowy design drapaka\" \/>\n<meta property=\"og:description\" content=\"Drapak dla kot\u00f3w Cat White, to doskona\u0142y spos\u00f3b na ostre pazurki kota, kt\u00f3re niekiedy odczuwamy na w\u0142asnej sk\u00f3rze. Dobra zabaw\u0119 i relaks dla Twojego kota!\" \/>\n<meta property=\"og:url\" content=\"https:\/\/www.houseofcats.pl\/de\/shop\/drapak-dla-kotow-cat-cube\/\" \/>\n<meta property=\"og:site_name\" content=\"Sklep internetowy House of Cats\" \/>\n<meta property=\"article:publisher\" content=\"https:\/\/www.facebook.com\/houseofcatspl\" \/>\n<meta property=\"article:modified_time\" content=\"2021-03-04T13:11:44+00:00\" \/>\n<meta property=\"og:image\" content=\"http:\/\/www.houseofcats.pl\/wp-content\/uploads\/2016\/03\/DSC8338-1-1.jpg\" \/>\n\t<meta property=\"og:image:width\" content=\"1024\" \/>\n\t<meta property=\"og:image:height\" content=\"1024\" \/>\n\t<meta property=\"og:image:type\" content=\"image\/jpeg\" \/>\n<meta name=\"twitter:card\" content=\"summary_large_image\" \/>\n<meta name=\"twitter:label1\" content=\"Gesch\u00e4tzte Lesezeit\" \/>\n\t<meta name=\"twitter:data1\" content=\"1\u00a0Minute\" \/>\n<script type=\"application\/ld+json\" class=\"yoast-schema-graph\">{\"@context\":\"https:\/\/schema.org\",\"@graph\":[{\"@type\":\"WebPage\",\"@id\":\"https:\/\/www.houseofcats.pl\/de\/shop\/drapak-dla-kotow-cat-cube\/\",\"url\":\"https:\/\/www.houseofcats.pl\/de\/shop\/drapak-dla-kotow-cat-cube\/\",\"name\":\"Drapak dla kot\u00f3w - Cat Cube wyj\u0105tkowy design drapaka\",\"isPartOf\":{\"@id\":\"https:\/\/www.houseofcats.pl\/de\/#website\"},\"primaryImageOfPage\":{\"@id\":\"https:\/\/www.houseofcats.pl\/de\/shop\/drapak-dla-kotow-cat-cube\/#primaryimage\"},\"image\":{\"@id\":\"https:\/\/www.houseofcats.pl\/de\/shop\/drapak-dla-kotow-cat-cube\/#primaryimage\"},\"thumbnailUrl\":\"https:\/\/www.houseofcats.pl\/wp-content\/uploads\/2016\/03\/DSC8338-1-1.jpg\",\"datePublished\":\"2016-03-30T22:12:39+00:00\",\"dateModified\":\"2021-03-04T13:11:44+00:00\",\"description\":\"Drapak dla kot\u00f3w Cat White, to doskona\u0142y spos\u00f3b na ostre pazurki kota, kt\u00f3re niekiedy odczuwamy na w\u0142asnej sk\u00f3rze. Dobra zabaw\u0119 i relaks dla Twojego kota!\",\"breadcrumb\":{\"@id\":\"https:\/\/www.houseofcats.pl\/de\/shop\/drapak-dla-kotow-cat-cube\/#breadcrumb\"},\"inLanguage\":\"de\",\"potentialAction\":[{\"@type\":\"ReadAction\",\"target\":[\"https:\/\/www.houseofcats.pl\/de\/shop\/drapak-dla-kotow-cat-cube\/\"]}]},{\"@type\":\"ImageObject\",\"inLanguage\":\"de\",\"@id\":\"https:\/\/www.houseofcats.pl\/de\/shop\/drapak-dla-kotow-cat-cube\/#primaryimage\",\"url\":\"https:\/\/www.houseofcats.pl\/wp-content\/uploads\/2016\/03\/DSC8338-1-1.jpg\",\"contentUrl\":\"https:\/\/www.houseofcats.pl\/wp-content\/uploads\/2016\/03\/DSC8338-1-1.jpg\",\"width\":1024,\"height\":1024},{\"@type\":\"BreadcrumbList\",\"@id\":\"https:\/\/www.houseofcats.pl\/de\/shop\/drapak-dla-kotow-cat-cube\/#breadcrumb\",\"itemListElement\":[{\"@type\":\"ListItem\",\"position\":1,\"name\":\"Strona g\u0142\u00f3wna\",\"item\":\"https:\/\/www.houseofcats.pl\/de\/\"},{\"@type\":\"ListItem\",\"position\":2,\"name\":\"Sklep\",\"item\":\"https:\/\/www.houseofcats.pl\/sklep\/\"},{\"@type\":\"ListItem\",\"position\":3,\"name\":\"Kratzbaum Cat Cube\"}]},{\"@type\":\"WebSite\",\"@id\":\"https:\/\/www.houseofcats.pl\/de\/#website\",\"url\":\"https:\/\/www.houseofcats.pl\/de\/\",\"name\":\"Sklep internetowy House of Cats\",\"description\":\"Drapaki dla kot\u00f3w\",\"publisher\":{\"@id\":\"https:\/\/www.houseofcats.pl\/de\/#organization\"},\"potentialAction\":[{\"@type\":\"SearchAction\",\"target\":{\"@type\":\"EntryPoint\",\"urlTemplate\":\"https:\/\/www.houseofcats.pl\/de\/?s={search_term_string}\"},\"query-input\":{\"@type\":\"PropertyValueSpecification\",\"valueRequired\":true,\"valueName\":\"search_term_string\"}}],\"inLanguage\":\"de\"},{\"@type\":\"Organization\",\"@id\":\"https:\/\/www.houseofcats.pl\/de\/#organization\",\"name\":\"Sklep internetowy House of Cats\",\"url\":\"https:\/\/www.houseofcats.pl\/de\/\",\"logo\":{\"@type\":\"ImageObject\",\"inLanguage\":\"de\",\"@id\":\"https:\/\/www.houseofcats.pl\/de\/#\/schema\/logo\/image\/\",\"url\":\"https:\/\/www.houseofcats.pl\/wp-content\/uploads\/2024\/07\/Zrzut-ekranu-2017-07-11-o-23.35.44.png\",\"contentUrl\":\"https:\/\/www.houseofcats.pl\/wp-content\/uploads\/2024\/07\/Zrzut-ekranu-2017-07-11-o-23.35.44.png\",\"width\":496,\"height\":474,\"caption\":\"Sklep internetowy House of Cats\"},\"image\":{\"@id\":\"https:\/\/www.houseofcats.pl\/de\/#\/schema\/logo\/image\/\"},\"sameAs\":[\"https:\/\/www.facebook.com\/houseofcatspl\",\"https:\/\/www.instagram.com\/houseofcats.pl\/\",\"https:\/\/www.youtube.com\/@houseofcats5403\"]}]}<\/script>\n<!-- \/ Yoast SEO plugin. -->","yoast_head_json":{"title":"Drapak dla kot\u00f3w - Cat Cube wyj\u0105tkowy design drapaka","description":"Drapak dla kot\u00f3w Cat White, to doskona\u0142y spos\u00f3b na ostre pazurki kota, kt\u00f3re niekiedy odczuwamy na w\u0142asnej sk\u00f3rze. Dobra zabaw\u0119 i relaks dla Twojego kota!","robots":{"index":"index","follow":"follow","max-snippet":"max-snippet:-1","max-image-preview":"max-image-preview:large","max-video-preview":"max-video-preview:-1"},"canonical":"https:\/\/www.houseofcats.pl\/de\/shop\/drapak-dla-kotow-cat-cube\/","og_locale":"de_DE","og_type":"article","og_title":"Drapak dla kot\u00f3w - Cat Cube wyj\u0105tkowy design drapaka","og_description":"Drapak dla kot\u00f3w Cat White, to doskona\u0142y spos\u00f3b na ostre pazurki kota, kt\u00f3re niekiedy odczuwamy na w\u0142asnej sk\u00f3rze. Dobra zabaw\u0119 i relaks dla Twojego kota!","og_url":"https:\/\/www.houseofcats.pl\/de\/shop\/drapak-dla-kotow-cat-cube\/","og_site_name":"Sklep internetowy House of Cats","article_publisher":"https:\/\/www.facebook.com\/houseofcatspl","article_modified_time":"2021-03-04T13:11:44+00:00","og_image":[{"width":1024,"height":1024,"url":"http:\/\/www.houseofcats.pl\/wp-content\/uploads\/2016\/03\/DSC8338-1-1.jpg","type":"image\/jpeg"}],"twitter_card":"summary_large_image","twitter_misc":{"Gesch\u00e4tzte Lesezeit":"1\u00a0Minute"},"schema":{"@context":"https:\/\/schema.org","@graph":[{"@type":"WebPage","@id":"https:\/\/www.houseofcats.pl\/de\/shop\/drapak-dla-kotow-cat-cube\/","url":"https:\/\/www.houseofcats.pl\/de\/shop\/drapak-dla-kotow-cat-cube\/","name":"Drapak dla kot\u00f3w - Cat Cube wyj\u0105tkowy design drapaka","isPartOf":{"@id":"https:\/\/www.houseofcats.pl\/de\/#website"},"primaryImageOfPage":{"@id":"https:\/\/www.houseofcats.pl\/de\/shop\/drapak-dla-kotow-cat-cube\/#primaryimage"},"image":{"@id":"https:\/\/www.houseofcats.pl\/de\/shop\/drapak-dla-kotow-cat-cube\/#primaryimage"},"thumbnailUrl":"https:\/\/www.houseofcats.pl\/wp-content\/uploads\/2016\/03\/DSC8338-1-1.jpg","datePublished":"2016-03-30T22:12:39+00:00","dateModified":"2021-03-04T13:11:44+00:00","description":"Drapak dla kot\u00f3w Cat White, to doskona\u0142y spos\u00f3b na ostre pazurki kota, kt\u00f3re niekiedy odczuwamy na w\u0142asnej sk\u00f3rze. Dobra zabaw\u0119 i relaks dla Twojego kota!","breadcrumb":{"@id":"https:\/\/www.houseofcats.pl\/de\/shop\/drapak-dla-kotow-cat-cube\/#breadcrumb"},"inLanguage":"de","potentialAction":[{"@type":"ReadAction","target":["https:\/\/www.houseofcats.pl\/de\/shop\/drapak-dla-kotow-cat-cube\/"]}]},{"@type":"ImageObject","inLanguage":"de","@id":"https:\/\/www.houseofcats.pl\/de\/shop\/drapak-dla-kotow-cat-cube\/#primaryimage","url":"https:\/\/www.houseofcats.pl\/wp-content\/uploads\/2016\/03\/DSC8338-1-1.jpg","contentUrl":"https:\/\/www.houseofcats.pl\/wp-content\/uploads\/2016\/03\/DSC8338-1-1.jpg","width":1024,"height":1024},{"@type":"BreadcrumbList","@id":"https:\/\/www.houseofcats.pl\/de\/shop\/drapak-dla-kotow-cat-cube\/#breadcrumb","itemListElement":[{"@type":"ListItem","position":1,"name":"Strona g\u0142\u00f3wna","item":"https:\/\/www.houseofcats.pl\/de\/"},{"@type":"ListItem","position":2,"name":"Sklep","item":"https:\/\/www.houseofcats.pl\/sklep\/"},{"@type":"ListItem","position":3,"name":"Kratzbaum Cat Cube"}]},{"@type":"WebSite","@id":"https:\/\/www.houseofcats.pl\/de\/#website","url":"https:\/\/www.houseofcats.pl\/de\/","name":"Sklep internetowy House of Cats","description":"Drapaki dla kot\u00f3w","publisher":{"@id":"https:\/\/www.houseofcats.pl\/de\/#organization"},"potentialAction":[{"@type":"SearchAction","target":{"@type":"EntryPoint","urlTemplate":"https:\/\/www.houseofcats.pl\/de\/?s={search_term_string}"},"query-input":{"@type":"PropertyValueSpecification","valueRequired":true,"valueName":"search_term_string"}}],"inLanguage":"de"},{"@type":"Organization","@id":"https:\/\/www.houseofcats.pl\/de\/#organization","name":"Sklep internetowy House of Cats","url":"https:\/\/www.houseofcats.pl\/de\/","logo":{"@type":"ImageObject","inLanguage":"de","@id":"https:\/\/www.houseofcats.pl\/de\/#\/schema\/logo\/image\/","url":"https:\/\/www.houseofcats.pl\/wp-content\/uploads\/2024\/07\/Zrzut-ekranu-2017-07-11-o-23.35.44.png","contentUrl":"https:\/\/www.houseofcats.pl\/wp-content\/uploads\/2024\/07\/Zrzut-ekranu-2017-07-11-o-23.35.44.png","width":496,"height":474,"caption":"Sklep internetowy House of Cats"},"image":{"@id":"https:\/\/www.houseofcats.pl\/de\/#\/schema\/logo\/image\/"},"sameAs":["https:\/\/www.facebook.com\/houseofcatspl","https:\/\/www.instagram.com\/houseofcats.pl\/","https:\/\/www.youtube.com\/@houseofcats5403"]}]}},"_links":{"self":[{"href":"https:\/\/www.houseofcats.pl\/de\/wp-json\/wp\/v2\/product\/4154"}],"collection":[{"href":"https:\/\/www.houseofcats.pl\/de\/wp-json\/wp\/v2\/product"}],"about":[{"href":"https:\/\/www.houseofcats.pl\/de\/wp-json\/wp\/v2\/types\/product"}],"wp:featuredmedia":[{"embeddable":true,"href":"https:\/\/www.houseofcats.pl\/de\/wp-json\/wp\/v2\/media\/4163"}],"wp:attachment":[{"href":"https:\/\/www.houseofcats.pl\/de\/wp-json\/wp\/v2\/media?parent=4154"}],"wp:term":[{"taxonomy":"product_brand","embeddable":true,"href":"https:\/\/www.houseofcats.pl\/de\/wp-json\/wp\/v2\/product_brand?post=4154"},{"taxonomy":"product_cat","embeddable":true,"href":"https:\/\/www.houseofcats.pl\/de\/wp-json\/wp\/v2\/product_cat?post=4154"},{"taxonomy":"product_tag","embeddable":true,"href":"https:\/\/www.houseofcats.pl\/de\/wp-json\/wp\/v2\/product_tag?post=4154"}],"curies":[{"name":"wp","href":"https:\/\/api.w.org\/{rel}","templated":true}]}}