{"id":4169,"date":"2016-03-31T00:08:57","date_gmt":"2016-03-30T22:08:57","guid":{"rendered":"https:\/\/www.houseofcats.pl\/sklep\/drapak-dla-kotow-cat-phanter\/"},"modified":"2021-03-04T14:10:22","modified_gmt":"2021-03-04T13:10:22","slug":"drapak-dla-kotow-cat-phanter","status":"publish","type":"product","link":"https:\/\/www.houseofcats.pl\/de\/shop\/drapak-dla-kotow-cat-phanter\/","title":{"rendered":"Kratzbaum Cat Phanter"},"content":{"rendered":"<p>F\u00fcr Kater, Katzen und kleine K\u00e4tzchen &#8211; der Cat Kratzbaum ist eine praktische, besondere L\u00f6sung im Bereich der Accessoires f\u00fcr Katzenfreunde. Der Kratzbaum wurde aus nat\u00fcrlichen Materialien hergestellt, die f\u00fcr die Gesundheit Ihrer Katzen unbedenklich sind. Besondere Beachtung verdient die interessante, aber einfache Form. In dem, einem Katzenkopf angeglichenen Abschnitt, kann die Katze ausgiebig faulenzen und sich nach dem Mittagessen ausruhen.<\/p>\n<h3>Der Kratzbaum dient gleichzeitig auch als besondere Dekoration Ihres Hauses oder Ihrer Wohnung.<\/h3>\n<p>Der Kratzbaum muss keinesfalls hinter einem Schrank, einer T\u00fcr oder an einem anderen unauff\u00e4lligen Platz versteckt werden, sondern verdient sogar einen Platz, an dem er von G\u00e4sten bewundert werden kann. Sowohl das moderne Design als auch das in orange gehaltene, getupfte Muster werden jeder modischen Katzendame gefallen.<\/p>\n<hr \/>\n<p>Produktabmessungen Cat: T: 42 cm, B: 39 cm, H: 42 cm<\/p>\n<p>Gewicht 4,1 kg<\/p>\n","protected":false},"excerpt":{"rendered":"<p>F\u00fcr Kater, Katzen und kleine K\u00e4tzchen &#8211; der Cat Kratzbaum ist eine praktische, besondere L\u00f6sung im Bereich der Accessoires f\u00fcr Katzenfreunde. Der Kratzbaum wurde aus nat\u00fcrlichen Materialien hergestellt, die f\u00fcr die Gesundheit Ihrer Katzen unbedenklich sind. Besondere Beachtung verdient die interessante, aber einfache Form. In dem, einem Katzenkopf angeglichenen Abschnitt, kann die Katze ausgiebig faulenzen &hellip;<\/p>\n","protected":false},"featured_media":4170,"template":"","meta":{"_acf_changed":false},"product_brand":[],"product_cat":[159],"product_tag":[281,175,280],"class_list":{"0":"post-4169","1":"product","2":"type-product","3":"status-publish","4":"has-post-thumbnail","6":"product_cat-cat-de","7":"product_tag-domek-dla-kotow-de","8":"product_tag-drapak-de","9":"product_tag-drapaki-dla-kotow-de","11":"first","12":"outofstock","13":"taxable","14":"shipping-taxable","15":"purchasable","16":"product-type-simple"},"acf":[],"yoast_head":"<!-- This site is optimized with the Yoast SEO plugin v25.6 - https:\/\/yoast.com\/wordpress\/plugins\/seo\/ -->\n<title>Drapak dla kot\u00f3w Kratzbaum Cat Phanter - naturalny i bezpieczny!<\/title>\n<meta name=\"description\" content=\"Drapak dla kot\u00f3w Cat Phanter to wykonany z naturalnych materia\u0142\u00f3w, bezpieczny dla zwierz\u0105t i domownik\u00f3w. Nowoczesny wygl\u0105d i jako\u015b\u0107 - najwa\u017cniejsze cechy.\" \/>\n<meta name=\"robots\" content=\"index, follow, max-snippet:-1, max-image-preview:large, max-video-preview:-1\" \/>\n<link rel=\"canonical\" href=\"https:\/\/www.houseofcats.pl\/de\/shop\/drapak-dla-kotow-cat-phanter\/\" \/>\n<meta property=\"og:locale\" content=\"de_DE\" \/>\n<meta property=\"og:type\" content=\"article\" \/>\n<meta property=\"og:title\" content=\"Drapak dla kot\u00f3w Kratzbaum Cat Phanter - naturalny i bezpieczny!\" \/>\n<meta property=\"og:description\" content=\"Drapak dla kot\u00f3w Cat Phanter to wykonany z naturalnych materia\u0142\u00f3w, bezpieczny dla zwierz\u0105t i domownik\u00f3w. Nowoczesny wygl\u0105d i jako\u015b\u0107 - najwa\u017cniejsze cechy.\" \/>\n<meta property=\"og:url\" content=\"https:\/\/www.houseofcats.pl\/de\/shop\/drapak-dla-kotow-cat-phanter\/\" \/>\n<meta property=\"og:site_name\" content=\"Sklep internetowy House of Cats\" \/>\n<meta property=\"article:publisher\" content=\"https:\/\/www.facebook.com\/houseofcatspl\" \/>\n<meta property=\"article:modified_time\" content=\"2021-03-04T13:10:22+00:00\" \/>\n<meta property=\"og:image\" content=\"https:\/\/www.houseofcats.pl\/wp-content\/uploads\/2016\/03\/thumb__DSC8367_1024.jpg\" \/>\n\t<meta property=\"og:image:width\" content=\"1024\" \/>\n\t<meta property=\"og:image:height\" content=\"1024\" \/>\n\t<meta property=\"og:image:type\" content=\"image\/jpeg\" \/>\n<meta name=\"twitter:card\" content=\"summary_large_image\" \/>\n<meta name=\"twitter:label1\" content=\"Gesch\u00e4tzte Lesezeit\" \/>\n\t<meta name=\"twitter:data1\" content=\"1\u00a0Minute\" \/>\n<script type=\"application\/ld+json\" class=\"yoast-schema-graph\">{\"@context\":\"https:\/\/schema.org\",\"@graph\":[{\"@type\":\"WebPage\",\"@id\":\"https:\/\/www.houseofcats.pl\/de\/shop\/drapak-dla-kotow-cat-phanter\/\",\"url\":\"https:\/\/www.houseofcats.pl\/de\/shop\/drapak-dla-kotow-cat-phanter\/\",\"name\":\"Drapak dla kot\u00f3w Kratzbaum Cat Phanter - naturalny i bezpieczny!\",\"isPartOf\":{\"@id\":\"https:\/\/www.houseofcats.pl\/de\/#website\"},\"primaryImageOfPage\":{\"@id\":\"https:\/\/www.houseofcats.pl\/de\/shop\/drapak-dla-kotow-cat-phanter\/#primaryimage\"},\"image\":{\"@id\":\"https:\/\/www.houseofcats.pl\/de\/shop\/drapak-dla-kotow-cat-phanter\/#primaryimage\"},\"thumbnailUrl\":\"https:\/\/www.houseofcats.pl\/wp-content\/uploads\/2016\/03\/thumb__DSC8367_1024.jpg\",\"datePublished\":\"2016-03-30T22:08:57+00:00\",\"dateModified\":\"2021-03-04T13:10:22+00:00\",\"description\":\"Drapak dla kot\u00f3w Cat Phanter to wykonany z naturalnych materia\u0142\u00f3w, bezpieczny dla zwierz\u0105t i domownik\u00f3w. Nowoczesny wygl\u0105d i jako\u015b\u0107 - najwa\u017cniejsze cechy.\",\"breadcrumb\":{\"@id\":\"https:\/\/www.houseofcats.pl\/de\/shop\/drapak-dla-kotow-cat-phanter\/#breadcrumb\"},\"inLanguage\":\"de\",\"potentialAction\":[{\"@type\":\"ReadAction\",\"target\":[\"https:\/\/www.houseofcats.pl\/de\/shop\/drapak-dla-kotow-cat-phanter\/\"]}]},{\"@type\":\"ImageObject\",\"inLanguage\":\"de\",\"@id\":\"https:\/\/www.houseofcats.pl\/de\/shop\/drapak-dla-kotow-cat-phanter\/#primaryimage\",\"url\":\"https:\/\/www.houseofcats.pl\/wp-content\/uploads\/2016\/03\/thumb__DSC8367_1024.jpg\",\"contentUrl\":\"https:\/\/www.houseofcats.pl\/wp-content\/uploads\/2016\/03\/thumb__DSC8367_1024.jpg\",\"width\":1024,\"height\":1024,\"caption\":\"Drapak dla kot\u00f3w Phanter\"},{\"@type\":\"BreadcrumbList\",\"@id\":\"https:\/\/www.houseofcats.pl\/de\/shop\/drapak-dla-kotow-cat-phanter\/#breadcrumb\",\"itemListElement\":[{\"@type\":\"ListItem\",\"position\":1,\"name\":\"Strona g\u0142\u00f3wna\",\"item\":\"https:\/\/www.houseofcats.pl\/de\/\"},{\"@type\":\"ListItem\",\"position\":2,\"name\":\"Sklep\",\"item\":\"https:\/\/www.houseofcats.pl\/sklep\/\"},{\"@type\":\"ListItem\",\"position\":3,\"name\":\"Kratzbaum Cat Phanter\"}]},{\"@type\":\"WebSite\",\"@id\":\"https:\/\/www.houseofcats.pl\/de\/#website\",\"url\":\"https:\/\/www.houseofcats.pl\/de\/\",\"name\":\"Sklep internetowy House of Cats\",\"description\":\"Drapaki dla kot\u00f3w\",\"publisher\":{\"@id\":\"https:\/\/www.houseofcats.pl\/de\/#organization\"},\"potentialAction\":[{\"@type\":\"SearchAction\",\"target\":{\"@type\":\"EntryPoint\",\"urlTemplate\":\"https:\/\/www.houseofcats.pl\/de\/?s={search_term_string}\"},\"query-input\":{\"@type\":\"PropertyValueSpecification\",\"valueRequired\":true,\"valueName\":\"search_term_string\"}}],\"inLanguage\":\"de\"},{\"@type\":\"Organization\",\"@id\":\"https:\/\/www.houseofcats.pl\/de\/#organization\",\"name\":\"Sklep internetowy House of Cats\",\"url\":\"https:\/\/www.houseofcats.pl\/de\/\",\"logo\":{\"@type\":\"ImageObject\",\"inLanguage\":\"de\",\"@id\":\"https:\/\/www.houseofcats.pl\/de\/#\/schema\/logo\/image\/\",\"url\":\"https:\/\/www.houseofcats.pl\/wp-content\/uploads\/2024\/07\/Zrzut-ekranu-2017-07-11-o-23.35.44.png\",\"contentUrl\":\"https:\/\/www.houseofcats.pl\/wp-content\/uploads\/2024\/07\/Zrzut-ekranu-2017-07-11-o-23.35.44.png\",\"width\":496,\"height\":474,\"caption\":\"Sklep internetowy House of Cats\"},\"image\":{\"@id\":\"https:\/\/www.houseofcats.pl\/de\/#\/schema\/logo\/image\/\"},\"sameAs\":[\"https:\/\/www.facebook.com\/houseofcatspl\",\"https:\/\/www.instagram.com\/houseofcats.pl\/\",\"https:\/\/www.youtube.com\/@houseofcats5403\"]}]}<\/script>\n<!-- \/ Yoast SEO plugin. -->","yoast_head_json":{"title":"Drapak dla kot\u00f3w Kratzbaum Cat Phanter - naturalny i bezpieczny!","description":"Drapak dla kot\u00f3w Cat Phanter to wykonany z naturalnych materia\u0142\u00f3w, bezpieczny dla zwierz\u0105t i domownik\u00f3w. Nowoczesny wygl\u0105d i jako\u015b\u0107 - najwa\u017cniejsze cechy.","robots":{"index":"index","follow":"follow","max-snippet":"max-snippet:-1","max-image-preview":"max-image-preview:large","max-video-preview":"max-video-preview:-1"},"canonical":"https:\/\/www.houseofcats.pl\/de\/shop\/drapak-dla-kotow-cat-phanter\/","og_locale":"de_DE","og_type":"article","og_title":"Drapak dla kot\u00f3w Kratzbaum Cat Phanter - naturalny i bezpieczny!","og_description":"Drapak dla kot\u00f3w Cat Phanter to wykonany z naturalnych materia\u0142\u00f3w, bezpieczny dla zwierz\u0105t i domownik\u00f3w. Nowoczesny wygl\u0105d i jako\u015b\u0107 - najwa\u017cniejsze cechy.","og_url":"https:\/\/www.houseofcats.pl\/de\/shop\/drapak-dla-kotow-cat-phanter\/","og_site_name":"Sklep internetowy House of Cats","article_publisher":"https:\/\/www.facebook.com\/houseofcatspl","article_modified_time":"2021-03-04T13:10:22+00:00","og_image":[{"width":1024,"height":1024,"url":"https:\/\/www.houseofcats.pl\/wp-content\/uploads\/2016\/03\/thumb__DSC8367_1024.jpg","type":"image\/jpeg"}],"twitter_card":"summary_large_image","twitter_misc":{"Gesch\u00e4tzte Lesezeit":"1\u00a0Minute"},"schema":{"@context":"https:\/\/schema.org","@graph":[{"@type":"WebPage","@id":"https:\/\/www.houseofcats.pl\/de\/shop\/drapak-dla-kotow-cat-phanter\/","url":"https:\/\/www.houseofcats.pl\/de\/shop\/drapak-dla-kotow-cat-phanter\/","name":"Drapak dla kot\u00f3w Kratzbaum Cat Phanter - naturalny i bezpieczny!","isPartOf":{"@id":"https:\/\/www.houseofcats.pl\/de\/#website"},"primaryImageOfPage":{"@id":"https:\/\/www.houseofcats.pl\/de\/shop\/drapak-dla-kotow-cat-phanter\/#primaryimage"},"image":{"@id":"https:\/\/www.houseofcats.pl\/de\/shop\/drapak-dla-kotow-cat-phanter\/#primaryimage"},"thumbnailUrl":"https:\/\/www.houseofcats.pl\/wp-content\/uploads\/2016\/03\/thumb__DSC8367_1024.jpg","datePublished":"2016-03-30T22:08:57+00:00","dateModified":"2021-03-04T13:10:22+00:00","description":"Drapak dla kot\u00f3w Cat Phanter to wykonany z naturalnych materia\u0142\u00f3w, bezpieczny dla zwierz\u0105t i domownik\u00f3w. Nowoczesny wygl\u0105d i jako\u015b\u0107 - najwa\u017cniejsze cechy.","breadcrumb":{"@id":"https:\/\/www.houseofcats.pl\/de\/shop\/drapak-dla-kotow-cat-phanter\/#breadcrumb"},"inLanguage":"de","potentialAction":[{"@type":"ReadAction","target":["https:\/\/www.houseofcats.pl\/de\/shop\/drapak-dla-kotow-cat-phanter\/"]}]},{"@type":"ImageObject","inLanguage":"de","@id":"https:\/\/www.houseofcats.pl\/de\/shop\/drapak-dla-kotow-cat-phanter\/#primaryimage","url":"https:\/\/www.houseofcats.pl\/wp-content\/uploads\/2016\/03\/thumb__DSC8367_1024.jpg","contentUrl":"https:\/\/www.houseofcats.pl\/wp-content\/uploads\/2016\/03\/thumb__DSC8367_1024.jpg","width":1024,"height":1024,"caption":"Drapak dla kot\u00f3w Phanter"},{"@type":"BreadcrumbList","@id":"https:\/\/www.houseofcats.pl\/de\/shop\/drapak-dla-kotow-cat-phanter\/#breadcrumb","itemListElement":[{"@type":"ListItem","position":1,"name":"Strona g\u0142\u00f3wna","item":"https:\/\/www.houseofcats.pl\/de\/"},{"@type":"ListItem","position":2,"name":"Sklep","item":"https:\/\/www.houseofcats.pl\/sklep\/"},{"@type":"ListItem","position":3,"name":"Kratzbaum Cat Phanter"}]},{"@type":"WebSite","@id":"https:\/\/www.houseofcats.pl\/de\/#website","url":"https:\/\/www.houseofcats.pl\/de\/","name":"Sklep internetowy House of Cats","description":"Drapaki dla kot\u00f3w","publisher":{"@id":"https:\/\/www.houseofcats.pl\/de\/#organization"},"potentialAction":[{"@type":"SearchAction","target":{"@type":"EntryPoint","urlTemplate":"https:\/\/www.houseofcats.pl\/de\/?s={search_term_string}"},"query-input":{"@type":"PropertyValueSpecification","valueRequired":true,"valueName":"search_term_string"}}],"inLanguage":"de"},{"@type":"Organization","@id":"https:\/\/www.houseofcats.pl\/de\/#organization","name":"Sklep internetowy House of Cats","url":"https:\/\/www.houseofcats.pl\/de\/","logo":{"@type":"ImageObject","inLanguage":"de","@id":"https:\/\/www.houseofcats.pl\/de\/#\/schema\/logo\/image\/","url":"https:\/\/www.houseofcats.pl\/wp-content\/uploads\/2024\/07\/Zrzut-ekranu-2017-07-11-o-23.35.44.png","contentUrl":"https:\/\/www.houseofcats.pl\/wp-content\/uploads\/2024\/07\/Zrzut-ekranu-2017-07-11-o-23.35.44.png","width":496,"height":474,"caption":"Sklep internetowy House of Cats"},"image":{"@id":"https:\/\/www.houseofcats.pl\/de\/#\/schema\/logo\/image\/"},"sameAs":["https:\/\/www.facebook.com\/houseofcatspl","https:\/\/www.instagram.com\/houseofcats.pl\/","https:\/\/www.youtube.com\/@houseofcats5403"]}]}},"_links":{"self":[{"href":"https:\/\/www.houseofcats.pl\/de\/wp-json\/wp\/v2\/product\/4169"}],"collection":[{"href":"https:\/\/www.houseofcats.pl\/de\/wp-json\/wp\/v2\/product"}],"about":[{"href":"https:\/\/www.houseofcats.pl\/de\/wp-json\/wp\/v2\/types\/product"}],"wp:featuredmedia":[{"embeddable":true,"href":"https:\/\/www.houseofcats.pl\/de\/wp-json\/wp\/v2\/media\/4170"}],"wp:attachment":[{"href":"https:\/\/www.houseofcats.pl\/de\/wp-json\/wp\/v2\/media?parent=4169"}],"wp:term":[{"taxonomy":"product_brand","embeddable":true,"href":"https:\/\/www.houseofcats.pl\/de\/wp-json\/wp\/v2\/product_brand?post=4169"},{"taxonomy":"product_cat","embeddable":true,"href":"https:\/\/www.houseofcats.pl\/de\/wp-json\/wp\/v2\/product_cat?post=4169"},{"taxonomy":"product_tag","embeddable":true,"href":"https:\/\/www.houseofcats.pl\/de\/wp-json\/wp\/v2\/product_tag?post=4169"}],"curies":[{"name":"wp","href":"https:\/\/api.w.org\/{rel}","templated":true}]}}