{"id":4180,"date":"2016-03-30T23:32:08","date_gmt":"2016-03-30T21:32:08","guid":{"rendered":"https:\/\/www.houseofcats.pl\/sklep\/drapak-dla-kotow-cat-triangle\/"},"modified":"2021-03-04T14:07:30","modified_gmt":"2021-03-04T13:07:30","slug":"drapak-dla-kotow-cat-triangle","status":"publish","type":"product","link":"https:\/\/www.houseofcats.pl\/de\/shop\/drapak-dla-kotow-cat-triangle\/","title":{"rendered":"Kratzbaum Cat Triangle"},"content":{"rendered":"<p class=\"Text\"><span lang=\"DE\">Eine satte, entspannte und verw\u00f6hnte Katze ist eine gl\u00fcckliche Katze ist. Jede Katzenmami wei\u00df, dass man sich einfach gut um eine Katze k\u00fcmmern muss.\u00a0<\/span><span lang=\"DE\">Trotz der Tatsache, dass Katzen ihren eigenen Weg gehen, bed\u00fcrfen sie menschlicher Liebe und Zuwendung. In der Spielecke unseres geliebten Haustieres darf kein Kratzbaum fehlen, am besten nat\u00fcrlich so ein besonderer, denn unsere Haustiere verdienen nur das Beste.<\/span><\/p>\n<h3 class=\"Text\"><span lang=\"DE\">Der Triangle Kratzbaum ist eine ganz neue Form von Mode f\u00fcr Katzen und den Katzenfreund. <\/span><\/h3>\n<p class=\"Text\"><span lang=\"DE\">Traumhafte Farben und das ansprechende Design sind ein Highlight jeder Katzen-Spielecke. Jede Katze wird Ihnen das danken, wenn Sie ihr das Geschenk eines solchen Kratzbaumes machen, wo sie gleichzeitig spielen und mit ihren Krallen herumkratzen kann- das ist eine der Lieblingsbesch\u00e4ftigungen von Katzen<\/span><\/p>\n<hr \/>\n<p>Produktabmessungen Cat: T: 42 cm, B: 39 cm, H: 42 cm<\/p>\n<p>Gewicht 4,1 kg<\/p>\n","protected":false},"excerpt":{"rendered":"<p>Eine satte, entspannte und verw\u00f6hnte Katze ist eine gl\u00fcckliche Katze ist. Jede Katzenmami wei\u00df, dass man sich einfach gut um eine Katze k\u00fcmmern muss.\u00a0Trotz der Tatsache, dass Katzen ihren eigenen Weg gehen, bed\u00fcrfen sie menschlicher Liebe und Zuwendung. In der Spielecke unseres geliebten Haustieres darf kein Kratzbaum fehlen, am besten nat\u00fcrlich so ein besonderer, denn &hellip;<\/p>\n","protected":false},"featured_media":4185,"template":"","meta":{"_acf_changed":false},"product_brand":[],"product_cat":[159],"product_tag":[214,213,175,182,184,183],"class_list":{"0":"post-4180","1":"product","2":"type-product","3":"status-publish","4":"has-post-thumbnail","6":"product_cat-cat-de","7":"product_tag-budka-de","8":"product_tag-domek-dla-kota-de","9":"product_tag-drapak-de","10":"product_tag-kot-de","11":"product_tag-legowisko-de","12":"product_tag-tektura-de","14":"first","15":"instock","16":"taxable","17":"shipping-taxable","18":"purchasable","19":"product-type-simple"},"acf":[],"yoast_head":"<!-- This site is optimized with the Yoast SEO plugin v25.6 - https:\/\/yoast.com\/wordpress\/plugins\/seo\/ -->\n<title>Drapak dla kot\u00f3w Kratzbaum Cat Triangle - najnowszy koci trend<\/title>\n<meta name=\"description\" content=\"Wyj\u0105tkowy wygl\u0105d oraz najlepsze materia\u0142y tworz\u0105 drapak dla kot\u00f3w idealny dla Twojego kota! Sprawd\u017a szczeg\u00f3\u0142y tego drapaka i przekonaj si\u0119 sam!\" \/>\n<meta name=\"robots\" content=\"index, follow, max-snippet:-1, max-image-preview:large, max-video-preview:-1\" \/>\n<link rel=\"canonical\" href=\"https:\/\/www.houseofcats.pl\/de\/shop\/drapak-dla-kotow-cat-triangle\/\" \/>\n<meta property=\"og:locale\" content=\"de_DE\" \/>\n<meta property=\"og:type\" content=\"article\" \/>\n<meta property=\"og:title\" content=\"Drapak dla kot\u00f3w Kratzbaum Cat Triangle - najnowszy koci trend\" \/>\n<meta property=\"og:description\" content=\"Wyj\u0105tkowy wygl\u0105d oraz najlepsze materia\u0142y tworz\u0105 drapak dla kot\u00f3w idealny dla Twojego kota! Sprawd\u017a szczeg\u00f3\u0142y tego drapaka i przekonaj si\u0119 sam!\" \/>\n<meta property=\"og:url\" content=\"https:\/\/www.houseofcats.pl\/de\/shop\/drapak-dla-kotow-cat-triangle\/\" \/>\n<meta property=\"og:site_name\" content=\"Sklep internetowy House of Cats\" \/>\n<meta property=\"article:publisher\" content=\"https:\/\/www.facebook.com\/houseofcatspl\" \/>\n<meta property=\"article:modified_time\" content=\"2021-03-04T13:07:30+00:00\" \/>\n<meta property=\"og:image\" content=\"http:\/\/www.houseofcats.pl\/wp-content\/uploads\/2016\/03\/thumb_12933159_830997107027449_8642655826122338932_n_1024-1.jpg\" \/>\n\t<meta property=\"og:image:width\" content=\"796\" \/>\n\t<meta property=\"og:image:height\" content=\"796\" \/>\n\t<meta property=\"og:image:type\" content=\"image\/jpeg\" \/>\n<meta name=\"twitter:card\" content=\"summary_large_image\" \/>\n<meta name=\"twitter:label1\" content=\"Gesch\u00e4tzte Lesezeit\" \/>\n\t<meta name=\"twitter:data1\" content=\"2\u00a0Minuten\" \/>\n<script type=\"application\/ld+json\" class=\"yoast-schema-graph\">{\"@context\":\"https:\/\/schema.org\",\"@graph\":[{\"@type\":\"WebPage\",\"@id\":\"https:\/\/www.houseofcats.pl\/de\/shop\/drapak-dla-kotow-cat-triangle\/\",\"url\":\"https:\/\/www.houseofcats.pl\/de\/shop\/drapak-dla-kotow-cat-triangle\/\",\"name\":\"Drapak dla kot\u00f3w Kratzbaum Cat Triangle - najnowszy koci trend\",\"isPartOf\":{\"@id\":\"https:\/\/www.houseofcats.pl\/de\/#website\"},\"primaryImageOfPage\":{\"@id\":\"https:\/\/www.houseofcats.pl\/de\/shop\/drapak-dla-kotow-cat-triangle\/#primaryimage\"},\"image\":{\"@id\":\"https:\/\/www.houseofcats.pl\/de\/shop\/drapak-dla-kotow-cat-triangle\/#primaryimage\"},\"thumbnailUrl\":\"https:\/\/www.houseofcats.pl\/wp-content\/uploads\/2016\/03\/thumb_12933159_830997107027449_8642655826122338932_n_1024-1.jpg\",\"datePublished\":\"2016-03-30T21:32:08+00:00\",\"dateModified\":\"2021-03-04T13:07:30+00:00\",\"description\":\"Wyj\u0105tkowy wygl\u0105d oraz najlepsze materia\u0142y tworz\u0105 drapak dla kot\u00f3w idealny dla Twojego kota! Sprawd\u017a szczeg\u00f3\u0142y tego drapaka i przekonaj si\u0119 sam!\",\"breadcrumb\":{\"@id\":\"https:\/\/www.houseofcats.pl\/de\/shop\/drapak-dla-kotow-cat-triangle\/#breadcrumb\"},\"inLanguage\":\"de\",\"potentialAction\":[{\"@type\":\"ReadAction\",\"target\":[\"https:\/\/www.houseofcats.pl\/de\/shop\/drapak-dla-kotow-cat-triangle\/\"]}]},{\"@type\":\"ImageObject\",\"inLanguage\":\"de\",\"@id\":\"https:\/\/www.houseofcats.pl\/de\/shop\/drapak-dla-kotow-cat-triangle\/#primaryimage\",\"url\":\"https:\/\/www.houseofcats.pl\/wp-content\/uploads\/2016\/03\/thumb_12933159_830997107027449_8642655826122338932_n_1024-1.jpg\",\"contentUrl\":\"https:\/\/www.houseofcats.pl\/wp-content\/uploads\/2016\/03\/thumb_12933159_830997107027449_8642655826122338932_n_1024-1.jpg\",\"width\":796,\"height\":796},{\"@type\":\"BreadcrumbList\",\"@id\":\"https:\/\/www.houseofcats.pl\/de\/shop\/drapak-dla-kotow-cat-triangle\/#breadcrumb\",\"itemListElement\":[{\"@type\":\"ListItem\",\"position\":1,\"name\":\"Strona g\u0142\u00f3wna\",\"item\":\"https:\/\/www.houseofcats.pl\/de\/\"},{\"@type\":\"ListItem\",\"position\":2,\"name\":\"Sklep\",\"item\":\"https:\/\/www.houseofcats.pl\/sklep\/\"},{\"@type\":\"ListItem\",\"position\":3,\"name\":\"Kratzbaum Cat Triangle\"}]},{\"@type\":\"WebSite\",\"@id\":\"https:\/\/www.houseofcats.pl\/de\/#website\",\"url\":\"https:\/\/www.houseofcats.pl\/de\/\",\"name\":\"Sklep internetowy House of Cats\",\"description\":\"Drapaki dla kot\u00f3w\",\"publisher\":{\"@id\":\"https:\/\/www.houseofcats.pl\/de\/#organization\"},\"potentialAction\":[{\"@type\":\"SearchAction\",\"target\":{\"@type\":\"EntryPoint\",\"urlTemplate\":\"https:\/\/www.houseofcats.pl\/de\/?s={search_term_string}\"},\"query-input\":{\"@type\":\"PropertyValueSpecification\",\"valueRequired\":true,\"valueName\":\"search_term_string\"}}],\"inLanguage\":\"de\"},{\"@type\":\"Organization\",\"@id\":\"https:\/\/www.houseofcats.pl\/de\/#organization\",\"name\":\"Sklep internetowy House of Cats\",\"url\":\"https:\/\/www.houseofcats.pl\/de\/\",\"logo\":{\"@type\":\"ImageObject\",\"inLanguage\":\"de\",\"@id\":\"https:\/\/www.houseofcats.pl\/de\/#\/schema\/logo\/image\/\",\"url\":\"https:\/\/www.houseofcats.pl\/wp-content\/uploads\/2024\/07\/Zrzut-ekranu-2017-07-11-o-23.35.44.png\",\"contentUrl\":\"https:\/\/www.houseofcats.pl\/wp-content\/uploads\/2024\/07\/Zrzut-ekranu-2017-07-11-o-23.35.44.png\",\"width\":496,\"height\":474,\"caption\":\"Sklep internetowy House of Cats\"},\"image\":{\"@id\":\"https:\/\/www.houseofcats.pl\/de\/#\/schema\/logo\/image\/\"},\"sameAs\":[\"https:\/\/www.facebook.com\/houseofcatspl\",\"https:\/\/www.instagram.com\/houseofcats.pl\/\",\"https:\/\/www.youtube.com\/@houseofcats5403\"]}]}<\/script>\n<!-- \/ Yoast SEO plugin. -->","yoast_head_json":{"title":"Drapak dla kot\u00f3w Kratzbaum Cat Triangle - najnowszy koci trend","description":"Wyj\u0105tkowy wygl\u0105d oraz najlepsze materia\u0142y tworz\u0105 drapak dla kot\u00f3w idealny dla Twojego kota! Sprawd\u017a szczeg\u00f3\u0142y tego drapaka i przekonaj si\u0119 sam!","robots":{"index":"index","follow":"follow","max-snippet":"max-snippet:-1","max-image-preview":"max-image-preview:large","max-video-preview":"max-video-preview:-1"},"canonical":"https:\/\/www.houseofcats.pl\/de\/shop\/drapak-dla-kotow-cat-triangle\/","og_locale":"de_DE","og_type":"article","og_title":"Drapak dla kot\u00f3w Kratzbaum Cat Triangle - najnowszy koci trend","og_description":"Wyj\u0105tkowy wygl\u0105d oraz najlepsze materia\u0142y tworz\u0105 drapak dla kot\u00f3w idealny dla Twojego kota! Sprawd\u017a szczeg\u00f3\u0142y tego drapaka i przekonaj si\u0119 sam!","og_url":"https:\/\/www.houseofcats.pl\/de\/shop\/drapak-dla-kotow-cat-triangle\/","og_site_name":"Sklep internetowy House of Cats","article_publisher":"https:\/\/www.facebook.com\/houseofcatspl","article_modified_time":"2021-03-04T13:07:30+00:00","og_image":[{"width":796,"height":796,"url":"http:\/\/www.houseofcats.pl\/wp-content\/uploads\/2016\/03\/thumb_12933159_830997107027449_8642655826122338932_n_1024-1.jpg","type":"image\/jpeg"}],"twitter_card":"summary_large_image","twitter_misc":{"Gesch\u00e4tzte Lesezeit":"2\u00a0Minuten"},"schema":{"@context":"https:\/\/schema.org","@graph":[{"@type":"WebPage","@id":"https:\/\/www.houseofcats.pl\/de\/shop\/drapak-dla-kotow-cat-triangle\/","url":"https:\/\/www.houseofcats.pl\/de\/shop\/drapak-dla-kotow-cat-triangle\/","name":"Drapak dla kot\u00f3w Kratzbaum Cat Triangle - najnowszy koci trend","isPartOf":{"@id":"https:\/\/www.houseofcats.pl\/de\/#website"},"primaryImageOfPage":{"@id":"https:\/\/www.houseofcats.pl\/de\/shop\/drapak-dla-kotow-cat-triangle\/#primaryimage"},"image":{"@id":"https:\/\/www.houseofcats.pl\/de\/shop\/drapak-dla-kotow-cat-triangle\/#primaryimage"},"thumbnailUrl":"https:\/\/www.houseofcats.pl\/wp-content\/uploads\/2016\/03\/thumb_12933159_830997107027449_8642655826122338932_n_1024-1.jpg","datePublished":"2016-03-30T21:32:08+00:00","dateModified":"2021-03-04T13:07:30+00:00","description":"Wyj\u0105tkowy wygl\u0105d oraz najlepsze materia\u0142y tworz\u0105 drapak dla kot\u00f3w idealny dla Twojego kota! Sprawd\u017a szczeg\u00f3\u0142y tego drapaka i przekonaj si\u0119 sam!","breadcrumb":{"@id":"https:\/\/www.houseofcats.pl\/de\/shop\/drapak-dla-kotow-cat-triangle\/#breadcrumb"},"inLanguage":"de","potentialAction":[{"@type":"ReadAction","target":["https:\/\/www.houseofcats.pl\/de\/shop\/drapak-dla-kotow-cat-triangle\/"]}]},{"@type":"ImageObject","inLanguage":"de","@id":"https:\/\/www.houseofcats.pl\/de\/shop\/drapak-dla-kotow-cat-triangle\/#primaryimage","url":"https:\/\/www.houseofcats.pl\/wp-content\/uploads\/2016\/03\/thumb_12933159_830997107027449_8642655826122338932_n_1024-1.jpg","contentUrl":"https:\/\/www.houseofcats.pl\/wp-content\/uploads\/2016\/03\/thumb_12933159_830997107027449_8642655826122338932_n_1024-1.jpg","width":796,"height":796},{"@type":"BreadcrumbList","@id":"https:\/\/www.houseofcats.pl\/de\/shop\/drapak-dla-kotow-cat-triangle\/#breadcrumb","itemListElement":[{"@type":"ListItem","position":1,"name":"Strona g\u0142\u00f3wna","item":"https:\/\/www.houseofcats.pl\/de\/"},{"@type":"ListItem","position":2,"name":"Sklep","item":"https:\/\/www.houseofcats.pl\/sklep\/"},{"@type":"ListItem","position":3,"name":"Kratzbaum Cat Triangle"}]},{"@type":"WebSite","@id":"https:\/\/www.houseofcats.pl\/de\/#website","url":"https:\/\/www.houseofcats.pl\/de\/","name":"Sklep internetowy House of Cats","description":"Drapaki dla kot\u00f3w","publisher":{"@id":"https:\/\/www.houseofcats.pl\/de\/#organization"},"potentialAction":[{"@type":"SearchAction","target":{"@type":"EntryPoint","urlTemplate":"https:\/\/www.houseofcats.pl\/de\/?s={search_term_string}"},"query-input":{"@type":"PropertyValueSpecification","valueRequired":true,"valueName":"search_term_string"}}],"inLanguage":"de"},{"@type":"Organization","@id":"https:\/\/www.houseofcats.pl\/de\/#organization","name":"Sklep internetowy House of Cats","url":"https:\/\/www.houseofcats.pl\/de\/","logo":{"@type":"ImageObject","inLanguage":"de","@id":"https:\/\/www.houseofcats.pl\/de\/#\/schema\/logo\/image\/","url":"https:\/\/www.houseofcats.pl\/wp-content\/uploads\/2024\/07\/Zrzut-ekranu-2017-07-11-o-23.35.44.png","contentUrl":"https:\/\/www.houseofcats.pl\/wp-content\/uploads\/2024\/07\/Zrzut-ekranu-2017-07-11-o-23.35.44.png","width":496,"height":474,"caption":"Sklep internetowy House of Cats"},"image":{"@id":"https:\/\/www.houseofcats.pl\/de\/#\/schema\/logo\/image\/"},"sameAs":["https:\/\/www.facebook.com\/houseofcatspl","https:\/\/www.instagram.com\/houseofcats.pl\/","https:\/\/www.youtube.com\/@houseofcats5403"]}]}},"_links":{"self":[{"href":"https:\/\/www.houseofcats.pl\/de\/wp-json\/wp\/v2\/product\/4180"}],"collection":[{"href":"https:\/\/www.houseofcats.pl\/de\/wp-json\/wp\/v2\/product"}],"about":[{"href":"https:\/\/www.houseofcats.pl\/de\/wp-json\/wp\/v2\/types\/product"}],"wp:featuredmedia":[{"embeddable":true,"href":"https:\/\/www.houseofcats.pl\/de\/wp-json\/wp\/v2\/media\/4185"}],"wp:attachment":[{"href":"https:\/\/www.houseofcats.pl\/de\/wp-json\/wp\/v2\/media?parent=4180"}],"wp:term":[{"taxonomy":"product_brand","embeddable":true,"href":"https:\/\/www.houseofcats.pl\/de\/wp-json\/wp\/v2\/product_brand?post=4180"},{"taxonomy":"product_cat","embeddable":true,"href":"https:\/\/www.houseofcats.pl\/de\/wp-json\/wp\/v2\/product_cat?post=4180"},{"taxonomy":"product_tag","embeddable":true,"href":"https:\/\/www.houseofcats.pl\/de\/wp-json\/wp\/v2\/product_tag?post=4180"}],"curies":[{"name":"wp","href":"https:\/\/api.w.org\/{rel}","templated":true}]}}