{"id":4201,"date":"2016-03-30T23:28:22","date_gmt":"2016-03-30T21:28:22","guid":{"rendered":"https:\/\/www.houseofcats.pl\/sklep\/drapak-dla-kotow-cat-hair\/"},"modified":"2021-03-16T10:46:31","modified_gmt":"2021-03-16T09:46:31","slug":"drapak-dla-kotow-cat-hair","status":"publish","type":"product","link":"https:\/\/www.houseofcats.pl\/de\/shop\/drapak-dla-kotow-cat-hair\/","title":{"rendered":"Kratzbaum Cat Hair"},"content":{"rendered":"<p class=\"Text\"><span lang=\"DE\">Die Katzen, die in unseren H\u00e4usern oder Wohnungen mit uns leben, machen zweifelsfrei die Seele des Haushalts aus, daher ist es quasi die Pflicht der Besitzer f\u00fcr ihr Wohlbefinden zu sorgen. Dazu geh\u00f6rt das Schaffen geeigneter Spiel- und Entspannungsm\u00f6glichkeiten.\u00a0<\/span><span lang=\"DE\">Der Kratzbaum Cat Hair besticht durch sein einzigartiges Design, der dem Trend der neuesten Mode entspricht. Dieser praktische Gegenstand wurde basierend auf der Befriedigung der Grundbed\u00fcrfnisse unserer Freunde, den Katzen, entworfen. <\/span><\/p>\n<h3 class=\"Text\"><span lang=\"DE\">Der Kratzbaum sorgt f\u00fcr Hygiene und den n\u00f6tigen Spa\u00df. <\/span><\/h3>\n<p class=\"Text\"><span lang=\"DE\">Er erm\u00f6glicht Spiel und Spa\u00df und gleichzeitig die Pflege der Krallen. Dar\u00fcber hinaus bietet die \u00d6ffnung de optimalen R\u00fcckzugsort nach einem anstrengenden Tag. Jede Katze tr\u00e4umt von einem Ort, an dem sie sowohl toben als auch entspannen kann. Der Kratzbaum wurde sowohl auf kleine als auch gr\u00f6\u00dfere Katzen abgestimmt.\u00a0<\/span><span lang=\"DE\">Daher eignet sich dieser Kratzbaum f\u00fcr jede Katzen und jeden Kater.<\/span><\/p>\n<hr \/>\n<p>Produktabmessungen Cat: T: 42 cm, B: 39 cm, H: 42 cm<\/p>\n<p>Gewicht 4,1 kg<\/p>\n","protected":false},"excerpt":{"rendered":"<p>Die Katzen, die in unseren H\u00e4usern oder Wohnungen mit uns leben, machen zweifelsfrei die Seele des Haushalts aus, daher ist es quasi die Pflicht der Besitzer f\u00fcr ihr Wohlbefinden zu sorgen. Dazu geh\u00f6rt das Schaffen geeigneter Spiel- und Entspannungsm\u00f6glichkeiten.\u00a0Der Kratzbaum Cat Hair besticht durch sein einzigartiges Design, der dem Trend der neuesten Mode entspricht. Dieser &hellip;<\/p>\n","protected":false},"featured_media":4215,"template":"","meta":{"_acf_changed":false},"product_brand":[],"product_cat":[159],"product_tag":[214,213,175,182,184,183],"class_list":{"0":"post-4201","1":"product","2":"type-product","3":"status-publish","4":"has-post-thumbnail","6":"product_cat-cat-de","7":"product_tag-budka-de","8":"product_tag-domek-dla-kota-de","9":"product_tag-drapak-de","10":"product_tag-kot-de","11":"product_tag-legowisko-de","12":"product_tag-tektura-de","14":"first","15":"instock","16":"taxable","17":"shipping-taxable","18":"purchasable","19":"product-type-simple"},"acf":[],"yoast_head":"<!-- This site is optimized with the Yoast SEO plugin v25.6 - https:\/\/yoast.com\/wordpress\/plugins\/seo\/ -->\n<title>Drapak dla kot\u00f3w Kratzbaum Cat Hair z nowoczesn\u0105 grafik\u0105 - Unikat!<\/title>\n<meta name=\"description\" content=\"Wyj\u0105tkowy projekt i najwy\u017csza jako\u015b\u0107 wykonania tworz\u0105 drapak dla kot\u00f3w idealny dla Twojego pupila. Koty uwielbiaj\u0105 nasze kartonowe drapaki. Sprawd\u017a nas!\" \/>\n<meta name=\"robots\" content=\"index, follow, max-snippet:-1, max-image-preview:large, max-video-preview:-1\" \/>\n<link rel=\"canonical\" href=\"https:\/\/www.houseofcats.pl\/de\/shop\/drapak-dla-kotow-cat-hair\/\" \/>\n<meta property=\"og:locale\" content=\"de_DE\" \/>\n<meta property=\"og:type\" content=\"article\" \/>\n<meta property=\"og:title\" content=\"Drapak dla kot\u00f3w Kratzbaum Cat Hair z nowoczesn\u0105 grafik\u0105 - Unikat!\" \/>\n<meta property=\"og:description\" content=\"Wyj\u0105tkowy projekt i najwy\u017csza jako\u015b\u0107 wykonania tworz\u0105 drapak dla kot\u00f3w idealny dla Twojego pupila. Koty uwielbiaj\u0105 nasze kartonowe drapaki. Sprawd\u017a nas!\" \/>\n<meta property=\"og:url\" content=\"https:\/\/www.houseofcats.pl\/de\/shop\/drapak-dla-kotow-cat-hair\/\" \/>\n<meta property=\"og:site_name\" content=\"Sklep internetowy House of Cats\" \/>\n<meta property=\"article:publisher\" content=\"https:\/\/www.facebook.com\/houseofcatspl\" \/>\n<meta property=\"article:modified_time\" content=\"2021-03-16T09:46:31+00:00\" \/>\n<meta property=\"og:image\" content=\"http:\/\/www.houseofcats.pl\/wp-content\/uploads\/2016\/03\/thumb_12915137_1251151908245484_2018694817_o_1024-1.jpg\" \/>\n\t<meta property=\"og:image:width\" content=\"882\" \/>\n\t<meta property=\"og:image:height\" content=\"882\" \/>\n\t<meta property=\"og:image:type\" content=\"image\/jpeg\" \/>\n<meta name=\"twitter:card\" content=\"summary_large_image\" \/>\n<meta name=\"twitter:label1\" content=\"Gesch\u00e4tzte Lesezeit\" \/>\n\t<meta name=\"twitter:data1\" content=\"1\u00a0Minute\" \/>\n<script type=\"application\/ld+json\" class=\"yoast-schema-graph\">{\"@context\":\"https:\/\/schema.org\",\"@graph\":[{\"@type\":\"WebPage\",\"@id\":\"https:\/\/www.houseofcats.pl\/de\/shop\/drapak-dla-kotow-cat-hair\/\",\"url\":\"https:\/\/www.houseofcats.pl\/de\/shop\/drapak-dla-kotow-cat-hair\/\",\"name\":\"Drapak dla kot\u00f3w Kratzbaum Cat Hair z nowoczesn\u0105 grafik\u0105 - Unikat!\",\"isPartOf\":{\"@id\":\"https:\/\/www.houseofcats.pl\/de\/#website\"},\"primaryImageOfPage\":{\"@id\":\"https:\/\/www.houseofcats.pl\/de\/shop\/drapak-dla-kotow-cat-hair\/#primaryimage\"},\"image\":{\"@id\":\"https:\/\/www.houseofcats.pl\/de\/shop\/drapak-dla-kotow-cat-hair\/#primaryimage\"},\"thumbnailUrl\":\"https:\/\/www.houseofcats.pl\/wp-content\/uploads\/2016\/03\/thumb_12915137_1251151908245484_2018694817_o_1024-1.jpg\",\"datePublished\":\"2016-03-30T21:28:22+00:00\",\"dateModified\":\"2021-03-16T09:46:31+00:00\",\"description\":\"Wyj\u0105tkowy projekt i najwy\u017csza jako\u015b\u0107 wykonania tworz\u0105 drapak dla kot\u00f3w idealny dla Twojego pupila. Koty uwielbiaj\u0105 nasze kartonowe drapaki. Sprawd\u017a nas!\",\"breadcrumb\":{\"@id\":\"https:\/\/www.houseofcats.pl\/de\/shop\/drapak-dla-kotow-cat-hair\/#breadcrumb\"},\"inLanguage\":\"de\",\"potentialAction\":[{\"@type\":\"ReadAction\",\"target\":[\"https:\/\/www.houseofcats.pl\/de\/shop\/drapak-dla-kotow-cat-hair\/\"]}]},{\"@type\":\"ImageObject\",\"inLanguage\":\"de\",\"@id\":\"https:\/\/www.houseofcats.pl\/de\/shop\/drapak-dla-kotow-cat-hair\/#primaryimage\",\"url\":\"https:\/\/www.houseofcats.pl\/wp-content\/uploads\/2016\/03\/thumb_12915137_1251151908245484_2018694817_o_1024-1.jpg\",\"contentUrl\":\"https:\/\/www.houseofcats.pl\/wp-content\/uploads\/2016\/03\/thumb_12915137_1251151908245484_2018694817_o_1024-1.jpg\",\"width\":882,\"height\":882},{\"@type\":\"BreadcrumbList\",\"@id\":\"https:\/\/www.houseofcats.pl\/de\/shop\/drapak-dla-kotow-cat-hair\/#breadcrumb\",\"itemListElement\":[{\"@type\":\"ListItem\",\"position\":1,\"name\":\"Strona g\u0142\u00f3wna\",\"item\":\"https:\/\/www.houseofcats.pl\/de\/\"},{\"@type\":\"ListItem\",\"position\":2,\"name\":\"Sklep\",\"item\":\"https:\/\/www.houseofcats.pl\/sklep\/\"},{\"@type\":\"ListItem\",\"position\":3,\"name\":\"Kratzbaum Cat Hair\"}]},{\"@type\":\"WebSite\",\"@id\":\"https:\/\/www.houseofcats.pl\/de\/#website\",\"url\":\"https:\/\/www.houseofcats.pl\/de\/\",\"name\":\"Sklep internetowy House of Cats\",\"description\":\"Drapaki dla kot\u00f3w\",\"publisher\":{\"@id\":\"https:\/\/www.houseofcats.pl\/de\/#organization\"},\"potentialAction\":[{\"@type\":\"SearchAction\",\"target\":{\"@type\":\"EntryPoint\",\"urlTemplate\":\"https:\/\/www.houseofcats.pl\/de\/?s={search_term_string}\"},\"query-input\":{\"@type\":\"PropertyValueSpecification\",\"valueRequired\":true,\"valueName\":\"search_term_string\"}}],\"inLanguage\":\"de\"},{\"@type\":\"Organization\",\"@id\":\"https:\/\/www.houseofcats.pl\/de\/#organization\",\"name\":\"Sklep internetowy House of Cats\",\"url\":\"https:\/\/www.houseofcats.pl\/de\/\",\"logo\":{\"@type\":\"ImageObject\",\"inLanguage\":\"de\",\"@id\":\"https:\/\/www.houseofcats.pl\/de\/#\/schema\/logo\/image\/\",\"url\":\"https:\/\/www.houseofcats.pl\/wp-content\/uploads\/2024\/07\/Zrzut-ekranu-2017-07-11-o-23.35.44.png\",\"contentUrl\":\"https:\/\/www.houseofcats.pl\/wp-content\/uploads\/2024\/07\/Zrzut-ekranu-2017-07-11-o-23.35.44.png\",\"width\":496,\"height\":474,\"caption\":\"Sklep internetowy House of Cats\"},\"image\":{\"@id\":\"https:\/\/www.houseofcats.pl\/de\/#\/schema\/logo\/image\/\"},\"sameAs\":[\"https:\/\/www.facebook.com\/houseofcatspl\",\"https:\/\/www.instagram.com\/houseofcats.pl\/\",\"https:\/\/www.youtube.com\/@houseofcats5403\"]}]}<\/script>\n<!-- \/ Yoast SEO plugin. -->","yoast_head_json":{"title":"Drapak dla kot\u00f3w Kratzbaum Cat Hair z nowoczesn\u0105 grafik\u0105 - Unikat!","description":"Wyj\u0105tkowy projekt i najwy\u017csza jako\u015b\u0107 wykonania tworz\u0105 drapak dla kot\u00f3w idealny dla Twojego pupila. Koty uwielbiaj\u0105 nasze kartonowe drapaki. Sprawd\u017a nas!","robots":{"index":"index","follow":"follow","max-snippet":"max-snippet:-1","max-image-preview":"max-image-preview:large","max-video-preview":"max-video-preview:-1"},"canonical":"https:\/\/www.houseofcats.pl\/de\/shop\/drapak-dla-kotow-cat-hair\/","og_locale":"de_DE","og_type":"article","og_title":"Drapak dla kot\u00f3w Kratzbaum Cat Hair z nowoczesn\u0105 grafik\u0105 - Unikat!","og_description":"Wyj\u0105tkowy projekt i najwy\u017csza jako\u015b\u0107 wykonania tworz\u0105 drapak dla kot\u00f3w idealny dla Twojego pupila. Koty uwielbiaj\u0105 nasze kartonowe drapaki. Sprawd\u017a nas!","og_url":"https:\/\/www.houseofcats.pl\/de\/shop\/drapak-dla-kotow-cat-hair\/","og_site_name":"Sklep internetowy House of Cats","article_publisher":"https:\/\/www.facebook.com\/houseofcatspl","article_modified_time":"2021-03-16T09:46:31+00:00","og_image":[{"width":882,"height":882,"url":"http:\/\/www.houseofcats.pl\/wp-content\/uploads\/2016\/03\/thumb_12915137_1251151908245484_2018694817_o_1024-1.jpg","type":"image\/jpeg"}],"twitter_card":"summary_large_image","twitter_misc":{"Gesch\u00e4tzte Lesezeit":"1\u00a0Minute"},"schema":{"@context":"https:\/\/schema.org","@graph":[{"@type":"WebPage","@id":"https:\/\/www.houseofcats.pl\/de\/shop\/drapak-dla-kotow-cat-hair\/","url":"https:\/\/www.houseofcats.pl\/de\/shop\/drapak-dla-kotow-cat-hair\/","name":"Drapak dla kot\u00f3w Kratzbaum Cat Hair z nowoczesn\u0105 grafik\u0105 - Unikat!","isPartOf":{"@id":"https:\/\/www.houseofcats.pl\/de\/#website"},"primaryImageOfPage":{"@id":"https:\/\/www.houseofcats.pl\/de\/shop\/drapak-dla-kotow-cat-hair\/#primaryimage"},"image":{"@id":"https:\/\/www.houseofcats.pl\/de\/shop\/drapak-dla-kotow-cat-hair\/#primaryimage"},"thumbnailUrl":"https:\/\/www.houseofcats.pl\/wp-content\/uploads\/2016\/03\/thumb_12915137_1251151908245484_2018694817_o_1024-1.jpg","datePublished":"2016-03-30T21:28:22+00:00","dateModified":"2021-03-16T09:46:31+00:00","description":"Wyj\u0105tkowy projekt i najwy\u017csza jako\u015b\u0107 wykonania tworz\u0105 drapak dla kot\u00f3w idealny dla Twojego pupila. Koty uwielbiaj\u0105 nasze kartonowe drapaki. Sprawd\u017a nas!","breadcrumb":{"@id":"https:\/\/www.houseofcats.pl\/de\/shop\/drapak-dla-kotow-cat-hair\/#breadcrumb"},"inLanguage":"de","potentialAction":[{"@type":"ReadAction","target":["https:\/\/www.houseofcats.pl\/de\/shop\/drapak-dla-kotow-cat-hair\/"]}]},{"@type":"ImageObject","inLanguage":"de","@id":"https:\/\/www.houseofcats.pl\/de\/shop\/drapak-dla-kotow-cat-hair\/#primaryimage","url":"https:\/\/www.houseofcats.pl\/wp-content\/uploads\/2016\/03\/thumb_12915137_1251151908245484_2018694817_o_1024-1.jpg","contentUrl":"https:\/\/www.houseofcats.pl\/wp-content\/uploads\/2016\/03\/thumb_12915137_1251151908245484_2018694817_o_1024-1.jpg","width":882,"height":882},{"@type":"BreadcrumbList","@id":"https:\/\/www.houseofcats.pl\/de\/shop\/drapak-dla-kotow-cat-hair\/#breadcrumb","itemListElement":[{"@type":"ListItem","position":1,"name":"Strona g\u0142\u00f3wna","item":"https:\/\/www.houseofcats.pl\/de\/"},{"@type":"ListItem","position":2,"name":"Sklep","item":"https:\/\/www.houseofcats.pl\/sklep\/"},{"@type":"ListItem","position":3,"name":"Kratzbaum Cat Hair"}]},{"@type":"WebSite","@id":"https:\/\/www.houseofcats.pl\/de\/#website","url":"https:\/\/www.houseofcats.pl\/de\/","name":"Sklep internetowy House of Cats","description":"Drapaki dla kot\u00f3w","publisher":{"@id":"https:\/\/www.houseofcats.pl\/de\/#organization"},"potentialAction":[{"@type":"SearchAction","target":{"@type":"EntryPoint","urlTemplate":"https:\/\/www.houseofcats.pl\/de\/?s={search_term_string}"},"query-input":{"@type":"PropertyValueSpecification","valueRequired":true,"valueName":"search_term_string"}}],"inLanguage":"de"},{"@type":"Organization","@id":"https:\/\/www.houseofcats.pl\/de\/#organization","name":"Sklep internetowy House of Cats","url":"https:\/\/www.houseofcats.pl\/de\/","logo":{"@type":"ImageObject","inLanguage":"de","@id":"https:\/\/www.houseofcats.pl\/de\/#\/schema\/logo\/image\/","url":"https:\/\/www.houseofcats.pl\/wp-content\/uploads\/2024\/07\/Zrzut-ekranu-2017-07-11-o-23.35.44.png","contentUrl":"https:\/\/www.houseofcats.pl\/wp-content\/uploads\/2024\/07\/Zrzut-ekranu-2017-07-11-o-23.35.44.png","width":496,"height":474,"caption":"Sklep internetowy House of Cats"},"image":{"@id":"https:\/\/www.houseofcats.pl\/de\/#\/schema\/logo\/image\/"},"sameAs":["https:\/\/www.facebook.com\/houseofcatspl","https:\/\/www.instagram.com\/houseofcats.pl\/","https:\/\/www.youtube.com\/@houseofcats5403"]}]}},"_links":{"self":[{"href":"https:\/\/www.houseofcats.pl\/de\/wp-json\/wp\/v2\/product\/4201"}],"collection":[{"href":"https:\/\/www.houseofcats.pl\/de\/wp-json\/wp\/v2\/product"}],"about":[{"href":"https:\/\/www.houseofcats.pl\/de\/wp-json\/wp\/v2\/types\/product"}],"wp:featuredmedia":[{"embeddable":true,"href":"https:\/\/www.houseofcats.pl\/de\/wp-json\/wp\/v2\/media\/4215"}],"wp:attachment":[{"href":"https:\/\/www.houseofcats.pl\/de\/wp-json\/wp\/v2\/media?parent=4201"}],"wp:term":[{"taxonomy":"product_brand","embeddable":true,"href":"https:\/\/www.houseofcats.pl\/de\/wp-json\/wp\/v2\/product_brand?post=4201"},{"taxonomy":"product_cat","embeddable":true,"href":"https:\/\/www.houseofcats.pl\/de\/wp-json\/wp\/v2\/product_cat?post=4201"},{"taxonomy":"product_tag","embeddable":true,"href":"https:\/\/www.houseofcats.pl\/de\/wp-json\/wp\/v2\/product_tag?post=4201"}],"curies":[{"name":"wp","href":"https:\/\/api.w.org\/{rel}","templated":true}]}}