{"id":4221,"date":"2016-03-30T22:19:35","date_gmt":"2016-03-30T20:19:35","guid":{"rendered":"https:\/\/www.houseofcats.pl\/sklep\/drapak-dla-kotow-cat-eco\/"},"modified":"2021-03-04T13:49:16","modified_gmt":"2021-03-04T12:49:16","slug":"drapak-dla-kotow-cat-eco","status":"publish","type":"product","link":"https:\/\/www.houseofcats.pl\/de\/shop\/drapak-dla-kotow-cat-eco\/","title":{"rendered":"Kratzbaum Cat Eco"},"content":{"rendered":"<p class=\"Text\"><span lang=\"DE\">Der Kratzbaum, also der Lieblingsgegenstand der Katze! Jede Katze sollte einen eigenen Ort, der nur f\u00fcr sie bestimmt ist haben also wird der Kratzbaum House of Cats zu seinem Lieblingsort! Das H\u00e4uschen Cat Eco ist ein echtes \u201eEco-M\u00f6belst\u00fcck\u201c. Die Ausf\u00fchrung ist einmalig in ihrer modernen Ausf\u00fchrung. Die Kombination aus einfacher Form und Funktionalit\u00e4t ist eine vorher noch nie dagewesene Erscheinung im Bereich der Accessoires f\u00fcr Katzen. <\/span><\/p>\n<h3 class=\"Text\"><span lang=\"DE\">Der Platz im Kratzbaum ist ausreichend, selbst f\u00fcr gr\u00f6\u00dfere Katzen.<\/span><\/h3>\n<p class=\"Text\"><span lang=\"DE\">Ein besonderes Augenmerk verdienen die abgerundeten Ohren, die das besonderste Merkmal des Kratzbaumes sind. Die Front aus sch\u00f6nem braun-beigen Material verleiht ihm einzigartige Eleganz und Stil.<\/span><\/p>\n<hr \/>\n<p>Produktabmessungen Cat: T: 42 cm, B: 39 cm, H: 42 cm<\/p>\n<p>Gewicht 4,1 kg<\/p>\n","protected":false},"excerpt":{"rendered":"<p>Der Kratzbaum, also der Lieblingsgegenstand der Katze! Jede Katze sollte einen eigenen Ort, der nur f\u00fcr sie bestimmt ist haben also wird der Kratzbaum House of Cats zu seinem Lieblingsort! Das H\u00e4uschen Cat Eco ist ein echtes \u201eEco-M\u00f6belst\u00fcck\u201c. Die Ausf\u00fchrung ist einmalig in ihrer modernen Ausf\u00fchrung. Die Kombination aus einfacher Form und Funktionalit\u00e4t ist eine &hellip;<\/p>\n","protected":false},"featured_media":4224,"template":"","meta":{"_acf_changed":false},"product_brand":[],"product_cat":[159],"product_tag":[214,213,175,182,184,183],"class_list":{"0":"post-4221","1":"product","2":"type-product","3":"status-publish","4":"has-post-thumbnail","6":"product_cat-cat-de","7":"product_tag-budka-de","8":"product_tag-domek-dla-kota-de","9":"product_tag-drapak-de","10":"product_tag-kot-de","11":"product_tag-legowisko-de","12":"product_tag-tektura-de","14":"first","15":"instock","16":"taxable","17":"shipping-taxable","18":"purchasable","19":"product-type-simple"},"acf":[],"yoast_head":"<!-- This site is optimized with the Yoast SEO plugin v25.6 - https:\/\/yoast.com\/wordpress\/plugins\/seo\/ -->\n<title>Drapak Kratzbaum Cat Eco dla kot\u00f3w z indywidualn\u0105 grafik\u0105<\/title>\n<meta name=\"description\" content=\"Drapak Cat Eco zaprojektowany aby zapewni\u0107 kotom du\u017co dobrej zabawy oraz wygodne miejsce do le\u017cakowania. Drapak dla kot\u00f3w z wyj\u0105tkowym nadrukiem.\" \/>\n<meta name=\"robots\" content=\"index, follow, max-snippet:-1, max-image-preview:large, max-video-preview:-1\" \/>\n<link rel=\"canonical\" href=\"https:\/\/www.houseofcats.pl\/de\/shop\/drapak-dla-kotow-cat-eco\/\" \/>\n<meta property=\"og:locale\" content=\"de_DE\" \/>\n<meta property=\"og:type\" content=\"article\" \/>\n<meta property=\"og:title\" content=\"Drapak Kratzbaum Cat Eco dla kot\u00f3w z indywidualn\u0105 grafik\u0105\" \/>\n<meta property=\"og:description\" content=\"Drapak Cat Eco zaprojektowany aby zapewni\u0107 kotom du\u017co dobrej zabawy oraz wygodne miejsce do le\u017cakowania. Drapak dla kot\u00f3w z wyj\u0105tkowym nadrukiem.\" \/>\n<meta property=\"og:url\" content=\"https:\/\/www.houseofcats.pl\/de\/shop\/drapak-dla-kotow-cat-eco\/\" \/>\n<meta property=\"og:site_name\" content=\"Sklep internetowy House of Cats\" \/>\n<meta property=\"article:publisher\" content=\"https:\/\/www.facebook.com\/houseofcatspl\" \/>\n<meta property=\"article:modified_time\" content=\"2021-03-04T12:49:16+00:00\" \/>\n<meta property=\"og:image\" content=\"http:\/\/www.houseofcats.pl\/wp-content\/uploads\/2016\/03\/maly-plik.jpg\" \/>\n\t<meta property=\"og:image:width\" content=\"1024\" \/>\n\t<meta property=\"og:image:height\" content=\"1024\" \/>\n\t<meta property=\"og:image:type\" content=\"image\/jpeg\" \/>\n<meta name=\"twitter:card\" content=\"summary_large_image\" \/>\n<meta name=\"twitter:label1\" content=\"Gesch\u00e4tzte Lesezeit\" \/>\n\t<meta name=\"twitter:data1\" content=\"1\u00a0Minute\" \/>\n<script type=\"application\/ld+json\" class=\"yoast-schema-graph\">{\"@context\":\"https:\/\/schema.org\",\"@graph\":[{\"@type\":\"WebPage\",\"@id\":\"https:\/\/www.houseofcats.pl\/de\/shop\/drapak-dla-kotow-cat-eco\/\",\"url\":\"https:\/\/www.houseofcats.pl\/de\/shop\/drapak-dla-kotow-cat-eco\/\",\"name\":\"Drapak Kratzbaum Cat Eco dla kot\u00f3w z indywidualn\u0105 grafik\u0105\",\"isPartOf\":{\"@id\":\"https:\/\/www.houseofcats.pl\/de\/#website\"},\"primaryImageOfPage\":{\"@id\":\"https:\/\/www.houseofcats.pl\/de\/shop\/drapak-dla-kotow-cat-eco\/#primaryimage\"},\"image\":{\"@id\":\"https:\/\/www.houseofcats.pl\/de\/shop\/drapak-dla-kotow-cat-eco\/#primaryimage\"},\"thumbnailUrl\":\"https:\/\/www.houseofcats.pl\/wp-content\/uploads\/2016\/03\/maly-plik.jpg\",\"datePublished\":\"2016-03-30T20:19:35+00:00\",\"dateModified\":\"2021-03-04T12:49:16+00:00\",\"description\":\"Drapak Cat Eco zaprojektowany aby zapewni\u0107 kotom du\u017co dobrej zabawy oraz wygodne miejsce do le\u017cakowania. Drapak dla kot\u00f3w z wyj\u0105tkowym nadrukiem.\",\"breadcrumb\":{\"@id\":\"https:\/\/www.houseofcats.pl\/de\/shop\/drapak-dla-kotow-cat-eco\/#breadcrumb\"},\"inLanguage\":\"de\",\"potentialAction\":[{\"@type\":\"ReadAction\",\"target\":[\"https:\/\/www.houseofcats.pl\/de\/shop\/drapak-dla-kotow-cat-eco\/\"]}]},{\"@type\":\"ImageObject\",\"inLanguage\":\"de\",\"@id\":\"https:\/\/www.houseofcats.pl\/de\/shop\/drapak-dla-kotow-cat-eco\/#primaryimage\",\"url\":\"https:\/\/www.houseofcats.pl\/wp-content\/uploads\/2016\/03\/maly-plik.jpg\",\"contentUrl\":\"https:\/\/www.houseofcats.pl\/wp-content\/uploads\/2016\/03\/maly-plik.jpg\",\"width\":1024,\"height\":1024},{\"@type\":\"BreadcrumbList\",\"@id\":\"https:\/\/www.houseofcats.pl\/de\/shop\/drapak-dla-kotow-cat-eco\/#breadcrumb\",\"itemListElement\":[{\"@type\":\"ListItem\",\"position\":1,\"name\":\"Strona g\u0142\u00f3wna\",\"item\":\"https:\/\/www.houseofcats.pl\/de\/\"},{\"@type\":\"ListItem\",\"position\":2,\"name\":\"Sklep\",\"item\":\"https:\/\/www.houseofcats.pl\/sklep\/\"},{\"@type\":\"ListItem\",\"position\":3,\"name\":\"Kratzbaum Cat Eco\"}]},{\"@type\":\"WebSite\",\"@id\":\"https:\/\/www.houseofcats.pl\/de\/#website\",\"url\":\"https:\/\/www.houseofcats.pl\/de\/\",\"name\":\"Sklep internetowy House of Cats\",\"description\":\"Drapaki dla kot\u00f3w\",\"publisher\":{\"@id\":\"https:\/\/www.houseofcats.pl\/de\/#organization\"},\"potentialAction\":[{\"@type\":\"SearchAction\",\"target\":{\"@type\":\"EntryPoint\",\"urlTemplate\":\"https:\/\/www.houseofcats.pl\/de\/?s={search_term_string}\"},\"query-input\":{\"@type\":\"PropertyValueSpecification\",\"valueRequired\":true,\"valueName\":\"search_term_string\"}}],\"inLanguage\":\"de\"},{\"@type\":\"Organization\",\"@id\":\"https:\/\/www.houseofcats.pl\/de\/#organization\",\"name\":\"Sklep internetowy House of Cats\",\"url\":\"https:\/\/www.houseofcats.pl\/de\/\",\"logo\":{\"@type\":\"ImageObject\",\"inLanguage\":\"de\",\"@id\":\"https:\/\/www.houseofcats.pl\/de\/#\/schema\/logo\/image\/\",\"url\":\"https:\/\/www.houseofcats.pl\/wp-content\/uploads\/2024\/07\/Zrzut-ekranu-2017-07-11-o-23.35.44.png\",\"contentUrl\":\"https:\/\/www.houseofcats.pl\/wp-content\/uploads\/2024\/07\/Zrzut-ekranu-2017-07-11-o-23.35.44.png\",\"width\":496,\"height\":474,\"caption\":\"Sklep internetowy House of Cats\"},\"image\":{\"@id\":\"https:\/\/www.houseofcats.pl\/de\/#\/schema\/logo\/image\/\"},\"sameAs\":[\"https:\/\/www.facebook.com\/houseofcatspl\",\"https:\/\/www.instagram.com\/houseofcats.pl\/\",\"https:\/\/www.youtube.com\/@houseofcats5403\"]}]}<\/script>\n<!-- \/ Yoast SEO plugin. -->","yoast_head_json":{"title":"Drapak Kratzbaum Cat Eco dla kot\u00f3w z indywidualn\u0105 grafik\u0105","description":"Drapak Cat Eco zaprojektowany aby zapewni\u0107 kotom du\u017co dobrej zabawy oraz wygodne miejsce do le\u017cakowania. Drapak dla kot\u00f3w z wyj\u0105tkowym nadrukiem.","robots":{"index":"index","follow":"follow","max-snippet":"max-snippet:-1","max-image-preview":"max-image-preview:large","max-video-preview":"max-video-preview:-1"},"canonical":"https:\/\/www.houseofcats.pl\/de\/shop\/drapak-dla-kotow-cat-eco\/","og_locale":"de_DE","og_type":"article","og_title":"Drapak Kratzbaum Cat Eco dla kot\u00f3w z indywidualn\u0105 grafik\u0105","og_description":"Drapak Cat Eco zaprojektowany aby zapewni\u0107 kotom du\u017co dobrej zabawy oraz wygodne miejsce do le\u017cakowania. Drapak dla kot\u00f3w z wyj\u0105tkowym nadrukiem.","og_url":"https:\/\/www.houseofcats.pl\/de\/shop\/drapak-dla-kotow-cat-eco\/","og_site_name":"Sklep internetowy House of Cats","article_publisher":"https:\/\/www.facebook.com\/houseofcatspl","article_modified_time":"2021-03-04T12:49:16+00:00","og_image":[{"width":1024,"height":1024,"url":"http:\/\/www.houseofcats.pl\/wp-content\/uploads\/2016\/03\/maly-plik.jpg","type":"image\/jpeg"}],"twitter_card":"summary_large_image","twitter_misc":{"Gesch\u00e4tzte Lesezeit":"1\u00a0Minute"},"schema":{"@context":"https:\/\/schema.org","@graph":[{"@type":"WebPage","@id":"https:\/\/www.houseofcats.pl\/de\/shop\/drapak-dla-kotow-cat-eco\/","url":"https:\/\/www.houseofcats.pl\/de\/shop\/drapak-dla-kotow-cat-eco\/","name":"Drapak Kratzbaum Cat Eco dla kot\u00f3w z indywidualn\u0105 grafik\u0105","isPartOf":{"@id":"https:\/\/www.houseofcats.pl\/de\/#website"},"primaryImageOfPage":{"@id":"https:\/\/www.houseofcats.pl\/de\/shop\/drapak-dla-kotow-cat-eco\/#primaryimage"},"image":{"@id":"https:\/\/www.houseofcats.pl\/de\/shop\/drapak-dla-kotow-cat-eco\/#primaryimage"},"thumbnailUrl":"https:\/\/www.houseofcats.pl\/wp-content\/uploads\/2016\/03\/maly-plik.jpg","datePublished":"2016-03-30T20:19:35+00:00","dateModified":"2021-03-04T12:49:16+00:00","description":"Drapak Cat Eco zaprojektowany aby zapewni\u0107 kotom du\u017co dobrej zabawy oraz wygodne miejsce do le\u017cakowania. Drapak dla kot\u00f3w z wyj\u0105tkowym nadrukiem.","breadcrumb":{"@id":"https:\/\/www.houseofcats.pl\/de\/shop\/drapak-dla-kotow-cat-eco\/#breadcrumb"},"inLanguage":"de","potentialAction":[{"@type":"ReadAction","target":["https:\/\/www.houseofcats.pl\/de\/shop\/drapak-dla-kotow-cat-eco\/"]}]},{"@type":"ImageObject","inLanguage":"de","@id":"https:\/\/www.houseofcats.pl\/de\/shop\/drapak-dla-kotow-cat-eco\/#primaryimage","url":"https:\/\/www.houseofcats.pl\/wp-content\/uploads\/2016\/03\/maly-plik.jpg","contentUrl":"https:\/\/www.houseofcats.pl\/wp-content\/uploads\/2016\/03\/maly-plik.jpg","width":1024,"height":1024},{"@type":"BreadcrumbList","@id":"https:\/\/www.houseofcats.pl\/de\/shop\/drapak-dla-kotow-cat-eco\/#breadcrumb","itemListElement":[{"@type":"ListItem","position":1,"name":"Strona g\u0142\u00f3wna","item":"https:\/\/www.houseofcats.pl\/de\/"},{"@type":"ListItem","position":2,"name":"Sklep","item":"https:\/\/www.houseofcats.pl\/sklep\/"},{"@type":"ListItem","position":3,"name":"Kratzbaum Cat Eco"}]},{"@type":"WebSite","@id":"https:\/\/www.houseofcats.pl\/de\/#website","url":"https:\/\/www.houseofcats.pl\/de\/","name":"Sklep internetowy House of Cats","description":"Drapaki dla kot\u00f3w","publisher":{"@id":"https:\/\/www.houseofcats.pl\/de\/#organization"},"potentialAction":[{"@type":"SearchAction","target":{"@type":"EntryPoint","urlTemplate":"https:\/\/www.houseofcats.pl\/de\/?s={search_term_string}"},"query-input":{"@type":"PropertyValueSpecification","valueRequired":true,"valueName":"search_term_string"}}],"inLanguage":"de"},{"@type":"Organization","@id":"https:\/\/www.houseofcats.pl\/de\/#organization","name":"Sklep internetowy House of Cats","url":"https:\/\/www.houseofcats.pl\/de\/","logo":{"@type":"ImageObject","inLanguage":"de","@id":"https:\/\/www.houseofcats.pl\/de\/#\/schema\/logo\/image\/","url":"https:\/\/www.houseofcats.pl\/wp-content\/uploads\/2024\/07\/Zrzut-ekranu-2017-07-11-o-23.35.44.png","contentUrl":"https:\/\/www.houseofcats.pl\/wp-content\/uploads\/2024\/07\/Zrzut-ekranu-2017-07-11-o-23.35.44.png","width":496,"height":474,"caption":"Sklep internetowy House of Cats"},"image":{"@id":"https:\/\/www.houseofcats.pl\/de\/#\/schema\/logo\/image\/"},"sameAs":["https:\/\/www.facebook.com\/houseofcatspl","https:\/\/www.instagram.com\/houseofcats.pl\/","https:\/\/www.youtube.com\/@houseofcats5403"]}]}},"_links":{"self":[{"href":"https:\/\/www.houseofcats.pl\/de\/wp-json\/wp\/v2\/product\/4221"}],"collection":[{"href":"https:\/\/www.houseofcats.pl\/de\/wp-json\/wp\/v2\/product"}],"about":[{"href":"https:\/\/www.houseofcats.pl\/de\/wp-json\/wp\/v2\/types\/product"}],"wp:featuredmedia":[{"embeddable":true,"href":"https:\/\/www.houseofcats.pl\/de\/wp-json\/wp\/v2\/media\/4224"}],"wp:attachment":[{"href":"https:\/\/www.houseofcats.pl\/de\/wp-json\/wp\/v2\/media?parent=4221"}],"wp:term":[{"taxonomy":"product_brand","embeddable":true,"href":"https:\/\/www.houseofcats.pl\/de\/wp-json\/wp\/v2\/product_brand?post=4221"},{"taxonomy":"product_cat","embeddable":true,"href":"https:\/\/www.houseofcats.pl\/de\/wp-json\/wp\/v2\/product_cat?post=4221"},{"taxonomy":"product_tag","embeddable":true,"href":"https:\/\/www.houseofcats.pl\/de\/wp-json\/wp\/v2\/product_tag?post=4221"}],"curies":[{"name":"wp","href":"https:\/\/api.w.org\/{rel}","templated":true}]}}