{"id":4369,"date":"2021-03-19T09:24:07","date_gmt":"2021-03-19T08:24:07","guid":{"rendered":"https:\/\/www.houseofcats.pl\/?post_type=product&#038;p=4369"},"modified":"2025-10-28T12:47:14","modified_gmt":"2025-10-28T11:47:14","slug":"comfy-easter","status":"publish","type":"product","link":"https:\/\/www.houseofcats.pl\/de\/sklep\/comfy-easter\/","title":{"rendered":"Drapak dla kota Comfy Easter"},"content":{"rendered":"<p>Comfy Easter, czyli \u015bwi\u0105teczna propozycja od House of Cats dla wszystkich, kt\u00f3rzy chcieliby aby do ich podopiecznych r\u00f3wnie\u017c przyszed\u0142 zaj\u0105czek!<\/p>\n<h3>Wytrzyma\u0142y drapak na ka\u017cde kocie pazurki<\/h3>\n<p>Wysoka jako\u015b\u0107 tektury i solidne wykonanie sprawiaj\u0105, \u017ce nawet najostrzejsze pazurki nie s\u0105 w stanie go zniszczy\u0107. Sp\u0142aszczony ergonomiczny kszta\u0142t zapewni doskona\u0142y odpoczynek.<\/p>\n<hr \/>\n<p>Wymiary drapak\u00f3w Comfy: G\u0142: 27 cm, Sz: 50 cm, W: 9 cm<\/p>\n<p>Waga 1,1 kg<\/p>\n","protected":false},"excerpt":{"rendered":"<p>Comfy Easter, czyli \u015bwi\u0105teczna propozycja od House of Cats dla wszystkich tych, kt\u00f3rzy chcieliby aby do ich podopiecznych r\u00f3wnie\u017c przyszed\u0142 zaj\u0105czek!<\/p>\n<p>Wysy\u0142ka w 24h<br \/>\nKoszt dostawy \u2013 17 z\u0142<br \/>\nDarmowa wysy\u0142ka od 350 z\u0142<\/p>\n","protected":false},"featured_media":4370,"template":"","meta":{"_acf_changed":false},"product_brand":[],"product_cat":[87],"product_tag":[],"class_list":{"0":"post-4369","1":"product","2":"type-product","3":"status-publish","4":"has-post-thumbnail","6":"product_cat-comfy","8":"first","9":"outofstock","10":"taxable","11":"shipping-taxable","12":"purchasable","13":"product-type-simple"},"acf":[],"yoast_head":"<!-- This site is optimized with the Yoast SEO plugin v25.6 - https:\/\/yoast.com\/wordpress\/plugins\/seo\/ -->\n<title>Drapak dla kota z funkcj\u0105 le\u017canki \u2013 Comfy Easter<\/title>\n<meta name=\"description\" content=\"Drapak dla kota z motywem Wielkanocnym. Z pewno\u015bci\u0105 umili \u015bwi\u0119ta wszystkim domownikom zerkaj\u0105cym na zadowolonego drapi\u0105cego kota.\" \/>\n<meta name=\"robots\" content=\"index, follow, max-snippet:-1, max-image-preview:large, max-video-preview:-1\" \/>\n<link rel=\"canonical\" href=\"https:\/\/www.houseofcats.pl\/de\/sklep\/comfy-easter\/\" \/>\n<meta property=\"og:locale\" content=\"de_DE\" \/>\n<meta property=\"og:type\" content=\"article\" \/>\n<meta property=\"og:title\" content=\"Drapak dla kota z funkcj\u0105 le\u017canki \u2013 Comfy Easter\" \/>\n<meta property=\"og:description\" content=\"Drapak dla kota z motywem Wielkanocnym. Z pewno\u015bci\u0105 umili \u015bwi\u0119ta wszystkim domownikom zerkaj\u0105cym na zadowolonego drapi\u0105cego kota.\" \/>\n<meta property=\"og:url\" content=\"https:\/\/www.houseofcats.pl\/de\/sklep\/comfy-easter\/\" \/>\n<meta property=\"og:site_name\" content=\"Sklep internetowy House of Cats\" \/>\n<meta property=\"article:publisher\" content=\"https:\/\/www.facebook.com\/houseofcatspl\" \/>\n<meta property=\"article:modified_time\" content=\"2025-10-28T11:47:14+00:00\" \/>\n<meta property=\"og:image\" content=\"https:\/\/www.houseofcats.pl\/wp-content\/uploads\/2021\/03\/comfy_easter.jpg\" \/>\n\t<meta property=\"og:image:width\" content=\"960\" \/>\n\t<meta property=\"og:image:height\" content=\"960\" \/>\n\t<meta property=\"og:image:type\" content=\"image\/jpeg\" \/>\n<meta name=\"twitter:card\" content=\"summary_large_image\" \/>\n<meta name=\"twitter:label1\" content=\"Gesch\u00e4tzte Lesezeit\" \/>\n\t<meta name=\"twitter:data1\" content=\"1\u00a0Minute\" \/>\n<script type=\"application\/ld+json\" class=\"yoast-schema-graph\">{\"@context\":\"https:\/\/schema.org\",\"@graph\":[{\"@type\":\"WebPage\",\"@id\":\"https:\/\/www.houseofcats.pl\/de\/sklep\/comfy-easter\/\",\"url\":\"https:\/\/www.houseofcats.pl\/de\/sklep\/comfy-easter\/\",\"name\":\"Drapak dla kota z funkcj\u0105 le\u017canki \u2013 Comfy Easter\",\"isPartOf\":{\"@id\":\"https:\/\/www.houseofcats.pl\/de\/#website\"},\"primaryImageOfPage\":{\"@id\":\"https:\/\/www.houseofcats.pl\/de\/sklep\/comfy-easter\/#primaryimage\"},\"image\":{\"@id\":\"https:\/\/www.houseofcats.pl\/de\/sklep\/comfy-easter\/#primaryimage\"},\"thumbnailUrl\":\"https:\/\/www.houseofcats.pl\/wp-content\/uploads\/2021\/03\/comfy_easter.jpg\",\"datePublished\":\"2021-03-19T08:24:07+00:00\",\"dateModified\":\"2025-10-28T11:47:14+00:00\",\"description\":\"Drapak dla kota z motywem Wielkanocnym. Z pewno\u015bci\u0105 umili \u015bwi\u0119ta wszystkim domownikom zerkaj\u0105cym na zadowolonego drapi\u0105cego kota.\",\"breadcrumb\":{\"@id\":\"https:\/\/www.houseofcats.pl\/de\/sklep\/comfy-easter\/#breadcrumb\"},\"inLanguage\":\"de\",\"potentialAction\":[{\"@type\":\"ReadAction\",\"target\":[\"https:\/\/www.houseofcats.pl\/de\/sklep\/comfy-easter\/\"]}]},{\"@type\":\"ImageObject\",\"inLanguage\":\"de\",\"@id\":\"https:\/\/www.houseofcats.pl\/de\/sklep\/comfy-easter\/#primaryimage\",\"url\":\"https:\/\/www.houseofcats.pl\/wp-content\/uploads\/2021\/03\/comfy_easter.jpg\",\"contentUrl\":\"https:\/\/www.houseofcats.pl\/wp-content\/uploads\/2021\/03\/comfy_easter.jpg\",\"width\":960,\"height\":960},{\"@type\":\"BreadcrumbList\",\"@id\":\"https:\/\/www.houseofcats.pl\/de\/sklep\/comfy-easter\/#breadcrumb\",\"itemListElement\":[{\"@type\":\"ListItem\",\"position\":1,\"name\":\"Strona g\u0142\u00f3wna\",\"item\":\"https:\/\/www.houseofcats.pl\/de\/\"},{\"@type\":\"ListItem\",\"position\":2,\"name\":\"Sklep\",\"item\":\"https:\/\/www.houseofcats.pl\/sklep\/\"},{\"@type\":\"ListItem\",\"position\":3,\"name\":\"Drapak dla kota Comfy Easter\"}]},{\"@type\":\"WebSite\",\"@id\":\"https:\/\/www.houseofcats.pl\/de\/#website\",\"url\":\"https:\/\/www.houseofcats.pl\/de\/\",\"name\":\"Sklep internetowy House of Cats\",\"description\":\"Drapaki dla kot\u00f3w\",\"publisher\":{\"@id\":\"https:\/\/www.houseofcats.pl\/de\/#organization\"},\"potentialAction\":[{\"@type\":\"SearchAction\",\"target\":{\"@type\":\"EntryPoint\",\"urlTemplate\":\"https:\/\/www.houseofcats.pl\/de\/?s={search_term_string}\"},\"query-input\":{\"@type\":\"PropertyValueSpecification\",\"valueRequired\":true,\"valueName\":\"search_term_string\"}}],\"inLanguage\":\"de\"},{\"@type\":\"Organization\",\"@id\":\"https:\/\/www.houseofcats.pl\/de\/#organization\",\"name\":\"Sklep internetowy House of Cats\",\"url\":\"https:\/\/www.houseofcats.pl\/de\/\",\"logo\":{\"@type\":\"ImageObject\",\"inLanguage\":\"de\",\"@id\":\"https:\/\/www.houseofcats.pl\/de\/#\/schema\/logo\/image\/\",\"url\":\"https:\/\/www.houseofcats.pl\/wp-content\/uploads\/2024\/07\/Zrzut-ekranu-2017-07-11-o-23.35.44.png\",\"contentUrl\":\"https:\/\/www.houseofcats.pl\/wp-content\/uploads\/2024\/07\/Zrzut-ekranu-2017-07-11-o-23.35.44.png\",\"width\":496,\"height\":474,\"caption\":\"Sklep internetowy House of Cats\"},\"image\":{\"@id\":\"https:\/\/www.houseofcats.pl\/de\/#\/schema\/logo\/image\/\"},\"sameAs\":[\"https:\/\/www.facebook.com\/houseofcatspl\",\"https:\/\/www.instagram.com\/houseofcats.pl\/\",\"https:\/\/www.youtube.com\/@houseofcats5403\"]}]}<\/script>\n<!-- \/ Yoast SEO plugin. -->","yoast_head_json":{"title":"Drapak dla kota z funkcj\u0105 le\u017canki \u2013 Comfy Easter","description":"Drapak dla kota z motywem Wielkanocnym. Z pewno\u015bci\u0105 umili \u015bwi\u0119ta wszystkim domownikom zerkaj\u0105cym na zadowolonego drapi\u0105cego kota.","robots":{"index":"index","follow":"follow","max-snippet":"max-snippet:-1","max-image-preview":"max-image-preview:large","max-video-preview":"max-video-preview:-1"},"canonical":"https:\/\/www.houseofcats.pl\/de\/sklep\/comfy-easter\/","og_locale":"de_DE","og_type":"article","og_title":"Drapak dla kota z funkcj\u0105 le\u017canki \u2013 Comfy Easter","og_description":"Drapak dla kota z motywem Wielkanocnym. Z pewno\u015bci\u0105 umili \u015bwi\u0119ta wszystkim domownikom zerkaj\u0105cym na zadowolonego drapi\u0105cego kota.","og_url":"https:\/\/www.houseofcats.pl\/de\/sklep\/comfy-easter\/","og_site_name":"Sklep internetowy House of Cats","article_publisher":"https:\/\/www.facebook.com\/houseofcatspl","article_modified_time":"2025-10-28T11:47:14+00:00","og_image":[{"width":960,"height":960,"url":"https:\/\/www.houseofcats.pl\/wp-content\/uploads\/2021\/03\/comfy_easter.jpg","type":"image\/jpeg"}],"twitter_card":"summary_large_image","twitter_misc":{"Gesch\u00e4tzte Lesezeit":"1\u00a0Minute"},"schema":{"@context":"https:\/\/schema.org","@graph":[{"@type":"WebPage","@id":"https:\/\/www.houseofcats.pl\/de\/sklep\/comfy-easter\/","url":"https:\/\/www.houseofcats.pl\/de\/sklep\/comfy-easter\/","name":"Drapak dla kota z funkcj\u0105 le\u017canki \u2013 Comfy Easter","isPartOf":{"@id":"https:\/\/www.houseofcats.pl\/de\/#website"},"primaryImageOfPage":{"@id":"https:\/\/www.houseofcats.pl\/de\/sklep\/comfy-easter\/#primaryimage"},"image":{"@id":"https:\/\/www.houseofcats.pl\/de\/sklep\/comfy-easter\/#primaryimage"},"thumbnailUrl":"https:\/\/www.houseofcats.pl\/wp-content\/uploads\/2021\/03\/comfy_easter.jpg","datePublished":"2021-03-19T08:24:07+00:00","dateModified":"2025-10-28T11:47:14+00:00","description":"Drapak dla kota z motywem Wielkanocnym. Z pewno\u015bci\u0105 umili \u015bwi\u0119ta wszystkim domownikom zerkaj\u0105cym na zadowolonego drapi\u0105cego kota.","breadcrumb":{"@id":"https:\/\/www.houseofcats.pl\/de\/sklep\/comfy-easter\/#breadcrumb"},"inLanguage":"de","potentialAction":[{"@type":"ReadAction","target":["https:\/\/www.houseofcats.pl\/de\/sklep\/comfy-easter\/"]}]},{"@type":"ImageObject","inLanguage":"de","@id":"https:\/\/www.houseofcats.pl\/de\/sklep\/comfy-easter\/#primaryimage","url":"https:\/\/www.houseofcats.pl\/wp-content\/uploads\/2021\/03\/comfy_easter.jpg","contentUrl":"https:\/\/www.houseofcats.pl\/wp-content\/uploads\/2021\/03\/comfy_easter.jpg","width":960,"height":960},{"@type":"BreadcrumbList","@id":"https:\/\/www.houseofcats.pl\/de\/sklep\/comfy-easter\/#breadcrumb","itemListElement":[{"@type":"ListItem","position":1,"name":"Strona g\u0142\u00f3wna","item":"https:\/\/www.houseofcats.pl\/de\/"},{"@type":"ListItem","position":2,"name":"Sklep","item":"https:\/\/www.houseofcats.pl\/sklep\/"},{"@type":"ListItem","position":3,"name":"Drapak dla kota Comfy Easter"}]},{"@type":"WebSite","@id":"https:\/\/www.houseofcats.pl\/de\/#website","url":"https:\/\/www.houseofcats.pl\/de\/","name":"Sklep internetowy House of Cats","description":"Drapaki dla kot\u00f3w","publisher":{"@id":"https:\/\/www.houseofcats.pl\/de\/#organization"},"potentialAction":[{"@type":"SearchAction","target":{"@type":"EntryPoint","urlTemplate":"https:\/\/www.houseofcats.pl\/de\/?s={search_term_string}"},"query-input":{"@type":"PropertyValueSpecification","valueRequired":true,"valueName":"search_term_string"}}],"inLanguage":"de"},{"@type":"Organization","@id":"https:\/\/www.houseofcats.pl\/de\/#organization","name":"Sklep internetowy House of Cats","url":"https:\/\/www.houseofcats.pl\/de\/","logo":{"@type":"ImageObject","inLanguage":"de","@id":"https:\/\/www.houseofcats.pl\/de\/#\/schema\/logo\/image\/","url":"https:\/\/www.houseofcats.pl\/wp-content\/uploads\/2024\/07\/Zrzut-ekranu-2017-07-11-o-23.35.44.png","contentUrl":"https:\/\/www.houseofcats.pl\/wp-content\/uploads\/2024\/07\/Zrzut-ekranu-2017-07-11-o-23.35.44.png","width":496,"height":474,"caption":"Sklep internetowy House of Cats"},"image":{"@id":"https:\/\/www.houseofcats.pl\/de\/#\/schema\/logo\/image\/"},"sameAs":["https:\/\/www.facebook.com\/houseofcatspl","https:\/\/www.instagram.com\/houseofcats.pl\/","https:\/\/www.youtube.com\/@houseofcats5403"]}]}},"_links":{"self":[{"href":"https:\/\/www.houseofcats.pl\/de\/wp-json\/wp\/v2\/product\/4369"}],"collection":[{"href":"https:\/\/www.houseofcats.pl\/de\/wp-json\/wp\/v2\/product"}],"about":[{"href":"https:\/\/www.houseofcats.pl\/de\/wp-json\/wp\/v2\/types\/product"}],"wp:featuredmedia":[{"embeddable":true,"href":"https:\/\/www.houseofcats.pl\/de\/wp-json\/wp\/v2\/media\/4370"}],"wp:attachment":[{"href":"https:\/\/www.houseofcats.pl\/de\/wp-json\/wp\/v2\/media?parent=4369"}],"wp:term":[{"taxonomy":"product_brand","embeddable":true,"href":"https:\/\/www.houseofcats.pl\/de\/wp-json\/wp\/v2\/product_brand?post=4369"},{"taxonomy":"product_cat","embeddable":true,"href":"https:\/\/www.houseofcats.pl\/de\/wp-json\/wp\/v2\/product_cat?post=4369"},{"taxonomy":"product_tag","embeddable":true,"href":"https:\/\/www.houseofcats.pl\/de\/wp-json\/wp\/v2\/product_tag?post=4369"}],"curies":[{"name":"wp","href":"https:\/\/api.w.org\/{rel}","templated":true}]}}