{"id":4874,"date":"2017-03-27T23:49:16","date_gmt":"2021-11-22T13:30:58","guid":{"rendered":"https:\/\/www.houseofcats.pl\/?post_type=product&#038;p=4874"},"modified":"2021-11-22T14:30:58","modified_gmt":"2021-11-22T13:30:58","slug":"flat-easter-i","status":"publish","type":"product","link":"https:\/\/www.houseofcats.pl\/de\/shop\/flat-easter-i\/","title":{"rendered":"Flat Easter I"},"content":{"rendered":"<p>Was f\u00fcr ein bisschen f\u00fcr die Katzenkrallen, der Flat Easter I. Kratzbaum. Die Katzen haben auch besondere Dinge verdient, weshalb die Designer alles daran gesetzt haben, dass der Kratzbaum nicht nur funktional ist, sondern auch in einem weihnachtlichen Ambiente gut aussieht.<\/p>\n<h3>Ein harter Kratzer f\u00fcr alle Katzenkrallen<\/h3>\n<p>Es erm\u00f6glicht auch ein lang anhaltendes Kratzen, und die hohe Qualit\u00e4t des Materials und die solide Verarbeitung machen selbst die sch\u00e4rfsten Krallen unf\u00e4hig, es zu zerst\u00f6ren. Abgeflachte Form und ausreichend gro\u00df &#8211; der Scratcher wurde f\u00fcr alle Katzen entwickelt, unabh\u00e4ngig davon, ob es sich um gro\u00dfe m\u00e4nnliche oder kleine K\u00e4tzchen handelt.<\/p>\n<hr \/>\n<p>Abmessungen der Wohnung: G\u0142: 42 cm, Sz: 25 cm, B: 9 cm<\/p>\n<p>Gewicht 1,4 kg<\/p>\n","protected":false},"excerpt":{"rendered":"<p>Was f\u00fcr ein bisschen f\u00fcr die Katzenkrallen, der Flat Easter I. Kratzbaum. Die Katzen haben auch besondere Dinge verdient, weshalb die Designer alles daran gesetzt haben, dass der Kratzbaum nicht nur funktional ist, sondern auch in einem weihnachtlichen Ambiente gut aussieht. Ein harter Kratzer f\u00fcr alle Katzenkrallen Es erm\u00f6glicht auch ein lang anhaltendes Kratzen, und &hellip;<\/p>\n","protected":false},"featured_media":4885,"template":"","meta":{"_acf_changed":false},"product_brand":[],"product_cat":[201],"product_tag":[175,182,184,185,183],"class_list":{"0":"post-4874","1":"product","2":"type-product","3":"status-publish","4":"has-post-thumbnail","6":"product_cat-flat-de","7":"product_tag-drapak-de","8":"product_tag-kot-de","9":"product_tag-legowisko-de","10":"product_tag-lezanka-de","11":"product_tag-tektura-de","13":"first","14":"outofstock","15":"taxable","16":"shipping-taxable","17":"purchasable","18":"product-type-simple"},"acf":[],"yoast_head":"<!-- This site is optimized with the Yoast SEO plugin v25.6 - https:\/\/yoast.com\/wordpress\/plugins\/seo\/ -->\n<title>Flat Easter I | Sklep internetowy House of Cats<\/title>\n<meta name=\"robots\" content=\"index, follow, max-snippet:-1, max-image-preview:large, max-video-preview:-1\" \/>\n<link rel=\"canonical\" href=\"https:\/\/www.houseofcats.pl\/de\/shop\/flat-easter-i\/\" \/>\n<meta property=\"og:locale\" content=\"de_DE\" \/>\n<meta property=\"og:type\" content=\"article\" \/>\n<meta property=\"og:title\" content=\"Flat Easter I | Sklep internetowy House of Cats\" \/>\n<meta property=\"og:description\" content=\"Was f\u00fcr ein bisschen f\u00fcr die Katzenkrallen, der Flat Easter I. Kratzbaum. Die Katzen haben auch besondere Dinge verdient, weshalb die Designer alles daran gesetzt haben, dass der Kratzbaum nicht nur funktional ist, sondern auch in einem weihnachtlichen Ambiente gut aussieht. Ein harter Kratzer f\u00fcr alle Katzenkrallen Es erm\u00f6glicht auch ein lang anhaltendes Kratzen, und &hellip;\" \/>\n<meta property=\"og:url\" content=\"https:\/\/www.houseofcats.pl\/de\/shop\/flat-easter-i\/\" \/>\n<meta property=\"og:site_name\" content=\"Sklep internetowy House of Cats\" \/>\n<meta property=\"article:publisher\" content=\"https:\/\/www.facebook.com\/houseofcatspl\" \/>\n<meta property=\"og:image\" content=\"http:\/\/www.houseofcats.pl\/wp-content\/uploads\/2017\/03\/WN3_5170-1.png\" \/>\n\t<meta property=\"og:image:width\" content=\"907\" \/>\n\t<meta property=\"og:image:height\" content=\"907\" \/>\n\t<meta property=\"og:image:type\" content=\"image\/png\" \/>\n<meta name=\"twitter:card\" content=\"summary_large_image\" \/>\n<meta name=\"twitter:label1\" content=\"Gesch\u00e4tzte Lesezeit\" \/>\n\t<meta name=\"twitter:data1\" content=\"1\u00a0Minute\" \/>\n<script type=\"application\/ld+json\" class=\"yoast-schema-graph\">{\"@context\":\"https:\/\/schema.org\",\"@graph\":[{\"@type\":\"WebPage\",\"@id\":\"https:\/\/www.houseofcats.pl\/de\/shop\/flat-easter-i\/\",\"url\":\"https:\/\/www.houseofcats.pl\/de\/shop\/flat-easter-i\/\",\"name\":\"Flat Easter I | Sklep internetowy House of Cats\",\"isPartOf\":{\"@id\":\"https:\/\/www.houseofcats.pl\/de\/#website\"},\"primaryImageOfPage\":{\"@id\":\"https:\/\/www.houseofcats.pl\/de\/shop\/flat-easter-i\/#primaryimage\"},\"image\":{\"@id\":\"https:\/\/www.houseofcats.pl\/de\/shop\/flat-easter-i\/#primaryimage\"},\"thumbnailUrl\":\"https:\/\/www.houseofcats.pl\/wp-content\/uploads\/2017\/03\/WN3_5170-1.png\",\"datePublished\":\"2021-11-22T13:30:58+00:00\",\"breadcrumb\":{\"@id\":\"https:\/\/www.houseofcats.pl\/de\/shop\/flat-easter-i\/#breadcrumb\"},\"inLanguage\":\"de\",\"potentialAction\":[{\"@type\":\"ReadAction\",\"target\":[\"https:\/\/www.houseofcats.pl\/de\/shop\/flat-easter-i\/\"]}]},{\"@type\":\"ImageObject\",\"inLanguage\":\"de\",\"@id\":\"https:\/\/www.houseofcats.pl\/de\/shop\/flat-easter-i\/#primaryimage\",\"url\":\"https:\/\/www.houseofcats.pl\/wp-content\/uploads\/2017\/03\/WN3_5170-1.png\",\"contentUrl\":\"https:\/\/www.houseofcats.pl\/wp-content\/uploads\/2017\/03\/WN3_5170-1.png\",\"width\":907,\"height\":907},{\"@type\":\"BreadcrumbList\",\"@id\":\"https:\/\/www.houseofcats.pl\/de\/shop\/flat-easter-i\/#breadcrumb\",\"itemListElement\":[{\"@type\":\"ListItem\",\"position\":1,\"name\":\"Strona g\u0142\u00f3wna\",\"item\":\"https:\/\/www.houseofcats.pl\/de\/\"},{\"@type\":\"ListItem\",\"position\":2,\"name\":\"Sklep\",\"item\":\"https:\/\/www.houseofcats.pl\/sklep\/\"},{\"@type\":\"ListItem\",\"position\":3,\"name\":\"Flat Easter I\"}]},{\"@type\":\"WebSite\",\"@id\":\"https:\/\/www.houseofcats.pl\/de\/#website\",\"url\":\"https:\/\/www.houseofcats.pl\/de\/\",\"name\":\"Sklep internetowy House of Cats\",\"description\":\"Drapaki dla kot\u00f3w\",\"publisher\":{\"@id\":\"https:\/\/www.houseofcats.pl\/de\/#organization\"},\"potentialAction\":[{\"@type\":\"SearchAction\",\"target\":{\"@type\":\"EntryPoint\",\"urlTemplate\":\"https:\/\/www.houseofcats.pl\/de\/?s={search_term_string}\"},\"query-input\":{\"@type\":\"PropertyValueSpecification\",\"valueRequired\":true,\"valueName\":\"search_term_string\"}}],\"inLanguage\":\"de\"},{\"@type\":\"Organization\",\"@id\":\"https:\/\/www.houseofcats.pl\/de\/#organization\",\"name\":\"Sklep internetowy House of Cats\",\"url\":\"https:\/\/www.houseofcats.pl\/de\/\",\"logo\":{\"@type\":\"ImageObject\",\"inLanguage\":\"de\",\"@id\":\"https:\/\/www.houseofcats.pl\/de\/#\/schema\/logo\/image\/\",\"url\":\"https:\/\/www.houseofcats.pl\/wp-content\/uploads\/2024\/07\/Zrzut-ekranu-2017-07-11-o-23.35.44.png\",\"contentUrl\":\"https:\/\/www.houseofcats.pl\/wp-content\/uploads\/2024\/07\/Zrzut-ekranu-2017-07-11-o-23.35.44.png\",\"width\":496,\"height\":474,\"caption\":\"Sklep internetowy House of Cats\"},\"image\":{\"@id\":\"https:\/\/www.houseofcats.pl\/de\/#\/schema\/logo\/image\/\"},\"sameAs\":[\"https:\/\/www.facebook.com\/houseofcatspl\",\"https:\/\/www.instagram.com\/houseofcats.pl\/\",\"https:\/\/www.youtube.com\/@houseofcats5403\"]}]}<\/script>\n<!-- \/ Yoast SEO plugin. -->","yoast_head_json":{"title":"Flat Easter I | Sklep internetowy House of Cats","robots":{"index":"index","follow":"follow","max-snippet":"max-snippet:-1","max-image-preview":"max-image-preview:large","max-video-preview":"max-video-preview:-1"},"canonical":"https:\/\/www.houseofcats.pl\/de\/shop\/flat-easter-i\/","og_locale":"de_DE","og_type":"article","og_title":"Flat Easter I | Sklep internetowy House of Cats","og_description":"Was f\u00fcr ein bisschen f\u00fcr die Katzenkrallen, der Flat Easter I. Kratzbaum. Die Katzen haben auch besondere Dinge verdient, weshalb die Designer alles daran gesetzt haben, dass der Kratzbaum nicht nur funktional ist, sondern auch in einem weihnachtlichen Ambiente gut aussieht. Ein harter Kratzer f\u00fcr alle Katzenkrallen Es erm\u00f6glicht auch ein lang anhaltendes Kratzen, und &hellip;","og_url":"https:\/\/www.houseofcats.pl\/de\/shop\/flat-easter-i\/","og_site_name":"Sklep internetowy House of Cats","article_publisher":"https:\/\/www.facebook.com\/houseofcatspl","og_image":[{"width":907,"height":907,"url":"http:\/\/www.houseofcats.pl\/wp-content\/uploads\/2017\/03\/WN3_5170-1.png","type":"image\/png"}],"twitter_card":"summary_large_image","twitter_misc":{"Gesch\u00e4tzte Lesezeit":"1\u00a0Minute"},"schema":{"@context":"https:\/\/schema.org","@graph":[{"@type":"WebPage","@id":"https:\/\/www.houseofcats.pl\/de\/shop\/flat-easter-i\/","url":"https:\/\/www.houseofcats.pl\/de\/shop\/flat-easter-i\/","name":"Flat Easter I | Sklep internetowy House of Cats","isPartOf":{"@id":"https:\/\/www.houseofcats.pl\/de\/#website"},"primaryImageOfPage":{"@id":"https:\/\/www.houseofcats.pl\/de\/shop\/flat-easter-i\/#primaryimage"},"image":{"@id":"https:\/\/www.houseofcats.pl\/de\/shop\/flat-easter-i\/#primaryimage"},"thumbnailUrl":"https:\/\/www.houseofcats.pl\/wp-content\/uploads\/2017\/03\/WN3_5170-1.png","datePublished":"2021-11-22T13:30:58+00:00","breadcrumb":{"@id":"https:\/\/www.houseofcats.pl\/de\/shop\/flat-easter-i\/#breadcrumb"},"inLanguage":"de","potentialAction":[{"@type":"ReadAction","target":["https:\/\/www.houseofcats.pl\/de\/shop\/flat-easter-i\/"]}]},{"@type":"ImageObject","inLanguage":"de","@id":"https:\/\/www.houseofcats.pl\/de\/shop\/flat-easter-i\/#primaryimage","url":"https:\/\/www.houseofcats.pl\/wp-content\/uploads\/2017\/03\/WN3_5170-1.png","contentUrl":"https:\/\/www.houseofcats.pl\/wp-content\/uploads\/2017\/03\/WN3_5170-1.png","width":907,"height":907},{"@type":"BreadcrumbList","@id":"https:\/\/www.houseofcats.pl\/de\/shop\/flat-easter-i\/#breadcrumb","itemListElement":[{"@type":"ListItem","position":1,"name":"Strona g\u0142\u00f3wna","item":"https:\/\/www.houseofcats.pl\/de\/"},{"@type":"ListItem","position":2,"name":"Sklep","item":"https:\/\/www.houseofcats.pl\/sklep\/"},{"@type":"ListItem","position":3,"name":"Flat Easter I"}]},{"@type":"WebSite","@id":"https:\/\/www.houseofcats.pl\/de\/#website","url":"https:\/\/www.houseofcats.pl\/de\/","name":"Sklep internetowy House of Cats","description":"Drapaki dla kot\u00f3w","publisher":{"@id":"https:\/\/www.houseofcats.pl\/de\/#organization"},"potentialAction":[{"@type":"SearchAction","target":{"@type":"EntryPoint","urlTemplate":"https:\/\/www.houseofcats.pl\/de\/?s={search_term_string}"},"query-input":{"@type":"PropertyValueSpecification","valueRequired":true,"valueName":"search_term_string"}}],"inLanguage":"de"},{"@type":"Organization","@id":"https:\/\/www.houseofcats.pl\/de\/#organization","name":"Sklep internetowy House of Cats","url":"https:\/\/www.houseofcats.pl\/de\/","logo":{"@type":"ImageObject","inLanguage":"de","@id":"https:\/\/www.houseofcats.pl\/de\/#\/schema\/logo\/image\/","url":"https:\/\/www.houseofcats.pl\/wp-content\/uploads\/2024\/07\/Zrzut-ekranu-2017-07-11-o-23.35.44.png","contentUrl":"https:\/\/www.houseofcats.pl\/wp-content\/uploads\/2024\/07\/Zrzut-ekranu-2017-07-11-o-23.35.44.png","width":496,"height":474,"caption":"Sklep internetowy House of Cats"},"image":{"@id":"https:\/\/www.houseofcats.pl\/de\/#\/schema\/logo\/image\/"},"sameAs":["https:\/\/www.facebook.com\/houseofcatspl","https:\/\/www.instagram.com\/houseofcats.pl\/","https:\/\/www.youtube.com\/@houseofcats5403"]}]}},"_links":{"self":[{"href":"https:\/\/www.houseofcats.pl\/de\/wp-json\/wp\/v2\/product\/4874"}],"collection":[{"href":"https:\/\/www.houseofcats.pl\/de\/wp-json\/wp\/v2\/product"}],"about":[{"href":"https:\/\/www.houseofcats.pl\/de\/wp-json\/wp\/v2\/types\/product"}],"wp:featuredmedia":[{"embeddable":true,"href":"https:\/\/www.houseofcats.pl\/de\/wp-json\/wp\/v2\/media\/4885"}],"wp:attachment":[{"href":"https:\/\/www.houseofcats.pl\/de\/wp-json\/wp\/v2\/media?parent=4874"}],"wp:term":[{"taxonomy":"product_brand","embeddable":true,"href":"https:\/\/www.houseofcats.pl\/de\/wp-json\/wp\/v2\/product_brand?post=4874"},{"taxonomy":"product_cat","embeddable":true,"href":"https:\/\/www.houseofcats.pl\/de\/wp-json\/wp\/v2\/product_cat?post=4874"},{"taxonomy":"product_tag","embeddable":true,"href":"https:\/\/www.houseofcats.pl\/de\/wp-json\/wp\/v2\/product_tag?post=4874"}],"curies":[{"name":"wp","href":"https:\/\/api.w.org\/{rel}","templated":true}]}}