{"id":571,"date":"2016-11-03T10:17:13","date_gmt":"2016-11-03T09:17:13","guid":{"rendered":"https:\/\/www.houseofcats.pl\/?post_type=product&#038;p=571"},"modified":"2025-10-28T12:50:52","modified_gmt":"2025-10-28T11:50:52","slug":"flat-christmas-i","status":"publish","type":"product","link":"https:\/\/www.houseofcats.pl\/de\/sklep\/flat-christmas-i\/","title":{"rendered":"Drapak dla kota Flat Christmas I"},"content":{"rendered":"<p>Co nieco dla kocich pazurk\u00f3w, czyli drapak Flat Christmas I. Koty te\u017c zas\u0142uguj\u0105 na rzeczy wyj\u0105tkowe, dlatego projektanci do\u0142o\u017cyli wszelkich stara\u0144, aby drapak by\u0142 nie tylko funkcjonalny, ale r\u00f3wnie\u017c dobrze si\u0119 prezentowa\u0142 si\u0119 w \u015bwi\u0105tecznej oprawie.<\/p>\n<h3>Wytrzyma\u0142y drapak na ka\u017cde kocie pazurki<\/h3>\n<p>Pozwala r\u00f3wnie\u017c na d\u0142ugotrwa\u0142e drapanie, a wysoka jako\u015b\u0107 tworzywa i solidne wykonanie sprawiaj\u0105, \u017ce nawet najostrzejsze pazurki nie s\u0105 w stanie go zniszczy\u0107. Sp\u0142aszczony kszta\u0142t i wystarczaj\u0105co du\u017ce rozmiary \u2013 drapak powsta\u0142 z my\u015bl\u0105 o wszystkich kotach niezale\u017cnie od tego, czy s\u0105 to du\u017ce kocury czy ma\u0142e kociaczki.<\/p>\n<hr \/>\n<p>Wymiary drapak\u00f3w Flat: G\u0142: 42 cm, Sz: 25 cm, W: 9 cm<\/p>\n<p>Waga 1,4 kg<\/p>\n","protected":false},"excerpt":{"rendered":"<p>Co nieco dla kocich pazurk\u00f3w, czyli drapak Flat Christmas I. Koty te\u017c zas\u0142uguj\u0105 na rzeczy wyj\u0105tkowe, dlatego projektanci do\u0142o\u017cyli wszelkich stara\u0144, aby drapak by\u0142 nie tylko funkcjonalny, ale r\u00f3wnie\u017c dobrze si\u0119 prezentowa\u0142 si\u0119 w \u015bwi\u0105tecznej oprawie.<\/p>\n<p>Wysy\u0142ka w 24h<br \/>\nKoszt dostawy \u2013 17 z\u0142<br \/>\nDarmowa wysy\u0142ka od 350 z\u0142<\/p>\n","protected":false},"featured_media":588,"template":"","meta":{"_acf_changed":false},"product_brand":[],"product_cat":[13],"product_tag":[19,34,70,68,43],"class_list":{"0":"post-571","1":"product","2":"type-product","3":"status-publish","4":"has-post-thumbnail","6":"product_cat-flat","7":"product_tag-drapak","8":"product_tag-drapak-dla-kotow","9":"product_tag-prezent","10":"product_tag-swieta","11":"product_tag-tektura","13":"first","14":"instock","15":"taxable","16":"shipping-taxable","17":"purchasable","18":"product-type-simple"},"acf":[],"yoast_head":"<!-- This site is optimized with the Yoast SEO plugin v25.6 - https:\/\/yoast.com\/wordpress\/plugins\/seo\/ -->\n<title>\u015awi\u0105teczny drapak dla kota \u2013 Flat Christmas<\/title>\n<meta name=\"description\" content=\"Flat Christmas to wspania\u0142y prezent pod choink\u0119 dla Twojego mruczka. Drapak jest bardzo wytrzyma\u0142y a jego wyj\u0105tkowa jako\u015b\u0107 zostanie doceniona.\" \/>\n<meta name=\"robots\" content=\"index, follow, max-snippet:-1, max-image-preview:large, max-video-preview:-1\" \/>\n<link rel=\"canonical\" href=\"https:\/\/www.houseofcats.pl\/de\/sklep\/flat-christmas-i\/\" \/>\n<meta property=\"og:locale\" content=\"de_DE\" \/>\n<meta property=\"og:type\" content=\"article\" \/>\n<meta property=\"og:title\" content=\"\u015awi\u0105teczny drapak dla kota \u2013 Flat Christmas\" \/>\n<meta property=\"og:description\" content=\"Flat Christmas to wspania\u0142y prezent pod choink\u0119 dla Twojego mruczka. Drapak jest bardzo wytrzyma\u0142y a jego wyj\u0105tkowa jako\u015b\u0107 zostanie doceniona.\" \/>\n<meta property=\"og:url\" content=\"https:\/\/www.houseofcats.pl\/de\/sklep\/flat-christmas-i\/\" \/>\n<meta property=\"og:site_name\" content=\"Sklep internetowy House of Cats\" \/>\n<meta property=\"article:publisher\" content=\"https:\/\/www.facebook.com\/houseofcatspl\" \/>\n<meta property=\"article:modified_time\" content=\"2025-10-28T11:50:52+00:00\" \/>\n<meta property=\"og:image\" content=\"https:\/\/www.houseofcats.pl\/wp-content\/uploads\/2016\/11\/IMG_4172.jpg\" \/>\n\t<meta property=\"og:image:width\" content=\"512\" \/>\n\t<meta property=\"og:image:height\" content=\"512\" \/>\n\t<meta property=\"og:image:type\" content=\"image\/jpeg\" \/>\n<meta name=\"twitter:card\" content=\"summary_large_image\" \/>\n<meta name=\"twitter:label1\" content=\"Gesch\u00e4tzte Lesezeit\" \/>\n\t<meta name=\"twitter:data1\" content=\"1\u00a0Minute\" \/>\n<script type=\"application\/ld+json\" class=\"yoast-schema-graph\">{\"@context\":\"https:\/\/schema.org\",\"@graph\":[{\"@type\":\"WebPage\",\"@id\":\"https:\/\/www.houseofcats.pl\/de\/sklep\/flat-christmas-i\/\",\"url\":\"https:\/\/www.houseofcats.pl\/de\/sklep\/flat-christmas-i\/\",\"name\":\"\u015awi\u0105teczny drapak dla kota \u2013 Flat Christmas\",\"isPartOf\":{\"@id\":\"https:\/\/www.houseofcats.pl\/de\/#website\"},\"primaryImageOfPage\":{\"@id\":\"https:\/\/www.houseofcats.pl\/de\/sklep\/flat-christmas-i\/#primaryimage\"},\"image\":{\"@id\":\"https:\/\/www.houseofcats.pl\/de\/sklep\/flat-christmas-i\/#primaryimage\"},\"thumbnailUrl\":\"https:\/\/www.houseofcats.pl\/wp-content\/uploads\/2016\/11\/IMG_4172.jpg\",\"datePublished\":\"2016-11-03T09:17:13+00:00\",\"dateModified\":\"2025-10-28T11:50:52+00:00\",\"description\":\"Flat Christmas to wspania\u0142y prezent pod choink\u0119 dla Twojego mruczka. Drapak jest bardzo wytrzyma\u0142y a jego wyj\u0105tkowa jako\u015b\u0107 zostanie doceniona.\",\"breadcrumb\":{\"@id\":\"https:\/\/www.houseofcats.pl\/de\/sklep\/flat-christmas-i\/#breadcrumb\"},\"inLanguage\":\"de\",\"potentialAction\":[{\"@type\":\"ReadAction\",\"target\":[\"https:\/\/www.houseofcats.pl\/de\/sklep\/flat-christmas-i\/\"]}]},{\"@type\":\"ImageObject\",\"inLanguage\":\"de\",\"@id\":\"https:\/\/www.houseofcats.pl\/de\/sklep\/flat-christmas-i\/#primaryimage\",\"url\":\"https:\/\/www.houseofcats.pl\/wp-content\/uploads\/2016\/11\/IMG_4172.jpg\",\"contentUrl\":\"https:\/\/www.houseofcats.pl\/wp-content\/uploads\/2016\/11\/IMG_4172.jpg\",\"width\":512,\"height\":512},{\"@type\":\"BreadcrumbList\",\"@id\":\"https:\/\/www.houseofcats.pl\/de\/sklep\/flat-christmas-i\/#breadcrumb\",\"itemListElement\":[{\"@type\":\"ListItem\",\"position\":1,\"name\":\"Strona g\u0142\u00f3wna\",\"item\":\"https:\/\/www.houseofcats.pl\/de\/\"},{\"@type\":\"ListItem\",\"position\":2,\"name\":\"Sklep\",\"item\":\"https:\/\/www.houseofcats.pl\/sklep\/\"},{\"@type\":\"ListItem\",\"position\":3,\"name\":\"Drapak dla kota Flat Christmas I\"}]},{\"@type\":\"WebSite\",\"@id\":\"https:\/\/www.houseofcats.pl\/de\/#website\",\"url\":\"https:\/\/www.houseofcats.pl\/de\/\",\"name\":\"Sklep internetowy House of Cats\",\"description\":\"Drapaki dla kot\u00f3w\",\"publisher\":{\"@id\":\"https:\/\/www.houseofcats.pl\/de\/#organization\"},\"potentialAction\":[{\"@type\":\"SearchAction\",\"target\":{\"@type\":\"EntryPoint\",\"urlTemplate\":\"https:\/\/www.houseofcats.pl\/de\/?s={search_term_string}\"},\"query-input\":{\"@type\":\"PropertyValueSpecification\",\"valueRequired\":true,\"valueName\":\"search_term_string\"}}],\"inLanguage\":\"de\"},{\"@type\":\"Organization\",\"@id\":\"https:\/\/www.houseofcats.pl\/de\/#organization\",\"name\":\"Sklep internetowy House of Cats\",\"url\":\"https:\/\/www.houseofcats.pl\/de\/\",\"logo\":{\"@type\":\"ImageObject\",\"inLanguage\":\"de\",\"@id\":\"https:\/\/www.houseofcats.pl\/de\/#\/schema\/logo\/image\/\",\"url\":\"https:\/\/www.houseofcats.pl\/wp-content\/uploads\/2024\/07\/Zrzut-ekranu-2017-07-11-o-23.35.44.png\",\"contentUrl\":\"https:\/\/www.houseofcats.pl\/wp-content\/uploads\/2024\/07\/Zrzut-ekranu-2017-07-11-o-23.35.44.png\",\"width\":496,\"height\":474,\"caption\":\"Sklep internetowy House of Cats\"},\"image\":{\"@id\":\"https:\/\/www.houseofcats.pl\/de\/#\/schema\/logo\/image\/\"},\"sameAs\":[\"https:\/\/www.facebook.com\/houseofcatspl\",\"https:\/\/www.instagram.com\/houseofcats.pl\/\",\"https:\/\/www.youtube.com\/@houseofcats5403\"]}]}<\/script>\n<!-- \/ Yoast SEO plugin. -->","yoast_head_json":{"title":"\u015awi\u0105teczny drapak dla kota \u2013 Flat Christmas","description":"Flat Christmas to wspania\u0142y prezent pod choink\u0119 dla Twojego mruczka. Drapak jest bardzo wytrzyma\u0142y a jego wyj\u0105tkowa jako\u015b\u0107 zostanie doceniona.","robots":{"index":"index","follow":"follow","max-snippet":"max-snippet:-1","max-image-preview":"max-image-preview:large","max-video-preview":"max-video-preview:-1"},"canonical":"https:\/\/www.houseofcats.pl\/de\/sklep\/flat-christmas-i\/","og_locale":"de_DE","og_type":"article","og_title":"\u015awi\u0105teczny drapak dla kota \u2013 Flat Christmas","og_description":"Flat Christmas to wspania\u0142y prezent pod choink\u0119 dla Twojego mruczka. Drapak jest bardzo wytrzyma\u0142y a jego wyj\u0105tkowa jako\u015b\u0107 zostanie doceniona.","og_url":"https:\/\/www.houseofcats.pl\/de\/sklep\/flat-christmas-i\/","og_site_name":"Sklep internetowy House of Cats","article_publisher":"https:\/\/www.facebook.com\/houseofcatspl","article_modified_time":"2025-10-28T11:50:52+00:00","og_image":[{"width":512,"height":512,"url":"https:\/\/www.houseofcats.pl\/wp-content\/uploads\/2016\/11\/IMG_4172.jpg","type":"image\/jpeg"}],"twitter_card":"summary_large_image","twitter_misc":{"Gesch\u00e4tzte Lesezeit":"1\u00a0Minute"},"schema":{"@context":"https:\/\/schema.org","@graph":[{"@type":"WebPage","@id":"https:\/\/www.houseofcats.pl\/de\/sklep\/flat-christmas-i\/","url":"https:\/\/www.houseofcats.pl\/de\/sklep\/flat-christmas-i\/","name":"\u015awi\u0105teczny drapak dla kota \u2013 Flat Christmas","isPartOf":{"@id":"https:\/\/www.houseofcats.pl\/de\/#website"},"primaryImageOfPage":{"@id":"https:\/\/www.houseofcats.pl\/de\/sklep\/flat-christmas-i\/#primaryimage"},"image":{"@id":"https:\/\/www.houseofcats.pl\/de\/sklep\/flat-christmas-i\/#primaryimage"},"thumbnailUrl":"https:\/\/www.houseofcats.pl\/wp-content\/uploads\/2016\/11\/IMG_4172.jpg","datePublished":"2016-11-03T09:17:13+00:00","dateModified":"2025-10-28T11:50:52+00:00","description":"Flat Christmas to wspania\u0142y prezent pod choink\u0119 dla Twojego mruczka. Drapak jest bardzo wytrzyma\u0142y a jego wyj\u0105tkowa jako\u015b\u0107 zostanie doceniona.","breadcrumb":{"@id":"https:\/\/www.houseofcats.pl\/de\/sklep\/flat-christmas-i\/#breadcrumb"},"inLanguage":"de","potentialAction":[{"@type":"ReadAction","target":["https:\/\/www.houseofcats.pl\/de\/sklep\/flat-christmas-i\/"]}]},{"@type":"ImageObject","inLanguage":"de","@id":"https:\/\/www.houseofcats.pl\/de\/sklep\/flat-christmas-i\/#primaryimage","url":"https:\/\/www.houseofcats.pl\/wp-content\/uploads\/2016\/11\/IMG_4172.jpg","contentUrl":"https:\/\/www.houseofcats.pl\/wp-content\/uploads\/2016\/11\/IMG_4172.jpg","width":512,"height":512},{"@type":"BreadcrumbList","@id":"https:\/\/www.houseofcats.pl\/de\/sklep\/flat-christmas-i\/#breadcrumb","itemListElement":[{"@type":"ListItem","position":1,"name":"Strona g\u0142\u00f3wna","item":"https:\/\/www.houseofcats.pl\/de\/"},{"@type":"ListItem","position":2,"name":"Sklep","item":"https:\/\/www.houseofcats.pl\/sklep\/"},{"@type":"ListItem","position":3,"name":"Drapak dla kota Flat Christmas I"}]},{"@type":"WebSite","@id":"https:\/\/www.houseofcats.pl\/de\/#website","url":"https:\/\/www.houseofcats.pl\/de\/","name":"Sklep internetowy House of Cats","description":"Drapaki dla kot\u00f3w","publisher":{"@id":"https:\/\/www.houseofcats.pl\/de\/#organization"},"potentialAction":[{"@type":"SearchAction","target":{"@type":"EntryPoint","urlTemplate":"https:\/\/www.houseofcats.pl\/de\/?s={search_term_string}"},"query-input":{"@type":"PropertyValueSpecification","valueRequired":true,"valueName":"search_term_string"}}],"inLanguage":"de"},{"@type":"Organization","@id":"https:\/\/www.houseofcats.pl\/de\/#organization","name":"Sklep internetowy House of Cats","url":"https:\/\/www.houseofcats.pl\/de\/","logo":{"@type":"ImageObject","inLanguage":"de","@id":"https:\/\/www.houseofcats.pl\/de\/#\/schema\/logo\/image\/","url":"https:\/\/www.houseofcats.pl\/wp-content\/uploads\/2024\/07\/Zrzut-ekranu-2017-07-11-o-23.35.44.png","contentUrl":"https:\/\/www.houseofcats.pl\/wp-content\/uploads\/2024\/07\/Zrzut-ekranu-2017-07-11-o-23.35.44.png","width":496,"height":474,"caption":"Sklep internetowy House of Cats"},"image":{"@id":"https:\/\/www.houseofcats.pl\/de\/#\/schema\/logo\/image\/"},"sameAs":["https:\/\/www.facebook.com\/houseofcatspl","https:\/\/www.instagram.com\/houseofcats.pl\/","https:\/\/www.youtube.com\/@houseofcats5403"]}]}},"_links":{"self":[{"href":"https:\/\/www.houseofcats.pl\/de\/wp-json\/wp\/v2\/product\/571"}],"collection":[{"href":"https:\/\/www.houseofcats.pl\/de\/wp-json\/wp\/v2\/product"}],"about":[{"href":"https:\/\/www.houseofcats.pl\/de\/wp-json\/wp\/v2\/types\/product"}],"wp:featuredmedia":[{"embeddable":true,"href":"https:\/\/www.houseofcats.pl\/de\/wp-json\/wp\/v2\/media\/588"}],"wp:attachment":[{"href":"https:\/\/www.houseofcats.pl\/de\/wp-json\/wp\/v2\/media?parent=571"}],"wp:term":[{"taxonomy":"product_brand","embeddable":true,"href":"https:\/\/www.houseofcats.pl\/de\/wp-json\/wp\/v2\/product_brand?post=571"},{"taxonomy":"product_cat","embeddable":true,"href":"https:\/\/www.houseofcats.pl\/de\/wp-json\/wp\/v2\/product_cat?post=571"},{"taxonomy":"product_tag","embeddable":true,"href":"https:\/\/www.houseofcats.pl\/de\/wp-json\/wp\/v2\/product_tag?post=571"}],"curies":[{"name":"wp","href":"https:\/\/api.w.org\/{rel}","templated":true}]}}