{"id":573,"date":"2016-11-03T10:56:05","date_gmt":"2016-11-03T09:56:05","guid":{"rendered":"https:\/\/www.houseofcats.pl\/?post_type=product&#038;p=573"},"modified":"2025-10-28T12:50:36","modified_gmt":"2025-10-28T11:50:36","slug":"drapak-dla-kota-flat-christmas","status":"publish","type":"product","link":"https:\/\/www.houseofcats.pl\/de\/sklep\/drapak-dla-kota-flat-christmas\/","title":{"rendered":"Drapak dla kota Flat Christmas II"},"content":{"rendered":"<p>Istnieje takie prze\u015bwiadczenie, \u017ce Nasz stosunek wzgl\u0119dem kot\u00f3w, czyli to w jaki spos\u00f3b je traktujemy (i zwierz\u0119ta w og\u00f3le), decyduje o naszym miejscu w niebie! Niech zatem truchlej\u0105 Ci, kt\u00f3rzy zaniedbuj\u0105 swoich pupili, a ciesz\u0105 Ci, kt\u00f3rzy troszcz\u0105 si\u0119 o ich komfort i ka\u017cdego dnia zapewniaj\u0105 im rozrywk\u0119. Drapak Flat Christmas II, to prezent zar\u00f3wno dla kota, jak i jego w\u0142a\u015bciciela. Zosta\u0142 wykonany z naturalnego materia\u0142u, tj. wysokiej gramatury tektury tak ukochanej przez tego\u00a0zwierzaka.<\/p>\n<h2>Minimalistyczny drapak dla kot\u00f3w<\/h2>\n<p>Prosto i oryginalnie, ale przede wszystkim wygodnie. Koty potrzebuj\u0105 nie tylko drapania, ale r\u00f3wnie\u017c rozci\u0105gania swojego kr\u0119gos\u0142upa. Na drapaku obie te czynno\u015bci s\u0105 mo\u017cliwe . Mebel sprzyja te\u017c wygodnemu spaniu kota. Drapak Flat, to ca\u0142oroczne \u00a0kocie wakacje, a dla jego w\u0142a\u015bciciela koniec z widocznymi \u015bladami pazurk\u00f3w na ciele.<\/p>\n<hr \/>\n<p>Wymiary drapak\u00f3w Flat: G\u0142: 42 cm, Sz: 25 cm, W: 9 cm<\/p>\n<p>Waga 1,4 kg<\/p>\n","protected":false},"excerpt":{"rendered":"<p>Drapak Flat Christmas to prezent zar\u00f3wno dla kota, jak i jego w\u0142a\u015bciciela. Zosta\u0142 wykonany z \u00a0wysokiej gramatury tektury tak ukochanej przez tego\u00a0zwierzaka.<\/p>\n<p>Wysy\u0142ka w 24h<br \/>\nKoszt dostawy \u2013 17 z\u0142<br \/>\nDarmowa wysy\u0142ka od 350 z\u0142<\/p>\n<h2><\/h2>\n","protected":false},"featured_media":3239,"template":"","meta":{"_acf_changed":false},"product_brand":[],"product_cat":[13],"product_tag":[19,20,72,73,70,68,43],"class_list":{"0":"post-573","1":"product","2":"type-product","3":"status-publish","4":"has-post-thumbnail","6":"product_cat-flat","7":"product_tag-drapak","8":"product_tag-kot","9":"product_tag-legowisko","10":"product_tag-okazja","11":"product_tag-prezent","12":"product_tag-swieta","13":"product_tag-tektura","15":"first","16":"instock","17":"taxable","18":"shipping-taxable","19":"purchasable","20":"product-type-simple"},"acf":[],"yoast_head":"<!-- This site is optimized with the Yoast SEO plugin v25.6 - https:\/\/yoast.com\/wordpress\/plugins\/seo\/ -->\n<title>Drapak dla kota na \u015awi\u0119ta \u2013 Flat Christmas II<\/title>\n<meta name=\"description\" content=\"Drapak stworzony z my\u015bl\u0105 o tym aby \u015bwi\u0105teczny czas sta\u0142 si\u0119 jeszcze bardziej wyj\u0105tkowy. Wysy\u0142ka w 24hKoszt dostawy \u2013 17 z\u0142Darmowa wysy\u0142ka od 350 z\u0142\" \/>\n<meta name=\"robots\" content=\"index, follow, max-snippet:-1, max-image-preview:large, max-video-preview:-1\" \/>\n<link rel=\"canonical\" href=\"https:\/\/www.houseofcats.pl\/de\/sklep\/drapak-dla-kota-flat-christmas\/\" \/>\n<meta property=\"og:locale\" content=\"de_DE\" \/>\n<meta property=\"og:type\" content=\"article\" \/>\n<meta property=\"og:title\" content=\"Drapak dla kota na \u015awi\u0119ta \u2013 Flat Christmas II\" \/>\n<meta property=\"og:description\" content=\"Drapak stworzony z my\u015bl\u0105 o tym aby \u015bwi\u0105teczny czas sta\u0142 si\u0119 jeszcze bardziej wyj\u0105tkowy. Wysy\u0142ka w 24hKoszt dostawy \u2013 17 z\u0142Darmowa wysy\u0142ka od 350 z\u0142\" \/>\n<meta property=\"og:url\" content=\"https:\/\/www.houseofcats.pl\/de\/sklep\/drapak-dla-kota-flat-christmas\/\" \/>\n<meta property=\"og:site_name\" content=\"Sklep internetowy House of Cats\" \/>\n<meta property=\"article:publisher\" content=\"https:\/\/www.facebook.com\/houseofcatspl\" \/>\n<meta property=\"article:modified_time\" content=\"2025-10-28T11:50:36+00:00\" \/>\n<meta property=\"og:image\" content=\"https:\/\/www.houseofcats.pl\/wp-content\/uploads\/2016\/11\/B8E10A17-BE87-4E19-8AAD-872071C9832B_1_201_a-scaled.jpeg\" \/>\n\t<meta property=\"og:image:width\" content=\"2560\" \/>\n\t<meta property=\"og:image:height\" content=\"2560\" \/>\n\t<meta property=\"og:image:type\" content=\"image\/jpeg\" \/>\n<meta name=\"twitter:card\" content=\"summary_large_image\" \/>\n<meta name=\"twitter:label1\" content=\"Gesch\u00e4tzte Lesezeit\" \/>\n\t<meta name=\"twitter:data1\" content=\"1\u00a0Minute\" \/>\n<script type=\"application\/ld+json\" class=\"yoast-schema-graph\">{\"@context\":\"https:\/\/schema.org\",\"@graph\":[{\"@type\":\"WebPage\",\"@id\":\"https:\/\/www.houseofcats.pl\/de\/sklep\/drapak-dla-kota-flat-christmas\/\",\"url\":\"https:\/\/www.houseofcats.pl\/de\/sklep\/drapak-dla-kota-flat-christmas\/\",\"name\":\"Drapak dla kota na \u015awi\u0119ta \u2013 Flat Christmas II\",\"isPartOf\":{\"@id\":\"https:\/\/www.houseofcats.pl\/de\/#website\"},\"primaryImageOfPage\":{\"@id\":\"https:\/\/www.houseofcats.pl\/de\/sklep\/drapak-dla-kota-flat-christmas\/#primaryimage\"},\"image\":{\"@id\":\"https:\/\/www.houseofcats.pl\/de\/sklep\/drapak-dla-kota-flat-christmas\/#primaryimage\"},\"thumbnailUrl\":\"https:\/\/www.houseofcats.pl\/wp-content\/uploads\/2016\/11\/B8E10A17-BE87-4E19-8AAD-872071C9832B_1_201_a-scaled.jpeg\",\"datePublished\":\"2016-11-03T09:56:05+00:00\",\"dateModified\":\"2025-10-28T11:50:36+00:00\",\"description\":\"Drapak stworzony z my\u015bl\u0105 o tym aby \u015bwi\u0105teczny czas sta\u0142 si\u0119 jeszcze bardziej wyj\u0105tkowy. Wysy\u0142ka w 24hKoszt dostawy \u2013 17 z\u0142Darmowa wysy\u0142ka od 350 z\u0142\",\"breadcrumb\":{\"@id\":\"https:\/\/www.houseofcats.pl\/de\/sklep\/drapak-dla-kota-flat-christmas\/#breadcrumb\"},\"inLanguage\":\"de\",\"potentialAction\":[{\"@type\":\"ReadAction\",\"target\":[\"https:\/\/www.houseofcats.pl\/de\/sklep\/drapak-dla-kota-flat-christmas\/\"]}]},{\"@type\":\"ImageObject\",\"inLanguage\":\"de\",\"@id\":\"https:\/\/www.houseofcats.pl\/de\/sklep\/drapak-dla-kota-flat-christmas\/#primaryimage\",\"url\":\"https:\/\/www.houseofcats.pl\/wp-content\/uploads\/2016\/11\/B8E10A17-BE87-4E19-8AAD-872071C9832B_1_201_a-scaled.jpeg\",\"contentUrl\":\"https:\/\/www.houseofcats.pl\/wp-content\/uploads\/2016\/11\/B8E10A17-BE87-4E19-8AAD-872071C9832B_1_201_a-scaled.jpeg\",\"width\":2560,\"height\":2560},{\"@type\":\"BreadcrumbList\",\"@id\":\"https:\/\/www.houseofcats.pl\/de\/sklep\/drapak-dla-kota-flat-christmas\/#breadcrumb\",\"itemListElement\":[{\"@type\":\"ListItem\",\"position\":1,\"name\":\"Strona g\u0142\u00f3wna\",\"item\":\"https:\/\/www.houseofcats.pl\/de\/\"},{\"@type\":\"ListItem\",\"position\":2,\"name\":\"Sklep\",\"item\":\"https:\/\/www.houseofcats.pl\/sklep\/\"},{\"@type\":\"ListItem\",\"position\":3,\"name\":\"Drapak dla kota Flat Christmas II\"}]},{\"@type\":\"WebSite\",\"@id\":\"https:\/\/www.houseofcats.pl\/de\/#website\",\"url\":\"https:\/\/www.houseofcats.pl\/de\/\",\"name\":\"Sklep internetowy House of Cats\",\"description\":\"Drapaki dla kot\u00f3w\",\"publisher\":{\"@id\":\"https:\/\/www.houseofcats.pl\/de\/#organization\"},\"potentialAction\":[{\"@type\":\"SearchAction\",\"target\":{\"@type\":\"EntryPoint\",\"urlTemplate\":\"https:\/\/www.houseofcats.pl\/de\/?s={search_term_string}\"},\"query-input\":{\"@type\":\"PropertyValueSpecification\",\"valueRequired\":true,\"valueName\":\"search_term_string\"}}],\"inLanguage\":\"de\"},{\"@type\":\"Organization\",\"@id\":\"https:\/\/www.houseofcats.pl\/de\/#organization\",\"name\":\"Sklep internetowy House of Cats\",\"url\":\"https:\/\/www.houseofcats.pl\/de\/\",\"logo\":{\"@type\":\"ImageObject\",\"inLanguage\":\"de\",\"@id\":\"https:\/\/www.houseofcats.pl\/de\/#\/schema\/logo\/image\/\",\"url\":\"https:\/\/www.houseofcats.pl\/wp-content\/uploads\/2024\/07\/Zrzut-ekranu-2017-07-11-o-23.35.44.png\",\"contentUrl\":\"https:\/\/www.houseofcats.pl\/wp-content\/uploads\/2024\/07\/Zrzut-ekranu-2017-07-11-o-23.35.44.png\",\"width\":496,\"height\":474,\"caption\":\"Sklep internetowy House of Cats\"},\"image\":{\"@id\":\"https:\/\/www.houseofcats.pl\/de\/#\/schema\/logo\/image\/\"},\"sameAs\":[\"https:\/\/www.facebook.com\/houseofcatspl\",\"https:\/\/www.instagram.com\/houseofcats.pl\/\",\"https:\/\/www.youtube.com\/@houseofcats5403\"]}]}<\/script>\n<!-- \/ Yoast SEO plugin. -->","yoast_head_json":{"title":"Drapak dla kota na \u015awi\u0119ta \u2013 Flat Christmas II","description":"Drapak stworzony z my\u015bl\u0105 o tym aby \u015bwi\u0105teczny czas sta\u0142 si\u0119 jeszcze bardziej wyj\u0105tkowy. Wysy\u0142ka w 24hKoszt dostawy \u2013 17 z\u0142Darmowa wysy\u0142ka od 350 z\u0142","robots":{"index":"index","follow":"follow","max-snippet":"max-snippet:-1","max-image-preview":"max-image-preview:large","max-video-preview":"max-video-preview:-1"},"canonical":"https:\/\/www.houseofcats.pl\/de\/sklep\/drapak-dla-kota-flat-christmas\/","og_locale":"de_DE","og_type":"article","og_title":"Drapak dla kota na \u015awi\u0119ta \u2013 Flat Christmas II","og_description":"Drapak stworzony z my\u015bl\u0105 o tym aby \u015bwi\u0105teczny czas sta\u0142 si\u0119 jeszcze bardziej wyj\u0105tkowy. Wysy\u0142ka w 24hKoszt dostawy \u2013 17 z\u0142Darmowa wysy\u0142ka od 350 z\u0142","og_url":"https:\/\/www.houseofcats.pl\/de\/sklep\/drapak-dla-kota-flat-christmas\/","og_site_name":"Sklep internetowy House of Cats","article_publisher":"https:\/\/www.facebook.com\/houseofcatspl","article_modified_time":"2025-10-28T11:50:36+00:00","og_image":[{"width":2560,"height":2560,"url":"https:\/\/www.houseofcats.pl\/wp-content\/uploads\/2016\/11\/B8E10A17-BE87-4E19-8AAD-872071C9832B_1_201_a-scaled.jpeg","type":"image\/jpeg"}],"twitter_card":"summary_large_image","twitter_misc":{"Gesch\u00e4tzte Lesezeit":"1\u00a0Minute"},"schema":{"@context":"https:\/\/schema.org","@graph":[{"@type":"WebPage","@id":"https:\/\/www.houseofcats.pl\/de\/sklep\/drapak-dla-kota-flat-christmas\/","url":"https:\/\/www.houseofcats.pl\/de\/sklep\/drapak-dla-kota-flat-christmas\/","name":"Drapak dla kota na \u015awi\u0119ta \u2013 Flat Christmas II","isPartOf":{"@id":"https:\/\/www.houseofcats.pl\/de\/#website"},"primaryImageOfPage":{"@id":"https:\/\/www.houseofcats.pl\/de\/sklep\/drapak-dla-kota-flat-christmas\/#primaryimage"},"image":{"@id":"https:\/\/www.houseofcats.pl\/de\/sklep\/drapak-dla-kota-flat-christmas\/#primaryimage"},"thumbnailUrl":"https:\/\/www.houseofcats.pl\/wp-content\/uploads\/2016\/11\/B8E10A17-BE87-4E19-8AAD-872071C9832B_1_201_a-scaled.jpeg","datePublished":"2016-11-03T09:56:05+00:00","dateModified":"2025-10-28T11:50:36+00:00","description":"Drapak stworzony z my\u015bl\u0105 o tym aby \u015bwi\u0105teczny czas sta\u0142 si\u0119 jeszcze bardziej wyj\u0105tkowy. Wysy\u0142ka w 24hKoszt dostawy \u2013 17 z\u0142Darmowa wysy\u0142ka od 350 z\u0142","breadcrumb":{"@id":"https:\/\/www.houseofcats.pl\/de\/sklep\/drapak-dla-kota-flat-christmas\/#breadcrumb"},"inLanguage":"de","potentialAction":[{"@type":"ReadAction","target":["https:\/\/www.houseofcats.pl\/de\/sklep\/drapak-dla-kota-flat-christmas\/"]}]},{"@type":"ImageObject","inLanguage":"de","@id":"https:\/\/www.houseofcats.pl\/de\/sklep\/drapak-dla-kota-flat-christmas\/#primaryimage","url":"https:\/\/www.houseofcats.pl\/wp-content\/uploads\/2016\/11\/B8E10A17-BE87-4E19-8AAD-872071C9832B_1_201_a-scaled.jpeg","contentUrl":"https:\/\/www.houseofcats.pl\/wp-content\/uploads\/2016\/11\/B8E10A17-BE87-4E19-8AAD-872071C9832B_1_201_a-scaled.jpeg","width":2560,"height":2560},{"@type":"BreadcrumbList","@id":"https:\/\/www.houseofcats.pl\/de\/sklep\/drapak-dla-kota-flat-christmas\/#breadcrumb","itemListElement":[{"@type":"ListItem","position":1,"name":"Strona g\u0142\u00f3wna","item":"https:\/\/www.houseofcats.pl\/de\/"},{"@type":"ListItem","position":2,"name":"Sklep","item":"https:\/\/www.houseofcats.pl\/sklep\/"},{"@type":"ListItem","position":3,"name":"Drapak dla kota Flat Christmas II"}]},{"@type":"WebSite","@id":"https:\/\/www.houseofcats.pl\/de\/#website","url":"https:\/\/www.houseofcats.pl\/de\/","name":"Sklep internetowy House of Cats","description":"Drapaki dla kot\u00f3w","publisher":{"@id":"https:\/\/www.houseofcats.pl\/de\/#organization"},"potentialAction":[{"@type":"SearchAction","target":{"@type":"EntryPoint","urlTemplate":"https:\/\/www.houseofcats.pl\/de\/?s={search_term_string}"},"query-input":{"@type":"PropertyValueSpecification","valueRequired":true,"valueName":"search_term_string"}}],"inLanguage":"de"},{"@type":"Organization","@id":"https:\/\/www.houseofcats.pl\/de\/#organization","name":"Sklep internetowy House of Cats","url":"https:\/\/www.houseofcats.pl\/de\/","logo":{"@type":"ImageObject","inLanguage":"de","@id":"https:\/\/www.houseofcats.pl\/de\/#\/schema\/logo\/image\/","url":"https:\/\/www.houseofcats.pl\/wp-content\/uploads\/2024\/07\/Zrzut-ekranu-2017-07-11-o-23.35.44.png","contentUrl":"https:\/\/www.houseofcats.pl\/wp-content\/uploads\/2024\/07\/Zrzut-ekranu-2017-07-11-o-23.35.44.png","width":496,"height":474,"caption":"Sklep internetowy House of Cats"},"image":{"@id":"https:\/\/www.houseofcats.pl\/de\/#\/schema\/logo\/image\/"},"sameAs":["https:\/\/www.facebook.com\/houseofcatspl","https:\/\/www.instagram.com\/houseofcats.pl\/","https:\/\/www.youtube.com\/@houseofcats5403"]}]}},"_links":{"self":[{"href":"https:\/\/www.houseofcats.pl\/de\/wp-json\/wp\/v2\/product\/573"}],"collection":[{"href":"https:\/\/www.houseofcats.pl\/de\/wp-json\/wp\/v2\/product"}],"about":[{"href":"https:\/\/www.houseofcats.pl\/de\/wp-json\/wp\/v2\/types\/product"}],"wp:featuredmedia":[{"embeddable":true,"href":"https:\/\/www.houseofcats.pl\/de\/wp-json\/wp\/v2\/media\/3239"}],"wp:attachment":[{"href":"https:\/\/www.houseofcats.pl\/de\/wp-json\/wp\/v2\/media?parent=573"}],"wp:term":[{"taxonomy":"product_brand","embeddable":true,"href":"https:\/\/www.houseofcats.pl\/de\/wp-json\/wp\/v2\/product_brand?post=573"},{"taxonomy":"product_cat","embeddable":true,"href":"https:\/\/www.houseofcats.pl\/de\/wp-json\/wp\/v2\/product_cat?post=573"},{"taxonomy":"product_tag","embeddable":true,"href":"https:\/\/www.houseofcats.pl\/de\/wp-json\/wp\/v2\/product_tag?post=573"}],"curies":[{"name":"wp","href":"https:\/\/api.w.org\/{rel}","templated":true}]}}