{"id":6342,"date":"2024-11-26T21:45:00","date_gmt":"2024-11-26T20:45:00","guid":{"rendered":"https:\/\/www.houseofcats.pl\/?post_type=product&#038;p=6342"},"modified":"2024-11-26T21:48:12","modified_gmt":"2024-11-26T20:48:12","slug":"bench-black","status":"publish","type":"product","link":"https:\/\/www.houseofcats.pl\/de\/shop\/bench-black\/","title":{"rendered":"Bench Black"},"content":{"rendered":"<p>Lernen Sie Bench Black kennen \u2013 unseren besten und gr\u00f6\u00dften Katzenkratzer, jetzt in einer neuen, modischen Farbe erh\u00e4ltlich! Dieser einzigartige Kratzbaum ist die perfekte Kombination aus Stil, Komfort und Funktionalit\u00e4t und wurde f\u00fcr Katzen jeder Gr\u00f6\u00dfe, einschlie\u00dflich gro\u00dfer Rassen, entwickelt. Bench Plus ist von Ihren Lieblingsmodellen inspiriert: Cat und Elipso \u2013 es bietet die Tiefe des Cat und eine beeindruckende Breite von 16 cm mehr als der Elipso! Dadurch genie\u00dft die Katze volle Bewegungsfreiheit und bequeme Ruhe.<\/p>\n<h3>F\u00fcr die Gr\u00f6\u00dften der Gr\u00f6\u00dften<\/h3>\n<p>Wenn Sie sich f\u00fcr Bench Plus entscheiden, erhalten Sie nicht nur eine einzigartige Kratzfl\u00e4che, sondern auch ein stilvolles Element, das perfekt in moderne Innenr\u00e4ume passt. Dies ist die beste Wahl f\u00fcr Menschen, die einen langlebigen, eleganten Kratzbaum suchen, der die nat\u00fcrlichen Bed\u00fcrfnisse der Katze befriedigt und das Auge des Besitzers erfreut.<\/p>\n<p>Abmessungen des Bankkratzbaums: T: 42 cm, B: 84 cm, H: 42 cm<\/p>\n<p>Gewicht 6 kg<\/p>\n","protected":false},"excerpt":{"rendered":"<p>Lernen Sie Bench Black kennen \u2013 unseren besten und gr\u00f6\u00dften Katzenkratzer, jetzt in einer neuen, modischen Farbe erh\u00e4ltlich! Dieser einzigartige Kratzbaum ist die perfekte Kombination aus Stil, Komfort und Funktionalit\u00e4t und wurde f\u00fcr Katzen jeder Gr\u00f6\u00dfe, einschlie\u00dflich gro\u00dfer Rassen, entwickelt. Bench Plus ist von Ihren Lieblingsmodellen inspiriert: Cat und Elipso \u2013 es bietet die Tiefe des Cat und eine beeindruckende Breite von 16 cm mehr als der Elipso! Dadurch genie\u00dft die Katze volle Bewegungsfreiheit und bequeme Ruhe.<\/p>\n","protected":false},"featured_media":6258,"template":"","meta":{"_acf_changed":false},"product_brand":[],"product_cat":[155],"product_tag":[],"class_list":{"0":"post-6342","1":"product","2":"type-product","3":"status-publish","4":"has-post-thumbnail","6":"product_cat-bench-de-2","8":"first","9":"instock","10":"sale","11":"taxable","12":"shipping-taxable","13":"purchasable","14":"product-type-simple"},"acf":[],"yoast_head":"<!-- This site is optimized with the Yoast SEO plugin v25.6 - https:\/\/yoast.com\/wordpress\/plugins\/seo\/ -->\n<title>Bench Black | Sklep internetowy House of Cats<\/title>\n<meta name=\"robots\" content=\"index, follow, max-snippet:-1, max-image-preview:large, max-video-preview:-1\" \/>\n<link rel=\"canonical\" href=\"https:\/\/www.houseofcats.pl\/de\/shop\/bench-black\/\" \/>\n<meta property=\"og:locale\" content=\"de_DE\" \/>\n<meta property=\"og:type\" content=\"article\" \/>\n<meta property=\"og:title\" content=\"Bench Black | Sklep internetowy House of Cats\" \/>\n<meta property=\"og:description\" content=\"Lernen Sie Bench Black kennen \u2013 unseren besten und gr\u00f6\u00dften Katzenkratzer, jetzt in einer neuen, modischen Farbe erh\u00e4ltlich! Dieser einzigartige Kratzbaum ist die perfekte Kombination aus Stil, Komfort und Funktionalit\u00e4t und wurde f\u00fcr Katzen jeder Gr\u00f6\u00dfe, einschlie\u00dflich gro\u00dfer Rassen, entwickelt. Bench Plus ist von Ihren Lieblingsmodellen inspiriert: Cat und Elipso \u2013 es bietet die Tiefe des Cat und eine beeindruckende Breite von 16 cm mehr als der Elipso! Dadurch genie\u00dft die Katze volle Bewegungsfreiheit und bequeme Ruhe.\" \/>\n<meta property=\"og:url\" content=\"https:\/\/www.houseofcats.pl\/de\/shop\/bench-black\/\" \/>\n<meta property=\"og:site_name\" content=\"Sklep internetowy House of Cats\" \/>\n<meta property=\"article:publisher\" content=\"https:\/\/www.facebook.com\/houseofcatspl\" \/>\n<meta property=\"article:modified_time\" content=\"2024-11-26T20:48:12+00:00\" \/>\n<meta property=\"og:image\" content=\"https:\/\/www.houseofcats.pl\/wp-content\/uploads\/2024\/11\/BDSC_97392-kopia.jpeg\" \/>\n\t<meta property=\"og:image:width\" content=\"2048\" \/>\n\t<meta property=\"og:image:height\" content=\"2048\" \/>\n\t<meta property=\"og:image:type\" content=\"image\/jpeg\" \/>\n<meta name=\"twitter:card\" content=\"summary_large_image\" \/>\n<meta name=\"twitter:label1\" content=\"Gesch\u00e4tzte Lesezeit\" \/>\n\t<meta name=\"twitter:data1\" content=\"2\u00a0Minuten\" \/>\n<script type=\"application\/ld+json\" class=\"yoast-schema-graph\">{\"@context\":\"https:\/\/schema.org\",\"@graph\":[{\"@type\":\"WebPage\",\"@id\":\"https:\/\/www.houseofcats.pl\/de\/shop\/bench-black\/\",\"url\":\"https:\/\/www.houseofcats.pl\/de\/shop\/bench-black\/\",\"name\":\"Bench Black | Sklep internetowy House of Cats\",\"isPartOf\":{\"@id\":\"https:\/\/www.houseofcats.pl\/de\/#website\"},\"primaryImageOfPage\":{\"@id\":\"https:\/\/www.houseofcats.pl\/de\/shop\/bench-black\/#primaryimage\"},\"image\":{\"@id\":\"https:\/\/www.houseofcats.pl\/de\/shop\/bench-black\/#primaryimage\"},\"thumbnailUrl\":\"https:\/\/www.houseofcats.pl\/wp-content\/uploads\/2024\/11\/BDSC_97392-kopia.jpeg\",\"datePublished\":\"2024-11-26T20:45:00+00:00\",\"dateModified\":\"2024-11-26T20:48:12+00:00\",\"breadcrumb\":{\"@id\":\"https:\/\/www.houseofcats.pl\/de\/shop\/bench-black\/#breadcrumb\"},\"inLanguage\":\"de\",\"potentialAction\":[{\"@type\":\"ReadAction\",\"target\":[\"https:\/\/www.houseofcats.pl\/de\/shop\/bench-black\/\"]}]},{\"@type\":\"ImageObject\",\"inLanguage\":\"de\",\"@id\":\"https:\/\/www.houseofcats.pl\/de\/shop\/bench-black\/#primaryimage\",\"url\":\"https:\/\/www.houseofcats.pl\/wp-content\/uploads\/2024\/11\/BDSC_97392-kopia.jpeg\",\"contentUrl\":\"https:\/\/www.houseofcats.pl\/wp-content\/uploads\/2024\/11\/BDSC_97392-kopia.jpeg\",\"width\":2048,\"height\":2048},{\"@type\":\"BreadcrumbList\",\"@id\":\"https:\/\/www.houseofcats.pl\/de\/shop\/bench-black\/#breadcrumb\",\"itemListElement\":[{\"@type\":\"ListItem\",\"position\":1,\"name\":\"Strona g\u0142\u00f3wna\",\"item\":\"https:\/\/www.houseofcats.pl\/de\/\"},{\"@type\":\"ListItem\",\"position\":2,\"name\":\"Sklep\",\"item\":\"https:\/\/www.houseofcats.pl\/sklep\/\"},{\"@type\":\"ListItem\",\"position\":3,\"name\":\"Bench Black\"}]},{\"@type\":\"WebSite\",\"@id\":\"https:\/\/www.houseofcats.pl\/de\/#website\",\"url\":\"https:\/\/www.houseofcats.pl\/de\/\",\"name\":\"Sklep internetowy House of Cats\",\"description\":\"Drapaki dla kot\u00f3w\",\"publisher\":{\"@id\":\"https:\/\/www.houseofcats.pl\/de\/#organization\"},\"potentialAction\":[{\"@type\":\"SearchAction\",\"target\":{\"@type\":\"EntryPoint\",\"urlTemplate\":\"https:\/\/www.houseofcats.pl\/de\/?s={search_term_string}\"},\"query-input\":{\"@type\":\"PropertyValueSpecification\",\"valueRequired\":true,\"valueName\":\"search_term_string\"}}],\"inLanguage\":\"de\"},{\"@type\":\"Organization\",\"@id\":\"https:\/\/www.houseofcats.pl\/de\/#organization\",\"name\":\"Sklep internetowy House of Cats\",\"url\":\"https:\/\/www.houseofcats.pl\/de\/\",\"logo\":{\"@type\":\"ImageObject\",\"inLanguage\":\"de\",\"@id\":\"https:\/\/www.houseofcats.pl\/de\/#\/schema\/logo\/image\/\",\"url\":\"https:\/\/www.houseofcats.pl\/wp-content\/uploads\/2024\/07\/Zrzut-ekranu-2017-07-11-o-23.35.44.png\",\"contentUrl\":\"https:\/\/www.houseofcats.pl\/wp-content\/uploads\/2024\/07\/Zrzut-ekranu-2017-07-11-o-23.35.44.png\",\"width\":496,\"height\":474,\"caption\":\"Sklep internetowy House of Cats\"},\"image\":{\"@id\":\"https:\/\/www.houseofcats.pl\/de\/#\/schema\/logo\/image\/\"},\"sameAs\":[\"https:\/\/www.facebook.com\/houseofcatspl\",\"https:\/\/www.instagram.com\/houseofcats.pl\/\",\"https:\/\/www.youtube.com\/@houseofcats5403\"]}]}<\/script>\n<!-- \/ Yoast SEO plugin. -->","yoast_head_json":{"title":"Bench Black | Sklep internetowy House of Cats","robots":{"index":"index","follow":"follow","max-snippet":"max-snippet:-1","max-image-preview":"max-image-preview:large","max-video-preview":"max-video-preview:-1"},"canonical":"https:\/\/www.houseofcats.pl\/de\/shop\/bench-black\/","og_locale":"de_DE","og_type":"article","og_title":"Bench Black | Sklep internetowy House of Cats","og_description":"Lernen Sie Bench Black kennen \u2013 unseren besten und gr\u00f6\u00dften Katzenkratzer, jetzt in einer neuen, modischen Farbe erh\u00e4ltlich! Dieser einzigartige Kratzbaum ist die perfekte Kombination aus Stil, Komfort und Funktionalit\u00e4t und wurde f\u00fcr Katzen jeder Gr\u00f6\u00dfe, einschlie\u00dflich gro\u00dfer Rassen, entwickelt. Bench Plus ist von Ihren Lieblingsmodellen inspiriert: Cat und Elipso \u2013 es bietet die Tiefe des Cat und eine beeindruckende Breite von 16 cm mehr als der Elipso! Dadurch genie\u00dft die Katze volle Bewegungsfreiheit und bequeme Ruhe.","og_url":"https:\/\/www.houseofcats.pl\/de\/shop\/bench-black\/","og_site_name":"Sklep internetowy House of Cats","article_publisher":"https:\/\/www.facebook.com\/houseofcatspl","article_modified_time":"2024-11-26T20:48:12+00:00","og_image":[{"width":2048,"height":2048,"url":"https:\/\/www.houseofcats.pl\/wp-content\/uploads\/2024\/11\/BDSC_97392-kopia.jpeg","type":"image\/jpeg"}],"twitter_card":"summary_large_image","twitter_misc":{"Gesch\u00e4tzte Lesezeit":"2\u00a0Minuten"},"schema":{"@context":"https:\/\/schema.org","@graph":[{"@type":"WebPage","@id":"https:\/\/www.houseofcats.pl\/de\/shop\/bench-black\/","url":"https:\/\/www.houseofcats.pl\/de\/shop\/bench-black\/","name":"Bench Black | Sklep internetowy House of Cats","isPartOf":{"@id":"https:\/\/www.houseofcats.pl\/de\/#website"},"primaryImageOfPage":{"@id":"https:\/\/www.houseofcats.pl\/de\/shop\/bench-black\/#primaryimage"},"image":{"@id":"https:\/\/www.houseofcats.pl\/de\/shop\/bench-black\/#primaryimage"},"thumbnailUrl":"https:\/\/www.houseofcats.pl\/wp-content\/uploads\/2024\/11\/BDSC_97392-kopia.jpeg","datePublished":"2024-11-26T20:45:00+00:00","dateModified":"2024-11-26T20:48:12+00:00","breadcrumb":{"@id":"https:\/\/www.houseofcats.pl\/de\/shop\/bench-black\/#breadcrumb"},"inLanguage":"de","potentialAction":[{"@type":"ReadAction","target":["https:\/\/www.houseofcats.pl\/de\/shop\/bench-black\/"]}]},{"@type":"ImageObject","inLanguage":"de","@id":"https:\/\/www.houseofcats.pl\/de\/shop\/bench-black\/#primaryimage","url":"https:\/\/www.houseofcats.pl\/wp-content\/uploads\/2024\/11\/BDSC_97392-kopia.jpeg","contentUrl":"https:\/\/www.houseofcats.pl\/wp-content\/uploads\/2024\/11\/BDSC_97392-kopia.jpeg","width":2048,"height":2048},{"@type":"BreadcrumbList","@id":"https:\/\/www.houseofcats.pl\/de\/shop\/bench-black\/#breadcrumb","itemListElement":[{"@type":"ListItem","position":1,"name":"Strona g\u0142\u00f3wna","item":"https:\/\/www.houseofcats.pl\/de\/"},{"@type":"ListItem","position":2,"name":"Sklep","item":"https:\/\/www.houseofcats.pl\/sklep\/"},{"@type":"ListItem","position":3,"name":"Bench Black"}]},{"@type":"WebSite","@id":"https:\/\/www.houseofcats.pl\/de\/#website","url":"https:\/\/www.houseofcats.pl\/de\/","name":"Sklep internetowy House of Cats","description":"Drapaki dla kot\u00f3w","publisher":{"@id":"https:\/\/www.houseofcats.pl\/de\/#organization"},"potentialAction":[{"@type":"SearchAction","target":{"@type":"EntryPoint","urlTemplate":"https:\/\/www.houseofcats.pl\/de\/?s={search_term_string}"},"query-input":{"@type":"PropertyValueSpecification","valueRequired":true,"valueName":"search_term_string"}}],"inLanguage":"de"},{"@type":"Organization","@id":"https:\/\/www.houseofcats.pl\/de\/#organization","name":"Sklep internetowy House of Cats","url":"https:\/\/www.houseofcats.pl\/de\/","logo":{"@type":"ImageObject","inLanguage":"de","@id":"https:\/\/www.houseofcats.pl\/de\/#\/schema\/logo\/image\/","url":"https:\/\/www.houseofcats.pl\/wp-content\/uploads\/2024\/07\/Zrzut-ekranu-2017-07-11-o-23.35.44.png","contentUrl":"https:\/\/www.houseofcats.pl\/wp-content\/uploads\/2024\/07\/Zrzut-ekranu-2017-07-11-o-23.35.44.png","width":496,"height":474,"caption":"Sklep internetowy House of Cats"},"image":{"@id":"https:\/\/www.houseofcats.pl\/de\/#\/schema\/logo\/image\/"},"sameAs":["https:\/\/www.facebook.com\/houseofcatspl","https:\/\/www.instagram.com\/houseofcats.pl\/","https:\/\/www.youtube.com\/@houseofcats5403"]}]}},"_links":{"self":[{"href":"https:\/\/www.houseofcats.pl\/de\/wp-json\/wp\/v2\/product\/6342"}],"collection":[{"href":"https:\/\/www.houseofcats.pl\/de\/wp-json\/wp\/v2\/product"}],"about":[{"href":"https:\/\/www.houseofcats.pl\/de\/wp-json\/wp\/v2\/types\/product"}],"wp:featuredmedia":[{"embeddable":true,"href":"https:\/\/www.houseofcats.pl\/de\/wp-json\/wp\/v2\/media\/6258"}],"wp:attachment":[{"href":"https:\/\/www.houseofcats.pl\/de\/wp-json\/wp\/v2\/media?parent=6342"}],"wp:term":[{"taxonomy":"product_brand","embeddable":true,"href":"https:\/\/www.houseofcats.pl\/de\/wp-json\/wp\/v2\/product_brand?post=6342"},{"taxonomy":"product_cat","embeddable":true,"href":"https:\/\/www.houseofcats.pl\/de\/wp-json\/wp\/v2\/product_cat?post=6342"},{"taxonomy":"product_tag","embeddable":true,"href":"https:\/\/www.houseofcats.pl\/de\/wp-json\/wp\/v2\/product_tag?post=6342"}],"curies":[{"name":"wp","href":"https:\/\/api.w.org\/{rel}","templated":true}]}}