{"id":6343,"date":"2024-11-26T21:52:22","date_gmt":"2024-11-26T20:52:22","guid":{"rendered":"https:\/\/www.houseofcats.pl\/?post_type=product&#038;p=6343"},"modified":"2024-11-26T21:52:22","modified_gmt":"2024-11-26T20:52:22","slug":"flow-black","status":"publish","type":"product","link":"https:\/\/www.houseofcats.pl\/de\/shop\/flow-black\/","title":{"rendered":"Flow Black"},"content":{"rendered":"<p>Der Kratzbaum Flow zeichnet sich durch eine einzigartige, wellenf\u00f6rmige Form aus, die sich perfekt an die nat\u00fcrlichen Bed\u00fcrfnisse der Katze anpasst \u2013 er bietet einen bequemen Ort zum Kratzen, Strecken und Ausruhen. Durch das minimalistische Design passt der Kratzbaum Flow perfekt in moderne Innenr\u00e4ume und sorgt f\u00fcr stilvolle Eleganz.<\/p>\n<h3>F\u00fchle, wie es flie\u00dft<\/h3>\n<p>Mit dem Flow-Kratzbaum aus Pappe von House of Cats bieten Sie Ihrer Katze den perfekten Ort zum Kratzen und Entspannen und sch\u00fctzen gleichzeitig Ihre M\u00f6bel vor Besch\u00e4digungen. Dies ist ein einzigartiger Katzenkratzer, der \u00c4sthetik, \u00d6kologie und Funktionalit\u00e4t vereint.<\/p>\n<p>Ma\u00dfe des Kratzbaums Flow: T: 42 cm, B: 59 cm, H: 17 cm<\/p>\n<p>Gewicht 3 kg<\/p>\n","protected":false},"excerpt":{"rendered":"<p>Der Kratzbaum Flow zeichnet sich durch eine einzigartige, wellenf\u00f6rmige Form aus, die sich perfekt an die nat\u00fcrlichen Bed\u00fcrfnisse der Katze anpasst \u2013 er bietet einen bequemen Ort zum Kratzen, Strecken und Ausruhen. Durch das minimalistische Design passt der Kratzbaum Flow perfekt in moderne Innenr\u00e4ume und sorgt f\u00fcr stilvolle Eleganz.<\/p>\n","protected":false},"featured_media":6270,"template":"","meta":{"_acf_changed":false},"product_brand":[],"product_cat":[394],"product_tag":[],"class_list":{"0":"post-6343","1":"product","2":"type-product","3":"status-publish","4":"has-post-thumbnail","6":"product_cat-flow-2","8":"first","9":"instock","10":"taxable","11":"shipping-taxable","12":"purchasable","13":"product-type-simple"},"acf":[],"yoast_head":"<!-- This site is optimized with the Yoast SEO plugin v25.6 - https:\/\/yoast.com\/wordpress\/plugins\/seo\/ -->\n<title>Flow Black | Sklep internetowy House of Cats<\/title>\n<meta name=\"robots\" content=\"index, follow, max-snippet:-1, max-image-preview:large, max-video-preview:-1\" \/>\n<link rel=\"canonical\" href=\"https:\/\/www.houseofcats.pl\/de\/shop\/flow-black\/\" \/>\n<meta property=\"og:locale\" content=\"de_DE\" \/>\n<meta property=\"og:type\" content=\"article\" \/>\n<meta property=\"og:title\" content=\"Flow Black | Sklep internetowy House of Cats\" \/>\n<meta property=\"og:description\" content=\"Der Kratzbaum Flow zeichnet sich durch eine einzigartige, wellenf\u00f6rmige Form aus, die sich perfekt an die nat\u00fcrlichen Bed\u00fcrfnisse der Katze anpasst \u2013 er bietet einen bequemen Ort zum Kratzen, Strecken und Ausruhen. Durch das minimalistische Design passt der Kratzbaum Flow perfekt in moderne Innenr\u00e4ume und sorgt f\u00fcr stilvolle Eleganz.\" \/>\n<meta property=\"og:url\" content=\"https:\/\/www.houseofcats.pl\/de\/shop\/flow-black\/\" \/>\n<meta property=\"og:site_name\" content=\"Sklep internetowy House of Cats\" \/>\n<meta property=\"article:publisher\" content=\"https:\/\/www.facebook.com\/houseofcatspl\" \/>\n<meta property=\"og:image\" content=\"http:\/\/www.houseofcats.pl\/wp-content\/uploads\/2024\/11\/BDSC_7459-kopia.jpeg\" \/>\n\t<meta property=\"og:image:width\" content=\"2048\" \/>\n\t<meta property=\"og:image:height\" content=\"2048\" \/>\n\t<meta property=\"og:image:type\" content=\"image\/jpeg\" \/>\n<meta name=\"twitter:card\" content=\"summary_large_image\" \/>\n<meta name=\"twitter:label1\" content=\"Gesch\u00e4tzte Lesezeit\" \/>\n\t<meta name=\"twitter:data1\" content=\"1\u00a0Minute\" \/>\n<script type=\"application\/ld+json\" class=\"yoast-schema-graph\">{\"@context\":\"https:\/\/schema.org\",\"@graph\":[{\"@type\":\"WebPage\",\"@id\":\"https:\/\/www.houseofcats.pl\/de\/shop\/flow-black\/\",\"url\":\"https:\/\/www.houseofcats.pl\/de\/shop\/flow-black\/\",\"name\":\"Flow Black | Sklep internetowy House of Cats\",\"isPartOf\":{\"@id\":\"https:\/\/www.houseofcats.pl\/de\/#website\"},\"primaryImageOfPage\":{\"@id\":\"https:\/\/www.houseofcats.pl\/de\/shop\/flow-black\/#primaryimage\"},\"image\":{\"@id\":\"https:\/\/www.houseofcats.pl\/de\/shop\/flow-black\/#primaryimage\"},\"thumbnailUrl\":\"https:\/\/www.houseofcats.pl\/wp-content\/uploads\/2024\/11\/BDSC_7459-kopia.jpeg\",\"datePublished\":\"2024-11-26T20:52:22+00:00\",\"breadcrumb\":{\"@id\":\"https:\/\/www.houseofcats.pl\/de\/shop\/flow-black\/#breadcrumb\"},\"inLanguage\":\"de\",\"potentialAction\":[{\"@type\":\"ReadAction\",\"target\":[\"https:\/\/www.houseofcats.pl\/de\/shop\/flow-black\/\"]}]},{\"@type\":\"ImageObject\",\"inLanguage\":\"de\",\"@id\":\"https:\/\/www.houseofcats.pl\/de\/shop\/flow-black\/#primaryimage\",\"url\":\"https:\/\/www.houseofcats.pl\/wp-content\/uploads\/2024\/11\/BDSC_7459-kopia.jpeg\",\"contentUrl\":\"https:\/\/www.houseofcats.pl\/wp-content\/uploads\/2024\/11\/BDSC_7459-kopia.jpeg\",\"width\":2048,\"height\":2048},{\"@type\":\"BreadcrumbList\",\"@id\":\"https:\/\/www.houseofcats.pl\/de\/shop\/flow-black\/#breadcrumb\",\"itemListElement\":[{\"@type\":\"ListItem\",\"position\":1,\"name\":\"Strona g\u0142\u00f3wna\",\"item\":\"https:\/\/www.houseofcats.pl\/de\/\"},{\"@type\":\"ListItem\",\"position\":2,\"name\":\"Sklep\",\"item\":\"https:\/\/www.houseofcats.pl\/sklep\/\"},{\"@type\":\"ListItem\",\"position\":3,\"name\":\"Flow Black\"}]},{\"@type\":\"WebSite\",\"@id\":\"https:\/\/www.houseofcats.pl\/de\/#website\",\"url\":\"https:\/\/www.houseofcats.pl\/de\/\",\"name\":\"Sklep internetowy House of Cats\",\"description\":\"Drapaki dla kot\u00f3w\",\"publisher\":{\"@id\":\"https:\/\/www.houseofcats.pl\/de\/#organization\"},\"potentialAction\":[{\"@type\":\"SearchAction\",\"target\":{\"@type\":\"EntryPoint\",\"urlTemplate\":\"https:\/\/www.houseofcats.pl\/de\/?s={search_term_string}\"},\"query-input\":{\"@type\":\"PropertyValueSpecification\",\"valueRequired\":true,\"valueName\":\"search_term_string\"}}],\"inLanguage\":\"de\"},{\"@type\":\"Organization\",\"@id\":\"https:\/\/www.houseofcats.pl\/de\/#organization\",\"name\":\"Sklep internetowy House of Cats\",\"url\":\"https:\/\/www.houseofcats.pl\/de\/\",\"logo\":{\"@type\":\"ImageObject\",\"inLanguage\":\"de\",\"@id\":\"https:\/\/www.houseofcats.pl\/de\/#\/schema\/logo\/image\/\",\"url\":\"https:\/\/www.houseofcats.pl\/wp-content\/uploads\/2024\/07\/Zrzut-ekranu-2017-07-11-o-23.35.44.png\",\"contentUrl\":\"https:\/\/www.houseofcats.pl\/wp-content\/uploads\/2024\/07\/Zrzut-ekranu-2017-07-11-o-23.35.44.png\",\"width\":496,\"height\":474,\"caption\":\"Sklep internetowy House of Cats\"},\"image\":{\"@id\":\"https:\/\/www.houseofcats.pl\/de\/#\/schema\/logo\/image\/\"},\"sameAs\":[\"https:\/\/www.facebook.com\/houseofcatspl\",\"https:\/\/www.instagram.com\/houseofcats.pl\/\",\"https:\/\/www.youtube.com\/@houseofcats5403\"]}]}<\/script>\n<!-- \/ Yoast SEO plugin. -->","yoast_head_json":{"title":"Flow Black | Sklep internetowy House of Cats","robots":{"index":"index","follow":"follow","max-snippet":"max-snippet:-1","max-image-preview":"max-image-preview:large","max-video-preview":"max-video-preview:-1"},"canonical":"https:\/\/www.houseofcats.pl\/de\/shop\/flow-black\/","og_locale":"de_DE","og_type":"article","og_title":"Flow Black | Sklep internetowy House of Cats","og_description":"Der Kratzbaum Flow zeichnet sich durch eine einzigartige, wellenf\u00f6rmige Form aus, die sich perfekt an die nat\u00fcrlichen Bed\u00fcrfnisse der Katze anpasst \u2013 er bietet einen bequemen Ort zum Kratzen, Strecken und Ausruhen. Durch das minimalistische Design passt der Kratzbaum Flow perfekt in moderne Innenr\u00e4ume und sorgt f\u00fcr stilvolle Eleganz.","og_url":"https:\/\/www.houseofcats.pl\/de\/shop\/flow-black\/","og_site_name":"Sklep internetowy House of Cats","article_publisher":"https:\/\/www.facebook.com\/houseofcatspl","og_image":[{"width":2048,"height":2048,"url":"http:\/\/www.houseofcats.pl\/wp-content\/uploads\/2024\/11\/BDSC_7459-kopia.jpeg","type":"image\/jpeg"}],"twitter_card":"summary_large_image","twitter_misc":{"Gesch\u00e4tzte Lesezeit":"1\u00a0Minute"},"schema":{"@context":"https:\/\/schema.org","@graph":[{"@type":"WebPage","@id":"https:\/\/www.houseofcats.pl\/de\/shop\/flow-black\/","url":"https:\/\/www.houseofcats.pl\/de\/shop\/flow-black\/","name":"Flow Black | Sklep internetowy House of Cats","isPartOf":{"@id":"https:\/\/www.houseofcats.pl\/de\/#website"},"primaryImageOfPage":{"@id":"https:\/\/www.houseofcats.pl\/de\/shop\/flow-black\/#primaryimage"},"image":{"@id":"https:\/\/www.houseofcats.pl\/de\/shop\/flow-black\/#primaryimage"},"thumbnailUrl":"https:\/\/www.houseofcats.pl\/wp-content\/uploads\/2024\/11\/BDSC_7459-kopia.jpeg","datePublished":"2024-11-26T20:52:22+00:00","breadcrumb":{"@id":"https:\/\/www.houseofcats.pl\/de\/shop\/flow-black\/#breadcrumb"},"inLanguage":"de","potentialAction":[{"@type":"ReadAction","target":["https:\/\/www.houseofcats.pl\/de\/shop\/flow-black\/"]}]},{"@type":"ImageObject","inLanguage":"de","@id":"https:\/\/www.houseofcats.pl\/de\/shop\/flow-black\/#primaryimage","url":"https:\/\/www.houseofcats.pl\/wp-content\/uploads\/2024\/11\/BDSC_7459-kopia.jpeg","contentUrl":"https:\/\/www.houseofcats.pl\/wp-content\/uploads\/2024\/11\/BDSC_7459-kopia.jpeg","width":2048,"height":2048},{"@type":"BreadcrumbList","@id":"https:\/\/www.houseofcats.pl\/de\/shop\/flow-black\/#breadcrumb","itemListElement":[{"@type":"ListItem","position":1,"name":"Strona g\u0142\u00f3wna","item":"https:\/\/www.houseofcats.pl\/de\/"},{"@type":"ListItem","position":2,"name":"Sklep","item":"https:\/\/www.houseofcats.pl\/sklep\/"},{"@type":"ListItem","position":3,"name":"Flow Black"}]},{"@type":"WebSite","@id":"https:\/\/www.houseofcats.pl\/de\/#website","url":"https:\/\/www.houseofcats.pl\/de\/","name":"Sklep internetowy House of Cats","description":"Drapaki dla kot\u00f3w","publisher":{"@id":"https:\/\/www.houseofcats.pl\/de\/#organization"},"potentialAction":[{"@type":"SearchAction","target":{"@type":"EntryPoint","urlTemplate":"https:\/\/www.houseofcats.pl\/de\/?s={search_term_string}"},"query-input":{"@type":"PropertyValueSpecification","valueRequired":true,"valueName":"search_term_string"}}],"inLanguage":"de"},{"@type":"Organization","@id":"https:\/\/www.houseofcats.pl\/de\/#organization","name":"Sklep internetowy House of Cats","url":"https:\/\/www.houseofcats.pl\/de\/","logo":{"@type":"ImageObject","inLanguage":"de","@id":"https:\/\/www.houseofcats.pl\/de\/#\/schema\/logo\/image\/","url":"https:\/\/www.houseofcats.pl\/wp-content\/uploads\/2024\/07\/Zrzut-ekranu-2017-07-11-o-23.35.44.png","contentUrl":"https:\/\/www.houseofcats.pl\/wp-content\/uploads\/2024\/07\/Zrzut-ekranu-2017-07-11-o-23.35.44.png","width":496,"height":474,"caption":"Sklep internetowy House of Cats"},"image":{"@id":"https:\/\/www.houseofcats.pl\/de\/#\/schema\/logo\/image\/"},"sameAs":["https:\/\/www.facebook.com\/houseofcatspl","https:\/\/www.instagram.com\/houseofcats.pl\/","https:\/\/www.youtube.com\/@houseofcats5403"]}]}},"_links":{"self":[{"href":"https:\/\/www.houseofcats.pl\/de\/wp-json\/wp\/v2\/product\/6343"}],"collection":[{"href":"https:\/\/www.houseofcats.pl\/de\/wp-json\/wp\/v2\/product"}],"about":[{"href":"https:\/\/www.houseofcats.pl\/de\/wp-json\/wp\/v2\/types\/product"}],"wp:featuredmedia":[{"embeddable":true,"href":"https:\/\/www.houseofcats.pl\/de\/wp-json\/wp\/v2\/media\/6270"}],"wp:attachment":[{"href":"https:\/\/www.houseofcats.pl\/de\/wp-json\/wp\/v2\/media?parent=6343"}],"wp:term":[{"taxonomy":"product_brand","embeddable":true,"href":"https:\/\/www.houseofcats.pl\/de\/wp-json\/wp\/v2\/product_brand?post=6343"},{"taxonomy":"product_cat","embeddable":true,"href":"https:\/\/www.houseofcats.pl\/de\/wp-json\/wp\/v2\/product_cat?post=6343"},{"taxonomy":"product_tag","embeddable":true,"href":"https:\/\/www.houseofcats.pl\/de\/wp-json\/wp\/v2\/product_tag?post=6343"}],"curies":[{"name":"wp","href":"https:\/\/api.w.org\/{rel}","templated":true}]}}