{"id":3667,"date":"2018-09-21T23:35:37","date_gmt":"2018-09-21T21:35:37","guid":{"rendered":"https:\/\/www.houseofcats.pl\/sklep\/sofa-cube\/"},"modified":"2021-03-04T11:52:26","modified_gmt":"2021-03-04T10:52:26","slug":"sofa-cube","status":"publish","type":"product","link":"https:\/\/www.houseofcats.pl\/en\/shop\/sofa-cube\/","title":{"rendered":"Sofa Cube"},"content":{"rendered":"<p><span lang=\"EN-US\">Its size makes it ideal for both a little kitten and a big tomcat. Its shape looks like a head of a cat, while in the middle there is a space made for taking a rest or an afternoon nap.\u00a0<\/span>A trendy and colorful check looks great in elegant and fashionable interiors.<\/p>\n<h3>Pleasure<\/h3>\n<p>They opted for convenience and was adapted in shape to the anatomy of the feline friend. Kitten stretches, stretching his spine, which is very important for the comfort of a pet, what should remember each owner.<\/p>\n<hr \/>\n<p>Size product Sofa: H 12 cm, W 68 cm, D 27 cm<\/p>\n<p>Weight 1,8 kg<\/p>\n","protected":false},"excerpt":{"rendered":"<p>Its size makes it ideal for both a little kitten and a big tomcat. Its shape looks like a head of a cat, while in the middle there is a space made for taking a rest or an afternoon nap.\u00a0A trendy and colorful check looks great in elegant and fashionable interiors. Pleasure They opted for &hellip;<\/p>\n","protected":false},"featured_media":3673,"template":"","meta":{"_acf_changed":false},"product_brand":[],"product_cat":[176],"product_tag":[173,177,179,180,178],"class_list":{"0":"post-3667","1":"product","2":"type-product","3":"status-publish","4":"has-post-thumbnail","6":"product_cat-sofa-en","7":"product_tag-drapak-en","8":"product_tag-kot-en","9":"product_tag-legowisko-en","10":"product_tag-lezanka-en","11":"product_tag-tektura-en","13":"first","14":"instock","15":"taxable","16":"shipping-taxable","17":"purchasable","18":"product-type-simple"},"acf":[],"yoast_head":"<!-- This site is optimized with the Yoast SEO plugin v25.6 - https:\/\/yoast.com\/wordpress\/plugins\/seo\/ -->\n<title>Drapak dla kota - Sofa Cube - Drapaki tekturowe - House of Cats<\/title>\n<meta name=\"description\" content=\"Wygodna le\u017canka z tektury z funkcj\u0105 drapaka to co\u015b o czym marzy Tw\u00f3j kot. Wy\u015bmienita jako\u015b\u0107 oraz dba\u0142o\u015b\u0107 o detale zadowol\u0105 ka\u017cdego mruczka.\" \/>\n<meta name=\"robots\" content=\"index, follow, max-snippet:-1, max-image-preview:large, max-video-preview:-1\" \/>\n<link rel=\"canonical\" href=\"https:\/\/www.houseofcats.pl\/en\/shop\/sofa-cube\/\" \/>\n<meta property=\"og:locale\" content=\"en_US\" \/>\n<meta property=\"og:type\" content=\"article\" \/>\n<meta property=\"og:title\" content=\"Drapak dla kota - Sofa Cube - Drapaki tekturowe - House of Cats\" \/>\n<meta property=\"og:description\" content=\"Wygodna le\u017canka z tektury z funkcj\u0105 drapaka to co\u015b o czym marzy Tw\u00f3j kot. Wy\u015bmienita jako\u015b\u0107 oraz dba\u0142o\u015b\u0107 o detale zadowol\u0105 ka\u017cdego mruczka.\" \/>\n<meta property=\"og:url\" content=\"https:\/\/www.houseofcats.pl\/en\/shop\/sofa-cube\/\" \/>\n<meta property=\"og:site_name\" content=\"Sklep internetowy House of Cats\" \/>\n<meta property=\"article:publisher\" content=\"https:\/\/www.facebook.com\/houseofcatspl\" \/>\n<meta property=\"article:modified_time\" content=\"2021-03-04T10:52:26+00:00\" \/>\n<meta property=\"og:image\" content=\"https:\/\/www.houseofcats.pl\/wp-content\/uploads\/2018\/09\/WN3_1434.jpg\" \/>\n\t<meta property=\"og:image:width\" content=\"768\" \/>\n\t<meta property=\"og:image:height\" content=\"768\" \/>\n\t<meta property=\"og:image:type\" content=\"image\/jpeg\" \/>\n<meta name=\"twitter:card\" content=\"summary_large_image\" \/>\n<meta name=\"twitter:label1\" content=\"Est. reading time\" \/>\n\t<meta name=\"twitter:data1\" content=\"1 minute\" \/>\n<script type=\"application\/ld+json\" class=\"yoast-schema-graph\">{\"@context\":\"https:\/\/schema.org\",\"@graph\":[{\"@type\":\"WebPage\",\"@id\":\"https:\/\/www.houseofcats.pl\/en\/shop\/sofa-cube\/\",\"url\":\"https:\/\/www.houseofcats.pl\/en\/shop\/sofa-cube\/\",\"name\":\"Drapak dla kota - Sofa Cube - Drapaki tekturowe - House of Cats\",\"isPartOf\":{\"@id\":\"https:\/\/www.houseofcats.pl\/en\/#website\"},\"primaryImageOfPage\":{\"@id\":\"https:\/\/www.houseofcats.pl\/en\/shop\/sofa-cube\/#primaryimage\"},\"image\":{\"@id\":\"https:\/\/www.houseofcats.pl\/en\/shop\/sofa-cube\/#primaryimage\"},\"thumbnailUrl\":\"https:\/\/www.houseofcats.pl\/wp-content\/uploads\/2018\/09\/WN3_1434.jpg\",\"datePublished\":\"2018-09-21T21:35:37+00:00\",\"dateModified\":\"2021-03-04T10:52:26+00:00\",\"description\":\"Wygodna le\u017canka z tektury z funkcj\u0105 drapaka to co\u015b o czym marzy Tw\u00f3j kot. Wy\u015bmienita jako\u015b\u0107 oraz dba\u0142o\u015b\u0107 o detale zadowol\u0105 ka\u017cdego mruczka.\",\"breadcrumb\":{\"@id\":\"https:\/\/www.houseofcats.pl\/en\/shop\/sofa-cube\/#breadcrumb\"},\"inLanguage\":\"en-US\",\"potentialAction\":[{\"@type\":\"ReadAction\",\"target\":[\"https:\/\/www.houseofcats.pl\/en\/shop\/sofa-cube\/\"]}]},{\"@type\":\"ImageObject\",\"inLanguage\":\"en-US\",\"@id\":\"https:\/\/www.houseofcats.pl\/en\/shop\/sofa-cube\/#primaryimage\",\"url\":\"https:\/\/www.houseofcats.pl\/wp-content\/uploads\/2018\/09\/WN3_1434.jpg\",\"contentUrl\":\"https:\/\/www.houseofcats.pl\/wp-content\/uploads\/2018\/09\/WN3_1434.jpg\",\"width\":768,\"height\":768},{\"@type\":\"BreadcrumbList\",\"@id\":\"https:\/\/www.houseofcats.pl\/en\/shop\/sofa-cube\/#breadcrumb\",\"itemListElement\":[{\"@type\":\"ListItem\",\"position\":1,\"name\":\"Strona g\u0142\u00f3wna\",\"item\":\"https:\/\/www.houseofcats.pl\/en\/\"},{\"@type\":\"ListItem\",\"position\":2,\"name\":\"Sklep\",\"item\":\"https:\/\/www.houseofcats.pl\/sklep\/\"},{\"@type\":\"ListItem\",\"position\":3,\"name\":\"Sofa Cube\"}]},{\"@type\":\"WebSite\",\"@id\":\"https:\/\/www.houseofcats.pl\/en\/#website\",\"url\":\"https:\/\/www.houseofcats.pl\/en\/\",\"name\":\"Sklep internetowy House of Cats\",\"description\":\"Drapaki dla kot\u00f3w\",\"publisher\":{\"@id\":\"https:\/\/www.houseofcats.pl\/en\/#organization\"},\"potentialAction\":[{\"@type\":\"SearchAction\",\"target\":{\"@type\":\"EntryPoint\",\"urlTemplate\":\"https:\/\/www.houseofcats.pl\/en\/?s={search_term_string}\"},\"query-input\":{\"@type\":\"PropertyValueSpecification\",\"valueRequired\":true,\"valueName\":\"search_term_string\"}}],\"inLanguage\":\"en-US\"},{\"@type\":\"Organization\",\"@id\":\"https:\/\/www.houseofcats.pl\/en\/#organization\",\"name\":\"Sklep internetowy House of Cats\",\"url\":\"https:\/\/www.houseofcats.pl\/en\/\",\"logo\":{\"@type\":\"ImageObject\",\"inLanguage\":\"en-US\",\"@id\":\"https:\/\/www.houseofcats.pl\/en\/#\/schema\/logo\/image\/\",\"url\":\"https:\/\/www.houseofcats.pl\/wp-content\/uploads\/2024\/07\/Zrzut-ekranu-2017-07-11-o-23.35.44.png\",\"contentUrl\":\"https:\/\/www.houseofcats.pl\/wp-content\/uploads\/2024\/07\/Zrzut-ekranu-2017-07-11-o-23.35.44.png\",\"width\":496,\"height\":474,\"caption\":\"Sklep internetowy House of Cats\"},\"image\":{\"@id\":\"https:\/\/www.houseofcats.pl\/en\/#\/schema\/logo\/image\/\"},\"sameAs\":[\"https:\/\/www.facebook.com\/houseofcatspl\",\"https:\/\/www.instagram.com\/houseofcats.pl\/\",\"https:\/\/www.youtube.com\/@houseofcats5403\"]}]}<\/script>\n<!-- \/ Yoast SEO plugin. -->","yoast_head_json":{"title":"Drapak dla kota - Sofa Cube - Drapaki tekturowe - House of Cats","description":"Wygodna le\u017canka z tektury z funkcj\u0105 drapaka to co\u015b o czym marzy Tw\u00f3j kot. Wy\u015bmienita jako\u015b\u0107 oraz dba\u0142o\u015b\u0107 o detale zadowol\u0105 ka\u017cdego mruczka.","robots":{"index":"index","follow":"follow","max-snippet":"max-snippet:-1","max-image-preview":"max-image-preview:large","max-video-preview":"max-video-preview:-1"},"canonical":"https:\/\/www.houseofcats.pl\/en\/shop\/sofa-cube\/","og_locale":"en_US","og_type":"article","og_title":"Drapak dla kota - Sofa Cube - Drapaki tekturowe - House of Cats","og_description":"Wygodna le\u017canka z tektury z funkcj\u0105 drapaka to co\u015b o czym marzy Tw\u00f3j kot. Wy\u015bmienita jako\u015b\u0107 oraz dba\u0142o\u015b\u0107 o detale zadowol\u0105 ka\u017cdego mruczka.","og_url":"https:\/\/www.houseofcats.pl\/en\/shop\/sofa-cube\/","og_site_name":"Sklep internetowy House of Cats","article_publisher":"https:\/\/www.facebook.com\/houseofcatspl","article_modified_time":"2021-03-04T10:52:26+00:00","og_image":[{"width":768,"height":768,"url":"https:\/\/www.houseofcats.pl\/wp-content\/uploads\/2018\/09\/WN3_1434.jpg","type":"image\/jpeg"}],"twitter_card":"summary_large_image","twitter_misc":{"Est. reading time":"1 minute"},"schema":{"@context":"https:\/\/schema.org","@graph":[{"@type":"WebPage","@id":"https:\/\/www.houseofcats.pl\/en\/shop\/sofa-cube\/","url":"https:\/\/www.houseofcats.pl\/en\/shop\/sofa-cube\/","name":"Drapak dla kota - Sofa Cube - Drapaki tekturowe - House of Cats","isPartOf":{"@id":"https:\/\/www.houseofcats.pl\/en\/#website"},"primaryImageOfPage":{"@id":"https:\/\/www.houseofcats.pl\/en\/shop\/sofa-cube\/#primaryimage"},"image":{"@id":"https:\/\/www.houseofcats.pl\/en\/shop\/sofa-cube\/#primaryimage"},"thumbnailUrl":"https:\/\/www.houseofcats.pl\/wp-content\/uploads\/2018\/09\/WN3_1434.jpg","datePublished":"2018-09-21T21:35:37+00:00","dateModified":"2021-03-04T10:52:26+00:00","description":"Wygodna le\u017canka z tektury z funkcj\u0105 drapaka to co\u015b o czym marzy Tw\u00f3j kot. Wy\u015bmienita jako\u015b\u0107 oraz dba\u0142o\u015b\u0107 o detale zadowol\u0105 ka\u017cdego mruczka.","breadcrumb":{"@id":"https:\/\/www.houseofcats.pl\/en\/shop\/sofa-cube\/#breadcrumb"},"inLanguage":"en-US","potentialAction":[{"@type":"ReadAction","target":["https:\/\/www.houseofcats.pl\/en\/shop\/sofa-cube\/"]}]},{"@type":"ImageObject","inLanguage":"en-US","@id":"https:\/\/www.houseofcats.pl\/en\/shop\/sofa-cube\/#primaryimage","url":"https:\/\/www.houseofcats.pl\/wp-content\/uploads\/2018\/09\/WN3_1434.jpg","contentUrl":"https:\/\/www.houseofcats.pl\/wp-content\/uploads\/2018\/09\/WN3_1434.jpg","width":768,"height":768},{"@type":"BreadcrumbList","@id":"https:\/\/www.houseofcats.pl\/en\/shop\/sofa-cube\/#breadcrumb","itemListElement":[{"@type":"ListItem","position":1,"name":"Strona g\u0142\u00f3wna","item":"https:\/\/www.houseofcats.pl\/en\/"},{"@type":"ListItem","position":2,"name":"Sklep","item":"https:\/\/www.houseofcats.pl\/sklep\/"},{"@type":"ListItem","position":3,"name":"Sofa Cube"}]},{"@type":"WebSite","@id":"https:\/\/www.houseofcats.pl\/en\/#website","url":"https:\/\/www.houseofcats.pl\/en\/","name":"Sklep internetowy House of Cats","description":"Drapaki dla kot\u00f3w","publisher":{"@id":"https:\/\/www.houseofcats.pl\/en\/#organization"},"potentialAction":[{"@type":"SearchAction","target":{"@type":"EntryPoint","urlTemplate":"https:\/\/www.houseofcats.pl\/en\/?s={search_term_string}"},"query-input":{"@type":"PropertyValueSpecification","valueRequired":true,"valueName":"search_term_string"}}],"inLanguage":"en-US"},{"@type":"Organization","@id":"https:\/\/www.houseofcats.pl\/en\/#organization","name":"Sklep internetowy House of Cats","url":"https:\/\/www.houseofcats.pl\/en\/","logo":{"@type":"ImageObject","inLanguage":"en-US","@id":"https:\/\/www.houseofcats.pl\/en\/#\/schema\/logo\/image\/","url":"https:\/\/www.houseofcats.pl\/wp-content\/uploads\/2024\/07\/Zrzut-ekranu-2017-07-11-o-23.35.44.png","contentUrl":"https:\/\/www.houseofcats.pl\/wp-content\/uploads\/2024\/07\/Zrzut-ekranu-2017-07-11-o-23.35.44.png","width":496,"height":474,"caption":"Sklep internetowy House of Cats"},"image":{"@id":"https:\/\/www.houseofcats.pl\/en\/#\/schema\/logo\/image\/"},"sameAs":["https:\/\/www.facebook.com\/houseofcatspl","https:\/\/www.instagram.com\/houseofcats.pl\/","https:\/\/www.youtube.com\/@houseofcats5403"]}]}},"_links":{"self":[{"href":"https:\/\/www.houseofcats.pl\/en\/wp-json\/wp\/v2\/product\/3667"}],"collection":[{"href":"https:\/\/www.houseofcats.pl\/en\/wp-json\/wp\/v2\/product"}],"about":[{"href":"https:\/\/www.houseofcats.pl\/en\/wp-json\/wp\/v2\/types\/product"}],"wp:featuredmedia":[{"embeddable":true,"href":"https:\/\/www.houseofcats.pl\/en\/wp-json\/wp\/v2\/media\/3673"}],"wp:attachment":[{"href":"https:\/\/www.houseofcats.pl\/en\/wp-json\/wp\/v2\/media?parent=3667"}],"wp:term":[{"taxonomy":"product_brand","embeddable":true,"href":"https:\/\/www.houseofcats.pl\/en\/wp-json\/wp\/v2\/product_brand?post=3667"},{"taxonomy":"product_cat","embeddable":true,"href":"https:\/\/www.houseofcats.pl\/en\/wp-json\/wp\/v2\/product_cat?post=3667"},{"taxonomy":"product_tag","embeddable":true,"href":"https:\/\/www.houseofcats.pl\/en\/wp-json\/wp\/v2\/product_tag?post=3667"}],"curies":[{"name":"wp","href":"https:\/\/api.w.org\/{rel}","templated":true}]}}