{"id":3697,"date":"2017-06-12T11:07:20","date_gmt":"2017-06-12T09:07:20","guid":{"rendered":"https:\/\/www.houseofcats.pl\/sklep\/comfy-black\/"},"modified":"2017-06-12T11:07:20","modified_gmt":"2017-06-12T09:07:20","slug":"comfy-black","status":"publish","type":"product","link":"https:\/\/www.houseofcats.pl\/en\/shop\/comfy-black\/","title":{"rendered":"Comfy Black"},"content":{"rendered":"<p>[:pl]Comfy to nowy drapak z funkcj\u0105 wygodnej le\u017canki.\u00a0Przy tworzeniu Comfy przy\u015bwieca\u0142a Nam idea stworzenia niewielkiego \u00a0drapaka, kt\u00f3ry by\u0142by dostosowany\u00a0do kociej anatomii.<\/p>\n<h3>..aby poczu\u0142 si\u0119 komfortowo..<\/h3>\n<p>Stylowy kszta\u0142t przypominaj\u0105cy szlachetn\u0105 sof\u0119 oraz uniwersalny kolor okleiny z pewno\u015bci\u0105 przypadnie mu do gustu ka\u017cdemu u\u017cytkownikowi oraz wpasuje si\u0119 w Pa\u0144stwa wn\u0119trza.<\/p>\n<hr \/>\n<p>Wymiary drapak\u00f3w Comfy: G\u0142: 27 cm, Sz: 50 cm, W: 9 cm<\/p>\n<p>Waga 1,1 kg[:en]Comfy is a new scratcher with a comfortable couch. When creating Comfy we were guided by the idea of creating a small scratch that would be adapted to feline anatomy.<\/p>\n<h3>He felt comfortable ..<\/h3>\n<p>Stylish design resembling a noble sofa and a universal color of veneer will surely appeal to every user and fits into your interior.<\/p>\n<hr \/>\n<p>Size Comfy: 27 cm x 50 cm x 9 cm<\/p>\n<p>Weight 1,1 kg[:de]Unser neuer Kratzbaum mit der Funktion einer bequemen Liege. Bei der Erstellung von Comfy f\u00fchrte uns auf die Idee, einen kleinen Kratzbaum zu schaffen, die an die Katze Anatomie angepasst sein wird.<\/p>\n<h3>sich wohl f\u00fchlen ..<\/h3>\n<p>Stilvoll geformte Sofa, so wie edle und universale Farbe wird sicherlich jedem Benutzer sehr gut gefallen. Die Sofa wird sich auch Ihren Innenraum perfekt einpassen.<\/p>\n<hr \/>\n<p>Produktabmessungen Comfy: T: 27 cm, B: 50 cm, H: 9 cm<\/p>\n<p>Gewicht 1,1 kg[:es]C\u00f3modo es un nuevo poste de rasgu\u00f1o con la funci\u00f3n de un c\u00f3modo sof\u00e1. Al crear c\u00f3modo guiada idea Nam de crear un peque\u00f1o puesto de ara\u00f1azos, que se adapta a la anatom\u00eda del gato.<\/p>\n<h3>..aby sent\u00eda c\u00f3modo ..<\/h3>\n<p>Elegante sof\u00e1 con forma de un color noble y universal seguramente chapa de su agrado, y cada usuario va a caber en su interior.<\/p>\n<hr \/>\n<p>Producto de tama\u00f1o Comfy: 9 cm x 50 cm x 27 cm<\/p>\n<p>Peso 1,1 kg[:]<\/p>\n","protected":false},"excerpt":{"rendered":"<p>[:pl]Comfy to nowy drapak z funkcj\u0105 wygodnej le\u017canki.\u00a0Przy tworzeniu Comfy przy\u015bwieca\u0142a Nam idea stworzenia niewielkiego \u00a0drapaka, kt\u00f3ry by\u0142by dostosowany\u00a0do kociej anatomii.[:]<\/p>\n","protected":false},"featured_media":3714,"template":"","meta":{"_acf_changed":false},"product_brand":[],"product_cat":[169],"product_tag":[190,191],"class_list":{"0":"post-3697","1":"product","2":"type-product","3":"status-publish","4":"has-post-thumbnail","6":"product_cat-comfy-en","7":"product_tag-comfy-drapak-en","8":"product_tag-house-of-cats-en","10":"first","11":"instock","12":"sale","13":"taxable","14":"shipping-taxable","15":"purchasable","16":"product-type-simple"},"acf":[],"yoast_head":"<!-- This site is optimized with the Yoast SEO plugin v25.6 - https:\/\/yoast.com\/wordpress\/plugins\/seo\/ -->\n<title>Drapak dla kota - Comfy Black - Drapaki tekturowe - House of Cats<\/title>\n<meta name=\"description\" content=\"Drapak tekturowy dla kota o nazwie Comfy Black od House of Cats to przede wszystkim wygoda dla Twojego kota i niedu\u017cy wydatek da Ciebie.\" \/>\n<meta name=\"robots\" content=\"index, follow, max-snippet:-1, max-image-preview:large, max-video-preview:-1\" \/>\n<link rel=\"canonical\" href=\"https:\/\/www.houseofcats.pl\/en\/shop\/comfy-black\/\" \/>\n<meta property=\"og:locale\" content=\"en_US\" \/>\n<meta property=\"og:type\" content=\"article\" \/>\n<meta property=\"og:title\" content=\"Drapak dla kota - Comfy Black - Drapaki tekturowe - House of Cats\" \/>\n<meta property=\"og:description\" content=\"Drapak tekturowy dla kota o nazwie Comfy Black od House of Cats to przede wszystkim wygoda dla Twojego kota i niedu\u017cy wydatek da Ciebie.\" \/>\n<meta property=\"og:url\" content=\"https:\/\/www.houseofcats.pl\/en\/shop\/comfy-black\/\" \/>\n<meta property=\"og:site_name\" content=\"Sklep internetowy House of Cats\" \/>\n<meta property=\"article:publisher\" content=\"https:\/\/www.facebook.com\/houseofcatspl\" \/>\n<meta property=\"og:image\" content=\"https:\/\/www.houseofcats.pl\/wp-content\/uploads\/2017\/06\/IMG_2485-1.jpg\" \/>\n\t<meta property=\"og:image:width\" content=\"1024\" \/>\n\t<meta property=\"og:image:height\" content=\"1024\" \/>\n\t<meta property=\"og:image:type\" content=\"image\/jpeg\" \/>\n<meta name=\"twitter:card\" content=\"summary_large_image\" \/>\n<meta name=\"twitter:label1\" content=\"Est. reading time\" \/>\n\t<meta name=\"twitter:data1\" content=\"1 minute\" \/>\n<script type=\"application\/ld+json\" class=\"yoast-schema-graph\">{\"@context\":\"https:\/\/schema.org\",\"@graph\":[{\"@type\":\"WebPage\",\"@id\":\"https:\/\/www.houseofcats.pl\/en\/shop\/comfy-black\/\",\"url\":\"https:\/\/www.houseofcats.pl\/en\/shop\/comfy-black\/\",\"name\":\"Drapak dla kota - Comfy Black - Drapaki tekturowe - House of Cats\",\"isPartOf\":{\"@id\":\"https:\/\/www.houseofcats.pl\/en\/#website\"},\"primaryImageOfPage\":{\"@id\":\"https:\/\/www.houseofcats.pl\/en\/shop\/comfy-black\/#primaryimage\"},\"image\":{\"@id\":\"https:\/\/www.houseofcats.pl\/en\/shop\/comfy-black\/#primaryimage\"},\"thumbnailUrl\":\"https:\/\/www.houseofcats.pl\/wp-content\/uploads\/2017\/06\/IMG_2485-1.jpg\",\"datePublished\":\"2017-06-12T09:07:20+00:00\",\"description\":\"Drapak tekturowy dla kota o nazwie Comfy Black od House of Cats to przede wszystkim wygoda dla Twojego kota i niedu\u017cy wydatek da Ciebie.\",\"breadcrumb\":{\"@id\":\"https:\/\/www.houseofcats.pl\/en\/shop\/comfy-black\/#breadcrumb\"},\"inLanguage\":\"en-US\",\"potentialAction\":[{\"@type\":\"ReadAction\",\"target\":[\"https:\/\/www.houseofcats.pl\/en\/shop\/comfy-black\/\"]}]},{\"@type\":\"ImageObject\",\"inLanguage\":\"en-US\",\"@id\":\"https:\/\/www.houseofcats.pl\/en\/shop\/comfy-black\/#primaryimage\",\"url\":\"https:\/\/www.houseofcats.pl\/wp-content\/uploads\/2017\/06\/IMG_2485-1.jpg\",\"contentUrl\":\"https:\/\/www.houseofcats.pl\/wp-content\/uploads\/2017\/06\/IMG_2485-1.jpg\",\"width\":1024,\"height\":1024,\"caption\":\"x-default\"},{\"@type\":\"BreadcrumbList\",\"@id\":\"https:\/\/www.houseofcats.pl\/en\/shop\/comfy-black\/#breadcrumb\",\"itemListElement\":[{\"@type\":\"ListItem\",\"position\":1,\"name\":\"Strona g\u0142\u00f3wna\",\"item\":\"https:\/\/www.houseofcats.pl\/en\/\"},{\"@type\":\"ListItem\",\"position\":2,\"name\":\"Sklep\",\"item\":\"https:\/\/www.houseofcats.pl\/sklep\/\"},{\"@type\":\"ListItem\",\"position\":3,\"name\":\"Comfy Black\"}]},{\"@type\":\"WebSite\",\"@id\":\"https:\/\/www.houseofcats.pl\/en\/#website\",\"url\":\"https:\/\/www.houseofcats.pl\/en\/\",\"name\":\"Sklep internetowy House of Cats\",\"description\":\"Drapaki dla kot\u00f3w\",\"publisher\":{\"@id\":\"https:\/\/www.houseofcats.pl\/en\/#organization\"},\"potentialAction\":[{\"@type\":\"SearchAction\",\"target\":{\"@type\":\"EntryPoint\",\"urlTemplate\":\"https:\/\/www.houseofcats.pl\/en\/?s={search_term_string}\"},\"query-input\":{\"@type\":\"PropertyValueSpecification\",\"valueRequired\":true,\"valueName\":\"search_term_string\"}}],\"inLanguage\":\"en-US\"},{\"@type\":\"Organization\",\"@id\":\"https:\/\/www.houseofcats.pl\/en\/#organization\",\"name\":\"Sklep internetowy House of Cats\",\"url\":\"https:\/\/www.houseofcats.pl\/en\/\",\"logo\":{\"@type\":\"ImageObject\",\"inLanguage\":\"en-US\",\"@id\":\"https:\/\/www.houseofcats.pl\/en\/#\/schema\/logo\/image\/\",\"url\":\"https:\/\/www.houseofcats.pl\/wp-content\/uploads\/2024\/07\/Zrzut-ekranu-2017-07-11-o-23.35.44.png\",\"contentUrl\":\"https:\/\/www.houseofcats.pl\/wp-content\/uploads\/2024\/07\/Zrzut-ekranu-2017-07-11-o-23.35.44.png\",\"width\":496,\"height\":474,\"caption\":\"Sklep internetowy House of Cats\"},\"image\":{\"@id\":\"https:\/\/www.houseofcats.pl\/en\/#\/schema\/logo\/image\/\"},\"sameAs\":[\"https:\/\/www.facebook.com\/houseofcatspl\",\"https:\/\/www.instagram.com\/houseofcats.pl\/\",\"https:\/\/www.youtube.com\/@houseofcats5403\"]}]}<\/script>\n<!-- \/ Yoast SEO plugin. -->","yoast_head_json":{"title":"Drapak dla kota - Comfy Black - Drapaki tekturowe - House of Cats","description":"Drapak tekturowy dla kota o nazwie Comfy Black od House of Cats to przede wszystkim wygoda dla Twojego kota i niedu\u017cy wydatek da Ciebie.","robots":{"index":"index","follow":"follow","max-snippet":"max-snippet:-1","max-image-preview":"max-image-preview:large","max-video-preview":"max-video-preview:-1"},"canonical":"https:\/\/www.houseofcats.pl\/en\/shop\/comfy-black\/","og_locale":"en_US","og_type":"article","og_title":"Drapak dla kota - Comfy Black - Drapaki tekturowe - House of Cats","og_description":"Drapak tekturowy dla kota o nazwie Comfy Black od House of Cats to przede wszystkim wygoda dla Twojego kota i niedu\u017cy wydatek da Ciebie.","og_url":"https:\/\/www.houseofcats.pl\/en\/shop\/comfy-black\/","og_site_name":"Sklep internetowy House of Cats","article_publisher":"https:\/\/www.facebook.com\/houseofcatspl","og_image":[{"width":1024,"height":1024,"url":"https:\/\/www.houseofcats.pl\/wp-content\/uploads\/2017\/06\/IMG_2485-1.jpg","type":"image\/jpeg"}],"twitter_card":"summary_large_image","twitter_misc":{"Est. reading time":"1 minute"},"schema":{"@context":"https:\/\/schema.org","@graph":[{"@type":"WebPage","@id":"https:\/\/www.houseofcats.pl\/en\/shop\/comfy-black\/","url":"https:\/\/www.houseofcats.pl\/en\/shop\/comfy-black\/","name":"Drapak dla kota - Comfy Black - Drapaki tekturowe - House of Cats","isPartOf":{"@id":"https:\/\/www.houseofcats.pl\/en\/#website"},"primaryImageOfPage":{"@id":"https:\/\/www.houseofcats.pl\/en\/shop\/comfy-black\/#primaryimage"},"image":{"@id":"https:\/\/www.houseofcats.pl\/en\/shop\/comfy-black\/#primaryimage"},"thumbnailUrl":"https:\/\/www.houseofcats.pl\/wp-content\/uploads\/2017\/06\/IMG_2485-1.jpg","datePublished":"2017-06-12T09:07:20+00:00","description":"Drapak tekturowy dla kota o nazwie Comfy Black od House of Cats to przede wszystkim wygoda dla Twojego kota i niedu\u017cy wydatek da Ciebie.","breadcrumb":{"@id":"https:\/\/www.houseofcats.pl\/en\/shop\/comfy-black\/#breadcrumb"},"inLanguage":"en-US","potentialAction":[{"@type":"ReadAction","target":["https:\/\/www.houseofcats.pl\/en\/shop\/comfy-black\/"]}]},{"@type":"ImageObject","inLanguage":"en-US","@id":"https:\/\/www.houseofcats.pl\/en\/shop\/comfy-black\/#primaryimage","url":"https:\/\/www.houseofcats.pl\/wp-content\/uploads\/2017\/06\/IMG_2485-1.jpg","contentUrl":"https:\/\/www.houseofcats.pl\/wp-content\/uploads\/2017\/06\/IMG_2485-1.jpg","width":1024,"height":1024,"caption":"x-default"},{"@type":"BreadcrumbList","@id":"https:\/\/www.houseofcats.pl\/en\/shop\/comfy-black\/#breadcrumb","itemListElement":[{"@type":"ListItem","position":1,"name":"Strona g\u0142\u00f3wna","item":"https:\/\/www.houseofcats.pl\/en\/"},{"@type":"ListItem","position":2,"name":"Sklep","item":"https:\/\/www.houseofcats.pl\/sklep\/"},{"@type":"ListItem","position":3,"name":"Comfy Black"}]},{"@type":"WebSite","@id":"https:\/\/www.houseofcats.pl\/en\/#website","url":"https:\/\/www.houseofcats.pl\/en\/","name":"Sklep internetowy House of Cats","description":"Drapaki dla kot\u00f3w","publisher":{"@id":"https:\/\/www.houseofcats.pl\/en\/#organization"},"potentialAction":[{"@type":"SearchAction","target":{"@type":"EntryPoint","urlTemplate":"https:\/\/www.houseofcats.pl\/en\/?s={search_term_string}"},"query-input":{"@type":"PropertyValueSpecification","valueRequired":true,"valueName":"search_term_string"}}],"inLanguage":"en-US"},{"@type":"Organization","@id":"https:\/\/www.houseofcats.pl\/en\/#organization","name":"Sklep internetowy House of Cats","url":"https:\/\/www.houseofcats.pl\/en\/","logo":{"@type":"ImageObject","inLanguage":"en-US","@id":"https:\/\/www.houseofcats.pl\/en\/#\/schema\/logo\/image\/","url":"https:\/\/www.houseofcats.pl\/wp-content\/uploads\/2024\/07\/Zrzut-ekranu-2017-07-11-o-23.35.44.png","contentUrl":"https:\/\/www.houseofcats.pl\/wp-content\/uploads\/2024\/07\/Zrzut-ekranu-2017-07-11-o-23.35.44.png","width":496,"height":474,"caption":"Sklep internetowy House of Cats"},"image":{"@id":"https:\/\/www.houseofcats.pl\/en\/#\/schema\/logo\/image\/"},"sameAs":["https:\/\/www.facebook.com\/houseofcatspl","https:\/\/www.instagram.com\/houseofcats.pl\/","https:\/\/www.youtube.com\/@houseofcats5403"]}]}},"_links":{"self":[{"href":"https:\/\/www.houseofcats.pl\/en\/wp-json\/wp\/v2\/product\/3697"}],"collection":[{"href":"https:\/\/www.houseofcats.pl\/en\/wp-json\/wp\/v2\/product"}],"about":[{"href":"https:\/\/www.houseofcats.pl\/en\/wp-json\/wp\/v2\/types\/product"}],"wp:featuredmedia":[{"embeddable":true,"href":"https:\/\/www.houseofcats.pl\/en\/wp-json\/wp\/v2\/media\/3714"}],"wp:attachment":[{"href":"https:\/\/www.houseofcats.pl\/en\/wp-json\/wp\/v2\/media?parent=3697"}],"wp:term":[{"taxonomy":"product_brand","embeddable":true,"href":"https:\/\/www.houseofcats.pl\/en\/wp-json\/wp\/v2\/product_brand?post=3697"},{"taxonomy":"product_cat","embeddable":true,"href":"https:\/\/www.houseofcats.pl\/en\/wp-json\/wp\/v2\/product_cat?post=3697"},{"taxonomy":"product_tag","embeddable":true,"href":"https:\/\/www.houseofcats.pl\/en\/wp-json\/wp\/v2\/product_tag?post=3697"}],"curies":[{"name":"wp","href":"https:\/\/api.w.org\/{rel}","templated":true}]}}