{"id":3763,"date":"2017-06-03T10:56:00","date_gmt":"2017-06-03T08:56:00","guid":{"rendered":"https:\/\/www.houseofcats.pl\/sklep\/elipso-black\/"},"modified":"2024-10-04T23:55:54","modified_gmt":"2024-10-04T21:55:54","slug":"elipso-black","status":"publish","type":"product","link":"https:\/\/www.houseofcats.pl\/en\/shop\/elipso-black\/","title":{"rendered":"Elipso Black"},"content":{"rendered":"<p>A little something for cats\u2019 claws \u2013 Elipso scratching post. Its functionality is combined with a fashionable pattern referring to modern design. Cats also deserve exceptional things, therefore designers have done their best to make the scratching post look really impressive. The material that fulfils cats\u2019 needs, that is, a good-quality cardboard was used\u00a0 in the production of the scratching post.<\/p>\n<h3><b>Elipso scratching post\u00a0 \u2013 a definition of your cat\u2019s comfort!<\/b><\/h3>\n<p>It is suitably soft and pleasant to touch. It is fit for a long-lasting scratching and solid construction prevent from being easily destroyed even by the sharpest claws. An elliptical shape, a big, specially cut opening for a cat to rest and a suitably big size of the scratching post as it was designed for all kinds of cats, no matter if it is a big cat or a little kitten.<\/p>\n<hr \/>\n<p>Size product Elipso: H 42 cm, W 68 cm, D 27 cm<\/p>\n<p>Weight 3,8 kg<\/p>\n","protected":false},"excerpt":{"rendered":"<p>A little something for cats\u2019 claws \u2013 Elipso scratching post. Its functionality is combined with a fashionable pattern referring to modern design. Cats also deserve exceptional things, therefore designers have done their best to make the scratching post look really impressive. The material that fulfils cats\u2019 needs, that is, a good-quality cardboard was used\u00a0 in &hellip;<\/p>\n","protected":false},"featured_media":3738,"template":"","meta":{"_acf_changed":false},"product_brand":[],"product_cat":[171],"product_tag":[173,196,195,194,178],"class_list":{"0":"post-3763","1":"product","2":"type-product","3":"status-publish","4":"has-post-thumbnail","6":"product_cat-elipso-en","7":"product_tag-drapak-en","8":"product_tag-elipso-en","9":"product_tag-houseofcats-en","10":"product_tag-karton-en","11":"product_tag-tektura-en","13":"first","14":"instock","15":"taxable","16":"shipping-taxable","17":"purchasable","18":"product-type-simple"},"acf":[],"yoast_head":"<!-- This site is optimized with the Yoast SEO plugin v25.6 - https:\/\/yoast.com\/wordpress\/plugins\/seo\/ -->\n<title>Drapak dla kota - Elipso Black - Drapaki tekturowe - House of Cats<\/title>\n<meta name=\"description\" content=\"Nowo\u015b\u0107 od House of Cats. Drapak Elipso to drapak, kt\u00f3ry powsta\u0142 z my\u015bl\u0105 o du\u017cych kotach. Elipso to przestronne wn\u0119trze oraz du\u017ca powierzchnia.\" \/>\n<meta name=\"robots\" content=\"index, follow, max-snippet:-1, max-image-preview:large, max-video-preview:-1\" \/>\n<link rel=\"canonical\" href=\"https:\/\/www.houseofcats.pl\/en\/shop\/elipso-black\/\" \/>\n<meta property=\"og:locale\" content=\"en_US\" \/>\n<meta property=\"og:type\" content=\"article\" \/>\n<meta property=\"og:title\" content=\"Drapak dla kota - Elipso Black - Drapaki tekturowe - House of Cats\" \/>\n<meta property=\"og:description\" content=\"Nowo\u015b\u0107 od House of Cats. Drapak Elipso to drapak, kt\u00f3ry powsta\u0142 z my\u015bl\u0105 o du\u017cych kotach. Elipso to przestronne wn\u0119trze oraz du\u017ca powierzchnia.\" \/>\n<meta property=\"og:url\" content=\"https:\/\/www.houseofcats.pl\/en\/shop\/elipso-black\/\" \/>\n<meta property=\"og:site_name\" content=\"Sklep internetowy House of Cats\" \/>\n<meta property=\"article:publisher\" content=\"https:\/\/www.facebook.com\/houseofcatspl\" \/>\n<meta property=\"article:modified_time\" content=\"2024-10-04T21:55:54+00:00\" \/>\n<meta property=\"og:image\" content=\"http:\/\/www.houseofcats.pl\/wp-content\/uploads\/2017\/06\/IMG_1628-2-scaled.jpg\" \/>\n\t<meta property=\"og:image:width\" content=\"2560\" \/>\n\t<meta property=\"og:image:height\" content=\"2560\" \/>\n\t<meta property=\"og:image:type\" content=\"image\/jpeg\" \/>\n<meta name=\"twitter:card\" content=\"summary_large_image\" \/>\n<meta name=\"twitter:label1\" content=\"Est. reading time\" \/>\n\t<meta name=\"twitter:data1\" content=\"2 minutes\" \/>\n<script type=\"application\/ld+json\" class=\"yoast-schema-graph\">{\"@context\":\"https:\/\/schema.org\",\"@graph\":[{\"@type\":\"WebPage\",\"@id\":\"https:\/\/www.houseofcats.pl\/en\/shop\/elipso-black\/\",\"url\":\"https:\/\/www.houseofcats.pl\/en\/shop\/elipso-black\/\",\"name\":\"Drapak dla kota - Elipso Black - Drapaki tekturowe - House of Cats\",\"isPartOf\":{\"@id\":\"https:\/\/www.houseofcats.pl\/en\/#website\"},\"primaryImageOfPage\":{\"@id\":\"https:\/\/www.houseofcats.pl\/en\/shop\/elipso-black\/#primaryimage\"},\"image\":{\"@id\":\"https:\/\/www.houseofcats.pl\/en\/shop\/elipso-black\/#primaryimage\"},\"thumbnailUrl\":\"https:\/\/www.houseofcats.pl\/wp-content\/uploads\/2017\/06\/IMG_1628-2-scaled.jpg\",\"datePublished\":\"2017-06-03T08:56:00+00:00\",\"dateModified\":\"2024-10-04T21:55:54+00:00\",\"description\":\"Nowo\u015b\u0107 od House of Cats. Drapak Elipso to drapak, kt\u00f3ry powsta\u0142 z my\u015bl\u0105 o du\u017cych kotach. Elipso to przestronne wn\u0119trze oraz du\u017ca powierzchnia.\",\"breadcrumb\":{\"@id\":\"https:\/\/www.houseofcats.pl\/en\/shop\/elipso-black\/#breadcrumb\"},\"inLanguage\":\"en-US\",\"potentialAction\":[{\"@type\":\"ReadAction\",\"target\":[\"https:\/\/www.houseofcats.pl\/en\/shop\/elipso-black\/\"]}]},{\"@type\":\"ImageObject\",\"inLanguage\":\"en-US\",\"@id\":\"https:\/\/www.houseofcats.pl\/en\/shop\/elipso-black\/#primaryimage\",\"url\":\"https:\/\/www.houseofcats.pl\/wp-content\/uploads\/2017\/06\/IMG_1628-2-scaled.jpg\",\"contentUrl\":\"https:\/\/www.houseofcats.pl\/wp-content\/uploads\/2017\/06\/IMG_1628-2-scaled.jpg\",\"width\":2560,\"height\":2560},{\"@type\":\"BreadcrumbList\",\"@id\":\"https:\/\/www.houseofcats.pl\/en\/shop\/elipso-black\/#breadcrumb\",\"itemListElement\":[{\"@type\":\"ListItem\",\"position\":1,\"name\":\"Strona g\u0142\u00f3wna\",\"item\":\"https:\/\/www.houseofcats.pl\/en\/\"},{\"@type\":\"ListItem\",\"position\":2,\"name\":\"Sklep\",\"item\":\"https:\/\/www.houseofcats.pl\/sklep\/\"},{\"@type\":\"ListItem\",\"position\":3,\"name\":\"Elipso Black\"}]},{\"@type\":\"WebSite\",\"@id\":\"https:\/\/www.houseofcats.pl\/en\/#website\",\"url\":\"https:\/\/www.houseofcats.pl\/en\/\",\"name\":\"Sklep internetowy House of Cats\",\"description\":\"Drapaki dla kot\u00f3w\",\"publisher\":{\"@id\":\"https:\/\/www.houseofcats.pl\/en\/#organization\"},\"potentialAction\":[{\"@type\":\"SearchAction\",\"target\":{\"@type\":\"EntryPoint\",\"urlTemplate\":\"https:\/\/www.houseofcats.pl\/en\/?s={search_term_string}\"},\"query-input\":{\"@type\":\"PropertyValueSpecification\",\"valueRequired\":true,\"valueName\":\"search_term_string\"}}],\"inLanguage\":\"en-US\"},{\"@type\":\"Organization\",\"@id\":\"https:\/\/www.houseofcats.pl\/en\/#organization\",\"name\":\"Sklep internetowy House of Cats\",\"url\":\"https:\/\/www.houseofcats.pl\/en\/\",\"logo\":{\"@type\":\"ImageObject\",\"inLanguage\":\"en-US\",\"@id\":\"https:\/\/www.houseofcats.pl\/en\/#\/schema\/logo\/image\/\",\"url\":\"https:\/\/www.houseofcats.pl\/wp-content\/uploads\/2024\/07\/Zrzut-ekranu-2017-07-11-o-23.35.44.png\",\"contentUrl\":\"https:\/\/www.houseofcats.pl\/wp-content\/uploads\/2024\/07\/Zrzut-ekranu-2017-07-11-o-23.35.44.png\",\"width\":496,\"height\":474,\"caption\":\"Sklep internetowy House of Cats\"},\"image\":{\"@id\":\"https:\/\/www.houseofcats.pl\/en\/#\/schema\/logo\/image\/\"},\"sameAs\":[\"https:\/\/www.facebook.com\/houseofcatspl\",\"https:\/\/www.instagram.com\/houseofcats.pl\/\",\"https:\/\/www.youtube.com\/@houseofcats5403\"]}]}<\/script>\n<!-- \/ Yoast SEO plugin. -->","yoast_head_json":{"title":"Drapak dla kota - Elipso Black - Drapaki tekturowe - House of Cats","description":"Nowo\u015b\u0107 od House of Cats. Drapak Elipso to drapak, kt\u00f3ry powsta\u0142 z my\u015bl\u0105 o du\u017cych kotach. Elipso to przestronne wn\u0119trze oraz du\u017ca powierzchnia.","robots":{"index":"index","follow":"follow","max-snippet":"max-snippet:-1","max-image-preview":"max-image-preview:large","max-video-preview":"max-video-preview:-1"},"canonical":"https:\/\/www.houseofcats.pl\/en\/shop\/elipso-black\/","og_locale":"en_US","og_type":"article","og_title":"Drapak dla kota - Elipso Black - Drapaki tekturowe - House of Cats","og_description":"Nowo\u015b\u0107 od House of Cats. Drapak Elipso to drapak, kt\u00f3ry powsta\u0142 z my\u015bl\u0105 o du\u017cych kotach. Elipso to przestronne wn\u0119trze oraz du\u017ca powierzchnia.","og_url":"https:\/\/www.houseofcats.pl\/en\/shop\/elipso-black\/","og_site_name":"Sklep internetowy House of Cats","article_publisher":"https:\/\/www.facebook.com\/houseofcatspl","article_modified_time":"2024-10-04T21:55:54+00:00","og_image":[{"width":2560,"height":2560,"url":"http:\/\/www.houseofcats.pl\/wp-content\/uploads\/2017\/06\/IMG_1628-2-scaled.jpg","type":"image\/jpeg"}],"twitter_card":"summary_large_image","twitter_misc":{"Est. reading time":"2 minutes"},"schema":{"@context":"https:\/\/schema.org","@graph":[{"@type":"WebPage","@id":"https:\/\/www.houseofcats.pl\/en\/shop\/elipso-black\/","url":"https:\/\/www.houseofcats.pl\/en\/shop\/elipso-black\/","name":"Drapak dla kota - Elipso Black - Drapaki tekturowe - House of Cats","isPartOf":{"@id":"https:\/\/www.houseofcats.pl\/en\/#website"},"primaryImageOfPage":{"@id":"https:\/\/www.houseofcats.pl\/en\/shop\/elipso-black\/#primaryimage"},"image":{"@id":"https:\/\/www.houseofcats.pl\/en\/shop\/elipso-black\/#primaryimage"},"thumbnailUrl":"https:\/\/www.houseofcats.pl\/wp-content\/uploads\/2017\/06\/IMG_1628-2-scaled.jpg","datePublished":"2017-06-03T08:56:00+00:00","dateModified":"2024-10-04T21:55:54+00:00","description":"Nowo\u015b\u0107 od House of Cats. Drapak Elipso to drapak, kt\u00f3ry powsta\u0142 z my\u015bl\u0105 o du\u017cych kotach. Elipso to przestronne wn\u0119trze oraz du\u017ca powierzchnia.","breadcrumb":{"@id":"https:\/\/www.houseofcats.pl\/en\/shop\/elipso-black\/#breadcrumb"},"inLanguage":"en-US","potentialAction":[{"@type":"ReadAction","target":["https:\/\/www.houseofcats.pl\/en\/shop\/elipso-black\/"]}]},{"@type":"ImageObject","inLanguage":"en-US","@id":"https:\/\/www.houseofcats.pl\/en\/shop\/elipso-black\/#primaryimage","url":"https:\/\/www.houseofcats.pl\/wp-content\/uploads\/2017\/06\/IMG_1628-2-scaled.jpg","contentUrl":"https:\/\/www.houseofcats.pl\/wp-content\/uploads\/2017\/06\/IMG_1628-2-scaled.jpg","width":2560,"height":2560},{"@type":"BreadcrumbList","@id":"https:\/\/www.houseofcats.pl\/en\/shop\/elipso-black\/#breadcrumb","itemListElement":[{"@type":"ListItem","position":1,"name":"Strona g\u0142\u00f3wna","item":"https:\/\/www.houseofcats.pl\/en\/"},{"@type":"ListItem","position":2,"name":"Sklep","item":"https:\/\/www.houseofcats.pl\/sklep\/"},{"@type":"ListItem","position":3,"name":"Elipso Black"}]},{"@type":"WebSite","@id":"https:\/\/www.houseofcats.pl\/en\/#website","url":"https:\/\/www.houseofcats.pl\/en\/","name":"Sklep internetowy House of Cats","description":"Drapaki dla kot\u00f3w","publisher":{"@id":"https:\/\/www.houseofcats.pl\/en\/#organization"},"potentialAction":[{"@type":"SearchAction","target":{"@type":"EntryPoint","urlTemplate":"https:\/\/www.houseofcats.pl\/en\/?s={search_term_string}"},"query-input":{"@type":"PropertyValueSpecification","valueRequired":true,"valueName":"search_term_string"}}],"inLanguage":"en-US"},{"@type":"Organization","@id":"https:\/\/www.houseofcats.pl\/en\/#organization","name":"Sklep internetowy House of Cats","url":"https:\/\/www.houseofcats.pl\/en\/","logo":{"@type":"ImageObject","inLanguage":"en-US","@id":"https:\/\/www.houseofcats.pl\/en\/#\/schema\/logo\/image\/","url":"https:\/\/www.houseofcats.pl\/wp-content\/uploads\/2024\/07\/Zrzut-ekranu-2017-07-11-o-23.35.44.png","contentUrl":"https:\/\/www.houseofcats.pl\/wp-content\/uploads\/2024\/07\/Zrzut-ekranu-2017-07-11-o-23.35.44.png","width":496,"height":474,"caption":"Sklep internetowy House of Cats"},"image":{"@id":"https:\/\/www.houseofcats.pl\/en\/#\/schema\/logo\/image\/"},"sameAs":["https:\/\/www.facebook.com\/houseofcatspl","https:\/\/www.instagram.com\/houseofcats.pl\/","https:\/\/www.youtube.com\/@houseofcats5403"]}]}},"_links":{"self":[{"href":"https:\/\/www.houseofcats.pl\/en\/wp-json\/wp\/v2\/product\/3763"}],"collection":[{"href":"https:\/\/www.houseofcats.pl\/en\/wp-json\/wp\/v2\/product"}],"about":[{"href":"https:\/\/www.houseofcats.pl\/en\/wp-json\/wp\/v2\/types\/product"}],"wp:featuredmedia":[{"embeddable":true,"href":"https:\/\/www.houseofcats.pl\/en\/wp-json\/wp\/v2\/media\/3738"}],"wp:attachment":[{"href":"https:\/\/www.houseofcats.pl\/en\/wp-json\/wp\/v2\/media?parent=3763"}],"wp:term":[{"taxonomy":"product_brand","embeddable":true,"href":"https:\/\/www.houseofcats.pl\/en\/wp-json\/wp\/v2\/product_brand?post=3763"},{"taxonomy":"product_cat","embeddable":true,"href":"https:\/\/www.houseofcats.pl\/en\/wp-json\/wp\/v2\/product_cat?post=3763"},{"taxonomy":"product_tag","embeddable":true,"href":"https:\/\/www.houseofcats.pl\/en\/wp-json\/wp\/v2\/product_tag?post=3763"}],"curies":[{"name":"wp","href":"https:\/\/api.w.org\/{rel}","templated":true}]}}