{"id":3807,"date":"2017-03-28T12:28:18","date_gmt":"2017-03-28T10:28:18","guid":{"rendered":"https:\/\/www.houseofcats.pl\/sklep\/flat-black\/"},"modified":"2021-03-04T13:11:35","modified_gmt":"2021-03-04T12:11:35","slug":"flat-black","status":"publish","type":"product","link":"https:\/\/www.houseofcats.pl\/en\/shop\/flat-black\/","title":{"rendered":"Flat Black"},"content":{"rendered":"<p>Flat Black is a new version of the well-known and liked flat scratch. Simple shape and very good price make the owners of the purse happy to use it.<\/p>\n<h3>Villain..<\/h3>\n<p>The black color of the veneer makes the sketch look smart in any interior. High quality modular cardboard is something your cat dreams about.<\/p>\n<hr \/>\n<p>Size product Flat: \u00a0H 9 cm, W 25 cm, D 42 cm<\/p>\n<p>Weight 1,4 kg<\/p>\n","protected":false},"excerpt":{"rendered":"<p>Flat Black is a new version of the well-known and liked flat scratch. Simple shape and very good price make the owners of the purse happy to use it. Villain.. The black color of the veneer makes the sketch look smart in any interior. High quality modular cardboard is something your cat dreams about. Size &hellip;<\/p>\n","protected":false},"featured_media":3811,"template":"","meta":{"_acf_changed":false},"product_brand":[],"product_cat":[200],"product_tag":[],"class_list":{"0":"post-3807","1":"product","2":"type-product","3":"status-publish","4":"has-post-thumbnail","6":"product_cat-flat-en","8":"first","9":"instock","10":"taxable","11":"shipping-taxable","12":"purchasable","13":"product-type-simple"},"acf":[],"yoast_head":"<!-- This site is optimized with the Yoast SEO plugin v25.6 - https:\/\/yoast.com\/wordpress\/plugins\/seo\/ -->\n<title>Drapak Flat Black to nowa ods\u0142ona znanego i lubianego drapaka Flat. Prosty kszta\u0142t i bardzo dobra jako\u015b\u0107 sprawiaj\u0105, \u017ce w\u0142a\u015bciciele mruczk\u00f3w ch\u0119tnie po niego si\u0119gaj\u0105.<\/title>\n<meta name=\"description\" content=\"Czarny kolor okleiny sprawia,ze drapak wygl\u0105da elegancko w ka\u017cdym wn\u0119trzu, a jego niezr\u00f3wnan\u0105 wytrzyma\u0142o\u015b\u0107 przy zachowaniu niskiej ceny doceni\u0142o ju\u017c wielu.\" \/>\n<meta name=\"robots\" content=\"index, follow, max-snippet:-1, max-image-preview:large, max-video-preview:-1\" \/>\n<link rel=\"canonical\" href=\"https:\/\/www.houseofcats.pl\/en\/shop\/flat-black\/\" \/>\n<meta property=\"og:locale\" content=\"en_US\" \/>\n<meta property=\"og:type\" content=\"article\" \/>\n<meta property=\"og:title\" content=\"Drapak Flat Black to nowa ods\u0142ona znanego i lubianego drapaka Flat. Prosty kszta\u0142t i bardzo dobra jako\u015b\u0107 sprawiaj\u0105, \u017ce w\u0142a\u015bciciele mruczk\u00f3w ch\u0119tnie po niego si\u0119gaj\u0105.\" \/>\n<meta property=\"og:description\" content=\"Czarny kolor okleiny sprawia,ze drapak wygl\u0105da elegancko w ka\u017cdym wn\u0119trzu, a jego niezr\u00f3wnan\u0105 wytrzyma\u0142o\u015b\u0107 przy zachowaniu niskiej ceny doceni\u0142o ju\u017c wielu.\" \/>\n<meta property=\"og:url\" content=\"https:\/\/www.houseofcats.pl\/en\/shop\/flat-black\/\" \/>\n<meta property=\"og:site_name\" content=\"Sklep internetowy House of Cats\" \/>\n<meta property=\"article:publisher\" content=\"https:\/\/www.facebook.com\/houseofcatspl\" \/>\n<meta property=\"article:modified_time\" content=\"2021-03-04T12:11:35+00:00\" \/>\n<meta property=\"og:image\" content=\"http:\/\/www.houseofcats.pl\/wp-content\/uploads\/2017\/03\/RQlw0vKPSqSZ1K5vOuUy6Q_thumb_3a45.jpg\" \/>\n\t<meta property=\"og:image:width\" content=\"1024\" \/>\n\t<meta property=\"og:image:height\" content=\"1024\" \/>\n\t<meta property=\"og:image:type\" content=\"image\/jpeg\" \/>\n<meta name=\"twitter:card\" content=\"summary_large_image\" \/>\n<meta name=\"twitter:label1\" content=\"Est. reading time\" \/>\n\t<meta name=\"twitter:data1\" content=\"1 minute\" \/>\n<script type=\"application\/ld+json\" class=\"yoast-schema-graph\">{\"@context\":\"https:\/\/schema.org\",\"@graph\":[{\"@type\":\"WebPage\",\"@id\":\"https:\/\/www.houseofcats.pl\/en\/shop\/flat-black\/\",\"url\":\"https:\/\/www.houseofcats.pl\/en\/shop\/flat-black\/\",\"name\":\"Drapak Flat Black to nowa ods\u0142ona znanego i lubianego drapaka Flat. Prosty kszta\u0142t i bardzo dobra jako\u015b\u0107 sprawiaj\u0105, \u017ce w\u0142a\u015bciciele mruczk\u00f3w ch\u0119tnie po niego si\u0119gaj\u0105.\",\"isPartOf\":{\"@id\":\"https:\/\/www.houseofcats.pl\/en\/#website\"},\"primaryImageOfPage\":{\"@id\":\"https:\/\/www.houseofcats.pl\/en\/shop\/flat-black\/#primaryimage\"},\"image\":{\"@id\":\"https:\/\/www.houseofcats.pl\/en\/shop\/flat-black\/#primaryimage\"},\"thumbnailUrl\":\"https:\/\/www.houseofcats.pl\/wp-content\/uploads\/2017\/03\/RQlw0vKPSqSZ1K5vOuUy6Q_thumb_3a45.jpg\",\"datePublished\":\"2017-03-28T10:28:18+00:00\",\"dateModified\":\"2021-03-04T12:11:35+00:00\",\"description\":\"Czarny kolor okleiny sprawia,ze drapak wygl\u0105da elegancko w ka\u017cdym wn\u0119trzu, a jego niezr\u00f3wnan\u0105 wytrzyma\u0142o\u015b\u0107 przy zachowaniu niskiej ceny doceni\u0142o ju\u017c wielu.\",\"breadcrumb\":{\"@id\":\"https:\/\/www.houseofcats.pl\/en\/shop\/flat-black\/#breadcrumb\"},\"inLanguage\":\"en-US\",\"potentialAction\":[{\"@type\":\"ReadAction\",\"target\":[\"https:\/\/www.houseofcats.pl\/en\/shop\/flat-black\/\"]}]},{\"@type\":\"ImageObject\",\"inLanguage\":\"en-US\",\"@id\":\"https:\/\/www.houseofcats.pl\/en\/shop\/flat-black\/#primaryimage\",\"url\":\"https:\/\/www.houseofcats.pl\/wp-content\/uploads\/2017\/03\/RQlw0vKPSqSZ1K5vOuUy6Q_thumb_3a45.jpg\",\"contentUrl\":\"https:\/\/www.houseofcats.pl\/wp-content\/uploads\/2017\/03\/RQlw0vKPSqSZ1K5vOuUy6Q_thumb_3a45.jpg\",\"width\":1024,\"height\":1024},{\"@type\":\"BreadcrumbList\",\"@id\":\"https:\/\/www.houseofcats.pl\/en\/shop\/flat-black\/#breadcrumb\",\"itemListElement\":[{\"@type\":\"ListItem\",\"position\":1,\"name\":\"Strona g\u0142\u00f3wna\",\"item\":\"https:\/\/www.houseofcats.pl\/en\/\"},{\"@type\":\"ListItem\",\"position\":2,\"name\":\"Sklep\",\"item\":\"https:\/\/www.houseofcats.pl\/sklep\/\"},{\"@type\":\"ListItem\",\"position\":3,\"name\":\"Flat Black\"}]},{\"@type\":\"WebSite\",\"@id\":\"https:\/\/www.houseofcats.pl\/en\/#website\",\"url\":\"https:\/\/www.houseofcats.pl\/en\/\",\"name\":\"Sklep internetowy House of Cats\",\"description\":\"Drapaki dla kot\u00f3w\",\"publisher\":{\"@id\":\"https:\/\/www.houseofcats.pl\/en\/#organization\"},\"potentialAction\":[{\"@type\":\"SearchAction\",\"target\":{\"@type\":\"EntryPoint\",\"urlTemplate\":\"https:\/\/www.houseofcats.pl\/en\/?s={search_term_string}\"},\"query-input\":{\"@type\":\"PropertyValueSpecification\",\"valueRequired\":true,\"valueName\":\"search_term_string\"}}],\"inLanguage\":\"en-US\"},{\"@type\":\"Organization\",\"@id\":\"https:\/\/www.houseofcats.pl\/en\/#organization\",\"name\":\"Sklep internetowy House of Cats\",\"url\":\"https:\/\/www.houseofcats.pl\/en\/\",\"logo\":{\"@type\":\"ImageObject\",\"inLanguage\":\"en-US\",\"@id\":\"https:\/\/www.houseofcats.pl\/en\/#\/schema\/logo\/image\/\",\"url\":\"https:\/\/www.houseofcats.pl\/wp-content\/uploads\/2024\/07\/Zrzut-ekranu-2017-07-11-o-23.35.44.png\",\"contentUrl\":\"https:\/\/www.houseofcats.pl\/wp-content\/uploads\/2024\/07\/Zrzut-ekranu-2017-07-11-o-23.35.44.png\",\"width\":496,\"height\":474,\"caption\":\"Sklep internetowy House of Cats\"},\"image\":{\"@id\":\"https:\/\/www.houseofcats.pl\/en\/#\/schema\/logo\/image\/\"},\"sameAs\":[\"https:\/\/www.facebook.com\/houseofcatspl\",\"https:\/\/www.instagram.com\/houseofcats.pl\/\",\"https:\/\/www.youtube.com\/@houseofcats5403\"]}]}<\/script>\n<!-- \/ Yoast SEO plugin. -->","yoast_head_json":{"title":"Drapak Flat Black to nowa ods\u0142ona znanego i lubianego drapaka Flat. Prosty kszta\u0142t i bardzo dobra jako\u015b\u0107 sprawiaj\u0105, \u017ce w\u0142a\u015bciciele mruczk\u00f3w ch\u0119tnie po niego si\u0119gaj\u0105.","description":"Czarny kolor okleiny sprawia,ze drapak wygl\u0105da elegancko w ka\u017cdym wn\u0119trzu, a jego niezr\u00f3wnan\u0105 wytrzyma\u0142o\u015b\u0107 przy zachowaniu niskiej ceny doceni\u0142o ju\u017c wielu.","robots":{"index":"index","follow":"follow","max-snippet":"max-snippet:-1","max-image-preview":"max-image-preview:large","max-video-preview":"max-video-preview:-1"},"canonical":"https:\/\/www.houseofcats.pl\/en\/shop\/flat-black\/","og_locale":"en_US","og_type":"article","og_title":"Drapak Flat Black to nowa ods\u0142ona znanego i lubianego drapaka Flat. Prosty kszta\u0142t i bardzo dobra jako\u015b\u0107 sprawiaj\u0105, \u017ce w\u0142a\u015bciciele mruczk\u00f3w ch\u0119tnie po niego si\u0119gaj\u0105.","og_description":"Czarny kolor okleiny sprawia,ze drapak wygl\u0105da elegancko w ka\u017cdym wn\u0119trzu, a jego niezr\u00f3wnan\u0105 wytrzyma\u0142o\u015b\u0107 przy zachowaniu niskiej ceny doceni\u0142o ju\u017c wielu.","og_url":"https:\/\/www.houseofcats.pl\/en\/shop\/flat-black\/","og_site_name":"Sklep internetowy House of Cats","article_publisher":"https:\/\/www.facebook.com\/houseofcatspl","article_modified_time":"2021-03-04T12:11:35+00:00","og_image":[{"width":1024,"height":1024,"url":"http:\/\/www.houseofcats.pl\/wp-content\/uploads\/2017\/03\/RQlw0vKPSqSZ1K5vOuUy6Q_thumb_3a45.jpg","type":"image\/jpeg"}],"twitter_card":"summary_large_image","twitter_misc":{"Est. reading time":"1 minute"},"schema":{"@context":"https:\/\/schema.org","@graph":[{"@type":"WebPage","@id":"https:\/\/www.houseofcats.pl\/en\/shop\/flat-black\/","url":"https:\/\/www.houseofcats.pl\/en\/shop\/flat-black\/","name":"Drapak Flat Black to nowa ods\u0142ona znanego i lubianego drapaka Flat. Prosty kszta\u0142t i bardzo dobra jako\u015b\u0107 sprawiaj\u0105, \u017ce w\u0142a\u015bciciele mruczk\u00f3w ch\u0119tnie po niego si\u0119gaj\u0105.","isPartOf":{"@id":"https:\/\/www.houseofcats.pl\/en\/#website"},"primaryImageOfPage":{"@id":"https:\/\/www.houseofcats.pl\/en\/shop\/flat-black\/#primaryimage"},"image":{"@id":"https:\/\/www.houseofcats.pl\/en\/shop\/flat-black\/#primaryimage"},"thumbnailUrl":"https:\/\/www.houseofcats.pl\/wp-content\/uploads\/2017\/03\/RQlw0vKPSqSZ1K5vOuUy6Q_thumb_3a45.jpg","datePublished":"2017-03-28T10:28:18+00:00","dateModified":"2021-03-04T12:11:35+00:00","description":"Czarny kolor okleiny sprawia,ze drapak wygl\u0105da elegancko w ka\u017cdym wn\u0119trzu, a jego niezr\u00f3wnan\u0105 wytrzyma\u0142o\u015b\u0107 przy zachowaniu niskiej ceny doceni\u0142o ju\u017c wielu.","breadcrumb":{"@id":"https:\/\/www.houseofcats.pl\/en\/shop\/flat-black\/#breadcrumb"},"inLanguage":"en-US","potentialAction":[{"@type":"ReadAction","target":["https:\/\/www.houseofcats.pl\/en\/shop\/flat-black\/"]}]},{"@type":"ImageObject","inLanguage":"en-US","@id":"https:\/\/www.houseofcats.pl\/en\/shop\/flat-black\/#primaryimage","url":"https:\/\/www.houseofcats.pl\/wp-content\/uploads\/2017\/03\/RQlw0vKPSqSZ1K5vOuUy6Q_thumb_3a45.jpg","contentUrl":"https:\/\/www.houseofcats.pl\/wp-content\/uploads\/2017\/03\/RQlw0vKPSqSZ1K5vOuUy6Q_thumb_3a45.jpg","width":1024,"height":1024},{"@type":"BreadcrumbList","@id":"https:\/\/www.houseofcats.pl\/en\/shop\/flat-black\/#breadcrumb","itemListElement":[{"@type":"ListItem","position":1,"name":"Strona g\u0142\u00f3wna","item":"https:\/\/www.houseofcats.pl\/en\/"},{"@type":"ListItem","position":2,"name":"Sklep","item":"https:\/\/www.houseofcats.pl\/sklep\/"},{"@type":"ListItem","position":3,"name":"Flat Black"}]},{"@type":"WebSite","@id":"https:\/\/www.houseofcats.pl\/en\/#website","url":"https:\/\/www.houseofcats.pl\/en\/","name":"Sklep internetowy House of Cats","description":"Drapaki dla kot\u00f3w","publisher":{"@id":"https:\/\/www.houseofcats.pl\/en\/#organization"},"potentialAction":[{"@type":"SearchAction","target":{"@type":"EntryPoint","urlTemplate":"https:\/\/www.houseofcats.pl\/en\/?s={search_term_string}"},"query-input":{"@type":"PropertyValueSpecification","valueRequired":true,"valueName":"search_term_string"}}],"inLanguage":"en-US"},{"@type":"Organization","@id":"https:\/\/www.houseofcats.pl\/en\/#organization","name":"Sklep internetowy House of Cats","url":"https:\/\/www.houseofcats.pl\/en\/","logo":{"@type":"ImageObject","inLanguage":"en-US","@id":"https:\/\/www.houseofcats.pl\/en\/#\/schema\/logo\/image\/","url":"https:\/\/www.houseofcats.pl\/wp-content\/uploads\/2024\/07\/Zrzut-ekranu-2017-07-11-o-23.35.44.png","contentUrl":"https:\/\/www.houseofcats.pl\/wp-content\/uploads\/2024\/07\/Zrzut-ekranu-2017-07-11-o-23.35.44.png","width":496,"height":474,"caption":"Sklep internetowy House of Cats"},"image":{"@id":"https:\/\/www.houseofcats.pl\/en\/#\/schema\/logo\/image\/"},"sameAs":["https:\/\/www.facebook.com\/houseofcatspl","https:\/\/www.instagram.com\/houseofcats.pl\/","https:\/\/www.youtube.com\/@houseofcats5403"]}]}},"_links":{"self":[{"href":"https:\/\/www.houseofcats.pl\/en\/wp-json\/wp\/v2\/product\/3807"}],"collection":[{"href":"https:\/\/www.houseofcats.pl\/en\/wp-json\/wp\/v2\/product"}],"about":[{"href":"https:\/\/www.houseofcats.pl\/en\/wp-json\/wp\/v2\/types\/product"}],"wp:featuredmedia":[{"embeddable":true,"href":"https:\/\/www.houseofcats.pl\/en\/wp-json\/wp\/v2\/media\/3811"}],"wp:attachment":[{"href":"https:\/\/www.houseofcats.pl\/en\/wp-json\/wp\/v2\/media?parent=3807"}],"wp:term":[{"taxonomy":"product_brand","embeddable":true,"href":"https:\/\/www.houseofcats.pl\/en\/wp-json\/wp\/v2\/product_brand?post=3807"},{"taxonomy":"product_cat","embeddable":true,"href":"https:\/\/www.houseofcats.pl\/en\/wp-json\/wp\/v2\/product_cat?post=3807"},{"taxonomy":"product_tag","embeddable":true,"href":"https:\/\/www.houseofcats.pl\/en\/wp-json\/wp\/v2\/product_tag?post=3807"}],"curies":[{"name":"wp","href":"https:\/\/api.w.org\/{rel}","templated":true}]}}