{"id":3817,"date":"2017-03-28T12:04:13","date_gmt":"2017-03-28T10:04:13","guid":{"rendered":"https:\/\/www.houseofcats.pl\/sklep\/cat-black\/"},"modified":"2021-03-16T09:25:13","modified_gmt":"2021-03-16T08:25:13","slug":"cat-black","status":"publish","type":"product","link":"https:\/\/www.houseofcats.pl\/en\/shop\/cat-black\/","title":{"rendered":"Cat Black"},"content":{"rendered":"<p>Cat Black to nowa ods\u0142ona drapaka Cat. Aksamitna powierzchnia oraz kruczo czarny kolor grafiki wierzchniej nadaj\u0105 temu drapakowi niezwykle eleganckiego Cat Black is a new release of model Cat scratching post. The velvety surface and the brightly black color of the top artwork give this sketch an extremely elegant look.<\/p>\n<h3>Discreet elegance ..<\/h3>\n<p>Scratching post Cat Black is primarily a scratch with a functional shed where our pets can lie in the middle of the scratch and at the top between the ears of the object proudly watching the householders &#8211; see photo.<\/p>\n<hr \/>\n<p>Size product Cat: H 42 cm, W 39 cm, D 42 cm<\/p>\n<p>Weight 4,1 kg<\/p>\n","protected":false},"excerpt":{"rendered":"<p>Cat Black to nowa ods\u0142ona drapaka Cat. Aksamitna powierzchnia oraz kruczo czarny kolor grafiki wierzchniej nadaj\u0105 temu drapakowi niezwykle eleganckiego Cat Black is a new release of model Cat scratching post. The velvety surface and the brightly black color of the top artwork give this sketch an extremely elegant look. Discreet elegance .. Scratching post &hellip;<\/p>\n","protected":false},"featured_media":3818,"template":"","meta":{"_acf_changed":false},"product_brand":[],"product_cat":[202],"product_tag":[],"class_list":{"0":"post-3817","1":"product","2":"type-product","3":"status-publish","4":"has-post-thumbnail","6":"product_cat-cat-en","8":"first","9":"instock","10":"taxable","11":"shipping-taxable","12":"purchasable","13":"product-type-simple"},"acf":[],"yoast_head":"<!-- This site is optimized with the Yoast SEO plugin v25.6 - https:\/\/yoast.com\/wordpress\/plugins\/seo\/ -->\n<title>Drapak z funkcj\u0105 domku i legowiska dla kota wykonany z tektury falistej<\/title>\n<meta name=\"description\" content=\"Drapak Cat Black to przede wszystkim drapak z budk\u0105 w kt\u00f3rej koty mog\u0105 si\u0119 wylegiwa\u0107 zar\u00f3wno w \u015brodku oraz na g\u00f3rze dumnie obserwuj\u0105c domownik\u00f3w.\" \/>\n<meta name=\"robots\" content=\"index, follow, max-snippet:-1, max-image-preview:large, max-video-preview:-1\" \/>\n<link rel=\"canonical\" href=\"https:\/\/www.houseofcats.pl\/en\/shop\/cat-black\/\" \/>\n<meta property=\"og:locale\" content=\"en_US\" \/>\n<meta property=\"og:type\" content=\"article\" \/>\n<meta property=\"og:title\" content=\"Drapak z funkcj\u0105 domku i legowiska dla kota wykonany z tektury falistej\" \/>\n<meta property=\"og:description\" content=\"Drapak Cat Black to przede wszystkim drapak z budk\u0105 w kt\u00f3rej koty mog\u0105 si\u0119 wylegiwa\u0107 zar\u00f3wno w \u015brodku oraz na g\u00f3rze dumnie obserwuj\u0105c domownik\u00f3w.\" \/>\n<meta property=\"og:url\" content=\"https:\/\/www.houseofcats.pl\/en\/shop\/cat-black\/\" \/>\n<meta property=\"og:site_name\" content=\"Sklep internetowy House of Cats\" \/>\n<meta property=\"article:publisher\" content=\"https:\/\/www.facebook.com\/houseofcatspl\" \/>\n<meta property=\"article:modified_time\" content=\"2021-03-16T08:25:13+00:00\" \/>\n<meta property=\"og:image\" content=\"http:\/\/www.houseofcats.pl\/wp-content\/uploads\/2017\/03\/C4gZ6uQBTEuC6JjGoVFhHA_thumb_3a5a.jpg\" \/>\n\t<meta property=\"og:image:width\" content=\"908\" \/>\n\t<meta property=\"og:image:height\" content=\"908\" \/>\n\t<meta property=\"og:image:type\" content=\"image\/jpeg\" \/>\n<meta name=\"twitter:card\" content=\"summary_large_image\" \/>\n<meta name=\"twitter:label1\" content=\"Est. reading time\" \/>\n\t<meta name=\"twitter:data1\" content=\"1 minute\" \/>\n<script type=\"application\/ld+json\" class=\"yoast-schema-graph\">{\"@context\":\"https:\/\/schema.org\",\"@graph\":[{\"@type\":\"WebPage\",\"@id\":\"https:\/\/www.houseofcats.pl\/en\/shop\/cat-black\/\",\"url\":\"https:\/\/www.houseofcats.pl\/en\/shop\/cat-black\/\",\"name\":\"Drapak z funkcj\u0105 domku i legowiska dla kota wykonany z tektury falistej\",\"isPartOf\":{\"@id\":\"https:\/\/www.houseofcats.pl\/en\/#website\"},\"primaryImageOfPage\":{\"@id\":\"https:\/\/www.houseofcats.pl\/en\/shop\/cat-black\/#primaryimage\"},\"image\":{\"@id\":\"https:\/\/www.houseofcats.pl\/en\/shop\/cat-black\/#primaryimage\"},\"thumbnailUrl\":\"https:\/\/www.houseofcats.pl\/wp-content\/uploads\/2017\/03\/C4gZ6uQBTEuC6JjGoVFhHA_thumb_3a5a.jpg\",\"datePublished\":\"2017-03-28T10:04:13+00:00\",\"dateModified\":\"2021-03-16T08:25:13+00:00\",\"description\":\"Drapak Cat Black to przede wszystkim drapak z budk\u0105 w kt\u00f3rej koty mog\u0105 si\u0119 wylegiwa\u0107 zar\u00f3wno w \u015brodku oraz na g\u00f3rze dumnie obserwuj\u0105c domownik\u00f3w.\",\"breadcrumb\":{\"@id\":\"https:\/\/www.houseofcats.pl\/en\/shop\/cat-black\/#breadcrumb\"},\"inLanguage\":\"en-US\",\"potentialAction\":[{\"@type\":\"ReadAction\",\"target\":[\"https:\/\/www.houseofcats.pl\/en\/shop\/cat-black\/\"]}]},{\"@type\":\"ImageObject\",\"inLanguage\":\"en-US\",\"@id\":\"https:\/\/www.houseofcats.pl\/en\/shop\/cat-black\/#primaryimage\",\"url\":\"https:\/\/www.houseofcats.pl\/wp-content\/uploads\/2017\/03\/C4gZ6uQBTEuC6JjGoVFhHA_thumb_3a5a.jpg\",\"contentUrl\":\"https:\/\/www.houseofcats.pl\/wp-content\/uploads\/2017\/03\/C4gZ6uQBTEuC6JjGoVFhHA_thumb_3a5a.jpg\",\"width\":908,\"height\":908},{\"@type\":\"BreadcrumbList\",\"@id\":\"https:\/\/www.houseofcats.pl\/en\/shop\/cat-black\/#breadcrumb\",\"itemListElement\":[{\"@type\":\"ListItem\",\"position\":1,\"name\":\"Strona g\u0142\u00f3wna\",\"item\":\"https:\/\/www.houseofcats.pl\/en\/\"},{\"@type\":\"ListItem\",\"position\":2,\"name\":\"Sklep\",\"item\":\"https:\/\/www.houseofcats.pl\/sklep\/\"},{\"@type\":\"ListItem\",\"position\":3,\"name\":\"Cat Black\"}]},{\"@type\":\"WebSite\",\"@id\":\"https:\/\/www.houseofcats.pl\/en\/#website\",\"url\":\"https:\/\/www.houseofcats.pl\/en\/\",\"name\":\"Sklep internetowy House of Cats\",\"description\":\"Drapaki dla kot\u00f3w\",\"publisher\":{\"@id\":\"https:\/\/www.houseofcats.pl\/en\/#organization\"},\"potentialAction\":[{\"@type\":\"SearchAction\",\"target\":{\"@type\":\"EntryPoint\",\"urlTemplate\":\"https:\/\/www.houseofcats.pl\/en\/?s={search_term_string}\"},\"query-input\":{\"@type\":\"PropertyValueSpecification\",\"valueRequired\":true,\"valueName\":\"search_term_string\"}}],\"inLanguage\":\"en-US\"},{\"@type\":\"Organization\",\"@id\":\"https:\/\/www.houseofcats.pl\/en\/#organization\",\"name\":\"Sklep internetowy House of Cats\",\"url\":\"https:\/\/www.houseofcats.pl\/en\/\",\"logo\":{\"@type\":\"ImageObject\",\"inLanguage\":\"en-US\",\"@id\":\"https:\/\/www.houseofcats.pl\/en\/#\/schema\/logo\/image\/\",\"url\":\"https:\/\/www.houseofcats.pl\/wp-content\/uploads\/2024\/07\/Zrzut-ekranu-2017-07-11-o-23.35.44.png\",\"contentUrl\":\"https:\/\/www.houseofcats.pl\/wp-content\/uploads\/2024\/07\/Zrzut-ekranu-2017-07-11-o-23.35.44.png\",\"width\":496,\"height\":474,\"caption\":\"Sklep internetowy House of Cats\"},\"image\":{\"@id\":\"https:\/\/www.houseofcats.pl\/en\/#\/schema\/logo\/image\/\"},\"sameAs\":[\"https:\/\/www.facebook.com\/houseofcatspl\",\"https:\/\/www.instagram.com\/houseofcats.pl\/\",\"https:\/\/www.youtube.com\/@houseofcats5403\"]}]}<\/script>\n<!-- \/ Yoast SEO plugin. -->","yoast_head_json":{"title":"Drapak z funkcj\u0105 domku i legowiska dla kota wykonany z tektury falistej","description":"Drapak Cat Black to przede wszystkim drapak z budk\u0105 w kt\u00f3rej koty mog\u0105 si\u0119 wylegiwa\u0107 zar\u00f3wno w \u015brodku oraz na g\u00f3rze dumnie obserwuj\u0105c domownik\u00f3w.","robots":{"index":"index","follow":"follow","max-snippet":"max-snippet:-1","max-image-preview":"max-image-preview:large","max-video-preview":"max-video-preview:-1"},"canonical":"https:\/\/www.houseofcats.pl\/en\/shop\/cat-black\/","og_locale":"en_US","og_type":"article","og_title":"Drapak z funkcj\u0105 domku i legowiska dla kota wykonany z tektury falistej","og_description":"Drapak Cat Black to przede wszystkim drapak z budk\u0105 w kt\u00f3rej koty mog\u0105 si\u0119 wylegiwa\u0107 zar\u00f3wno w \u015brodku oraz na g\u00f3rze dumnie obserwuj\u0105c domownik\u00f3w.","og_url":"https:\/\/www.houseofcats.pl\/en\/shop\/cat-black\/","og_site_name":"Sklep internetowy House of Cats","article_publisher":"https:\/\/www.facebook.com\/houseofcatspl","article_modified_time":"2021-03-16T08:25:13+00:00","og_image":[{"width":908,"height":908,"url":"http:\/\/www.houseofcats.pl\/wp-content\/uploads\/2017\/03\/C4gZ6uQBTEuC6JjGoVFhHA_thumb_3a5a.jpg","type":"image\/jpeg"}],"twitter_card":"summary_large_image","twitter_misc":{"Est. reading time":"1 minute"},"schema":{"@context":"https:\/\/schema.org","@graph":[{"@type":"WebPage","@id":"https:\/\/www.houseofcats.pl\/en\/shop\/cat-black\/","url":"https:\/\/www.houseofcats.pl\/en\/shop\/cat-black\/","name":"Drapak z funkcj\u0105 domku i legowiska dla kota wykonany z tektury falistej","isPartOf":{"@id":"https:\/\/www.houseofcats.pl\/en\/#website"},"primaryImageOfPage":{"@id":"https:\/\/www.houseofcats.pl\/en\/shop\/cat-black\/#primaryimage"},"image":{"@id":"https:\/\/www.houseofcats.pl\/en\/shop\/cat-black\/#primaryimage"},"thumbnailUrl":"https:\/\/www.houseofcats.pl\/wp-content\/uploads\/2017\/03\/C4gZ6uQBTEuC6JjGoVFhHA_thumb_3a5a.jpg","datePublished":"2017-03-28T10:04:13+00:00","dateModified":"2021-03-16T08:25:13+00:00","description":"Drapak Cat Black to przede wszystkim drapak z budk\u0105 w kt\u00f3rej koty mog\u0105 si\u0119 wylegiwa\u0107 zar\u00f3wno w \u015brodku oraz na g\u00f3rze dumnie obserwuj\u0105c domownik\u00f3w.","breadcrumb":{"@id":"https:\/\/www.houseofcats.pl\/en\/shop\/cat-black\/#breadcrumb"},"inLanguage":"en-US","potentialAction":[{"@type":"ReadAction","target":["https:\/\/www.houseofcats.pl\/en\/shop\/cat-black\/"]}]},{"@type":"ImageObject","inLanguage":"en-US","@id":"https:\/\/www.houseofcats.pl\/en\/shop\/cat-black\/#primaryimage","url":"https:\/\/www.houseofcats.pl\/wp-content\/uploads\/2017\/03\/C4gZ6uQBTEuC6JjGoVFhHA_thumb_3a5a.jpg","contentUrl":"https:\/\/www.houseofcats.pl\/wp-content\/uploads\/2017\/03\/C4gZ6uQBTEuC6JjGoVFhHA_thumb_3a5a.jpg","width":908,"height":908},{"@type":"BreadcrumbList","@id":"https:\/\/www.houseofcats.pl\/en\/shop\/cat-black\/#breadcrumb","itemListElement":[{"@type":"ListItem","position":1,"name":"Strona g\u0142\u00f3wna","item":"https:\/\/www.houseofcats.pl\/en\/"},{"@type":"ListItem","position":2,"name":"Sklep","item":"https:\/\/www.houseofcats.pl\/sklep\/"},{"@type":"ListItem","position":3,"name":"Cat Black"}]},{"@type":"WebSite","@id":"https:\/\/www.houseofcats.pl\/en\/#website","url":"https:\/\/www.houseofcats.pl\/en\/","name":"Sklep internetowy House of Cats","description":"Drapaki dla kot\u00f3w","publisher":{"@id":"https:\/\/www.houseofcats.pl\/en\/#organization"},"potentialAction":[{"@type":"SearchAction","target":{"@type":"EntryPoint","urlTemplate":"https:\/\/www.houseofcats.pl\/en\/?s={search_term_string}"},"query-input":{"@type":"PropertyValueSpecification","valueRequired":true,"valueName":"search_term_string"}}],"inLanguage":"en-US"},{"@type":"Organization","@id":"https:\/\/www.houseofcats.pl\/en\/#organization","name":"Sklep internetowy House of Cats","url":"https:\/\/www.houseofcats.pl\/en\/","logo":{"@type":"ImageObject","inLanguage":"en-US","@id":"https:\/\/www.houseofcats.pl\/en\/#\/schema\/logo\/image\/","url":"https:\/\/www.houseofcats.pl\/wp-content\/uploads\/2024\/07\/Zrzut-ekranu-2017-07-11-o-23.35.44.png","contentUrl":"https:\/\/www.houseofcats.pl\/wp-content\/uploads\/2024\/07\/Zrzut-ekranu-2017-07-11-o-23.35.44.png","width":496,"height":474,"caption":"Sklep internetowy House of Cats"},"image":{"@id":"https:\/\/www.houseofcats.pl\/en\/#\/schema\/logo\/image\/"},"sameAs":["https:\/\/www.facebook.com\/houseofcatspl","https:\/\/www.instagram.com\/houseofcats.pl\/","https:\/\/www.youtube.com\/@houseofcats5403"]}]}},"_links":{"self":[{"href":"https:\/\/www.houseofcats.pl\/en\/wp-json\/wp\/v2\/product\/3817"}],"collection":[{"href":"https:\/\/www.houseofcats.pl\/en\/wp-json\/wp\/v2\/product"}],"about":[{"href":"https:\/\/www.houseofcats.pl\/en\/wp-json\/wp\/v2\/types\/product"}],"wp:featuredmedia":[{"embeddable":true,"href":"https:\/\/www.houseofcats.pl\/en\/wp-json\/wp\/v2\/media\/3818"}],"wp:attachment":[{"href":"https:\/\/www.houseofcats.pl\/en\/wp-json\/wp\/v2\/media?parent=3817"}],"wp:term":[{"taxonomy":"product_brand","embeddable":true,"href":"https:\/\/www.houseofcats.pl\/en\/wp-json\/wp\/v2\/product_brand?post=3817"},{"taxonomy":"product_cat","embeddable":true,"href":"https:\/\/www.houseofcats.pl\/en\/wp-json\/wp\/v2\/product_cat?post=3817"},{"taxonomy":"product_tag","embeddable":true,"href":"https:\/\/www.houseofcats.pl\/en\/wp-json\/wp\/v2\/product_tag?post=3817"}],"curies":[{"name":"wp","href":"https:\/\/api.w.org\/{rel}","templated":true}]}}