{"id":3835,"date":"2016-11-06T14:40:18","date_gmt":"2016-11-06T13:40:18","guid":{"rendered":"https:\/\/www.houseofcats.pl\/sklep\/sofa-black\/"},"modified":"2021-03-04T13:15:58","modified_gmt":"2021-03-04T12:15:58","slug":"sofa-black","status":"publish","type":"product","link":"https:\/\/www.houseofcats.pl\/en\/shop\/sofa-black\/","title":{"rendered":"Sofa Black"},"content":{"rendered":"<p>Black is the new face of a cat scratching post for Sofa. Made of high quality material with a flat-shaped scratching post will find its place even in the most demanding surroundings. Black color goes with everything, so it can safely take place in the elegant lounge.<\/p>\n<h3>Black\u00a0character!<\/h3>\n<p>The cat, who had scratched furniture, shoes or even the same household, now use this scratching post. Creating a scratching post Sofa Black erected on the functionality and adapted it to the needs of the shape of a feline friend.<\/p>\n<hr \/>\n<p>Size product Sofa: H 12 cm, W 68 cm, D 27 cm<\/p>\n<p>Weight 1,8 kg<\/p>\n","protected":false},"excerpt":{"rendered":"<p>Black is the new face of a cat scratching post for Sofa. Made of high quality material with a flat-shaped scratching post will find its place even in the most demanding surroundings. Black color goes with everything, so it can safely take place in the elegant lounge. Black\u00a0character! The cat, who had scratched furniture, shoes &hellip;<\/p>\n","protected":false},"featured_media":3840,"template":"","meta":{"_acf_changed":false},"product_brand":[],"product_cat":[176],"product_tag":[173,177,179,180,178],"class_list":{"0":"post-3835","1":"product","2":"type-product","3":"status-publish","4":"has-post-thumbnail","6":"product_cat-sofa-en","7":"product_tag-drapak-en","8":"product_tag-kot-en","9":"product_tag-legowisko-en","10":"product_tag-lezanka-en","11":"product_tag-tektura-en","13":"first","14":"instock","15":"taxable","16":"shipping-taxable","17":"purchasable","18":"product-type-simple"},"acf":[],"yoast_head":"<!-- This site is optimized with the Yoast SEO plugin v25.6 - https:\/\/yoast.com\/wordpress\/plugins\/seo\/ -->\n<title>Stylowe legowisko oraz drapak dla kota od House of Cats<\/title>\n<meta name=\"description\" content=\"Drapak dla kota o p\u0142askiej formie zapewniaj\u0105cy wygody odpoczynek. Tektura falista z jakiej wykonany jest drapak sprawi, \u017ce Tw\u00f3j kot go pokocha.\" \/>\n<meta name=\"robots\" content=\"index, follow, max-snippet:-1, max-image-preview:large, max-video-preview:-1\" \/>\n<link rel=\"canonical\" href=\"https:\/\/www.houseofcats.pl\/en\/shop\/sofa-black\/\" \/>\n<meta property=\"og:locale\" content=\"en_US\" \/>\n<meta property=\"og:type\" content=\"article\" \/>\n<meta property=\"og:title\" content=\"Stylowe legowisko oraz drapak dla kota od House of Cats\" \/>\n<meta property=\"og:description\" content=\"Drapak dla kota o p\u0142askiej formie zapewniaj\u0105cy wygody odpoczynek. Tektura falista z jakiej wykonany jest drapak sprawi, \u017ce Tw\u00f3j kot go pokocha.\" \/>\n<meta property=\"og:url\" content=\"https:\/\/www.houseofcats.pl\/en\/shop\/sofa-black\/\" \/>\n<meta property=\"og:site_name\" content=\"Sklep internetowy House of Cats\" \/>\n<meta property=\"article:publisher\" content=\"https:\/\/www.facebook.com\/houseofcatspl\" \/>\n<meta property=\"article:modified_time\" content=\"2021-03-04T12:15:58+00:00\" \/>\n<meta property=\"og:image\" content=\"http:\/\/www.houseofcats.pl\/wp-content\/uploads\/2016\/11\/Sofa-Black.jpg\" \/>\n\t<meta property=\"og:image:width\" content=\"512\" \/>\n\t<meta property=\"og:image:height\" content=\"512\" \/>\n\t<meta property=\"og:image:type\" content=\"image\/jpeg\" \/>\n<meta name=\"twitter:card\" content=\"summary_large_image\" \/>\n<meta name=\"twitter:label1\" content=\"Est. reading time\" \/>\n\t<meta name=\"twitter:data1\" content=\"1 minute\" \/>\n<script type=\"application\/ld+json\" class=\"yoast-schema-graph\">{\"@context\":\"https:\/\/schema.org\",\"@graph\":[{\"@type\":\"WebPage\",\"@id\":\"https:\/\/www.houseofcats.pl\/en\/shop\/sofa-black\/\",\"url\":\"https:\/\/www.houseofcats.pl\/en\/shop\/sofa-black\/\",\"name\":\"Stylowe legowisko oraz drapak dla kota od House of Cats\",\"isPartOf\":{\"@id\":\"https:\/\/www.houseofcats.pl\/en\/#website\"},\"primaryImageOfPage\":{\"@id\":\"https:\/\/www.houseofcats.pl\/en\/shop\/sofa-black\/#primaryimage\"},\"image\":{\"@id\":\"https:\/\/www.houseofcats.pl\/en\/shop\/sofa-black\/#primaryimage\"},\"thumbnailUrl\":\"https:\/\/www.houseofcats.pl\/wp-content\/uploads\/2016\/11\/Sofa-Black.jpg\",\"datePublished\":\"2016-11-06T13:40:18+00:00\",\"dateModified\":\"2021-03-04T12:15:58+00:00\",\"description\":\"Drapak dla kota o p\u0142askiej formie zapewniaj\u0105cy wygody odpoczynek. Tektura falista z jakiej wykonany jest drapak sprawi, \u017ce Tw\u00f3j kot go pokocha.\",\"breadcrumb\":{\"@id\":\"https:\/\/www.houseofcats.pl\/en\/shop\/sofa-black\/#breadcrumb\"},\"inLanguage\":\"en-US\",\"potentialAction\":[{\"@type\":\"ReadAction\",\"target\":[\"https:\/\/www.houseofcats.pl\/en\/shop\/sofa-black\/\"]}]},{\"@type\":\"ImageObject\",\"inLanguage\":\"en-US\",\"@id\":\"https:\/\/www.houseofcats.pl\/en\/shop\/sofa-black\/#primaryimage\",\"url\":\"https:\/\/www.houseofcats.pl\/wp-content\/uploads\/2016\/11\/Sofa-Black.jpg\",\"contentUrl\":\"https:\/\/www.houseofcats.pl\/wp-content\/uploads\/2016\/11\/Sofa-Black.jpg\",\"width\":512,\"height\":512},{\"@type\":\"BreadcrumbList\",\"@id\":\"https:\/\/www.houseofcats.pl\/en\/shop\/sofa-black\/#breadcrumb\",\"itemListElement\":[{\"@type\":\"ListItem\",\"position\":1,\"name\":\"Strona g\u0142\u00f3wna\",\"item\":\"https:\/\/www.houseofcats.pl\/en\/\"},{\"@type\":\"ListItem\",\"position\":2,\"name\":\"Sklep\",\"item\":\"https:\/\/www.houseofcats.pl\/sklep\/\"},{\"@type\":\"ListItem\",\"position\":3,\"name\":\"Sofa Black\"}]},{\"@type\":\"WebSite\",\"@id\":\"https:\/\/www.houseofcats.pl\/en\/#website\",\"url\":\"https:\/\/www.houseofcats.pl\/en\/\",\"name\":\"Sklep internetowy House of Cats\",\"description\":\"Drapaki dla kot\u00f3w\",\"publisher\":{\"@id\":\"https:\/\/www.houseofcats.pl\/en\/#organization\"},\"potentialAction\":[{\"@type\":\"SearchAction\",\"target\":{\"@type\":\"EntryPoint\",\"urlTemplate\":\"https:\/\/www.houseofcats.pl\/en\/?s={search_term_string}\"},\"query-input\":{\"@type\":\"PropertyValueSpecification\",\"valueRequired\":true,\"valueName\":\"search_term_string\"}}],\"inLanguage\":\"en-US\"},{\"@type\":\"Organization\",\"@id\":\"https:\/\/www.houseofcats.pl\/en\/#organization\",\"name\":\"Sklep internetowy House of Cats\",\"url\":\"https:\/\/www.houseofcats.pl\/en\/\",\"logo\":{\"@type\":\"ImageObject\",\"inLanguage\":\"en-US\",\"@id\":\"https:\/\/www.houseofcats.pl\/en\/#\/schema\/logo\/image\/\",\"url\":\"https:\/\/www.houseofcats.pl\/wp-content\/uploads\/2024\/07\/Zrzut-ekranu-2017-07-11-o-23.35.44.png\",\"contentUrl\":\"https:\/\/www.houseofcats.pl\/wp-content\/uploads\/2024\/07\/Zrzut-ekranu-2017-07-11-o-23.35.44.png\",\"width\":496,\"height\":474,\"caption\":\"Sklep internetowy House of Cats\"},\"image\":{\"@id\":\"https:\/\/www.houseofcats.pl\/en\/#\/schema\/logo\/image\/\"},\"sameAs\":[\"https:\/\/www.facebook.com\/houseofcatspl\",\"https:\/\/www.instagram.com\/houseofcats.pl\/\",\"https:\/\/www.youtube.com\/@houseofcats5403\"]}]}<\/script>\n<!-- \/ Yoast SEO plugin. -->","yoast_head_json":{"title":"Stylowe legowisko oraz drapak dla kota od House of Cats","description":"Drapak dla kota o p\u0142askiej formie zapewniaj\u0105cy wygody odpoczynek. Tektura falista z jakiej wykonany jest drapak sprawi, \u017ce Tw\u00f3j kot go pokocha.","robots":{"index":"index","follow":"follow","max-snippet":"max-snippet:-1","max-image-preview":"max-image-preview:large","max-video-preview":"max-video-preview:-1"},"canonical":"https:\/\/www.houseofcats.pl\/en\/shop\/sofa-black\/","og_locale":"en_US","og_type":"article","og_title":"Stylowe legowisko oraz drapak dla kota od House of Cats","og_description":"Drapak dla kota o p\u0142askiej formie zapewniaj\u0105cy wygody odpoczynek. Tektura falista z jakiej wykonany jest drapak sprawi, \u017ce Tw\u00f3j kot go pokocha.","og_url":"https:\/\/www.houseofcats.pl\/en\/shop\/sofa-black\/","og_site_name":"Sklep internetowy House of Cats","article_publisher":"https:\/\/www.facebook.com\/houseofcatspl","article_modified_time":"2021-03-04T12:15:58+00:00","og_image":[{"width":512,"height":512,"url":"http:\/\/www.houseofcats.pl\/wp-content\/uploads\/2016\/11\/Sofa-Black.jpg","type":"image\/jpeg"}],"twitter_card":"summary_large_image","twitter_misc":{"Est. reading time":"1 minute"},"schema":{"@context":"https:\/\/schema.org","@graph":[{"@type":"WebPage","@id":"https:\/\/www.houseofcats.pl\/en\/shop\/sofa-black\/","url":"https:\/\/www.houseofcats.pl\/en\/shop\/sofa-black\/","name":"Stylowe legowisko oraz drapak dla kota od House of Cats","isPartOf":{"@id":"https:\/\/www.houseofcats.pl\/en\/#website"},"primaryImageOfPage":{"@id":"https:\/\/www.houseofcats.pl\/en\/shop\/sofa-black\/#primaryimage"},"image":{"@id":"https:\/\/www.houseofcats.pl\/en\/shop\/sofa-black\/#primaryimage"},"thumbnailUrl":"https:\/\/www.houseofcats.pl\/wp-content\/uploads\/2016\/11\/Sofa-Black.jpg","datePublished":"2016-11-06T13:40:18+00:00","dateModified":"2021-03-04T12:15:58+00:00","description":"Drapak dla kota o p\u0142askiej formie zapewniaj\u0105cy wygody odpoczynek. Tektura falista z jakiej wykonany jest drapak sprawi, \u017ce Tw\u00f3j kot go pokocha.","breadcrumb":{"@id":"https:\/\/www.houseofcats.pl\/en\/shop\/sofa-black\/#breadcrumb"},"inLanguage":"en-US","potentialAction":[{"@type":"ReadAction","target":["https:\/\/www.houseofcats.pl\/en\/shop\/sofa-black\/"]}]},{"@type":"ImageObject","inLanguage":"en-US","@id":"https:\/\/www.houseofcats.pl\/en\/shop\/sofa-black\/#primaryimage","url":"https:\/\/www.houseofcats.pl\/wp-content\/uploads\/2016\/11\/Sofa-Black.jpg","contentUrl":"https:\/\/www.houseofcats.pl\/wp-content\/uploads\/2016\/11\/Sofa-Black.jpg","width":512,"height":512},{"@type":"BreadcrumbList","@id":"https:\/\/www.houseofcats.pl\/en\/shop\/sofa-black\/#breadcrumb","itemListElement":[{"@type":"ListItem","position":1,"name":"Strona g\u0142\u00f3wna","item":"https:\/\/www.houseofcats.pl\/en\/"},{"@type":"ListItem","position":2,"name":"Sklep","item":"https:\/\/www.houseofcats.pl\/sklep\/"},{"@type":"ListItem","position":3,"name":"Sofa Black"}]},{"@type":"WebSite","@id":"https:\/\/www.houseofcats.pl\/en\/#website","url":"https:\/\/www.houseofcats.pl\/en\/","name":"Sklep internetowy House of Cats","description":"Drapaki dla kot\u00f3w","publisher":{"@id":"https:\/\/www.houseofcats.pl\/en\/#organization"},"potentialAction":[{"@type":"SearchAction","target":{"@type":"EntryPoint","urlTemplate":"https:\/\/www.houseofcats.pl\/en\/?s={search_term_string}"},"query-input":{"@type":"PropertyValueSpecification","valueRequired":true,"valueName":"search_term_string"}}],"inLanguage":"en-US"},{"@type":"Organization","@id":"https:\/\/www.houseofcats.pl\/en\/#organization","name":"Sklep internetowy House of Cats","url":"https:\/\/www.houseofcats.pl\/en\/","logo":{"@type":"ImageObject","inLanguage":"en-US","@id":"https:\/\/www.houseofcats.pl\/en\/#\/schema\/logo\/image\/","url":"https:\/\/www.houseofcats.pl\/wp-content\/uploads\/2024\/07\/Zrzut-ekranu-2017-07-11-o-23.35.44.png","contentUrl":"https:\/\/www.houseofcats.pl\/wp-content\/uploads\/2024\/07\/Zrzut-ekranu-2017-07-11-o-23.35.44.png","width":496,"height":474,"caption":"Sklep internetowy House of Cats"},"image":{"@id":"https:\/\/www.houseofcats.pl\/en\/#\/schema\/logo\/image\/"},"sameAs":["https:\/\/www.facebook.com\/houseofcatspl","https:\/\/www.instagram.com\/houseofcats.pl\/","https:\/\/www.youtube.com\/@houseofcats5403"]}]}},"_links":{"self":[{"href":"https:\/\/www.houseofcats.pl\/en\/wp-json\/wp\/v2\/product\/3835"}],"collection":[{"href":"https:\/\/www.houseofcats.pl\/en\/wp-json\/wp\/v2\/product"}],"about":[{"href":"https:\/\/www.houseofcats.pl\/en\/wp-json\/wp\/v2\/types\/product"}],"wp:featuredmedia":[{"embeddable":true,"href":"https:\/\/www.houseofcats.pl\/en\/wp-json\/wp\/v2\/media\/3840"}],"wp:attachment":[{"href":"https:\/\/www.houseofcats.pl\/en\/wp-json\/wp\/v2\/media?parent=3835"}],"wp:term":[{"taxonomy":"product_brand","embeddable":true,"href":"https:\/\/www.houseofcats.pl\/en\/wp-json\/wp\/v2\/product_brand?post=3835"},{"taxonomy":"product_cat","embeddable":true,"href":"https:\/\/www.houseofcats.pl\/en\/wp-json\/wp\/v2\/product_cat?post=3835"},{"taxonomy":"product_tag","embeddable":true,"href":"https:\/\/www.houseofcats.pl\/en\/wp-json\/wp\/v2\/product_tag?post=3835"}],"curies":[{"name":"wp","href":"https:\/\/api.w.org\/{rel}","templated":true}]}}