{"id":3847,"date":"2016-11-03T19:43:01","date_gmt":"2016-11-03T18:43:01","guid":{"rendered":"https:\/\/www.houseofcats.pl\/sklep\/sofa-gift\/"},"modified":"2021-03-04T13:17:12","modified_gmt":"2021-03-04T12:17:12","slug":"sofa-gift","status":"publish","type":"product","link":"https:\/\/www.houseofcats.pl\/en\/shop\/sofa-gift\/","title":{"rendered":"Sofa Gift"},"content":{"rendered":"<p>When your cat, the last time I uttered a murmur of satisfaction that sound? With sofa at home scratching post, you can listen to the pleasant sound every day.<\/p>\n<h3>To love you even more!<\/h3>\n<p>They opted for convenience and was adapted in shape to the anatomy of the feline friend. Kitten stretches, stretching his spine, which is very important for the comfort of a pet, what should remember each owner.<\/p>\n<hr \/>\n<p>Size product Sofa: H 12 cm, W 68 cm, D 27 cm<\/p>\n<p>Weight 1,8 kg<\/p>\n","protected":false},"excerpt":{"rendered":"<p>When your cat, the last time I uttered a murmur of satisfaction that sound? With sofa at home scratching post, you can listen to the pleasant sound every day. To love you even more! They opted for convenience and was adapted in shape to the anatomy of the feline friend. Kitten stretches, stretching his spine, &hellip;<\/p>\n","protected":false},"featured_media":3850,"template":"","meta":{"_acf_changed":false},"product_brand":[],"product_cat":[176],"product_tag":[173,177,179,205,204,203,178],"class_list":{"0":"post-3847","1":"product","2":"type-product","3":"status-publish","4":"has-post-thumbnail","6":"product_cat-sofa-en","7":"product_tag-drapak-en","8":"product_tag-kot-en","9":"product_tag-legowisko-en","10":"product_tag-okazja-en","11":"product_tag-prezent-en","12":"product_tag-swieta-en","13":"product_tag-tektura-en","15":"first","16":"instock","17":"taxable","18":"shipping-taxable","19":"purchasable","20":"product-type-simple"},"acf":[],"yoast_head":"<!-- This site is optimized with the Yoast SEO plugin v25.6 - https:\/\/yoast.com\/wordpress\/plugins\/seo\/ -->\n<title>Tekturowy drapak dla kota na ka\u017cd\u0105 okazj\u0119 jak urodziny, imieniny, \u015bwi\u0119ta<\/title>\n<meta name=\"description\" content=\"Wygodny tekturowy drapak dla kota wykonany z dba\u0142o\u015bci\u0105 o ka\u017cdy detal. Charakteryzuje si\u0119 perfekcyjn\u0105 jako\u015bci\u0105 wykonania i bardzo du\u017c\u0105 wytrzyma\u0142o\u015bci\u0105.\" \/>\n<meta name=\"robots\" content=\"index, follow, max-snippet:-1, max-image-preview:large, max-video-preview:-1\" \/>\n<link rel=\"canonical\" href=\"https:\/\/www.houseofcats.pl\/en\/shop\/sofa-gift\/\" \/>\n<meta property=\"og:locale\" content=\"en_US\" \/>\n<meta property=\"og:type\" content=\"article\" \/>\n<meta property=\"og:title\" content=\"Tekturowy drapak dla kota na ka\u017cd\u0105 okazj\u0119 jak urodziny, imieniny, \u015bwi\u0119ta\" \/>\n<meta property=\"og:description\" content=\"Wygodny tekturowy drapak dla kota wykonany z dba\u0142o\u015bci\u0105 o ka\u017cdy detal. Charakteryzuje si\u0119 perfekcyjn\u0105 jako\u015bci\u0105 wykonania i bardzo du\u017c\u0105 wytrzyma\u0142o\u015bci\u0105.\" \/>\n<meta property=\"og:url\" content=\"https:\/\/www.houseofcats.pl\/en\/shop\/sofa-gift\/\" \/>\n<meta property=\"og:site_name\" content=\"Sklep internetowy House of Cats\" \/>\n<meta property=\"article:publisher\" content=\"https:\/\/www.facebook.com\/houseofcatspl\" \/>\n<meta property=\"article:modified_time\" content=\"2021-03-04T12:17:12+00:00\" \/>\n<meta property=\"og:image\" content=\"https:\/\/www.houseofcats.pl\/wp-content\/uploads\/2016\/11\/fdJH7mdzSxejWHwutKIxpQ_thumb_3987.jpg\" \/>\n\t<meta property=\"og:image:width\" content=\"1024\" \/>\n\t<meta property=\"og:image:height\" content=\"1024\" \/>\n\t<meta property=\"og:image:type\" content=\"image\/jpeg\" \/>\n<meta name=\"twitter:card\" content=\"summary_large_image\" \/>\n<meta name=\"twitter:label1\" content=\"Est. reading time\" \/>\n\t<meta name=\"twitter:data1\" content=\"1 minute\" \/>\n<script type=\"application\/ld+json\" class=\"yoast-schema-graph\">{\"@context\":\"https:\/\/schema.org\",\"@graph\":[{\"@type\":\"WebPage\",\"@id\":\"https:\/\/www.houseofcats.pl\/en\/shop\/sofa-gift\/\",\"url\":\"https:\/\/www.houseofcats.pl\/en\/shop\/sofa-gift\/\",\"name\":\"Tekturowy drapak dla kota na ka\u017cd\u0105 okazj\u0119 jak urodziny, imieniny, \u015bwi\u0119ta\",\"isPartOf\":{\"@id\":\"https:\/\/www.houseofcats.pl\/en\/#website\"},\"primaryImageOfPage\":{\"@id\":\"https:\/\/www.houseofcats.pl\/en\/shop\/sofa-gift\/#primaryimage\"},\"image\":{\"@id\":\"https:\/\/www.houseofcats.pl\/en\/shop\/sofa-gift\/#primaryimage\"},\"thumbnailUrl\":\"https:\/\/www.houseofcats.pl\/wp-content\/uploads\/2016\/11\/fdJH7mdzSxejWHwutKIxpQ_thumb_3987.jpg\",\"datePublished\":\"2016-11-03T18:43:01+00:00\",\"dateModified\":\"2021-03-04T12:17:12+00:00\",\"description\":\"Wygodny tekturowy drapak dla kota wykonany z dba\u0142o\u015bci\u0105 o ka\u017cdy detal. Charakteryzuje si\u0119 perfekcyjn\u0105 jako\u015bci\u0105 wykonania i bardzo du\u017c\u0105 wytrzyma\u0142o\u015bci\u0105.\",\"breadcrumb\":{\"@id\":\"https:\/\/www.houseofcats.pl\/en\/shop\/sofa-gift\/#breadcrumb\"},\"inLanguage\":\"en-US\",\"potentialAction\":[{\"@type\":\"ReadAction\",\"target\":[\"https:\/\/www.houseofcats.pl\/en\/shop\/sofa-gift\/\"]}]},{\"@type\":\"ImageObject\",\"inLanguage\":\"en-US\",\"@id\":\"https:\/\/www.houseofcats.pl\/en\/shop\/sofa-gift\/#primaryimage\",\"url\":\"https:\/\/www.houseofcats.pl\/wp-content\/uploads\/2016\/11\/fdJH7mdzSxejWHwutKIxpQ_thumb_3987.jpg\",\"contentUrl\":\"https:\/\/www.houseofcats.pl\/wp-content\/uploads\/2016\/11\/fdJH7mdzSxejWHwutKIxpQ_thumb_3987.jpg\",\"width\":1024,\"height\":1024},{\"@type\":\"BreadcrumbList\",\"@id\":\"https:\/\/www.houseofcats.pl\/en\/shop\/sofa-gift\/#breadcrumb\",\"itemListElement\":[{\"@type\":\"ListItem\",\"position\":1,\"name\":\"Strona g\u0142\u00f3wna\",\"item\":\"https:\/\/www.houseofcats.pl\/en\/\"},{\"@type\":\"ListItem\",\"position\":2,\"name\":\"Sklep\",\"item\":\"https:\/\/www.houseofcats.pl\/sklep\/\"},{\"@type\":\"ListItem\",\"position\":3,\"name\":\"Sofa Gift\"}]},{\"@type\":\"WebSite\",\"@id\":\"https:\/\/www.houseofcats.pl\/en\/#website\",\"url\":\"https:\/\/www.houseofcats.pl\/en\/\",\"name\":\"Sklep internetowy House of Cats\",\"description\":\"Drapaki dla kot\u00f3w\",\"publisher\":{\"@id\":\"https:\/\/www.houseofcats.pl\/en\/#organization\"},\"potentialAction\":[{\"@type\":\"SearchAction\",\"target\":{\"@type\":\"EntryPoint\",\"urlTemplate\":\"https:\/\/www.houseofcats.pl\/en\/?s={search_term_string}\"},\"query-input\":{\"@type\":\"PropertyValueSpecification\",\"valueRequired\":true,\"valueName\":\"search_term_string\"}}],\"inLanguage\":\"en-US\"},{\"@type\":\"Organization\",\"@id\":\"https:\/\/www.houseofcats.pl\/en\/#organization\",\"name\":\"Sklep internetowy House of Cats\",\"url\":\"https:\/\/www.houseofcats.pl\/en\/\",\"logo\":{\"@type\":\"ImageObject\",\"inLanguage\":\"en-US\",\"@id\":\"https:\/\/www.houseofcats.pl\/en\/#\/schema\/logo\/image\/\",\"url\":\"https:\/\/www.houseofcats.pl\/wp-content\/uploads\/2024\/07\/Zrzut-ekranu-2017-07-11-o-23.35.44.png\",\"contentUrl\":\"https:\/\/www.houseofcats.pl\/wp-content\/uploads\/2024\/07\/Zrzut-ekranu-2017-07-11-o-23.35.44.png\",\"width\":496,\"height\":474,\"caption\":\"Sklep internetowy House of Cats\"},\"image\":{\"@id\":\"https:\/\/www.houseofcats.pl\/en\/#\/schema\/logo\/image\/\"},\"sameAs\":[\"https:\/\/www.facebook.com\/houseofcatspl\",\"https:\/\/www.instagram.com\/houseofcats.pl\/\",\"https:\/\/www.youtube.com\/@houseofcats5403\"]}]}<\/script>\n<!-- \/ Yoast SEO plugin. -->","yoast_head_json":{"title":"Tekturowy drapak dla kota na ka\u017cd\u0105 okazj\u0119 jak urodziny, imieniny, \u015bwi\u0119ta","description":"Wygodny tekturowy drapak dla kota wykonany z dba\u0142o\u015bci\u0105 o ka\u017cdy detal. Charakteryzuje si\u0119 perfekcyjn\u0105 jako\u015bci\u0105 wykonania i bardzo du\u017c\u0105 wytrzyma\u0142o\u015bci\u0105.","robots":{"index":"index","follow":"follow","max-snippet":"max-snippet:-1","max-image-preview":"max-image-preview:large","max-video-preview":"max-video-preview:-1"},"canonical":"https:\/\/www.houseofcats.pl\/en\/shop\/sofa-gift\/","og_locale":"en_US","og_type":"article","og_title":"Tekturowy drapak dla kota na ka\u017cd\u0105 okazj\u0119 jak urodziny, imieniny, \u015bwi\u0119ta","og_description":"Wygodny tekturowy drapak dla kota wykonany z dba\u0142o\u015bci\u0105 o ka\u017cdy detal. Charakteryzuje si\u0119 perfekcyjn\u0105 jako\u015bci\u0105 wykonania i bardzo du\u017c\u0105 wytrzyma\u0142o\u015bci\u0105.","og_url":"https:\/\/www.houseofcats.pl\/en\/shop\/sofa-gift\/","og_site_name":"Sklep internetowy House of Cats","article_publisher":"https:\/\/www.facebook.com\/houseofcatspl","article_modified_time":"2021-03-04T12:17:12+00:00","og_image":[{"width":1024,"height":1024,"url":"https:\/\/www.houseofcats.pl\/wp-content\/uploads\/2016\/11\/fdJH7mdzSxejWHwutKIxpQ_thumb_3987.jpg","type":"image\/jpeg"}],"twitter_card":"summary_large_image","twitter_misc":{"Est. reading time":"1 minute"},"schema":{"@context":"https:\/\/schema.org","@graph":[{"@type":"WebPage","@id":"https:\/\/www.houseofcats.pl\/en\/shop\/sofa-gift\/","url":"https:\/\/www.houseofcats.pl\/en\/shop\/sofa-gift\/","name":"Tekturowy drapak dla kota na ka\u017cd\u0105 okazj\u0119 jak urodziny, imieniny, \u015bwi\u0119ta","isPartOf":{"@id":"https:\/\/www.houseofcats.pl\/en\/#website"},"primaryImageOfPage":{"@id":"https:\/\/www.houseofcats.pl\/en\/shop\/sofa-gift\/#primaryimage"},"image":{"@id":"https:\/\/www.houseofcats.pl\/en\/shop\/sofa-gift\/#primaryimage"},"thumbnailUrl":"https:\/\/www.houseofcats.pl\/wp-content\/uploads\/2016\/11\/fdJH7mdzSxejWHwutKIxpQ_thumb_3987.jpg","datePublished":"2016-11-03T18:43:01+00:00","dateModified":"2021-03-04T12:17:12+00:00","description":"Wygodny tekturowy drapak dla kota wykonany z dba\u0142o\u015bci\u0105 o ka\u017cdy detal. Charakteryzuje si\u0119 perfekcyjn\u0105 jako\u015bci\u0105 wykonania i bardzo du\u017c\u0105 wytrzyma\u0142o\u015bci\u0105.","breadcrumb":{"@id":"https:\/\/www.houseofcats.pl\/en\/shop\/sofa-gift\/#breadcrumb"},"inLanguage":"en-US","potentialAction":[{"@type":"ReadAction","target":["https:\/\/www.houseofcats.pl\/en\/shop\/sofa-gift\/"]}]},{"@type":"ImageObject","inLanguage":"en-US","@id":"https:\/\/www.houseofcats.pl\/en\/shop\/sofa-gift\/#primaryimage","url":"https:\/\/www.houseofcats.pl\/wp-content\/uploads\/2016\/11\/fdJH7mdzSxejWHwutKIxpQ_thumb_3987.jpg","contentUrl":"https:\/\/www.houseofcats.pl\/wp-content\/uploads\/2016\/11\/fdJH7mdzSxejWHwutKIxpQ_thumb_3987.jpg","width":1024,"height":1024},{"@type":"BreadcrumbList","@id":"https:\/\/www.houseofcats.pl\/en\/shop\/sofa-gift\/#breadcrumb","itemListElement":[{"@type":"ListItem","position":1,"name":"Strona g\u0142\u00f3wna","item":"https:\/\/www.houseofcats.pl\/en\/"},{"@type":"ListItem","position":2,"name":"Sklep","item":"https:\/\/www.houseofcats.pl\/sklep\/"},{"@type":"ListItem","position":3,"name":"Sofa Gift"}]},{"@type":"WebSite","@id":"https:\/\/www.houseofcats.pl\/en\/#website","url":"https:\/\/www.houseofcats.pl\/en\/","name":"Sklep internetowy House of Cats","description":"Drapaki dla kot\u00f3w","publisher":{"@id":"https:\/\/www.houseofcats.pl\/en\/#organization"},"potentialAction":[{"@type":"SearchAction","target":{"@type":"EntryPoint","urlTemplate":"https:\/\/www.houseofcats.pl\/en\/?s={search_term_string}"},"query-input":{"@type":"PropertyValueSpecification","valueRequired":true,"valueName":"search_term_string"}}],"inLanguage":"en-US"},{"@type":"Organization","@id":"https:\/\/www.houseofcats.pl\/en\/#organization","name":"Sklep internetowy House of Cats","url":"https:\/\/www.houseofcats.pl\/en\/","logo":{"@type":"ImageObject","inLanguage":"en-US","@id":"https:\/\/www.houseofcats.pl\/en\/#\/schema\/logo\/image\/","url":"https:\/\/www.houseofcats.pl\/wp-content\/uploads\/2024\/07\/Zrzut-ekranu-2017-07-11-o-23.35.44.png","contentUrl":"https:\/\/www.houseofcats.pl\/wp-content\/uploads\/2024\/07\/Zrzut-ekranu-2017-07-11-o-23.35.44.png","width":496,"height":474,"caption":"Sklep internetowy House of Cats"},"image":{"@id":"https:\/\/www.houseofcats.pl\/en\/#\/schema\/logo\/image\/"},"sameAs":["https:\/\/www.facebook.com\/houseofcatspl","https:\/\/www.instagram.com\/houseofcats.pl\/","https:\/\/www.youtube.com\/@houseofcats5403"]}]}},"_links":{"self":[{"href":"https:\/\/www.houseofcats.pl\/en\/wp-json\/wp\/v2\/product\/3847"}],"collection":[{"href":"https:\/\/www.houseofcats.pl\/en\/wp-json\/wp\/v2\/product"}],"about":[{"href":"https:\/\/www.houseofcats.pl\/en\/wp-json\/wp\/v2\/types\/product"}],"wp:featuredmedia":[{"embeddable":true,"href":"https:\/\/www.houseofcats.pl\/en\/wp-json\/wp\/v2\/media\/3850"}],"wp:attachment":[{"href":"https:\/\/www.houseofcats.pl\/en\/wp-json\/wp\/v2\/media?parent=3847"}],"wp:term":[{"taxonomy":"product_brand","embeddable":true,"href":"https:\/\/www.houseofcats.pl\/en\/wp-json\/wp\/v2\/product_brand?post=3847"},{"taxonomy":"product_cat","embeddable":true,"href":"https:\/\/www.houseofcats.pl\/en\/wp-json\/wp\/v2\/product_cat?post=3847"},{"taxonomy":"product_tag","embeddable":true,"href":"https:\/\/www.houseofcats.pl\/en\/wp-json\/wp\/v2\/product_tag?post=3847"}],"curies":[{"name":"wp","href":"https:\/\/api.w.org\/{rel}","templated":true}]}}