{"id":3855,"date":"2016-03-30T11:49:50","date_gmt":"2016-03-30T09:49:50","guid":{"rendered":"https:\/\/www.houseofcats.pl\/sklep\/drapak-dla-kotow-cat-white\/"},"modified":"2021-03-04T13:43:54","modified_gmt":"2021-03-04T12:43:54","slug":"drapak-dla-kotow-cat-white","status":"publish","type":"product","link":"https:\/\/www.houseofcats.pl\/en\/shop\/drapak-dla-kotow-cat-white\/","title":{"rendered":"Scratching post Cat White"},"content":{"rendered":"<p>Elegant and fashionable, simple and unique, of good quality and in white color \u2013 the White Cat is a toy for a cat and for its owner, it is a great decoration of living rooms or hallways. The cat accessories are usually hidden, but in this case that is not necessary.<\/p>\n<h3>A scratching post for cats for fun and relaxation cat<\/h3>\n<p>The cat scratcher in a shape of a cat\u2019s head, with protruding ears and a cut hole is an excellent alternative to all other toys, which the cat used only for a moment and then looked for a place to scratch. The Cat White improves the cat\u2019s mood and makes it happy. There will certainly be no end of fun. After a tiring scratching cats can relax in a cozy interior of the new toy.<\/p>\n<hr \/>\n<p>Size product\u00a0Cat: H 42 cm, W 39 cm, D 42 cm<\/p>\n<p>Weight 4,1 kg<\/p>\n","protected":false},"excerpt":{"rendered":"<p>Elegant and fashionable, simple and unique, of good quality and in white color \u2013 the White Cat is a toy for a cat and for its owner, it is a great decoration of living rooms or hallways. The cat accessories are usually hidden, but in this case that is not necessary. A scratching post for &hellip;<\/p>\n","protected":false},"featured_media":6597,"template":"","meta":{"_acf_changed":false},"product_brand":[],"product_cat":[202],"product_tag":[211,210,173,177,179,178],"class_list":{"0":"post-3855","1":"product","2":"type-product","3":"status-publish","4":"has-post-thumbnail","6":"product_cat-cat-en","7":"product_tag-budka-en","8":"product_tag-domek-dla-kota-en","9":"product_tag-drapak-en","10":"product_tag-kot-en","11":"product_tag-legowisko-en","12":"product_tag-tektura-en","14":"first","15":"instock","16":"featured","17":"taxable","18":"shipping-taxable","19":"purchasable","20":"product-type-simple"},"acf":[],"yoast_head":"<!-- This site is optimized with the Yoast SEO plugin v25.6 - https:\/\/yoast.com\/wordpress\/plugins\/seo\/ -->\n<title>Drapak dla kot\u00f3w Cat White - do wypoczynku i higieny kotka<\/title>\n<meta name=\"description\" content=\"Drapak dla kot\u00f3w Cat White, to doskona\u0142y spos\u00f3b na ostre pazurki kota, kt\u00f3re niekiedy odczuwamy na w\u0142asnej sk\u00f3rze. Super ceny i wysoka jako\u015b\u0107 wykonania!\" \/>\n<meta name=\"robots\" content=\"index, follow, max-snippet:-1, max-image-preview:large, max-video-preview:-1\" \/>\n<link rel=\"canonical\" href=\"https:\/\/www.houseofcats.pl\/en\/shop\/drapak-dla-kotow-cat-white\/\" \/>\n<meta property=\"og:locale\" content=\"en_US\" \/>\n<meta property=\"og:type\" content=\"article\" \/>\n<meta property=\"og:title\" content=\"Drapak dla kot\u00f3w Cat White - do wypoczynku i higieny kotka\" \/>\n<meta property=\"og:description\" content=\"Drapak dla kot\u00f3w Cat White, to doskona\u0142y spos\u00f3b na ostre pazurki kota, kt\u00f3re niekiedy odczuwamy na w\u0142asnej sk\u00f3rze. Super ceny i wysoka jako\u015b\u0107 wykonania!\" \/>\n<meta property=\"og:url\" content=\"https:\/\/www.houseofcats.pl\/en\/shop\/drapak-dla-kotow-cat-white\/\" \/>\n<meta property=\"og:site_name\" content=\"Sklep internetowy House of Cats\" \/>\n<meta property=\"article:publisher\" content=\"https:\/\/www.facebook.com\/houseofcatspl\" \/>\n<meta property=\"article:modified_time\" content=\"2021-03-04T12:43:54+00:00\" \/>\n<meta property=\"og:image\" content=\"http:\/\/www.houseofcats.pl\/wp-content\/uploads\/2016\/03\/Projekt-bez-nazwy-1.jpeg\" \/>\n\t<meta property=\"og:image:width\" content=\"1280\" \/>\n\t<meta property=\"og:image:height\" content=\"1280\" \/>\n\t<meta property=\"og:image:type\" content=\"image\/jpeg\" \/>\n<meta name=\"twitter:card\" content=\"summary_large_image\" \/>\n<meta name=\"twitter:label1\" content=\"Est. reading time\" \/>\n\t<meta name=\"twitter:data1\" content=\"1 minute\" \/>\n<script type=\"application\/ld+json\" class=\"yoast-schema-graph\">{\"@context\":\"https:\/\/schema.org\",\"@graph\":[{\"@type\":\"WebPage\",\"@id\":\"https:\/\/www.houseofcats.pl\/en\/shop\/drapak-dla-kotow-cat-white\/\",\"url\":\"https:\/\/www.houseofcats.pl\/en\/shop\/drapak-dla-kotow-cat-white\/\",\"name\":\"Drapak dla kot\u00f3w Cat White - do wypoczynku i higieny kotka\",\"isPartOf\":{\"@id\":\"https:\/\/www.houseofcats.pl\/en\/#website\"},\"primaryImageOfPage\":{\"@id\":\"https:\/\/www.houseofcats.pl\/en\/shop\/drapak-dla-kotow-cat-white\/#primaryimage\"},\"image\":{\"@id\":\"https:\/\/www.houseofcats.pl\/en\/shop\/drapak-dla-kotow-cat-white\/#primaryimage\"},\"thumbnailUrl\":\"https:\/\/www.houseofcats.pl\/wp-content\/uploads\/2016\/03\/Projekt-bez-nazwy-1.jpeg\",\"datePublished\":\"2016-03-30T09:49:50+00:00\",\"dateModified\":\"2021-03-04T12:43:54+00:00\",\"description\":\"Drapak dla kot\u00f3w Cat White, to doskona\u0142y spos\u00f3b na ostre pazurki kota, kt\u00f3re niekiedy odczuwamy na w\u0142asnej sk\u00f3rze. Super ceny i wysoka jako\u015b\u0107 wykonania!\",\"breadcrumb\":{\"@id\":\"https:\/\/www.houseofcats.pl\/en\/shop\/drapak-dla-kotow-cat-white\/#breadcrumb\"},\"inLanguage\":\"en-US\",\"potentialAction\":[{\"@type\":\"ReadAction\",\"target\":[\"https:\/\/www.houseofcats.pl\/en\/shop\/drapak-dla-kotow-cat-white\/\"]}]},{\"@type\":\"ImageObject\",\"inLanguage\":\"en-US\",\"@id\":\"https:\/\/www.houseofcats.pl\/en\/shop\/drapak-dla-kotow-cat-white\/#primaryimage\",\"url\":\"https:\/\/www.houseofcats.pl\/wp-content\/uploads\/2016\/03\/Projekt-bez-nazwy-1.jpeg\",\"contentUrl\":\"https:\/\/www.houseofcats.pl\/wp-content\/uploads\/2016\/03\/Projekt-bez-nazwy-1.jpeg\",\"width\":1280,\"height\":1280},{\"@type\":\"BreadcrumbList\",\"@id\":\"https:\/\/www.houseofcats.pl\/en\/shop\/drapak-dla-kotow-cat-white\/#breadcrumb\",\"itemListElement\":[{\"@type\":\"ListItem\",\"position\":1,\"name\":\"Strona g\u0142\u00f3wna\",\"item\":\"https:\/\/www.houseofcats.pl\/en\/\"},{\"@type\":\"ListItem\",\"position\":2,\"name\":\"Sklep\",\"item\":\"https:\/\/www.houseofcats.pl\/sklep\/\"},{\"@type\":\"ListItem\",\"position\":3,\"name\":\"Scratching post Cat White\"}]},{\"@type\":\"WebSite\",\"@id\":\"https:\/\/www.houseofcats.pl\/en\/#website\",\"url\":\"https:\/\/www.houseofcats.pl\/en\/\",\"name\":\"Sklep internetowy House of Cats\",\"description\":\"Drapaki dla kot\u00f3w\",\"publisher\":{\"@id\":\"https:\/\/www.houseofcats.pl\/en\/#organization\"},\"potentialAction\":[{\"@type\":\"SearchAction\",\"target\":{\"@type\":\"EntryPoint\",\"urlTemplate\":\"https:\/\/www.houseofcats.pl\/en\/?s={search_term_string}\"},\"query-input\":{\"@type\":\"PropertyValueSpecification\",\"valueRequired\":true,\"valueName\":\"search_term_string\"}}],\"inLanguage\":\"en-US\"},{\"@type\":\"Organization\",\"@id\":\"https:\/\/www.houseofcats.pl\/en\/#organization\",\"name\":\"Sklep internetowy House of Cats\",\"url\":\"https:\/\/www.houseofcats.pl\/en\/\",\"logo\":{\"@type\":\"ImageObject\",\"inLanguage\":\"en-US\",\"@id\":\"https:\/\/www.houseofcats.pl\/en\/#\/schema\/logo\/image\/\",\"url\":\"https:\/\/www.houseofcats.pl\/wp-content\/uploads\/2024\/07\/Zrzut-ekranu-2017-07-11-o-23.35.44.png\",\"contentUrl\":\"https:\/\/www.houseofcats.pl\/wp-content\/uploads\/2024\/07\/Zrzut-ekranu-2017-07-11-o-23.35.44.png\",\"width\":496,\"height\":474,\"caption\":\"Sklep internetowy House of Cats\"},\"image\":{\"@id\":\"https:\/\/www.houseofcats.pl\/en\/#\/schema\/logo\/image\/\"},\"sameAs\":[\"https:\/\/www.facebook.com\/houseofcatspl\",\"https:\/\/www.instagram.com\/houseofcats.pl\/\",\"https:\/\/www.youtube.com\/@houseofcats5403\"]}]}<\/script>\n<!-- \/ Yoast SEO plugin. -->","yoast_head_json":{"title":"Drapak dla kot\u00f3w Cat White - do wypoczynku i higieny kotka","description":"Drapak dla kot\u00f3w Cat White, to doskona\u0142y spos\u00f3b na ostre pazurki kota, kt\u00f3re niekiedy odczuwamy na w\u0142asnej sk\u00f3rze. Super ceny i wysoka jako\u015b\u0107 wykonania!","robots":{"index":"index","follow":"follow","max-snippet":"max-snippet:-1","max-image-preview":"max-image-preview:large","max-video-preview":"max-video-preview:-1"},"canonical":"https:\/\/www.houseofcats.pl\/en\/shop\/drapak-dla-kotow-cat-white\/","og_locale":"en_US","og_type":"article","og_title":"Drapak dla kot\u00f3w Cat White - do wypoczynku i higieny kotka","og_description":"Drapak dla kot\u00f3w Cat White, to doskona\u0142y spos\u00f3b na ostre pazurki kota, kt\u00f3re niekiedy odczuwamy na w\u0142asnej sk\u00f3rze. Super ceny i wysoka jako\u015b\u0107 wykonania!","og_url":"https:\/\/www.houseofcats.pl\/en\/shop\/drapak-dla-kotow-cat-white\/","og_site_name":"Sklep internetowy House of Cats","article_publisher":"https:\/\/www.facebook.com\/houseofcatspl","article_modified_time":"2021-03-04T12:43:54+00:00","og_image":[{"width":1280,"height":1280,"url":"http:\/\/www.houseofcats.pl\/wp-content\/uploads\/2016\/03\/Projekt-bez-nazwy-1.jpeg","type":"image\/jpeg"}],"twitter_card":"summary_large_image","twitter_misc":{"Est. reading time":"1 minute"},"schema":{"@context":"https:\/\/schema.org","@graph":[{"@type":"WebPage","@id":"https:\/\/www.houseofcats.pl\/en\/shop\/drapak-dla-kotow-cat-white\/","url":"https:\/\/www.houseofcats.pl\/en\/shop\/drapak-dla-kotow-cat-white\/","name":"Drapak dla kot\u00f3w Cat White - do wypoczynku i higieny kotka","isPartOf":{"@id":"https:\/\/www.houseofcats.pl\/en\/#website"},"primaryImageOfPage":{"@id":"https:\/\/www.houseofcats.pl\/en\/shop\/drapak-dla-kotow-cat-white\/#primaryimage"},"image":{"@id":"https:\/\/www.houseofcats.pl\/en\/shop\/drapak-dla-kotow-cat-white\/#primaryimage"},"thumbnailUrl":"https:\/\/www.houseofcats.pl\/wp-content\/uploads\/2016\/03\/Projekt-bez-nazwy-1.jpeg","datePublished":"2016-03-30T09:49:50+00:00","dateModified":"2021-03-04T12:43:54+00:00","description":"Drapak dla kot\u00f3w Cat White, to doskona\u0142y spos\u00f3b na ostre pazurki kota, kt\u00f3re niekiedy odczuwamy na w\u0142asnej sk\u00f3rze. Super ceny i wysoka jako\u015b\u0107 wykonania!","breadcrumb":{"@id":"https:\/\/www.houseofcats.pl\/en\/shop\/drapak-dla-kotow-cat-white\/#breadcrumb"},"inLanguage":"en-US","potentialAction":[{"@type":"ReadAction","target":["https:\/\/www.houseofcats.pl\/en\/shop\/drapak-dla-kotow-cat-white\/"]}]},{"@type":"ImageObject","inLanguage":"en-US","@id":"https:\/\/www.houseofcats.pl\/en\/shop\/drapak-dla-kotow-cat-white\/#primaryimage","url":"https:\/\/www.houseofcats.pl\/wp-content\/uploads\/2016\/03\/Projekt-bez-nazwy-1.jpeg","contentUrl":"https:\/\/www.houseofcats.pl\/wp-content\/uploads\/2016\/03\/Projekt-bez-nazwy-1.jpeg","width":1280,"height":1280},{"@type":"BreadcrumbList","@id":"https:\/\/www.houseofcats.pl\/en\/shop\/drapak-dla-kotow-cat-white\/#breadcrumb","itemListElement":[{"@type":"ListItem","position":1,"name":"Strona g\u0142\u00f3wna","item":"https:\/\/www.houseofcats.pl\/en\/"},{"@type":"ListItem","position":2,"name":"Sklep","item":"https:\/\/www.houseofcats.pl\/sklep\/"},{"@type":"ListItem","position":3,"name":"Scratching post Cat White"}]},{"@type":"WebSite","@id":"https:\/\/www.houseofcats.pl\/en\/#website","url":"https:\/\/www.houseofcats.pl\/en\/","name":"Sklep internetowy House of Cats","description":"Drapaki dla kot\u00f3w","publisher":{"@id":"https:\/\/www.houseofcats.pl\/en\/#organization"},"potentialAction":[{"@type":"SearchAction","target":{"@type":"EntryPoint","urlTemplate":"https:\/\/www.houseofcats.pl\/en\/?s={search_term_string}"},"query-input":{"@type":"PropertyValueSpecification","valueRequired":true,"valueName":"search_term_string"}}],"inLanguage":"en-US"},{"@type":"Organization","@id":"https:\/\/www.houseofcats.pl\/en\/#organization","name":"Sklep internetowy House of Cats","url":"https:\/\/www.houseofcats.pl\/en\/","logo":{"@type":"ImageObject","inLanguage":"en-US","@id":"https:\/\/www.houseofcats.pl\/en\/#\/schema\/logo\/image\/","url":"https:\/\/www.houseofcats.pl\/wp-content\/uploads\/2024\/07\/Zrzut-ekranu-2017-07-11-o-23.35.44.png","contentUrl":"https:\/\/www.houseofcats.pl\/wp-content\/uploads\/2024\/07\/Zrzut-ekranu-2017-07-11-o-23.35.44.png","width":496,"height":474,"caption":"Sklep internetowy House of Cats"},"image":{"@id":"https:\/\/www.houseofcats.pl\/en\/#\/schema\/logo\/image\/"},"sameAs":["https:\/\/www.facebook.com\/houseofcatspl","https:\/\/www.instagram.com\/houseofcats.pl\/","https:\/\/www.youtube.com\/@houseofcats5403"]}]}},"_links":{"self":[{"href":"https:\/\/www.houseofcats.pl\/en\/wp-json\/wp\/v2\/product\/3855"}],"collection":[{"href":"https:\/\/www.houseofcats.pl\/en\/wp-json\/wp\/v2\/product"}],"about":[{"href":"https:\/\/www.houseofcats.pl\/en\/wp-json\/wp\/v2\/types\/product"}],"wp:featuredmedia":[{"embeddable":true,"href":"https:\/\/www.houseofcats.pl\/en\/wp-json\/wp\/v2\/media\/6597"}],"wp:attachment":[{"href":"https:\/\/www.houseofcats.pl\/en\/wp-json\/wp\/v2\/media?parent=3855"}],"wp:term":[{"taxonomy":"product_brand","embeddable":true,"href":"https:\/\/www.houseofcats.pl\/en\/wp-json\/wp\/v2\/product_brand?post=3855"},{"taxonomy":"product_cat","embeddable":true,"href":"https:\/\/www.houseofcats.pl\/en\/wp-json\/wp\/v2\/product_cat?post=3855"},{"taxonomy":"product_tag","embeddable":true,"href":"https:\/\/www.houseofcats.pl\/en\/wp-json\/wp\/v2\/product_tag?post=3855"}],"curies":[{"name":"wp","href":"https:\/\/api.w.org\/{rel}","templated":true}]}}