{"id":3908,"date":"2016-04-16T11:48:39","date_gmt":"2016-04-16T09:48:39","guid":{"rendered":"https:\/\/www.houseofcats.pl\/sklep\/small-flat-white\/"},"modified":"2021-03-04T13:21:06","modified_gmt":"2021-03-04T12:21:06","slug":"small-flat-white","status":"publish","type":"product","link":"https:\/\/www.houseofcats.pl\/en\/shop\/small-flat-white\/","title":{"rendered":"Small Flat White"},"content":{"rendered":"<p class=\"DomylneA\" style=\"tab-stops: 36.0pt 72.0pt 108.0pt 144.0pt 180.0pt 216.0pt 252.0pt 288.0pt 324.0pt 360.0pt 396.0pt 432.0pt 456.6pt;\">A small scratching post designed for little kittens to make them feel comfortable and to get acquainted with corrugated cardboard.<\/p>\n<h3 class=\"DomylneA\" style=\"tab-stops: 36.0pt 72.0pt 108.0pt 144.0pt 180.0pt 216.0pt 252.0pt 288.0pt 324.0pt 360.0pt 396.0pt 432.0pt 456.6pt;\">A scratching post for the youngest pet friends!<\/h3>\n<p class=\"DomylneA\" style=\"tab-stops: 36.0pt 72.0pt 108.0pt 144.0pt 180.0pt 216.0pt 252.0pt 288.0pt 324.0pt 360.0pt 396.0pt 432.0pt 456.6pt;\">The scratching post is a great place to rest and sleep needed so much by our little pet friend.<\/p>\n<hr \/>\n<p>Size product Small Flat: H 6 cm, W 18 cm, D 27 cm<\/p>\n<p>Weight 0,5 kg<\/p>\n","protected":false},"excerpt":{"rendered":"<p>A small scratching post designed for little kittens to make them feel comfortable and to get acquainted with corrugated cardboard. A scratching post for the youngest pet friends! The scratching post is a great place to rest and sleep needed so much by our little pet friend. Size product Small Flat: H 6 cm, W &hellip;<\/p>\n","protected":false},"featured_media":3909,"template":"","meta":{"_acf_changed":false},"product_brand":[],"product_cat":[200],"product_tag":[173,177,218,178,219],"class_list":{"0":"post-3908","1":"product","2":"type-product","3":"status-publish","4":"has-post-thumbnail","6":"product_cat-flat-en","7":"product_tag-drapak-en","8":"product_tag-kot-en","9":"product_tag-kotek-en","10":"product_tag-tektura-en","11":"product_tag-wyprawka-en","13":"first","14":"instock","15":"taxable","16":"shipping-taxable","17":"purchasable","18":"product-type-simple"},"acf":[],"yoast_head":"<!-- This site is optimized with the Yoast SEO plugin v25.6 - https:\/\/yoast.com\/wordpress\/plugins\/seo\/ -->\n<title>Ma\u0142y i tani drapaczek dla ma\u0142ego kotka od House of Cats<\/title>\n<meta name=\"description\" content=\"Drapaczek dla ma\u0142ego kotka, kt\u00f3ry \u015bwietnie sprawdzi si\u0119 w podr\u00f3\u017cy\" \/>\n<meta name=\"robots\" content=\"index, follow, max-snippet:-1, max-image-preview:large, max-video-preview:-1\" \/>\n<link rel=\"canonical\" href=\"https:\/\/www.houseofcats.pl\/en\/shop\/small-flat-white\/\" \/>\n<meta property=\"og:locale\" content=\"en_US\" \/>\n<meta property=\"og:type\" content=\"article\" \/>\n<meta property=\"og:title\" content=\"Ma\u0142y i tani drapaczek dla ma\u0142ego kotka od House of Cats\" \/>\n<meta property=\"og:description\" content=\"Drapaczek dla ma\u0142ego kotka, kt\u00f3ry \u015bwietnie sprawdzi si\u0119 w podr\u00f3\u017cy\" \/>\n<meta property=\"og:url\" content=\"https:\/\/www.houseofcats.pl\/en\/shop\/small-flat-white\/\" \/>\n<meta property=\"og:site_name\" content=\"Sklep internetowy House of Cats\" \/>\n<meta property=\"article:publisher\" content=\"https:\/\/www.facebook.com\/houseofcatspl\" \/>\n<meta property=\"article:modified_time\" content=\"2021-03-04T12:21:06+00:00\" \/>\n<meta property=\"og:image\" content=\"https:\/\/www.houseofcats.pl\/wp-content\/uploads\/2016\/04\/IMG_6681kw.jpg\" \/>\n\t<meta property=\"og:image:width\" content=\"1760\" \/>\n\t<meta property=\"og:image:height\" content=\"1760\" \/>\n\t<meta property=\"og:image:type\" content=\"image\/jpeg\" \/>\n<meta name=\"twitter:card\" content=\"summary_large_image\" \/>\n<meta name=\"twitter:label1\" content=\"Est. reading time\" \/>\n\t<meta name=\"twitter:data1\" content=\"1 minute\" \/>\n<script type=\"application\/ld+json\" class=\"yoast-schema-graph\">{\"@context\":\"https:\/\/schema.org\",\"@graph\":[{\"@type\":\"WebPage\",\"@id\":\"https:\/\/www.houseofcats.pl\/en\/shop\/small-flat-white\/\",\"url\":\"https:\/\/www.houseofcats.pl\/en\/shop\/small-flat-white\/\",\"name\":\"Ma\u0142y i tani drapaczek dla ma\u0142ego kotka od House of Cats\",\"isPartOf\":{\"@id\":\"https:\/\/www.houseofcats.pl\/en\/#website\"},\"primaryImageOfPage\":{\"@id\":\"https:\/\/www.houseofcats.pl\/en\/shop\/small-flat-white\/#primaryimage\"},\"image\":{\"@id\":\"https:\/\/www.houseofcats.pl\/en\/shop\/small-flat-white\/#primaryimage\"},\"thumbnailUrl\":\"https:\/\/www.houseofcats.pl\/wp-content\/uploads\/2016\/04\/IMG_6681kw.jpg\",\"datePublished\":\"2016-04-16T09:48:39+00:00\",\"dateModified\":\"2021-03-04T12:21:06+00:00\",\"description\":\"Drapaczek dla ma\u0142ego kotka, kt\u00f3ry \u015bwietnie sprawdzi si\u0119 w podr\u00f3\u017cy\",\"breadcrumb\":{\"@id\":\"https:\/\/www.houseofcats.pl\/en\/shop\/small-flat-white\/#breadcrumb\"},\"inLanguage\":\"en-US\",\"potentialAction\":[{\"@type\":\"ReadAction\",\"target\":[\"https:\/\/www.houseofcats.pl\/en\/shop\/small-flat-white\/\"]}]},{\"@type\":\"ImageObject\",\"inLanguage\":\"en-US\",\"@id\":\"https:\/\/www.houseofcats.pl\/en\/shop\/small-flat-white\/#primaryimage\",\"url\":\"https:\/\/www.houseofcats.pl\/wp-content\/uploads\/2016\/04\/IMG_6681kw.jpg\",\"contentUrl\":\"https:\/\/www.houseofcats.pl\/wp-content\/uploads\/2016\/04\/IMG_6681kw.jpg\",\"width\":1760,\"height\":1760},{\"@type\":\"BreadcrumbList\",\"@id\":\"https:\/\/www.houseofcats.pl\/en\/shop\/small-flat-white\/#breadcrumb\",\"itemListElement\":[{\"@type\":\"ListItem\",\"position\":1,\"name\":\"Strona g\u0142\u00f3wna\",\"item\":\"https:\/\/www.houseofcats.pl\/en\/\"},{\"@type\":\"ListItem\",\"position\":2,\"name\":\"Sklep\",\"item\":\"https:\/\/www.houseofcats.pl\/sklep\/\"},{\"@type\":\"ListItem\",\"position\":3,\"name\":\"Small Flat White\"}]},{\"@type\":\"WebSite\",\"@id\":\"https:\/\/www.houseofcats.pl\/en\/#website\",\"url\":\"https:\/\/www.houseofcats.pl\/en\/\",\"name\":\"Sklep internetowy House of Cats\",\"description\":\"Drapaki dla kot\u00f3w\",\"publisher\":{\"@id\":\"https:\/\/www.houseofcats.pl\/en\/#organization\"},\"potentialAction\":[{\"@type\":\"SearchAction\",\"target\":{\"@type\":\"EntryPoint\",\"urlTemplate\":\"https:\/\/www.houseofcats.pl\/en\/?s={search_term_string}\"},\"query-input\":{\"@type\":\"PropertyValueSpecification\",\"valueRequired\":true,\"valueName\":\"search_term_string\"}}],\"inLanguage\":\"en-US\"},{\"@type\":\"Organization\",\"@id\":\"https:\/\/www.houseofcats.pl\/en\/#organization\",\"name\":\"Sklep internetowy House of Cats\",\"url\":\"https:\/\/www.houseofcats.pl\/en\/\",\"logo\":{\"@type\":\"ImageObject\",\"inLanguage\":\"en-US\",\"@id\":\"https:\/\/www.houseofcats.pl\/en\/#\/schema\/logo\/image\/\",\"url\":\"https:\/\/www.houseofcats.pl\/wp-content\/uploads\/2024\/07\/Zrzut-ekranu-2017-07-11-o-23.35.44.png\",\"contentUrl\":\"https:\/\/www.houseofcats.pl\/wp-content\/uploads\/2024\/07\/Zrzut-ekranu-2017-07-11-o-23.35.44.png\",\"width\":496,\"height\":474,\"caption\":\"Sklep internetowy House of Cats\"},\"image\":{\"@id\":\"https:\/\/www.houseofcats.pl\/en\/#\/schema\/logo\/image\/\"},\"sameAs\":[\"https:\/\/www.facebook.com\/houseofcatspl\",\"https:\/\/www.instagram.com\/houseofcats.pl\/\",\"https:\/\/www.youtube.com\/@houseofcats5403\"]}]}<\/script>\n<!-- \/ Yoast SEO plugin. -->","yoast_head_json":{"title":"Ma\u0142y i tani drapaczek dla ma\u0142ego kotka od House of Cats","description":"Drapaczek dla ma\u0142ego kotka, kt\u00f3ry \u015bwietnie sprawdzi si\u0119 w podr\u00f3\u017cy","robots":{"index":"index","follow":"follow","max-snippet":"max-snippet:-1","max-image-preview":"max-image-preview:large","max-video-preview":"max-video-preview:-1"},"canonical":"https:\/\/www.houseofcats.pl\/en\/shop\/small-flat-white\/","og_locale":"en_US","og_type":"article","og_title":"Ma\u0142y i tani drapaczek dla ma\u0142ego kotka od House of Cats","og_description":"Drapaczek dla ma\u0142ego kotka, kt\u00f3ry \u015bwietnie sprawdzi si\u0119 w podr\u00f3\u017cy","og_url":"https:\/\/www.houseofcats.pl\/en\/shop\/small-flat-white\/","og_site_name":"Sklep internetowy House of Cats","article_publisher":"https:\/\/www.facebook.com\/houseofcatspl","article_modified_time":"2021-03-04T12:21:06+00:00","og_image":[{"width":1760,"height":1760,"url":"https:\/\/www.houseofcats.pl\/wp-content\/uploads\/2016\/04\/IMG_6681kw.jpg","type":"image\/jpeg"}],"twitter_card":"summary_large_image","twitter_misc":{"Est. reading time":"1 minute"},"schema":{"@context":"https:\/\/schema.org","@graph":[{"@type":"WebPage","@id":"https:\/\/www.houseofcats.pl\/en\/shop\/small-flat-white\/","url":"https:\/\/www.houseofcats.pl\/en\/shop\/small-flat-white\/","name":"Ma\u0142y i tani drapaczek dla ma\u0142ego kotka od House of Cats","isPartOf":{"@id":"https:\/\/www.houseofcats.pl\/en\/#website"},"primaryImageOfPage":{"@id":"https:\/\/www.houseofcats.pl\/en\/shop\/small-flat-white\/#primaryimage"},"image":{"@id":"https:\/\/www.houseofcats.pl\/en\/shop\/small-flat-white\/#primaryimage"},"thumbnailUrl":"https:\/\/www.houseofcats.pl\/wp-content\/uploads\/2016\/04\/IMG_6681kw.jpg","datePublished":"2016-04-16T09:48:39+00:00","dateModified":"2021-03-04T12:21:06+00:00","description":"Drapaczek dla ma\u0142ego kotka, kt\u00f3ry \u015bwietnie sprawdzi si\u0119 w podr\u00f3\u017cy","breadcrumb":{"@id":"https:\/\/www.houseofcats.pl\/en\/shop\/small-flat-white\/#breadcrumb"},"inLanguage":"en-US","potentialAction":[{"@type":"ReadAction","target":["https:\/\/www.houseofcats.pl\/en\/shop\/small-flat-white\/"]}]},{"@type":"ImageObject","inLanguage":"en-US","@id":"https:\/\/www.houseofcats.pl\/en\/shop\/small-flat-white\/#primaryimage","url":"https:\/\/www.houseofcats.pl\/wp-content\/uploads\/2016\/04\/IMG_6681kw.jpg","contentUrl":"https:\/\/www.houseofcats.pl\/wp-content\/uploads\/2016\/04\/IMG_6681kw.jpg","width":1760,"height":1760},{"@type":"BreadcrumbList","@id":"https:\/\/www.houseofcats.pl\/en\/shop\/small-flat-white\/#breadcrumb","itemListElement":[{"@type":"ListItem","position":1,"name":"Strona g\u0142\u00f3wna","item":"https:\/\/www.houseofcats.pl\/en\/"},{"@type":"ListItem","position":2,"name":"Sklep","item":"https:\/\/www.houseofcats.pl\/sklep\/"},{"@type":"ListItem","position":3,"name":"Small Flat White"}]},{"@type":"WebSite","@id":"https:\/\/www.houseofcats.pl\/en\/#website","url":"https:\/\/www.houseofcats.pl\/en\/","name":"Sklep internetowy House of Cats","description":"Drapaki dla kot\u00f3w","publisher":{"@id":"https:\/\/www.houseofcats.pl\/en\/#organization"},"potentialAction":[{"@type":"SearchAction","target":{"@type":"EntryPoint","urlTemplate":"https:\/\/www.houseofcats.pl\/en\/?s={search_term_string}"},"query-input":{"@type":"PropertyValueSpecification","valueRequired":true,"valueName":"search_term_string"}}],"inLanguage":"en-US"},{"@type":"Organization","@id":"https:\/\/www.houseofcats.pl\/en\/#organization","name":"Sklep internetowy House of Cats","url":"https:\/\/www.houseofcats.pl\/en\/","logo":{"@type":"ImageObject","inLanguage":"en-US","@id":"https:\/\/www.houseofcats.pl\/en\/#\/schema\/logo\/image\/","url":"https:\/\/www.houseofcats.pl\/wp-content\/uploads\/2024\/07\/Zrzut-ekranu-2017-07-11-o-23.35.44.png","contentUrl":"https:\/\/www.houseofcats.pl\/wp-content\/uploads\/2024\/07\/Zrzut-ekranu-2017-07-11-o-23.35.44.png","width":496,"height":474,"caption":"Sklep internetowy House of Cats"},"image":{"@id":"https:\/\/www.houseofcats.pl\/en\/#\/schema\/logo\/image\/"},"sameAs":["https:\/\/www.facebook.com\/houseofcatspl","https:\/\/www.instagram.com\/houseofcats.pl\/","https:\/\/www.youtube.com\/@houseofcats5403"]}]}},"_links":{"self":[{"href":"https:\/\/www.houseofcats.pl\/en\/wp-json\/wp\/v2\/product\/3908"}],"collection":[{"href":"https:\/\/www.houseofcats.pl\/en\/wp-json\/wp\/v2\/product"}],"about":[{"href":"https:\/\/www.houseofcats.pl\/en\/wp-json\/wp\/v2\/types\/product"}],"wp:featuredmedia":[{"embeddable":true,"href":"https:\/\/www.houseofcats.pl\/en\/wp-json\/wp\/v2\/media\/3909"}],"wp:attachment":[{"href":"https:\/\/www.houseofcats.pl\/en\/wp-json\/wp\/v2\/media?parent=3908"}],"wp:term":[{"taxonomy":"product_brand","embeddable":true,"href":"https:\/\/www.houseofcats.pl\/en\/wp-json\/wp\/v2\/product_brand?post=3908"},{"taxonomy":"product_cat","embeddable":true,"href":"https:\/\/www.houseofcats.pl\/en\/wp-json\/wp\/v2\/product_cat?post=3908"},{"taxonomy":"product_tag","embeddable":true,"href":"https:\/\/www.houseofcats.pl\/en\/wp-json\/wp\/v2\/product_tag?post=3908"}],"curies":[{"name":"wp","href":"https:\/\/api.w.org\/{rel}","templated":true}]}}