{"id":3911,"date":"2016-04-16T11:52:05","date_gmt":"2016-04-16T09:52:05","guid":{"rendered":"https:\/\/www.houseofcats.pl\/sklep\/small-flat-flowers\/"},"modified":"2021-03-04T13:19:45","modified_gmt":"2021-03-04T12:19:45","slug":"small-flat-flowers","status":"publish","type":"product","link":"https:\/\/www.houseofcats.pl\/en\/shop\/small-flat-flowers\/","title":{"rendered":"Small Flat Flowers"},"content":{"rendered":"<p class=\"DomylneA\" style=\"tab-stops: 36.0pt 72.0pt 108.0pt 144.0pt 180.0pt 216.0pt 252.0pt 288.0pt 324.0pt 360.0pt 396.0pt 432.0pt 456.6pt;\"><span style=\"line-height: 1.5;\">A small scratching post designed for little kittens to make them feel comfortable and to get them acquainted with corrugated cardboard.<\/span><\/p>\n<h3 class=\"DomylneA\" style=\"tab-stops: 36.0pt 72.0pt 108.0pt 144.0pt 180.0pt 216.0pt 252.0pt 288.0pt 324.0pt 360.0pt 396.0pt 432.0pt 456.6pt;\"><span style=\"line-height: 1.5;\">A small scratching post \u2013 great benefits!<\/span><\/h3>\n<p class=\"DomylneA\" style=\"tab-stops: 36.0pt 72.0pt 108.0pt 144.0pt 180.0pt 216.0pt 252.0pt 288.0pt 324.0pt 360.0pt 396.0pt 432.0pt 456.6pt;\"><span style=\"line-height: 1.5;\">The scratching post is a great place to rest and sleep needed so much by our little pet friend. A flowery pattern of the scratching post front brings pleasant associations.<\/span><\/p>\n<hr \/>\n<p>Size product Small Flat: H 6 cm, W 18 cm, D 27 cm<\/p>\n<p>Weight 0,5 kg<\/p>\n","protected":false},"excerpt":{"rendered":"<p>A small scratching post designed for little kittens to make them feel comfortable and to get them acquainted with corrugated cardboard. A small scratching post \u2013 great benefits! The scratching post is a great place to rest and sleep needed so much by our little pet friend. A flowery pattern of the scratching post front &hellip;<\/p>\n","protected":false},"featured_media":3916,"template":"","meta":{"_acf_changed":false},"product_brand":[],"product_cat":[200],"product_tag":[173,177,218,178,219],"class_list":{"0":"post-3911","1":"product","2":"type-product","3":"status-publish","4":"has-post-thumbnail","6":"product_cat-flat-en","7":"product_tag-drapak-en","8":"product_tag-kot-en","9":"product_tag-kotek-en","10":"product_tag-tektura-en","11":"product_tag-wyprawka-en","13":"first","14":"instock","15":"taxable","16":"shipping-taxable","17":"purchasable","18":"product-type-simple"},"acf":[],"yoast_head":"<!-- This site is optimized with the Yoast SEO plugin v25.6 - https:\/\/yoast.com\/wordpress\/plugins\/seo\/ -->\n<title>drapaczek small flat flowers od house of cats idealny na wyprawk\u0119<\/title>\n<meta name=\"description\" content=\"Pi\u0119kny ma\u0142y drapczek dla ma\u0142ego kota, kt\u00f3ry mo\u017cna wykorzysta\u0107 jako zabawk\u0119 np. podczas transportu w kontenerze aby kot si\u0119 nie denerwowa\u0142.\" \/>\n<meta name=\"robots\" content=\"index, follow, max-snippet:-1, max-image-preview:large, max-video-preview:-1\" \/>\n<link rel=\"canonical\" href=\"https:\/\/www.houseofcats.pl\/en\/shop\/small-flat-flowers\/\" \/>\n<meta property=\"og:locale\" content=\"en_US\" \/>\n<meta property=\"og:type\" content=\"article\" \/>\n<meta property=\"og:title\" content=\"drapaczek small flat flowers od house of cats idealny na wyprawk\u0119\" \/>\n<meta property=\"og:description\" content=\"Pi\u0119kny ma\u0142y drapczek dla ma\u0142ego kota, kt\u00f3ry mo\u017cna wykorzysta\u0107 jako zabawk\u0119 np. podczas transportu w kontenerze aby kot si\u0119 nie denerwowa\u0142.\" \/>\n<meta property=\"og:url\" content=\"https:\/\/www.houseofcats.pl\/en\/shop\/small-flat-flowers\/\" \/>\n<meta property=\"og:site_name\" content=\"Sklep internetowy House of Cats\" \/>\n<meta property=\"article:publisher\" content=\"https:\/\/www.facebook.com\/houseofcatspl\" \/>\n<meta property=\"article:modified_time\" content=\"2021-03-04T12:19:45+00:00\" \/>\n<meta property=\"og:image\" content=\"https:\/\/www.houseofcats.pl\/wp-content\/uploads\/2016\/04\/IMG_8871.jpg\" \/>\n\t<meta property=\"og:image:width\" content=\"1125\" \/>\n\t<meta property=\"og:image:height\" content=\"1113\" \/>\n\t<meta property=\"og:image:type\" content=\"image\/jpeg\" \/>\n<meta name=\"twitter:card\" content=\"summary_large_image\" \/>\n<meta name=\"twitter:label1\" content=\"Est. reading time\" \/>\n\t<meta name=\"twitter:data1\" content=\"1 minute\" \/>\n<script type=\"application\/ld+json\" class=\"yoast-schema-graph\">{\"@context\":\"https:\/\/schema.org\",\"@graph\":[{\"@type\":\"WebPage\",\"@id\":\"https:\/\/www.houseofcats.pl\/en\/shop\/small-flat-flowers\/\",\"url\":\"https:\/\/www.houseofcats.pl\/en\/shop\/small-flat-flowers\/\",\"name\":\"drapaczek small flat flowers od house of cats idealny na wyprawk\u0119\",\"isPartOf\":{\"@id\":\"https:\/\/www.houseofcats.pl\/en\/#website\"},\"primaryImageOfPage\":{\"@id\":\"https:\/\/www.houseofcats.pl\/en\/shop\/small-flat-flowers\/#primaryimage\"},\"image\":{\"@id\":\"https:\/\/www.houseofcats.pl\/en\/shop\/small-flat-flowers\/#primaryimage\"},\"thumbnailUrl\":\"https:\/\/www.houseofcats.pl\/wp-content\/uploads\/2016\/04\/IMG_8871.jpg\",\"datePublished\":\"2016-04-16T09:52:05+00:00\",\"dateModified\":\"2021-03-04T12:19:45+00:00\",\"description\":\"Pi\u0119kny ma\u0142y drapczek dla ma\u0142ego kota, kt\u00f3ry mo\u017cna wykorzysta\u0107 jako zabawk\u0119 np. podczas transportu w kontenerze aby kot si\u0119 nie denerwowa\u0142.\",\"breadcrumb\":{\"@id\":\"https:\/\/www.houseofcats.pl\/en\/shop\/small-flat-flowers\/#breadcrumb\"},\"inLanguage\":\"en-US\",\"potentialAction\":[{\"@type\":\"ReadAction\",\"target\":[\"https:\/\/www.houseofcats.pl\/en\/shop\/small-flat-flowers\/\"]}]},{\"@type\":\"ImageObject\",\"inLanguage\":\"en-US\",\"@id\":\"https:\/\/www.houseofcats.pl\/en\/shop\/small-flat-flowers\/#primaryimage\",\"url\":\"https:\/\/www.houseofcats.pl\/wp-content\/uploads\/2016\/04\/IMG_8871.jpg\",\"contentUrl\":\"https:\/\/www.houseofcats.pl\/wp-content\/uploads\/2016\/04\/IMG_8871.jpg\",\"width\":1125,\"height\":1113},{\"@type\":\"BreadcrumbList\",\"@id\":\"https:\/\/www.houseofcats.pl\/en\/shop\/small-flat-flowers\/#breadcrumb\",\"itemListElement\":[{\"@type\":\"ListItem\",\"position\":1,\"name\":\"Strona g\u0142\u00f3wna\",\"item\":\"https:\/\/www.houseofcats.pl\/en\/\"},{\"@type\":\"ListItem\",\"position\":2,\"name\":\"Sklep\",\"item\":\"https:\/\/www.houseofcats.pl\/sklep\/\"},{\"@type\":\"ListItem\",\"position\":3,\"name\":\"Small Flat Flowers\"}]},{\"@type\":\"WebSite\",\"@id\":\"https:\/\/www.houseofcats.pl\/en\/#website\",\"url\":\"https:\/\/www.houseofcats.pl\/en\/\",\"name\":\"Sklep internetowy House of Cats\",\"description\":\"Drapaki dla kot\u00f3w\",\"publisher\":{\"@id\":\"https:\/\/www.houseofcats.pl\/en\/#organization\"},\"potentialAction\":[{\"@type\":\"SearchAction\",\"target\":{\"@type\":\"EntryPoint\",\"urlTemplate\":\"https:\/\/www.houseofcats.pl\/en\/?s={search_term_string}\"},\"query-input\":{\"@type\":\"PropertyValueSpecification\",\"valueRequired\":true,\"valueName\":\"search_term_string\"}}],\"inLanguage\":\"en-US\"},{\"@type\":\"Organization\",\"@id\":\"https:\/\/www.houseofcats.pl\/en\/#organization\",\"name\":\"Sklep internetowy House of Cats\",\"url\":\"https:\/\/www.houseofcats.pl\/en\/\",\"logo\":{\"@type\":\"ImageObject\",\"inLanguage\":\"en-US\",\"@id\":\"https:\/\/www.houseofcats.pl\/en\/#\/schema\/logo\/image\/\",\"url\":\"https:\/\/www.houseofcats.pl\/wp-content\/uploads\/2024\/07\/Zrzut-ekranu-2017-07-11-o-23.35.44.png\",\"contentUrl\":\"https:\/\/www.houseofcats.pl\/wp-content\/uploads\/2024\/07\/Zrzut-ekranu-2017-07-11-o-23.35.44.png\",\"width\":496,\"height\":474,\"caption\":\"Sklep internetowy House of Cats\"},\"image\":{\"@id\":\"https:\/\/www.houseofcats.pl\/en\/#\/schema\/logo\/image\/\"},\"sameAs\":[\"https:\/\/www.facebook.com\/houseofcatspl\",\"https:\/\/www.instagram.com\/houseofcats.pl\/\",\"https:\/\/www.youtube.com\/@houseofcats5403\"]}]}<\/script>\n<!-- \/ Yoast SEO plugin. -->","yoast_head_json":{"title":"drapaczek small flat flowers od house of cats idealny na wyprawk\u0119","description":"Pi\u0119kny ma\u0142y drapczek dla ma\u0142ego kota, kt\u00f3ry mo\u017cna wykorzysta\u0107 jako zabawk\u0119 np. podczas transportu w kontenerze aby kot si\u0119 nie denerwowa\u0142.","robots":{"index":"index","follow":"follow","max-snippet":"max-snippet:-1","max-image-preview":"max-image-preview:large","max-video-preview":"max-video-preview:-1"},"canonical":"https:\/\/www.houseofcats.pl\/en\/shop\/small-flat-flowers\/","og_locale":"en_US","og_type":"article","og_title":"drapaczek small flat flowers od house of cats idealny na wyprawk\u0119","og_description":"Pi\u0119kny ma\u0142y drapczek dla ma\u0142ego kota, kt\u00f3ry mo\u017cna wykorzysta\u0107 jako zabawk\u0119 np. podczas transportu w kontenerze aby kot si\u0119 nie denerwowa\u0142.","og_url":"https:\/\/www.houseofcats.pl\/en\/shop\/small-flat-flowers\/","og_site_name":"Sklep internetowy House of Cats","article_publisher":"https:\/\/www.facebook.com\/houseofcatspl","article_modified_time":"2021-03-04T12:19:45+00:00","og_image":[{"width":1125,"height":1113,"url":"https:\/\/www.houseofcats.pl\/wp-content\/uploads\/2016\/04\/IMG_8871.jpg","type":"image\/jpeg"}],"twitter_card":"summary_large_image","twitter_misc":{"Est. reading time":"1 minute"},"schema":{"@context":"https:\/\/schema.org","@graph":[{"@type":"WebPage","@id":"https:\/\/www.houseofcats.pl\/en\/shop\/small-flat-flowers\/","url":"https:\/\/www.houseofcats.pl\/en\/shop\/small-flat-flowers\/","name":"drapaczek small flat flowers od house of cats idealny na wyprawk\u0119","isPartOf":{"@id":"https:\/\/www.houseofcats.pl\/en\/#website"},"primaryImageOfPage":{"@id":"https:\/\/www.houseofcats.pl\/en\/shop\/small-flat-flowers\/#primaryimage"},"image":{"@id":"https:\/\/www.houseofcats.pl\/en\/shop\/small-flat-flowers\/#primaryimage"},"thumbnailUrl":"https:\/\/www.houseofcats.pl\/wp-content\/uploads\/2016\/04\/IMG_8871.jpg","datePublished":"2016-04-16T09:52:05+00:00","dateModified":"2021-03-04T12:19:45+00:00","description":"Pi\u0119kny ma\u0142y drapczek dla ma\u0142ego kota, kt\u00f3ry mo\u017cna wykorzysta\u0107 jako zabawk\u0119 np. podczas transportu w kontenerze aby kot si\u0119 nie denerwowa\u0142.","breadcrumb":{"@id":"https:\/\/www.houseofcats.pl\/en\/shop\/small-flat-flowers\/#breadcrumb"},"inLanguage":"en-US","potentialAction":[{"@type":"ReadAction","target":["https:\/\/www.houseofcats.pl\/en\/shop\/small-flat-flowers\/"]}]},{"@type":"ImageObject","inLanguage":"en-US","@id":"https:\/\/www.houseofcats.pl\/en\/shop\/small-flat-flowers\/#primaryimage","url":"https:\/\/www.houseofcats.pl\/wp-content\/uploads\/2016\/04\/IMG_8871.jpg","contentUrl":"https:\/\/www.houseofcats.pl\/wp-content\/uploads\/2016\/04\/IMG_8871.jpg","width":1125,"height":1113},{"@type":"BreadcrumbList","@id":"https:\/\/www.houseofcats.pl\/en\/shop\/small-flat-flowers\/#breadcrumb","itemListElement":[{"@type":"ListItem","position":1,"name":"Strona g\u0142\u00f3wna","item":"https:\/\/www.houseofcats.pl\/en\/"},{"@type":"ListItem","position":2,"name":"Sklep","item":"https:\/\/www.houseofcats.pl\/sklep\/"},{"@type":"ListItem","position":3,"name":"Small Flat Flowers"}]},{"@type":"WebSite","@id":"https:\/\/www.houseofcats.pl\/en\/#website","url":"https:\/\/www.houseofcats.pl\/en\/","name":"Sklep internetowy House of Cats","description":"Drapaki dla kot\u00f3w","publisher":{"@id":"https:\/\/www.houseofcats.pl\/en\/#organization"},"potentialAction":[{"@type":"SearchAction","target":{"@type":"EntryPoint","urlTemplate":"https:\/\/www.houseofcats.pl\/en\/?s={search_term_string}"},"query-input":{"@type":"PropertyValueSpecification","valueRequired":true,"valueName":"search_term_string"}}],"inLanguage":"en-US"},{"@type":"Organization","@id":"https:\/\/www.houseofcats.pl\/en\/#organization","name":"Sklep internetowy House of Cats","url":"https:\/\/www.houseofcats.pl\/en\/","logo":{"@type":"ImageObject","inLanguage":"en-US","@id":"https:\/\/www.houseofcats.pl\/en\/#\/schema\/logo\/image\/","url":"https:\/\/www.houseofcats.pl\/wp-content\/uploads\/2024\/07\/Zrzut-ekranu-2017-07-11-o-23.35.44.png","contentUrl":"https:\/\/www.houseofcats.pl\/wp-content\/uploads\/2024\/07\/Zrzut-ekranu-2017-07-11-o-23.35.44.png","width":496,"height":474,"caption":"Sklep internetowy House of Cats"},"image":{"@id":"https:\/\/www.houseofcats.pl\/en\/#\/schema\/logo\/image\/"},"sameAs":["https:\/\/www.facebook.com\/houseofcatspl","https:\/\/www.instagram.com\/houseofcats.pl\/","https:\/\/www.youtube.com\/@houseofcats5403"]}]}},"_links":{"self":[{"href":"https:\/\/www.houseofcats.pl\/en\/wp-json\/wp\/v2\/product\/3911"}],"collection":[{"href":"https:\/\/www.houseofcats.pl\/en\/wp-json\/wp\/v2\/product"}],"about":[{"href":"https:\/\/www.houseofcats.pl\/en\/wp-json\/wp\/v2\/types\/product"}],"wp:featuredmedia":[{"embeddable":true,"href":"https:\/\/www.houseofcats.pl\/en\/wp-json\/wp\/v2\/media\/3916"}],"wp:attachment":[{"href":"https:\/\/www.houseofcats.pl\/en\/wp-json\/wp\/v2\/media?parent=3911"}],"wp:term":[{"taxonomy":"product_brand","embeddable":true,"href":"https:\/\/www.houseofcats.pl\/en\/wp-json\/wp\/v2\/product_brand?post=3911"},{"taxonomy":"product_cat","embeddable":true,"href":"https:\/\/www.houseofcats.pl\/en\/wp-json\/wp\/v2\/product_cat?post=3911"},{"taxonomy":"product_tag","embeddable":true,"href":"https:\/\/www.houseofcats.pl\/en\/wp-json\/wp\/v2\/product_tag?post=3911"}],"curies":[{"name":"wp","href":"https:\/\/api.w.org\/{rel}","templated":true}]}}