{"id":3926,"date":"2016-04-15T22:31:11","date_gmt":"2016-04-15T20:31:11","guid":{"rendered":"https:\/\/www.houseofcats.pl\/sklep\/sofa-flowers\/"},"modified":"2021-03-04T13:22:27","modified_gmt":"2021-03-04T12:22:27","slug":"sofa-flowers","status":"publish","type":"product","link":"https:\/\/www.houseofcats.pl\/en\/shop\/sofa-flowers\/","title":{"rendered":"Sofa Flowers"},"content":{"rendered":"<p>A Sofa Flowers scratching post is a new trend in a cats\u2019 fashion. It is simple, warm and comfortable and it gives many opportunities which a cat will be eager to try. It is mainly for scratching and cleaning claws from exfoliating cuticle.<\/p>\n<h3><strong>It\u2019s all the cat\u2019s rage!<\/strong><\/h3>\n<p>There is another thing that a cat will take a liking to even more. It is the scratching post\u2019s size and simple shape which allows a cat to stretch out with no limits. A cat\u2019s gymnastics on a Sofa scratching post will surely delight every cat.<\/p>\n<hr \/>\n<p>Size product Sofa: H 12 cm, W 68 cm, D 27 cm<\/p>\n<p>Weight 1,8 kg<\/p>\n","protected":false},"excerpt":{"rendered":"<p>A Sofa Flowers scratching post is a new trend in a cats\u2019 fashion. It is simple, warm and comfortable and it gives many opportunities which a cat will be eager to try. It is mainly for scratching and cleaning claws from exfoliating cuticle. It\u2019s all the cat\u2019s rage! There is another thing that a cat &hellip;<\/p>\n","protected":false},"featured_media":3933,"template":"","meta":{"_acf_changed":false},"product_brand":[],"product_cat":[176],"product_tag":[173,177,179,180,178],"class_list":{"0":"post-3926","1":"product","2":"type-product","3":"status-publish","4":"has-post-thumbnail","6":"product_cat-sofa-en","7":"product_tag-drapak-en","8":"product_tag-kot-en","9":"product_tag-legowisko-en","10":"product_tag-lezanka-en","11":"product_tag-tektura-en","13":"first","14":"instock","15":"featured","16":"taxable","17":"shipping-taxable","18":"purchasable","19":"product-type-simple"},"acf":[],"yoast_head":"<!-- This site is optimized with the Yoast SEO plugin v25.6 - https:\/\/yoast.com\/wordpress\/plugins\/seo\/ -->\n<title>Drapak dla kota z tektury falistej, kt\u00f3ry \u015bwietnie sprawdzi si\u0119 jako le\u017canka<\/title>\n<meta name=\"description\" content=\"Kolorowy i kwiecisty drapak dla kota od House of Cats to wspania\u0142e po\u0142\u0105czenie formy drapaka, miejsca do zabawy i legowiska w jednym.\" \/>\n<meta name=\"robots\" content=\"index, follow, max-snippet:-1, max-image-preview:large, max-video-preview:-1\" \/>\n<link rel=\"canonical\" href=\"https:\/\/www.houseofcats.pl\/en\/shop\/sofa-flowers\/\" \/>\n<meta property=\"og:locale\" content=\"en_US\" \/>\n<meta property=\"og:type\" content=\"article\" \/>\n<meta property=\"og:title\" content=\"Drapak dla kota z tektury falistej, kt\u00f3ry \u015bwietnie sprawdzi si\u0119 jako le\u017canka\" \/>\n<meta property=\"og:description\" content=\"Kolorowy i kwiecisty drapak dla kota od House of Cats to wspania\u0142e po\u0142\u0105czenie formy drapaka, miejsca do zabawy i legowiska w jednym.\" \/>\n<meta property=\"og:url\" content=\"https:\/\/www.houseofcats.pl\/en\/shop\/sofa-flowers\/\" \/>\n<meta property=\"og:site_name\" content=\"Sklep internetowy House of Cats\" \/>\n<meta property=\"article:publisher\" content=\"https:\/\/www.facebook.com\/houseofcatspl\" \/>\n<meta property=\"article:modified_time\" content=\"2021-03-04T12:22:27+00:00\" \/>\n<meta property=\"og:image\" content=\"http:\/\/www.houseofcats.pl\/wp-content\/uploads\/2016\/04\/sofa-flowers-1.jpg\" \/>\n\t<meta property=\"og:image:width\" content=\"1024\" \/>\n\t<meta property=\"og:image:height\" content=\"1024\" \/>\n\t<meta property=\"og:image:type\" content=\"image\/jpeg\" \/>\n<meta name=\"twitter:card\" content=\"summary_large_image\" \/>\n<meta name=\"twitter:label1\" content=\"Est. reading time\" \/>\n\t<meta name=\"twitter:data1\" content=\"1 minute\" \/>\n<script type=\"application\/ld+json\" class=\"yoast-schema-graph\">{\"@context\":\"https:\/\/schema.org\",\"@graph\":[{\"@type\":\"WebPage\",\"@id\":\"https:\/\/www.houseofcats.pl\/en\/shop\/sofa-flowers\/\",\"url\":\"https:\/\/www.houseofcats.pl\/en\/shop\/sofa-flowers\/\",\"name\":\"Drapak dla kota z tektury falistej, kt\u00f3ry \u015bwietnie sprawdzi si\u0119 jako le\u017canka\",\"isPartOf\":{\"@id\":\"https:\/\/www.houseofcats.pl\/en\/#website\"},\"primaryImageOfPage\":{\"@id\":\"https:\/\/www.houseofcats.pl\/en\/shop\/sofa-flowers\/#primaryimage\"},\"image\":{\"@id\":\"https:\/\/www.houseofcats.pl\/en\/shop\/sofa-flowers\/#primaryimage\"},\"thumbnailUrl\":\"https:\/\/www.houseofcats.pl\/wp-content\/uploads\/2016\/04\/sofa-flowers-1.jpg\",\"datePublished\":\"2016-04-15T20:31:11+00:00\",\"dateModified\":\"2021-03-04T12:22:27+00:00\",\"description\":\"Kolorowy i kwiecisty drapak dla kota od House of Cats to wspania\u0142e po\u0142\u0105czenie formy drapaka, miejsca do zabawy i legowiska w jednym.\",\"breadcrumb\":{\"@id\":\"https:\/\/www.houseofcats.pl\/en\/shop\/sofa-flowers\/#breadcrumb\"},\"inLanguage\":\"en-US\",\"potentialAction\":[{\"@type\":\"ReadAction\",\"target\":[\"https:\/\/www.houseofcats.pl\/en\/shop\/sofa-flowers\/\"]}]},{\"@type\":\"ImageObject\",\"inLanguage\":\"en-US\",\"@id\":\"https:\/\/www.houseofcats.pl\/en\/shop\/sofa-flowers\/#primaryimage\",\"url\":\"https:\/\/www.houseofcats.pl\/wp-content\/uploads\/2016\/04\/sofa-flowers-1.jpg\",\"contentUrl\":\"https:\/\/www.houseofcats.pl\/wp-content\/uploads\/2016\/04\/sofa-flowers-1.jpg\",\"width\":1024,\"height\":1024},{\"@type\":\"BreadcrumbList\",\"@id\":\"https:\/\/www.houseofcats.pl\/en\/shop\/sofa-flowers\/#breadcrumb\",\"itemListElement\":[{\"@type\":\"ListItem\",\"position\":1,\"name\":\"Strona g\u0142\u00f3wna\",\"item\":\"https:\/\/www.houseofcats.pl\/en\/\"},{\"@type\":\"ListItem\",\"position\":2,\"name\":\"Sklep\",\"item\":\"https:\/\/www.houseofcats.pl\/sklep\/\"},{\"@type\":\"ListItem\",\"position\":3,\"name\":\"Sofa Flowers\"}]},{\"@type\":\"WebSite\",\"@id\":\"https:\/\/www.houseofcats.pl\/en\/#website\",\"url\":\"https:\/\/www.houseofcats.pl\/en\/\",\"name\":\"Sklep internetowy House of Cats\",\"description\":\"Drapaki dla kot\u00f3w\",\"publisher\":{\"@id\":\"https:\/\/www.houseofcats.pl\/en\/#organization\"},\"potentialAction\":[{\"@type\":\"SearchAction\",\"target\":{\"@type\":\"EntryPoint\",\"urlTemplate\":\"https:\/\/www.houseofcats.pl\/en\/?s={search_term_string}\"},\"query-input\":{\"@type\":\"PropertyValueSpecification\",\"valueRequired\":true,\"valueName\":\"search_term_string\"}}],\"inLanguage\":\"en-US\"},{\"@type\":\"Organization\",\"@id\":\"https:\/\/www.houseofcats.pl\/en\/#organization\",\"name\":\"Sklep internetowy House of Cats\",\"url\":\"https:\/\/www.houseofcats.pl\/en\/\",\"logo\":{\"@type\":\"ImageObject\",\"inLanguage\":\"en-US\",\"@id\":\"https:\/\/www.houseofcats.pl\/en\/#\/schema\/logo\/image\/\",\"url\":\"https:\/\/www.houseofcats.pl\/wp-content\/uploads\/2024\/07\/Zrzut-ekranu-2017-07-11-o-23.35.44.png\",\"contentUrl\":\"https:\/\/www.houseofcats.pl\/wp-content\/uploads\/2024\/07\/Zrzut-ekranu-2017-07-11-o-23.35.44.png\",\"width\":496,\"height\":474,\"caption\":\"Sklep internetowy House of Cats\"},\"image\":{\"@id\":\"https:\/\/www.houseofcats.pl\/en\/#\/schema\/logo\/image\/\"},\"sameAs\":[\"https:\/\/www.facebook.com\/houseofcatspl\",\"https:\/\/www.instagram.com\/houseofcats.pl\/\",\"https:\/\/www.youtube.com\/@houseofcats5403\"]}]}<\/script>\n<!-- \/ Yoast SEO plugin. -->","yoast_head_json":{"title":"Drapak dla kota z tektury falistej, kt\u00f3ry \u015bwietnie sprawdzi si\u0119 jako le\u017canka","description":"Kolorowy i kwiecisty drapak dla kota od House of Cats to wspania\u0142e po\u0142\u0105czenie formy drapaka, miejsca do zabawy i legowiska w jednym.","robots":{"index":"index","follow":"follow","max-snippet":"max-snippet:-1","max-image-preview":"max-image-preview:large","max-video-preview":"max-video-preview:-1"},"canonical":"https:\/\/www.houseofcats.pl\/en\/shop\/sofa-flowers\/","og_locale":"en_US","og_type":"article","og_title":"Drapak dla kota z tektury falistej, kt\u00f3ry \u015bwietnie sprawdzi si\u0119 jako le\u017canka","og_description":"Kolorowy i kwiecisty drapak dla kota od House of Cats to wspania\u0142e po\u0142\u0105czenie formy drapaka, miejsca do zabawy i legowiska w jednym.","og_url":"https:\/\/www.houseofcats.pl\/en\/shop\/sofa-flowers\/","og_site_name":"Sklep internetowy House of Cats","article_publisher":"https:\/\/www.facebook.com\/houseofcatspl","article_modified_time":"2021-03-04T12:22:27+00:00","og_image":[{"width":1024,"height":1024,"url":"http:\/\/www.houseofcats.pl\/wp-content\/uploads\/2016\/04\/sofa-flowers-1.jpg","type":"image\/jpeg"}],"twitter_card":"summary_large_image","twitter_misc":{"Est. reading time":"1 minute"},"schema":{"@context":"https:\/\/schema.org","@graph":[{"@type":"WebPage","@id":"https:\/\/www.houseofcats.pl\/en\/shop\/sofa-flowers\/","url":"https:\/\/www.houseofcats.pl\/en\/shop\/sofa-flowers\/","name":"Drapak dla kota z tektury falistej, kt\u00f3ry \u015bwietnie sprawdzi si\u0119 jako le\u017canka","isPartOf":{"@id":"https:\/\/www.houseofcats.pl\/en\/#website"},"primaryImageOfPage":{"@id":"https:\/\/www.houseofcats.pl\/en\/shop\/sofa-flowers\/#primaryimage"},"image":{"@id":"https:\/\/www.houseofcats.pl\/en\/shop\/sofa-flowers\/#primaryimage"},"thumbnailUrl":"https:\/\/www.houseofcats.pl\/wp-content\/uploads\/2016\/04\/sofa-flowers-1.jpg","datePublished":"2016-04-15T20:31:11+00:00","dateModified":"2021-03-04T12:22:27+00:00","description":"Kolorowy i kwiecisty drapak dla kota od House of Cats to wspania\u0142e po\u0142\u0105czenie formy drapaka, miejsca do zabawy i legowiska w jednym.","breadcrumb":{"@id":"https:\/\/www.houseofcats.pl\/en\/shop\/sofa-flowers\/#breadcrumb"},"inLanguage":"en-US","potentialAction":[{"@type":"ReadAction","target":["https:\/\/www.houseofcats.pl\/en\/shop\/sofa-flowers\/"]}]},{"@type":"ImageObject","inLanguage":"en-US","@id":"https:\/\/www.houseofcats.pl\/en\/shop\/sofa-flowers\/#primaryimage","url":"https:\/\/www.houseofcats.pl\/wp-content\/uploads\/2016\/04\/sofa-flowers-1.jpg","contentUrl":"https:\/\/www.houseofcats.pl\/wp-content\/uploads\/2016\/04\/sofa-flowers-1.jpg","width":1024,"height":1024},{"@type":"BreadcrumbList","@id":"https:\/\/www.houseofcats.pl\/en\/shop\/sofa-flowers\/#breadcrumb","itemListElement":[{"@type":"ListItem","position":1,"name":"Strona g\u0142\u00f3wna","item":"https:\/\/www.houseofcats.pl\/en\/"},{"@type":"ListItem","position":2,"name":"Sklep","item":"https:\/\/www.houseofcats.pl\/sklep\/"},{"@type":"ListItem","position":3,"name":"Sofa Flowers"}]},{"@type":"WebSite","@id":"https:\/\/www.houseofcats.pl\/en\/#website","url":"https:\/\/www.houseofcats.pl\/en\/","name":"Sklep internetowy House of Cats","description":"Drapaki dla kot\u00f3w","publisher":{"@id":"https:\/\/www.houseofcats.pl\/en\/#organization"},"potentialAction":[{"@type":"SearchAction","target":{"@type":"EntryPoint","urlTemplate":"https:\/\/www.houseofcats.pl\/en\/?s={search_term_string}"},"query-input":{"@type":"PropertyValueSpecification","valueRequired":true,"valueName":"search_term_string"}}],"inLanguage":"en-US"},{"@type":"Organization","@id":"https:\/\/www.houseofcats.pl\/en\/#organization","name":"Sklep internetowy House of Cats","url":"https:\/\/www.houseofcats.pl\/en\/","logo":{"@type":"ImageObject","inLanguage":"en-US","@id":"https:\/\/www.houseofcats.pl\/en\/#\/schema\/logo\/image\/","url":"https:\/\/www.houseofcats.pl\/wp-content\/uploads\/2024\/07\/Zrzut-ekranu-2017-07-11-o-23.35.44.png","contentUrl":"https:\/\/www.houseofcats.pl\/wp-content\/uploads\/2024\/07\/Zrzut-ekranu-2017-07-11-o-23.35.44.png","width":496,"height":474,"caption":"Sklep internetowy House of Cats"},"image":{"@id":"https:\/\/www.houseofcats.pl\/en\/#\/schema\/logo\/image\/"},"sameAs":["https:\/\/www.facebook.com\/houseofcatspl","https:\/\/www.instagram.com\/houseofcats.pl\/","https:\/\/www.youtube.com\/@houseofcats5403"]}]}},"_links":{"self":[{"href":"https:\/\/www.houseofcats.pl\/en\/wp-json\/wp\/v2\/product\/3926"}],"collection":[{"href":"https:\/\/www.houseofcats.pl\/en\/wp-json\/wp\/v2\/product"}],"about":[{"href":"https:\/\/www.houseofcats.pl\/en\/wp-json\/wp\/v2\/types\/product"}],"wp:featuredmedia":[{"embeddable":true,"href":"https:\/\/www.houseofcats.pl\/en\/wp-json\/wp\/v2\/media\/3933"}],"wp:attachment":[{"href":"https:\/\/www.houseofcats.pl\/en\/wp-json\/wp\/v2\/media?parent=3926"}],"wp:term":[{"taxonomy":"product_brand","embeddable":true,"href":"https:\/\/www.houseofcats.pl\/en\/wp-json\/wp\/v2\/product_brand?post=3926"},{"taxonomy":"product_cat","embeddable":true,"href":"https:\/\/www.houseofcats.pl\/en\/wp-json\/wp\/v2\/product_cat?post=3926"},{"taxonomy":"product_tag","embeddable":true,"href":"https:\/\/www.houseofcats.pl\/en\/wp-json\/wp\/v2\/product_tag?post=3926"}],"curies":[{"name":"wp","href":"https:\/\/api.w.org\/{rel}","templated":true}]}}