{"id":3998,"date":"2016-03-31T21:43:50","date_gmt":"2016-03-31T19:43:50","guid":{"rendered":"https:\/\/www.houseofcats.pl\/sklep\/drapak-dla-kota-flat-triangle\/"},"modified":"2021-03-04T13:27:38","modified_gmt":"2021-03-04T12:27:38","slug":"drapak-dla-kota-flat-triangle","status":"publish","type":"product","link":"https:\/\/www.houseofcats.pl\/en\/shop\/drapak-dla-kota-flat-triangle\/","title":{"rendered":"Flat Triangle"},"content":{"rendered":"<p>The Flat Triangle for a large and small cat, for a peaceful and crazy tomcat, for every feline friend that appreciates good fun and lazy rest. It is place where pets spend long mornings and active afternoons. The cat scratchers\u2019 distinctive feature is its simple form with an interesting, colorful element of triangles at the front.<\/p>\n<h3>Scratching post &#8211; shaped like a tailor made!<\/h3>\n<p>The flat shape was adapted to the needs of the cat where it can stretch its back, and in the meantime blunt its claws. We also focused on the appearance of the cat furniture. Therefore, it was made simple and elegant, so that it can match the modern interior.<\/p>\n<hr \/>\n<p>Size product Flat: H 9 cm, W 25 cm, D 42 cm<\/p>\n<p>Weight 1,4<\/p>\n","protected":false},"excerpt":{"rendered":"<p>The Flat Triangle for a large and small cat, for a peaceful and crazy tomcat, for every feline friend that appreciates good fun and lazy rest. It is place where pets spend long mornings and active afternoons. The cat scratchers\u2019 distinctive feature is its simple form with an interesting, colorful element of triangles at the &hellip;<\/p>\n","protected":false},"featured_media":4010,"template":"","meta":{"_acf_changed":false},"product_brand":[],"product_cat":[200],"product_tag":[173,177,179,178],"class_list":{"0":"post-3998","1":"product","2":"type-product","3":"status-publish","4":"has-post-thumbnail","6":"product_cat-flat-en","7":"product_tag-drapak-en","8":"product_tag-kot-en","9":"product_tag-legowisko-en","10":"product_tag-tektura-en","12":"first","13":"instock","14":"taxable","15":"shipping-taxable","16":"purchasable","17":"product-type-simple"},"acf":[],"yoast_head":"<!-- This site is optimized with the Yoast SEO plugin v25.6 - https:\/\/yoast.com\/wordpress\/plugins\/seo\/ -->\n<title>Drapak dla kota Flat Triangle - wyj\u0105tkowe akcesoria!<\/title>\n<meta name=\"description\" content=\"Idealny drapak dla kota Flat Triangle. Kszta\u0142t i materia\u0142y z jakich zosta\u0142 wykonany od pocz\u0105tku dobierane s\u0105 z my\u015bl\u0105 o komforcie naszych pupili.\" \/>\n<meta name=\"robots\" content=\"index, follow, max-snippet:-1, max-image-preview:large, max-video-preview:-1\" \/>\n<link rel=\"canonical\" href=\"https:\/\/www.houseofcats.pl\/en\/shop\/drapak-dla-kota-flat-triangle\/\" \/>\n<meta property=\"og:locale\" content=\"en_US\" \/>\n<meta property=\"og:type\" content=\"article\" \/>\n<meta property=\"og:title\" content=\"Drapak dla kota Flat Triangle - wyj\u0105tkowe akcesoria!\" \/>\n<meta property=\"og:description\" content=\"Idealny drapak dla kota Flat Triangle. Kszta\u0142t i materia\u0142y z jakich zosta\u0142 wykonany od pocz\u0105tku dobierane s\u0105 z my\u015bl\u0105 o komforcie naszych pupili.\" \/>\n<meta property=\"og:url\" content=\"https:\/\/www.houseofcats.pl\/en\/shop\/drapak-dla-kota-flat-triangle\/\" \/>\n<meta property=\"og:site_name\" content=\"Sklep internetowy House of Cats\" \/>\n<meta property=\"article:publisher\" content=\"https:\/\/www.facebook.com\/houseofcatspl\" \/>\n<meta property=\"article:modified_time\" content=\"2021-03-04T12:27:38+00:00\" \/>\n<meta property=\"og:image\" content=\"http:\/\/www.houseofcats.pl\/wp-content\/uploads\/2016\/03\/IMG_6552kw.jpg\" \/>\n\t<meta property=\"og:image:width\" content=\"2511\" \/>\n\t<meta property=\"og:image:height\" content=\"2511\" \/>\n\t<meta property=\"og:image:type\" content=\"image\/jpeg\" \/>\n<meta name=\"twitter:card\" content=\"summary_large_image\" \/>\n<meta name=\"twitter:label1\" content=\"Est. reading time\" \/>\n\t<meta name=\"twitter:data1\" content=\"1 minute\" \/>\n<script type=\"application\/ld+json\" class=\"yoast-schema-graph\">{\"@context\":\"https:\/\/schema.org\",\"@graph\":[{\"@type\":\"WebPage\",\"@id\":\"https:\/\/www.houseofcats.pl\/en\/shop\/drapak-dla-kota-flat-triangle\/\",\"url\":\"https:\/\/www.houseofcats.pl\/en\/shop\/drapak-dla-kota-flat-triangle\/\",\"name\":\"Drapak dla kota Flat Triangle - wyj\u0105tkowe akcesoria!\",\"isPartOf\":{\"@id\":\"https:\/\/www.houseofcats.pl\/en\/#website\"},\"primaryImageOfPage\":{\"@id\":\"https:\/\/www.houseofcats.pl\/en\/shop\/drapak-dla-kota-flat-triangle\/#primaryimage\"},\"image\":{\"@id\":\"https:\/\/www.houseofcats.pl\/en\/shop\/drapak-dla-kota-flat-triangle\/#primaryimage\"},\"thumbnailUrl\":\"https:\/\/www.houseofcats.pl\/wp-content\/uploads\/2016\/03\/IMG_6552kw.jpg\",\"datePublished\":\"2016-03-31T19:43:50+00:00\",\"dateModified\":\"2021-03-04T12:27:38+00:00\",\"description\":\"Idealny drapak dla kota Flat Triangle. Kszta\u0142t i materia\u0142y z jakich zosta\u0142 wykonany od pocz\u0105tku dobierane s\u0105 z my\u015bl\u0105 o komforcie naszych pupili.\",\"breadcrumb\":{\"@id\":\"https:\/\/www.houseofcats.pl\/en\/shop\/drapak-dla-kota-flat-triangle\/#breadcrumb\"},\"inLanguage\":\"en-US\",\"potentialAction\":[{\"@type\":\"ReadAction\",\"target\":[\"https:\/\/www.houseofcats.pl\/en\/shop\/drapak-dla-kota-flat-triangle\/\"]}]},{\"@type\":\"ImageObject\",\"inLanguage\":\"en-US\",\"@id\":\"https:\/\/www.houseofcats.pl\/en\/shop\/drapak-dla-kota-flat-triangle\/#primaryimage\",\"url\":\"https:\/\/www.houseofcats.pl\/wp-content\/uploads\/2016\/03\/IMG_6552kw.jpg\",\"contentUrl\":\"https:\/\/www.houseofcats.pl\/wp-content\/uploads\/2016\/03\/IMG_6552kw.jpg\",\"width\":2511,\"height\":2511},{\"@type\":\"BreadcrumbList\",\"@id\":\"https:\/\/www.houseofcats.pl\/en\/shop\/drapak-dla-kota-flat-triangle\/#breadcrumb\",\"itemListElement\":[{\"@type\":\"ListItem\",\"position\":1,\"name\":\"Strona g\u0142\u00f3wna\",\"item\":\"https:\/\/www.houseofcats.pl\/en\/\"},{\"@type\":\"ListItem\",\"position\":2,\"name\":\"Sklep\",\"item\":\"https:\/\/www.houseofcats.pl\/sklep\/\"},{\"@type\":\"ListItem\",\"position\":3,\"name\":\"Flat Triangle\"}]},{\"@type\":\"WebSite\",\"@id\":\"https:\/\/www.houseofcats.pl\/en\/#website\",\"url\":\"https:\/\/www.houseofcats.pl\/en\/\",\"name\":\"Sklep internetowy House of Cats\",\"description\":\"Drapaki dla kot\u00f3w\",\"publisher\":{\"@id\":\"https:\/\/www.houseofcats.pl\/en\/#organization\"},\"potentialAction\":[{\"@type\":\"SearchAction\",\"target\":{\"@type\":\"EntryPoint\",\"urlTemplate\":\"https:\/\/www.houseofcats.pl\/en\/?s={search_term_string}\"},\"query-input\":{\"@type\":\"PropertyValueSpecification\",\"valueRequired\":true,\"valueName\":\"search_term_string\"}}],\"inLanguage\":\"en-US\"},{\"@type\":\"Organization\",\"@id\":\"https:\/\/www.houseofcats.pl\/en\/#organization\",\"name\":\"Sklep internetowy House of Cats\",\"url\":\"https:\/\/www.houseofcats.pl\/en\/\",\"logo\":{\"@type\":\"ImageObject\",\"inLanguage\":\"en-US\",\"@id\":\"https:\/\/www.houseofcats.pl\/en\/#\/schema\/logo\/image\/\",\"url\":\"https:\/\/www.houseofcats.pl\/wp-content\/uploads\/2024\/07\/Zrzut-ekranu-2017-07-11-o-23.35.44.png\",\"contentUrl\":\"https:\/\/www.houseofcats.pl\/wp-content\/uploads\/2024\/07\/Zrzut-ekranu-2017-07-11-o-23.35.44.png\",\"width\":496,\"height\":474,\"caption\":\"Sklep internetowy House of Cats\"},\"image\":{\"@id\":\"https:\/\/www.houseofcats.pl\/en\/#\/schema\/logo\/image\/\"},\"sameAs\":[\"https:\/\/www.facebook.com\/houseofcatspl\",\"https:\/\/www.instagram.com\/houseofcats.pl\/\",\"https:\/\/www.youtube.com\/@houseofcats5403\"]}]}<\/script>\n<!-- \/ Yoast SEO plugin. -->","yoast_head_json":{"title":"Drapak dla kota Flat Triangle - wyj\u0105tkowe akcesoria!","description":"Idealny drapak dla kota Flat Triangle. Kszta\u0142t i materia\u0142y z jakich zosta\u0142 wykonany od pocz\u0105tku dobierane s\u0105 z my\u015bl\u0105 o komforcie naszych pupili.","robots":{"index":"index","follow":"follow","max-snippet":"max-snippet:-1","max-image-preview":"max-image-preview:large","max-video-preview":"max-video-preview:-1"},"canonical":"https:\/\/www.houseofcats.pl\/en\/shop\/drapak-dla-kota-flat-triangle\/","og_locale":"en_US","og_type":"article","og_title":"Drapak dla kota Flat Triangle - wyj\u0105tkowe akcesoria!","og_description":"Idealny drapak dla kota Flat Triangle. Kszta\u0142t i materia\u0142y z jakich zosta\u0142 wykonany od pocz\u0105tku dobierane s\u0105 z my\u015bl\u0105 o komforcie naszych pupili.","og_url":"https:\/\/www.houseofcats.pl\/en\/shop\/drapak-dla-kota-flat-triangle\/","og_site_name":"Sklep internetowy House of Cats","article_publisher":"https:\/\/www.facebook.com\/houseofcatspl","article_modified_time":"2021-03-04T12:27:38+00:00","og_image":[{"width":2511,"height":2511,"url":"http:\/\/www.houseofcats.pl\/wp-content\/uploads\/2016\/03\/IMG_6552kw.jpg","type":"image\/jpeg"}],"twitter_card":"summary_large_image","twitter_misc":{"Est. reading time":"1 minute"},"schema":{"@context":"https:\/\/schema.org","@graph":[{"@type":"WebPage","@id":"https:\/\/www.houseofcats.pl\/en\/shop\/drapak-dla-kota-flat-triangle\/","url":"https:\/\/www.houseofcats.pl\/en\/shop\/drapak-dla-kota-flat-triangle\/","name":"Drapak dla kota Flat Triangle - wyj\u0105tkowe akcesoria!","isPartOf":{"@id":"https:\/\/www.houseofcats.pl\/en\/#website"},"primaryImageOfPage":{"@id":"https:\/\/www.houseofcats.pl\/en\/shop\/drapak-dla-kota-flat-triangle\/#primaryimage"},"image":{"@id":"https:\/\/www.houseofcats.pl\/en\/shop\/drapak-dla-kota-flat-triangle\/#primaryimage"},"thumbnailUrl":"https:\/\/www.houseofcats.pl\/wp-content\/uploads\/2016\/03\/IMG_6552kw.jpg","datePublished":"2016-03-31T19:43:50+00:00","dateModified":"2021-03-04T12:27:38+00:00","description":"Idealny drapak dla kota Flat Triangle. Kszta\u0142t i materia\u0142y z jakich zosta\u0142 wykonany od pocz\u0105tku dobierane s\u0105 z my\u015bl\u0105 o komforcie naszych pupili.","breadcrumb":{"@id":"https:\/\/www.houseofcats.pl\/en\/shop\/drapak-dla-kota-flat-triangle\/#breadcrumb"},"inLanguage":"en-US","potentialAction":[{"@type":"ReadAction","target":["https:\/\/www.houseofcats.pl\/en\/shop\/drapak-dla-kota-flat-triangle\/"]}]},{"@type":"ImageObject","inLanguage":"en-US","@id":"https:\/\/www.houseofcats.pl\/en\/shop\/drapak-dla-kota-flat-triangle\/#primaryimage","url":"https:\/\/www.houseofcats.pl\/wp-content\/uploads\/2016\/03\/IMG_6552kw.jpg","contentUrl":"https:\/\/www.houseofcats.pl\/wp-content\/uploads\/2016\/03\/IMG_6552kw.jpg","width":2511,"height":2511},{"@type":"BreadcrumbList","@id":"https:\/\/www.houseofcats.pl\/en\/shop\/drapak-dla-kota-flat-triangle\/#breadcrumb","itemListElement":[{"@type":"ListItem","position":1,"name":"Strona g\u0142\u00f3wna","item":"https:\/\/www.houseofcats.pl\/en\/"},{"@type":"ListItem","position":2,"name":"Sklep","item":"https:\/\/www.houseofcats.pl\/sklep\/"},{"@type":"ListItem","position":3,"name":"Flat Triangle"}]},{"@type":"WebSite","@id":"https:\/\/www.houseofcats.pl\/en\/#website","url":"https:\/\/www.houseofcats.pl\/en\/","name":"Sklep internetowy House of Cats","description":"Drapaki dla kot\u00f3w","publisher":{"@id":"https:\/\/www.houseofcats.pl\/en\/#organization"},"potentialAction":[{"@type":"SearchAction","target":{"@type":"EntryPoint","urlTemplate":"https:\/\/www.houseofcats.pl\/en\/?s={search_term_string}"},"query-input":{"@type":"PropertyValueSpecification","valueRequired":true,"valueName":"search_term_string"}}],"inLanguage":"en-US"},{"@type":"Organization","@id":"https:\/\/www.houseofcats.pl\/en\/#organization","name":"Sklep internetowy House of Cats","url":"https:\/\/www.houseofcats.pl\/en\/","logo":{"@type":"ImageObject","inLanguage":"en-US","@id":"https:\/\/www.houseofcats.pl\/en\/#\/schema\/logo\/image\/","url":"https:\/\/www.houseofcats.pl\/wp-content\/uploads\/2024\/07\/Zrzut-ekranu-2017-07-11-o-23.35.44.png","contentUrl":"https:\/\/www.houseofcats.pl\/wp-content\/uploads\/2024\/07\/Zrzut-ekranu-2017-07-11-o-23.35.44.png","width":496,"height":474,"caption":"Sklep internetowy House of Cats"},"image":{"@id":"https:\/\/www.houseofcats.pl\/en\/#\/schema\/logo\/image\/"},"sameAs":["https:\/\/www.facebook.com\/houseofcatspl","https:\/\/www.instagram.com\/houseofcats.pl\/","https:\/\/www.youtube.com\/@houseofcats5403"]}]}},"_links":{"self":[{"href":"https:\/\/www.houseofcats.pl\/en\/wp-json\/wp\/v2\/product\/3998"}],"collection":[{"href":"https:\/\/www.houseofcats.pl\/en\/wp-json\/wp\/v2\/product"}],"about":[{"href":"https:\/\/www.houseofcats.pl\/en\/wp-json\/wp\/v2\/types\/product"}],"wp:featuredmedia":[{"embeddable":true,"href":"https:\/\/www.houseofcats.pl\/en\/wp-json\/wp\/v2\/media\/4010"}],"wp:attachment":[{"href":"https:\/\/www.houseofcats.pl\/en\/wp-json\/wp\/v2\/media?parent=3998"}],"wp:term":[{"taxonomy":"product_brand","embeddable":true,"href":"https:\/\/www.houseofcats.pl\/en\/wp-json\/wp\/v2\/product_brand?post=3998"},{"taxonomy":"product_cat","embeddable":true,"href":"https:\/\/www.houseofcats.pl\/en\/wp-json\/wp\/v2\/product_cat?post=3998"},{"taxonomy":"product_tag","embeddable":true,"href":"https:\/\/www.houseofcats.pl\/en\/wp-json\/wp\/v2\/product_tag?post=3998"}],"curies":[{"name":"wp","href":"https:\/\/api.w.org\/{rel}","templated":true}]}}