{"id":4046,"date":"2016-03-31T21:39:12","date_gmt":"2016-03-31T19:39:12","guid":{"rendered":"https:\/\/www.houseofcats.pl\/sklep\/drapak-dla-kotow-flat-cube\/"},"modified":"2021-03-04T13:29:26","modified_gmt":"2021-03-04T12:29:26","slug":"drapak-dla-kotow-flat-cube","status":"publish","type":"product","link":"https:\/\/www.houseofcats.pl\/en\/shop\/drapak-dla-kotow-flat-cube\/","title":{"rendered":"Flat Cube"},"content":{"rendered":"<p>The impressive cat furniture that looks really impressive. The Flat is a new edition of cat scratchers.\u00a0 It is an innovation in both terms of form and functionality. It is flat-shaped and it is made of a high quality material, therefore it can be placed even in the smallest spaces.<\/p>\n<h3>Scratch Flat\u00a0instead of furniture!<\/h3>\n<p>In addition, the problem of sharpening the claws is eliminated. After all, the cat will use the cat scratcher instead of scratching the household members, furniture, shoes or other accessories. The colorful accent of squares and its simple shape fit perfectly into modern interior design therefore it can be easily placed in the elegant living room.<\/p>\n<hr \/>\n<p>Size product Flat: H 9 cm, W 25 cm, D 42 cm<\/p>\n<p>Weight 1,4 kg<\/p>\n","protected":false},"excerpt":{"rendered":"<p>The impressive cat furniture that looks really impressive. The Flat is a new edition of cat scratchers.\u00a0 It is an innovation in both terms of form and functionality. It is flat-shaped and it is made of a high quality material, therefore it can be placed even in the smallest spaces. Scratch Flat\u00a0instead of furniture! In &hellip;<\/p>\n","protected":false},"featured_media":4047,"template":"","meta":{"_acf_changed":false},"product_brand":[],"product_cat":[200],"product_tag":[173,251,177,179,178],"class_list":{"0":"post-4046","1":"product","2":"type-product","3":"status-publish","4":"has-post-thumbnail","6":"product_cat-flat-en","7":"product_tag-drapak-en","8":"product_tag-drapak-dla-kotow-en","9":"product_tag-kot-en","10":"product_tag-legowisko-en","11":"product_tag-tektura-en","13":"first","14":"instock","15":"taxable","16":"shipping-taxable","17":"purchasable","18":"product-type-simple"},"acf":[],"yoast_head":"<!-- This site is optimized with the Yoast SEO plugin v25.6 - https:\/\/yoast.com\/wordpress\/plugins\/seo\/ -->\n<title>Drapak dla kot\u00f3w Flat Cube - ma\u0142y, por\u0119czny i u\u017cyteczny drapak<\/title>\n<meta name=\"description\" content=\"Drapak dla kot\u00f3w wykonany z naturalnych materia\u0142\u00f3w o optymalnym dla kotka kszta\u0142cie zapewnia doskona\u0142\u0105 zabaw\u0119 oraz czynno\u015bci higieniczne. Sprawd\u017a!\" \/>\n<meta name=\"robots\" content=\"index, follow, max-snippet:-1, max-image-preview:large, max-video-preview:-1\" \/>\n<link rel=\"canonical\" href=\"https:\/\/www.houseofcats.pl\/en\/shop\/drapak-dla-kotow-flat-cube\/\" \/>\n<meta property=\"og:locale\" content=\"en_US\" \/>\n<meta property=\"og:type\" content=\"article\" \/>\n<meta property=\"og:title\" content=\"Drapak dla kot\u00f3w Flat Cube - ma\u0142y, por\u0119czny i u\u017cyteczny drapak\" \/>\n<meta property=\"og:description\" content=\"Drapak dla kot\u00f3w wykonany z naturalnych materia\u0142\u00f3w o optymalnym dla kotka kszta\u0142cie zapewnia doskona\u0142\u0105 zabaw\u0119 oraz czynno\u015bci higieniczne. Sprawd\u017a!\" \/>\n<meta property=\"og:url\" content=\"https:\/\/www.houseofcats.pl\/en\/shop\/drapak-dla-kotow-flat-cube\/\" \/>\n<meta property=\"og:site_name\" content=\"Sklep internetowy House of Cats\" \/>\n<meta property=\"article:publisher\" content=\"https:\/\/www.facebook.com\/houseofcatspl\" \/>\n<meta property=\"article:modified_time\" content=\"2021-03-04T12:29:26+00:00\" \/>\n<meta property=\"og:image\" content=\"http:\/\/www.houseofcats.pl\/wp-content\/uploads\/2016\/03\/IMG_6252kw.jpg\" \/>\n\t<meta property=\"og:image:width\" content=\"2232\" \/>\n\t<meta property=\"og:image:height\" content=\"2232\" \/>\n\t<meta property=\"og:image:type\" content=\"image\/jpeg\" \/>\n<meta name=\"twitter:card\" content=\"summary_large_image\" \/>\n<meta name=\"twitter:label1\" content=\"Est. reading time\" \/>\n\t<meta name=\"twitter:data1\" content=\"1 minute\" \/>\n<script type=\"application\/ld+json\" class=\"yoast-schema-graph\">{\"@context\":\"https:\/\/schema.org\",\"@graph\":[{\"@type\":\"WebPage\",\"@id\":\"https:\/\/www.houseofcats.pl\/en\/shop\/drapak-dla-kotow-flat-cube\/\",\"url\":\"https:\/\/www.houseofcats.pl\/en\/shop\/drapak-dla-kotow-flat-cube\/\",\"name\":\"Drapak dla kot\u00f3w Flat Cube - ma\u0142y, por\u0119czny i u\u017cyteczny drapak\",\"isPartOf\":{\"@id\":\"https:\/\/www.houseofcats.pl\/en\/#website\"},\"primaryImageOfPage\":{\"@id\":\"https:\/\/www.houseofcats.pl\/en\/shop\/drapak-dla-kotow-flat-cube\/#primaryimage\"},\"image\":{\"@id\":\"https:\/\/www.houseofcats.pl\/en\/shop\/drapak-dla-kotow-flat-cube\/#primaryimage\"},\"thumbnailUrl\":\"https:\/\/www.houseofcats.pl\/wp-content\/uploads\/2016\/03\/IMG_6252kw.jpg\",\"datePublished\":\"2016-03-31T19:39:12+00:00\",\"dateModified\":\"2021-03-04T12:29:26+00:00\",\"description\":\"Drapak dla kot\u00f3w wykonany z naturalnych materia\u0142\u00f3w o optymalnym dla kotka kszta\u0142cie zapewnia doskona\u0142\u0105 zabaw\u0119 oraz czynno\u015bci higieniczne. Sprawd\u017a!\",\"breadcrumb\":{\"@id\":\"https:\/\/www.houseofcats.pl\/en\/shop\/drapak-dla-kotow-flat-cube\/#breadcrumb\"},\"inLanguage\":\"en-US\",\"potentialAction\":[{\"@type\":\"ReadAction\",\"target\":[\"https:\/\/www.houseofcats.pl\/en\/shop\/drapak-dla-kotow-flat-cube\/\"]}]},{\"@type\":\"ImageObject\",\"inLanguage\":\"en-US\",\"@id\":\"https:\/\/www.houseofcats.pl\/en\/shop\/drapak-dla-kotow-flat-cube\/#primaryimage\",\"url\":\"https:\/\/www.houseofcats.pl\/wp-content\/uploads\/2016\/03\/IMG_6252kw.jpg\",\"contentUrl\":\"https:\/\/www.houseofcats.pl\/wp-content\/uploads\/2016\/03\/IMG_6252kw.jpg\",\"width\":2232,\"height\":2232},{\"@type\":\"BreadcrumbList\",\"@id\":\"https:\/\/www.houseofcats.pl\/en\/shop\/drapak-dla-kotow-flat-cube\/#breadcrumb\",\"itemListElement\":[{\"@type\":\"ListItem\",\"position\":1,\"name\":\"Strona g\u0142\u00f3wna\",\"item\":\"https:\/\/www.houseofcats.pl\/en\/\"},{\"@type\":\"ListItem\",\"position\":2,\"name\":\"Sklep\",\"item\":\"https:\/\/www.houseofcats.pl\/sklep\/\"},{\"@type\":\"ListItem\",\"position\":3,\"name\":\"Flat Cube\"}]},{\"@type\":\"WebSite\",\"@id\":\"https:\/\/www.houseofcats.pl\/en\/#website\",\"url\":\"https:\/\/www.houseofcats.pl\/en\/\",\"name\":\"Sklep internetowy House of Cats\",\"description\":\"Drapaki dla kot\u00f3w\",\"publisher\":{\"@id\":\"https:\/\/www.houseofcats.pl\/en\/#organization\"},\"potentialAction\":[{\"@type\":\"SearchAction\",\"target\":{\"@type\":\"EntryPoint\",\"urlTemplate\":\"https:\/\/www.houseofcats.pl\/en\/?s={search_term_string}\"},\"query-input\":{\"@type\":\"PropertyValueSpecification\",\"valueRequired\":true,\"valueName\":\"search_term_string\"}}],\"inLanguage\":\"en-US\"},{\"@type\":\"Organization\",\"@id\":\"https:\/\/www.houseofcats.pl\/en\/#organization\",\"name\":\"Sklep internetowy House of Cats\",\"url\":\"https:\/\/www.houseofcats.pl\/en\/\",\"logo\":{\"@type\":\"ImageObject\",\"inLanguage\":\"en-US\",\"@id\":\"https:\/\/www.houseofcats.pl\/en\/#\/schema\/logo\/image\/\",\"url\":\"https:\/\/www.houseofcats.pl\/wp-content\/uploads\/2024\/07\/Zrzut-ekranu-2017-07-11-o-23.35.44.png\",\"contentUrl\":\"https:\/\/www.houseofcats.pl\/wp-content\/uploads\/2024\/07\/Zrzut-ekranu-2017-07-11-o-23.35.44.png\",\"width\":496,\"height\":474,\"caption\":\"Sklep internetowy House of Cats\"},\"image\":{\"@id\":\"https:\/\/www.houseofcats.pl\/en\/#\/schema\/logo\/image\/\"},\"sameAs\":[\"https:\/\/www.facebook.com\/houseofcatspl\",\"https:\/\/www.instagram.com\/houseofcats.pl\/\",\"https:\/\/www.youtube.com\/@houseofcats5403\"]}]}<\/script>\n<!-- \/ Yoast SEO plugin. -->","yoast_head_json":{"title":"Drapak dla kot\u00f3w Flat Cube - ma\u0142y, por\u0119czny i u\u017cyteczny drapak","description":"Drapak dla kot\u00f3w wykonany z naturalnych materia\u0142\u00f3w o optymalnym dla kotka kszta\u0142cie zapewnia doskona\u0142\u0105 zabaw\u0119 oraz czynno\u015bci higieniczne. Sprawd\u017a!","robots":{"index":"index","follow":"follow","max-snippet":"max-snippet:-1","max-image-preview":"max-image-preview:large","max-video-preview":"max-video-preview:-1"},"canonical":"https:\/\/www.houseofcats.pl\/en\/shop\/drapak-dla-kotow-flat-cube\/","og_locale":"en_US","og_type":"article","og_title":"Drapak dla kot\u00f3w Flat Cube - ma\u0142y, por\u0119czny i u\u017cyteczny drapak","og_description":"Drapak dla kot\u00f3w wykonany z naturalnych materia\u0142\u00f3w o optymalnym dla kotka kszta\u0142cie zapewnia doskona\u0142\u0105 zabaw\u0119 oraz czynno\u015bci higieniczne. Sprawd\u017a!","og_url":"https:\/\/www.houseofcats.pl\/en\/shop\/drapak-dla-kotow-flat-cube\/","og_site_name":"Sklep internetowy House of Cats","article_publisher":"https:\/\/www.facebook.com\/houseofcatspl","article_modified_time":"2021-03-04T12:29:26+00:00","og_image":[{"width":2232,"height":2232,"url":"http:\/\/www.houseofcats.pl\/wp-content\/uploads\/2016\/03\/IMG_6252kw.jpg","type":"image\/jpeg"}],"twitter_card":"summary_large_image","twitter_misc":{"Est. reading time":"1 minute"},"schema":{"@context":"https:\/\/schema.org","@graph":[{"@type":"WebPage","@id":"https:\/\/www.houseofcats.pl\/en\/shop\/drapak-dla-kotow-flat-cube\/","url":"https:\/\/www.houseofcats.pl\/en\/shop\/drapak-dla-kotow-flat-cube\/","name":"Drapak dla kot\u00f3w Flat Cube - ma\u0142y, por\u0119czny i u\u017cyteczny drapak","isPartOf":{"@id":"https:\/\/www.houseofcats.pl\/en\/#website"},"primaryImageOfPage":{"@id":"https:\/\/www.houseofcats.pl\/en\/shop\/drapak-dla-kotow-flat-cube\/#primaryimage"},"image":{"@id":"https:\/\/www.houseofcats.pl\/en\/shop\/drapak-dla-kotow-flat-cube\/#primaryimage"},"thumbnailUrl":"https:\/\/www.houseofcats.pl\/wp-content\/uploads\/2016\/03\/IMG_6252kw.jpg","datePublished":"2016-03-31T19:39:12+00:00","dateModified":"2021-03-04T12:29:26+00:00","description":"Drapak dla kot\u00f3w wykonany z naturalnych materia\u0142\u00f3w o optymalnym dla kotka kszta\u0142cie zapewnia doskona\u0142\u0105 zabaw\u0119 oraz czynno\u015bci higieniczne. Sprawd\u017a!","breadcrumb":{"@id":"https:\/\/www.houseofcats.pl\/en\/shop\/drapak-dla-kotow-flat-cube\/#breadcrumb"},"inLanguage":"en-US","potentialAction":[{"@type":"ReadAction","target":["https:\/\/www.houseofcats.pl\/en\/shop\/drapak-dla-kotow-flat-cube\/"]}]},{"@type":"ImageObject","inLanguage":"en-US","@id":"https:\/\/www.houseofcats.pl\/en\/shop\/drapak-dla-kotow-flat-cube\/#primaryimage","url":"https:\/\/www.houseofcats.pl\/wp-content\/uploads\/2016\/03\/IMG_6252kw.jpg","contentUrl":"https:\/\/www.houseofcats.pl\/wp-content\/uploads\/2016\/03\/IMG_6252kw.jpg","width":2232,"height":2232},{"@type":"BreadcrumbList","@id":"https:\/\/www.houseofcats.pl\/en\/shop\/drapak-dla-kotow-flat-cube\/#breadcrumb","itemListElement":[{"@type":"ListItem","position":1,"name":"Strona g\u0142\u00f3wna","item":"https:\/\/www.houseofcats.pl\/en\/"},{"@type":"ListItem","position":2,"name":"Sklep","item":"https:\/\/www.houseofcats.pl\/sklep\/"},{"@type":"ListItem","position":3,"name":"Flat Cube"}]},{"@type":"WebSite","@id":"https:\/\/www.houseofcats.pl\/en\/#website","url":"https:\/\/www.houseofcats.pl\/en\/","name":"Sklep internetowy House of Cats","description":"Drapaki dla kot\u00f3w","publisher":{"@id":"https:\/\/www.houseofcats.pl\/en\/#organization"},"potentialAction":[{"@type":"SearchAction","target":{"@type":"EntryPoint","urlTemplate":"https:\/\/www.houseofcats.pl\/en\/?s={search_term_string}"},"query-input":{"@type":"PropertyValueSpecification","valueRequired":true,"valueName":"search_term_string"}}],"inLanguage":"en-US"},{"@type":"Organization","@id":"https:\/\/www.houseofcats.pl\/en\/#organization","name":"Sklep internetowy House of Cats","url":"https:\/\/www.houseofcats.pl\/en\/","logo":{"@type":"ImageObject","inLanguage":"en-US","@id":"https:\/\/www.houseofcats.pl\/en\/#\/schema\/logo\/image\/","url":"https:\/\/www.houseofcats.pl\/wp-content\/uploads\/2024\/07\/Zrzut-ekranu-2017-07-11-o-23.35.44.png","contentUrl":"https:\/\/www.houseofcats.pl\/wp-content\/uploads\/2024\/07\/Zrzut-ekranu-2017-07-11-o-23.35.44.png","width":496,"height":474,"caption":"Sklep internetowy House of Cats"},"image":{"@id":"https:\/\/www.houseofcats.pl\/en\/#\/schema\/logo\/image\/"},"sameAs":["https:\/\/www.facebook.com\/houseofcatspl","https:\/\/www.instagram.com\/houseofcats.pl\/","https:\/\/www.youtube.com\/@houseofcats5403"]}]}},"_links":{"self":[{"href":"https:\/\/www.houseofcats.pl\/en\/wp-json\/wp\/v2\/product\/4046"}],"collection":[{"href":"https:\/\/www.houseofcats.pl\/en\/wp-json\/wp\/v2\/product"}],"about":[{"href":"https:\/\/www.houseofcats.pl\/en\/wp-json\/wp\/v2\/types\/product"}],"wp:featuredmedia":[{"embeddable":true,"href":"https:\/\/www.houseofcats.pl\/en\/wp-json\/wp\/v2\/media\/4047"}],"wp:attachment":[{"href":"https:\/\/www.houseofcats.pl\/en\/wp-json\/wp\/v2\/media?parent=4046"}],"wp:term":[{"taxonomy":"product_brand","embeddable":true,"href":"https:\/\/www.houseofcats.pl\/en\/wp-json\/wp\/v2\/product_brand?post=4046"},{"taxonomy":"product_cat","embeddable":true,"href":"https:\/\/www.houseofcats.pl\/en\/wp-json\/wp\/v2\/product_cat?post=4046"},{"taxonomy":"product_tag","embeddable":true,"href":"https:\/\/www.houseofcats.pl\/en\/wp-json\/wp\/v2\/product_tag?post=4046"}],"curies":[{"name":"wp","href":"https:\/\/api.w.org\/{rel}","templated":true}]}}