{"id":4052,"date":"2016-03-31T21:36:40","date_gmt":"2016-03-31T19:36:40","guid":{"rendered":"https:\/\/www.houseofcats.pl\/sklep\/drapak-flat-hair\/"},"modified":"2021-03-04T13:31:28","modified_gmt":"2021-03-04T12:31:28","slug":"drapak-flat-hair","status":"publish","type":"product","link":"https:\/\/www.houseofcats.pl\/en\/shop\/drapak-flat-hair\/","title":{"rendered":"Flat Hair"},"content":{"rendered":"<p>The Flat Hair is an unusual cat scratcher. It is a new trend in the cat\u2019s world where everything is different than it should be. Cats are special creatures that go their own way. They are rarely the life and soul of the party, but it does not mean there are no exceptions where a cat does not leave its owner\u2019s side.<\/p>\n<h3>A scratching post for cats with a matching shape<\/h3>\n<p>The Flat Hair gives a number of possibilities that a little pet will certainly make good use of it. The cat scratcher is mainly used for cleaning cat\u2019s claws from exfoliating skin by scratching it. The size and a simple shape of the Flat Hair allow cats to stretch and relax without any limitations. Cat gymnastic on the Flat Hair will definitely impress every household member and their guests. Noteworthy is also the pattern of cat\u2019s hair \u2013 no one will doubt whose place is it.<\/p>\n<hr \/>\n<p>Size product Flat: H 9 cm, W 25 cm, D 42 cm<\/p>\n<p>Weight 1,4 kg<\/p>\n","protected":false},"excerpt":{"rendered":"<p>The Flat Hair is an unusual cat scratcher. It is a new trend in the cat\u2019s world where everything is different than it should be. Cats are special creatures that go their own way. They are rarely the life and soul of the party, but it does not mean there are no exceptions where a &hellip;<\/p>\n","protected":false},"featured_media":4053,"template":"","meta":{"_acf_changed":false},"product_brand":[],"product_cat":[200],"product_tag":[173,177,179,178],"class_list":{"0":"post-4052","1":"product","2":"type-product","3":"status-publish","4":"has-post-thumbnail","6":"product_cat-flat-en","7":"product_tag-drapak-en","8":"product_tag-kot-en","9":"product_tag-legowisko-en","10":"product_tag-tektura-en","12":"first","13":"instock","14":"taxable","15":"shipping-taxable","16":"purchasable","17":"product-type-simple"},"acf":[],"yoast_head":"<!-- This site is optimized with the Yoast SEO plugin v25.6 - https:\/\/yoast.com\/wordpress\/plugins\/seo\/ -->\n<title>Drapak Flat Hair - idealny dla Twojego kotka!<\/title>\n<meta name=\"description\" content=\"Idealny drapak dla Twojego kotka! Wykonany z naturalnych materia\u0142\u00f3w i zaprojektowany z my\u015bl\u0105 o zapewnieniu zabawy i higieny dla kocich \u0142apek.\" \/>\n<meta name=\"robots\" content=\"index, follow, max-snippet:-1, max-image-preview:large, max-video-preview:-1\" \/>\n<link rel=\"canonical\" href=\"https:\/\/www.houseofcats.pl\/en\/shop\/drapak-flat-hair\/\" \/>\n<meta property=\"og:locale\" content=\"en_US\" \/>\n<meta property=\"og:type\" content=\"article\" \/>\n<meta property=\"og:title\" content=\"Drapak Flat Hair - idealny dla Twojego kotka!\" \/>\n<meta property=\"og:description\" content=\"Idealny drapak dla Twojego kotka! Wykonany z naturalnych materia\u0142\u00f3w i zaprojektowany z my\u015bl\u0105 o zapewnieniu zabawy i higieny dla kocich \u0142apek.\" \/>\n<meta property=\"og:url\" content=\"https:\/\/www.houseofcats.pl\/en\/shop\/drapak-flat-hair\/\" \/>\n<meta property=\"og:site_name\" content=\"Sklep internetowy House of Cats\" \/>\n<meta property=\"article:publisher\" content=\"https:\/\/www.facebook.com\/houseofcatspl\" \/>\n<meta property=\"article:modified_time\" content=\"2021-03-04T12:31:28+00:00\" \/>\n<meta property=\"og:image\" content=\"http:\/\/www.houseofcats.pl\/wp-content\/uploads\/2016\/03\/IMG_6547kw-1024x1024.jpg\" \/>\n\t<meta property=\"og:image:width\" content=\"1024\" \/>\n\t<meta property=\"og:image:height\" content=\"1024\" \/>\n\t<meta property=\"og:image:type\" content=\"image\/jpeg\" \/>\n<meta name=\"twitter:card\" content=\"summary_large_image\" \/>\n<meta name=\"twitter:label1\" content=\"Est. reading time\" \/>\n\t<meta name=\"twitter:data1\" content=\"1 minute\" \/>\n<script type=\"application\/ld+json\" class=\"yoast-schema-graph\">{\"@context\":\"https:\/\/schema.org\",\"@graph\":[{\"@type\":\"WebPage\",\"@id\":\"https:\/\/www.houseofcats.pl\/en\/shop\/drapak-flat-hair\/\",\"url\":\"https:\/\/www.houseofcats.pl\/en\/shop\/drapak-flat-hair\/\",\"name\":\"Drapak Flat Hair - idealny dla Twojego kotka!\",\"isPartOf\":{\"@id\":\"https:\/\/www.houseofcats.pl\/en\/#website\"},\"primaryImageOfPage\":{\"@id\":\"https:\/\/www.houseofcats.pl\/en\/shop\/drapak-flat-hair\/#primaryimage\"},\"image\":{\"@id\":\"https:\/\/www.houseofcats.pl\/en\/shop\/drapak-flat-hair\/#primaryimage\"},\"thumbnailUrl\":\"https:\/\/www.houseofcats.pl\/wp-content\/uploads\/2016\/03\/IMG_6547kw.jpg\",\"datePublished\":\"2016-03-31T19:36:40+00:00\",\"dateModified\":\"2021-03-04T12:31:28+00:00\",\"description\":\"Idealny drapak dla Twojego kotka! Wykonany z naturalnych materia\u0142\u00f3w i zaprojektowany z my\u015bl\u0105 o zapewnieniu zabawy i higieny dla kocich \u0142apek.\",\"breadcrumb\":{\"@id\":\"https:\/\/www.houseofcats.pl\/en\/shop\/drapak-flat-hair\/#breadcrumb\"},\"inLanguage\":\"en-US\",\"potentialAction\":[{\"@type\":\"ReadAction\",\"target\":[\"https:\/\/www.houseofcats.pl\/en\/shop\/drapak-flat-hair\/\"]}]},{\"@type\":\"ImageObject\",\"inLanguage\":\"en-US\",\"@id\":\"https:\/\/www.houseofcats.pl\/en\/shop\/drapak-flat-hair\/#primaryimage\",\"url\":\"https:\/\/www.houseofcats.pl\/wp-content\/uploads\/2016\/03\/IMG_6547kw.jpg\",\"contentUrl\":\"https:\/\/www.houseofcats.pl\/wp-content\/uploads\/2016\/03\/IMG_6547kw.jpg\",\"width\":2443,\"height\":2443},{\"@type\":\"BreadcrumbList\",\"@id\":\"https:\/\/www.houseofcats.pl\/en\/shop\/drapak-flat-hair\/#breadcrumb\",\"itemListElement\":[{\"@type\":\"ListItem\",\"position\":1,\"name\":\"Strona g\u0142\u00f3wna\",\"item\":\"https:\/\/www.houseofcats.pl\/en\/\"},{\"@type\":\"ListItem\",\"position\":2,\"name\":\"Sklep\",\"item\":\"https:\/\/www.houseofcats.pl\/sklep\/\"},{\"@type\":\"ListItem\",\"position\":3,\"name\":\"Flat Hair\"}]},{\"@type\":\"WebSite\",\"@id\":\"https:\/\/www.houseofcats.pl\/en\/#website\",\"url\":\"https:\/\/www.houseofcats.pl\/en\/\",\"name\":\"Sklep internetowy House of Cats\",\"description\":\"Drapaki dla kot\u00f3w\",\"publisher\":{\"@id\":\"https:\/\/www.houseofcats.pl\/en\/#organization\"},\"potentialAction\":[{\"@type\":\"SearchAction\",\"target\":{\"@type\":\"EntryPoint\",\"urlTemplate\":\"https:\/\/www.houseofcats.pl\/en\/?s={search_term_string}\"},\"query-input\":{\"@type\":\"PropertyValueSpecification\",\"valueRequired\":true,\"valueName\":\"search_term_string\"}}],\"inLanguage\":\"en-US\"},{\"@type\":\"Organization\",\"@id\":\"https:\/\/www.houseofcats.pl\/en\/#organization\",\"name\":\"Sklep internetowy House of Cats\",\"url\":\"https:\/\/www.houseofcats.pl\/en\/\",\"logo\":{\"@type\":\"ImageObject\",\"inLanguage\":\"en-US\",\"@id\":\"https:\/\/www.houseofcats.pl\/en\/#\/schema\/logo\/image\/\",\"url\":\"https:\/\/www.houseofcats.pl\/wp-content\/uploads\/2024\/07\/Zrzut-ekranu-2017-07-11-o-23.35.44.png\",\"contentUrl\":\"https:\/\/www.houseofcats.pl\/wp-content\/uploads\/2024\/07\/Zrzut-ekranu-2017-07-11-o-23.35.44.png\",\"width\":496,\"height\":474,\"caption\":\"Sklep internetowy House of Cats\"},\"image\":{\"@id\":\"https:\/\/www.houseofcats.pl\/en\/#\/schema\/logo\/image\/\"},\"sameAs\":[\"https:\/\/www.facebook.com\/houseofcatspl\",\"https:\/\/www.instagram.com\/houseofcats.pl\/\",\"https:\/\/www.youtube.com\/@houseofcats5403\"]}]}<\/script>\n<!-- \/ Yoast SEO plugin. -->","yoast_head_json":{"title":"Drapak Flat Hair - idealny dla Twojego kotka!","description":"Idealny drapak dla Twojego kotka! Wykonany z naturalnych materia\u0142\u00f3w i zaprojektowany z my\u015bl\u0105 o zapewnieniu zabawy i higieny dla kocich \u0142apek.","robots":{"index":"index","follow":"follow","max-snippet":"max-snippet:-1","max-image-preview":"max-image-preview:large","max-video-preview":"max-video-preview:-1"},"canonical":"https:\/\/www.houseofcats.pl\/en\/shop\/drapak-flat-hair\/","og_locale":"en_US","og_type":"article","og_title":"Drapak Flat Hair - idealny dla Twojego kotka!","og_description":"Idealny drapak dla Twojego kotka! Wykonany z naturalnych materia\u0142\u00f3w i zaprojektowany z my\u015bl\u0105 o zapewnieniu zabawy i higieny dla kocich \u0142apek.","og_url":"https:\/\/www.houseofcats.pl\/en\/shop\/drapak-flat-hair\/","og_site_name":"Sklep internetowy House of Cats","article_publisher":"https:\/\/www.facebook.com\/houseofcatspl","article_modified_time":"2021-03-04T12:31:28+00:00","og_image":[{"width":1024,"height":1024,"url":"http:\/\/www.houseofcats.pl\/wp-content\/uploads\/2016\/03\/IMG_6547kw-1024x1024.jpg","type":"image\/jpeg"}],"twitter_card":"summary_large_image","twitter_misc":{"Est. reading time":"1 minute"},"schema":{"@context":"https:\/\/schema.org","@graph":[{"@type":"WebPage","@id":"https:\/\/www.houseofcats.pl\/en\/shop\/drapak-flat-hair\/","url":"https:\/\/www.houseofcats.pl\/en\/shop\/drapak-flat-hair\/","name":"Drapak Flat Hair - idealny dla Twojego kotka!","isPartOf":{"@id":"https:\/\/www.houseofcats.pl\/en\/#website"},"primaryImageOfPage":{"@id":"https:\/\/www.houseofcats.pl\/en\/shop\/drapak-flat-hair\/#primaryimage"},"image":{"@id":"https:\/\/www.houseofcats.pl\/en\/shop\/drapak-flat-hair\/#primaryimage"},"thumbnailUrl":"https:\/\/www.houseofcats.pl\/wp-content\/uploads\/2016\/03\/IMG_6547kw.jpg","datePublished":"2016-03-31T19:36:40+00:00","dateModified":"2021-03-04T12:31:28+00:00","description":"Idealny drapak dla Twojego kotka! Wykonany z naturalnych materia\u0142\u00f3w i zaprojektowany z my\u015bl\u0105 o zapewnieniu zabawy i higieny dla kocich \u0142apek.","breadcrumb":{"@id":"https:\/\/www.houseofcats.pl\/en\/shop\/drapak-flat-hair\/#breadcrumb"},"inLanguage":"en-US","potentialAction":[{"@type":"ReadAction","target":["https:\/\/www.houseofcats.pl\/en\/shop\/drapak-flat-hair\/"]}]},{"@type":"ImageObject","inLanguage":"en-US","@id":"https:\/\/www.houseofcats.pl\/en\/shop\/drapak-flat-hair\/#primaryimage","url":"https:\/\/www.houseofcats.pl\/wp-content\/uploads\/2016\/03\/IMG_6547kw.jpg","contentUrl":"https:\/\/www.houseofcats.pl\/wp-content\/uploads\/2016\/03\/IMG_6547kw.jpg","width":2443,"height":2443},{"@type":"BreadcrumbList","@id":"https:\/\/www.houseofcats.pl\/en\/shop\/drapak-flat-hair\/#breadcrumb","itemListElement":[{"@type":"ListItem","position":1,"name":"Strona g\u0142\u00f3wna","item":"https:\/\/www.houseofcats.pl\/en\/"},{"@type":"ListItem","position":2,"name":"Sklep","item":"https:\/\/www.houseofcats.pl\/sklep\/"},{"@type":"ListItem","position":3,"name":"Flat Hair"}]},{"@type":"WebSite","@id":"https:\/\/www.houseofcats.pl\/en\/#website","url":"https:\/\/www.houseofcats.pl\/en\/","name":"Sklep internetowy House of Cats","description":"Drapaki dla kot\u00f3w","publisher":{"@id":"https:\/\/www.houseofcats.pl\/en\/#organization"},"potentialAction":[{"@type":"SearchAction","target":{"@type":"EntryPoint","urlTemplate":"https:\/\/www.houseofcats.pl\/en\/?s={search_term_string}"},"query-input":{"@type":"PropertyValueSpecification","valueRequired":true,"valueName":"search_term_string"}}],"inLanguage":"en-US"},{"@type":"Organization","@id":"https:\/\/www.houseofcats.pl\/en\/#organization","name":"Sklep internetowy House of Cats","url":"https:\/\/www.houseofcats.pl\/en\/","logo":{"@type":"ImageObject","inLanguage":"en-US","@id":"https:\/\/www.houseofcats.pl\/en\/#\/schema\/logo\/image\/","url":"https:\/\/www.houseofcats.pl\/wp-content\/uploads\/2024\/07\/Zrzut-ekranu-2017-07-11-o-23.35.44.png","contentUrl":"https:\/\/www.houseofcats.pl\/wp-content\/uploads\/2024\/07\/Zrzut-ekranu-2017-07-11-o-23.35.44.png","width":496,"height":474,"caption":"Sklep internetowy House of Cats"},"image":{"@id":"https:\/\/www.houseofcats.pl\/en\/#\/schema\/logo\/image\/"},"sameAs":["https:\/\/www.facebook.com\/houseofcatspl","https:\/\/www.instagram.com\/houseofcats.pl\/","https:\/\/www.youtube.com\/@houseofcats5403"]}]}},"_links":{"self":[{"href":"https:\/\/www.houseofcats.pl\/en\/wp-json\/wp\/v2\/product\/4052"}],"collection":[{"href":"https:\/\/www.houseofcats.pl\/en\/wp-json\/wp\/v2\/product"}],"about":[{"href":"https:\/\/www.houseofcats.pl\/en\/wp-json\/wp\/v2\/types\/product"}],"wp:featuredmedia":[{"embeddable":true,"href":"https:\/\/www.houseofcats.pl\/en\/wp-json\/wp\/v2\/media\/4053"}],"wp:attachment":[{"href":"https:\/\/www.houseofcats.pl\/en\/wp-json\/wp\/v2\/media?parent=4052"}],"wp:term":[{"taxonomy":"product_brand","embeddable":true,"href":"https:\/\/www.houseofcats.pl\/en\/wp-json\/wp\/v2\/product_brand?post=4052"},{"taxonomy":"product_cat","embeddable":true,"href":"https:\/\/www.houseofcats.pl\/en\/wp-json\/wp\/v2\/product_cat?post=4052"},{"taxonomy":"product_tag","embeddable":true,"href":"https:\/\/www.houseofcats.pl\/en\/wp-json\/wp\/v2\/product_tag?post=4052"}],"curies":[{"name":"wp","href":"https:\/\/api.w.org\/{rel}","templated":true}]}}