{"id":4068,"date":"2016-03-31T00:56:41","date_gmt":"2016-03-30T22:56:41","guid":{"rendered":"https:\/\/www.houseofcats.pl\/sklep\/drapak-tekturowy-elipso\/"},"modified":"2021-03-04T13:33:18","modified_gmt":"2021-03-04T12:33:18","slug":"drapak-tekturowy-elipso","status":"publish","type":"product","link":"https:\/\/www.houseofcats.pl\/en\/shop\/drapak-tekturowy-elipso\/","title":{"rendered":"Elipso White"},"content":{"rendered":"<p>A little something for cats\u2019 claws \u2013 Elipso scratching post. Its functionality is combined with a fashionable pattern referring to modern design. Cats also deserve exceptional things, therefore designers have done their best to make the scratching post look really impressive. The material that fulfils cats\u2019 needs, that is, a good-quality cardboard was used\u00a0 in the production of the scratching post.<\/p>\n<h3><strong>Elipso scratching post\u00a0 \u2013 a definition of your cat\u2019s comfort!<\/strong><\/h3>\n<p>It is suitably soft and pleasant to touch.\u00a0It is fit for a long-lasting scratching and solid construction prevent from being easily destroyed even by the sharpest claws. An elliptical shape, a big, specially cut opening for a cat to rest and a suitably big size of the scratching post as it was designed for all kinds of cats, no matter if it is a big cat or a little kitten.<\/p>\n<hr \/>\n<p>Size product Elipso: H 41,5 cm, W 68,5 cm, D 27 cm<\/p>\n<p>Weight 3,8 kg<\/p>\n","protected":false},"excerpt":{"rendered":"<p>A little something for cats\u2019 claws \u2013 Elipso scratching post. Its functionality is combined with a fashionable pattern referring to modern design. Cats also deserve exceptional things, therefore designers have done their best to make the scratching post look really impressive. The material that fulfils cats\u2019 needs, that is, a good-quality cardboard was used\u00a0 in &hellip;<\/p>\n","protected":false},"featured_media":4105,"template":"","meta":{"_acf_changed":false},"product_brand":[],"product_cat":[171],"product_tag":[259,173,177,179,178],"class_list":{"0":"post-4068","1":"product","2":"type-product","3":"status-publish","4":"has-post-thumbnail","6":"product_cat-elipso-en","7":"product_tag-design-en","8":"product_tag-drapak-en","9":"product_tag-kot-en","10":"product_tag-legowisko-en","11":"product_tag-tektura-en","13":"first","14":"instock","15":"featured","16":"taxable","17":"shipping-taxable","18":"purchasable","19":"product-type-simple"},"acf":[],"yoast_head":"<!-- This site is optimized with the Yoast SEO plugin v25.6 - https:\/\/yoast.com\/wordpress\/plugins\/seo\/ -->\n<title>Drapak Elipso White - wyj\u0105tkowy koci mebel<\/title>\n<meta name=\"description\" content=\"Co nieco dla kocich pazurk\u00f3w, czyli drapak Elipso. Funkcjonalno\u015b\u0107 po\u0142\u0105czona z modnym wzorem, kt\u00f3ry nawi\u0105zuje do wsp\u00f3\u0142czesnego designu.\" \/>\n<meta name=\"robots\" content=\"index, follow, max-snippet:-1, max-image-preview:large, max-video-preview:-1\" \/>\n<link rel=\"canonical\" href=\"https:\/\/www.houseofcats.pl\/en\/shop\/drapak-tekturowy-elipso\/\" \/>\n<meta property=\"og:locale\" content=\"en_US\" \/>\n<meta property=\"og:type\" content=\"article\" \/>\n<meta property=\"og:title\" content=\"Drapak Elipso White - wyj\u0105tkowy koci mebel\" \/>\n<meta property=\"og:description\" content=\"Co nieco dla kocich pazurk\u00f3w, czyli drapak Elipso. Funkcjonalno\u015b\u0107 po\u0142\u0105czona z modnym wzorem, kt\u00f3ry nawi\u0105zuje do wsp\u00f3\u0142czesnego designu.\" \/>\n<meta property=\"og:url\" content=\"https:\/\/www.houseofcats.pl\/en\/shop\/drapak-tekturowy-elipso\/\" \/>\n<meta property=\"og:site_name\" content=\"Sklep internetowy House of Cats\" \/>\n<meta property=\"article:publisher\" content=\"https:\/\/www.facebook.com\/houseofcatspl\" \/>\n<meta property=\"article:modified_time\" content=\"2021-03-04T12:33:18+00:00\" \/>\n<meta property=\"og:image\" content=\"http:\/\/www.houseofcats.pl\/wp-content\/uploads\/2016\/03\/elipsa-kwadrat-1.jpg\" \/>\n\t<meta property=\"og:image:width\" content=\"1024\" \/>\n\t<meta property=\"og:image:height\" content=\"1024\" \/>\n\t<meta property=\"og:image:type\" content=\"image\/jpeg\" \/>\n<meta name=\"twitter:card\" content=\"summary_large_image\" \/>\n<meta name=\"twitter:label1\" content=\"Est. reading time\" \/>\n\t<meta name=\"twitter:data1\" content=\"1 minute\" \/>\n<script type=\"application\/ld+json\" class=\"yoast-schema-graph\">{\"@context\":\"https:\/\/schema.org\",\"@graph\":[{\"@type\":\"WebPage\",\"@id\":\"https:\/\/www.houseofcats.pl\/en\/shop\/drapak-tekturowy-elipso\/\",\"url\":\"https:\/\/www.houseofcats.pl\/en\/shop\/drapak-tekturowy-elipso\/\",\"name\":\"Drapak Elipso White - wyj\u0105tkowy koci mebel\",\"isPartOf\":{\"@id\":\"https:\/\/www.houseofcats.pl\/en\/#website\"},\"primaryImageOfPage\":{\"@id\":\"https:\/\/www.houseofcats.pl\/en\/shop\/drapak-tekturowy-elipso\/#primaryimage\"},\"image\":{\"@id\":\"https:\/\/www.houseofcats.pl\/en\/shop\/drapak-tekturowy-elipso\/#primaryimage\"},\"thumbnailUrl\":\"https:\/\/www.houseofcats.pl\/wp-content\/uploads\/2016\/03\/elipsa-kwadrat-1.jpg\",\"datePublished\":\"2016-03-30T22:56:41+00:00\",\"dateModified\":\"2021-03-04T12:33:18+00:00\",\"description\":\"Co nieco dla kocich pazurk\u00f3w, czyli drapak Elipso. Funkcjonalno\u015b\u0107 po\u0142\u0105czona z modnym wzorem, kt\u00f3ry nawi\u0105zuje do wsp\u00f3\u0142czesnego designu.\",\"breadcrumb\":{\"@id\":\"https:\/\/www.houseofcats.pl\/en\/shop\/drapak-tekturowy-elipso\/#breadcrumb\"},\"inLanguage\":\"en-US\",\"potentialAction\":[{\"@type\":\"ReadAction\",\"target\":[\"https:\/\/www.houseofcats.pl\/en\/shop\/drapak-tekturowy-elipso\/\"]}]},{\"@type\":\"ImageObject\",\"inLanguage\":\"en-US\",\"@id\":\"https:\/\/www.houseofcats.pl\/en\/shop\/drapak-tekturowy-elipso\/#primaryimage\",\"url\":\"https:\/\/www.houseofcats.pl\/wp-content\/uploads\/2016\/03\/elipsa-kwadrat-1.jpg\",\"contentUrl\":\"https:\/\/www.houseofcats.pl\/wp-content\/uploads\/2016\/03\/elipsa-kwadrat-1.jpg\",\"width\":1024,\"height\":1024},{\"@type\":\"BreadcrumbList\",\"@id\":\"https:\/\/www.houseofcats.pl\/en\/shop\/drapak-tekturowy-elipso\/#breadcrumb\",\"itemListElement\":[{\"@type\":\"ListItem\",\"position\":1,\"name\":\"Strona g\u0142\u00f3wna\",\"item\":\"https:\/\/www.houseofcats.pl\/en\/\"},{\"@type\":\"ListItem\",\"position\":2,\"name\":\"Sklep\",\"item\":\"https:\/\/www.houseofcats.pl\/sklep\/\"},{\"@type\":\"ListItem\",\"position\":3,\"name\":\"Elipso White\"}]},{\"@type\":\"WebSite\",\"@id\":\"https:\/\/www.houseofcats.pl\/en\/#website\",\"url\":\"https:\/\/www.houseofcats.pl\/en\/\",\"name\":\"Sklep internetowy House of Cats\",\"description\":\"Drapaki dla kot\u00f3w\",\"publisher\":{\"@id\":\"https:\/\/www.houseofcats.pl\/en\/#organization\"},\"potentialAction\":[{\"@type\":\"SearchAction\",\"target\":{\"@type\":\"EntryPoint\",\"urlTemplate\":\"https:\/\/www.houseofcats.pl\/en\/?s={search_term_string}\"},\"query-input\":{\"@type\":\"PropertyValueSpecification\",\"valueRequired\":true,\"valueName\":\"search_term_string\"}}],\"inLanguage\":\"en-US\"},{\"@type\":\"Organization\",\"@id\":\"https:\/\/www.houseofcats.pl\/en\/#organization\",\"name\":\"Sklep internetowy House of Cats\",\"url\":\"https:\/\/www.houseofcats.pl\/en\/\",\"logo\":{\"@type\":\"ImageObject\",\"inLanguage\":\"en-US\",\"@id\":\"https:\/\/www.houseofcats.pl\/en\/#\/schema\/logo\/image\/\",\"url\":\"https:\/\/www.houseofcats.pl\/wp-content\/uploads\/2024\/07\/Zrzut-ekranu-2017-07-11-o-23.35.44.png\",\"contentUrl\":\"https:\/\/www.houseofcats.pl\/wp-content\/uploads\/2024\/07\/Zrzut-ekranu-2017-07-11-o-23.35.44.png\",\"width\":496,\"height\":474,\"caption\":\"Sklep internetowy House of Cats\"},\"image\":{\"@id\":\"https:\/\/www.houseofcats.pl\/en\/#\/schema\/logo\/image\/\"},\"sameAs\":[\"https:\/\/www.facebook.com\/houseofcatspl\",\"https:\/\/www.instagram.com\/houseofcats.pl\/\",\"https:\/\/www.youtube.com\/@houseofcats5403\"]}]}<\/script>\n<!-- \/ Yoast SEO plugin. -->","yoast_head_json":{"title":"Drapak Elipso White - wyj\u0105tkowy koci mebel","description":"Co nieco dla kocich pazurk\u00f3w, czyli drapak Elipso. Funkcjonalno\u015b\u0107 po\u0142\u0105czona z modnym wzorem, kt\u00f3ry nawi\u0105zuje do wsp\u00f3\u0142czesnego designu.","robots":{"index":"index","follow":"follow","max-snippet":"max-snippet:-1","max-image-preview":"max-image-preview:large","max-video-preview":"max-video-preview:-1"},"canonical":"https:\/\/www.houseofcats.pl\/en\/shop\/drapak-tekturowy-elipso\/","og_locale":"en_US","og_type":"article","og_title":"Drapak Elipso White - wyj\u0105tkowy koci mebel","og_description":"Co nieco dla kocich pazurk\u00f3w, czyli drapak Elipso. Funkcjonalno\u015b\u0107 po\u0142\u0105czona z modnym wzorem, kt\u00f3ry nawi\u0105zuje do wsp\u00f3\u0142czesnego designu.","og_url":"https:\/\/www.houseofcats.pl\/en\/shop\/drapak-tekturowy-elipso\/","og_site_name":"Sklep internetowy House of Cats","article_publisher":"https:\/\/www.facebook.com\/houseofcatspl","article_modified_time":"2021-03-04T12:33:18+00:00","og_image":[{"width":1024,"height":1024,"url":"http:\/\/www.houseofcats.pl\/wp-content\/uploads\/2016\/03\/elipsa-kwadrat-1.jpg","type":"image\/jpeg"}],"twitter_card":"summary_large_image","twitter_misc":{"Est. reading time":"1 minute"},"schema":{"@context":"https:\/\/schema.org","@graph":[{"@type":"WebPage","@id":"https:\/\/www.houseofcats.pl\/en\/shop\/drapak-tekturowy-elipso\/","url":"https:\/\/www.houseofcats.pl\/en\/shop\/drapak-tekturowy-elipso\/","name":"Drapak Elipso White - wyj\u0105tkowy koci mebel","isPartOf":{"@id":"https:\/\/www.houseofcats.pl\/en\/#website"},"primaryImageOfPage":{"@id":"https:\/\/www.houseofcats.pl\/en\/shop\/drapak-tekturowy-elipso\/#primaryimage"},"image":{"@id":"https:\/\/www.houseofcats.pl\/en\/shop\/drapak-tekturowy-elipso\/#primaryimage"},"thumbnailUrl":"https:\/\/www.houseofcats.pl\/wp-content\/uploads\/2016\/03\/elipsa-kwadrat-1.jpg","datePublished":"2016-03-30T22:56:41+00:00","dateModified":"2021-03-04T12:33:18+00:00","description":"Co nieco dla kocich pazurk\u00f3w, czyli drapak Elipso. Funkcjonalno\u015b\u0107 po\u0142\u0105czona z modnym wzorem, kt\u00f3ry nawi\u0105zuje do wsp\u00f3\u0142czesnego designu.","breadcrumb":{"@id":"https:\/\/www.houseofcats.pl\/en\/shop\/drapak-tekturowy-elipso\/#breadcrumb"},"inLanguage":"en-US","potentialAction":[{"@type":"ReadAction","target":["https:\/\/www.houseofcats.pl\/en\/shop\/drapak-tekturowy-elipso\/"]}]},{"@type":"ImageObject","inLanguage":"en-US","@id":"https:\/\/www.houseofcats.pl\/en\/shop\/drapak-tekturowy-elipso\/#primaryimage","url":"https:\/\/www.houseofcats.pl\/wp-content\/uploads\/2016\/03\/elipsa-kwadrat-1.jpg","contentUrl":"https:\/\/www.houseofcats.pl\/wp-content\/uploads\/2016\/03\/elipsa-kwadrat-1.jpg","width":1024,"height":1024},{"@type":"BreadcrumbList","@id":"https:\/\/www.houseofcats.pl\/en\/shop\/drapak-tekturowy-elipso\/#breadcrumb","itemListElement":[{"@type":"ListItem","position":1,"name":"Strona g\u0142\u00f3wna","item":"https:\/\/www.houseofcats.pl\/en\/"},{"@type":"ListItem","position":2,"name":"Sklep","item":"https:\/\/www.houseofcats.pl\/sklep\/"},{"@type":"ListItem","position":3,"name":"Elipso White"}]},{"@type":"WebSite","@id":"https:\/\/www.houseofcats.pl\/en\/#website","url":"https:\/\/www.houseofcats.pl\/en\/","name":"Sklep internetowy House of Cats","description":"Drapaki dla kot\u00f3w","publisher":{"@id":"https:\/\/www.houseofcats.pl\/en\/#organization"},"potentialAction":[{"@type":"SearchAction","target":{"@type":"EntryPoint","urlTemplate":"https:\/\/www.houseofcats.pl\/en\/?s={search_term_string}"},"query-input":{"@type":"PropertyValueSpecification","valueRequired":true,"valueName":"search_term_string"}}],"inLanguage":"en-US"},{"@type":"Organization","@id":"https:\/\/www.houseofcats.pl\/en\/#organization","name":"Sklep internetowy House of Cats","url":"https:\/\/www.houseofcats.pl\/en\/","logo":{"@type":"ImageObject","inLanguage":"en-US","@id":"https:\/\/www.houseofcats.pl\/en\/#\/schema\/logo\/image\/","url":"https:\/\/www.houseofcats.pl\/wp-content\/uploads\/2024\/07\/Zrzut-ekranu-2017-07-11-o-23.35.44.png","contentUrl":"https:\/\/www.houseofcats.pl\/wp-content\/uploads\/2024\/07\/Zrzut-ekranu-2017-07-11-o-23.35.44.png","width":496,"height":474,"caption":"Sklep internetowy House of Cats"},"image":{"@id":"https:\/\/www.houseofcats.pl\/en\/#\/schema\/logo\/image\/"},"sameAs":["https:\/\/www.facebook.com\/houseofcatspl","https:\/\/www.instagram.com\/houseofcats.pl\/","https:\/\/www.youtube.com\/@houseofcats5403"]}]}},"_links":{"self":[{"href":"https:\/\/www.houseofcats.pl\/en\/wp-json\/wp\/v2\/product\/4068"}],"collection":[{"href":"https:\/\/www.houseofcats.pl\/en\/wp-json\/wp\/v2\/product"}],"about":[{"href":"https:\/\/www.houseofcats.pl\/en\/wp-json\/wp\/v2\/types\/product"}],"wp:featuredmedia":[{"embeddable":true,"href":"https:\/\/www.houseofcats.pl\/en\/wp-json\/wp\/v2\/media\/4105"}],"wp:attachment":[{"href":"https:\/\/www.houseofcats.pl\/en\/wp-json\/wp\/v2\/media?parent=4068"}],"wp:term":[{"taxonomy":"product_brand","embeddable":true,"href":"https:\/\/www.houseofcats.pl\/en\/wp-json\/wp\/v2\/product_brand?post=4068"},{"taxonomy":"product_cat","embeddable":true,"href":"https:\/\/www.houseofcats.pl\/en\/wp-json\/wp\/v2\/product_cat?post=4068"},{"taxonomy":"product_tag","embeddable":true,"href":"https:\/\/www.houseofcats.pl\/en\/wp-json\/wp\/v2\/product_tag?post=4068"}],"curies":[{"name":"wp","href":"https:\/\/api.w.org\/{rel}","templated":true}]}}