{"id":4174,"date":"2016-03-30T23:32:08","date_gmt":"2016-03-30T21:32:08","guid":{"rendered":"https:\/\/www.houseofcats.pl\/sklep\/drapak-dla-kotow-cat-triangle\/"},"modified":"2022-06-21T21:43:21","modified_gmt":"2022-06-21T19:43:21","slug":"drapak-dla-kotow-cat-triangle","status":"publish","type":"product","link":"https:\/\/www.houseofcats.pl\/en\/shop\/drapak-dla-kotow-cat-triangle\/","title":{"rendered":"Scratching post  Cat Triangle"},"content":{"rendered":"<p class=\"TreA\" style=\"text-align: justify; text-justify: inter-ideograph;\"><span lang=\"EN-US\">A cat is happy when is full, relaxed and pampered. Every cat\u2019s mom knows that every cat needs to be just taken care of. Although cats go their own way, they need human love and care. Pets deserve all the best, thus there must be a cat scratcher in the corner of a room. <\/span><\/p>\n<h3 class=\"TreA\" style=\"text-align: justify; text-justify: inter-ideograph;\"><span lang=\"EN-US\">The Cat Triangle is a completely new edition of feline fashion<\/span><\/h3>\n<p class=\"TreA\" style=\"text-align: justify; text-justify: inter-ideograph;\"><span lang=\"EN-US\">The cat scratcher is simple, functional<strong>,<\/strong> at the same time it is made of good quality materials. Fabulous colors of scratcher\u2019s triangles delight the eye and enrich it with an interesting, designer feature. Even the fussiest cat will appreciate your effort when you give it a gift, where at the same time it will be able to rest and have fun by scratching, which is its favorite play.<\/span><\/p>\n<hr \/>\n<p>Size product\u00a0Cat: H 42 cm, W 39 cm, D 42 cm<\/p>\n<p>Weight 4,1 kg<\/p>\n","protected":false},"excerpt":{"rendered":"<p>A cat is happy when is full, relaxed and pampered. Every cat\u2019s mom knows that every cat needs to be just taken care of. Although cats go their own way, they need human love and care. Pets deserve all the best, thus there must be a cat scratcher in the corner of a room. The &hellip;<\/p>\n","protected":false},"featured_media":4179,"template":"","meta":{"_acf_changed":false},"product_brand":[],"product_cat":[202],"product_tag":[211,210,173,177,179,178],"class_list":{"0":"post-4174","1":"product","2":"type-product","3":"status-publish","4":"has-post-thumbnail","6":"product_cat-cat-en","7":"product_tag-budka-en","8":"product_tag-domek-dla-kota-en","9":"product_tag-drapak-en","10":"product_tag-kot-en","11":"product_tag-legowisko-en","12":"product_tag-tektura-en","14":"first","15":"instock","16":"taxable","17":"shipping-taxable","18":"purchasable","19":"product-type-simple"},"acf":[],"yoast_head":"<!-- This site is optimized with the Yoast SEO plugin v25.6 - https:\/\/yoast.com\/wordpress\/plugins\/seo\/ -->\n<title>Drapak dla kot\u00f3w Scratching post Cat Triangle - najnowszy koci trend<\/title>\n<meta name=\"description\" content=\"Wyj\u0105tkowy wygl\u0105d oraz najlepsze materia\u0142y tworz\u0105 drapak dla kot\u00f3w idealny dla Twojego kota! Sprawd\u017a szczeg\u00f3\u0142y tego drapaka i przekonaj si\u0119 sam!\" \/>\n<meta name=\"robots\" content=\"index, follow, max-snippet:-1, max-image-preview:large, max-video-preview:-1\" \/>\n<link rel=\"canonical\" href=\"https:\/\/www.houseofcats.pl\/en\/shop\/drapak-dla-kotow-cat-triangle\/\" \/>\n<meta property=\"og:locale\" content=\"en_US\" \/>\n<meta property=\"og:type\" content=\"article\" \/>\n<meta property=\"og:title\" content=\"Drapak dla kot\u00f3w Scratching post Cat Triangle - najnowszy koci trend\" \/>\n<meta property=\"og:description\" content=\"Wyj\u0105tkowy wygl\u0105d oraz najlepsze materia\u0142y tworz\u0105 drapak dla kot\u00f3w idealny dla Twojego kota! Sprawd\u017a szczeg\u00f3\u0142y tego drapaka i przekonaj si\u0119 sam!\" \/>\n<meta property=\"og:url\" content=\"https:\/\/www.houseofcats.pl\/en\/shop\/drapak-dla-kotow-cat-triangle\/\" \/>\n<meta property=\"og:site_name\" content=\"Sklep internetowy House of Cats\" \/>\n<meta property=\"article:publisher\" content=\"https:\/\/www.facebook.com\/houseofcatspl\" \/>\n<meta property=\"article:modified_time\" content=\"2022-06-21T19:43:21+00:00\" \/>\n<meta property=\"og:image\" content=\"http:\/\/www.houseofcats.pl\/wp-content\/uploads\/2016\/03\/thumb_12933159_830997107027449_8642655826122338932_n_1024-1.jpg\" \/>\n\t<meta property=\"og:image:width\" content=\"796\" \/>\n\t<meta property=\"og:image:height\" content=\"796\" \/>\n\t<meta property=\"og:image:type\" content=\"image\/jpeg\" \/>\n<meta name=\"twitter:card\" content=\"summary_large_image\" \/>\n<meta name=\"twitter:label1\" content=\"Est. reading time\" \/>\n\t<meta name=\"twitter:data1\" content=\"2 minutes\" \/>\n<script type=\"application\/ld+json\" class=\"yoast-schema-graph\">{\"@context\":\"https:\/\/schema.org\",\"@graph\":[{\"@type\":\"WebPage\",\"@id\":\"https:\/\/www.houseofcats.pl\/en\/shop\/drapak-dla-kotow-cat-triangle\/\",\"url\":\"https:\/\/www.houseofcats.pl\/en\/shop\/drapak-dla-kotow-cat-triangle\/\",\"name\":\"Drapak dla kot\u00f3w Scratching post Cat Triangle - najnowszy koci trend\",\"isPartOf\":{\"@id\":\"https:\/\/www.houseofcats.pl\/en\/#website\"},\"primaryImageOfPage\":{\"@id\":\"https:\/\/www.houseofcats.pl\/en\/shop\/drapak-dla-kotow-cat-triangle\/#primaryimage\"},\"image\":{\"@id\":\"https:\/\/www.houseofcats.pl\/en\/shop\/drapak-dla-kotow-cat-triangle\/#primaryimage\"},\"thumbnailUrl\":\"https:\/\/www.houseofcats.pl\/wp-content\/uploads\/2016\/03\/thumb_12933159_830997107027449_8642655826122338932_n_1024-1.jpg\",\"datePublished\":\"2016-03-30T21:32:08+00:00\",\"dateModified\":\"2022-06-21T19:43:21+00:00\",\"description\":\"Wyj\u0105tkowy wygl\u0105d oraz najlepsze materia\u0142y tworz\u0105 drapak dla kot\u00f3w idealny dla Twojego kota! Sprawd\u017a szczeg\u00f3\u0142y tego drapaka i przekonaj si\u0119 sam!\",\"breadcrumb\":{\"@id\":\"https:\/\/www.houseofcats.pl\/en\/shop\/drapak-dla-kotow-cat-triangle\/#breadcrumb\"},\"inLanguage\":\"en-US\",\"potentialAction\":[{\"@type\":\"ReadAction\",\"target\":[\"https:\/\/www.houseofcats.pl\/en\/shop\/drapak-dla-kotow-cat-triangle\/\"]}]},{\"@type\":\"ImageObject\",\"inLanguage\":\"en-US\",\"@id\":\"https:\/\/www.houseofcats.pl\/en\/shop\/drapak-dla-kotow-cat-triangle\/#primaryimage\",\"url\":\"https:\/\/www.houseofcats.pl\/wp-content\/uploads\/2016\/03\/thumb_12933159_830997107027449_8642655826122338932_n_1024-1.jpg\",\"contentUrl\":\"https:\/\/www.houseofcats.pl\/wp-content\/uploads\/2016\/03\/thumb_12933159_830997107027449_8642655826122338932_n_1024-1.jpg\",\"width\":796,\"height\":796},{\"@type\":\"BreadcrumbList\",\"@id\":\"https:\/\/www.houseofcats.pl\/en\/shop\/drapak-dla-kotow-cat-triangle\/#breadcrumb\",\"itemListElement\":[{\"@type\":\"ListItem\",\"position\":1,\"name\":\"Strona g\u0142\u00f3wna\",\"item\":\"https:\/\/www.houseofcats.pl\/en\/\"},{\"@type\":\"ListItem\",\"position\":2,\"name\":\"Sklep\",\"item\":\"https:\/\/www.houseofcats.pl\/sklep\/\"},{\"@type\":\"ListItem\",\"position\":3,\"name\":\"Scratching post Cat Triangle\"}]},{\"@type\":\"WebSite\",\"@id\":\"https:\/\/www.houseofcats.pl\/en\/#website\",\"url\":\"https:\/\/www.houseofcats.pl\/en\/\",\"name\":\"Sklep internetowy House of Cats\",\"description\":\"Drapaki dla kot\u00f3w\",\"publisher\":{\"@id\":\"https:\/\/www.houseofcats.pl\/en\/#organization\"},\"potentialAction\":[{\"@type\":\"SearchAction\",\"target\":{\"@type\":\"EntryPoint\",\"urlTemplate\":\"https:\/\/www.houseofcats.pl\/en\/?s={search_term_string}\"},\"query-input\":{\"@type\":\"PropertyValueSpecification\",\"valueRequired\":true,\"valueName\":\"search_term_string\"}}],\"inLanguage\":\"en-US\"},{\"@type\":\"Organization\",\"@id\":\"https:\/\/www.houseofcats.pl\/en\/#organization\",\"name\":\"Sklep internetowy House of Cats\",\"url\":\"https:\/\/www.houseofcats.pl\/en\/\",\"logo\":{\"@type\":\"ImageObject\",\"inLanguage\":\"en-US\",\"@id\":\"https:\/\/www.houseofcats.pl\/en\/#\/schema\/logo\/image\/\",\"url\":\"https:\/\/www.houseofcats.pl\/wp-content\/uploads\/2024\/07\/Zrzut-ekranu-2017-07-11-o-23.35.44.png\",\"contentUrl\":\"https:\/\/www.houseofcats.pl\/wp-content\/uploads\/2024\/07\/Zrzut-ekranu-2017-07-11-o-23.35.44.png\",\"width\":496,\"height\":474,\"caption\":\"Sklep internetowy House of Cats\"},\"image\":{\"@id\":\"https:\/\/www.houseofcats.pl\/en\/#\/schema\/logo\/image\/\"},\"sameAs\":[\"https:\/\/www.facebook.com\/houseofcatspl\",\"https:\/\/www.instagram.com\/houseofcats.pl\/\",\"https:\/\/www.youtube.com\/@houseofcats5403\"]}]}<\/script>\n<!-- \/ Yoast SEO plugin. -->","yoast_head_json":{"title":"Drapak dla kot\u00f3w Scratching post Cat Triangle - najnowszy koci trend","description":"Wyj\u0105tkowy wygl\u0105d oraz najlepsze materia\u0142y tworz\u0105 drapak dla kot\u00f3w idealny dla Twojego kota! Sprawd\u017a szczeg\u00f3\u0142y tego drapaka i przekonaj si\u0119 sam!","robots":{"index":"index","follow":"follow","max-snippet":"max-snippet:-1","max-image-preview":"max-image-preview:large","max-video-preview":"max-video-preview:-1"},"canonical":"https:\/\/www.houseofcats.pl\/en\/shop\/drapak-dla-kotow-cat-triangle\/","og_locale":"en_US","og_type":"article","og_title":"Drapak dla kot\u00f3w Scratching post Cat Triangle - najnowszy koci trend","og_description":"Wyj\u0105tkowy wygl\u0105d oraz najlepsze materia\u0142y tworz\u0105 drapak dla kot\u00f3w idealny dla Twojego kota! Sprawd\u017a szczeg\u00f3\u0142y tego drapaka i przekonaj si\u0119 sam!","og_url":"https:\/\/www.houseofcats.pl\/en\/shop\/drapak-dla-kotow-cat-triangle\/","og_site_name":"Sklep internetowy House of Cats","article_publisher":"https:\/\/www.facebook.com\/houseofcatspl","article_modified_time":"2022-06-21T19:43:21+00:00","og_image":[{"width":796,"height":796,"url":"http:\/\/www.houseofcats.pl\/wp-content\/uploads\/2016\/03\/thumb_12933159_830997107027449_8642655826122338932_n_1024-1.jpg","type":"image\/jpeg"}],"twitter_card":"summary_large_image","twitter_misc":{"Est. reading time":"2 minutes"},"schema":{"@context":"https:\/\/schema.org","@graph":[{"@type":"WebPage","@id":"https:\/\/www.houseofcats.pl\/en\/shop\/drapak-dla-kotow-cat-triangle\/","url":"https:\/\/www.houseofcats.pl\/en\/shop\/drapak-dla-kotow-cat-triangle\/","name":"Drapak dla kot\u00f3w Scratching post Cat Triangle - najnowszy koci trend","isPartOf":{"@id":"https:\/\/www.houseofcats.pl\/en\/#website"},"primaryImageOfPage":{"@id":"https:\/\/www.houseofcats.pl\/en\/shop\/drapak-dla-kotow-cat-triangle\/#primaryimage"},"image":{"@id":"https:\/\/www.houseofcats.pl\/en\/shop\/drapak-dla-kotow-cat-triangle\/#primaryimage"},"thumbnailUrl":"https:\/\/www.houseofcats.pl\/wp-content\/uploads\/2016\/03\/thumb_12933159_830997107027449_8642655826122338932_n_1024-1.jpg","datePublished":"2016-03-30T21:32:08+00:00","dateModified":"2022-06-21T19:43:21+00:00","description":"Wyj\u0105tkowy wygl\u0105d oraz najlepsze materia\u0142y tworz\u0105 drapak dla kot\u00f3w idealny dla Twojego kota! Sprawd\u017a szczeg\u00f3\u0142y tego drapaka i przekonaj si\u0119 sam!","breadcrumb":{"@id":"https:\/\/www.houseofcats.pl\/en\/shop\/drapak-dla-kotow-cat-triangle\/#breadcrumb"},"inLanguage":"en-US","potentialAction":[{"@type":"ReadAction","target":["https:\/\/www.houseofcats.pl\/en\/shop\/drapak-dla-kotow-cat-triangle\/"]}]},{"@type":"ImageObject","inLanguage":"en-US","@id":"https:\/\/www.houseofcats.pl\/en\/shop\/drapak-dla-kotow-cat-triangle\/#primaryimage","url":"https:\/\/www.houseofcats.pl\/wp-content\/uploads\/2016\/03\/thumb_12933159_830997107027449_8642655826122338932_n_1024-1.jpg","contentUrl":"https:\/\/www.houseofcats.pl\/wp-content\/uploads\/2016\/03\/thumb_12933159_830997107027449_8642655826122338932_n_1024-1.jpg","width":796,"height":796},{"@type":"BreadcrumbList","@id":"https:\/\/www.houseofcats.pl\/en\/shop\/drapak-dla-kotow-cat-triangle\/#breadcrumb","itemListElement":[{"@type":"ListItem","position":1,"name":"Strona g\u0142\u00f3wna","item":"https:\/\/www.houseofcats.pl\/en\/"},{"@type":"ListItem","position":2,"name":"Sklep","item":"https:\/\/www.houseofcats.pl\/sklep\/"},{"@type":"ListItem","position":3,"name":"Scratching post Cat Triangle"}]},{"@type":"WebSite","@id":"https:\/\/www.houseofcats.pl\/en\/#website","url":"https:\/\/www.houseofcats.pl\/en\/","name":"Sklep internetowy House of Cats","description":"Drapaki dla kot\u00f3w","publisher":{"@id":"https:\/\/www.houseofcats.pl\/en\/#organization"},"potentialAction":[{"@type":"SearchAction","target":{"@type":"EntryPoint","urlTemplate":"https:\/\/www.houseofcats.pl\/en\/?s={search_term_string}"},"query-input":{"@type":"PropertyValueSpecification","valueRequired":true,"valueName":"search_term_string"}}],"inLanguage":"en-US"},{"@type":"Organization","@id":"https:\/\/www.houseofcats.pl\/en\/#organization","name":"Sklep internetowy House of Cats","url":"https:\/\/www.houseofcats.pl\/en\/","logo":{"@type":"ImageObject","inLanguage":"en-US","@id":"https:\/\/www.houseofcats.pl\/en\/#\/schema\/logo\/image\/","url":"https:\/\/www.houseofcats.pl\/wp-content\/uploads\/2024\/07\/Zrzut-ekranu-2017-07-11-o-23.35.44.png","contentUrl":"https:\/\/www.houseofcats.pl\/wp-content\/uploads\/2024\/07\/Zrzut-ekranu-2017-07-11-o-23.35.44.png","width":496,"height":474,"caption":"Sklep internetowy House of Cats"},"image":{"@id":"https:\/\/www.houseofcats.pl\/en\/#\/schema\/logo\/image\/"},"sameAs":["https:\/\/www.facebook.com\/houseofcatspl","https:\/\/www.instagram.com\/houseofcats.pl\/","https:\/\/www.youtube.com\/@houseofcats5403"]}]}},"_links":{"self":[{"href":"https:\/\/www.houseofcats.pl\/en\/wp-json\/wp\/v2\/product\/4174"}],"collection":[{"href":"https:\/\/www.houseofcats.pl\/en\/wp-json\/wp\/v2\/product"}],"about":[{"href":"https:\/\/www.houseofcats.pl\/en\/wp-json\/wp\/v2\/types\/product"}],"wp:featuredmedia":[{"embeddable":true,"href":"https:\/\/www.houseofcats.pl\/en\/wp-json\/wp\/v2\/media\/4179"}],"wp:attachment":[{"href":"https:\/\/www.houseofcats.pl\/en\/wp-json\/wp\/v2\/media?parent=4174"}],"wp:term":[{"taxonomy":"product_brand","embeddable":true,"href":"https:\/\/www.houseofcats.pl\/en\/wp-json\/wp\/v2\/product_brand?post=4174"},{"taxonomy":"product_cat","embeddable":true,"href":"https:\/\/www.houseofcats.pl\/en\/wp-json\/wp\/v2\/product_cat?post=4174"},{"taxonomy":"product_tag","embeddable":true,"href":"https:\/\/www.houseofcats.pl\/en\/wp-json\/wp\/v2\/product_tag?post=4174"}],"curies":[{"name":"wp","href":"https:\/\/api.w.org\/{rel}","templated":true}]}}