{"id":4186,"date":"2016-03-30T23:28:22","date_gmt":"2016-03-30T21:28:22","guid":{"rendered":"https:\/\/www.houseofcats.pl\/sklep\/drapak-dla-kotow-cat-hair\/"},"modified":"2021-03-04T13:39:26","modified_gmt":"2021-03-04T12:39:26","slug":"drapak-dla-kotow-cat-hair","status":"publish","type":"product","link":"https:\/\/www.houseofcats.pl\/en\/shop\/drapak-dla-kotow-cat-hair\/","title":{"rendered":"Scratching post Cat Hair"},"content":{"rendered":"<p class=\"TreA\" style=\"text-align: justify; text-justify: inter-ideograph;\"><span lang=\"EN-US\">Cats give our houses or flats an additional character and so-called soul. Therefore their owners\u2019 responsibility is to create favorable conditions for the cats\u2019 everyday fun and rest. The cat scratcher with a cat\u2019s hair motif is a trendy design and matches perfectly with the canons of modernity. So the Cat Hair is a useful item of a unique form which was created to meet the basic needs of the feline friends. <\/span><\/p>\n<h3 class=\"TreA\" style=\"text-align: justify; text-justify: inter-ideograph;\"><span lang=\"EN-US\">It allows cats to play by scratching. <\/span><\/h3>\n<p class=\"TreA\" style=\"text-align: justify; text-justify: inter-ideograph;\"><span lang=\"EN-US\">At the same time, it <\/span><span lang=\"EN-US\" style=\"color: #222222;\">cleans cats\u2019 claws from exfoliating skin. What is more, the hole is specially cut for cats to have a rest in it after a hard day. Every cat dreams of a place where it can go crazy and relax at the same time. The Cat Hair is adapted for both small and large cats. Therefore, the fashionable cat scratcher will be right for every kitty.<\/span><\/p>\n<hr \/>\n<p>Size product\u00a0Cat: H 42 cm, W 39 cm, D 42 cm<\/p>\n<p>Weight 4,1 kg<\/p>\n","protected":false},"excerpt":{"rendered":"<p>Cats give our houses or flats an additional character and so-called soul. Therefore their owners\u2019 responsibility is to create favorable conditions for the cats\u2019 everyday fun and rest. The cat scratcher with a cat\u2019s hair motif is a trendy design and matches perfectly with the canons of modernity. So the Cat Hair is a useful &hellip;<\/p>\n","protected":false},"featured_media":4200,"template":"","meta":{"_acf_changed":false},"product_brand":[],"product_cat":[202],"product_tag":[211,210,173,177,179,178],"class_list":{"0":"post-4186","1":"product","2":"type-product","3":"status-publish","4":"has-post-thumbnail","6":"product_cat-cat-en","7":"product_tag-budka-en","8":"product_tag-domek-dla-kota-en","9":"product_tag-drapak-en","10":"product_tag-kot-en","11":"product_tag-legowisko-en","12":"product_tag-tektura-en","14":"first","15":"instock","16":"taxable","17":"shipping-taxable","18":"purchasable","19":"product-type-simple"},"acf":[],"yoast_head":"<!-- This site is optimized with the Yoast SEO plugin v25.6 - https:\/\/yoast.com\/wordpress\/plugins\/seo\/ -->\n<title>Drapak dla kot\u00f3w Scratching post Cat Hair z nowoczesn\u0105 grafik\u0105 - Unikat!<\/title>\n<meta name=\"description\" content=\"Wyj\u0105tkowy projekt i najwy\u017csza jako\u015b\u0107 wykonania tworz\u0105 drapak dla kot\u00f3w idealny dla Twojego pupila. Koty uwielbiaj\u0105 nasze kartonowe drapaki. Sprawd\u017a nas!\" \/>\n<meta name=\"robots\" content=\"index, follow, max-snippet:-1, max-image-preview:large, max-video-preview:-1\" \/>\n<link rel=\"canonical\" href=\"https:\/\/www.houseofcats.pl\/en\/shop\/drapak-dla-kotow-cat-hair\/\" \/>\n<meta property=\"og:locale\" content=\"en_US\" \/>\n<meta property=\"og:type\" content=\"article\" \/>\n<meta property=\"og:title\" content=\"Drapak dla kot\u00f3w Scratching post Cat Hair z nowoczesn\u0105 grafik\u0105 - Unikat!\" \/>\n<meta property=\"og:description\" content=\"Wyj\u0105tkowy projekt i najwy\u017csza jako\u015b\u0107 wykonania tworz\u0105 drapak dla kot\u00f3w idealny dla Twojego pupila. Koty uwielbiaj\u0105 nasze kartonowe drapaki. Sprawd\u017a nas!\" \/>\n<meta property=\"og:url\" content=\"https:\/\/www.houseofcats.pl\/en\/shop\/drapak-dla-kotow-cat-hair\/\" \/>\n<meta property=\"og:site_name\" content=\"Sklep internetowy House of Cats\" \/>\n<meta property=\"article:publisher\" content=\"https:\/\/www.facebook.com\/houseofcatspl\" \/>\n<meta property=\"article:modified_time\" content=\"2021-03-04T12:39:26+00:00\" \/>\n<meta property=\"og:image\" content=\"http:\/\/www.houseofcats.pl\/wp-content\/uploads\/2016\/03\/thumb_12915137_1251151908245484_2018694817_o_1024-1.jpg\" \/>\n\t<meta property=\"og:image:width\" content=\"882\" \/>\n\t<meta property=\"og:image:height\" content=\"882\" \/>\n\t<meta property=\"og:image:type\" content=\"image\/jpeg\" \/>\n<meta name=\"twitter:card\" content=\"summary_large_image\" \/>\n<meta name=\"twitter:label1\" content=\"Est. reading time\" \/>\n\t<meta name=\"twitter:data1\" content=\"1 minute\" \/>\n<script type=\"application\/ld+json\" class=\"yoast-schema-graph\">{\"@context\":\"https:\/\/schema.org\",\"@graph\":[{\"@type\":\"WebPage\",\"@id\":\"https:\/\/www.houseofcats.pl\/en\/shop\/drapak-dla-kotow-cat-hair\/\",\"url\":\"https:\/\/www.houseofcats.pl\/en\/shop\/drapak-dla-kotow-cat-hair\/\",\"name\":\"Drapak dla kot\u00f3w Scratching post Cat Hair z nowoczesn\u0105 grafik\u0105 - Unikat!\",\"isPartOf\":{\"@id\":\"https:\/\/www.houseofcats.pl\/en\/#website\"},\"primaryImageOfPage\":{\"@id\":\"https:\/\/www.houseofcats.pl\/en\/shop\/drapak-dla-kotow-cat-hair\/#primaryimage\"},\"image\":{\"@id\":\"https:\/\/www.houseofcats.pl\/en\/shop\/drapak-dla-kotow-cat-hair\/#primaryimage\"},\"thumbnailUrl\":\"https:\/\/www.houseofcats.pl\/wp-content\/uploads\/2016\/03\/thumb_12915137_1251151908245484_2018694817_o_1024-1.jpg\",\"datePublished\":\"2016-03-30T21:28:22+00:00\",\"dateModified\":\"2021-03-04T12:39:26+00:00\",\"description\":\"Wyj\u0105tkowy projekt i najwy\u017csza jako\u015b\u0107 wykonania tworz\u0105 drapak dla kot\u00f3w idealny dla Twojego pupila. Koty uwielbiaj\u0105 nasze kartonowe drapaki. Sprawd\u017a nas!\",\"breadcrumb\":{\"@id\":\"https:\/\/www.houseofcats.pl\/en\/shop\/drapak-dla-kotow-cat-hair\/#breadcrumb\"},\"inLanguage\":\"en-US\",\"potentialAction\":[{\"@type\":\"ReadAction\",\"target\":[\"https:\/\/www.houseofcats.pl\/en\/shop\/drapak-dla-kotow-cat-hair\/\"]}]},{\"@type\":\"ImageObject\",\"inLanguage\":\"en-US\",\"@id\":\"https:\/\/www.houseofcats.pl\/en\/shop\/drapak-dla-kotow-cat-hair\/#primaryimage\",\"url\":\"https:\/\/www.houseofcats.pl\/wp-content\/uploads\/2016\/03\/thumb_12915137_1251151908245484_2018694817_o_1024-1.jpg\",\"contentUrl\":\"https:\/\/www.houseofcats.pl\/wp-content\/uploads\/2016\/03\/thumb_12915137_1251151908245484_2018694817_o_1024-1.jpg\",\"width\":882,\"height\":882},{\"@type\":\"BreadcrumbList\",\"@id\":\"https:\/\/www.houseofcats.pl\/en\/shop\/drapak-dla-kotow-cat-hair\/#breadcrumb\",\"itemListElement\":[{\"@type\":\"ListItem\",\"position\":1,\"name\":\"Strona g\u0142\u00f3wna\",\"item\":\"https:\/\/www.houseofcats.pl\/en\/\"},{\"@type\":\"ListItem\",\"position\":2,\"name\":\"Sklep\",\"item\":\"https:\/\/www.houseofcats.pl\/sklep\/\"},{\"@type\":\"ListItem\",\"position\":3,\"name\":\"Scratching post Cat Hair\"}]},{\"@type\":\"WebSite\",\"@id\":\"https:\/\/www.houseofcats.pl\/en\/#website\",\"url\":\"https:\/\/www.houseofcats.pl\/en\/\",\"name\":\"Sklep internetowy House of Cats\",\"description\":\"Drapaki dla kot\u00f3w\",\"publisher\":{\"@id\":\"https:\/\/www.houseofcats.pl\/en\/#organization\"},\"potentialAction\":[{\"@type\":\"SearchAction\",\"target\":{\"@type\":\"EntryPoint\",\"urlTemplate\":\"https:\/\/www.houseofcats.pl\/en\/?s={search_term_string}\"},\"query-input\":{\"@type\":\"PropertyValueSpecification\",\"valueRequired\":true,\"valueName\":\"search_term_string\"}}],\"inLanguage\":\"en-US\"},{\"@type\":\"Organization\",\"@id\":\"https:\/\/www.houseofcats.pl\/en\/#organization\",\"name\":\"Sklep internetowy House of Cats\",\"url\":\"https:\/\/www.houseofcats.pl\/en\/\",\"logo\":{\"@type\":\"ImageObject\",\"inLanguage\":\"en-US\",\"@id\":\"https:\/\/www.houseofcats.pl\/en\/#\/schema\/logo\/image\/\",\"url\":\"https:\/\/www.houseofcats.pl\/wp-content\/uploads\/2024\/07\/Zrzut-ekranu-2017-07-11-o-23.35.44.png\",\"contentUrl\":\"https:\/\/www.houseofcats.pl\/wp-content\/uploads\/2024\/07\/Zrzut-ekranu-2017-07-11-o-23.35.44.png\",\"width\":496,\"height\":474,\"caption\":\"Sklep internetowy House of Cats\"},\"image\":{\"@id\":\"https:\/\/www.houseofcats.pl\/en\/#\/schema\/logo\/image\/\"},\"sameAs\":[\"https:\/\/www.facebook.com\/houseofcatspl\",\"https:\/\/www.instagram.com\/houseofcats.pl\/\",\"https:\/\/www.youtube.com\/@houseofcats5403\"]}]}<\/script>\n<!-- \/ Yoast SEO plugin. -->","yoast_head_json":{"title":"Drapak dla kot\u00f3w Scratching post Cat Hair z nowoczesn\u0105 grafik\u0105 - Unikat!","description":"Wyj\u0105tkowy projekt i najwy\u017csza jako\u015b\u0107 wykonania tworz\u0105 drapak dla kot\u00f3w idealny dla Twojego pupila. Koty uwielbiaj\u0105 nasze kartonowe drapaki. Sprawd\u017a nas!","robots":{"index":"index","follow":"follow","max-snippet":"max-snippet:-1","max-image-preview":"max-image-preview:large","max-video-preview":"max-video-preview:-1"},"canonical":"https:\/\/www.houseofcats.pl\/en\/shop\/drapak-dla-kotow-cat-hair\/","og_locale":"en_US","og_type":"article","og_title":"Drapak dla kot\u00f3w Scratching post Cat Hair z nowoczesn\u0105 grafik\u0105 - Unikat!","og_description":"Wyj\u0105tkowy projekt i najwy\u017csza jako\u015b\u0107 wykonania tworz\u0105 drapak dla kot\u00f3w idealny dla Twojego pupila. Koty uwielbiaj\u0105 nasze kartonowe drapaki. Sprawd\u017a nas!","og_url":"https:\/\/www.houseofcats.pl\/en\/shop\/drapak-dla-kotow-cat-hair\/","og_site_name":"Sklep internetowy House of Cats","article_publisher":"https:\/\/www.facebook.com\/houseofcatspl","article_modified_time":"2021-03-04T12:39:26+00:00","og_image":[{"width":882,"height":882,"url":"http:\/\/www.houseofcats.pl\/wp-content\/uploads\/2016\/03\/thumb_12915137_1251151908245484_2018694817_o_1024-1.jpg","type":"image\/jpeg"}],"twitter_card":"summary_large_image","twitter_misc":{"Est. reading time":"1 minute"},"schema":{"@context":"https:\/\/schema.org","@graph":[{"@type":"WebPage","@id":"https:\/\/www.houseofcats.pl\/en\/shop\/drapak-dla-kotow-cat-hair\/","url":"https:\/\/www.houseofcats.pl\/en\/shop\/drapak-dla-kotow-cat-hair\/","name":"Drapak dla kot\u00f3w Scratching post Cat Hair z nowoczesn\u0105 grafik\u0105 - Unikat!","isPartOf":{"@id":"https:\/\/www.houseofcats.pl\/en\/#website"},"primaryImageOfPage":{"@id":"https:\/\/www.houseofcats.pl\/en\/shop\/drapak-dla-kotow-cat-hair\/#primaryimage"},"image":{"@id":"https:\/\/www.houseofcats.pl\/en\/shop\/drapak-dla-kotow-cat-hair\/#primaryimage"},"thumbnailUrl":"https:\/\/www.houseofcats.pl\/wp-content\/uploads\/2016\/03\/thumb_12915137_1251151908245484_2018694817_o_1024-1.jpg","datePublished":"2016-03-30T21:28:22+00:00","dateModified":"2021-03-04T12:39:26+00:00","description":"Wyj\u0105tkowy projekt i najwy\u017csza jako\u015b\u0107 wykonania tworz\u0105 drapak dla kot\u00f3w idealny dla Twojego pupila. Koty uwielbiaj\u0105 nasze kartonowe drapaki. Sprawd\u017a nas!","breadcrumb":{"@id":"https:\/\/www.houseofcats.pl\/en\/shop\/drapak-dla-kotow-cat-hair\/#breadcrumb"},"inLanguage":"en-US","potentialAction":[{"@type":"ReadAction","target":["https:\/\/www.houseofcats.pl\/en\/shop\/drapak-dla-kotow-cat-hair\/"]}]},{"@type":"ImageObject","inLanguage":"en-US","@id":"https:\/\/www.houseofcats.pl\/en\/shop\/drapak-dla-kotow-cat-hair\/#primaryimage","url":"https:\/\/www.houseofcats.pl\/wp-content\/uploads\/2016\/03\/thumb_12915137_1251151908245484_2018694817_o_1024-1.jpg","contentUrl":"https:\/\/www.houseofcats.pl\/wp-content\/uploads\/2016\/03\/thumb_12915137_1251151908245484_2018694817_o_1024-1.jpg","width":882,"height":882},{"@type":"BreadcrumbList","@id":"https:\/\/www.houseofcats.pl\/en\/shop\/drapak-dla-kotow-cat-hair\/#breadcrumb","itemListElement":[{"@type":"ListItem","position":1,"name":"Strona g\u0142\u00f3wna","item":"https:\/\/www.houseofcats.pl\/en\/"},{"@type":"ListItem","position":2,"name":"Sklep","item":"https:\/\/www.houseofcats.pl\/sklep\/"},{"@type":"ListItem","position":3,"name":"Scratching post Cat Hair"}]},{"@type":"WebSite","@id":"https:\/\/www.houseofcats.pl\/en\/#website","url":"https:\/\/www.houseofcats.pl\/en\/","name":"Sklep internetowy House of Cats","description":"Drapaki dla kot\u00f3w","publisher":{"@id":"https:\/\/www.houseofcats.pl\/en\/#organization"},"potentialAction":[{"@type":"SearchAction","target":{"@type":"EntryPoint","urlTemplate":"https:\/\/www.houseofcats.pl\/en\/?s={search_term_string}"},"query-input":{"@type":"PropertyValueSpecification","valueRequired":true,"valueName":"search_term_string"}}],"inLanguage":"en-US"},{"@type":"Organization","@id":"https:\/\/www.houseofcats.pl\/en\/#organization","name":"Sklep internetowy House of Cats","url":"https:\/\/www.houseofcats.pl\/en\/","logo":{"@type":"ImageObject","inLanguage":"en-US","@id":"https:\/\/www.houseofcats.pl\/en\/#\/schema\/logo\/image\/","url":"https:\/\/www.houseofcats.pl\/wp-content\/uploads\/2024\/07\/Zrzut-ekranu-2017-07-11-o-23.35.44.png","contentUrl":"https:\/\/www.houseofcats.pl\/wp-content\/uploads\/2024\/07\/Zrzut-ekranu-2017-07-11-o-23.35.44.png","width":496,"height":474,"caption":"Sklep internetowy House of Cats"},"image":{"@id":"https:\/\/www.houseofcats.pl\/en\/#\/schema\/logo\/image\/"},"sameAs":["https:\/\/www.facebook.com\/houseofcatspl","https:\/\/www.instagram.com\/houseofcats.pl\/","https:\/\/www.youtube.com\/@houseofcats5403"]}]}},"_links":{"self":[{"href":"https:\/\/www.houseofcats.pl\/en\/wp-json\/wp\/v2\/product\/4186"}],"collection":[{"href":"https:\/\/www.houseofcats.pl\/en\/wp-json\/wp\/v2\/product"}],"about":[{"href":"https:\/\/www.houseofcats.pl\/en\/wp-json\/wp\/v2\/types\/product"}],"wp:featuredmedia":[{"embeddable":true,"href":"https:\/\/www.houseofcats.pl\/en\/wp-json\/wp\/v2\/media\/4200"}],"wp:attachment":[{"href":"https:\/\/www.houseofcats.pl\/en\/wp-json\/wp\/v2\/media?parent=4186"}],"wp:term":[{"taxonomy":"product_brand","embeddable":true,"href":"https:\/\/www.houseofcats.pl\/en\/wp-json\/wp\/v2\/product_brand?post=4186"},{"taxonomy":"product_cat","embeddable":true,"href":"https:\/\/www.houseofcats.pl\/en\/wp-json\/wp\/v2\/product_cat?post=4186"},{"taxonomy":"product_tag","embeddable":true,"href":"https:\/\/www.houseofcats.pl\/en\/wp-json\/wp\/v2\/product_tag?post=4186"}],"curies":[{"name":"wp","href":"https:\/\/api.w.org\/{rel}","templated":true}]}}