{"id":4216,"date":"2016-03-30T22:19:35","date_gmt":"2016-03-30T20:19:35","guid":{"rendered":"https:\/\/www.houseofcats.pl\/sklep\/drapak-dla-kotow-cat-eco\/"},"modified":"2021-03-04T21:56:13","modified_gmt":"2021-03-04T20:56:13","slug":"drapak-dla-kotow-cat-eco","status":"publish","type":"product","link":"https:\/\/www.houseofcats.pl\/en\/shop\/drapak-dla-kotow-cat-eco\/","title":{"rendered":"Scratching post Cat Eco"},"content":{"rendered":"<p>A cat scratcher is what cats like most! In spite of appearances, it is not made for sharpening cats\u2019 claws because they are naturally sharp enough. Cats need the scratcher to clean their claws from exfoliating skin, in the meantime they have a lot of fun. The Cat Eco is a real cat\u2019s furniture.<\/p>\n<h3>It was based on a design in a truly modernist style.<\/h3>\n<p>The combination of a simple form with functionality and subdued color is a completely new edition of cat accessories. There is enough space even for large cats. What\u2019s more, ears of the structure attract attention and are the only but unique decoration.<\/p>\n<hr \/>\n<p>Size product\u00a0Cat: H 42 cm, W 39 cm, D 42 cm<\/p>\n<p>Weight 4,1 kg[<\/p>\n","protected":false},"excerpt":{"rendered":"<p>A cat scratcher is what cats like most! In spite of appearances, it is not made for sharpening cats\u2019 claws because they are naturally sharp enough. Cats need the scratcher to clean their claws from exfoliating skin, in the meantime they have a lot of fun. The Cat Eco is a real cat\u2019s furniture. It &hellip;<\/p>\n","protected":false},"featured_media":4219,"template":"","meta":{"_acf_changed":false},"product_brand":[],"product_cat":[202],"product_tag":[211,210,173,177,179,178],"class_list":{"0":"post-4216","1":"product","2":"type-product","3":"status-publish","4":"has-post-thumbnail","6":"product_cat-cat-en","7":"product_tag-budka-en","8":"product_tag-domek-dla-kota-en","9":"product_tag-drapak-en","10":"product_tag-kot-en","11":"product_tag-legowisko-en","12":"product_tag-tektura-en","14":"first","15":"instock","16":"taxable","17":"shipping-taxable","18":"purchasable","19":"product-type-simple"},"acf":[],"yoast_head":"<!-- This site is optimized with the Yoast SEO plugin v25.6 - https:\/\/yoast.com\/wordpress\/plugins\/seo\/ -->\n<title>Drapak Scratching post Cat Eco dla kot\u00f3w z indywidualn\u0105 grafik\u0105<\/title>\n<meta name=\"description\" content=\"Drapak Cat Eco zaprojektowany aby zapewni\u0107 kotom du\u017co dobrej zabawy oraz wygodne miejsce do le\u017cakowania. Drapak dla kot\u00f3w z wyj\u0105tkowym nadrukiem.\" \/>\n<meta name=\"robots\" content=\"index, follow, max-snippet:-1, max-image-preview:large, max-video-preview:-1\" \/>\n<link rel=\"canonical\" href=\"https:\/\/www.houseofcats.pl\/en\/shop\/drapak-dla-kotow-cat-eco\/\" \/>\n<meta property=\"og:locale\" content=\"en_US\" \/>\n<meta property=\"og:type\" content=\"article\" \/>\n<meta property=\"og:title\" content=\"Drapak Scratching post Cat Eco dla kot\u00f3w z indywidualn\u0105 grafik\u0105\" \/>\n<meta property=\"og:description\" content=\"Drapak Cat Eco zaprojektowany aby zapewni\u0107 kotom du\u017co dobrej zabawy oraz wygodne miejsce do le\u017cakowania. Drapak dla kot\u00f3w z wyj\u0105tkowym nadrukiem.\" \/>\n<meta property=\"og:url\" content=\"https:\/\/www.houseofcats.pl\/en\/shop\/drapak-dla-kotow-cat-eco\/\" \/>\n<meta property=\"og:site_name\" content=\"Sklep internetowy House of Cats\" \/>\n<meta property=\"article:publisher\" content=\"https:\/\/www.facebook.com\/houseofcatspl\" \/>\n<meta property=\"article:modified_time\" content=\"2021-03-04T20:56:13+00:00\" \/>\n<meta property=\"og:image\" content=\"https:\/\/www.houseofcats.pl\/wp-content\/uploads\/2016\/03\/maly-plik.jpg\" \/>\n\t<meta property=\"og:image:width\" content=\"1024\" \/>\n\t<meta property=\"og:image:height\" content=\"1024\" \/>\n\t<meta property=\"og:image:type\" content=\"image\/jpeg\" \/>\n<meta name=\"twitter:card\" content=\"summary_large_image\" \/>\n<meta name=\"twitter:label1\" content=\"Est. reading time\" \/>\n\t<meta name=\"twitter:data1\" content=\"2 minutes\" \/>\n<script type=\"application\/ld+json\" class=\"yoast-schema-graph\">{\"@context\":\"https:\/\/schema.org\",\"@graph\":[{\"@type\":\"WebPage\",\"@id\":\"https:\/\/www.houseofcats.pl\/en\/shop\/drapak-dla-kotow-cat-eco\/\",\"url\":\"https:\/\/www.houseofcats.pl\/en\/shop\/drapak-dla-kotow-cat-eco\/\",\"name\":\"Drapak Scratching post Cat Eco dla kot\u00f3w z indywidualn\u0105 grafik\u0105\",\"isPartOf\":{\"@id\":\"https:\/\/www.houseofcats.pl\/en\/#website\"},\"primaryImageOfPage\":{\"@id\":\"https:\/\/www.houseofcats.pl\/en\/shop\/drapak-dla-kotow-cat-eco\/#primaryimage\"},\"image\":{\"@id\":\"https:\/\/www.houseofcats.pl\/en\/shop\/drapak-dla-kotow-cat-eco\/#primaryimage\"},\"thumbnailUrl\":\"https:\/\/www.houseofcats.pl\/wp-content\/uploads\/2016\/03\/maly-plik.jpg\",\"datePublished\":\"2016-03-30T20:19:35+00:00\",\"dateModified\":\"2021-03-04T20:56:13+00:00\",\"description\":\"Drapak Cat Eco zaprojektowany aby zapewni\u0107 kotom du\u017co dobrej zabawy oraz wygodne miejsce do le\u017cakowania. Drapak dla kot\u00f3w z wyj\u0105tkowym nadrukiem.\",\"breadcrumb\":{\"@id\":\"https:\/\/www.houseofcats.pl\/en\/shop\/drapak-dla-kotow-cat-eco\/#breadcrumb\"},\"inLanguage\":\"en-US\",\"potentialAction\":[{\"@type\":\"ReadAction\",\"target\":[\"https:\/\/www.houseofcats.pl\/en\/shop\/drapak-dla-kotow-cat-eco\/\"]}]},{\"@type\":\"ImageObject\",\"inLanguage\":\"en-US\",\"@id\":\"https:\/\/www.houseofcats.pl\/en\/shop\/drapak-dla-kotow-cat-eco\/#primaryimage\",\"url\":\"https:\/\/www.houseofcats.pl\/wp-content\/uploads\/2016\/03\/maly-plik.jpg\",\"contentUrl\":\"https:\/\/www.houseofcats.pl\/wp-content\/uploads\/2016\/03\/maly-plik.jpg\",\"width\":1024,\"height\":1024},{\"@type\":\"BreadcrumbList\",\"@id\":\"https:\/\/www.houseofcats.pl\/en\/shop\/drapak-dla-kotow-cat-eco\/#breadcrumb\",\"itemListElement\":[{\"@type\":\"ListItem\",\"position\":1,\"name\":\"Strona g\u0142\u00f3wna\",\"item\":\"https:\/\/www.houseofcats.pl\/en\/\"},{\"@type\":\"ListItem\",\"position\":2,\"name\":\"Sklep\",\"item\":\"https:\/\/www.houseofcats.pl\/sklep\/\"},{\"@type\":\"ListItem\",\"position\":3,\"name\":\"Scratching post Cat Eco\"}]},{\"@type\":\"WebSite\",\"@id\":\"https:\/\/www.houseofcats.pl\/en\/#website\",\"url\":\"https:\/\/www.houseofcats.pl\/en\/\",\"name\":\"Sklep internetowy House of Cats\",\"description\":\"Drapaki dla kot\u00f3w\",\"publisher\":{\"@id\":\"https:\/\/www.houseofcats.pl\/en\/#organization\"},\"potentialAction\":[{\"@type\":\"SearchAction\",\"target\":{\"@type\":\"EntryPoint\",\"urlTemplate\":\"https:\/\/www.houseofcats.pl\/en\/?s={search_term_string}\"},\"query-input\":{\"@type\":\"PropertyValueSpecification\",\"valueRequired\":true,\"valueName\":\"search_term_string\"}}],\"inLanguage\":\"en-US\"},{\"@type\":\"Organization\",\"@id\":\"https:\/\/www.houseofcats.pl\/en\/#organization\",\"name\":\"Sklep internetowy House of Cats\",\"url\":\"https:\/\/www.houseofcats.pl\/en\/\",\"logo\":{\"@type\":\"ImageObject\",\"inLanguage\":\"en-US\",\"@id\":\"https:\/\/www.houseofcats.pl\/en\/#\/schema\/logo\/image\/\",\"url\":\"https:\/\/www.houseofcats.pl\/wp-content\/uploads\/2024\/07\/Zrzut-ekranu-2017-07-11-o-23.35.44.png\",\"contentUrl\":\"https:\/\/www.houseofcats.pl\/wp-content\/uploads\/2024\/07\/Zrzut-ekranu-2017-07-11-o-23.35.44.png\",\"width\":496,\"height\":474,\"caption\":\"Sklep internetowy House of Cats\"},\"image\":{\"@id\":\"https:\/\/www.houseofcats.pl\/en\/#\/schema\/logo\/image\/\"},\"sameAs\":[\"https:\/\/www.facebook.com\/houseofcatspl\",\"https:\/\/www.instagram.com\/houseofcats.pl\/\",\"https:\/\/www.youtube.com\/@houseofcats5403\"]}]}<\/script>\n<!-- \/ Yoast SEO plugin. -->","yoast_head_json":{"title":"Drapak Scratching post Cat Eco dla kot\u00f3w z indywidualn\u0105 grafik\u0105","description":"Drapak Cat Eco zaprojektowany aby zapewni\u0107 kotom du\u017co dobrej zabawy oraz wygodne miejsce do le\u017cakowania. Drapak dla kot\u00f3w z wyj\u0105tkowym nadrukiem.","robots":{"index":"index","follow":"follow","max-snippet":"max-snippet:-1","max-image-preview":"max-image-preview:large","max-video-preview":"max-video-preview:-1"},"canonical":"https:\/\/www.houseofcats.pl\/en\/shop\/drapak-dla-kotow-cat-eco\/","og_locale":"en_US","og_type":"article","og_title":"Drapak Scratching post Cat Eco dla kot\u00f3w z indywidualn\u0105 grafik\u0105","og_description":"Drapak Cat Eco zaprojektowany aby zapewni\u0107 kotom du\u017co dobrej zabawy oraz wygodne miejsce do le\u017cakowania. Drapak dla kot\u00f3w z wyj\u0105tkowym nadrukiem.","og_url":"https:\/\/www.houseofcats.pl\/en\/shop\/drapak-dla-kotow-cat-eco\/","og_site_name":"Sklep internetowy House of Cats","article_publisher":"https:\/\/www.facebook.com\/houseofcatspl","article_modified_time":"2021-03-04T20:56:13+00:00","og_image":[{"width":1024,"height":1024,"url":"https:\/\/www.houseofcats.pl\/wp-content\/uploads\/2016\/03\/maly-plik.jpg","type":"image\/jpeg"}],"twitter_card":"summary_large_image","twitter_misc":{"Est. reading time":"2 minutes"},"schema":{"@context":"https:\/\/schema.org","@graph":[{"@type":"WebPage","@id":"https:\/\/www.houseofcats.pl\/en\/shop\/drapak-dla-kotow-cat-eco\/","url":"https:\/\/www.houseofcats.pl\/en\/shop\/drapak-dla-kotow-cat-eco\/","name":"Drapak Scratching post Cat Eco dla kot\u00f3w z indywidualn\u0105 grafik\u0105","isPartOf":{"@id":"https:\/\/www.houseofcats.pl\/en\/#website"},"primaryImageOfPage":{"@id":"https:\/\/www.houseofcats.pl\/en\/shop\/drapak-dla-kotow-cat-eco\/#primaryimage"},"image":{"@id":"https:\/\/www.houseofcats.pl\/en\/shop\/drapak-dla-kotow-cat-eco\/#primaryimage"},"thumbnailUrl":"https:\/\/www.houseofcats.pl\/wp-content\/uploads\/2016\/03\/maly-plik.jpg","datePublished":"2016-03-30T20:19:35+00:00","dateModified":"2021-03-04T20:56:13+00:00","description":"Drapak Cat Eco zaprojektowany aby zapewni\u0107 kotom du\u017co dobrej zabawy oraz wygodne miejsce do le\u017cakowania. Drapak dla kot\u00f3w z wyj\u0105tkowym nadrukiem.","breadcrumb":{"@id":"https:\/\/www.houseofcats.pl\/en\/shop\/drapak-dla-kotow-cat-eco\/#breadcrumb"},"inLanguage":"en-US","potentialAction":[{"@type":"ReadAction","target":["https:\/\/www.houseofcats.pl\/en\/shop\/drapak-dla-kotow-cat-eco\/"]}]},{"@type":"ImageObject","inLanguage":"en-US","@id":"https:\/\/www.houseofcats.pl\/en\/shop\/drapak-dla-kotow-cat-eco\/#primaryimage","url":"https:\/\/www.houseofcats.pl\/wp-content\/uploads\/2016\/03\/maly-plik.jpg","contentUrl":"https:\/\/www.houseofcats.pl\/wp-content\/uploads\/2016\/03\/maly-plik.jpg","width":1024,"height":1024},{"@type":"BreadcrumbList","@id":"https:\/\/www.houseofcats.pl\/en\/shop\/drapak-dla-kotow-cat-eco\/#breadcrumb","itemListElement":[{"@type":"ListItem","position":1,"name":"Strona g\u0142\u00f3wna","item":"https:\/\/www.houseofcats.pl\/en\/"},{"@type":"ListItem","position":2,"name":"Sklep","item":"https:\/\/www.houseofcats.pl\/sklep\/"},{"@type":"ListItem","position":3,"name":"Scratching post Cat Eco"}]},{"@type":"WebSite","@id":"https:\/\/www.houseofcats.pl\/en\/#website","url":"https:\/\/www.houseofcats.pl\/en\/","name":"Sklep internetowy House of Cats","description":"Drapaki dla kot\u00f3w","publisher":{"@id":"https:\/\/www.houseofcats.pl\/en\/#organization"},"potentialAction":[{"@type":"SearchAction","target":{"@type":"EntryPoint","urlTemplate":"https:\/\/www.houseofcats.pl\/en\/?s={search_term_string}"},"query-input":{"@type":"PropertyValueSpecification","valueRequired":true,"valueName":"search_term_string"}}],"inLanguage":"en-US"},{"@type":"Organization","@id":"https:\/\/www.houseofcats.pl\/en\/#organization","name":"Sklep internetowy House of Cats","url":"https:\/\/www.houseofcats.pl\/en\/","logo":{"@type":"ImageObject","inLanguage":"en-US","@id":"https:\/\/www.houseofcats.pl\/en\/#\/schema\/logo\/image\/","url":"https:\/\/www.houseofcats.pl\/wp-content\/uploads\/2024\/07\/Zrzut-ekranu-2017-07-11-o-23.35.44.png","contentUrl":"https:\/\/www.houseofcats.pl\/wp-content\/uploads\/2024\/07\/Zrzut-ekranu-2017-07-11-o-23.35.44.png","width":496,"height":474,"caption":"Sklep internetowy House of Cats"},"image":{"@id":"https:\/\/www.houseofcats.pl\/en\/#\/schema\/logo\/image\/"},"sameAs":["https:\/\/www.facebook.com\/houseofcatspl","https:\/\/www.instagram.com\/houseofcats.pl\/","https:\/\/www.youtube.com\/@houseofcats5403"]}]}},"_links":{"self":[{"href":"https:\/\/www.houseofcats.pl\/en\/wp-json\/wp\/v2\/product\/4216"}],"collection":[{"href":"https:\/\/www.houseofcats.pl\/en\/wp-json\/wp\/v2\/product"}],"about":[{"href":"https:\/\/www.houseofcats.pl\/en\/wp-json\/wp\/v2\/types\/product"}],"wp:featuredmedia":[{"embeddable":true,"href":"https:\/\/www.houseofcats.pl\/en\/wp-json\/wp\/v2\/media\/4219"}],"wp:attachment":[{"href":"https:\/\/www.houseofcats.pl\/en\/wp-json\/wp\/v2\/media?parent=4216"}],"wp:term":[{"taxonomy":"product_brand","embeddable":true,"href":"https:\/\/www.houseofcats.pl\/en\/wp-json\/wp\/v2\/product_brand?post=4216"},{"taxonomy":"product_cat","embeddable":true,"href":"https:\/\/www.houseofcats.pl\/en\/wp-json\/wp\/v2\/product_cat?post=4216"},{"taxonomy":"product_tag","embeddable":true,"href":"https:\/\/www.houseofcats.pl\/en\/wp-json\/wp\/v2\/product_tag?post=4216"}],"curies":[{"name":"wp","href":"https:\/\/api.w.org\/{rel}","templated":true}]}}