{"id":4226,"date":"2016-03-30T21:57:58","date_gmt":"2016-03-30T19:57:58","guid":{"rendered":"https:\/\/www.houseofcats.pl\/sklep\/drapak-flat-white\/"},"modified":"2021-03-04T13:42:16","modified_gmt":"2021-03-04T12:42:16","slug":"drapak-flat-white","status":"publish","type":"product","link":"https:\/\/www.houseofcats.pl\/en\/shop\/drapak-flat-white\/","title":{"rendered":"Flat White"},"content":{"rendered":"<p>A little something for cat claws, so in other words: the Flat White. The functionality combined with the fashionable pattern refers to the contemporary design. Cats deserve unusual things, so the designers spare no effort to make the Flat White functional and of interesting appearance. A material that meets the cats\u2019 needs was used to create the cat scratcher, and it was finished with a white color at the front.<\/p>\n<h3>It is soft and pleasant to touch.<\/h3>\n<p>It is perfect for long-term scratching. A high quality material and solid workmanship make it impossible to destroy the cat scratcher even with the sharpest claws. The flattened shape and large enough size &#8211; the cat scratcher was created for all cats, regardless of whether they are big tomcats or small kittens.<\/p>\n<hr \/>\n<p>Size product Flat: H 9 cm, W 25 cm, D 42 cm<\/p>\n<p>Weight 1,4 kg<\/p>\n","protected":false},"excerpt":{"rendered":"<p>A little something for cat claws, so in other words: the Flat White. The functionality combined with the fashionable pattern refers to the contemporary design. Cats deserve unusual things, so the designers spare no effort to make the Flat White functional and of interesting appearance. A material that meets the cats\u2019 needs was used to &hellip;<\/p>\n","protected":false},"featured_media":4235,"template":"","meta":{"_acf_changed":false},"product_brand":[],"product_cat":[200],"product_tag":[173,177,179,178],"class_list":{"0":"post-4226","1":"product","2":"type-product","3":"status-publish","4":"has-post-thumbnail","6":"product_cat-flat-en","7":"product_tag-drapak-en","8":"product_tag-kot-en","9":"product_tag-legowisko-en","10":"product_tag-tektura-en","12":"first","13":"instock","14":"taxable","15":"shipping-taxable","16":"purchasable","17":"product-type-simple"},"acf":[],"yoast_head":"<!-- This site is optimized with the Yoast SEO plugin v25.6 - https:\/\/yoast.com\/wordpress\/plugins\/seo\/ -->\n<title>Drapak Flat White - szcz\u0119\u015bliwy i zadowolony kociak<\/title>\n<meta name=\"description\" content=\"Co nieco dla kocich pazurk\u00f3w, czyli drapak Flat. Funkcjonalno\u015b\u0107 po\u0142\u0105czona z modnym wzorem, kt\u00f3ry nawi\u0105zuje do wsp\u00f3\u0142czesnego designu.\" \/>\n<meta name=\"robots\" content=\"index, follow, max-snippet:-1, max-image-preview:large, max-video-preview:-1\" \/>\n<link rel=\"canonical\" href=\"https:\/\/www.houseofcats.pl\/en\/shop\/drapak-flat-white\/\" \/>\n<meta property=\"og:locale\" content=\"en_US\" \/>\n<meta property=\"og:type\" content=\"article\" \/>\n<meta property=\"og:title\" content=\"Drapak Flat White - szcz\u0119\u015bliwy i zadowolony kociak\" \/>\n<meta property=\"og:description\" content=\"Co nieco dla kocich pazurk\u00f3w, czyli drapak Flat. Funkcjonalno\u015b\u0107 po\u0142\u0105czona z modnym wzorem, kt\u00f3ry nawi\u0105zuje do wsp\u00f3\u0142czesnego designu.\" \/>\n<meta property=\"og:url\" content=\"https:\/\/www.houseofcats.pl\/en\/shop\/drapak-flat-white\/\" \/>\n<meta property=\"og:site_name\" content=\"Sklep internetowy House of Cats\" \/>\n<meta property=\"article:publisher\" content=\"https:\/\/www.facebook.com\/houseofcatspl\" \/>\n<meta property=\"article:modified_time\" content=\"2021-03-04T12:42:16+00:00\" \/>\n<meta property=\"og:image\" content=\"http:\/\/www.houseofcats.pl\/wp-content\/uploads\/2016\/03\/dobranoc.jpg\" \/>\n\t<meta property=\"og:image:width\" content=\"777\" \/>\n\t<meta property=\"og:image:height\" content=\"772\" \/>\n\t<meta property=\"og:image:type\" content=\"image\/jpeg\" \/>\n<meta name=\"twitter:card\" content=\"summary_large_image\" \/>\n<meta name=\"twitter:label1\" content=\"Est. reading time\" \/>\n\t<meta name=\"twitter:data1\" content=\"1 minute\" \/>\n<script type=\"application\/ld+json\" class=\"yoast-schema-graph\">{\"@context\":\"https:\/\/schema.org\",\"@graph\":[{\"@type\":\"WebPage\",\"@id\":\"https:\/\/www.houseofcats.pl\/en\/shop\/drapak-flat-white\/\",\"url\":\"https:\/\/www.houseofcats.pl\/en\/shop\/drapak-flat-white\/\",\"name\":\"Drapak Flat White - szcz\u0119\u015bliwy i zadowolony kociak\",\"isPartOf\":{\"@id\":\"https:\/\/www.houseofcats.pl\/en\/#website\"},\"primaryImageOfPage\":{\"@id\":\"https:\/\/www.houseofcats.pl\/en\/shop\/drapak-flat-white\/#primaryimage\"},\"image\":{\"@id\":\"https:\/\/www.houseofcats.pl\/en\/shop\/drapak-flat-white\/#primaryimage\"},\"thumbnailUrl\":\"https:\/\/www.houseofcats.pl\/wp-content\/uploads\/2016\/03\/dobranoc.jpg\",\"datePublished\":\"2016-03-30T19:57:58+00:00\",\"dateModified\":\"2021-03-04T12:42:16+00:00\",\"description\":\"Co nieco dla kocich pazurk\u00f3w, czyli drapak Flat. Funkcjonalno\u015b\u0107 po\u0142\u0105czona z modnym wzorem, kt\u00f3ry nawi\u0105zuje do wsp\u00f3\u0142czesnego designu.\",\"breadcrumb\":{\"@id\":\"https:\/\/www.houseofcats.pl\/en\/shop\/drapak-flat-white\/#breadcrumb\"},\"inLanguage\":\"en-US\",\"potentialAction\":[{\"@type\":\"ReadAction\",\"target\":[\"https:\/\/www.houseofcats.pl\/en\/shop\/drapak-flat-white\/\"]}]},{\"@type\":\"ImageObject\",\"inLanguage\":\"en-US\",\"@id\":\"https:\/\/www.houseofcats.pl\/en\/shop\/drapak-flat-white\/#primaryimage\",\"url\":\"https:\/\/www.houseofcats.pl\/wp-content\/uploads\/2016\/03\/dobranoc.jpg\",\"contentUrl\":\"https:\/\/www.houseofcats.pl\/wp-content\/uploads\/2016\/03\/dobranoc.jpg\",\"width\":777,\"height\":772},{\"@type\":\"BreadcrumbList\",\"@id\":\"https:\/\/www.houseofcats.pl\/en\/shop\/drapak-flat-white\/#breadcrumb\",\"itemListElement\":[{\"@type\":\"ListItem\",\"position\":1,\"name\":\"Strona g\u0142\u00f3wna\",\"item\":\"https:\/\/www.houseofcats.pl\/en\/\"},{\"@type\":\"ListItem\",\"position\":2,\"name\":\"Sklep\",\"item\":\"https:\/\/www.houseofcats.pl\/sklep\/\"},{\"@type\":\"ListItem\",\"position\":3,\"name\":\"Flat White\"}]},{\"@type\":\"WebSite\",\"@id\":\"https:\/\/www.houseofcats.pl\/en\/#website\",\"url\":\"https:\/\/www.houseofcats.pl\/en\/\",\"name\":\"Sklep internetowy House of Cats\",\"description\":\"Drapaki dla kot\u00f3w\",\"publisher\":{\"@id\":\"https:\/\/www.houseofcats.pl\/en\/#organization\"},\"potentialAction\":[{\"@type\":\"SearchAction\",\"target\":{\"@type\":\"EntryPoint\",\"urlTemplate\":\"https:\/\/www.houseofcats.pl\/en\/?s={search_term_string}\"},\"query-input\":{\"@type\":\"PropertyValueSpecification\",\"valueRequired\":true,\"valueName\":\"search_term_string\"}}],\"inLanguage\":\"en-US\"},{\"@type\":\"Organization\",\"@id\":\"https:\/\/www.houseofcats.pl\/en\/#organization\",\"name\":\"Sklep internetowy House of Cats\",\"url\":\"https:\/\/www.houseofcats.pl\/en\/\",\"logo\":{\"@type\":\"ImageObject\",\"inLanguage\":\"en-US\",\"@id\":\"https:\/\/www.houseofcats.pl\/en\/#\/schema\/logo\/image\/\",\"url\":\"https:\/\/www.houseofcats.pl\/wp-content\/uploads\/2024\/07\/Zrzut-ekranu-2017-07-11-o-23.35.44.png\",\"contentUrl\":\"https:\/\/www.houseofcats.pl\/wp-content\/uploads\/2024\/07\/Zrzut-ekranu-2017-07-11-o-23.35.44.png\",\"width\":496,\"height\":474,\"caption\":\"Sklep internetowy House of Cats\"},\"image\":{\"@id\":\"https:\/\/www.houseofcats.pl\/en\/#\/schema\/logo\/image\/\"},\"sameAs\":[\"https:\/\/www.facebook.com\/houseofcatspl\",\"https:\/\/www.instagram.com\/houseofcats.pl\/\",\"https:\/\/www.youtube.com\/@houseofcats5403\"]}]}<\/script>\n<!-- \/ Yoast SEO plugin. -->","yoast_head_json":{"title":"Drapak Flat White - szcz\u0119\u015bliwy i zadowolony kociak","description":"Co nieco dla kocich pazurk\u00f3w, czyli drapak Flat. Funkcjonalno\u015b\u0107 po\u0142\u0105czona z modnym wzorem, kt\u00f3ry nawi\u0105zuje do wsp\u00f3\u0142czesnego designu.","robots":{"index":"index","follow":"follow","max-snippet":"max-snippet:-1","max-image-preview":"max-image-preview:large","max-video-preview":"max-video-preview:-1"},"canonical":"https:\/\/www.houseofcats.pl\/en\/shop\/drapak-flat-white\/","og_locale":"en_US","og_type":"article","og_title":"Drapak Flat White - szcz\u0119\u015bliwy i zadowolony kociak","og_description":"Co nieco dla kocich pazurk\u00f3w, czyli drapak Flat. Funkcjonalno\u015b\u0107 po\u0142\u0105czona z modnym wzorem, kt\u00f3ry nawi\u0105zuje do wsp\u00f3\u0142czesnego designu.","og_url":"https:\/\/www.houseofcats.pl\/en\/shop\/drapak-flat-white\/","og_site_name":"Sklep internetowy House of Cats","article_publisher":"https:\/\/www.facebook.com\/houseofcatspl","article_modified_time":"2021-03-04T12:42:16+00:00","og_image":[{"width":777,"height":772,"url":"http:\/\/www.houseofcats.pl\/wp-content\/uploads\/2016\/03\/dobranoc.jpg","type":"image\/jpeg"}],"twitter_card":"summary_large_image","twitter_misc":{"Est. reading time":"1 minute"},"schema":{"@context":"https:\/\/schema.org","@graph":[{"@type":"WebPage","@id":"https:\/\/www.houseofcats.pl\/en\/shop\/drapak-flat-white\/","url":"https:\/\/www.houseofcats.pl\/en\/shop\/drapak-flat-white\/","name":"Drapak Flat White - szcz\u0119\u015bliwy i zadowolony kociak","isPartOf":{"@id":"https:\/\/www.houseofcats.pl\/en\/#website"},"primaryImageOfPage":{"@id":"https:\/\/www.houseofcats.pl\/en\/shop\/drapak-flat-white\/#primaryimage"},"image":{"@id":"https:\/\/www.houseofcats.pl\/en\/shop\/drapak-flat-white\/#primaryimage"},"thumbnailUrl":"https:\/\/www.houseofcats.pl\/wp-content\/uploads\/2016\/03\/dobranoc.jpg","datePublished":"2016-03-30T19:57:58+00:00","dateModified":"2021-03-04T12:42:16+00:00","description":"Co nieco dla kocich pazurk\u00f3w, czyli drapak Flat. Funkcjonalno\u015b\u0107 po\u0142\u0105czona z modnym wzorem, kt\u00f3ry nawi\u0105zuje do wsp\u00f3\u0142czesnego designu.","breadcrumb":{"@id":"https:\/\/www.houseofcats.pl\/en\/shop\/drapak-flat-white\/#breadcrumb"},"inLanguage":"en-US","potentialAction":[{"@type":"ReadAction","target":["https:\/\/www.houseofcats.pl\/en\/shop\/drapak-flat-white\/"]}]},{"@type":"ImageObject","inLanguage":"en-US","@id":"https:\/\/www.houseofcats.pl\/en\/shop\/drapak-flat-white\/#primaryimage","url":"https:\/\/www.houseofcats.pl\/wp-content\/uploads\/2016\/03\/dobranoc.jpg","contentUrl":"https:\/\/www.houseofcats.pl\/wp-content\/uploads\/2016\/03\/dobranoc.jpg","width":777,"height":772},{"@type":"BreadcrumbList","@id":"https:\/\/www.houseofcats.pl\/en\/shop\/drapak-flat-white\/#breadcrumb","itemListElement":[{"@type":"ListItem","position":1,"name":"Strona g\u0142\u00f3wna","item":"https:\/\/www.houseofcats.pl\/en\/"},{"@type":"ListItem","position":2,"name":"Sklep","item":"https:\/\/www.houseofcats.pl\/sklep\/"},{"@type":"ListItem","position":3,"name":"Flat White"}]},{"@type":"WebSite","@id":"https:\/\/www.houseofcats.pl\/en\/#website","url":"https:\/\/www.houseofcats.pl\/en\/","name":"Sklep internetowy House of Cats","description":"Drapaki dla kot\u00f3w","publisher":{"@id":"https:\/\/www.houseofcats.pl\/en\/#organization"},"potentialAction":[{"@type":"SearchAction","target":{"@type":"EntryPoint","urlTemplate":"https:\/\/www.houseofcats.pl\/en\/?s={search_term_string}"},"query-input":{"@type":"PropertyValueSpecification","valueRequired":true,"valueName":"search_term_string"}}],"inLanguage":"en-US"},{"@type":"Organization","@id":"https:\/\/www.houseofcats.pl\/en\/#organization","name":"Sklep internetowy House of Cats","url":"https:\/\/www.houseofcats.pl\/en\/","logo":{"@type":"ImageObject","inLanguage":"en-US","@id":"https:\/\/www.houseofcats.pl\/en\/#\/schema\/logo\/image\/","url":"https:\/\/www.houseofcats.pl\/wp-content\/uploads\/2024\/07\/Zrzut-ekranu-2017-07-11-o-23.35.44.png","contentUrl":"https:\/\/www.houseofcats.pl\/wp-content\/uploads\/2024\/07\/Zrzut-ekranu-2017-07-11-o-23.35.44.png","width":496,"height":474,"caption":"Sklep internetowy House of Cats"},"image":{"@id":"https:\/\/www.houseofcats.pl\/en\/#\/schema\/logo\/image\/"},"sameAs":["https:\/\/www.facebook.com\/houseofcatspl","https:\/\/www.instagram.com\/houseofcats.pl\/","https:\/\/www.youtube.com\/@houseofcats5403"]}]}},"_links":{"self":[{"href":"https:\/\/www.houseofcats.pl\/en\/wp-json\/wp\/v2\/product\/4226"}],"collection":[{"href":"https:\/\/www.houseofcats.pl\/en\/wp-json\/wp\/v2\/product"}],"about":[{"href":"https:\/\/www.houseofcats.pl\/en\/wp-json\/wp\/v2\/types\/product"}],"wp:featuredmedia":[{"embeddable":true,"href":"https:\/\/www.houseofcats.pl\/en\/wp-json\/wp\/v2\/media\/4235"}],"wp:attachment":[{"href":"https:\/\/www.houseofcats.pl\/en\/wp-json\/wp\/v2\/media?parent=4226"}],"wp:term":[{"taxonomy":"product_brand","embeddable":true,"href":"https:\/\/www.houseofcats.pl\/en\/wp-json\/wp\/v2\/product_brand?post=4226"},{"taxonomy":"product_cat","embeddable":true,"href":"https:\/\/www.houseofcats.pl\/en\/wp-json\/wp\/v2\/product_cat?post=4226"},{"taxonomy":"product_tag","embeddable":true,"href":"https:\/\/www.houseofcats.pl\/en\/wp-json\/wp\/v2\/product_tag?post=4226"}],"curies":[{"name":"wp","href":"https:\/\/api.w.org\/{rel}","templated":true}]}}