{"id":532,"date":"2016-11-03T09:11:16","date_gmt":"2016-11-03T08:11:16","guid":{"rendered":"https:\/\/www.houseofcats.pl\/?post_type=product&#038;p=532"},"modified":"2025-10-28T12:50:05","modified_gmt":"2025-10-28T11:50:05","slug":"welle-christmas-i","status":"publish","type":"product","link":"https:\/\/www.houseofcats.pl\/en\/sklep\/welle-christmas-i\/","title":{"rendered":"Drapak dla kota Welle Christmas I"},"content":{"rendered":"<p>Dla du\u017cego i ma\u0142ego kotka, dla spokojnego i zwariowanego kocurka, dla ka\u017cdego kociego przyjaciela, kt\u00f3ry ceni sobie dobr\u0105 zabaw\u0119 i leniwy odpoczynek. To jego miejsce, gdzie sp\u0119dza d\u0142ugie poranki i aktywne popo\u0142udnia. Drapak dla kota wyr\u00f3\u017cnia si\u0119 prost\u0105 form\u0105 i \u015bwi\u0105teczna grafik\u0105 na przodzie.<\/p>\n<h3>Drapak dla kota \u2013 stworzony na miar\u0119!<\/h3>\n<p>P\u0142aski kszta\u0142t zosta\u0142 przystosowany do potrzeb kota, kt\u00f3ry ca\u0142ymi dniami mo\u017ce wyci\u0105ga\u0107 sw\u00f3j koci grzbiet, w mi\u0119dzyczasie t\u0119pi\u0105c sobie pazurki. Zadbano r\u00f3wnie\u017c o wygl\u0105d tego kociego mebelka. Prosty i elegancki, czyli na pewno dobrze wkomponuje si\u0119 w nowoczesne wn\u0119trze.<\/p>\n<hr \/>\n<p>Wymiary drapaka Welle: G\u0142: 27 cm, Sz: 55 cm, W: 8 cm<\/p>\n<p>Waga 1,4 kg<\/p>\n","protected":false},"excerpt":{"rendered":"<p>Dla du\u017cego i ma\u0142ego kotka, dla spokojnego i zwariowanego kocurka, dla ka\u017cdego kociego przyjaciela, kt\u00f3ry ceni sobie dobr\u0105 zabaw\u0119 i leniwy odpoczynek. To jego miejsce, gdzie sp\u0119dza d\u0142ugie poranki i aktywne popo\u0142udnia. Drapak dla kota wyr\u00f3\u017cnia si\u0119 prost\u0105 form\u0105 i \u015bwi\u0105teczna grafik\u0105 na przodzie.<\/p>\n<p>Wysy\u0142ka w 24h<br \/>\nKoszt dostawy \u2013 17 z\u0142<br \/>\nDarmowa wysy\u0142ka od 350 z\u0142<\/p>\n","protected":false},"featured_media":594,"template":"","meta":{"_acf_changed":false},"product_brand":[],"product_cat":[66],"product_tag":[19,34,20,70,68,43],"class_list":{"0":"post-532","1":"product","2":"type-product","3":"status-publish","4":"has-post-thumbnail","6":"product_cat-welle","7":"product_tag-drapak","8":"product_tag-drapak-dla-kotow","9":"product_tag-kot","10":"product_tag-prezent","11":"product_tag-swieta","12":"product_tag-tektura","14":"first","15":"instock","16":"taxable","17":"shipping-taxable","18":"purchasable","19":"product-type-simple"},"acf":[],"yoast_head":"<!-- This site is optimized with the Yoast SEO plugin v25.6 - https:\/\/yoast.com\/wordpress\/plugins\/seo\/ -->\n<title>Drapak tekturowy dla kota \u2013 Welle Christmas<\/title>\n<meta name=\"description\" content=\"Co\u015b o czym marzy Tw\u00f3j kot, czyli osobisty prezent pod choink\u0119, kt\u00f3ry z pewno\u015bci\u0105 sprawi mu du\u017co rado\u015bci, ale ochroni te\u017c Twoje meble.\" \/>\n<meta name=\"robots\" content=\"index, follow, max-snippet:-1, max-image-preview:large, max-video-preview:-1\" \/>\n<link rel=\"canonical\" href=\"https:\/\/www.houseofcats.pl\/en\/sklep\/welle-christmas-i\/\" \/>\n<meta property=\"og:locale\" content=\"en_US\" \/>\n<meta property=\"og:type\" content=\"article\" \/>\n<meta property=\"og:title\" content=\"Drapak tekturowy dla kota \u2013 Welle Christmas\" \/>\n<meta property=\"og:description\" content=\"Co\u015b o czym marzy Tw\u00f3j kot, czyli osobisty prezent pod choink\u0119, kt\u00f3ry z pewno\u015bci\u0105 sprawi mu du\u017co rado\u015bci, ale ochroni te\u017c Twoje meble.\" \/>\n<meta property=\"og:url\" content=\"https:\/\/www.houseofcats.pl\/en\/sklep\/welle-christmas-i\/\" \/>\n<meta property=\"og:site_name\" content=\"Sklep internetowy House of Cats\" \/>\n<meta property=\"article:publisher\" content=\"https:\/\/www.facebook.com\/houseofcatspl\" \/>\n<meta property=\"article:modified_time\" content=\"2025-10-28T11:50:05+00:00\" \/>\n<meta property=\"og:image\" content=\"https:\/\/www.houseofcats.pl\/wp-content\/uploads\/2016\/11\/welle-christmas-I-3.jpg\" \/>\n\t<meta property=\"og:image:width\" content=\"768\" \/>\n\t<meta property=\"og:image:height\" content=\"768\" \/>\n\t<meta property=\"og:image:type\" content=\"image\/jpeg\" \/>\n<meta name=\"twitter:card\" content=\"summary_large_image\" \/>\n<meta name=\"twitter:label1\" content=\"Est. reading time\" \/>\n\t<meta name=\"twitter:data1\" content=\"1 minute\" \/>\n<script type=\"application\/ld+json\" class=\"yoast-schema-graph\">{\"@context\":\"https:\/\/schema.org\",\"@graph\":[{\"@type\":\"WebPage\",\"@id\":\"https:\/\/www.houseofcats.pl\/en\/sklep\/welle-christmas-i\/\",\"url\":\"https:\/\/www.houseofcats.pl\/en\/sklep\/welle-christmas-i\/\",\"name\":\"Drapak tekturowy dla kota \u2013 Welle Christmas\",\"isPartOf\":{\"@id\":\"https:\/\/www.houseofcats.pl\/en\/#website\"},\"primaryImageOfPage\":{\"@id\":\"https:\/\/www.houseofcats.pl\/en\/sklep\/welle-christmas-i\/#primaryimage\"},\"image\":{\"@id\":\"https:\/\/www.houseofcats.pl\/en\/sklep\/welle-christmas-i\/#primaryimage\"},\"thumbnailUrl\":\"https:\/\/www.houseofcats.pl\/wp-content\/uploads\/2016\/11\/welle-christmas-I-3.jpg\",\"datePublished\":\"2016-11-03T08:11:16+00:00\",\"dateModified\":\"2025-10-28T11:50:05+00:00\",\"description\":\"Co\u015b o czym marzy Tw\u00f3j kot, czyli osobisty prezent pod choink\u0119, kt\u00f3ry z pewno\u015bci\u0105 sprawi mu du\u017co rado\u015bci, ale ochroni te\u017c Twoje meble.\",\"breadcrumb\":{\"@id\":\"https:\/\/www.houseofcats.pl\/en\/sklep\/welle-christmas-i\/#breadcrumb\"},\"inLanguage\":\"en-US\",\"potentialAction\":[{\"@type\":\"ReadAction\",\"target\":[\"https:\/\/www.houseofcats.pl\/en\/sklep\/welle-christmas-i\/\"]}]},{\"@type\":\"ImageObject\",\"inLanguage\":\"en-US\",\"@id\":\"https:\/\/www.houseofcats.pl\/en\/sklep\/welle-christmas-i\/#primaryimage\",\"url\":\"https:\/\/www.houseofcats.pl\/wp-content\/uploads\/2016\/11\/welle-christmas-I-3.jpg\",\"contentUrl\":\"https:\/\/www.houseofcats.pl\/wp-content\/uploads\/2016\/11\/welle-christmas-I-3.jpg\",\"width\":768,\"height\":768},{\"@type\":\"BreadcrumbList\",\"@id\":\"https:\/\/www.houseofcats.pl\/en\/sklep\/welle-christmas-i\/#breadcrumb\",\"itemListElement\":[{\"@type\":\"ListItem\",\"position\":1,\"name\":\"Strona g\u0142\u00f3wna\",\"item\":\"https:\/\/www.houseofcats.pl\/en\/\"},{\"@type\":\"ListItem\",\"position\":2,\"name\":\"Sklep\",\"item\":\"https:\/\/www.houseofcats.pl\/sklep\/\"},{\"@type\":\"ListItem\",\"position\":3,\"name\":\"Drapak dla kota Welle Christmas I\"}]},{\"@type\":\"WebSite\",\"@id\":\"https:\/\/www.houseofcats.pl\/en\/#website\",\"url\":\"https:\/\/www.houseofcats.pl\/en\/\",\"name\":\"Sklep internetowy House of Cats\",\"description\":\"Drapaki dla kot\u00f3w\",\"publisher\":{\"@id\":\"https:\/\/www.houseofcats.pl\/en\/#organization\"},\"potentialAction\":[{\"@type\":\"SearchAction\",\"target\":{\"@type\":\"EntryPoint\",\"urlTemplate\":\"https:\/\/www.houseofcats.pl\/en\/?s={search_term_string}\"},\"query-input\":{\"@type\":\"PropertyValueSpecification\",\"valueRequired\":true,\"valueName\":\"search_term_string\"}}],\"inLanguage\":\"en-US\"},{\"@type\":\"Organization\",\"@id\":\"https:\/\/www.houseofcats.pl\/en\/#organization\",\"name\":\"Sklep internetowy House of Cats\",\"url\":\"https:\/\/www.houseofcats.pl\/en\/\",\"logo\":{\"@type\":\"ImageObject\",\"inLanguage\":\"en-US\",\"@id\":\"https:\/\/www.houseofcats.pl\/en\/#\/schema\/logo\/image\/\",\"url\":\"https:\/\/www.houseofcats.pl\/wp-content\/uploads\/2024\/07\/Zrzut-ekranu-2017-07-11-o-23.35.44.png\",\"contentUrl\":\"https:\/\/www.houseofcats.pl\/wp-content\/uploads\/2024\/07\/Zrzut-ekranu-2017-07-11-o-23.35.44.png\",\"width\":496,\"height\":474,\"caption\":\"Sklep internetowy House of Cats\"},\"image\":{\"@id\":\"https:\/\/www.houseofcats.pl\/en\/#\/schema\/logo\/image\/\"},\"sameAs\":[\"https:\/\/www.facebook.com\/houseofcatspl\",\"https:\/\/www.instagram.com\/houseofcats.pl\/\",\"https:\/\/www.youtube.com\/@houseofcats5403\"]}]}<\/script>\n<!-- \/ Yoast SEO plugin. -->","yoast_head_json":{"title":"Drapak tekturowy dla kota \u2013 Welle Christmas","description":"Co\u015b o czym marzy Tw\u00f3j kot, czyli osobisty prezent pod choink\u0119, kt\u00f3ry z pewno\u015bci\u0105 sprawi mu du\u017co rado\u015bci, ale ochroni te\u017c Twoje meble.","robots":{"index":"index","follow":"follow","max-snippet":"max-snippet:-1","max-image-preview":"max-image-preview:large","max-video-preview":"max-video-preview:-1"},"canonical":"https:\/\/www.houseofcats.pl\/en\/sklep\/welle-christmas-i\/","og_locale":"en_US","og_type":"article","og_title":"Drapak tekturowy dla kota \u2013 Welle Christmas","og_description":"Co\u015b o czym marzy Tw\u00f3j kot, czyli osobisty prezent pod choink\u0119, kt\u00f3ry z pewno\u015bci\u0105 sprawi mu du\u017co rado\u015bci, ale ochroni te\u017c Twoje meble.","og_url":"https:\/\/www.houseofcats.pl\/en\/sklep\/welle-christmas-i\/","og_site_name":"Sklep internetowy House of Cats","article_publisher":"https:\/\/www.facebook.com\/houseofcatspl","article_modified_time":"2025-10-28T11:50:05+00:00","og_image":[{"width":768,"height":768,"url":"https:\/\/www.houseofcats.pl\/wp-content\/uploads\/2016\/11\/welle-christmas-I-3.jpg","type":"image\/jpeg"}],"twitter_card":"summary_large_image","twitter_misc":{"Est. reading time":"1 minute"},"schema":{"@context":"https:\/\/schema.org","@graph":[{"@type":"WebPage","@id":"https:\/\/www.houseofcats.pl\/en\/sklep\/welle-christmas-i\/","url":"https:\/\/www.houseofcats.pl\/en\/sklep\/welle-christmas-i\/","name":"Drapak tekturowy dla kota \u2013 Welle Christmas","isPartOf":{"@id":"https:\/\/www.houseofcats.pl\/en\/#website"},"primaryImageOfPage":{"@id":"https:\/\/www.houseofcats.pl\/en\/sklep\/welle-christmas-i\/#primaryimage"},"image":{"@id":"https:\/\/www.houseofcats.pl\/en\/sklep\/welle-christmas-i\/#primaryimage"},"thumbnailUrl":"https:\/\/www.houseofcats.pl\/wp-content\/uploads\/2016\/11\/welle-christmas-I-3.jpg","datePublished":"2016-11-03T08:11:16+00:00","dateModified":"2025-10-28T11:50:05+00:00","description":"Co\u015b o czym marzy Tw\u00f3j kot, czyli osobisty prezent pod choink\u0119, kt\u00f3ry z pewno\u015bci\u0105 sprawi mu du\u017co rado\u015bci, ale ochroni te\u017c Twoje meble.","breadcrumb":{"@id":"https:\/\/www.houseofcats.pl\/en\/sklep\/welle-christmas-i\/#breadcrumb"},"inLanguage":"en-US","potentialAction":[{"@type":"ReadAction","target":["https:\/\/www.houseofcats.pl\/en\/sklep\/welle-christmas-i\/"]}]},{"@type":"ImageObject","inLanguage":"en-US","@id":"https:\/\/www.houseofcats.pl\/en\/sklep\/welle-christmas-i\/#primaryimage","url":"https:\/\/www.houseofcats.pl\/wp-content\/uploads\/2016\/11\/welle-christmas-I-3.jpg","contentUrl":"https:\/\/www.houseofcats.pl\/wp-content\/uploads\/2016\/11\/welle-christmas-I-3.jpg","width":768,"height":768},{"@type":"BreadcrumbList","@id":"https:\/\/www.houseofcats.pl\/en\/sklep\/welle-christmas-i\/#breadcrumb","itemListElement":[{"@type":"ListItem","position":1,"name":"Strona g\u0142\u00f3wna","item":"https:\/\/www.houseofcats.pl\/en\/"},{"@type":"ListItem","position":2,"name":"Sklep","item":"https:\/\/www.houseofcats.pl\/sklep\/"},{"@type":"ListItem","position":3,"name":"Drapak dla kota Welle Christmas I"}]},{"@type":"WebSite","@id":"https:\/\/www.houseofcats.pl\/en\/#website","url":"https:\/\/www.houseofcats.pl\/en\/","name":"Sklep internetowy House of Cats","description":"Drapaki dla kot\u00f3w","publisher":{"@id":"https:\/\/www.houseofcats.pl\/en\/#organization"},"potentialAction":[{"@type":"SearchAction","target":{"@type":"EntryPoint","urlTemplate":"https:\/\/www.houseofcats.pl\/en\/?s={search_term_string}"},"query-input":{"@type":"PropertyValueSpecification","valueRequired":true,"valueName":"search_term_string"}}],"inLanguage":"en-US"},{"@type":"Organization","@id":"https:\/\/www.houseofcats.pl\/en\/#organization","name":"Sklep internetowy House of Cats","url":"https:\/\/www.houseofcats.pl\/en\/","logo":{"@type":"ImageObject","inLanguage":"en-US","@id":"https:\/\/www.houseofcats.pl\/en\/#\/schema\/logo\/image\/","url":"https:\/\/www.houseofcats.pl\/wp-content\/uploads\/2024\/07\/Zrzut-ekranu-2017-07-11-o-23.35.44.png","contentUrl":"https:\/\/www.houseofcats.pl\/wp-content\/uploads\/2024\/07\/Zrzut-ekranu-2017-07-11-o-23.35.44.png","width":496,"height":474,"caption":"Sklep internetowy House of Cats"},"image":{"@id":"https:\/\/www.houseofcats.pl\/en\/#\/schema\/logo\/image\/"},"sameAs":["https:\/\/www.facebook.com\/houseofcatspl","https:\/\/www.instagram.com\/houseofcats.pl\/","https:\/\/www.youtube.com\/@houseofcats5403"]}]}},"_links":{"self":[{"href":"https:\/\/www.houseofcats.pl\/en\/wp-json\/wp\/v2\/product\/532"}],"collection":[{"href":"https:\/\/www.houseofcats.pl\/en\/wp-json\/wp\/v2\/product"}],"about":[{"href":"https:\/\/www.houseofcats.pl\/en\/wp-json\/wp\/v2\/types\/product"}],"wp:featuredmedia":[{"embeddable":true,"href":"https:\/\/www.houseofcats.pl\/en\/wp-json\/wp\/v2\/media\/594"}],"wp:attachment":[{"href":"https:\/\/www.houseofcats.pl\/en\/wp-json\/wp\/v2\/media?parent=532"}],"wp:term":[{"taxonomy":"product_brand","embeddable":true,"href":"https:\/\/www.houseofcats.pl\/en\/wp-json\/wp\/v2\/product_brand?post=532"},{"taxonomy":"product_cat","embeddable":true,"href":"https:\/\/www.houseofcats.pl\/en\/wp-json\/wp\/v2\/product_cat?post=532"},{"taxonomy":"product_tag","embeddable":true,"href":"https:\/\/www.houseofcats.pl\/en\/wp-json\/wp\/v2\/product_tag?post=532"}],"curies":[{"name":"wp","href":"https:\/\/api.w.org\/{rel}","templated":true}]}}