{"id":569,"date":"2016-11-03T09:20:29","date_gmt":"2016-11-03T08:20:29","guid":{"rendered":"https:\/\/www.houseofcats.pl\/?post_type=product&#038;p=569"},"modified":"2025-10-28T12:49:46","modified_gmt":"2025-10-28T11:49:46","slug":"welle","status":"publish","type":"product","link":"https:\/\/www.houseofcats.pl\/en\/sklep\/welle\/","title":{"rendered":"Drapak dla kota Welle Christmas II"},"content":{"rendered":"<p>Drapak Welle, czyli \u00a0prosty, ciep\u0142y i wygodny drapak. \u00a0S\u0142u\u017cy przede wszystkim do drapania i oczyszczania pazurk\u00f3w ze z\u0142uszczaj\u0105cego si\u0119 nask\u00f3rka, jednak daje te\u017c mo\u017cliwo\u015b\u0107 zabawy, kt\u00f3r\u0105 Tw\u00f3j ma\u0142y zwierzak na pewno wykorzysta.<\/p>\n<h3>Prosty i wygodny!<\/h3>\n<p>Wielko\u015b\u0107 i prosty kszta\u0142t drapaka pozwala na wyci\u0105ganie si\u0119 bez \u017cadnych ogranicze\u0144. Kocia gimnastyka na drapaku Welle na pewno zachwyci ka\u017cdego mruczka. \u015awi\u0105teczna ods\u0142ona drapaka zapewni mi\u0142y akcent w tym wyj\u0105tkowym czasie.<\/p>\n<hr \/>\n<p>Wymiary drapaka Welle: G\u0142: 27 cm, Sz: 55 cm, W: 8 cm<\/p>\n<p>Waga 1,4 kg<\/p>\n","protected":false},"excerpt":{"rendered":"<p>Drapak Welle, czyli \u00a0prosty, ciep\u0142y i wygodny drapak. \u00a0S\u0142u\u017cy przede wszystkim do drapania i oczyszczania pazurk\u00f3w ze z\u0142uszczaj\u0105cego si\u0119 nask\u00f3rka, jednak daje te\u017c mo\u017cliwo\u015b\u0107 zabawy, kt\u00f3r\u0105 Tw\u00f3j ma\u0142y zwierzak na pewno wykorzysta.<\/p>\n<p>Wysy\u0142ka w 24h<br \/>\nKoszt dostawy \u2013 17 z\u0142<br \/>\nDarmowa wysy\u0142ka od 350 z\u0142<\/p>\n","protected":false},"featured_media":3241,"template":"","meta":{"_acf_changed":false},"product_brand":[],"product_cat":[66],"product_tag":[19,34,70,68,43],"class_list":{"0":"post-569","1":"product","2":"type-product","3":"status-publish","4":"has-post-thumbnail","6":"product_cat-welle","7":"product_tag-drapak","8":"product_tag-drapak-dla-kotow","9":"product_tag-prezent","10":"product_tag-swieta","11":"product_tag-tektura","13":"first","14":"instock","15":"taxable","16":"shipping-taxable","17":"purchasable","18":"product-type-simple"},"acf":[],"yoast_head":"<!-- This site is optimized with the Yoast SEO plugin v25.6 - https:\/\/yoast.com\/wordpress\/plugins\/seo\/ -->\n<title>\u015awi\u0105teczny drapak dla kota od House of Cats<\/title>\n<meta name=\"description\" content=\"Koty te\u017c zas\u0142uguj\u0105 na \u015bwi\u0105teczny prezent dlatego House of Cats stworzy\u0142o kolekcj\u0119 \u015bwi\u0105teczn\u0105 dla wszystkich kocich przyjaci\u00f3\u0142!\" \/>\n<meta name=\"robots\" content=\"index, follow, max-snippet:-1, max-image-preview:large, max-video-preview:-1\" \/>\n<link rel=\"canonical\" href=\"https:\/\/www.houseofcats.pl\/en\/sklep\/welle\/\" \/>\n<meta property=\"og:locale\" content=\"en_US\" \/>\n<meta property=\"og:type\" content=\"article\" \/>\n<meta property=\"og:title\" content=\"\u015awi\u0105teczny drapak dla kota od House of Cats\" \/>\n<meta property=\"og:description\" content=\"Koty te\u017c zas\u0142uguj\u0105 na \u015bwi\u0105teczny prezent dlatego House of Cats stworzy\u0142o kolekcj\u0119 \u015bwi\u0105teczn\u0105 dla wszystkich kocich przyjaci\u00f3\u0142!\" \/>\n<meta property=\"og:url\" content=\"https:\/\/www.houseofcats.pl\/en\/sklep\/welle\/\" \/>\n<meta property=\"og:site_name\" content=\"Sklep internetowy House of Cats\" \/>\n<meta property=\"article:publisher\" content=\"https:\/\/www.facebook.com\/houseofcatspl\" \/>\n<meta property=\"article:modified_time\" content=\"2025-10-28T11:49:46+00:00\" \/>\n<meta property=\"og:image\" content=\"https:\/\/www.houseofcats.pl\/wp-content\/uploads\/2016\/11\/813B4721-FE5F-4EE3-8C6B-3606CF36840B_1_201_a.jpeg\" \/>\n\t<meta property=\"og:image:width\" content=\"1920\" \/>\n\t<meta property=\"og:image:height\" content=\"1920\" \/>\n\t<meta property=\"og:image:type\" content=\"image\/jpeg\" \/>\n<meta name=\"twitter:card\" content=\"summary_large_image\" \/>\n<meta name=\"twitter:label1\" content=\"Est. reading time\" \/>\n\t<meta name=\"twitter:data1\" content=\"1 minute\" \/>\n<script type=\"application\/ld+json\" class=\"yoast-schema-graph\">{\"@context\":\"https:\/\/schema.org\",\"@graph\":[{\"@type\":\"WebPage\",\"@id\":\"https:\/\/www.houseofcats.pl\/en\/sklep\/welle\/\",\"url\":\"https:\/\/www.houseofcats.pl\/en\/sklep\/welle\/\",\"name\":\"\u015awi\u0105teczny drapak dla kota od House of Cats\",\"isPartOf\":{\"@id\":\"https:\/\/www.houseofcats.pl\/en\/#website\"},\"primaryImageOfPage\":{\"@id\":\"https:\/\/www.houseofcats.pl\/en\/sklep\/welle\/#primaryimage\"},\"image\":{\"@id\":\"https:\/\/www.houseofcats.pl\/en\/sklep\/welle\/#primaryimage\"},\"thumbnailUrl\":\"https:\/\/www.houseofcats.pl\/wp-content\/uploads\/2016\/11\/813B4721-FE5F-4EE3-8C6B-3606CF36840B_1_201_a.jpeg\",\"datePublished\":\"2016-11-03T08:20:29+00:00\",\"dateModified\":\"2025-10-28T11:49:46+00:00\",\"description\":\"Koty te\u017c zas\u0142uguj\u0105 na \u015bwi\u0105teczny prezent dlatego House of Cats stworzy\u0142o kolekcj\u0119 \u015bwi\u0105teczn\u0105 dla wszystkich kocich przyjaci\u00f3\u0142!\",\"breadcrumb\":{\"@id\":\"https:\/\/www.houseofcats.pl\/en\/sklep\/welle\/#breadcrumb\"},\"inLanguage\":\"en-US\",\"potentialAction\":[{\"@type\":\"ReadAction\",\"target\":[\"https:\/\/www.houseofcats.pl\/en\/sklep\/welle\/\"]}]},{\"@type\":\"ImageObject\",\"inLanguage\":\"en-US\",\"@id\":\"https:\/\/www.houseofcats.pl\/en\/sklep\/welle\/#primaryimage\",\"url\":\"https:\/\/www.houseofcats.pl\/wp-content\/uploads\/2016\/11\/813B4721-FE5F-4EE3-8C6B-3606CF36840B_1_201_a.jpeg\",\"contentUrl\":\"https:\/\/www.houseofcats.pl\/wp-content\/uploads\/2016\/11\/813B4721-FE5F-4EE3-8C6B-3606CF36840B_1_201_a.jpeg\",\"width\":1920,\"height\":1920},{\"@type\":\"BreadcrumbList\",\"@id\":\"https:\/\/www.houseofcats.pl\/en\/sklep\/welle\/#breadcrumb\",\"itemListElement\":[{\"@type\":\"ListItem\",\"position\":1,\"name\":\"Strona g\u0142\u00f3wna\",\"item\":\"https:\/\/www.houseofcats.pl\/en\/\"},{\"@type\":\"ListItem\",\"position\":2,\"name\":\"Sklep\",\"item\":\"https:\/\/www.houseofcats.pl\/sklep\/\"},{\"@type\":\"ListItem\",\"position\":3,\"name\":\"Drapak dla kota Welle Christmas II\"}]},{\"@type\":\"WebSite\",\"@id\":\"https:\/\/www.houseofcats.pl\/en\/#website\",\"url\":\"https:\/\/www.houseofcats.pl\/en\/\",\"name\":\"Sklep internetowy House of Cats\",\"description\":\"Drapaki dla kot\u00f3w\",\"publisher\":{\"@id\":\"https:\/\/www.houseofcats.pl\/en\/#organization\"},\"potentialAction\":[{\"@type\":\"SearchAction\",\"target\":{\"@type\":\"EntryPoint\",\"urlTemplate\":\"https:\/\/www.houseofcats.pl\/en\/?s={search_term_string}\"},\"query-input\":{\"@type\":\"PropertyValueSpecification\",\"valueRequired\":true,\"valueName\":\"search_term_string\"}}],\"inLanguage\":\"en-US\"},{\"@type\":\"Organization\",\"@id\":\"https:\/\/www.houseofcats.pl\/en\/#organization\",\"name\":\"Sklep internetowy House of Cats\",\"url\":\"https:\/\/www.houseofcats.pl\/en\/\",\"logo\":{\"@type\":\"ImageObject\",\"inLanguage\":\"en-US\",\"@id\":\"https:\/\/www.houseofcats.pl\/en\/#\/schema\/logo\/image\/\",\"url\":\"https:\/\/www.houseofcats.pl\/wp-content\/uploads\/2024\/07\/Zrzut-ekranu-2017-07-11-o-23.35.44.png\",\"contentUrl\":\"https:\/\/www.houseofcats.pl\/wp-content\/uploads\/2024\/07\/Zrzut-ekranu-2017-07-11-o-23.35.44.png\",\"width\":496,\"height\":474,\"caption\":\"Sklep internetowy House of Cats\"},\"image\":{\"@id\":\"https:\/\/www.houseofcats.pl\/en\/#\/schema\/logo\/image\/\"},\"sameAs\":[\"https:\/\/www.facebook.com\/houseofcatspl\",\"https:\/\/www.instagram.com\/houseofcats.pl\/\",\"https:\/\/www.youtube.com\/@houseofcats5403\"]}]}<\/script>\n<!-- \/ Yoast SEO plugin. -->","yoast_head_json":{"title":"\u015awi\u0105teczny drapak dla kota od House of Cats","description":"Koty te\u017c zas\u0142uguj\u0105 na \u015bwi\u0105teczny prezent dlatego House of Cats stworzy\u0142o kolekcj\u0119 \u015bwi\u0105teczn\u0105 dla wszystkich kocich przyjaci\u00f3\u0142!","robots":{"index":"index","follow":"follow","max-snippet":"max-snippet:-1","max-image-preview":"max-image-preview:large","max-video-preview":"max-video-preview:-1"},"canonical":"https:\/\/www.houseofcats.pl\/en\/sklep\/welle\/","og_locale":"en_US","og_type":"article","og_title":"\u015awi\u0105teczny drapak dla kota od House of Cats","og_description":"Koty te\u017c zas\u0142uguj\u0105 na \u015bwi\u0105teczny prezent dlatego House of Cats stworzy\u0142o kolekcj\u0119 \u015bwi\u0105teczn\u0105 dla wszystkich kocich przyjaci\u00f3\u0142!","og_url":"https:\/\/www.houseofcats.pl\/en\/sklep\/welle\/","og_site_name":"Sklep internetowy House of Cats","article_publisher":"https:\/\/www.facebook.com\/houseofcatspl","article_modified_time":"2025-10-28T11:49:46+00:00","og_image":[{"width":1920,"height":1920,"url":"https:\/\/www.houseofcats.pl\/wp-content\/uploads\/2016\/11\/813B4721-FE5F-4EE3-8C6B-3606CF36840B_1_201_a.jpeg","type":"image\/jpeg"}],"twitter_card":"summary_large_image","twitter_misc":{"Est. reading time":"1 minute"},"schema":{"@context":"https:\/\/schema.org","@graph":[{"@type":"WebPage","@id":"https:\/\/www.houseofcats.pl\/en\/sklep\/welle\/","url":"https:\/\/www.houseofcats.pl\/en\/sklep\/welle\/","name":"\u015awi\u0105teczny drapak dla kota od House of Cats","isPartOf":{"@id":"https:\/\/www.houseofcats.pl\/en\/#website"},"primaryImageOfPage":{"@id":"https:\/\/www.houseofcats.pl\/en\/sklep\/welle\/#primaryimage"},"image":{"@id":"https:\/\/www.houseofcats.pl\/en\/sklep\/welle\/#primaryimage"},"thumbnailUrl":"https:\/\/www.houseofcats.pl\/wp-content\/uploads\/2016\/11\/813B4721-FE5F-4EE3-8C6B-3606CF36840B_1_201_a.jpeg","datePublished":"2016-11-03T08:20:29+00:00","dateModified":"2025-10-28T11:49:46+00:00","description":"Koty te\u017c zas\u0142uguj\u0105 na \u015bwi\u0105teczny prezent dlatego House of Cats stworzy\u0142o kolekcj\u0119 \u015bwi\u0105teczn\u0105 dla wszystkich kocich przyjaci\u00f3\u0142!","breadcrumb":{"@id":"https:\/\/www.houseofcats.pl\/en\/sklep\/welle\/#breadcrumb"},"inLanguage":"en-US","potentialAction":[{"@type":"ReadAction","target":["https:\/\/www.houseofcats.pl\/en\/sklep\/welle\/"]}]},{"@type":"ImageObject","inLanguage":"en-US","@id":"https:\/\/www.houseofcats.pl\/en\/sklep\/welle\/#primaryimage","url":"https:\/\/www.houseofcats.pl\/wp-content\/uploads\/2016\/11\/813B4721-FE5F-4EE3-8C6B-3606CF36840B_1_201_a.jpeg","contentUrl":"https:\/\/www.houseofcats.pl\/wp-content\/uploads\/2016\/11\/813B4721-FE5F-4EE3-8C6B-3606CF36840B_1_201_a.jpeg","width":1920,"height":1920},{"@type":"BreadcrumbList","@id":"https:\/\/www.houseofcats.pl\/en\/sklep\/welle\/#breadcrumb","itemListElement":[{"@type":"ListItem","position":1,"name":"Strona g\u0142\u00f3wna","item":"https:\/\/www.houseofcats.pl\/en\/"},{"@type":"ListItem","position":2,"name":"Sklep","item":"https:\/\/www.houseofcats.pl\/sklep\/"},{"@type":"ListItem","position":3,"name":"Drapak dla kota Welle Christmas II"}]},{"@type":"WebSite","@id":"https:\/\/www.houseofcats.pl\/en\/#website","url":"https:\/\/www.houseofcats.pl\/en\/","name":"Sklep internetowy House of Cats","description":"Drapaki dla kot\u00f3w","publisher":{"@id":"https:\/\/www.houseofcats.pl\/en\/#organization"},"potentialAction":[{"@type":"SearchAction","target":{"@type":"EntryPoint","urlTemplate":"https:\/\/www.houseofcats.pl\/en\/?s={search_term_string}"},"query-input":{"@type":"PropertyValueSpecification","valueRequired":true,"valueName":"search_term_string"}}],"inLanguage":"en-US"},{"@type":"Organization","@id":"https:\/\/www.houseofcats.pl\/en\/#organization","name":"Sklep internetowy House of Cats","url":"https:\/\/www.houseofcats.pl\/en\/","logo":{"@type":"ImageObject","inLanguage":"en-US","@id":"https:\/\/www.houseofcats.pl\/en\/#\/schema\/logo\/image\/","url":"https:\/\/www.houseofcats.pl\/wp-content\/uploads\/2024\/07\/Zrzut-ekranu-2017-07-11-o-23.35.44.png","contentUrl":"https:\/\/www.houseofcats.pl\/wp-content\/uploads\/2024\/07\/Zrzut-ekranu-2017-07-11-o-23.35.44.png","width":496,"height":474,"caption":"Sklep internetowy House of Cats"},"image":{"@id":"https:\/\/www.houseofcats.pl\/en\/#\/schema\/logo\/image\/"},"sameAs":["https:\/\/www.facebook.com\/houseofcatspl","https:\/\/www.instagram.com\/houseofcats.pl\/","https:\/\/www.youtube.com\/@houseofcats5403"]}]}},"_links":{"self":[{"href":"https:\/\/www.houseofcats.pl\/en\/wp-json\/wp\/v2\/product\/569"}],"collection":[{"href":"https:\/\/www.houseofcats.pl\/en\/wp-json\/wp\/v2\/product"}],"about":[{"href":"https:\/\/www.houseofcats.pl\/en\/wp-json\/wp\/v2\/types\/product"}],"wp:featuredmedia":[{"embeddable":true,"href":"https:\/\/www.houseofcats.pl\/en\/wp-json\/wp\/v2\/media\/3241"}],"wp:attachment":[{"href":"https:\/\/www.houseofcats.pl\/en\/wp-json\/wp\/v2\/media?parent=569"}],"wp:term":[{"taxonomy":"product_brand","embeddable":true,"href":"https:\/\/www.houseofcats.pl\/en\/wp-json\/wp\/v2\/product_brand?post=569"},{"taxonomy":"product_cat","embeddable":true,"href":"https:\/\/www.houseofcats.pl\/en\/wp-json\/wp\/v2\/product_cat?post=569"},{"taxonomy":"product_tag","embeddable":true,"href":"https:\/\/www.houseofcats.pl\/en\/wp-json\/wp\/v2\/product_tag?post=569"}],"curies":[{"name":"wp","href":"https:\/\/api.w.org\/{rel}","templated":true}]}}