{"id":5802,"date":"2023-12-26T17:49:49","date_gmt":"2023-12-26T16:49:49","guid":{"rendered":"https:\/\/www.houseofcats.pl\/?post_type=product&#038;p=5802"},"modified":"2025-03-23T22:41:34","modified_gmt":"2025-03-23T21:41:34","slug":"drapak-tekturowy-dla-kota","status":"publish","type":"product","link":"https:\/\/www.houseofcats.pl\/en\/sklep\/drapak-tekturowy-dla-kota\/","title":{"rendered":"Drapak dla kota Chaser"},"content":{"rendered":"<p>Odkryj now\u0105 er\u0119 zabawy dla Twojego kota dzi\u0119ki naszemu innowacyjnemu drapakowi tekturowemu, kt\u00f3ry nie tylko zaspokoi naturalne instynkty drapie\u017cnika, ale tak\u017ce zapewni mu niezapomniane chwile rozrywki. Nasz drapak to owoc zaawansowanej technologii ci\u0119cia tektury, kt\u00f3ra nadaje mu delikatn\u0105, zamszow\u0105 powierzchni\u0119, idealn\u0105 do intensywnego drapania.<\/p>\n<h3>Walcowanie i bieganie<\/h3>\n<p><b><\/b>To doskona\u0142a forma naturalnej aktywno\u015bci, kt\u00f3ra pomaga utrzyma\u0107 zdrowie kociego aparatu ruchowego. Kszta\u0142t walca zach\u0119ca do radosnych chwil przewracania i walcowania. Tw\u00f3j kot mo\u017ce u\u017cywa\u0107 drapaka jako towarzysza do spontanicznych sesji gimnastycznych.<\/p>\n<hr \/>\n<p>Wymiary drapak\u00f3w Chaser: G\u0142: 17 cm, Sz: 42 cm, W: 17 cm<\/p>\n<p>Waga 1,1 kg<\/p>\n","protected":false},"excerpt":{"rendered":"<p>Odkryj, jak Chaser staje si\u0119 o\u015brodkiem aktywno\u015bci i rado\u015bci dla Twojego kota. Zaprojektowany z my\u015bl\u0105 o interaktywnej zabawie, Chaser to nie tylko drapak \u2013 to ekscytuj\u0105ce do\u015bwiadczenie, kt\u00f3re wzbogaci \u017cycie Twojego futrzaka. Skorzystaj z tej nowoczesnej formy rozrywki i spraw, by zabawa z kotem by\u0142a teraz bardziej porywaj\u0105ca ni\u017c kiedykolwiek wcze\u015bniej.<\/p>\n<p>Wysy\u0142ka w 24h<br \/>\nKoszt dostawy \u2013 17 z\u0142<br \/>\nDarmowa wysy\u0142ka od 350 z\u0142<\/p>\n","protected":false},"featured_media":6055,"template":"","meta":{"_acf_changed":false},"product_brand":[],"product_cat":[387],"product_tag":[30],"class_list":{"0":"post-5802","1":"product","2":"type-product","3":"status-publish","4":"has-post-thumbnail","6":"product_cat-promocje","7":"product_tag-drapaki-dla-kotow","9":"first","10":"instock","11":"sale","12":"taxable","13":"shipping-taxable","14":"purchasable","15":"product-type-simple"},"acf":[],"yoast_head":"<!-- This site is optimized with the Yoast SEO plugin v25.6 - https:\/\/yoast.com\/wordpress\/plugins\/seo\/ -->\n<title>Drapak dla kota Chaser | Sklep internetowy House of Cats<\/title>\n<meta name=\"description\" content=\"Drapak Chaser to drapak i doskona\u0142a forma naturalnej aktywno\u015bci, kt\u00f3ra pomaga utrzyma\u0107 zdrowie kociego aparatu ruchowego.\" \/>\n<meta name=\"robots\" content=\"index, follow, max-snippet:-1, max-image-preview:large, max-video-preview:-1\" \/>\n<link rel=\"canonical\" href=\"https:\/\/www.houseofcats.pl\/en\/sklep\/drapak-tekturowy-dla-kota\/\" \/>\n<meta property=\"og:locale\" content=\"en_US\" \/>\n<meta property=\"og:type\" content=\"article\" \/>\n<meta property=\"og:title\" content=\"Drapak dla kota Chaser | Sklep internetowy House of Cats\" \/>\n<meta property=\"og:description\" content=\"Drapak Chaser to drapak i doskona\u0142a forma naturalnej aktywno\u015bci, kt\u00f3ra pomaga utrzyma\u0107 zdrowie kociego aparatu ruchowego.\" \/>\n<meta property=\"og:url\" content=\"https:\/\/www.houseofcats.pl\/en\/sklep\/drapak-tekturowy-dla-kota\/\" \/>\n<meta property=\"og:site_name\" content=\"Sklep internetowy House of Cats\" \/>\n<meta property=\"article:publisher\" content=\"https:\/\/www.facebook.com\/houseofcatspl\" \/>\n<meta property=\"article:modified_time\" content=\"2025-03-23T21:41:34+00:00\" \/>\n<meta property=\"og:image\" content=\"https:\/\/www.houseofcats.pl\/wp-content\/uploads\/2023\/12\/32D27A99-3064-47D1-8E05-74BE8478A347_1_201_a-1.jpeg\" \/>\n\t<meta property=\"og:image:width\" content=\"640\" \/>\n\t<meta property=\"og:image:height\" content=\"640\" \/>\n\t<meta property=\"og:image:type\" content=\"image\/jpeg\" \/>\n<meta name=\"twitter:card\" content=\"summary_large_image\" \/>\n<meta name=\"twitter:label1\" content=\"Est. reading time\" \/>\n\t<meta name=\"twitter:data1\" content=\"1 minute\" \/>\n<script type=\"application\/ld+json\" class=\"yoast-schema-graph\">{\"@context\":\"https:\/\/schema.org\",\"@graph\":[{\"@type\":\"WebPage\",\"@id\":\"https:\/\/www.houseofcats.pl\/en\/sklep\/drapak-tekturowy-dla-kota\/\",\"url\":\"https:\/\/www.houseofcats.pl\/en\/sklep\/drapak-tekturowy-dla-kota\/\",\"name\":\"Drapak dla kota Chaser | Sklep internetowy House of Cats\",\"isPartOf\":{\"@id\":\"https:\/\/www.houseofcats.pl\/en\/#website\"},\"primaryImageOfPage\":{\"@id\":\"https:\/\/www.houseofcats.pl\/en\/sklep\/drapak-tekturowy-dla-kota\/#primaryimage\"},\"image\":{\"@id\":\"https:\/\/www.houseofcats.pl\/en\/sklep\/drapak-tekturowy-dla-kota\/#primaryimage\"},\"thumbnailUrl\":\"https:\/\/www.houseofcats.pl\/wp-content\/uploads\/2023\/12\/32D27A99-3064-47D1-8E05-74BE8478A347_1_201_a-1.jpeg\",\"datePublished\":\"2023-12-26T16:49:49+00:00\",\"dateModified\":\"2025-03-23T21:41:34+00:00\",\"description\":\"Drapak Chaser to drapak i doskona\u0142a forma naturalnej aktywno\u015bci, kt\u00f3ra pomaga utrzyma\u0107 zdrowie kociego aparatu ruchowego.\",\"breadcrumb\":{\"@id\":\"https:\/\/www.houseofcats.pl\/en\/sklep\/drapak-tekturowy-dla-kota\/#breadcrumb\"},\"inLanguage\":\"en-US\",\"potentialAction\":[{\"@type\":\"ReadAction\",\"target\":[\"https:\/\/www.houseofcats.pl\/en\/sklep\/drapak-tekturowy-dla-kota\/\"]}]},{\"@type\":\"ImageObject\",\"inLanguage\":\"en-US\",\"@id\":\"https:\/\/www.houseofcats.pl\/en\/sklep\/drapak-tekturowy-dla-kota\/#primaryimage\",\"url\":\"https:\/\/www.houseofcats.pl\/wp-content\/uploads\/2023\/12\/32D27A99-3064-47D1-8E05-74BE8478A347_1_201_a-1.jpeg\",\"contentUrl\":\"https:\/\/www.houseofcats.pl\/wp-content\/uploads\/2023\/12\/32D27A99-3064-47D1-8E05-74BE8478A347_1_201_a-1.jpeg\",\"width\":640,\"height\":640},{\"@type\":\"BreadcrumbList\",\"@id\":\"https:\/\/www.houseofcats.pl\/en\/sklep\/drapak-tekturowy-dla-kota\/#breadcrumb\",\"itemListElement\":[{\"@type\":\"ListItem\",\"position\":1,\"name\":\"Strona g\u0142\u00f3wna\",\"item\":\"https:\/\/www.houseofcats.pl\/en\/\"},{\"@type\":\"ListItem\",\"position\":2,\"name\":\"Sklep\",\"item\":\"https:\/\/www.houseofcats.pl\/sklep\/\"},{\"@type\":\"ListItem\",\"position\":3,\"name\":\"Drapak dla kota Chaser\"}]},{\"@type\":\"WebSite\",\"@id\":\"https:\/\/www.houseofcats.pl\/en\/#website\",\"url\":\"https:\/\/www.houseofcats.pl\/en\/\",\"name\":\"Sklep internetowy House of Cats\",\"description\":\"Drapaki dla kot\u00f3w\",\"publisher\":{\"@id\":\"https:\/\/www.houseofcats.pl\/en\/#organization\"},\"potentialAction\":[{\"@type\":\"SearchAction\",\"target\":{\"@type\":\"EntryPoint\",\"urlTemplate\":\"https:\/\/www.houseofcats.pl\/en\/?s={search_term_string}\"},\"query-input\":{\"@type\":\"PropertyValueSpecification\",\"valueRequired\":true,\"valueName\":\"search_term_string\"}}],\"inLanguage\":\"en-US\"},{\"@type\":\"Organization\",\"@id\":\"https:\/\/www.houseofcats.pl\/en\/#organization\",\"name\":\"Sklep internetowy House of Cats\",\"url\":\"https:\/\/www.houseofcats.pl\/en\/\",\"logo\":{\"@type\":\"ImageObject\",\"inLanguage\":\"en-US\",\"@id\":\"https:\/\/www.houseofcats.pl\/en\/#\/schema\/logo\/image\/\",\"url\":\"https:\/\/www.houseofcats.pl\/wp-content\/uploads\/2024\/07\/Zrzut-ekranu-2017-07-11-o-23.35.44.png\",\"contentUrl\":\"https:\/\/www.houseofcats.pl\/wp-content\/uploads\/2024\/07\/Zrzut-ekranu-2017-07-11-o-23.35.44.png\",\"width\":496,\"height\":474,\"caption\":\"Sklep internetowy House of Cats\"},\"image\":{\"@id\":\"https:\/\/www.houseofcats.pl\/en\/#\/schema\/logo\/image\/\"},\"sameAs\":[\"https:\/\/www.facebook.com\/houseofcatspl\",\"https:\/\/www.instagram.com\/houseofcats.pl\/\",\"https:\/\/www.youtube.com\/@houseofcats5403\"]}]}<\/script>\n<!-- \/ Yoast SEO plugin. -->","yoast_head_json":{"title":"Drapak dla kota Chaser | Sklep internetowy House of Cats","description":"Drapak Chaser to drapak i doskona\u0142a forma naturalnej aktywno\u015bci, kt\u00f3ra pomaga utrzyma\u0107 zdrowie kociego aparatu ruchowego.","robots":{"index":"index","follow":"follow","max-snippet":"max-snippet:-1","max-image-preview":"max-image-preview:large","max-video-preview":"max-video-preview:-1"},"canonical":"https:\/\/www.houseofcats.pl\/en\/sklep\/drapak-tekturowy-dla-kota\/","og_locale":"en_US","og_type":"article","og_title":"Drapak dla kota Chaser | Sklep internetowy House of Cats","og_description":"Drapak Chaser to drapak i doskona\u0142a forma naturalnej aktywno\u015bci, kt\u00f3ra pomaga utrzyma\u0107 zdrowie kociego aparatu ruchowego.","og_url":"https:\/\/www.houseofcats.pl\/en\/sklep\/drapak-tekturowy-dla-kota\/","og_site_name":"Sklep internetowy House of Cats","article_publisher":"https:\/\/www.facebook.com\/houseofcatspl","article_modified_time":"2025-03-23T21:41:34+00:00","og_image":[{"width":640,"height":640,"url":"https:\/\/www.houseofcats.pl\/wp-content\/uploads\/2023\/12\/32D27A99-3064-47D1-8E05-74BE8478A347_1_201_a-1.jpeg","type":"image\/jpeg"}],"twitter_card":"summary_large_image","twitter_misc":{"Est. reading time":"1 minute"},"schema":{"@context":"https:\/\/schema.org","@graph":[{"@type":"WebPage","@id":"https:\/\/www.houseofcats.pl\/en\/sklep\/drapak-tekturowy-dla-kota\/","url":"https:\/\/www.houseofcats.pl\/en\/sklep\/drapak-tekturowy-dla-kota\/","name":"Drapak dla kota Chaser | Sklep internetowy House of Cats","isPartOf":{"@id":"https:\/\/www.houseofcats.pl\/en\/#website"},"primaryImageOfPage":{"@id":"https:\/\/www.houseofcats.pl\/en\/sklep\/drapak-tekturowy-dla-kota\/#primaryimage"},"image":{"@id":"https:\/\/www.houseofcats.pl\/en\/sklep\/drapak-tekturowy-dla-kota\/#primaryimage"},"thumbnailUrl":"https:\/\/www.houseofcats.pl\/wp-content\/uploads\/2023\/12\/32D27A99-3064-47D1-8E05-74BE8478A347_1_201_a-1.jpeg","datePublished":"2023-12-26T16:49:49+00:00","dateModified":"2025-03-23T21:41:34+00:00","description":"Drapak Chaser to drapak i doskona\u0142a forma naturalnej aktywno\u015bci, kt\u00f3ra pomaga utrzyma\u0107 zdrowie kociego aparatu ruchowego.","breadcrumb":{"@id":"https:\/\/www.houseofcats.pl\/en\/sklep\/drapak-tekturowy-dla-kota\/#breadcrumb"},"inLanguage":"en-US","potentialAction":[{"@type":"ReadAction","target":["https:\/\/www.houseofcats.pl\/en\/sklep\/drapak-tekturowy-dla-kota\/"]}]},{"@type":"ImageObject","inLanguage":"en-US","@id":"https:\/\/www.houseofcats.pl\/en\/sklep\/drapak-tekturowy-dla-kota\/#primaryimage","url":"https:\/\/www.houseofcats.pl\/wp-content\/uploads\/2023\/12\/32D27A99-3064-47D1-8E05-74BE8478A347_1_201_a-1.jpeg","contentUrl":"https:\/\/www.houseofcats.pl\/wp-content\/uploads\/2023\/12\/32D27A99-3064-47D1-8E05-74BE8478A347_1_201_a-1.jpeg","width":640,"height":640},{"@type":"BreadcrumbList","@id":"https:\/\/www.houseofcats.pl\/en\/sklep\/drapak-tekturowy-dla-kota\/#breadcrumb","itemListElement":[{"@type":"ListItem","position":1,"name":"Strona g\u0142\u00f3wna","item":"https:\/\/www.houseofcats.pl\/en\/"},{"@type":"ListItem","position":2,"name":"Sklep","item":"https:\/\/www.houseofcats.pl\/sklep\/"},{"@type":"ListItem","position":3,"name":"Drapak dla kota Chaser"}]},{"@type":"WebSite","@id":"https:\/\/www.houseofcats.pl\/en\/#website","url":"https:\/\/www.houseofcats.pl\/en\/","name":"Sklep internetowy House of Cats","description":"Drapaki dla kot\u00f3w","publisher":{"@id":"https:\/\/www.houseofcats.pl\/en\/#organization"},"potentialAction":[{"@type":"SearchAction","target":{"@type":"EntryPoint","urlTemplate":"https:\/\/www.houseofcats.pl\/en\/?s={search_term_string}"},"query-input":{"@type":"PropertyValueSpecification","valueRequired":true,"valueName":"search_term_string"}}],"inLanguage":"en-US"},{"@type":"Organization","@id":"https:\/\/www.houseofcats.pl\/en\/#organization","name":"Sklep internetowy House of Cats","url":"https:\/\/www.houseofcats.pl\/en\/","logo":{"@type":"ImageObject","inLanguage":"en-US","@id":"https:\/\/www.houseofcats.pl\/en\/#\/schema\/logo\/image\/","url":"https:\/\/www.houseofcats.pl\/wp-content\/uploads\/2024\/07\/Zrzut-ekranu-2017-07-11-o-23.35.44.png","contentUrl":"https:\/\/www.houseofcats.pl\/wp-content\/uploads\/2024\/07\/Zrzut-ekranu-2017-07-11-o-23.35.44.png","width":496,"height":474,"caption":"Sklep internetowy House of Cats"},"image":{"@id":"https:\/\/www.houseofcats.pl\/en\/#\/schema\/logo\/image\/"},"sameAs":["https:\/\/www.facebook.com\/houseofcatspl","https:\/\/www.instagram.com\/houseofcats.pl\/","https:\/\/www.youtube.com\/@houseofcats5403"]}]}},"_links":{"self":[{"href":"https:\/\/www.houseofcats.pl\/en\/wp-json\/wp\/v2\/product\/5802"}],"collection":[{"href":"https:\/\/www.houseofcats.pl\/en\/wp-json\/wp\/v2\/product"}],"about":[{"href":"https:\/\/www.houseofcats.pl\/en\/wp-json\/wp\/v2\/types\/product"}],"wp:featuredmedia":[{"embeddable":true,"href":"https:\/\/www.houseofcats.pl\/en\/wp-json\/wp\/v2\/media\/6055"}],"wp:attachment":[{"href":"https:\/\/www.houseofcats.pl\/en\/wp-json\/wp\/v2\/media?parent=5802"}],"wp:term":[{"taxonomy":"product_brand","embeddable":true,"href":"https:\/\/www.houseofcats.pl\/en\/wp-json\/wp\/v2\/product_brand?post=5802"},{"taxonomy":"product_cat","embeddable":true,"href":"https:\/\/www.houseofcats.pl\/en\/wp-json\/wp\/v2\/product_cat?post=5802"},{"taxonomy":"product_tag","embeddable":true,"href":"https:\/\/www.houseofcats.pl\/en\/wp-json\/wp\/v2\/product_tag?post=5802"}],"curies":[{"name":"wp","href":"https:\/\/api.w.org\/{rel}","templated":true}]}}